{"id":58574,"date":"2023-02-27T17:24:31","date_gmt":"2023-02-27T16:24:31","guid":{"rendered":"http:\/\/shop.bantam.ch\/produit\/komplettschutz-hygiene-trio-fuer-frischwassersystem\/"},"modified":"2026-04-18T21:36:28","modified_gmt":"2026-04-18T19:36:28","slug":"komplettschutz-hygiene-trio-fuer-frischwassersystem","status":"publish","type":"product","link":"https:\/\/shop.bantam.ch\/de\/produkt\/komplettschutz-hygiene-trio-fuer-frischwassersystem\/","title":{"rendered":"Komplettschutz Hygiene Trio f\u00fcr Frischwassersystem"},"content":{"rendered":"<p>Komplettschutz f\u00fcr Ihr Frischwassersystem &#8211; F\u00fcr eine ganze Saison!<\/p>\n<p>Die Kombination der Produkte DEXDA Clean, KXpress und dem Silbernetz findet sowohl im Caravaning- u. Bootsbereich Anwendung, wie auch in anderen wasserf\u00fchrenden Systemen, bei denen die hygienische Sicherheit in Verbindung mit einfacher Handhabung eine gro\u00dfe Rolle spielt. Durch die gemeinsam anwendbare Reiniger-Kombination aus DEXDA Clean und KXpress entsteht gegen\u00fcber anderen Produkten eine erhebliche Zeit- und Arbeitsersparnis. Mit dem Silbernetz wird das Wasser sowie das Frischwassersystem effektiv vor einer Verkeimung gesch\u00fctzt.<br \/><strong>Jahresputz mit der Reiniger-Kombination DEXDA Clean &amp; KXpress:<\/strong><br \/>Das Desinfektionskonzentrat DEXDA Clean zur Reinigung (Biofilmentfernung) und Desinfektion entfernt zuverl\u00e4ssig Bakterienbel\u00e4ge, Pilze, Viren, Algen, Legionellen und Biofilme aus Tanks, Leitungen, Boilern etc. Dabei ist es 25x st\u00e4rker als Aktivsauerstoff (Wasserstoffperoxid), ein zugelassenes Desinfektionsverfahren gem\u00e4\u00df deutscher Trinkwasserverordnung und dabei pH-neutral in der Anwendung (sehr gut materialvertr\u00e4glich). Da das 2-Komponenten-System erst vor der Anwendung aktiviert wird, ergibt sich eine extra lange Haltbarkeit. Der kristalline Entkalker (250 ml) mit dem nat\u00fcrlichen Wirkstoff der Zitrone (reine Zitronens\u00e4ure) entkalkt Ihr komplettes Frischwassersystem und beseitigt dabei auch unangenehme Ger\u00fcche. Er ist mit einem Kindersicherungs-Verschluss versehen und ist auch zur effektiven Entkalkung von Wasserkochern und Kaffeemaschinen geeignet. Beide Produkte sind einzeln wie auch zusammen anwendbar.<br \/><strong>Automatische Wasserkonservierung mit dem Silbernetz:<\/strong><br \/>Reine Silberionen (Ag+) sorgen bei jeder neuen Tankf\u00fcllung f\u00fcr die automatische Konservierung des Frischwassers. Das Silbernetz garantiert eine kontrollierte Abgabe biozid wirkender Silberionen an das Wasser. Je nach Bestellvariante kann Wasser in Tanks bis zu 60 oder 160 Litern Tankinhalt konserviert werden &#8211; andere Gr\u00f6\u00dfen auf Anfrage. Die maximale Konservierungsleistung bei den genannten Tankgr\u00f6\u00dfen liegt bei max. 2500 bzw. 5000 Litern (bei 0,08mg Ag+\/l, abh\u00e4ngig vom Chloridgehalt des Wassers). Das Produkt sollte nach 12 Monaten gewechselt werden.<\/p>\n","protected":false},"excerpt":{"rendered":"<p>Komplettschutz f\u00fcr Ihr Frischwassersystem &#8211; F\u00fcr eine ganze Saison! Die Kombination der Produkte DEXDA Clean, KXpress und dem Silbernetz findet sowohl im Caravaning- u. Bootsbereich Anwendung, wie auch in anderen wasserf\u00fchrenden Systemen, bei denen die hygienische Sicherheit in Verbindung mit einfacher Handhabung eine gro\u00dfe Rolle spielt. Durch die gemeinsam anwendbare Reiniger-Kombination aus DEXDA Clean und [&hellip;]<\/p>\n","protected":false},"featured_media":58558,"template":"","meta":{"_acf_changed":false},"product_featured_cat":[],"product_brand":[3275],"product_cat":[4610],"product_tag":[],"class_list":{"0":"post-58574","1":"product","2":"type-product","3":"status-publish","4":"has-post-thumbnail","6":"product_brand-wm-aquatec-de","7":"product_cat-hygienesets","9":"first","10":"instock","11":"taxable","12":"shipping-taxable","13":"purchasable","14":"product-type-variable"},"acf":[],"yoast_head":"<!-- This site is optimized with the Yoast SEO plugin v27.4 - https:\/\/yoast.com\/product\/yoast-seo-wordpress\/ -->\n<title>Komplettschutz Hygiene Trio f\u00fcr Frischwassersystem - Bantam Camping AG<\/title>\n<meta name=\"robots\" content=\"index, follow, max-snippet:-1, max-image-preview:large, max-video-preview:-1\" \/>\n<link rel=\"canonical\" href=\"https:\/\/shop.bantam.ch\/de\/produkt\/komplettschutz-hygiene-trio-fuer-frischwassersystem\/\" \/>\n<meta property=\"og:locale\" content=\"de_DE\" \/>\n<meta property=\"og:type\" content=\"article\" \/>\n<meta property=\"og:title\" content=\"Komplettschutz Hygiene Trio f\u00fcr Frischwassersystem - Bantam Camping AG\" \/>\n<meta property=\"og:description\" content=\"Komplettschutz f\u00fcr Ihr Frischwassersystem &#8211; F\u00fcr eine ganze Saison! Die Kombination der Produkte DEXDA Clean, KXpress und dem Silbernetz findet sowohl im Caravaning- u. Bootsbereich Anwendung, wie auch in anderen wasserf\u00fchrenden Systemen, bei denen die hygienische Sicherheit in Verbindung mit einfacher Handhabung eine gro\u00dfe Rolle spielt. Durch die gemeinsam anwendbare Reiniger-Kombination aus DEXDA Clean und [&hellip;]\" \/>\n<meta property=\"og:url\" content=\"https:\/\/shop.bantam.ch\/de\/produkt\/komplettschutz-hygiene-trio-fuer-frischwassersystem\/\" \/>\n<meta property=\"og:site_name\" content=\"Bantam Camping AG\" \/>\n<meta property=\"article:modified_time\" content=\"2026-04-18T19:36:28+00:00\" \/>\n<meta property=\"og:image\" content=\"https:\/\/shop.bantam.ch\/wp-content\/uploads\/2023\/02\/991668411-1.jpg\" \/>\n\t<meta property=\"og:image:width\" content=\"651\" \/>\n\t<meta property=\"og:image:height\" content=\"1000\" \/>\n\t<meta property=\"og:image:type\" content=\"image\/jpeg\" \/>\n<meta name=\"twitter:card\" content=\"summary_large_image\" \/>\n<meta name=\"twitter:label1\" content=\"Gesch\u00e4tzte Lesezeit\" \/>\n\t<meta name=\"twitter:data1\" content=\"1\u00a0Minute\" \/>\n<script type=\"application\/ld+json\" class=\"yoast-schema-graph\">{\"@context\":\"https:\\\/\\\/schema.org\",\"@graph\":[{\"@type\":\"WebPage\",\"@id\":\"https:\\\/\\\/shop.bantam.ch\\\/de\\\/produkt\\\/komplettschutz-hygiene-trio-fuer-frischwassersystem\\\/\",\"url\":\"https:\\\/\\\/shop.bantam.ch\\\/de\\\/produkt\\\/komplettschutz-hygiene-trio-fuer-frischwassersystem\\\/\",\"name\":\"Komplettschutz Hygiene Trio f\u00fcr Frischwassersystem - Bantam Camping AG\",\"isPartOf\":{\"@id\":\"https:\\\/\\\/shop.bantam.ch\\\/de\\\/#website\"},\"primaryImageOfPage\":{\"@id\":\"https:\\\/\\\/shop.bantam.ch\\\/de\\\/produkt\\\/komplettschutz-hygiene-trio-fuer-frischwassersystem\\\/#primaryimage\"},\"image\":{\"@id\":\"https:\\\/\\\/shop.bantam.ch\\\/de\\\/produkt\\\/komplettschutz-hygiene-trio-fuer-frischwassersystem\\\/#primaryimage\"},\"thumbnailUrl\":\"https:\\\/\\\/shop.bantam.ch\\\/wp-content\\\/uploads\\\/2023\\\/02\\\/991668411-1.jpg\",\"datePublished\":\"2023-02-27T16:24:31+00:00\",\"dateModified\":\"2026-04-18T19:36:28+00:00\",\"breadcrumb\":{\"@id\":\"https:\\\/\\\/shop.bantam.ch\\\/de\\\/produkt\\\/komplettschutz-hygiene-trio-fuer-frischwassersystem\\\/#breadcrumb\"},\"inLanguage\":\"de\",\"potentialAction\":[{\"@type\":\"ReadAction\",\"target\":[\"https:\\\/\\\/shop.bantam.ch\\\/de\\\/produkt\\\/komplettschutz-hygiene-trio-fuer-frischwassersystem\\\/\"]}]},{\"@type\":\"ImageObject\",\"inLanguage\":\"de\",\"@id\":\"https:\\\/\\\/shop.bantam.ch\\\/de\\\/produkt\\\/komplettschutz-hygiene-trio-fuer-frischwassersystem\\\/#primaryimage\",\"url\":\"https:\\\/\\\/shop.bantam.ch\\\/wp-content\\\/uploads\\\/2023\\\/02\\\/991668411-1.jpg\",\"contentUrl\":\"https:\\\/\\\/shop.bantam.ch\\\/wp-content\\\/uploads\\\/2023\\\/02\\\/991668411-1.jpg\",\"width\":651,\"height\":1000},{\"@type\":\"BreadcrumbList\",\"@id\":\"https:\\\/\\\/shop.bantam.ch\\\/de\\\/produkt\\\/komplettschutz-hygiene-trio-fuer-frischwassersystem\\\/#breadcrumb\",\"itemListElement\":[{\"@type\":\"ListItem\",\"position\":1,\"name\":\"Accueil\",\"item\":\"https:\\\/\\\/shop.bantam.ch\\\/de\\\/\"},{\"@type\":\"ListItem\",\"position\":2,\"name\":\"Shop\",\"item\":\"https:\\\/\\\/shop.bantam.ch\\\/de\\\/shop\\\/\"},{\"@type\":\"ListItem\",\"position\":3,\"name\":\"Komplettschutz Hygiene Trio f\u00fcr Frischwassersystem\"}]},{\"@type\":\"WebSite\",\"@id\":\"https:\\\/\\\/shop.bantam.ch\\\/de\\\/#website\",\"url\":\"https:\\\/\\\/shop.bantam.ch\\\/de\\\/\",\"name\":\"Bantam Camping AG\",\"description\":\"\",\"publisher\":{\"@id\":\"https:\\\/\\\/shop.bantam.ch\\\/de\\\/#organization\"},\"inLanguage\":\"de\"},{\"@type\":\"Organization\",\"@id\":\"https:\\\/\\\/shop.bantam.ch\\\/de\\\/#organization\",\"name\":\"Bantam Camping AG\",\"url\":\"https:\\\/\\\/shop.bantam.ch\\\/de\\\/\",\"logo\":{\"@type\":\"ImageObject\",\"inLanguage\":\"de\",\"@id\":\"https:\\\/\\\/shop.bantam.ch\\\/de\\\/#\\\/schema\\\/logo\\\/image\\\/\",\"url\":\"https:\\\/\\\/shop.bantam.ch\\\/wp-content\\\/uploads\\\/2022\\\/12\\\/bantam-logo.png\",\"contentUrl\":\"https:\\\/\\\/shop.bantam.ch\\\/wp-content\\\/uploads\\\/2022\\\/12\\\/bantam-logo.png\",\"width\":320,\"height\":71,\"caption\":\"Bantam Camping AG\"},\"image\":{\"@id\":\"https:\\\/\\\/shop.bantam.ch\\\/de\\\/#\\\/schema\\\/logo\\\/image\\\/\"}}]}<\/script>\n<!-- \/ Yoast SEO plugin. -->","yoast_head_json":{"title":"Komplettschutz Hygiene Trio f\u00fcr Frischwassersystem - Bantam Camping AG","robots":{"index":"index","follow":"follow","max-snippet":"max-snippet:-1","max-image-preview":"max-image-preview:large","max-video-preview":"max-video-preview:-1"},"canonical":"https:\/\/shop.bantam.ch\/de\/produkt\/komplettschutz-hygiene-trio-fuer-frischwassersystem\/","og_locale":"de_DE","og_type":"article","og_title":"Komplettschutz Hygiene Trio f\u00fcr Frischwassersystem - Bantam Camping AG","og_description":"Komplettschutz f\u00fcr Ihr Frischwassersystem &#8211; F\u00fcr eine ganze Saison! Die Kombination der Produkte DEXDA Clean, KXpress und dem Silbernetz findet sowohl im Caravaning- u. Bootsbereich Anwendung, wie auch in anderen wasserf\u00fchrenden Systemen, bei denen die hygienische Sicherheit in Verbindung mit einfacher Handhabung eine gro\u00dfe Rolle spielt. Durch die gemeinsam anwendbare Reiniger-Kombination aus DEXDA Clean und [&hellip;]","og_url":"https:\/\/shop.bantam.ch\/de\/produkt\/komplettschutz-hygiene-trio-fuer-frischwassersystem\/","og_site_name":"Bantam Camping AG","article_modified_time":"2026-04-18T19:36:28+00:00","og_image":[{"width":651,"height":1000,"url":"https:\/\/shop.bantam.ch\/wp-content\/uploads\/2023\/02\/991668411-1.jpg","type":"image\/jpeg"}],"twitter_card":"summary_large_image","twitter_misc":{"Gesch\u00e4tzte Lesezeit":"1\u00a0Minute"},"schema":{"@context":"https:\/\/schema.org","@graph":[{"@type":"WebPage","@id":"https:\/\/shop.bantam.ch\/de\/produkt\/komplettschutz-hygiene-trio-fuer-frischwassersystem\/","url":"https:\/\/shop.bantam.ch\/de\/produkt\/komplettschutz-hygiene-trio-fuer-frischwassersystem\/","name":"Komplettschutz Hygiene Trio f\u00fcr Frischwassersystem - Bantam Camping AG","isPartOf":{"@id":"https:\/\/shop.bantam.ch\/de\/#website"},"primaryImageOfPage":{"@id":"https:\/\/shop.bantam.ch\/de\/produkt\/komplettschutz-hygiene-trio-fuer-frischwassersystem\/#primaryimage"},"image":{"@id":"https:\/\/shop.bantam.ch\/de\/produkt\/komplettschutz-hygiene-trio-fuer-frischwassersystem\/#primaryimage"},"thumbnailUrl":"https:\/\/shop.bantam.ch\/wp-content\/uploads\/2023\/02\/991668411-1.jpg","datePublished":"2023-02-27T16:24:31+00:00","dateModified":"2026-04-18T19:36:28+00:00","breadcrumb":{"@id":"https:\/\/shop.bantam.ch\/de\/produkt\/komplettschutz-hygiene-trio-fuer-frischwassersystem\/#breadcrumb"},"inLanguage":"de","potentialAction":[{"@type":"ReadAction","target":["https:\/\/shop.bantam.ch\/de\/produkt\/komplettschutz-hygiene-trio-fuer-frischwassersystem\/"]}]},{"@type":"ImageObject","inLanguage":"de","@id":"https:\/\/shop.bantam.ch\/de\/produkt\/komplettschutz-hygiene-trio-fuer-frischwassersystem\/#primaryimage","url":"https:\/\/shop.bantam.ch\/wp-content\/uploads\/2023\/02\/991668411-1.jpg","contentUrl":"https:\/\/shop.bantam.ch\/wp-content\/uploads\/2023\/02\/991668411-1.jpg","width":651,"height":1000},{"@type":"BreadcrumbList","@id":"https:\/\/shop.bantam.ch\/de\/produkt\/komplettschutz-hygiene-trio-fuer-frischwassersystem\/#breadcrumb","itemListElement":[{"@type":"ListItem","position":1,"name":"Accueil","item":"https:\/\/shop.bantam.ch\/de\/"},{"@type":"ListItem","position":2,"name":"Shop","item":"https:\/\/shop.bantam.ch\/de\/shop\/"},{"@type":"ListItem","position":3,"name":"Komplettschutz Hygiene Trio f\u00fcr Frischwassersystem"}]},{"@type":"WebSite","@id":"https:\/\/shop.bantam.ch\/de\/#website","url":"https:\/\/shop.bantam.ch\/de\/","name":"Bantam Camping AG","description":"","publisher":{"@id":"https:\/\/shop.bantam.ch\/de\/#organization"},"inLanguage":"de"},{"@type":"Organization","@id":"https:\/\/shop.bantam.ch\/de\/#organization","name":"Bantam Camping AG","url":"https:\/\/shop.bantam.ch\/de\/","logo":{"@type":"ImageObject","inLanguage":"de","@id":"https:\/\/shop.bantam.ch\/de\/#\/schema\/logo\/image\/","url":"https:\/\/shop.bantam.ch\/wp-content\/uploads\/2022\/12\/bantam-logo.png","contentUrl":"https:\/\/shop.bantam.ch\/wp-content\/uploads\/2022\/12\/bantam-logo.png","width":320,"height":71,"caption":"Bantam Camping AG"},"image":{"@id":"https:\/\/shop.bantam.ch\/de\/#\/schema\/logo\/image\/"}}]}},"_links":{"self":[{"href":"https:\/\/shop.bantam.ch\/de\/wp-json\/wp\/v2\/product\/58574","targetHints":{"allow":["GET"]}}],"collection":[{"href":"https:\/\/shop.bantam.ch\/de\/wp-json\/wp\/v2\/product"}],"about":[{"href":"https:\/\/shop.bantam.ch\/de\/wp-json\/wp\/v2\/types\/product"}],"wp:featuredmedia":[{"embeddable":true,"href":"https:\/\/shop.bantam.ch\/de\/wp-json\/wp\/v2\/media\/58558"}],"wp:attachment":[{"href":"https:\/\/shop.bantam.ch\/de\/wp-json\/wp\/v2\/media?parent=58574"}],"wp:term":[{"taxonomy":"product_featured_cat","embeddable":true,"href":"https:\/\/shop.bantam.ch\/de\/wp-json\/wp\/v2\/product_featured_cat?post=58574"},{"taxonomy":"product_brand","embeddable":true,"href":"https:\/\/shop.bantam.ch\/de\/wp-json\/wp\/v2\/product_brand?post=58574"},{"taxonomy":"product_cat","embeddable":true,"href":"https:\/\/shop.bantam.ch\/de\/wp-json\/wp\/v2\/product_cat?post=58574"},{"taxonomy":"product_tag","embeddable":true,"href":"https:\/\/shop.bantam.ch\/de\/wp-json\/wp\/v2\/product_tag?post=58574"}],"curies":[{"name":"wp","href":"https:\/\/api.w.org\/{rel}","templated":true}]}}