{"id":57722,"date":"2023-02-27T17:13:30","date_gmt":"2023-02-27T16:13:30","guid":{"rendered":"http:\/\/shop.bantam.ch\/produit\/batterie-dual-agm-ep\/"},"modified":"2026-04-17T21:00:36","modified_gmt":"2026-04-17T19:00:36","slug":"batterie-dual-agm-ep","status":"publish","type":"product","link":"https:\/\/shop.bantam.ch\/de\/produkt\/batterie-dual-agm-ep\/","title":{"rendered":"Batterie Dual AGM EP"},"content":{"rendered":"<p>Eine Batterie die entwickelt wurde, um die g\u00e4ngigsten Wohnmobile und Wohnwagen mit Energie zu versorgen und eine gute Anlaufleistung f\u00fcr Motoren zu bieten. Ihre Konstruktionsweise bietet eine hohe Einbauflexibilit\u00e4t (im Fahrgastraum, an der Seite), Vorteile bei der Wartung (absolut wartungsfrei, geeignet f\u00fcr lange Standzeiten, Einsparungen bei der Ladezeit von bis zu 50 %) und Robustheit (hoher Vibrations- und Neigungswiderstand, versch\u00fcttungs- und auslaufsicher). Die eingebaute AGM-Technologie (Vliesakku\/Gitterplatte) mit einer Ca\/Ca-Legierung und einer (durch ein Ventil regulierten) VRLA-L\u00fcftung deckt eine Wh-Leistungsspanne von 450 bis 2.100 Wh ab und bietet somit eine gro\u00dfe Auswahl f\u00fcr jede Art Freizeitfahrzeuge.<\/p>\n","protected":false},"excerpt":{"rendered":"<p>Eine Batterie die entwickelt wurde, um die g\u00e4ngigsten Wohnmobile und Wohnwagen mit Energie zu versorgen und eine gute Anlaufleistung f\u00fcr Motoren zu bieten. Ihre Konstruktionsweise bietet eine hohe Einbauflexibilit\u00e4t (im Fahrgastraum, an der Seite), Vorteile bei der Wartung (absolut wartungsfrei, geeignet f\u00fcr lange Standzeiten, Einsparungen bei der Ladezeit von bis zu 50 %) und Robustheit [&hellip;]<\/p>\n","protected":false},"featured_media":57692,"template":"","meta":{"_acf_changed":false},"product_featured_cat":[],"product_brand":[3367],"product_cat":[5108],"product_tag":[],"class_list":{"0":"post-57722","1":"product","2":"type-product","3":"status-publish","4":"has-post-thumbnail","6":"product_brand-exide-de","7":"product_cat-agm-batterien","9":"first","10":"instock","11":"taxable","12":"shipping-taxable","13":"purchasable","14":"product-type-variable"},"acf":[],"yoast_head":"<!-- This site is optimized with the Yoast SEO plugin v27.4 - https:\/\/yoast.com\/product\/yoast-seo-wordpress\/ -->\n<title>Batterie Dual AGM EP - Bantam Camping AG<\/title>\n<meta name=\"robots\" content=\"index, follow, max-snippet:-1, max-image-preview:large, max-video-preview:-1\" \/>\n<link rel=\"canonical\" href=\"https:\/\/shop.bantam.ch\/de\/produkt\/batterie-dual-agm-ep\/\" \/>\n<meta property=\"og:locale\" content=\"de_DE\" \/>\n<meta property=\"og:type\" content=\"article\" \/>\n<meta property=\"og:title\" content=\"Batterie Dual AGM EP - Bantam Camping AG\" \/>\n<meta property=\"og:description\" content=\"Eine Batterie die entwickelt wurde, um die g\u00e4ngigsten Wohnmobile und Wohnwagen mit Energie zu versorgen und eine gute Anlaufleistung f\u00fcr Motoren zu bieten. Ihre Konstruktionsweise bietet eine hohe Einbauflexibilit\u00e4t (im Fahrgastraum, an der Seite), Vorteile bei der Wartung (absolut wartungsfrei, geeignet f\u00fcr lange Standzeiten, Einsparungen bei der Ladezeit von bis zu 50 %) und Robustheit [&hellip;]\" \/>\n<meta property=\"og:url\" content=\"https:\/\/shop.bantam.ch\/de\/produkt\/batterie-dual-agm-ep\/\" \/>\n<meta property=\"og:site_name\" content=\"Bantam Camping AG\" \/>\n<meta property=\"article:modified_time\" content=\"2026-04-17T19:00:36+00:00\" \/>\n<meta property=\"og:image\" content=\"https:\/\/shop.bantam.ch\/wp-content\/uploads\/2023\/02\/9952645-Batterie_AGM_EK_800-Standard-01-4.jpg\" \/>\n\t<meta property=\"og:image:width\" content=\"1000\" \/>\n\t<meta property=\"og:image:height\" content=\"742\" \/>\n\t<meta property=\"og:image:type\" content=\"image\/jpeg\" \/>\n<meta name=\"twitter:card\" content=\"summary_large_image\" \/>\n<meta name=\"twitter:label1\" content=\"Gesch\u00e4tzte Lesezeit\" \/>\n\t<meta name=\"twitter:data1\" content=\"1\u00a0Minute\" \/>\n<script type=\"application\/ld+json\" class=\"yoast-schema-graph\">{\"@context\":\"https:\\\/\\\/schema.org\",\"@graph\":[{\"@type\":\"WebPage\",\"@id\":\"https:\\\/\\\/shop.bantam.ch\\\/de\\\/produkt\\\/batterie-dual-agm-ep\\\/\",\"url\":\"https:\\\/\\\/shop.bantam.ch\\\/de\\\/produkt\\\/batterie-dual-agm-ep\\\/\",\"name\":\"Batterie Dual AGM EP - Bantam Camping AG\",\"isPartOf\":{\"@id\":\"https:\\\/\\\/shop.bantam.ch\\\/de\\\/#website\"},\"primaryImageOfPage\":{\"@id\":\"https:\\\/\\\/shop.bantam.ch\\\/de\\\/produkt\\\/batterie-dual-agm-ep\\\/#primaryimage\"},\"image\":{\"@id\":\"https:\\\/\\\/shop.bantam.ch\\\/de\\\/produkt\\\/batterie-dual-agm-ep\\\/#primaryimage\"},\"thumbnailUrl\":\"https:\\\/\\\/shop.bantam.ch\\\/wp-content\\\/uploads\\\/2023\\\/02\\\/9952645-Batterie_AGM_EK_800-Standard-01-4.jpg\",\"datePublished\":\"2023-02-27T16:13:30+00:00\",\"dateModified\":\"2026-04-17T19:00:36+00:00\",\"breadcrumb\":{\"@id\":\"https:\\\/\\\/shop.bantam.ch\\\/de\\\/produkt\\\/batterie-dual-agm-ep\\\/#breadcrumb\"},\"inLanguage\":\"de\",\"potentialAction\":[{\"@type\":\"ReadAction\",\"target\":[\"https:\\\/\\\/shop.bantam.ch\\\/de\\\/produkt\\\/batterie-dual-agm-ep\\\/\"]}]},{\"@type\":\"ImageObject\",\"inLanguage\":\"de\",\"@id\":\"https:\\\/\\\/shop.bantam.ch\\\/de\\\/produkt\\\/batterie-dual-agm-ep\\\/#primaryimage\",\"url\":\"https:\\\/\\\/shop.bantam.ch\\\/wp-content\\\/uploads\\\/2023\\\/02\\\/9952645-Batterie_AGM_EK_800-Standard-01-4.jpg\",\"contentUrl\":\"https:\\\/\\\/shop.bantam.ch\\\/wp-content\\\/uploads\\\/2023\\\/02\\\/9952645-Batterie_AGM_EK_800-Standard-01-4.jpg\",\"width\":1000,\"height\":742},{\"@type\":\"BreadcrumbList\",\"@id\":\"https:\\\/\\\/shop.bantam.ch\\\/de\\\/produkt\\\/batterie-dual-agm-ep\\\/#breadcrumb\",\"itemListElement\":[{\"@type\":\"ListItem\",\"position\":1,\"name\":\"Accueil\",\"item\":\"https:\\\/\\\/shop.bantam.ch\\\/de\\\/\"},{\"@type\":\"ListItem\",\"position\":2,\"name\":\"Shop\",\"item\":\"https:\\\/\\\/shop.bantam.ch\\\/de\\\/shop\\\/\"},{\"@type\":\"ListItem\",\"position\":3,\"name\":\"Batterie Dual AGM EP\"}]},{\"@type\":\"WebSite\",\"@id\":\"https:\\\/\\\/shop.bantam.ch\\\/de\\\/#website\",\"url\":\"https:\\\/\\\/shop.bantam.ch\\\/de\\\/\",\"name\":\"Bantam Camping AG\",\"description\":\"\",\"publisher\":{\"@id\":\"https:\\\/\\\/shop.bantam.ch\\\/de\\\/#organization\"},\"inLanguage\":\"de\"},{\"@type\":\"Organization\",\"@id\":\"https:\\\/\\\/shop.bantam.ch\\\/de\\\/#organization\",\"name\":\"Bantam Camping AG\",\"url\":\"https:\\\/\\\/shop.bantam.ch\\\/de\\\/\",\"logo\":{\"@type\":\"ImageObject\",\"inLanguage\":\"de\",\"@id\":\"https:\\\/\\\/shop.bantam.ch\\\/de\\\/#\\\/schema\\\/logo\\\/image\\\/\",\"url\":\"https:\\\/\\\/shop.bantam.ch\\\/wp-content\\\/uploads\\\/2022\\\/12\\\/bantam-logo.png\",\"contentUrl\":\"https:\\\/\\\/shop.bantam.ch\\\/wp-content\\\/uploads\\\/2022\\\/12\\\/bantam-logo.png\",\"width\":320,\"height\":71,\"caption\":\"Bantam Camping AG\"},\"image\":{\"@id\":\"https:\\\/\\\/shop.bantam.ch\\\/de\\\/#\\\/schema\\\/logo\\\/image\\\/\"}}]}<\/script>\n<!-- \/ Yoast SEO plugin. -->","yoast_head_json":{"title":"Batterie Dual AGM EP - Bantam Camping AG","robots":{"index":"index","follow":"follow","max-snippet":"max-snippet:-1","max-image-preview":"max-image-preview:large","max-video-preview":"max-video-preview:-1"},"canonical":"https:\/\/shop.bantam.ch\/de\/produkt\/batterie-dual-agm-ep\/","og_locale":"de_DE","og_type":"article","og_title":"Batterie Dual AGM EP - Bantam Camping AG","og_description":"Eine Batterie die entwickelt wurde, um die g\u00e4ngigsten Wohnmobile und Wohnwagen mit Energie zu versorgen und eine gute Anlaufleistung f\u00fcr Motoren zu bieten. Ihre Konstruktionsweise bietet eine hohe Einbauflexibilit\u00e4t (im Fahrgastraum, an der Seite), Vorteile bei der Wartung (absolut wartungsfrei, geeignet f\u00fcr lange Standzeiten, Einsparungen bei der Ladezeit von bis zu 50 %) und Robustheit [&hellip;]","og_url":"https:\/\/shop.bantam.ch\/de\/produkt\/batterie-dual-agm-ep\/","og_site_name":"Bantam Camping AG","article_modified_time":"2026-04-17T19:00:36+00:00","og_image":[{"width":1000,"height":742,"url":"https:\/\/shop.bantam.ch\/wp-content\/uploads\/2023\/02\/9952645-Batterie_AGM_EK_800-Standard-01-4.jpg","type":"image\/jpeg"}],"twitter_card":"summary_large_image","twitter_misc":{"Gesch\u00e4tzte Lesezeit":"1\u00a0Minute"},"schema":{"@context":"https:\/\/schema.org","@graph":[{"@type":"WebPage","@id":"https:\/\/shop.bantam.ch\/de\/produkt\/batterie-dual-agm-ep\/","url":"https:\/\/shop.bantam.ch\/de\/produkt\/batterie-dual-agm-ep\/","name":"Batterie Dual AGM EP - Bantam Camping AG","isPartOf":{"@id":"https:\/\/shop.bantam.ch\/de\/#website"},"primaryImageOfPage":{"@id":"https:\/\/shop.bantam.ch\/de\/produkt\/batterie-dual-agm-ep\/#primaryimage"},"image":{"@id":"https:\/\/shop.bantam.ch\/de\/produkt\/batterie-dual-agm-ep\/#primaryimage"},"thumbnailUrl":"https:\/\/shop.bantam.ch\/wp-content\/uploads\/2023\/02\/9952645-Batterie_AGM_EK_800-Standard-01-4.jpg","datePublished":"2023-02-27T16:13:30+00:00","dateModified":"2026-04-17T19:00:36+00:00","breadcrumb":{"@id":"https:\/\/shop.bantam.ch\/de\/produkt\/batterie-dual-agm-ep\/#breadcrumb"},"inLanguage":"de","potentialAction":[{"@type":"ReadAction","target":["https:\/\/shop.bantam.ch\/de\/produkt\/batterie-dual-agm-ep\/"]}]},{"@type":"ImageObject","inLanguage":"de","@id":"https:\/\/shop.bantam.ch\/de\/produkt\/batterie-dual-agm-ep\/#primaryimage","url":"https:\/\/shop.bantam.ch\/wp-content\/uploads\/2023\/02\/9952645-Batterie_AGM_EK_800-Standard-01-4.jpg","contentUrl":"https:\/\/shop.bantam.ch\/wp-content\/uploads\/2023\/02\/9952645-Batterie_AGM_EK_800-Standard-01-4.jpg","width":1000,"height":742},{"@type":"BreadcrumbList","@id":"https:\/\/shop.bantam.ch\/de\/produkt\/batterie-dual-agm-ep\/#breadcrumb","itemListElement":[{"@type":"ListItem","position":1,"name":"Accueil","item":"https:\/\/shop.bantam.ch\/de\/"},{"@type":"ListItem","position":2,"name":"Shop","item":"https:\/\/shop.bantam.ch\/de\/shop\/"},{"@type":"ListItem","position":3,"name":"Batterie Dual AGM EP"}]},{"@type":"WebSite","@id":"https:\/\/shop.bantam.ch\/de\/#website","url":"https:\/\/shop.bantam.ch\/de\/","name":"Bantam Camping AG","description":"","publisher":{"@id":"https:\/\/shop.bantam.ch\/de\/#organization"},"inLanguage":"de"},{"@type":"Organization","@id":"https:\/\/shop.bantam.ch\/de\/#organization","name":"Bantam Camping AG","url":"https:\/\/shop.bantam.ch\/de\/","logo":{"@type":"ImageObject","inLanguage":"de","@id":"https:\/\/shop.bantam.ch\/de\/#\/schema\/logo\/image\/","url":"https:\/\/shop.bantam.ch\/wp-content\/uploads\/2022\/12\/bantam-logo.png","contentUrl":"https:\/\/shop.bantam.ch\/wp-content\/uploads\/2022\/12\/bantam-logo.png","width":320,"height":71,"caption":"Bantam Camping AG"},"image":{"@id":"https:\/\/shop.bantam.ch\/de\/#\/schema\/logo\/image\/"}}]}},"_links":{"self":[{"href":"https:\/\/shop.bantam.ch\/de\/wp-json\/wp\/v2\/product\/57722","targetHints":{"allow":["GET"]}}],"collection":[{"href":"https:\/\/shop.bantam.ch\/de\/wp-json\/wp\/v2\/product"}],"about":[{"href":"https:\/\/shop.bantam.ch\/de\/wp-json\/wp\/v2\/types\/product"}],"wp:featuredmedia":[{"embeddable":true,"href":"https:\/\/shop.bantam.ch\/de\/wp-json\/wp\/v2\/media\/57692"}],"wp:attachment":[{"href":"https:\/\/shop.bantam.ch\/de\/wp-json\/wp\/v2\/media?parent=57722"}],"wp:term":[{"taxonomy":"product_featured_cat","embeddable":true,"href":"https:\/\/shop.bantam.ch\/de\/wp-json\/wp\/v2\/product_featured_cat?post=57722"},{"taxonomy":"product_brand","embeddable":true,"href":"https:\/\/shop.bantam.ch\/de\/wp-json\/wp\/v2\/product_brand?post=57722"},{"taxonomy":"product_cat","embeddable":true,"href":"https:\/\/shop.bantam.ch\/de\/wp-json\/wp\/v2\/product_cat?post=57722"},{"taxonomy":"product_tag","embeddable":true,"href":"https:\/\/shop.bantam.ch\/de\/wp-json\/wp\/v2\/product_tag?post=57722"}],"curies":[{"name":"wp","href":"https:\/\/api.w.org\/{rel}","templated":true}]}}