{"id":57271,"date":"2023-02-24T16:59:47","date_gmt":"2023-02-24T15:59:47","guid":{"rendered":"http:\/\/shop.bantam.ch\/produit\/schutzhuelle-wintertime-fuer-wohnwagen\/"},"modified":"2026-04-17T21:16:30","modified_gmt":"2026-04-17T19:16:30","slug":"schutzhuelle-wintertime-fuer-wohnwagen","status":"publish","type":"product","link":"https:\/\/shop.bantam.ch\/de\/produkt\/schutzhuelle-wintertime-fuer-wohnwagen\/","title":{"rendered":"Schutzh\u00fclle Wintertime f\u00fcr Wohnwagen"},"content":{"rendered":"<p>Die neue Serie Wintertime der Hindermann Schutzh\u00fcllen ist aus einem atmungsaktiven 3-lagigen SFS-3 Nonwoven-Material hergestellt und zeichnet sich durch eine gute Rei\u00dffestigkeit und geringes Gewicht aus.<\/p>\n<p>F\u00fcr eine gute Pa\u00dfform auf Ihrem Fahrzeugtyp k\u00f6nnen Sie aus 4 Grundformen, die universell auf verschiedene Fahrzeugfabrikate passen.<\/p>\n<p>F\u00fcr Reisemobile gibt es alleine 3 Grundformen die den unterschiedlichen Konturen, Aufbaubreiten und Aufbauh\u00f6hen von Integrierten, Kompaktintegrierten, Teilintegrierten sowie Alkovenfahrzeugen gerecht werden. Jede Schutzh\u00fclle verf\u00fcgt \u00fcber 4 Rei\u00dfverschl\u00fcsse die (ge\u00f6ffnet) das \u00dcberziehen sowie Abnehmen erleichtern und einen Zugang zur Eingangst\u00fcr bzw. Stauk\u00e4sten auf der linken Fahrzeugseite erm\u00f6glichen. Alle Schutzh\u00fcllen verf\u00fcgen beidseitig \u00fcber eine \u00d6senleiste sowie Spannlaschen an Front und Heckseite.<\/p>\n<p>Lieferumfang:<br \/>Inkl. Spannmaterial und Aufbewahrungssack<\/p>\n","protected":false},"excerpt":{"rendered":"<p>Die neue Serie Wintertime der Hindermann Schutzh\u00fcllen ist aus einem atmungsaktiven 3-lagigen SFS-3 Nonwoven-Material hergestellt und zeichnet sich durch eine gute Rei\u00dffestigkeit und geringes Gewicht aus. F\u00fcr eine gute Pa\u00dfform auf Ihrem Fahrzeugtyp k\u00f6nnen Sie aus 4 Grundformen, die universell auf verschiedene Fahrzeugfabrikate passen. F\u00fcr Reisemobile gibt es alleine 3 Grundformen die den unterschiedlichen Konturen, [&hellip;]<\/p>\n","protected":false},"featured_media":57067,"template":"","meta":{"_acf_changed":false},"product_featured_cat":[],"product_brand":[3041],"product_cat":[4644],"product_tag":[],"class_list":{"0":"post-57271","1":"product","2":"type-product","3":"status-publish","4":"has-post-thumbnail","6":"product_brand-hindermann-de","7":"product_cat-schutzhuellen","9":"first","10":"instock","11":"taxable","12":"shipping-taxable","13":"purchasable","14":"product-type-variable"},"acf":[],"yoast_head":"<!-- This site is optimized with the Yoast SEO plugin v27.4 - https:\/\/yoast.com\/product\/yoast-seo-wordpress\/ -->\n<title>Schutzh\u00fclle Wintertime f\u00fcr Wohnwagen - Bantam Camping AG<\/title>\n<meta name=\"robots\" content=\"index, follow, max-snippet:-1, max-image-preview:large, max-video-preview:-1\" \/>\n<link rel=\"canonical\" href=\"https:\/\/shop.bantam.ch\/de\/produkt\/schutzhuelle-wintertime-fuer-wohnwagen\/\" \/>\n<meta property=\"og:locale\" content=\"de_DE\" \/>\n<meta property=\"og:type\" content=\"article\" \/>\n<meta property=\"og:title\" content=\"Schutzh\u00fclle Wintertime f\u00fcr Wohnwagen - Bantam Camping AG\" \/>\n<meta property=\"og:description\" content=\"Die neue Serie Wintertime der Hindermann Schutzh\u00fcllen ist aus einem atmungsaktiven 3-lagigen SFS-3 Nonwoven-Material hergestellt und zeichnet sich durch eine gute Rei\u00dffestigkeit und geringes Gewicht aus. F\u00fcr eine gute Pa\u00dfform auf Ihrem Fahrzeugtyp k\u00f6nnen Sie aus 4 Grundformen, die universell auf verschiedene Fahrzeugfabrikate passen. F\u00fcr Reisemobile gibt es alleine 3 Grundformen die den unterschiedlichen Konturen, [&hellip;]\" \/>\n<meta property=\"og:url\" content=\"https:\/\/shop.bantam.ch\/de\/produkt\/schutzhuelle-wintertime-fuer-wohnwagen\/\" \/>\n<meta property=\"og:site_name\" content=\"Bantam Camping AG\" \/>\n<meta property=\"article:modified_time\" content=\"2026-04-17T19:16:30+00:00\" \/>\n<meta property=\"og:image\" content=\"https:\/\/shop.bantam.ch\/wp-content\/uploads\/2023\/02\/991715411-24.jpg\" \/>\n\t<meta property=\"og:image:width\" content=\"3000\" \/>\n\t<meta property=\"og:image:height\" content=\"2000\" \/>\n\t<meta property=\"og:image:type\" content=\"image\/jpeg\" \/>\n<meta name=\"twitter:card\" content=\"summary_large_image\" \/>\n<meta name=\"twitter:label1\" content=\"Gesch\u00e4tzte Lesezeit\" \/>\n\t<meta name=\"twitter:data1\" content=\"1\u00a0Minute\" \/>\n<script type=\"application\/ld+json\" class=\"yoast-schema-graph\">{\"@context\":\"https:\\\/\\\/schema.org\",\"@graph\":[{\"@type\":\"WebPage\",\"@id\":\"https:\\\/\\\/shop.bantam.ch\\\/de\\\/produkt\\\/schutzhuelle-wintertime-fuer-wohnwagen\\\/\",\"url\":\"https:\\\/\\\/shop.bantam.ch\\\/de\\\/produkt\\\/schutzhuelle-wintertime-fuer-wohnwagen\\\/\",\"name\":\"Schutzh\u00fclle Wintertime f\u00fcr Wohnwagen - Bantam Camping AG\",\"isPartOf\":{\"@id\":\"https:\\\/\\\/shop.bantam.ch\\\/de\\\/#website\"},\"primaryImageOfPage\":{\"@id\":\"https:\\\/\\\/shop.bantam.ch\\\/de\\\/produkt\\\/schutzhuelle-wintertime-fuer-wohnwagen\\\/#primaryimage\"},\"image\":{\"@id\":\"https:\\\/\\\/shop.bantam.ch\\\/de\\\/produkt\\\/schutzhuelle-wintertime-fuer-wohnwagen\\\/#primaryimage\"},\"thumbnailUrl\":\"https:\\\/\\\/shop.bantam.ch\\\/wp-content\\\/uploads\\\/2023\\\/02\\\/991715411-24-scaled.jpg\",\"datePublished\":\"2023-02-24T15:59:47+00:00\",\"dateModified\":\"2026-04-17T19:16:30+00:00\",\"breadcrumb\":{\"@id\":\"https:\\\/\\\/shop.bantam.ch\\\/de\\\/produkt\\\/schutzhuelle-wintertime-fuer-wohnwagen\\\/#breadcrumb\"},\"inLanguage\":\"de\",\"potentialAction\":[{\"@type\":\"ReadAction\",\"target\":[\"https:\\\/\\\/shop.bantam.ch\\\/de\\\/produkt\\\/schutzhuelle-wintertime-fuer-wohnwagen\\\/\"]}]},{\"@type\":\"ImageObject\",\"inLanguage\":\"de\",\"@id\":\"https:\\\/\\\/shop.bantam.ch\\\/de\\\/produkt\\\/schutzhuelle-wintertime-fuer-wohnwagen\\\/#primaryimage\",\"url\":\"https:\\\/\\\/shop.bantam.ch\\\/wp-content\\\/uploads\\\/2023\\\/02\\\/991715411-24-scaled.jpg\",\"contentUrl\":\"https:\\\/\\\/shop.bantam.ch\\\/wp-content\\\/uploads\\\/2023\\\/02\\\/991715411-24-scaled.jpg\",\"width\":2048,\"height\":1365},{\"@type\":\"BreadcrumbList\",\"@id\":\"https:\\\/\\\/shop.bantam.ch\\\/de\\\/produkt\\\/schutzhuelle-wintertime-fuer-wohnwagen\\\/#breadcrumb\",\"itemListElement\":[{\"@type\":\"ListItem\",\"position\":1,\"name\":\"Accueil\",\"item\":\"https:\\\/\\\/shop.bantam.ch\\\/de\\\/\"},{\"@type\":\"ListItem\",\"position\":2,\"name\":\"Shop\",\"item\":\"https:\\\/\\\/shop.bantam.ch\\\/de\\\/shop\\\/\"},{\"@type\":\"ListItem\",\"position\":3,\"name\":\"Schutzh\u00fclle Wintertime f\u00fcr Wohnwagen\"}]},{\"@type\":\"WebSite\",\"@id\":\"https:\\\/\\\/shop.bantam.ch\\\/de\\\/#website\",\"url\":\"https:\\\/\\\/shop.bantam.ch\\\/de\\\/\",\"name\":\"Bantam Camping AG\",\"description\":\"\",\"publisher\":{\"@id\":\"https:\\\/\\\/shop.bantam.ch\\\/de\\\/#organization\"},\"inLanguage\":\"de\"},{\"@type\":\"Organization\",\"@id\":\"https:\\\/\\\/shop.bantam.ch\\\/de\\\/#organization\",\"name\":\"Bantam Camping AG\",\"url\":\"https:\\\/\\\/shop.bantam.ch\\\/de\\\/\",\"logo\":{\"@type\":\"ImageObject\",\"inLanguage\":\"de\",\"@id\":\"https:\\\/\\\/shop.bantam.ch\\\/de\\\/#\\\/schema\\\/logo\\\/image\\\/\",\"url\":\"https:\\\/\\\/shop.bantam.ch\\\/wp-content\\\/uploads\\\/2022\\\/12\\\/bantam-logo.png\",\"contentUrl\":\"https:\\\/\\\/shop.bantam.ch\\\/wp-content\\\/uploads\\\/2022\\\/12\\\/bantam-logo.png\",\"width\":320,\"height\":71,\"caption\":\"Bantam Camping AG\"},\"image\":{\"@id\":\"https:\\\/\\\/shop.bantam.ch\\\/de\\\/#\\\/schema\\\/logo\\\/image\\\/\"}}]}<\/script>\n<!-- \/ Yoast SEO plugin. -->","yoast_head_json":{"title":"Schutzh\u00fclle Wintertime f\u00fcr Wohnwagen - Bantam Camping AG","robots":{"index":"index","follow":"follow","max-snippet":"max-snippet:-1","max-image-preview":"max-image-preview:large","max-video-preview":"max-video-preview:-1"},"canonical":"https:\/\/shop.bantam.ch\/de\/produkt\/schutzhuelle-wintertime-fuer-wohnwagen\/","og_locale":"de_DE","og_type":"article","og_title":"Schutzh\u00fclle Wintertime f\u00fcr Wohnwagen - Bantam Camping AG","og_description":"Die neue Serie Wintertime der Hindermann Schutzh\u00fcllen ist aus einem atmungsaktiven 3-lagigen SFS-3 Nonwoven-Material hergestellt und zeichnet sich durch eine gute Rei\u00dffestigkeit und geringes Gewicht aus. F\u00fcr eine gute Pa\u00dfform auf Ihrem Fahrzeugtyp k\u00f6nnen Sie aus 4 Grundformen, die universell auf verschiedene Fahrzeugfabrikate passen. F\u00fcr Reisemobile gibt es alleine 3 Grundformen die den unterschiedlichen Konturen, [&hellip;]","og_url":"https:\/\/shop.bantam.ch\/de\/produkt\/schutzhuelle-wintertime-fuer-wohnwagen\/","og_site_name":"Bantam Camping AG","article_modified_time":"2026-04-17T19:16:30+00:00","og_image":[{"width":3000,"height":2000,"url":"https:\/\/shop.bantam.ch\/wp-content\/uploads\/2023\/02\/991715411-24.jpg","type":"image\/jpeg"}],"twitter_card":"summary_large_image","twitter_misc":{"Gesch\u00e4tzte Lesezeit":"1\u00a0Minute"},"schema":{"@context":"https:\/\/schema.org","@graph":[{"@type":"WebPage","@id":"https:\/\/shop.bantam.ch\/de\/produkt\/schutzhuelle-wintertime-fuer-wohnwagen\/","url":"https:\/\/shop.bantam.ch\/de\/produkt\/schutzhuelle-wintertime-fuer-wohnwagen\/","name":"Schutzh\u00fclle Wintertime f\u00fcr Wohnwagen - Bantam Camping AG","isPartOf":{"@id":"https:\/\/shop.bantam.ch\/de\/#website"},"primaryImageOfPage":{"@id":"https:\/\/shop.bantam.ch\/de\/produkt\/schutzhuelle-wintertime-fuer-wohnwagen\/#primaryimage"},"image":{"@id":"https:\/\/shop.bantam.ch\/de\/produkt\/schutzhuelle-wintertime-fuer-wohnwagen\/#primaryimage"},"thumbnailUrl":"https:\/\/shop.bantam.ch\/wp-content\/uploads\/2023\/02\/991715411-24-scaled.jpg","datePublished":"2023-02-24T15:59:47+00:00","dateModified":"2026-04-17T19:16:30+00:00","breadcrumb":{"@id":"https:\/\/shop.bantam.ch\/de\/produkt\/schutzhuelle-wintertime-fuer-wohnwagen\/#breadcrumb"},"inLanguage":"de","potentialAction":[{"@type":"ReadAction","target":["https:\/\/shop.bantam.ch\/de\/produkt\/schutzhuelle-wintertime-fuer-wohnwagen\/"]}]},{"@type":"ImageObject","inLanguage":"de","@id":"https:\/\/shop.bantam.ch\/de\/produkt\/schutzhuelle-wintertime-fuer-wohnwagen\/#primaryimage","url":"https:\/\/shop.bantam.ch\/wp-content\/uploads\/2023\/02\/991715411-24-scaled.jpg","contentUrl":"https:\/\/shop.bantam.ch\/wp-content\/uploads\/2023\/02\/991715411-24-scaled.jpg","width":2048,"height":1365},{"@type":"BreadcrumbList","@id":"https:\/\/shop.bantam.ch\/de\/produkt\/schutzhuelle-wintertime-fuer-wohnwagen\/#breadcrumb","itemListElement":[{"@type":"ListItem","position":1,"name":"Accueil","item":"https:\/\/shop.bantam.ch\/de\/"},{"@type":"ListItem","position":2,"name":"Shop","item":"https:\/\/shop.bantam.ch\/de\/shop\/"},{"@type":"ListItem","position":3,"name":"Schutzh\u00fclle Wintertime f\u00fcr Wohnwagen"}]},{"@type":"WebSite","@id":"https:\/\/shop.bantam.ch\/de\/#website","url":"https:\/\/shop.bantam.ch\/de\/","name":"Bantam Camping AG","description":"","publisher":{"@id":"https:\/\/shop.bantam.ch\/de\/#organization"},"inLanguage":"de"},{"@type":"Organization","@id":"https:\/\/shop.bantam.ch\/de\/#organization","name":"Bantam Camping AG","url":"https:\/\/shop.bantam.ch\/de\/","logo":{"@type":"ImageObject","inLanguage":"de","@id":"https:\/\/shop.bantam.ch\/de\/#\/schema\/logo\/image\/","url":"https:\/\/shop.bantam.ch\/wp-content\/uploads\/2022\/12\/bantam-logo.png","contentUrl":"https:\/\/shop.bantam.ch\/wp-content\/uploads\/2022\/12\/bantam-logo.png","width":320,"height":71,"caption":"Bantam Camping AG"},"image":{"@id":"https:\/\/shop.bantam.ch\/de\/#\/schema\/logo\/image\/"}}]}},"_links":{"self":[{"href":"https:\/\/shop.bantam.ch\/de\/wp-json\/wp\/v2\/product\/57271","targetHints":{"allow":["GET"]}}],"collection":[{"href":"https:\/\/shop.bantam.ch\/de\/wp-json\/wp\/v2\/product"}],"about":[{"href":"https:\/\/shop.bantam.ch\/de\/wp-json\/wp\/v2\/types\/product"}],"wp:featuredmedia":[{"embeddable":true,"href":"https:\/\/shop.bantam.ch\/de\/wp-json\/wp\/v2\/media\/57067"}],"wp:attachment":[{"href":"https:\/\/shop.bantam.ch\/de\/wp-json\/wp\/v2\/media?parent=57271"}],"wp:term":[{"taxonomy":"product_featured_cat","embeddable":true,"href":"https:\/\/shop.bantam.ch\/de\/wp-json\/wp\/v2\/product_featured_cat?post=57271"},{"taxonomy":"product_brand","embeddable":true,"href":"https:\/\/shop.bantam.ch\/de\/wp-json\/wp\/v2\/product_brand?post=57271"},{"taxonomy":"product_cat","embeddable":true,"href":"https:\/\/shop.bantam.ch\/de\/wp-json\/wp\/v2\/product_cat?post=57271"},{"taxonomy":"product_tag","embeddable":true,"href":"https:\/\/shop.bantam.ch\/de\/wp-json\/wp\/v2\/product_tag?post=57271"}],"curies":[{"name":"wp","href":"https:\/\/api.w.org\/{rel}","templated":true}]}}