{"id":56801,"date":"2023-02-24T16:56:06","date_gmt":"2023-02-24T15:56:06","guid":{"rendered":"http:\/\/shop.bantam.ch\/produit\/trinkwasserkonservierung-micropur-classic-tabletten\/"},"modified":"2026-04-19T20:57:39","modified_gmt":"2026-04-19T18:57:39","slug":"trinkwasserkonservierung-micropur-classic-tabletten","status":"publish","type":"product","link":"https:\/\/shop.bantam.ch\/de\/produkt\/trinkwasserkonservierung-micropur-classic-tabletten\/","title":{"rendered":"Trinkwasserkonservierung Micropur Classic Tabletten"},"content":{"rendered":"<p>Macht klares Trinkwasser mit Silberionen haltbar und sch\u00fctzt bis 6 Monate vor Wiederverkeimung. Im gereinigten Trinkwasserbeh\u00e4lter werden Bakterien innerhalb von 2 Stunden inaktiviert. Ohne Geschmacksver\u00e4nderung. Optimal zum Frischhalten von Trinkwasser im Urlaub und auf Reisen. Dosierung 1 Tablette auf 1 Liter.<\/p>\n<p>\u00a0<\/p>\n","protected":false},"excerpt":{"rendered":"<p>Macht klares Trinkwasser mit Silberionen haltbar und sch\u00fctzt bis 6 Monate vor Wiederverkeimung. Im gereinigten Trinkwasserbeh\u00e4lter werden Bakterien innerhalb von 2 Stunden inaktiviert. Ohne Geschmacksver\u00e4nderung. Optimal zum Frischhalten von Trinkwasser im Urlaub und auf Reisen. Dosierung 1 Tablette auf 1 Liter. \u00a0<\/p>\n","protected":false},"featured_media":56791,"template":"","meta":{"_acf_changed":false},"product_featured_cat":[],"product_brand":[3357],"product_cat":[4600],"product_tag":[],"class_list":{"0":"post-56801","1":"product","2":"type-product","3":"status-publish","4":"has-post-thumbnail","6":"product_brand-katadyn-de","7":"product_cat-pflegemittel","9":"first","10":"instock","11":"taxable","12":"shipping-taxable","13":"purchasable","14":"product-type-variable"},"acf":[],"yoast_head":"<!-- This site is optimized with the Yoast SEO plugin v27.4 - https:\/\/yoast.com\/product\/yoast-seo-wordpress\/ -->\n<title>Trinkwasserkonservierung Micropur Classic Tabletten - Bantam Camping AG<\/title>\n<meta name=\"robots\" content=\"index, follow, max-snippet:-1, max-image-preview:large, max-video-preview:-1\" \/>\n<link rel=\"canonical\" href=\"https:\/\/shop.bantam.ch\/de\/produkt\/trinkwasserkonservierung-micropur-classic-tabletten\/\" \/>\n<meta property=\"og:locale\" content=\"de_DE\" \/>\n<meta property=\"og:type\" content=\"article\" \/>\n<meta property=\"og:title\" content=\"Trinkwasserkonservierung Micropur Classic Tabletten - Bantam Camping AG\" \/>\n<meta property=\"og:description\" content=\"Macht klares Trinkwasser mit Silberionen haltbar und sch\u00fctzt bis 6 Monate vor Wiederverkeimung. Im gereinigten Trinkwasserbeh\u00e4lter werden Bakterien innerhalb von 2 Stunden inaktiviert. Ohne Geschmacksver\u00e4nderung. Optimal zum Frischhalten von Trinkwasser im Urlaub und auf Reisen. Dosierung 1 Tablette auf 1 Liter. \u00a0\" \/>\n<meta property=\"og:url\" content=\"https:\/\/shop.bantam.ch\/de\/produkt\/trinkwasserkonservierung-micropur-classic-tabletten\/\" \/>\n<meta property=\"og:site_name\" content=\"Bantam Camping AG\" \/>\n<meta property=\"article:modified_time\" content=\"2026-04-19T18:57:39+00:00\" \/>\n<meta property=\"og:image\" content=\"https:\/\/shop.bantam.ch\/wp-content\/uploads\/2023\/02\/9945870-Micropur_Classic_MC_1_T_100_Tabletten-Standard-01-4.jpg\" \/>\n\t<meta property=\"og:image:width\" content=\"408\" \/>\n\t<meta property=\"og:image:height\" content=\"1000\" \/>\n\t<meta property=\"og:image:type\" content=\"image\/jpeg\" \/>\n<meta name=\"twitter:card\" content=\"summary_large_image\" \/>\n<script type=\"application\/ld+json\" class=\"yoast-schema-graph\">{\"@context\":\"https:\\\/\\\/schema.org\",\"@graph\":[{\"@type\":\"WebPage\",\"@id\":\"https:\\\/\\\/shop.bantam.ch\\\/de\\\/produkt\\\/trinkwasserkonservierung-micropur-classic-tabletten\\\/\",\"url\":\"https:\\\/\\\/shop.bantam.ch\\\/de\\\/produkt\\\/trinkwasserkonservierung-micropur-classic-tabletten\\\/\",\"name\":\"Trinkwasserkonservierung Micropur Classic Tabletten - Bantam Camping AG\",\"isPartOf\":{\"@id\":\"https:\\\/\\\/shop.bantam.ch\\\/de\\\/#website\"},\"primaryImageOfPage\":{\"@id\":\"https:\\\/\\\/shop.bantam.ch\\\/de\\\/produkt\\\/trinkwasserkonservierung-micropur-classic-tabletten\\\/#primaryimage\"},\"image\":{\"@id\":\"https:\\\/\\\/shop.bantam.ch\\\/de\\\/produkt\\\/trinkwasserkonservierung-micropur-classic-tabletten\\\/#primaryimage\"},\"thumbnailUrl\":\"https:\\\/\\\/shop.bantam.ch\\\/wp-content\\\/uploads\\\/2023\\\/02\\\/9945870-Micropur_Classic_MC_1_T_100_Tabletten-Standard-01-4.jpg\",\"datePublished\":\"2023-02-24T15:56:06+00:00\",\"dateModified\":\"2026-04-19T18:57:39+00:00\",\"breadcrumb\":{\"@id\":\"https:\\\/\\\/shop.bantam.ch\\\/de\\\/produkt\\\/trinkwasserkonservierung-micropur-classic-tabletten\\\/#breadcrumb\"},\"inLanguage\":\"de\",\"potentialAction\":[{\"@type\":\"ReadAction\",\"target\":[\"https:\\\/\\\/shop.bantam.ch\\\/de\\\/produkt\\\/trinkwasserkonservierung-micropur-classic-tabletten\\\/\"]}]},{\"@type\":\"ImageObject\",\"inLanguage\":\"de\",\"@id\":\"https:\\\/\\\/shop.bantam.ch\\\/de\\\/produkt\\\/trinkwasserkonservierung-micropur-classic-tabletten\\\/#primaryimage\",\"url\":\"https:\\\/\\\/shop.bantam.ch\\\/wp-content\\\/uploads\\\/2023\\\/02\\\/9945870-Micropur_Classic_MC_1_T_100_Tabletten-Standard-01-4.jpg\",\"contentUrl\":\"https:\\\/\\\/shop.bantam.ch\\\/wp-content\\\/uploads\\\/2023\\\/02\\\/9945870-Micropur_Classic_MC_1_T_100_Tabletten-Standard-01-4.jpg\",\"width\":408,\"height\":1000},{\"@type\":\"BreadcrumbList\",\"@id\":\"https:\\\/\\\/shop.bantam.ch\\\/de\\\/produkt\\\/trinkwasserkonservierung-micropur-classic-tabletten\\\/#breadcrumb\",\"itemListElement\":[{\"@type\":\"ListItem\",\"position\":1,\"name\":\"Accueil\",\"item\":\"https:\\\/\\\/shop.bantam.ch\\\/de\\\/\"},{\"@type\":\"ListItem\",\"position\":2,\"name\":\"Shop\",\"item\":\"https:\\\/\\\/shop.bantam.ch\\\/de\\\/shop\\\/\"},{\"@type\":\"ListItem\",\"position\":3,\"name\":\"Trinkwasserkonservierung Micropur Classic Tabletten\"}]},{\"@type\":\"WebSite\",\"@id\":\"https:\\\/\\\/shop.bantam.ch\\\/de\\\/#website\",\"url\":\"https:\\\/\\\/shop.bantam.ch\\\/de\\\/\",\"name\":\"Bantam Camping AG\",\"description\":\"\",\"publisher\":{\"@id\":\"https:\\\/\\\/shop.bantam.ch\\\/de\\\/#organization\"},\"inLanguage\":\"de\"},{\"@type\":\"Organization\",\"@id\":\"https:\\\/\\\/shop.bantam.ch\\\/de\\\/#organization\",\"name\":\"Bantam Camping AG\",\"url\":\"https:\\\/\\\/shop.bantam.ch\\\/de\\\/\",\"logo\":{\"@type\":\"ImageObject\",\"inLanguage\":\"de\",\"@id\":\"https:\\\/\\\/shop.bantam.ch\\\/de\\\/#\\\/schema\\\/logo\\\/image\\\/\",\"url\":\"https:\\\/\\\/shop.bantam.ch\\\/wp-content\\\/uploads\\\/2022\\\/12\\\/bantam-logo.png\",\"contentUrl\":\"https:\\\/\\\/shop.bantam.ch\\\/wp-content\\\/uploads\\\/2022\\\/12\\\/bantam-logo.png\",\"width\":320,\"height\":71,\"caption\":\"Bantam Camping AG\"},\"image\":{\"@id\":\"https:\\\/\\\/shop.bantam.ch\\\/de\\\/#\\\/schema\\\/logo\\\/image\\\/\"}}]}<\/script>\n<!-- \/ Yoast SEO plugin. -->","yoast_head_json":{"title":"Trinkwasserkonservierung Micropur Classic Tabletten - Bantam Camping AG","robots":{"index":"index","follow":"follow","max-snippet":"max-snippet:-1","max-image-preview":"max-image-preview:large","max-video-preview":"max-video-preview:-1"},"canonical":"https:\/\/shop.bantam.ch\/de\/produkt\/trinkwasserkonservierung-micropur-classic-tabletten\/","og_locale":"de_DE","og_type":"article","og_title":"Trinkwasserkonservierung Micropur Classic Tabletten - Bantam Camping AG","og_description":"Macht klares Trinkwasser mit Silberionen haltbar und sch\u00fctzt bis 6 Monate vor Wiederverkeimung. Im gereinigten Trinkwasserbeh\u00e4lter werden Bakterien innerhalb von 2 Stunden inaktiviert. Ohne Geschmacksver\u00e4nderung. Optimal zum Frischhalten von Trinkwasser im Urlaub und auf Reisen. Dosierung 1 Tablette auf 1 Liter. \u00a0","og_url":"https:\/\/shop.bantam.ch\/de\/produkt\/trinkwasserkonservierung-micropur-classic-tabletten\/","og_site_name":"Bantam Camping AG","article_modified_time":"2026-04-19T18:57:39+00:00","og_image":[{"width":408,"height":1000,"url":"https:\/\/shop.bantam.ch\/wp-content\/uploads\/2023\/02\/9945870-Micropur_Classic_MC_1_T_100_Tabletten-Standard-01-4.jpg","type":"image\/jpeg"}],"twitter_card":"summary_large_image","schema":{"@context":"https:\/\/schema.org","@graph":[{"@type":"WebPage","@id":"https:\/\/shop.bantam.ch\/de\/produkt\/trinkwasserkonservierung-micropur-classic-tabletten\/","url":"https:\/\/shop.bantam.ch\/de\/produkt\/trinkwasserkonservierung-micropur-classic-tabletten\/","name":"Trinkwasserkonservierung Micropur Classic Tabletten - Bantam Camping AG","isPartOf":{"@id":"https:\/\/shop.bantam.ch\/de\/#website"},"primaryImageOfPage":{"@id":"https:\/\/shop.bantam.ch\/de\/produkt\/trinkwasserkonservierung-micropur-classic-tabletten\/#primaryimage"},"image":{"@id":"https:\/\/shop.bantam.ch\/de\/produkt\/trinkwasserkonservierung-micropur-classic-tabletten\/#primaryimage"},"thumbnailUrl":"https:\/\/shop.bantam.ch\/wp-content\/uploads\/2023\/02\/9945870-Micropur_Classic_MC_1_T_100_Tabletten-Standard-01-4.jpg","datePublished":"2023-02-24T15:56:06+00:00","dateModified":"2026-04-19T18:57:39+00:00","breadcrumb":{"@id":"https:\/\/shop.bantam.ch\/de\/produkt\/trinkwasserkonservierung-micropur-classic-tabletten\/#breadcrumb"},"inLanguage":"de","potentialAction":[{"@type":"ReadAction","target":["https:\/\/shop.bantam.ch\/de\/produkt\/trinkwasserkonservierung-micropur-classic-tabletten\/"]}]},{"@type":"ImageObject","inLanguage":"de","@id":"https:\/\/shop.bantam.ch\/de\/produkt\/trinkwasserkonservierung-micropur-classic-tabletten\/#primaryimage","url":"https:\/\/shop.bantam.ch\/wp-content\/uploads\/2023\/02\/9945870-Micropur_Classic_MC_1_T_100_Tabletten-Standard-01-4.jpg","contentUrl":"https:\/\/shop.bantam.ch\/wp-content\/uploads\/2023\/02\/9945870-Micropur_Classic_MC_1_T_100_Tabletten-Standard-01-4.jpg","width":408,"height":1000},{"@type":"BreadcrumbList","@id":"https:\/\/shop.bantam.ch\/de\/produkt\/trinkwasserkonservierung-micropur-classic-tabletten\/#breadcrumb","itemListElement":[{"@type":"ListItem","position":1,"name":"Accueil","item":"https:\/\/shop.bantam.ch\/de\/"},{"@type":"ListItem","position":2,"name":"Shop","item":"https:\/\/shop.bantam.ch\/de\/shop\/"},{"@type":"ListItem","position":3,"name":"Trinkwasserkonservierung Micropur Classic Tabletten"}]},{"@type":"WebSite","@id":"https:\/\/shop.bantam.ch\/de\/#website","url":"https:\/\/shop.bantam.ch\/de\/","name":"Bantam Camping AG","description":"","publisher":{"@id":"https:\/\/shop.bantam.ch\/de\/#organization"},"inLanguage":"de"},{"@type":"Organization","@id":"https:\/\/shop.bantam.ch\/de\/#organization","name":"Bantam Camping AG","url":"https:\/\/shop.bantam.ch\/de\/","logo":{"@type":"ImageObject","inLanguage":"de","@id":"https:\/\/shop.bantam.ch\/de\/#\/schema\/logo\/image\/","url":"https:\/\/shop.bantam.ch\/wp-content\/uploads\/2022\/12\/bantam-logo.png","contentUrl":"https:\/\/shop.bantam.ch\/wp-content\/uploads\/2022\/12\/bantam-logo.png","width":320,"height":71,"caption":"Bantam Camping AG"},"image":{"@id":"https:\/\/shop.bantam.ch\/de\/#\/schema\/logo\/image\/"}}]}},"_links":{"self":[{"href":"https:\/\/shop.bantam.ch\/de\/wp-json\/wp\/v2\/product\/56801","targetHints":{"allow":["GET"]}}],"collection":[{"href":"https:\/\/shop.bantam.ch\/de\/wp-json\/wp\/v2\/product"}],"about":[{"href":"https:\/\/shop.bantam.ch\/de\/wp-json\/wp\/v2\/types\/product"}],"wp:featuredmedia":[{"embeddable":true,"href":"https:\/\/shop.bantam.ch\/de\/wp-json\/wp\/v2\/media\/56791"}],"wp:attachment":[{"href":"https:\/\/shop.bantam.ch\/de\/wp-json\/wp\/v2\/media?parent=56801"}],"wp:term":[{"taxonomy":"product_featured_cat","embeddable":true,"href":"https:\/\/shop.bantam.ch\/de\/wp-json\/wp\/v2\/product_featured_cat?post=56801"},{"taxonomy":"product_brand","embeddable":true,"href":"https:\/\/shop.bantam.ch\/de\/wp-json\/wp\/v2\/product_brand?post=56801"},{"taxonomy":"product_cat","embeddable":true,"href":"https:\/\/shop.bantam.ch\/de\/wp-json\/wp\/v2\/product_cat?post=56801"},{"taxonomy":"product_tag","embeddable":true,"href":"https:\/\/shop.bantam.ch\/de\/wp-json\/wp\/v2\/product_tag?post=56801"}],"curies":[{"name":"wp","href":"https:\/\/api.w.org\/{rel}","templated":true}]}}