{"id":56119,"date":"2023-02-24T12:57:32","date_gmt":"2023-02-24T11:57:32","guid":{"rendered":"http:\/\/preprod-dev.sh1.hidora.com\/webshop\/produit\/batterie-professional-agm-la-105-ah-_k20_\/"},"modified":"2026-04-18T21:30:36","modified_gmt":"2026-04-18T19:30:36","slug":"batterie-professional-agm-la-105-ah-_k20_","status":"publish","type":"product","link":"https:\/\/shop.bantam.ch\/de\/produkt\/batterie-professional-agm-la-105-ah-_k20_\/","title":{"rendered":"Batterie Professional AGM LA 105 AH _K20_"},"content":{"rendered":"<p>Blei-S\u00e4ure Batterie der Spitzenklasse mit 3 &#8211; 4 facher Zyklenfestigkeit gegen\u00fcber herk\u00f6mmlichen Batterien. Zuverl\u00e4ssiger Energielieferant f\u00fcr Ihr Reisemobil und Caravan. Geeignet auch f\u00fcr Dual Power zum Starten und Versorgen (z. B. Caravanrangierantrieb und Beleuchtung). Hohe Energienutzung durch die M\u00f6glichkeit einer schnellen Wiederaufladung. Sicherheitsventile und Wartungsfreiheit bieten eine extrem sichere Handhabung.<\/p>\n","protected":false},"excerpt":{"rendered":"<p>Blei-S\u00e4ure Batterie der Spitzenklasse mit 3 &#8211; 4 facher Zyklenfestigkeit gegen\u00fcber herk\u00f6mmlichen Batterien. Zuverl\u00e4ssiger Energielieferant f\u00fcr Ihr Reisemobil und Caravan. Geeignet auch f\u00fcr Dual Power zum Starten und Versorgen (z. B. Caravanrangierantrieb und Beleuchtung). Hohe Energienutzung durch die M\u00f6glichkeit einer schnellen Wiederaufladung. Sicherheitsventile und Wartungsfreiheit bieten eine extrem sichere Handhabung.<\/p>\n","protected":false},"featured_media":56094,"template":"","meta":{"_acf_changed":false},"product_featured_cat":[],"product_brand":[3383],"product_cat":[5108],"product_tag":[],"class_list":{"0":"post-56119","1":"product","2":"type-product","3":"status-publish","4":"has-post-thumbnail","6":"product_brand-varta-de","7":"product_cat-agm-batterien","9":"first","10":"instock","11":"taxable","12":"shipping-taxable","13":"purchasable","14":"product-type-variable"},"acf":[],"yoast_head":"<!-- This site is optimized with the Yoast SEO plugin v27.4 - https:\/\/yoast.com\/product\/yoast-seo-wordpress\/ -->\n<title>Batterie Professional AGM LA 105 AH _K20_ - Bantam Camping AG<\/title>\n<meta name=\"robots\" content=\"index, follow, max-snippet:-1, max-image-preview:large, max-video-preview:-1\" \/>\n<link rel=\"canonical\" href=\"https:\/\/shop.bantam.ch\/de\/produkt\/batterie-professional-agm-la-105-ah-_k20_\/\" \/>\n<meta property=\"og:locale\" content=\"de_DE\" \/>\n<meta property=\"og:type\" content=\"article\" \/>\n<meta property=\"og:title\" content=\"Batterie Professional AGM LA 105 AH _K20_ - Bantam Camping AG\" \/>\n<meta property=\"og:description\" content=\"Blei-S\u00e4ure Batterie der Spitzenklasse mit 3 &#8211; 4 facher Zyklenfestigkeit gegen\u00fcber herk\u00f6mmlichen Batterien. Zuverl\u00e4ssiger Energielieferant f\u00fcr Ihr Reisemobil und Caravan. Geeignet auch f\u00fcr Dual Power zum Starten und Versorgen (z. B. Caravanrangierantrieb und Beleuchtung). Hohe Energienutzung durch die M\u00f6glichkeit einer schnellen Wiederaufladung. Sicherheitsventile und Wartungsfreiheit bieten eine extrem sichere Handhabung.\" \/>\n<meta property=\"og:url\" content=\"https:\/\/shop.bantam.ch\/de\/produkt\/batterie-professional-agm-la-105-ah-_k20_\/\" \/>\n<meta property=\"og:site_name\" content=\"Bantam Camping AG\" \/>\n<meta property=\"article:modified_time\" content=\"2026-04-18T19:30:36+00:00\" \/>\n<meta property=\"og:image\" content=\"https:\/\/shop.bantam.ch\/wp-content\/uploads\/2023\/02\/9985917-VARTA_Batterie_Professional_AGM_LA_105_AH-Standard-01.jpg\" \/>\n\t<meta property=\"og:image:width\" content=\"1000\" \/>\n\t<meta property=\"og:image:height\" content=\"890\" \/>\n\t<meta property=\"og:image:type\" content=\"image\/jpeg\" \/>\n<meta name=\"twitter:card\" content=\"summary_large_image\" \/>\n<script type=\"application\/ld+json\" class=\"yoast-schema-graph\">{\"@context\":\"https:\\\/\\\/schema.org\",\"@graph\":[{\"@type\":\"WebPage\",\"@id\":\"https:\\\/\\\/shop.bantam.ch\\\/de\\\/produkt\\\/batterie-professional-agm-la-105-ah-_k20_\\\/\",\"url\":\"https:\\\/\\\/shop.bantam.ch\\\/de\\\/produkt\\\/batterie-professional-agm-la-105-ah-_k20_\\\/\",\"name\":\"Batterie Professional AGM LA 105 AH _K20_ - Bantam Camping AG\",\"isPartOf\":{\"@id\":\"https:\\\/\\\/shop.bantam.ch\\\/de\\\/#website\"},\"primaryImageOfPage\":{\"@id\":\"https:\\\/\\\/shop.bantam.ch\\\/de\\\/produkt\\\/batterie-professional-agm-la-105-ah-_k20_\\\/#primaryimage\"},\"image\":{\"@id\":\"https:\\\/\\\/shop.bantam.ch\\\/de\\\/produkt\\\/batterie-professional-agm-la-105-ah-_k20_\\\/#primaryimage\"},\"thumbnailUrl\":\"https:\\\/\\\/shop.bantam.ch\\\/wp-content\\\/uploads\\\/2023\\\/02\\\/9985917-VARTA_Batterie_Professional_AGM_LA_105_AH-Standard-01.jpg\",\"datePublished\":\"2023-02-24T11:57:32+00:00\",\"dateModified\":\"2026-04-18T19:30:36+00:00\",\"breadcrumb\":{\"@id\":\"https:\\\/\\\/shop.bantam.ch\\\/de\\\/produkt\\\/batterie-professional-agm-la-105-ah-_k20_\\\/#breadcrumb\"},\"inLanguage\":\"de\",\"potentialAction\":[{\"@type\":\"ReadAction\",\"target\":[\"https:\\\/\\\/shop.bantam.ch\\\/de\\\/produkt\\\/batterie-professional-agm-la-105-ah-_k20_\\\/\"]}]},{\"@type\":\"ImageObject\",\"inLanguage\":\"de\",\"@id\":\"https:\\\/\\\/shop.bantam.ch\\\/de\\\/produkt\\\/batterie-professional-agm-la-105-ah-_k20_\\\/#primaryimage\",\"url\":\"https:\\\/\\\/shop.bantam.ch\\\/wp-content\\\/uploads\\\/2023\\\/02\\\/9985917-VARTA_Batterie_Professional_AGM_LA_105_AH-Standard-01.jpg\",\"contentUrl\":\"https:\\\/\\\/shop.bantam.ch\\\/wp-content\\\/uploads\\\/2023\\\/02\\\/9985917-VARTA_Batterie_Professional_AGM_LA_105_AH-Standard-01.jpg\",\"width\":1000,\"height\":890},{\"@type\":\"BreadcrumbList\",\"@id\":\"https:\\\/\\\/shop.bantam.ch\\\/de\\\/produkt\\\/batterie-professional-agm-la-105-ah-_k20_\\\/#breadcrumb\",\"itemListElement\":[{\"@type\":\"ListItem\",\"position\":1,\"name\":\"Accueil\",\"item\":\"https:\\\/\\\/shop.bantam.ch\\\/de\\\/\"},{\"@type\":\"ListItem\",\"position\":2,\"name\":\"Shop\",\"item\":\"https:\\\/\\\/shop.bantam.ch\\\/de\\\/shop\\\/\"},{\"@type\":\"ListItem\",\"position\":3,\"name\":\"Batterie Professional AGM LA 105 AH _K20_\"}]},{\"@type\":\"WebSite\",\"@id\":\"https:\\\/\\\/shop.bantam.ch\\\/de\\\/#website\",\"url\":\"https:\\\/\\\/shop.bantam.ch\\\/de\\\/\",\"name\":\"Bantam Camping AG\",\"description\":\"\",\"publisher\":{\"@id\":\"https:\\\/\\\/shop.bantam.ch\\\/de\\\/#organization\"},\"inLanguage\":\"de\"},{\"@type\":\"Organization\",\"@id\":\"https:\\\/\\\/shop.bantam.ch\\\/de\\\/#organization\",\"name\":\"Bantam Camping AG\",\"url\":\"https:\\\/\\\/shop.bantam.ch\\\/de\\\/\",\"logo\":{\"@type\":\"ImageObject\",\"inLanguage\":\"de\",\"@id\":\"https:\\\/\\\/shop.bantam.ch\\\/de\\\/#\\\/schema\\\/logo\\\/image\\\/\",\"url\":\"https:\\\/\\\/shop.bantam.ch\\\/wp-content\\\/uploads\\\/2022\\\/12\\\/bantam-logo.png\",\"contentUrl\":\"https:\\\/\\\/shop.bantam.ch\\\/wp-content\\\/uploads\\\/2022\\\/12\\\/bantam-logo.png\",\"width\":320,\"height\":71,\"caption\":\"Bantam Camping AG\"},\"image\":{\"@id\":\"https:\\\/\\\/shop.bantam.ch\\\/de\\\/#\\\/schema\\\/logo\\\/image\\\/\"}}]}<\/script>\n<!-- \/ Yoast SEO plugin. -->","yoast_head_json":{"title":"Batterie Professional AGM LA 105 AH _K20_ - Bantam Camping AG","robots":{"index":"index","follow":"follow","max-snippet":"max-snippet:-1","max-image-preview":"max-image-preview:large","max-video-preview":"max-video-preview:-1"},"canonical":"https:\/\/shop.bantam.ch\/de\/produkt\/batterie-professional-agm-la-105-ah-_k20_\/","og_locale":"de_DE","og_type":"article","og_title":"Batterie Professional AGM LA 105 AH _K20_ - Bantam Camping AG","og_description":"Blei-S\u00e4ure Batterie der Spitzenklasse mit 3 &#8211; 4 facher Zyklenfestigkeit gegen\u00fcber herk\u00f6mmlichen Batterien. Zuverl\u00e4ssiger Energielieferant f\u00fcr Ihr Reisemobil und Caravan. Geeignet auch f\u00fcr Dual Power zum Starten und Versorgen (z. B. Caravanrangierantrieb und Beleuchtung). Hohe Energienutzung durch die M\u00f6glichkeit einer schnellen Wiederaufladung. Sicherheitsventile und Wartungsfreiheit bieten eine extrem sichere Handhabung.","og_url":"https:\/\/shop.bantam.ch\/de\/produkt\/batterie-professional-agm-la-105-ah-_k20_\/","og_site_name":"Bantam Camping AG","article_modified_time":"2026-04-18T19:30:36+00:00","og_image":[{"width":1000,"height":890,"url":"https:\/\/shop.bantam.ch\/wp-content\/uploads\/2023\/02\/9985917-VARTA_Batterie_Professional_AGM_LA_105_AH-Standard-01.jpg","type":"image\/jpeg"}],"twitter_card":"summary_large_image","schema":{"@context":"https:\/\/schema.org","@graph":[{"@type":"WebPage","@id":"https:\/\/shop.bantam.ch\/de\/produkt\/batterie-professional-agm-la-105-ah-_k20_\/","url":"https:\/\/shop.bantam.ch\/de\/produkt\/batterie-professional-agm-la-105-ah-_k20_\/","name":"Batterie Professional AGM LA 105 AH _K20_ - Bantam Camping AG","isPartOf":{"@id":"https:\/\/shop.bantam.ch\/de\/#website"},"primaryImageOfPage":{"@id":"https:\/\/shop.bantam.ch\/de\/produkt\/batterie-professional-agm-la-105-ah-_k20_\/#primaryimage"},"image":{"@id":"https:\/\/shop.bantam.ch\/de\/produkt\/batterie-professional-agm-la-105-ah-_k20_\/#primaryimage"},"thumbnailUrl":"https:\/\/shop.bantam.ch\/wp-content\/uploads\/2023\/02\/9985917-VARTA_Batterie_Professional_AGM_LA_105_AH-Standard-01.jpg","datePublished":"2023-02-24T11:57:32+00:00","dateModified":"2026-04-18T19:30:36+00:00","breadcrumb":{"@id":"https:\/\/shop.bantam.ch\/de\/produkt\/batterie-professional-agm-la-105-ah-_k20_\/#breadcrumb"},"inLanguage":"de","potentialAction":[{"@type":"ReadAction","target":["https:\/\/shop.bantam.ch\/de\/produkt\/batterie-professional-agm-la-105-ah-_k20_\/"]}]},{"@type":"ImageObject","inLanguage":"de","@id":"https:\/\/shop.bantam.ch\/de\/produkt\/batterie-professional-agm-la-105-ah-_k20_\/#primaryimage","url":"https:\/\/shop.bantam.ch\/wp-content\/uploads\/2023\/02\/9985917-VARTA_Batterie_Professional_AGM_LA_105_AH-Standard-01.jpg","contentUrl":"https:\/\/shop.bantam.ch\/wp-content\/uploads\/2023\/02\/9985917-VARTA_Batterie_Professional_AGM_LA_105_AH-Standard-01.jpg","width":1000,"height":890},{"@type":"BreadcrumbList","@id":"https:\/\/shop.bantam.ch\/de\/produkt\/batterie-professional-agm-la-105-ah-_k20_\/#breadcrumb","itemListElement":[{"@type":"ListItem","position":1,"name":"Accueil","item":"https:\/\/shop.bantam.ch\/de\/"},{"@type":"ListItem","position":2,"name":"Shop","item":"https:\/\/shop.bantam.ch\/de\/shop\/"},{"@type":"ListItem","position":3,"name":"Batterie Professional AGM LA 105 AH _K20_"}]},{"@type":"WebSite","@id":"https:\/\/shop.bantam.ch\/de\/#website","url":"https:\/\/shop.bantam.ch\/de\/","name":"Bantam Camping AG","description":"","publisher":{"@id":"https:\/\/shop.bantam.ch\/de\/#organization"},"inLanguage":"de"},{"@type":"Organization","@id":"https:\/\/shop.bantam.ch\/de\/#organization","name":"Bantam Camping AG","url":"https:\/\/shop.bantam.ch\/de\/","logo":{"@type":"ImageObject","inLanguage":"de","@id":"https:\/\/shop.bantam.ch\/de\/#\/schema\/logo\/image\/","url":"https:\/\/shop.bantam.ch\/wp-content\/uploads\/2022\/12\/bantam-logo.png","contentUrl":"https:\/\/shop.bantam.ch\/wp-content\/uploads\/2022\/12\/bantam-logo.png","width":320,"height":71,"caption":"Bantam Camping AG"},"image":{"@id":"https:\/\/shop.bantam.ch\/de\/#\/schema\/logo\/image\/"}}]}},"_links":{"self":[{"href":"https:\/\/shop.bantam.ch\/de\/wp-json\/wp\/v2\/product\/56119","targetHints":{"allow":["GET"]}}],"collection":[{"href":"https:\/\/shop.bantam.ch\/de\/wp-json\/wp\/v2\/product"}],"about":[{"href":"https:\/\/shop.bantam.ch\/de\/wp-json\/wp\/v2\/types\/product"}],"wp:featuredmedia":[{"embeddable":true,"href":"https:\/\/shop.bantam.ch\/de\/wp-json\/wp\/v2\/media\/56094"}],"wp:attachment":[{"href":"https:\/\/shop.bantam.ch\/de\/wp-json\/wp\/v2\/media?parent=56119"}],"wp:term":[{"taxonomy":"product_featured_cat","embeddable":true,"href":"https:\/\/shop.bantam.ch\/de\/wp-json\/wp\/v2\/product_featured_cat?post=56119"},{"taxonomy":"product_brand","embeddable":true,"href":"https:\/\/shop.bantam.ch\/de\/wp-json\/wp\/v2\/product_brand?post=56119"},{"taxonomy":"product_cat","embeddable":true,"href":"https:\/\/shop.bantam.ch\/de\/wp-json\/wp\/v2\/product_cat?post=56119"},{"taxonomy":"product_tag","embeddable":true,"href":"https:\/\/shop.bantam.ch\/de\/wp-json\/wp\/v2\/product_tag?post=56119"}],"curies":[{"name":"wp","href":"https:\/\/api.w.org\/{rel}","templated":true}]}}