{"id":55098,"date":"2023-02-24T12:49:08","date_gmt":"2023-02-24T11:49:08","guid":{"rendered":"http:\/\/preprod-dev.sh1.hidora.com\/webshop\/produit\/generator-energy-2510-benzin\/"},"modified":"2026-04-19T21:07:03","modified_gmt":"2026-04-19T19:07:03","slug":"generator-energy-2510-benzin","status":"publish","type":"product","link":"https:\/\/shop.bantam.ch\/de\/produkt\/generator-energy-2510-benzin\/","title":{"rendered":"Generator Telair Energy 2510 B"},"content":{"rendered":"<p>Superleiser mit Benzin betriebene Stromerzeuger mit Yamaha Motor und schallged\u00e4mmtem Metallgeh\u00e4use. V\u00f6llig automatischer, elektronischer Anlauf, Bedienteil bis zu 5 m entfernt montierbar. Betriebsstundenz\u00e4hler (Gesamt-und Teilstunden), Kontrollleuchte der Motortemperatur mit automatischer Motorsperre, \u00d6l- und Gas-Standanzeiger. Eingebautes Batterieladeger\u00e4t 12 V \/ 10 A. Herausziehbarer Schiebeboden f\u00fcr eine einfache Wartung des Generators.<\/p>\n<ul>\n<li>Motor: Yamaha MZ175<\/li>\n<li>Maximale Leistung: 2,5 kW &#8211; 230 V , 10 A \/ 12 V DC<\/li>\n<li>Frequenz: 50 Hz<\/li>\n<li>Startsystem: Electric Manual<\/li>\n<li>Ger\u00e4uschpegel: 58 dBA (7m)<\/li>\n<li>Maximaler Verbrauch: 1,2 l \/ h Benzin<\/li>\n<\/ul>\n","protected":false},"excerpt":{"rendered":"<p>Superleiser mit Benzin betriebene Stromerzeuger mit Yamaha Motor und schallged\u00e4mmtem Metallgeh\u00e4use. V\u00f6llig automatischer, elektronischer Anlauf, Bedienteil bis zu 5 m entfernt montierbar. Betriebsstundenz\u00e4hler (Gesamt-und Teilstunden), Kontrollleuchte der Motortemperatur mit automatischer Motorsperre, \u00d6l- und Gas-Standanzeiger. Eingebautes Batterieladeger\u00e4t 12 V \/ 10 A. Herausziehbarer Schiebeboden f\u00fcr eine einfache Wartung des Generators. Motor: Yamaha MZ175 Maximale Leistung: 2,5 [&hellip;]<\/p>\n","protected":false},"featured_media":55094,"template":"","meta":{"_acf_changed":false},"product_featured_cat":[],"product_brand":[3229],"product_cat":[4856],"product_tag":[],"class_list":{"0":"post-55098","1":"product","2":"type-product","3":"status-publish","4":"has-post-thumbnail","6":"product_brand-telair-de","7":"product_cat-benzin-generatoren","9":"first","10":"instock","11":"taxable","12":"shipping-taxable","13":"purchasable","14":"product-type-simple"},"acf":[],"yoast_head":"<!-- This site is optimized with the Yoast SEO plugin v27.4 - https:\/\/yoast.com\/product\/yoast-seo-wordpress\/ -->\n<title>Generator Telair Energy 2510 B - Bantam Camping AG<\/title>\n<meta name=\"robots\" content=\"index, follow, max-snippet:-1, max-image-preview:large, max-video-preview:-1\" \/>\n<link rel=\"canonical\" href=\"https:\/\/shop.bantam.ch\/de\/produkt\/generator-energy-2510-benzin\/\" \/>\n<meta property=\"og:locale\" content=\"de_DE\" \/>\n<meta property=\"og:type\" content=\"article\" \/>\n<meta property=\"og:title\" content=\"Generator Telair Energy 2510 B - Bantam Camping AG\" \/>\n<meta property=\"og:description\" content=\"Superleiser mit Benzin betriebene Stromerzeuger mit Yamaha Motor und schallged\u00e4mmtem Metallgeh\u00e4use. V\u00f6llig automatischer, elektronischer Anlauf, Bedienteil bis zu 5 m entfernt montierbar. Betriebsstundenz\u00e4hler (Gesamt-und Teilstunden), Kontrollleuchte der Motortemperatur mit automatischer Motorsperre, \u00d6l- und Gas-Standanzeiger. Eingebautes Batterieladeger\u00e4t 12 V \/ 10 A. Herausziehbarer Schiebeboden f\u00fcr eine einfache Wartung des Generators. Motor: Yamaha MZ175 Maximale Leistung: 2,5 [&hellip;]\" \/>\n<meta property=\"og:url\" content=\"https:\/\/shop.bantam.ch\/de\/produkt\/generator-energy-2510-benzin\/\" \/>\n<meta property=\"og:site_name\" content=\"Bantam Camping AG\" \/>\n<meta property=\"article:modified_time\" content=\"2026-04-19T19:07:03+00:00\" \/>\n<meta property=\"og:image\" content=\"https:\/\/shop.bantam.ch\/wp-content\/uploads\/2023\/02\/9952231-Generator_ENERGY_2510B-Standard-01-2.jpg\" \/>\n\t<meta property=\"og:image:width\" content=\"1000\" \/>\n\t<meta property=\"og:image:height\" content=\"593\" \/>\n\t<meta property=\"og:image:type\" content=\"image\/jpeg\" \/>\n<meta name=\"twitter:card\" content=\"summary_large_image\" \/>\n<script type=\"application\/ld+json\" class=\"yoast-schema-graph\">{\"@context\":\"https:\\\/\\\/schema.org\",\"@graph\":[{\"@type\":\"WebPage\",\"@id\":\"https:\\\/\\\/shop.bantam.ch\\\/de\\\/produkt\\\/generator-energy-2510-benzin\\\/\",\"url\":\"https:\\\/\\\/shop.bantam.ch\\\/de\\\/produkt\\\/generator-energy-2510-benzin\\\/\",\"name\":\"Generator Telair Energy 2510 B - Bantam Camping AG\",\"isPartOf\":{\"@id\":\"https:\\\/\\\/shop.bantam.ch\\\/de\\\/#website\"},\"primaryImageOfPage\":{\"@id\":\"https:\\\/\\\/shop.bantam.ch\\\/de\\\/produkt\\\/generator-energy-2510-benzin\\\/#primaryimage\"},\"image\":{\"@id\":\"https:\\\/\\\/shop.bantam.ch\\\/de\\\/produkt\\\/generator-energy-2510-benzin\\\/#primaryimage\"},\"thumbnailUrl\":\"https:\\\/\\\/shop.bantam.ch\\\/wp-content\\\/uploads\\\/2023\\\/02\\\/9952231-Generator_ENERGY_2510B-Standard-01-2.jpg\",\"datePublished\":\"2023-02-24T11:49:08+00:00\",\"dateModified\":\"2026-04-19T19:07:03+00:00\",\"breadcrumb\":{\"@id\":\"https:\\\/\\\/shop.bantam.ch\\\/de\\\/produkt\\\/generator-energy-2510-benzin\\\/#breadcrumb\"},\"inLanguage\":\"de\",\"potentialAction\":[{\"@type\":\"ReadAction\",\"target\":[\"https:\\\/\\\/shop.bantam.ch\\\/de\\\/produkt\\\/generator-energy-2510-benzin\\\/\"]}]},{\"@type\":\"ImageObject\",\"inLanguage\":\"de\",\"@id\":\"https:\\\/\\\/shop.bantam.ch\\\/de\\\/produkt\\\/generator-energy-2510-benzin\\\/#primaryimage\",\"url\":\"https:\\\/\\\/shop.bantam.ch\\\/wp-content\\\/uploads\\\/2023\\\/02\\\/9952231-Generator_ENERGY_2510B-Standard-01-2.jpg\",\"contentUrl\":\"https:\\\/\\\/shop.bantam.ch\\\/wp-content\\\/uploads\\\/2023\\\/02\\\/9952231-Generator_ENERGY_2510B-Standard-01-2.jpg\",\"width\":1000,\"height\":593},{\"@type\":\"BreadcrumbList\",\"@id\":\"https:\\\/\\\/shop.bantam.ch\\\/de\\\/produkt\\\/generator-energy-2510-benzin\\\/#breadcrumb\",\"itemListElement\":[{\"@type\":\"ListItem\",\"position\":1,\"name\":\"Accueil\",\"item\":\"https:\\\/\\\/shop.bantam.ch\\\/de\\\/\"},{\"@type\":\"ListItem\",\"position\":2,\"name\":\"Shop\",\"item\":\"https:\\\/\\\/shop.bantam.ch\\\/de\\\/shop\\\/\"},{\"@type\":\"ListItem\",\"position\":3,\"name\":\"Generator Telair Energy 2510 B\"}]},{\"@type\":\"WebSite\",\"@id\":\"https:\\\/\\\/shop.bantam.ch\\\/de\\\/#website\",\"url\":\"https:\\\/\\\/shop.bantam.ch\\\/de\\\/\",\"name\":\"Bantam Camping AG\",\"description\":\"\",\"publisher\":{\"@id\":\"https:\\\/\\\/shop.bantam.ch\\\/de\\\/#organization\"},\"inLanguage\":\"de\"},{\"@type\":\"Organization\",\"@id\":\"https:\\\/\\\/shop.bantam.ch\\\/de\\\/#organization\",\"name\":\"Bantam Camping AG\",\"url\":\"https:\\\/\\\/shop.bantam.ch\\\/de\\\/\",\"logo\":{\"@type\":\"ImageObject\",\"inLanguage\":\"de\",\"@id\":\"https:\\\/\\\/shop.bantam.ch\\\/de\\\/#\\\/schema\\\/logo\\\/image\\\/\",\"url\":\"https:\\\/\\\/shop.bantam.ch\\\/wp-content\\\/uploads\\\/2022\\\/12\\\/bantam-logo.png\",\"contentUrl\":\"https:\\\/\\\/shop.bantam.ch\\\/wp-content\\\/uploads\\\/2022\\\/12\\\/bantam-logo.png\",\"width\":320,\"height\":71,\"caption\":\"Bantam Camping AG\"},\"image\":{\"@id\":\"https:\\\/\\\/shop.bantam.ch\\\/de\\\/#\\\/schema\\\/logo\\\/image\\\/\"}}]}<\/script>\n<!-- \/ Yoast SEO plugin. -->","yoast_head_json":{"title":"Generator Telair Energy 2510 B - Bantam Camping AG","robots":{"index":"index","follow":"follow","max-snippet":"max-snippet:-1","max-image-preview":"max-image-preview:large","max-video-preview":"max-video-preview:-1"},"canonical":"https:\/\/shop.bantam.ch\/de\/produkt\/generator-energy-2510-benzin\/","og_locale":"de_DE","og_type":"article","og_title":"Generator Telair Energy 2510 B - Bantam Camping AG","og_description":"Superleiser mit Benzin betriebene Stromerzeuger mit Yamaha Motor und schallged\u00e4mmtem Metallgeh\u00e4use. V\u00f6llig automatischer, elektronischer Anlauf, Bedienteil bis zu 5 m entfernt montierbar. Betriebsstundenz\u00e4hler (Gesamt-und Teilstunden), Kontrollleuchte der Motortemperatur mit automatischer Motorsperre, \u00d6l- und Gas-Standanzeiger. Eingebautes Batterieladeger\u00e4t 12 V \/ 10 A. Herausziehbarer Schiebeboden f\u00fcr eine einfache Wartung des Generators. Motor: Yamaha MZ175 Maximale Leistung: 2,5 [&hellip;]","og_url":"https:\/\/shop.bantam.ch\/de\/produkt\/generator-energy-2510-benzin\/","og_site_name":"Bantam Camping AG","article_modified_time":"2026-04-19T19:07:03+00:00","og_image":[{"width":1000,"height":593,"url":"https:\/\/shop.bantam.ch\/wp-content\/uploads\/2023\/02\/9952231-Generator_ENERGY_2510B-Standard-01-2.jpg","type":"image\/jpeg"}],"twitter_card":"summary_large_image","schema":{"@context":"https:\/\/schema.org","@graph":[{"@type":"WebPage","@id":"https:\/\/shop.bantam.ch\/de\/produkt\/generator-energy-2510-benzin\/","url":"https:\/\/shop.bantam.ch\/de\/produkt\/generator-energy-2510-benzin\/","name":"Generator Telair Energy 2510 B - Bantam Camping AG","isPartOf":{"@id":"https:\/\/shop.bantam.ch\/de\/#website"},"primaryImageOfPage":{"@id":"https:\/\/shop.bantam.ch\/de\/produkt\/generator-energy-2510-benzin\/#primaryimage"},"image":{"@id":"https:\/\/shop.bantam.ch\/de\/produkt\/generator-energy-2510-benzin\/#primaryimage"},"thumbnailUrl":"https:\/\/shop.bantam.ch\/wp-content\/uploads\/2023\/02\/9952231-Generator_ENERGY_2510B-Standard-01-2.jpg","datePublished":"2023-02-24T11:49:08+00:00","dateModified":"2026-04-19T19:07:03+00:00","breadcrumb":{"@id":"https:\/\/shop.bantam.ch\/de\/produkt\/generator-energy-2510-benzin\/#breadcrumb"},"inLanguage":"de","potentialAction":[{"@type":"ReadAction","target":["https:\/\/shop.bantam.ch\/de\/produkt\/generator-energy-2510-benzin\/"]}]},{"@type":"ImageObject","inLanguage":"de","@id":"https:\/\/shop.bantam.ch\/de\/produkt\/generator-energy-2510-benzin\/#primaryimage","url":"https:\/\/shop.bantam.ch\/wp-content\/uploads\/2023\/02\/9952231-Generator_ENERGY_2510B-Standard-01-2.jpg","contentUrl":"https:\/\/shop.bantam.ch\/wp-content\/uploads\/2023\/02\/9952231-Generator_ENERGY_2510B-Standard-01-2.jpg","width":1000,"height":593},{"@type":"BreadcrumbList","@id":"https:\/\/shop.bantam.ch\/de\/produkt\/generator-energy-2510-benzin\/#breadcrumb","itemListElement":[{"@type":"ListItem","position":1,"name":"Accueil","item":"https:\/\/shop.bantam.ch\/de\/"},{"@type":"ListItem","position":2,"name":"Shop","item":"https:\/\/shop.bantam.ch\/de\/shop\/"},{"@type":"ListItem","position":3,"name":"Generator Telair Energy 2510 B"}]},{"@type":"WebSite","@id":"https:\/\/shop.bantam.ch\/de\/#website","url":"https:\/\/shop.bantam.ch\/de\/","name":"Bantam Camping AG","description":"","publisher":{"@id":"https:\/\/shop.bantam.ch\/de\/#organization"},"inLanguage":"de"},{"@type":"Organization","@id":"https:\/\/shop.bantam.ch\/de\/#organization","name":"Bantam Camping AG","url":"https:\/\/shop.bantam.ch\/de\/","logo":{"@type":"ImageObject","inLanguage":"de","@id":"https:\/\/shop.bantam.ch\/de\/#\/schema\/logo\/image\/","url":"https:\/\/shop.bantam.ch\/wp-content\/uploads\/2022\/12\/bantam-logo.png","contentUrl":"https:\/\/shop.bantam.ch\/wp-content\/uploads\/2022\/12\/bantam-logo.png","width":320,"height":71,"caption":"Bantam Camping AG"},"image":{"@id":"https:\/\/shop.bantam.ch\/de\/#\/schema\/logo\/image\/"}}]}},"_links":{"self":[{"href":"https:\/\/shop.bantam.ch\/de\/wp-json\/wp\/v2\/product\/55098","targetHints":{"allow":["GET"]}}],"collection":[{"href":"https:\/\/shop.bantam.ch\/de\/wp-json\/wp\/v2\/product"}],"about":[{"href":"https:\/\/shop.bantam.ch\/de\/wp-json\/wp\/v2\/types\/product"}],"wp:featuredmedia":[{"embeddable":true,"href":"https:\/\/shop.bantam.ch\/de\/wp-json\/wp\/v2\/media\/55094"}],"wp:attachment":[{"href":"https:\/\/shop.bantam.ch\/de\/wp-json\/wp\/v2\/media?parent=55098"}],"wp:term":[{"taxonomy":"product_featured_cat","embeddable":true,"href":"https:\/\/shop.bantam.ch\/de\/wp-json\/wp\/v2\/product_featured_cat?post=55098"},{"taxonomy":"product_brand","embeddable":true,"href":"https:\/\/shop.bantam.ch\/de\/wp-json\/wp\/v2\/product_brand?post=55098"},{"taxonomy":"product_cat","embeddable":true,"href":"https:\/\/shop.bantam.ch\/de\/wp-json\/wp\/v2\/product_cat?post=55098"},{"taxonomy":"product_tag","embeddable":true,"href":"https:\/\/shop.bantam.ch\/de\/wp-json\/wp\/v2\/product_tag?post=55098"}],"curies":[{"name":"wp","href":"https:\/\/api.w.org\/{rel}","templated":true}]}}