{"id":54730,"date":"2023-02-23T15:02:01","date_gmt":"2023-02-23T14:02:01","guid":{"rendered":"http:\/\/preprod-dev.sh1.hidora.com\/webshop\/produit\/haltestange-barkeeper-eiche\/"},"modified":"2026-04-17T21:35:08","modified_gmt":"2026-04-17T19:35:08","slug":"haltestange-barkeeper-eiche","status":"publish","type":"product","link":"https:\/\/shop.bantam.ch\/de\/produkt\/haltestange-barkeeper-eiche\/","title":{"rendered":"Haltestange Barkeeper Eiche"},"content":{"rendered":"<p>Teleskopierbare Haltestange mit rutschfesten TPR-Endkappen. Wird gegen die Inhalte von K\u00fchlschrank oder Vorratsschrank geschoben und verhindert zuverl\u00e4ssig das Verrutschen oder Umkippen w\u00e4hrend der Fahrt. Sogar Milcht\u00fcten k\u00f6nnen offen stehen bleiben. Material aus langlebigem und leichtem Aluminium.<\/p>\n","protected":false},"excerpt":{"rendered":"<p>Teleskopierbare Haltestange mit rutschfesten TPR-Endkappen. Wird gegen die Inhalte von K\u00fchlschrank oder Vorratsschrank geschoben und verhindert zuverl\u00e4ssig das Verrutschen oder Umkippen w\u00e4hrend der Fahrt. Sogar Milcht\u00fcten k\u00f6nnen offen stehen bleiben. Material aus langlebigem und leichtem Aluminium.<\/p>\n","protected":false},"featured_media":54720,"template":"","meta":{"_acf_changed":false},"product_featured_cat":[],"product_brand":[3117],"product_cat":[5150],"product_tag":[],"class_list":{"0":"post-54730","1":"product","2":"type-product","3":"status-publish","4":"has-post-thumbnail","6":"product_brand-peggy-peg-de","7":"product_cat-fixiermodule","9":"first","10":"instock","11":"taxable","12":"shipping-taxable","13":"purchasable","14":"product-type-variable"},"acf":[],"yoast_head":"<!-- This site is optimized with the Yoast SEO plugin v27.4 - https:\/\/yoast.com\/product\/yoast-seo-wordpress\/ -->\n<title>Haltestange Barkeeper Eiche - Bantam Camping AG<\/title>\n<meta name=\"robots\" content=\"index, follow, max-snippet:-1, max-image-preview:large, max-video-preview:-1\" \/>\n<link rel=\"canonical\" href=\"https:\/\/shop.bantam.ch\/de\/produkt\/haltestange-barkeeper-eiche\/\" \/>\n<meta property=\"og:locale\" content=\"de_DE\" \/>\n<meta property=\"og:type\" content=\"article\" \/>\n<meta property=\"og:title\" content=\"Haltestange Barkeeper Eiche - Bantam Camping AG\" \/>\n<meta property=\"og:description\" content=\"Teleskopierbare Haltestange mit rutschfesten TPR-Endkappen. Wird gegen die Inhalte von K\u00fchlschrank oder Vorratsschrank geschoben und verhindert zuverl\u00e4ssig das Verrutschen oder Umkippen w\u00e4hrend der Fahrt. Sogar Milcht\u00fcten k\u00f6nnen offen stehen bleiben. Material aus langlebigem und leichtem Aluminium.\" \/>\n<meta property=\"og:url\" content=\"https:\/\/shop.bantam.ch\/de\/produkt\/haltestange-barkeeper-eiche\/\" \/>\n<meta property=\"og:site_name\" content=\"Bantam Camping AG\" \/>\n<meta property=\"article:modified_time\" content=\"2026-04-17T19:35:08+00:00\" \/>\n<meta property=\"og:image\" content=\"https:\/\/shop.bantam.ch\/wp-content\/uploads\/2023\/02\/995009211.png\" \/>\n\t<meta property=\"og:image:width\" content=\"1216\" \/>\n\t<meta property=\"og:image:height\" content=\"807\" \/>\n\t<meta property=\"og:image:type\" content=\"image\/png\" \/>\n<meta name=\"twitter:card\" content=\"summary_large_image\" \/>\n<script type=\"application\/ld+json\" class=\"yoast-schema-graph\">{\"@context\":\"https:\\\/\\\/schema.org\",\"@graph\":[{\"@type\":\"WebPage\",\"@id\":\"https:\\\/\\\/shop.bantam.ch\\\/de\\\/produkt\\\/haltestange-barkeeper-eiche\\\/\",\"url\":\"https:\\\/\\\/shop.bantam.ch\\\/de\\\/produkt\\\/haltestange-barkeeper-eiche\\\/\",\"name\":\"Haltestange Barkeeper Eiche - Bantam Camping AG\",\"isPartOf\":{\"@id\":\"https:\\\/\\\/shop.bantam.ch\\\/de\\\/#website\"},\"primaryImageOfPage\":{\"@id\":\"https:\\\/\\\/shop.bantam.ch\\\/de\\\/produkt\\\/haltestange-barkeeper-eiche\\\/#primaryimage\"},\"image\":{\"@id\":\"https:\\\/\\\/shop.bantam.ch\\\/de\\\/produkt\\\/haltestange-barkeeper-eiche\\\/#primaryimage\"},\"thumbnailUrl\":\"https:\\\/\\\/shop.bantam.ch\\\/wp-content\\\/uploads\\\/2023\\\/02\\\/995009211.png\",\"datePublished\":\"2023-02-23T14:02:01+00:00\",\"dateModified\":\"2026-04-17T19:35:08+00:00\",\"breadcrumb\":{\"@id\":\"https:\\\/\\\/shop.bantam.ch\\\/de\\\/produkt\\\/haltestange-barkeeper-eiche\\\/#breadcrumb\"},\"inLanguage\":\"de\",\"potentialAction\":[{\"@type\":\"ReadAction\",\"target\":[\"https:\\\/\\\/shop.bantam.ch\\\/de\\\/produkt\\\/haltestange-barkeeper-eiche\\\/\"]}]},{\"@type\":\"ImageObject\",\"inLanguage\":\"de\",\"@id\":\"https:\\\/\\\/shop.bantam.ch\\\/de\\\/produkt\\\/haltestange-barkeeper-eiche\\\/#primaryimage\",\"url\":\"https:\\\/\\\/shop.bantam.ch\\\/wp-content\\\/uploads\\\/2023\\\/02\\\/995009211.png\",\"contentUrl\":\"https:\\\/\\\/shop.bantam.ch\\\/wp-content\\\/uploads\\\/2023\\\/02\\\/995009211.png\",\"width\":1216,\"height\":807},{\"@type\":\"BreadcrumbList\",\"@id\":\"https:\\\/\\\/shop.bantam.ch\\\/de\\\/produkt\\\/haltestange-barkeeper-eiche\\\/#breadcrumb\",\"itemListElement\":[{\"@type\":\"ListItem\",\"position\":1,\"name\":\"Accueil\",\"item\":\"https:\\\/\\\/shop.bantam.ch\\\/de\\\/\"},{\"@type\":\"ListItem\",\"position\":2,\"name\":\"Shop\",\"item\":\"https:\\\/\\\/shop.bantam.ch\\\/de\\\/shop\\\/\"},{\"@type\":\"ListItem\",\"position\":3,\"name\":\"Haltestange Barkeeper Eiche\"}]},{\"@type\":\"WebSite\",\"@id\":\"https:\\\/\\\/shop.bantam.ch\\\/de\\\/#website\",\"url\":\"https:\\\/\\\/shop.bantam.ch\\\/de\\\/\",\"name\":\"Bantam Camping AG\",\"description\":\"\",\"publisher\":{\"@id\":\"https:\\\/\\\/shop.bantam.ch\\\/de\\\/#organization\"},\"inLanguage\":\"de\"},{\"@type\":\"Organization\",\"@id\":\"https:\\\/\\\/shop.bantam.ch\\\/de\\\/#organization\",\"name\":\"Bantam Camping AG\",\"url\":\"https:\\\/\\\/shop.bantam.ch\\\/de\\\/\",\"logo\":{\"@type\":\"ImageObject\",\"inLanguage\":\"de\",\"@id\":\"https:\\\/\\\/shop.bantam.ch\\\/de\\\/#\\\/schema\\\/logo\\\/image\\\/\",\"url\":\"https:\\\/\\\/shop.bantam.ch\\\/wp-content\\\/uploads\\\/2022\\\/12\\\/bantam-logo.png\",\"contentUrl\":\"https:\\\/\\\/shop.bantam.ch\\\/wp-content\\\/uploads\\\/2022\\\/12\\\/bantam-logo.png\",\"width\":320,\"height\":71,\"caption\":\"Bantam Camping AG\"},\"image\":{\"@id\":\"https:\\\/\\\/shop.bantam.ch\\\/de\\\/#\\\/schema\\\/logo\\\/image\\\/\"}}]}<\/script>\n<!-- \/ Yoast SEO plugin. -->","yoast_head_json":{"title":"Haltestange Barkeeper Eiche - Bantam Camping AG","robots":{"index":"index","follow":"follow","max-snippet":"max-snippet:-1","max-image-preview":"max-image-preview:large","max-video-preview":"max-video-preview:-1"},"canonical":"https:\/\/shop.bantam.ch\/de\/produkt\/haltestange-barkeeper-eiche\/","og_locale":"de_DE","og_type":"article","og_title":"Haltestange Barkeeper Eiche - Bantam Camping AG","og_description":"Teleskopierbare Haltestange mit rutschfesten TPR-Endkappen. Wird gegen die Inhalte von K\u00fchlschrank oder Vorratsschrank geschoben und verhindert zuverl\u00e4ssig das Verrutschen oder Umkippen w\u00e4hrend der Fahrt. Sogar Milcht\u00fcten k\u00f6nnen offen stehen bleiben. Material aus langlebigem und leichtem Aluminium.","og_url":"https:\/\/shop.bantam.ch\/de\/produkt\/haltestange-barkeeper-eiche\/","og_site_name":"Bantam Camping AG","article_modified_time":"2026-04-17T19:35:08+00:00","og_image":[{"width":1216,"height":807,"url":"https:\/\/shop.bantam.ch\/wp-content\/uploads\/2023\/02\/995009211.png","type":"image\/png"}],"twitter_card":"summary_large_image","schema":{"@context":"https:\/\/schema.org","@graph":[{"@type":"WebPage","@id":"https:\/\/shop.bantam.ch\/de\/produkt\/haltestange-barkeeper-eiche\/","url":"https:\/\/shop.bantam.ch\/de\/produkt\/haltestange-barkeeper-eiche\/","name":"Haltestange Barkeeper Eiche - Bantam Camping AG","isPartOf":{"@id":"https:\/\/shop.bantam.ch\/de\/#website"},"primaryImageOfPage":{"@id":"https:\/\/shop.bantam.ch\/de\/produkt\/haltestange-barkeeper-eiche\/#primaryimage"},"image":{"@id":"https:\/\/shop.bantam.ch\/de\/produkt\/haltestange-barkeeper-eiche\/#primaryimage"},"thumbnailUrl":"https:\/\/shop.bantam.ch\/wp-content\/uploads\/2023\/02\/995009211.png","datePublished":"2023-02-23T14:02:01+00:00","dateModified":"2026-04-17T19:35:08+00:00","breadcrumb":{"@id":"https:\/\/shop.bantam.ch\/de\/produkt\/haltestange-barkeeper-eiche\/#breadcrumb"},"inLanguage":"de","potentialAction":[{"@type":"ReadAction","target":["https:\/\/shop.bantam.ch\/de\/produkt\/haltestange-barkeeper-eiche\/"]}]},{"@type":"ImageObject","inLanguage":"de","@id":"https:\/\/shop.bantam.ch\/de\/produkt\/haltestange-barkeeper-eiche\/#primaryimage","url":"https:\/\/shop.bantam.ch\/wp-content\/uploads\/2023\/02\/995009211.png","contentUrl":"https:\/\/shop.bantam.ch\/wp-content\/uploads\/2023\/02\/995009211.png","width":1216,"height":807},{"@type":"BreadcrumbList","@id":"https:\/\/shop.bantam.ch\/de\/produkt\/haltestange-barkeeper-eiche\/#breadcrumb","itemListElement":[{"@type":"ListItem","position":1,"name":"Accueil","item":"https:\/\/shop.bantam.ch\/de\/"},{"@type":"ListItem","position":2,"name":"Shop","item":"https:\/\/shop.bantam.ch\/de\/shop\/"},{"@type":"ListItem","position":3,"name":"Haltestange Barkeeper Eiche"}]},{"@type":"WebSite","@id":"https:\/\/shop.bantam.ch\/de\/#website","url":"https:\/\/shop.bantam.ch\/de\/","name":"Bantam Camping AG","description":"","publisher":{"@id":"https:\/\/shop.bantam.ch\/de\/#organization"},"inLanguage":"de"},{"@type":"Organization","@id":"https:\/\/shop.bantam.ch\/de\/#organization","name":"Bantam Camping AG","url":"https:\/\/shop.bantam.ch\/de\/","logo":{"@type":"ImageObject","inLanguage":"de","@id":"https:\/\/shop.bantam.ch\/de\/#\/schema\/logo\/image\/","url":"https:\/\/shop.bantam.ch\/wp-content\/uploads\/2022\/12\/bantam-logo.png","contentUrl":"https:\/\/shop.bantam.ch\/wp-content\/uploads\/2022\/12\/bantam-logo.png","width":320,"height":71,"caption":"Bantam Camping AG"},"image":{"@id":"https:\/\/shop.bantam.ch\/de\/#\/schema\/logo\/image\/"}}]}},"_links":{"self":[{"href":"https:\/\/shop.bantam.ch\/de\/wp-json\/wp\/v2\/product\/54730","targetHints":{"allow":["GET"]}}],"collection":[{"href":"https:\/\/shop.bantam.ch\/de\/wp-json\/wp\/v2\/product"}],"about":[{"href":"https:\/\/shop.bantam.ch\/de\/wp-json\/wp\/v2\/types\/product"}],"wp:featuredmedia":[{"embeddable":true,"href":"https:\/\/shop.bantam.ch\/de\/wp-json\/wp\/v2\/media\/54720"}],"wp:attachment":[{"href":"https:\/\/shop.bantam.ch\/de\/wp-json\/wp\/v2\/media?parent=54730"}],"wp:term":[{"taxonomy":"product_featured_cat","embeddable":true,"href":"https:\/\/shop.bantam.ch\/de\/wp-json\/wp\/v2\/product_featured_cat?post=54730"},{"taxonomy":"product_brand","embeddable":true,"href":"https:\/\/shop.bantam.ch\/de\/wp-json\/wp\/v2\/product_brand?post=54730"},{"taxonomy":"product_cat","embeddable":true,"href":"https:\/\/shop.bantam.ch\/de\/wp-json\/wp\/v2\/product_cat?post=54730"},{"taxonomy":"product_tag","embeddable":true,"href":"https:\/\/shop.bantam.ch\/de\/wp-json\/wp\/v2\/product_tag?post=54730"}],"curies":[{"name":"wp","href":"https:\/\/api.w.org\/{rel}","templated":true}]}}