{"id":54716,"date":"2024-02-27T15:01:43","date_gmt":"2024-02-27T14:01:43","guid":{"rendered":"http:\/\/preprod-dev.sh1.hidora.com\/webshop\/produit\/espressokocher-lucino\/"},"modified":"2026-04-18T21:35:44","modified_gmt":"2026-04-18T19:35:44","slug":"espressokocher-lucino","status":"publish","type":"product","link":"https:\/\/shop.bantam.ch\/de\/produkt\/espressokocher-lucino\/","title":{"rendered":"Espressokocher Lucino"},"content":{"rendered":"<p>Man nehme Wasser, gemahlenes Espressopulver, den Espressokocher Lucino aus Aluminium und einen Herd. Das Ergebnis &#8211; aromatischer Espresso, blitzschnell zubereitet. Aus extrem w\u00e4rmeleitf\u00e4higem Aluminium gefertigt, wird der Espressokocher auf Elektro-, Gas- oder Ceranherd schnell hei\u00df, das kochende Wasser steigt auf, durchdringt das Espressopulver und bringt den k\u00f6stlichen kleinen Kaffee in die aufgeschraubte Kanne. Der w\u00e4rmeisolierte Kunststoffgriff des kompakten Espressokochers sorgt f\u00fcr sicheres Einschenken und durch die Ausgie\u00dfnase geht nicht ein Tr\u00f6pfchen des italienischen Muntermachers verloren.<\/p>\n","protected":false},"excerpt":{"rendered":"<p>Man nehme Wasser, gemahlenes Espressopulver, den Espressokocher Lucino aus Aluminium und einen Herd. Das Ergebnis &#8211; aromatischer Espresso, blitzschnell zubereitet. Aus extrem w\u00e4rmeleitf\u00e4higem Aluminium gefertigt, wird der Espressokocher auf Elektro-, Gas- oder Ceranherd schnell hei\u00df, das kochende Wasser steigt auf, durchdringt das Espressopulver und bringt den k\u00f6stlichen kleinen Kaffee in die aufgeschraubte Kanne. Der w\u00e4rmeisolierte [&hellip;]<\/p>\n","protected":false},"featured_media":54704,"template":"","meta":{"_acf_changed":false},"product_featured_cat":[],"product_brand":[3343],"product_cat":[4298],"product_tag":[],"class_list":{"0":"post-54716","1":"product","2":"type-product","3":"status-publish","4":"has-post-thumbnail","6":"product_brand-gefu-de","7":"product_cat-kaffeemaschinen-wasserkocher","9":"first","10":"instock","11":"taxable","12":"shipping-taxable","13":"purchasable","14":"product-type-variable"},"acf":[],"yoast_head":"<!-- This site is optimized with the Yoast SEO plugin v27.4 - https:\/\/yoast.com\/product\/yoast-seo-wordpress\/ -->\n<title>Espressokocher Lucino - Bantam Camping AG<\/title>\n<meta name=\"robots\" content=\"index, follow, max-snippet:-1, max-image-preview:large, max-video-preview:-1\" \/>\n<link rel=\"canonical\" href=\"https:\/\/shop.bantam.ch\/de\/produkt\/espressokocher-lucino\/\" \/>\n<meta property=\"og:locale\" content=\"de_DE\" \/>\n<meta property=\"og:type\" content=\"article\" \/>\n<meta property=\"og:title\" content=\"Espressokocher Lucino - Bantam Camping AG\" \/>\n<meta property=\"og:description\" content=\"Man nehme Wasser, gemahlenes Espressopulver, den Espressokocher Lucino aus Aluminium und einen Herd. Das Ergebnis &#8211; aromatischer Espresso, blitzschnell zubereitet. Aus extrem w\u00e4rmeleitf\u00e4higem Aluminium gefertigt, wird der Espressokocher auf Elektro-, Gas- oder Ceranherd schnell hei\u00df, das kochende Wasser steigt auf, durchdringt das Espressopulver und bringt den k\u00f6stlichen kleinen Kaffee in die aufgeschraubte Kanne. Der w\u00e4rmeisolierte [&hellip;]\" \/>\n<meta property=\"og:url\" content=\"https:\/\/shop.bantam.ch\/de\/produkt\/espressokocher-lucino\/\" \/>\n<meta property=\"og:site_name\" content=\"Bantam Camping AG\" \/>\n<meta property=\"article:modified_time\" content=\"2026-04-18T19:35:44+00:00\" \/>\n<meta property=\"og:image\" content=\"https:\/\/shop.bantam.ch\/wp-content\/uploads\/2023\/02\/9950472-Espressokocher_Gefu_Lucino_3_Tassen-Standard-01.jpg\" \/>\n\t<meta property=\"og:image:width\" content=\"665\" \/>\n\t<meta property=\"og:image:height\" content=\"1000\" \/>\n\t<meta property=\"og:image:type\" content=\"image\/jpeg\" \/>\n<meta name=\"twitter:card\" content=\"summary_large_image\" \/>\n<script type=\"application\/ld+json\" class=\"yoast-schema-graph\">{\"@context\":\"https:\\\/\\\/schema.org\",\"@graph\":[{\"@type\":\"WebPage\",\"@id\":\"https:\\\/\\\/shop.bantam.ch\\\/de\\\/produkt\\\/espressokocher-lucino\\\/\",\"url\":\"https:\\\/\\\/shop.bantam.ch\\\/de\\\/produkt\\\/espressokocher-lucino\\\/\",\"name\":\"Espressokocher Lucino - Bantam Camping AG\",\"isPartOf\":{\"@id\":\"https:\\\/\\\/shop.bantam.ch\\\/de\\\/#website\"},\"primaryImageOfPage\":{\"@id\":\"https:\\\/\\\/shop.bantam.ch\\\/de\\\/produkt\\\/espressokocher-lucino\\\/#primaryimage\"},\"image\":{\"@id\":\"https:\\\/\\\/shop.bantam.ch\\\/de\\\/produkt\\\/espressokocher-lucino\\\/#primaryimage\"},\"thumbnailUrl\":\"https:\\\/\\\/shop.bantam.ch\\\/wp-content\\\/uploads\\\/2023\\\/02\\\/9950472-Espressokocher_Gefu_Lucino_3_Tassen-Standard-02.jpg\",\"datePublished\":\"2024-02-27T14:01:43+00:00\",\"dateModified\":\"2026-04-18T19:35:44+00:00\",\"breadcrumb\":{\"@id\":\"https:\\\/\\\/shop.bantam.ch\\\/de\\\/produkt\\\/espressokocher-lucino\\\/#breadcrumb\"},\"inLanguage\":\"de\",\"potentialAction\":[{\"@type\":\"ReadAction\",\"target\":[\"https:\\\/\\\/shop.bantam.ch\\\/de\\\/produkt\\\/espressokocher-lucino\\\/\"]}]},{\"@type\":\"ImageObject\",\"inLanguage\":\"de\",\"@id\":\"https:\\\/\\\/shop.bantam.ch\\\/de\\\/produkt\\\/espressokocher-lucino\\\/#primaryimage\",\"url\":\"https:\\\/\\\/shop.bantam.ch\\\/wp-content\\\/uploads\\\/2023\\\/02\\\/9950472-Espressokocher_Gefu_Lucino_3_Tassen-Standard-02.jpg\",\"contentUrl\":\"https:\\\/\\\/shop.bantam.ch\\\/wp-content\\\/uploads\\\/2023\\\/02\\\/9950472-Espressokocher_Gefu_Lucino_3_Tassen-Standard-02.jpg\",\"width\":1000,\"height\":725},{\"@type\":\"BreadcrumbList\",\"@id\":\"https:\\\/\\\/shop.bantam.ch\\\/de\\\/produkt\\\/espressokocher-lucino\\\/#breadcrumb\",\"itemListElement\":[{\"@type\":\"ListItem\",\"position\":1,\"name\":\"Accueil\",\"item\":\"https:\\\/\\\/shop.bantam.ch\\\/de\\\/\"},{\"@type\":\"ListItem\",\"position\":2,\"name\":\"Shop\",\"item\":\"https:\\\/\\\/shop.bantam.ch\\\/de\\\/shop\\\/\"},{\"@type\":\"ListItem\",\"position\":3,\"name\":\"Espressokocher Lucino\"}]},{\"@type\":\"WebSite\",\"@id\":\"https:\\\/\\\/shop.bantam.ch\\\/de\\\/#website\",\"url\":\"https:\\\/\\\/shop.bantam.ch\\\/de\\\/\",\"name\":\"Bantam Camping AG\",\"description\":\"\",\"publisher\":{\"@id\":\"https:\\\/\\\/shop.bantam.ch\\\/de\\\/#organization\"},\"inLanguage\":\"de\"},{\"@type\":\"Organization\",\"@id\":\"https:\\\/\\\/shop.bantam.ch\\\/de\\\/#organization\",\"name\":\"Bantam Camping AG\",\"url\":\"https:\\\/\\\/shop.bantam.ch\\\/de\\\/\",\"logo\":{\"@type\":\"ImageObject\",\"inLanguage\":\"de\",\"@id\":\"https:\\\/\\\/shop.bantam.ch\\\/de\\\/#\\\/schema\\\/logo\\\/image\\\/\",\"url\":\"https:\\\/\\\/shop.bantam.ch\\\/wp-content\\\/uploads\\\/2022\\\/12\\\/bantam-logo.png\",\"contentUrl\":\"https:\\\/\\\/shop.bantam.ch\\\/wp-content\\\/uploads\\\/2022\\\/12\\\/bantam-logo.png\",\"width\":320,\"height\":71,\"caption\":\"Bantam Camping AG\"},\"image\":{\"@id\":\"https:\\\/\\\/shop.bantam.ch\\\/de\\\/#\\\/schema\\\/logo\\\/image\\\/\"}}]}<\/script>\n<!-- \/ Yoast SEO plugin. -->","yoast_head_json":{"title":"Espressokocher Lucino - Bantam Camping AG","robots":{"index":"index","follow":"follow","max-snippet":"max-snippet:-1","max-image-preview":"max-image-preview:large","max-video-preview":"max-video-preview:-1"},"canonical":"https:\/\/shop.bantam.ch\/de\/produkt\/espressokocher-lucino\/","og_locale":"de_DE","og_type":"article","og_title":"Espressokocher Lucino - Bantam Camping AG","og_description":"Man nehme Wasser, gemahlenes Espressopulver, den Espressokocher Lucino aus Aluminium und einen Herd. Das Ergebnis &#8211; aromatischer Espresso, blitzschnell zubereitet. Aus extrem w\u00e4rmeleitf\u00e4higem Aluminium gefertigt, wird der Espressokocher auf Elektro-, Gas- oder Ceranherd schnell hei\u00df, das kochende Wasser steigt auf, durchdringt das Espressopulver und bringt den k\u00f6stlichen kleinen Kaffee in die aufgeschraubte Kanne. Der w\u00e4rmeisolierte [&hellip;]","og_url":"https:\/\/shop.bantam.ch\/de\/produkt\/espressokocher-lucino\/","og_site_name":"Bantam Camping AG","article_modified_time":"2026-04-18T19:35:44+00:00","og_image":[{"width":665,"height":1000,"url":"https:\/\/shop.bantam.ch\/wp-content\/uploads\/2023\/02\/9950472-Espressokocher_Gefu_Lucino_3_Tassen-Standard-01.jpg","type":"image\/jpeg"}],"twitter_card":"summary_large_image","schema":{"@context":"https:\/\/schema.org","@graph":[{"@type":"WebPage","@id":"https:\/\/shop.bantam.ch\/de\/produkt\/espressokocher-lucino\/","url":"https:\/\/shop.bantam.ch\/de\/produkt\/espressokocher-lucino\/","name":"Espressokocher Lucino - Bantam Camping AG","isPartOf":{"@id":"https:\/\/shop.bantam.ch\/de\/#website"},"primaryImageOfPage":{"@id":"https:\/\/shop.bantam.ch\/de\/produkt\/espressokocher-lucino\/#primaryimage"},"image":{"@id":"https:\/\/shop.bantam.ch\/de\/produkt\/espressokocher-lucino\/#primaryimage"},"thumbnailUrl":"https:\/\/shop.bantam.ch\/wp-content\/uploads\/2023\/02\/9950472-Espressokocher_Gefu_Lucino_3_Tassen-Standard-02.jpg","datePublished":"2024-02-27T14:01:43+00:00","dateModified":"2026-04-18T19:35:44+00:00","breadcrumb":{"@id":"https:\/\/shop.bantam.ch\/de\/produkt\/espressokocher-lucino\/#breadcrumb"},"inLanguage":"de","potentialAction":[{"@type":"ReadAction","target":["https:\/\/shop.bantam.ch\/de\/produkt\/espressokocher-lucino\/"]}]},{"@type":"ImageObject","inLanguage":"de","@id":"https:\/\/shop.bantam.ch\/de\/produkt\/espressokocher-lucino\/#primaryimage","url":"https:\/\/shop.bantam.ch\/wp-content\/uploads\/2023\/02\/9950472-Espressokocher_Gefu_Lucino_3_Tassen-Standard-02.jpg","contentUrl":"https:\/\/shop.bantam.ch\/wp-content\/uploads\/2023\/02\/9950472-Espressokocher_Gefu_Lucino_3_Tassen-Standard-02.jpg","width":1000,"height":725},{"@type":"BreadcrumbList","@id":"https:\/\/shop.bantam.ch\/de\/produkt\/espressokocher-lucino\/#breadcrumb","itemListElement":[{"@type":"ListItem","position":1,"name":"Accueil","item":"https:\/\/shop.bantam.ch\/de\/"},{"@type":"ListItem","position":2,"name":"Shop","item":"https:\/\/shop.bantam.ch\/de\/shop\/"},{"@type":"ListItem","position":3,"name":"Espressokocher Lucino"}]},{"@type":"WebSite","@id":"https:\/\/shop.bantam.ch\/de\/#website","url":"https:\/\/shop.bantam.ch\/de\/","name":"Bantam Camping AG","description":"","publisher":{"@id":"https:\/\/shop.bantam.ch\/de\/#organization"},"inLanguage":"de"},{"@type":"Organization","@id":"https:\/\/shop.bantam.ch\/de\/#organization","name":"Bantam Camping AG","url":"https:\/\/shop.bantam.ch\/de\/","logo":{"@type":"ImageObject","inLanguage":"de","@id":"https:\/\/shop.bantam.ch\/de\/#\/schema\/logo\/image\/","url":"https:\/\/shop.bantam.ch\/wp-content\/uploads\/2022\/12\/bantam-logo.png","contentUrl":"https:\/\/shop.bantam.ch\/wp-content\/uploads\/2022\/12\/bantam-logo.png","width":320,"height":71,"caption":"Bantam Camping AG"},"image":{"@id":"https:\/\/shop.bantam.ch\/de\/#\/schema\/logo\/image\/"}}]}},"_links":{"self":[{"href":"https:\/\/shop.bantam.ch\/de\/wp-json\/wp\/v2\/product\/54716","targetHints":{"allow":["GET"]}}],"collection":[{"href":"https:\/\/shop.bantam.ch\/de\/wp-json\/wp\/v2\/product"}],"about":[{"href":"https:\/\/shop.bantam.ch\/de\/wp-json\/wp\/v2\/types\/product"}],"wp:featuredmedia":[{"embeddable":true,"href":"https:\/\/shop.bantam.ch\/de\/wp-json\/wp\/v2\/media\/54704"}],"wp:attachment":[{"href":"https:\/\/shop.bantam.ch\/de\/wp-json\/wp\/v2\/media?parent=54716"}],"wp:term":[{"taxonomy":"product_featured_cat","embeddable":true,"href":"https:\/\/shop.bantam.ch\/de\/wp-json\/wp\/v2\/product_featured_cat?post=54716"},{"taxonomy":"product_brand","embeddable":true,"href":"https:\/\/shop.bantam.ch\/de\/wp-json\/wp\/v2\/product_brand?post=54716"},{"taxonomy":"product_cat","embeddable":true,"href":"https:\/\/shop.bantam.ch\/de\/wp-json\/wp\/v2\/product_cat?post=54716"},{"taxonomy":"product_tag","embeddable":true,"href":"https:\/\/shop.bantam.ch\/de\/wp-json\/wp\/v2\/product_tag?post=54716"}],"curies":[{"name":"wp","href":"https:\/\/api.w.org\/{rel}","templated":true}]}}