{"id":53786,"date":"2023-02-23T14:46:10","date_gmt":"2023-02-23T13:46:10","guid":{"rendered":"http:\/\/preprod-dev.sh1.hidora.com\/webshop\/produit\/satanlage-manuell-precision-duo-lnb-62\/"},"modified":"2026-04-17T21:30:35","modified_gmt":"2026-04-17T19:30:35","slug":"satanlage-manuell-precision-duo-lnb-62","status":"publish","type":"product","link":"https:\/\/shop.bantam.ch\/de\/produkt\/satanlage-manuell-precision-duo-lnb-62\/","title":{"rendered":"Satanlage manuell Precision Duo-LNB 6,2"},"content":{"rendered":"<p>Die neue, innovative 5 Step Stativ-L\u00f6sung. Einfach ist einfach besser! Durch das markierte S\u00fcdbein des Stativs wird der Suchbereich f\u00fcr den Satelliten vorgegeben. Der Spiegel arretiert nur in einer Position. Die Elevation wird mittels Handrad per Trapezgewinde eingestellt. Mithilfe des Sat-Finders an der Spiegelr\u00fcckseite wird der Satellit im begrenzten Suchbereich fixiert, alles Verriegeln &#8211; Fertig.<br \/>DUO-LNB 6,2\u00b0 f\u00fcr den Empfang von Astra1 und Hotbird f\u00fcr schweizer Kunden.<\/p>\n<p>Lieferumfang:<br \/>Integrierter Sat-Finder<br \/>Kompass<br \/>Stativ mit Tasche<br \/>Spiegel mit Tasche<br \/>Elevationszonenkarte<br \/>Heringe<br \/>10 m Multistrang Koax-Kabel<br \/>Duo-LNB 6.2\u00b0<br \/>bebilderte Anleitung<\/p>\n","protected":false},"excerpt":{"rendered":"<p>Die neue, innovative 5 Step Stativ-L\u00f6sung. Einfach ist einfach besser! Durch das markierte S\u00fcdbein des Stativs wird der Suchbereich f\u00fcr den Satelliten vorgegeben. Der Spiegel arretiert nur in einer Position. Die Elevation wird mittels Handrad per Trapezgewinde eingestellt. Mithilfe des Sat-Finders an der Spiegelr\u00fcckseite wird der Satellit im begrenzten Suchbereich fixiert, alles Verriegeln &#8211; Fertig.DUO-LNB [&hellip;]<\/p>\n","protected":false},"featured_media":53764,"template":"","meta":{"_acf_changed":false},"product_featured_cat":[],"product_brand":[3083],"product_cat":[4524],"product_tag":[],"class_list":{"0":"post-53786","1":"product","2":"type-product","3":"status-publish","4":"has-post-thumbnail","6":"product_brand-maxview-de","7":"product_cat-sat-anlagen","9":"first","10":"instock","11":"taxable","12":"shipping-taxable","13":"purchasable","14":"product-type-variable"},"acf":[],"yoast_head":"<!-- This site is optimized with the Yoast SEO plugin v27.4 - https:\/\/yoast.com\/product\/yoast-seo-wordpress\/ -->\n<title>Satanlage manuell Precision Duo-LNB 6,2 - Bantam Camping AG<\/title>\n<meta name=\"robots\" content=\"index, follow, max-snippet:-1, max-image-preview:large, max-video-preview:-1\" \/>\n<link rel=\"canonical\" href=\"https:\/\/shop.bantam.ch\/de\/produkt\/satanlage-manuell-precision-duo-lnb-62\/\" \/>\n<meta property=\"og:locale\" content=\"de_DE\" \/>\n<meta property=\"og:type\" content=\"article\" \/>\n<meta property=\"og:title\" content=\"Satanlage manuell Precision Duo-LNB 6,2 - Bantam Camping AG\" \/>\n<meta property=\"og:description\" content=\"Die neue, innovative 5 Step Stativ-L\u00f6sung. Einfach ist einfach besser! Durch das markierte S\u00fcdbein des Stativs wird der Suchbereich f\u00fcr den Satelliten vorgegeben. Der Spiegel arretiert nur in einer Position. Die Elevation wird mittels Handrad per Trapezgewinde eingestellt. Mithilfe des Sat-Finders an der Spiegelr\u00fcckseite wird der Satellit im begrenzten Suchbereich fixiert, alles Verriegeln &#8211; Fertig.DUO-LNB [&hellip;]\" \/>\n<meta property=\"og:url\" content=\"https:\/\/shop.bantam.ch\/de\/produkt\/satanlage-manuell-precision-duo-lnb-62\/\" \/>\n<meta property=\"og:site_name\" content=\"Bantam Camping AG\" \/>\n<meta property=\"article:modified_time\" content=\"2026-04-17T19:30:35+00:00\" \/>\n<meta property=\"og:image\" content=\"https:\/\/shop.bantam.ch\/wp-content\/uploads\/2023\/02\/991893511.jpg\" \/>\n\t<meta property=\"og:image:width\" content=\"559\" \/>\n\t<meta property=\"og:image:height\" content=\"1000\" \/>\n\t<meta property=\"og:image:type\" content=\"image\/jpeg\" \/>\n<meta name=\"twitter:card\" content=\"summary_large_image\" \/>\n<script type=\"application\/ld+json\" class=\"yoast-schema-graph\">{\"@context\":\"https:\\\/\\\/schema.org\",\"@graph\":[{\"@type\":\"WebPage\",\"@id\":\"https:\\\/\\\/shop.bantam.ch\\\/de\\\/produkt\\\/satanlage-manuell-precision-duo-lnb-62\\\/\",\"url\":\"https:\\\/\\\/shop.bantam.ch\\\/de\\\/produkt\\\/satanlage-manuell-precision-duo-lnb-62\\\/\",\"name\":\"Satanlage manuell Precision Duo-LNB 6,2 - Bantam Camping AG\",\"isPartOf\":{\"@id\":\"https:\\\/\\\/shop.bantam.ch\\\/de\\\/#website\"},\"primaryImageOfPage\":{\"@id\":\"https:\\\/\\\/shop.bantam.ch\\\/de\\\/produkt\\\/satanlage-manuell-precision-duo-lnb-62\\\/#primaryimage\"},\"image\":{\"@id\":\"https:\\\/\\\/shop.bantam.ch\\\/de\\\/produkt\\\/satanlage-manuell-precision-duo-lnb-62\\\/#primaryimage\"},\"thumbnailUrl\":\"https:\\\/\\\/shop.bantam.ch\\\/wp-content\\\/uploads\\\/2023\\\/02\\\/991893511.jpg\",\"datePublished\":\"2023-02-23T13:46:10+00:00\",\"dateModified\":\"2026-04-17T19:30:35+00:00\",\"breadcrumb\":{\"@id\":\"https:\\\/\\\/shop.bantam.ch\\\/de\\\/produkt\\\/satanlage-manuell-precision-duo-lnb-62\\\/#breadcrumb\"},\"inLanguage\":\"de\",\"potentialAction\":[{\"@type\":\"ReadAction\",\"target\":[\"https:\\\/\\\/shop.bantam.ch\\\/de\\\/produkt\\\/satanlage-manuell-precision-duo-lnb-62\\\/\"]}]},{\"@type\":\"ImageObject\",\"inLanguage\":\"de\",\"@id\":\"https:\\\/\\\/shop.bantam.ch\\\/de\\\/produkt\\\/satanlage-manuell-precision-duo-lnb-62\\\/#primaryimage\",\"url\":\"https:\\\/\\\/shop.bantam.ch\\\/wp-content\\\/uploads\\\/2023\\\/02\\\/991893511.jpg\",\"contentUrl\":\"https:\\\/\\\/shop.bantam.ch\\\/wp-content\\\/uploads\\\/2023\\\/02\\\/991893511.jpg\",\"width\":559,\"height\":1000},{\"@type\":\"BreadcrumbList\",\"@id\":\"https:\\\/\\\/shop.bantam.ch\\\/de\\\/produkt\\\/satanlage-manuell-precision-duo-lnb-62\\\/#breadcrumb\",\"itemListElement\":[{\"@type\":\"ListItem\",\"position\":1,\"name\":\"Accueil\",\"item\":\"https:\\\/\\\/shop.bantam.ch\\\/de\\\/\"},{\"@type\":\"ListItem\",\"position\":2,\"name\":\"Shop\",\"item\":\"https:\\\/\\\/shop.bantam.ch\\\/de\\\/shop\\\/\"},{\"@type\":\"ListItem\",\"position\":3,\"name\":\"Satanlage manuell Precision Duo-LNB 6,2\"}]},{\"@type\":\"WebSite\",\"@id\":\"https:\\\/\\\/shop.bantam.ch\\\/de\\\/#website\",\"url\":\"https:\\\/\\\/shop.bantam.ch\\\/de\\\/\",\"name\":\"Bantam Camping AG\",\"description\":\"\",\"publisher\":{\"@id\":\"https:\\\/\\\/shop.bantam.ch\\\/de\\\/#organization\"},\"inLanguage\":\"de\"},{\"@type\":\"Organization\",\"@id\":\"https:\\\/\\\/shop.bantam.ch\\\/de\\\/#organization\",\"name\":\"Bantam Camping AG\",\"url\":\"https:\\\/\\\/shop.bantam.ch\\\/de\\\/\",\"logo\":{\"@type\":\"ImageObject\",\"inLanguage\":\"de\",\"@id\":\"https:\\\/\\\/shop.bantam.ch\\\/de\\\/#\\\/schema\\\/logo\\\/image\\\/\",\"url\":\"https:\\\/\\\/shop.bantam.ch\\\/wp-content\\\/uploads\\\/2022\\\/12\\\/bantam-logo.png\",\"contentUrl\":\"https:\\\/\\\/shop.bantam.ch\\\/wp-content\\\/uploads\\\/2022\\\/12\\\/bantam-logo.png\",\"width\":320,\"height\":71,\"caption\":\"Bantam Camping AG\"},\"image\":{\"@id\":\"https:\\\/\\\/shop.bantam.ch\\\/de\\\/#\\\/schema\\\/logo\\\/image\\\/\"}}]}<\/script>\n<!-- \/ Yoast SEO plugin. -->","yoast_head_json":{"title":"Satanlage manuell Precision Duo-LNB 6,2 - Bantam Camping AG","robots":{"index":"index","follow":"follow","max-snippet":"max-snippet:-1","max-image-preview":"max-image-preview:large","max-video-preview":"max-video-preview:-1"},"canonical":"https:\/\/shop.bantam.ch\/de\/produkt\/satanlage-manuell-precision-duo-lnb-62\/","og_locale":"de_DE","og_type":"article","og_title":"Satanlage manuell Precision Duo-LNB 6,2 - Bantam Camping AG","og_description":"Die neue, innovative 5 Step Stativ-L\u00f6sung. Einfach ist einfach besser! Durch das markierte S\u00fcdbein des Stativs wird der Suchbereich f\u00fcr den Satelliten vorgegeben. Der Spiegel arretiert nur in einer Position. Die Elevation wird mittels Handrad per Trapezgewinde eingestellt. Mithilfe des Sat-Finders an der Spiegelr\u00fcckseite wird der Satellit im begrenzten Suchbereich fixiert, alles Verriegeln &#8211; Fertig.DUO-LNB [&hellip;]","og_url":"https:\/\/shop.bantam.ch\/de\/produkt\/satanlage-manuell-precision-duo-lnb-62\/","og_site_name":"Bantam Camping AG","article_modified_time":"2026-04-17T19:30:35+00:00","og_image":[{"width":559,"height":1000,"url":"https:\/\/shop.bantam.ch\/wp-content\/uploads\/2023\/02\/991893511.jpg","type":"image\/jpeg"}],"twitter_card":"summary_large_image","schema":{"@context":"https:\/\/schema.org","@graph":[{"@type":"WebPage","@id":"https:\/\/shop.bantam.ch\/de\/produkt\/satanlage-manuell-precision-duo-lnb-62\/","url":"https:\/\/shop.bantam.ch\/de\/produkt\/satanlage-manuell-precision-duo-lnb-62\/","name":"Satanlage manuell Precision Duo-LNB 6,2 - Bantam Camping AG","isPartOf":{"@id":"https:\/\/shop.bantam.ch\/de\/#website"},"primaryImageOfPage":{"@id":"https:\/\/shop.bantam.ch\/de\/produkt\/satanlage-manuell-precision-duo-lnb-62\/#primaryimage"},"image":{"@id":"https:\/\/shop.bantam.ch\/de\/produkt\/satanlage-manuell-precision-duo-lnb-62\/#primaryimage"},"thumbnailUrl":"https:\/\/shop.bantam.ch\/wp-content\/uploads\/2023\/02\/991893511.jpg","datePublished":"2023-02-23T13:46:10+00:00","dateModified":"2026-04-17T19:30:35+00:00","breadcrumb":{"@id":"https:\/\/shop.bantam.ch\/de\/produkt\/satanlage-manuell-precision-duo-lnb-62\/#breadcrumb"},"inLanguage":"de","potentialAction":[{"@type":"ReadAction","target":["https:\/\/shop.bantam.ch\/de\/produkt\/satanlage-manuell-precision-duo-lnb-62\/"]}]},{"@type":"ImageObject","inLanguage":"de","@id":"https:\/\/shop.bantam.ch\/de\/produkt\/satanlage-manuell-precision-duo-lnb-62\/#primaryimage","url":"https:\/\/shop.bantam.ch\/wp-content\/uploads\/2023\/02\/991893511.jpg","contentUrl":"https:\/\/shop.bantam.ch\/wp-content\/uploads\/2023\/02\/991893511.jpg","width":559,"height":1000},{"@type":"BreadcrumbList","@id":"https:\/\/shop.bantam.ch\/de\/produkt\/satanlage-manuell-precision-duo-lnb-62\/#breadcrumb","itemListElement":[{"@type":"ListItem","position":1,"name":"Accueil","item":"https:\/\/shop.bantam.ch\/de\/"},{"@type":"ListItem","position":2,"name":"Shop","item":"https:\/\/shop.bantam.ch\/de\/shop\/"},{"@type":"ListItem","position":3,"name":"Satanlage manuell Precision Duo-LNB 6,2"}]},{"@type":"WebSite","@id":"https:\/\/shop.bantam.ch\/de\/#website","url":"https:\/\/shop.bantam.ch\/de\/","name":"Bantam Camping AG","description":"","publisher":{"@id":"https:\/\/shop.bantam.ch\/de\/#organization"},"inLanguage":"de"},{"@type":"Organization","@id":"https:\/\/shop.bantam.ch\/de\/#organization","name":"Bantam Camping AG","url":"https:\/\/shop.bantam.ch\/de\/","logo":{"@type":"ImageObject","inLanguage":"de","@id":"https:\/\/shop.bantam.ch\/de\/#\/schema\/logo\/image\/","url":"https:\/\/shop.bantam.ch\/wp-content\/uploads\/2022\/12\/bantam-logo.png","contentUrl":"https:\/\/shop.bantam.ch\/wp-content\/uploads\/2022\/12\/bantam-logo.png","width":320,"height":71,"caption":"Bantam Camping AG"},"image":{"@id":"https:\/\/shop.bantam.ch\/de\/#\/schema\/logo\/image\/"}}]}},"_links":{"self":[{"href":"https:\/\/shop.bantam.ch\/de\/wp-json\/wp\/v2\/product\/53786","targetHints":{"allow":["GET"]}}],"collection":[{"href":"https:\/\/shop.bantam.ch\/de\/wp-json\/wp\/v2\/product"}],"about":[{"href":"https:\/\/shop.bantam.ch\/de\/wp-json\/wp\/v2\/types\/product"}],"wp:featuredmedia":[{"embeddable":true,"href":"https:\/\/shop.bantam.ch\/de\/wp-json\/wp\/v2\/media\/53764"}],"wp:attachment":[{"href":"https:\/\/shop.bantam.ch\/de\/wp-json\/wp\/v2\/media?parent=53786"}],"wp:term":[{"taxonomy":"product_featured_cat","embeddable":true,"href":"https:\/\/shop.bantam.ch\/de\/wp-json\/wp\/v2\/product_featured_cat?post=53786"},{"taxonomy":"product_brand","embeddable":true,"href":"https:\/\/shop.bantam.ch\/de\/wp-json\/wp\/v2\/product_brand?post=53786"},{"taxonomy":"product_cat","embeddable":true,"href":"https:\/\/shop.bantam.ch\/de\/wp-json\/wp\/v2\/product_cat?post=53786"},{"taxonomy":"product_tag","embeddable":true,"href":"https:\/\/shop.bantam.ch\/de\/wp-json\/wp\/v2\/product_tag?post=53786"}],"curies":[{"name":"wp","href":"https:\/\/api.w.org\/{rel}","templated":true}]}}