{"id":52371,"date":"2023-02-23T14:20:25","date_gmt":"2023-02-23T13:20:25","guid":{"rendered":"http:\/\/preprod-dev.sh1.hidora.com\/webshop\/produit\/automatische-satanlage-cytrac-dx-vision\/"},"modified":"2026-04-18T21:24:02","modified_gmt":"2026-04-18T19:24:02","slug":"automatische-satanlage-cytrac-dx-vision","status":"publish","type":"product","link":"https:\/\/shop.bantam.ch\/de\/produkt\/automatische-satanlage-cytrac-dx-vision\/","title":{"rendered":"Automatische Satanlage Cytrac DX Vision"},"content":{"rendered":"<p>Kompakt, modern und eine gigantische Empfangsreichweite.<br \/>Patentierte Antennentechnologie f\u00fcr noch mehr Reichweite. Eine kleine, kompakte Antenne f\u00fcr die platzsparende Montage auf dem Fahrzeugdach. Einfach, leicht und intuitiv zu bedienen. Vollautomatische Ausrichtung und Satellitenfindung in \u00fcblicherweise 30 bis 60 Sekunden. LEM-Technik: Suchzeitverk\u00fcrzung (Antenne sucht im zuletzt eingestellten Neigungswinkel). Selbstst\u00e4ndiges Einfahren bei Fahrzeugstart. Hochwertige Verarbeitung von robusten Materialien. Eine solide, sichere Konstruktion, die auch Hagel standh\u00e4lt (dank PC-ASA Kunststoff)<\/p>\n<p>Patentierte Empfangstechnologie<br \/>Das Herzst\u00fcck der CytracDX besteht aus 1016 verkoppelten Einzelantennen, die wabenf\u00f6rmig angeordnet sind. Eine streng getrennte Stromf\u00fchrung zwischen beiden Polarisationsebenen reduziert jegliches \u00dcbersprechen und<br \/>sorgt f\u00fcr eine bisher unbekannte Signalreinheit, die sich besonders positiv bei HD Programmen bemerkbar macht. Die Signalakkumulation erfolgt unter Anwendung modernster mathematischer Rechenmethoden und sorgt damit f\u00fcr eine gigantische Empfangsreichweite.<\/p>\n<p>Basis Variante, speziell f\u00fcr Kunden, die nur eine Satellitenanlage ben\u00f6tigen und bereits einen eigenen Receiver bzw. ein TV-Ger\u00e4t mit integriertem Receiver besitzen.<\/p>\n<p>Leistungsmerkmale:<br \/>Seperates Bedienteil zur Steuerung der SAT-Anlage. Softwareupdate via SD-Karte. Einfachste Bedienung.<\/p>\n<ul>\n<li>Ein-Kabel-Technik<\/li>\n<li>APP Bedingung<\/li>\n<li>automatische Updates via APP<\/li>\n<li>patentierte Empfangstechnologie f\u00fcr gigantische Reichweite<\/li>\n<li>Platzsparende Montage auf nahezu jedem Fahrzeugdach<\/li>\n<li>Extrem niedrige Aufbauh\u00f6he<\/li>\n<li>Vollautomatische Ausrichtung und Satellitenfindung<\/li>\n<li>Selbstst\u00e4ndiges Einfahren bei Fahrzeugstart<\/li>\n<li>Automatischer Satellitenwechsel<\/li>\n<li>Hochwertige Verarbeitung von robusten Materialien<\/li>\n<li>QM-zertifizierter Hersteller nach ISO 9001<\/li>\n<li>3 Jahre Hersteller-Garantie und zuverl\u00e4ssiger Service<\/li>\n<li>Anschlussspannung (Bordspannung) 12 \/ 24 Volt<\/li>\n<li>Typgenehmigungszeichen<\/li>\n<\/ul>\n<p>APP Bedienung Inklusive<br \/>Bedienen l\u00e4sst sich die Cytrac jetzt auch bequem via ten haaft App, womit sich auch Updates kinderleicht aufspielen lassen und Ihre Anlage somit jederzeit auf dem neuesten softwarestand ist.<br \/>Geeignet f\u00fcr Android und iOS.<br data-mce-bogus=\"1\"><\/p>\n","protected":false},"excerpt":{"rendered":"<p>Kompakt, modern und eine gigantische Empfangsreichweite.Patentierte Antennentechnologie f\u00fcr noch mehr Reichweite. Eine kleine, kompakte Antenne f\u00fcr die platzsparende Montage auf dem Fahrzeugdach. Einfach, leicht und intuitiv zu bedienen. Vollautomatische Ausrichtung und Satellitenfindung in \u00fcblicherweise 30 bis 60 Sekunden. LEM-Technik: Suchzeitverk\u00fcrzung (Antenne sucht im zuletzt eingestellten Neigungswinkel). Selbstst\u00e4ndiges Einfahren bei Fahrzeugstart. Hochwertige Verarbeitung von robusten Materialien. [&hellip;]<\/p>\n","protected":false},"featured_media":52345,"template":"","meta":{"_acf_changed":false},"product_featured_cat":[],"product_brand":[3127],"product_cat":[4524],"product_tag":[],"class_list":{"0":"post-52371","1":"product","2":"type-product","3":"status-publish","4":"has-post-thumbnail","6":"product_brand-oyster-de","7":"product_cat-sat-anlagen","9":"first","10":"instock","11":"taxable","12":"shipping-taxable","13":"purchasable","14":"product-type-variable"},"acf":[],"yoast_head":"<!-- This site is optimized with the Yoast SEO plugin v27.4 - https:\/\/yoast.com\/product\/yoast-seo-wordpress\/ -->\n<title>Automatische Satanlage Cytrac DX Vision - Bantam Camping AG<\/title>\n<meta name=\"robots\" content=\"index, follow, max-snippet:-1, max-image-preview:large, max-video-preview:-1\" \/>\n<link rel=\"canonical\" href=\"https:\/\/shop.bantam.ch\/de\/produkt\/automatische-satanlage-cytrac-dx-vision\/\" \/>\n<meta property=\"og:locale\" content=\"de_DE\" \/>\n<meta property=\"og:type\" content=\"article\" \/>\n<meta property=\"og:title\" content=\"Automatische Satanlage Cytrac DX Vision - Bantam Camping AG\" \/>\n<meta property=\"og:description\" content=\"Kompakt, modern und eine gigantische Empfangsreichweite.Patentierte Antennentechnologie f\u00fcr noch mehr Reichweite. Eine kleine, kompakte Antenne f\u00fcr die platzsparende Montage auf dem Fahrzeugdach. Einfach, leicht und intuitiv zu bedienen. Vollautomatische Ausrichtung und Satellitenfindung in \u00fcblicherweise 30 bis 60 Sekunden. LEM-Technik: Suchzeitverk\u00fcrzung (Antenne sucht im zuletzt eingestellten Neigungswinkel). Selbstst\u00e4ndiges Einfahren bei Fahrzeugstart. Hochwertige Verarbeitung von robusten Materialien. [&hellip;]\" \/>\n<meta property=\"og:url\" content=\"https:\/\/shop.bantam.ch\/de\/produkt\/automatische-satanlage-cytrac-dx-vision\/\" \/>\n<meta property=\"og:site_name\" content=\"Bantam Camping AG\" \/>\n<meta property=\"article:modified_time\" content=\"2026-04-18T19:24:02+00:00\" \/>\n<meta property=\"og:image\" content=\"https:\/\/shop.bantam.ch\/wp-content\/uploads\/2023\/02\/9941500-100-1-3-4.jpg\" \/>\n\t<meta property=\"og:image:width\" content=\"1000\" \/>\n\t<meta property=\"og:image:height\" content=\"900\" \/>\n\t<meta property=\"og:image:type\" content=\"image\/jpeg\" \/>\n<meta name=\"twitter:card\" content=\"summary_large_image\" \/>\n<meta name=\"twitter:label1\" content=\"Gesch\u00e4tzte Lesezeit\" \/>\n\t<meta name=\"twitter:data1\" content=\"1\u00a0Minute\" \/>\n<script type=\"application\/ld+json\" class=\"yoast-schema-graph\">{\"@context\":\"https:\\\/\\\/schema.org\",\"@graph\":[{\"@type\":\"WebPage\",\"@id\":\"https:\\\/\\\/shop.bantam.ch\\\/de\\\/produkt\\\/automatische-satanlage-cytrac-dx-vision\\\/\",\"url\":\"https:\\\/\\\/shop.bantam.ch\\\/de\\\/produkt\\\/automatische-satanlage-cytrac-dx-vision\\\/\",\"name\":\"Automatische Satanlage Cytrac DX Vision - Bantam Camping AG\",\"isPartOf\":{\"@id\":\"https:\\\/\\\/shop.bantam.ch\\\/de\\\/#website\"},\"primaryImageOfPage\":{\"@id\":\"https:\\\/\\\/shop.bantam.ch\\\/de\\\/produkt\\\/automatische-satanlage-cytrac-dx-vision\\\/#primaryimage\"},\"image\":{\"@id\":\"https:\\\/\\\/shop.bantam.ch\\\/de\\\/produkt\\\/automatische-satanlage-cytrac-dx-vision\\\/#primaryimage\"},\"thumbnailUrl\":\"https:\\\/\\\/shop.bantam.ch\\\/wp-content\\\/uploads\\\/2023\\\/02\\\/9941500-100-1-3-4.jpg\",\"datePublished\":\"2023-02-23T13:20:25+00:00\",\"dateModified\":\"2026-04-18T19:24:02+00:00\",\"breadcrumb\":{\"@id\":\"https:\\\/\\\/shop.bantam.ch\\\/de\\\/produkt\\\/automatische-satanlage-cytrac-dx-vision\\\/#breadcrumb\"},\"inLanguage\":\"de\",\"potentialAction\":[{\"@type\":\"ReadAction\",\"target\":[\"https:\\\/\\\/shop.bantam.ch\\\/de\\\/produkt\\\/automatische-satanlage-cytrac-dx-vision\\\/\"]}]},{\"@type\":\"ImageObject\",\"inLanguage\":\"de\",\"@id\":\"https:\\\/\\\/shop.bantam.ch\\\/de\\\/produkt\\\/automatische-satanlage-cytrac-dx-vision\\\/#primaryimage\",\"url\":\"https:\\\/\\\/shop.bantam.ch\\\/wp-content\\\/uploads\\\/2023\\\/02\\\/9941500-100-1-3-4.jpg\",\"contentUrl\":\"https:\\\/\\\/shop.bantam.ch\\\/wp-content\\\/uploads\\\/2023\\\/02\\\/9941500-100-1-3-4.jpg\",\"width\":1000,\"height\":900},{\"@type\":\"BreadcrumbList\",\"@id\":\"https:\\\/\\\/shop.bantam.ch\\\/de\\\/produkt\\\/automatische-satanlage-cytrac-dx-vision\\\/#breadcrumb\",\"itemListElement\":[{\"@type\":\"ListItem\",\"position\":1,\"name\":\"Accueil\",\"item\":\"https:\\\/\\\/shop.bantam.ch\\\/de\\\/\"},{\"@type\":\"ListItem\",\"position\":2,\"name\":\"Shop\",\"item\":\"https:\\\/\\\/shop.bantam.ch\\\/de\\\/shop\\\/\"},{\"@type\":\"ListItem\",\"position\":3,\"name\":\"Automatische Satanlage Cytrac DX Vision\"}]},{\"@type\":\"WebSite\",\"@id\":\"https:\\\/\\\/shop.bantam.ch\\\/de\\\/#website\",\"url\":\"https:\\\/\\\/shop.bantam.ch\\\/de\\\/\",\"name\":\"Bantam Camping AG\",\"description\":\"\",\"publisher\":{\"@id\":\"https:\\\/\\\/shop.bantam.ch\\\/de\\\/#organization\"},\"inLanguage\":\"de\"},{\"@type\":\"Organization\",\"@id\":\"https:\\\/\\\/shop.bantam.ch\\\/de\\\/#organization\",\"name\":\"Bantam Camping AG\",\"url\":\"https:\\\/\\\/shop.bantam.ch\\\/de\\\/\",\"logo\":{\"@type\":\"ImageObject\",\"inLanguage\":\"de\",\"@id\":\"https:\\\/\\\/shop.bantam.ch\\\/de\\\/#\\\/schema\\\/logo\\\/image\\\/\",\"url\":\"https:\\\/\\\/shop.bantam.ch\\\/wp-content\\\/uploads\\\/2022\\\/12\\\/bantam-logo.png\",\"contentUrl\":\"https:\\\/\\\/shop.bantam.ch\\\/wp-content\\\/uploads\\\/2022\\\/12\\\/bantam-logo.png\",\"width\":320,\"height\":71,\"caption\":\"Bantam Camping AG\"},\"image\":{\"@id\":\"https:\\\/\\\/shop.bantam.ch\\\/de\\\/#\\\/schema\\\/logo\\\/image\\\/\"}}]}<\/script>\n<!-- \/ Yoast SEO plugin. -->","yoast_head_json":{"title":"Automatische Satanlage Cytrac DX Vision - Bantam Camping AG","robots":{"index":"index","follow":"follow","max-snippet":"max-snippet:-1","max-image-preview":"max-image-preview:large","max-video-preview":"max-video-preview:-1"},"canonical":"https:\/\/shop.bantam.ch\/de\/produkt\/automatische-satanlage-cytrac-dx-vision\/","og_locale":"de_DE","og_type":"article","og_title":"Automatische Satanlage Cytrac DX Vision - Bantam Camping AG","og_description":"Kompakt, modern und eine gigantische Empfangsreichweite.Patentierte Antennentechnologie f\u00fcr noch mehr Reichweite. Eine kleine, kompakte Antenne f\u00fcr die platzsparende Montage auf dem Fahrzeugdach. Einfach, leicht und intuitiv zu bedienen. Vollautomatische Ausrichtung und Satellitenfindung in \u00fcblicherweise 30 bis 60 Sekunden. LEM-Technik: Suchzeitverk\u00fcrzung (Antenne sucht im zuletzt eingestellten Neigungswinkel). Selbstst\u00e4ndiges Einfahren bei Fahrzeugstart. Hochwertige Verarbeitung von robusten Materialien. [&hellip;]","og_url":"https:\/\/shop.bantam.ch\/de\/produkt\/automatische-satanlage-cytrac-dx-vision\/","og_site_name":"Bantam Camping AG","article_modified_time":"2026-04-18T19:24:02+00:00","og_image":[{"width":1000,"height":900,"url":"https:\/\/shop.bantam.ch\/wp-content\/uploads\/2023\/02\/9941500-100-1-3-4.jpg","type":"image\/jpeg"}],"twitter_card":"summary_large_image","twitter_misc":{"Gesch\u00e4tzte Lesezeit":"1\u00a0Minute"},"schema":{"@context":"https:\/\/schema.org","@graph":[{"@type":"WebPage","@id":"https:\/\/shop.bantam.ch\/de\/produkt\/automatische-satanlage-cytrac-dx-vision\/","url":"https:\/\/shop.bantam.ch\/de\/produkt\/automatische-satanlage-cytrac-dx-vision\/","name":"Automatische Satanlage Cytrac DX Vision - Bantam Camping AG","isPartOf":{"@id":"https:\/\/shop.bantam.ch\/de\/#website"},"primaryImageOfPage":{"@id":"https:\/\/shop.bantam.ch\/de\/produkt\/automatische-satanlage-cytrac-dx-vision\/#primaryimage"},"image":{"@id":"https:\/\/shop.bantam.ch\/de\/produkt\/automatische-satanlage-cytrac-dx-vision\/#primaryimage"},"thumbnailUrl":"https:\/\/shop.bantam.ch\/wp-content\/uploads\/2023\/02\/9941500-100-1-3-4.jpg","datePublished":"2023-02-23T13:20:25+00:00","dateModified":"2026-04-18T19:24:02+00:00","breadcrumb":{"@id":"https:\/\/shop.bantam.ch\/de\/produkt\/automatische-satanlage-cytrac-dx-vision\/#breadcrumb"},"inLanguage":"de","potentialAction":[{"@type":"ReadAction","target":["https:\/\/shop.bantam.ch\/de\/produkt\/automatische-satanlage-cytrac-dx-vision\/"]}]},{"@type":"ImageObject","inLanguage":"de","@id":"https:\/\/shop.bantam.ch\/de\/produkt\/automatische-satanlage-cytrac-dx-vision\/#primaryimage","url":"https:\/\/shop.bantam.ch\/wp-content\/uploads\/2023\/02\/9941500-100-1-3-4.jpg","contentUrl":"https:\/\/shop.bantam.ch\/wp-content\/uploads\/2023\/02\/9941500-100-1-3-4.jpg","width":1000,"height":900},{"@type":"BreadcrumbList","@id":"https:\/\/shop.bantam.ch\/de\/produkt\/automatische-satanlage-cytrac-dx-vision\/#breadcrumb","itemListElement":[{"@type":"ListItem","position":1,"name":"Accueil","item":"https:\/\/shop.bantam.ch\/de\/"},{"@type":"ListItem","position":2,"name":"Shop","item":"https:\/\/shop.bantam.ch\/de\/shop\/"},{"@type":"ListItem","position":3,"name":"Automatische Satanlage Cytrac DX Vision"}]},{"@type":"WebSite","@id":"https:\/\/shop.bantam.ch\/de\/#website","url":"https:\/\/shop.bantam.ch\/de\/","name":"Bantam Camping AG","description":"","publisher":{"@id":"https:\/\/shop.bantam.ch\/de\/#organization"},"inLanguage":"de"},{"@type":"Organization","@id":"https:\/\/shop.bantam.ch\/de\/#organization","name":"Bantam Camping AG","url":"https:\/\/shop.bantam.ch\/de\/","logo":{"@type":"ImageObject","inLanguage":"de","@id":"https:\/\/shop.bantam.ch\/de\/#\/schema\/logo\/image\/","url":"https:\/\/shop.bantam.ch\/wp-content\/uploads\/2022\/12\/bantam-logo.png","contentUrl":"https:\/\/shop.bantam.ch\/wp-content\/uploads\/2022\/12\/bantam-logo.png","width":320,"height":71,"caption":"Bantam Camping AG"},"image":{"@id":"https:\/\/shop.bantam.ch\/de\/#\/schema\/logo\/image\/"}}]}},"_links":{"self":[{"href":"https:\/\/shop.bantam.ch\/de\/wp-json\/wp\/v2\/product\/52371","targetHints":{"allow":["GET"]}}],"collection":[{"href":"https:\/\/shop.bantam.ch\/de\/wp-json\/wp\/v2\/product"}],"about":[{"href":"https:\/\/shop.bantam.ch\/de\/wp-json\/wp\/v2\/types\/product"}],"wp:featuredmedia":[{"embeddable":true,"href":"https:\/\/shop.bantam.ch\/de\/wp-json\/wp\/v2\/media\/52345"}],"wp:attachment":[{"href":"https:\/\/shop.bantam.ch\/de\/wp-json\/wp\/v2\/media?parent=52371"}],"wp:term":[{"taxonomy":"product_featured_cat","embeddable":true,"href":"https:\/\/shop.bantam.ch\/de\/wp-json\/wp\/v2\/product_featured_cat?post=52371"},{"taxonomy":"product_brand","embeddable":true,"href":"https:\/\/shop.bantam.ch\/de\/wp-json\/wp\/v2\/product_brand?post=52371"},{"taxonomy":"product_cat","embeddable":true,"href":"https:\/\/shop.bantam.ch\/de\/wp-json\/wp\/v2\/product_cat?post=52371"},{"taxonomy":"product_tag","embeddable":true,"href":"https:\/\/shop.bantam.ch\/de\/wp-json\/wp\/v2\/product_tag?post=52371"}],"curies":[{"name":"wp","href":"https:\/\/api.w.org\/{rel}","templated":true}]}}