{"id":51861,"date":"2023-02-23T14:12:02","date_gmt":"2023-02-23T13:12:02","guid":{"rendered":"http:\/\/preprod-dev.sh1.hidora.com\/webshop\/produit\/fahrradtraeger-lift-v16\/"},"modified":"2026-04-18T21:22:01","modified_gmt":"2026-04-18T19:22:01","slug":"fahrradtraeger-lift-v16","status":"publish","type":"product","link":"https:\/\/shop.bantam.ch\/de\/produkt\/fahrradtraeger-lift-v16\/","title":{"rendered":"Fahrradtr\u00e4ger Lift V16"},"content":{"rendered":"<p>Der Thule Lift V16 manuell ohne Motor. Die Plattform-Verriegelung erzeugt eine hervorragende dynamische Laststeuerung und sch\u00fctzt Ihre Fahrr\u00e4der\/E-Bikes beim Transport. Die Plattform wird manuell verriegelt und kann leicht in der Aufw\u00e4rtsposition eingerastet werden, wenn sie nicht in Gebrauch ist. Der Hubrahmen wird w\u00e4hrend der Fahrt durch die integrierten Sicherheitsgurte stabil und sicher fixiert.<br \/>Dank der verstellbaren Radbefstigungen k\u00f6nnen Sie ganz einfach die perfekte Einstellung f\u00fcr Ihre Fahrr\u00e4der\/E-Bikes w\u00e4hlen. Die stufenlos einstellbaren Radhalter erm\u00f6glichen das Befestigen von fast jedem Fahrrad\/ E-Bikes auf dem Tr\u00e4ger. <br \/>Die \u00e4u\u00dferst benutzerfreundlichen Thule-Felgenhalteb\u00e4nder mit Ratschenfunktion erm\u00f6glichen eine bequeme und schnelle Befestigung der R\u00e4der. Die abschlie\u00dfbaren Fahrradrahmenhalter mit weicher Oberfl\u00e4che k\u00f6nnen Sie zur Ausrichtung auf den Fahrradrahmen ganz einfach seitlich verschieben. Erweiterbar auf 3 Fahrr\u00e4der.<\/p>\n","protected":false},"excerpt":{"rendered":"<p>Der Thule Lift V16 manuell ohne Motor. Die Plattform-Verriegelung erzeugt eine hervorragende dynamische Laststeuerung und sch\u00fctzt Ihre Fahrr\u00e4der\/E-Bikes beim Transport. Die Plattform wird manuell verriegelt und kann leicht in der Aufw\u00e4rtsposition eingerastet werden, wenn sie nicht in Gebrauch ist. Der Hubrahmen wird w\u00e4hrend der Fahrt durch die integrierten Sicherheitsgurte stabil und sicher fixiert.Dank der verstellbaren [&hellip;]<\/p>\n","protected":false},"featured_media":51843,"template":"","meta":{"_acf_changed":false},"product_featured_cat":[],"product_brand":[3047],"product_cat":[5138],"product_tag":[],"class_list":{"0":"post-51861","1":"product","2":"type-product","3":"status-publish","4":"has-post-thumbnail","6":"product_brand-thule-de","7":"product_cat-heck-fahrradtraeger","9":"first","10":"instock","11":"taxable","12":"shipping-taxable","13":"purchasable","14":"product-type-variable"},"acf":[],"yoast_head":"<!-- This site is optimized with the Yoast SEO plugin v27.4 - https:\/\/yoast.com\/product\/yoast-seo-wordpress\/ -->\n<title>Fahrradtr\u00e4ger Lift V16 - Bantam Camping AG<\/title>\n<meta name=\"robots\" content=\"index, follow, max-snippet:-1, max-image-preview:large, max-video-preview:-1\" \/>\n<link rel=\"canonical\" href=\"https:\/\/shop.bantam.ch\/de\/produkt\/fahrradtraeger-lift-v16\/\" \/>\n<meta property=\"og:locale\" content=\"de_DE\" \/>\n<meta property=\"og:type\" content=\"article\" \/>\n<meta property=\"og:title\" content=\"Fahrradtr\u00e4ger Lift V16 - Bantam Camping AG\" \/>\n<meta property=\"og:description\" content=\"Der Thule Lift V16 manuell ohne Motor. Die Plattform-Verriegelung erzeugt eine hervorragende dynamische Laststeuerung und sch\u00fctzt Ihre Fahrr\u00e4der\/E-Bikes beim Transport. Die Plattform wird manuell verriegelt und kann leicht in der Aufw\u00e4rtsposition eingerastet werden, wenn sie nicht in Gebrauch ist. Der Hubrahmen wird w\u00e4hrend der Fahrt durch die integrierten Sicherheitsgurte stabil und sicher fixiert.Dank der verstellbaren [&hellip;]\" \/>\n<meta property=\"og:url\" content=\"https:\/\/shop.bantam.ch\/de\/produkt\/fahrradtraeger-lift-v16\/\" \/>\n<meta property=\"og:site_name\" content=\"Bantam Camping AG\" \/>\n<meta property=\"article:modified_time\" content=\"2026-04-18T19:22:01+00:00\" \/>\n<meta property=\"og:image\" content=\"https:\/\/shop.bantam.ch\/wp-content\/uploads\/2023\/02\/9940636-Fahrradtraeger_Thule_Lift_V16_manuell_ohne_Motor_2_Raeder_oder_2_E-Bikes_Traglast_50_kg_-Standard-01-2.jpg\" \/>\n\t<meta property=\"og:image:width\" content=\"1000\" \/>\n\t<meta property=\"og:image:height\" content=\"662\" \/>\n\t<meta property=\"og:image:type\" content=\"image\/jpeg\" \/>\n<meta name=\"twitter:card\" content=\"summary_large_image\" \/>\n<meta name=\"twitter:label1\" content=\"Gesch\u00e4tzte Lesezeit\" \/>\n\t<meta name=\"twitter:data1\" content=\"1\u00a0Minute\" \/>\n<script type=\"application\/ld+json\" class=\"yoast-schema-graph\">{\"@context\":\"https:\\\/\\\/schema.org\",\"@graph\":[{\"@type\":\"WebPage\",\"@id\":\"https:\\\/\\\/shop.bantam.ch\\\/de\\\/produkt\\\/fahrradtraeger-lift-v16\\\/\",\"url\":\"https:\\\/\\\/shop.bantam.ch\\\/de\\\/produkt\\\/fahrradtraeger-lift-v16\\\/\",\"name\":\"Fahrradtr\u00e4ger Lift V16 - Bantam Camping AG\",\"isPartOf\":{\"@id\":\"https:\\\/\\\/shop.bantam.ch\\\/de\\\/#website\"},\"primaryImageOfPage\":{\"@id\":\"https:\\\/\\\/shop.bantam.ch\\\/de\\\/produkt\\\/fahrradtraeger-lift-v16\\\/#primaryimage\"},\"image\":{\"@id\":\"https:\\\/\\\/shop.bantam.ch\\\/de\\\/produkt\\\/fahrradtraeger-lift-v16\\\/#primaryimage\"},\"thumbnailUrl\":\"https:\\\/\\\/shop.bantam.ch\\\/wp-content\\\/uploads\\\/2023\\\/02\\\/9940636-Fahrradtraeger_Thule_Lift_V16_manuell_ohne_Motor_2_Raeder_oder_2_E-Bikes_Traglast_50_kg_-Standard-01-2.jpg\",\"datePublished\":\"2023-02-23T13:12:02+00:00\",\"dateModified\":\"2026-04-18T19:22:01+00:00\",\"breadcrumb\":{\"@id\":\"https:\\\/\\\/shop.bantam.ch\\\/de\\\/produkt\\\/fahrradtraeger-lift-v16\\\/#breadcrumb\"},\"inLanguage\":\"de\",\"potentialAction\":[{\"@type\":\"ReadAction\",\"target\":[\"https:\\\/\\\/shop.bantam.ch\\\/de\\\/produkt\\\/fahrradtraeger-lift-v16\\\/\"]}]},{\"@type\":\"ImageObject\",\"inLanguage\":\"de\",\"@id\":\"https:\\\/\\\/shop.bantam.ch\\\/de\\\/produkt\\\/fahrradtraeger-lift-v16\\\/#primaryimage\",\"url\":\"https:\\\/\\\/shop.bantam.ch\\\/wp-content\\\/uploads\\\/2023\\\/02\\\/9940636-Fahrradtraeger_Thule_Lift_V16_manuell_ohne_Motor_2_Raeder_oder_2_E-Bikes_Traglast_50_kg_-Standard-01-2.jpg\",\"contentUrl\":\"https:\\\/\\\/shop.bantam.ch\\\/wp-content\\\/uploads\\\/2023\\\/02\\\/9940636-Fahrradtraeger_Thule_Lift_V16_manuell_ohne_Motor_2_Raeder_oder_2_E-Bikes_Traglast_50_kg_-Standard-01-2.jpg\",\"width\":1000,\"height\":662},{\"@type\":\"BreadcrumbList\",\"@id\":\"https:\\\/\\\/shop.bantam.ch\\\/de\\\/produkt\\\/fahrradtraeger-lift-v16\\\/#breadcrumb\",\"itemListElement\":[{\"@type\":\"ListItem\",\"position\":1,\"name\":\"Accueil\",\"item\":\"https:\\\/\\\/shop.bantam.ch\\\/de\\\/\"},{\"@type\":\"ListItem\",\"position\":2,\"name\":\"Shop\",\"item\":\"https:\\\/\\\/shop.bantam.ch\\\/de\\\/shop\\\/\"},{\"@type\":\"ListItem\",\"position\":3,\"name\":\"Fahrradtr\u00e4ger Lift V16\"}]},{\"@type\":\"WebSite\",\"@id\":\"https:\\\/\\\/shop.bantam.ch\\\/de\\\/#website\",\"url\":\"https:\\\/\\\/shop.bantam.ch\\\/de\\\/\",\"name\":\"Bantam Camping AG\",\"description\":\"\",\"publisher\":{\"@id\":\"https:\\\/\\\/shop.bantam.ch\\\/de\\\/#organization\"},\"inLanguage\":\"de\"},{\"@type\":\"Organization\",\"@id\":\"https:\\\/\\\/shop.bantam.ch\\\/de\\\/#organization\",\"name\":\"Bantam Camping AG\",\"url\":\"https:\\\/\\\/shop.bantam.ch\\\/de\\\/\",\"logo\":{\"@type\":\"ImageObject\",\"inLanguage\":\"de\",\"@id\":\"https:\\\/\\\/shop.bantam.ch\\\/de\\\/#\\\/schema\\\/logo\\\/image\\\/\",\"url\":\"https:\\\/\\\/shop.bantam.ch\\\/wp-content\\\/uploads\\\/2022\\\/12\\\/bantam-logo.png\",\"contentUrl\":\"https:\\\/\\\/shop.bantam.ch\\\/wp-content\\\/uploads\\\/2022\\\/12\\\/bantam-logo.png\",\"width\":320,\"height\":71,\"caption\":\"Bantam Camping AG\"},\"image\":{\"@id\":\"https:\\\/\\\/shop.bantam.ch\\\/de\\\/#\\\/schema\\\/logo\\\/image\\\/\"}}]}<\/script>\n<!-- \/ Yoast SEO plugin. -->","yoast_head_json":{"title":"Fahrradtr\u00e4ger Lift V16 - Bantam Camping AG","robots":{"index":"index","follow":"follow","max-snippet":"max-snippet:-1","max-image-preview":"max-image-preview:large","max-video-preview":"max-video-preview:-1"},"canonical":"https:\/\/shop.bantam.ch\/de\/produkt\/fahrradtraeger-lift-v16\/","og_locale":"de_DE","og_type":"article","og_title":"Fahrradtr\u00e4ger Lift V16 - Bantam Camping AG","og_description":"Der Thule Lift V16 manuell ohne Motor. Die Plattform-Verriegelung erzeugt eine hervorragende dynamische Laststeuerung und sch\u00fctzt Ihre Fahrr\u00e4der\/E-Bikes beim Transport. Die Plattform wird manuell verriegelt und kann leicht in der Aufw\u00e4rtsposition eingerastet werden, wenn sie nicht in Gebrauch ist. Der Hubrahmen wird w\u00e4hrend der Fahrt durch die integrierten Sicherheitsgurte stabil und sicher fixiert.Dank der verstellbaren [&hellip;]","og_url":"https:\/\/shop.bantam.ch\/de\/produkt\/fahrradtraeger-lift-v16\/","og_site_name":"Bantam Camping AG","article_modified_time":"2026-04-18T19:22:01+00:00","og_image":[{"width":1000,"height":662,"url":"https:\/\/shop.bantam.ch\/wp-content\/uploads\/2023\/02\/9940636-Fahrradtraeger_Thule_Lift_V16_manuell_ohne_Motor_2_Raeder_oder_2_E-Bikes_Traglast_50_kg_-Standard-01-2.jpg","type":"image\/jpeg"}],"twitter_card":"summary_large_image","twitter_misc":{"Gesch\u00e4tzte Lesezeit":"1\u00a0Minute"},"schema":{"@context":"https:\/\/schema.org","@graph":[{"@type":"WebPage","@id":"https:\/\/shop.bantam.ch\/de\/produkt\/fahrradtraeger-lift-v16\/","url":"https:\/\/shop.bantam.ch\/de\/produkt\/fahrradtraeger-lift-v16\/","name":"Fahrradtr\u00e4ger Lift V16 - Bantam Camping AG","isPartOf":{"@id":"https:\/\/shop.bantam.ch\/de\/#website"},"primaryImageOfPage":{"@id":"https:\/\/shop.bantam.ch\/de\/produkt\/fahrradtraeger-lift-v16\/#primaryimage"},"image":{"@id":"https:\/\/shop.bantam.ch\/de\/produkt\/fahrradtraeger-lift-v16\/#primaryimage"},"thumbnailUrl":"https:\/\/shop.bantam.ch\/wp-content\/uploads\/2023\/02\/9940636-Fahrradtraeger_Thule_Lift_V16_manuell_ohne_Motor_2_Raeder_oder_2_E-Bikes_Traglast_50_kg_-Standard-01-2.jpg","datePublished":"2023-02-23T13:12:02+00:00","dateModified":"2026-04-18T19:22:01+00:00","breadcrumb":{"@id":"https:\/\/shop.bantam.ch\/de\/produkt\/fahrradtraeger-lift-v16\/#breadcrumb"},"inLanguage":"de","potentialAction":[{"@type":"ReadAction","target":["https:\/\/shop.bantam.ch\/de\/produkt\/fahrradtraeger-lift-v16\/"]}]},{"@type":"ImageObject","inLanguage":"de","@id":"https:\/\/shop.bantam.ch\/de\/produkt\/fahrradtraeger-lift-v16\/#primaryimage","url":"https:\/\/shop.bantam.ch\/wp-content\/uploads\/2023\/02\/9940636-Fahrradtraeger_Thule_Lift_V16_manuell_ohne_Motor_2_Raeder_oder_2_E-Bikes_Traglast_50_kg_-Standard-01-2.jpg","contentUrl":"https:\/\/shop.bantam.ch\/wp-content\/uploads\/2023\/02\/9940636-Fahrradtraeger_Thule_Lift_V16_manuell_ohne_Motor_2_Raeder_oder_2_E-Bikes_Traglast_50_kg_-Standard-01-2.jpg","width":1000,"height":662},{"@type":"BreadcrumbList","@id":"https:\/\/shop.bantam.ch\/de\/produkt\/fahrradtraeger-lift-v16\/#breadcrumb","itemListElement":[{"@type":"ListItem","position":1,"name":"Accueil","item":"https:\/\/shop.bantam.ch\/de\/"},{"@type":"ListItem","position":2,"name":"Shop","item":"https:\/\/shop.bantam.ch\/de\/shop\/"},{"@type":"ListItem","position":3,"name":"Fahrradtr\u00e4ger Lift V16"}]},{"@type":"WebSite","@id":"https:\/\/shop.bantam.ch\/de\/#website","url":"https:\/\/shop.bantam.ch\/de\/","name":"Bantam Camping AG","description":"","publisher":{"@id":"https:\/\/shop.bantam.ch\/de\/#organization"},"inLanguage":"de"},{"@type":"Organization","@id":"https:\/\/shop.bantam.ch\/de\/#organization","name":"Bantam Camping AG","url":"https:\/\/shop.bantam.ch\/de\/","logo":{"@type":"ImageObject","inLanguage":"de","@id":"https:\/\/shop.bantam.ch\/de\/#\/schema\/logo\/image\/","url":"https:\/\/shop.bantam.ch\/wp-content\/uploads\/2022\/12\/bantam-logo.png","contentUrl":"https:\/\/shop.bantam.ch\/wp-content\/uploads\/2022\/12\/bantam-logo.png","width":320,"height":71,"caption":"Bantam Camping AG"},"image":{"@id":"https:\/\/shop.bantam.ch\/de\/#\/schema\/logo\/image\/"}}]}},"_links":{"self":[{"href":"https:\/\/shop.bantam.ch\/de\/wp-json\/wp\/v2\/product\/51861","targetHints":{"allow":["GET"]}}],"collection":[{"href":"https:\/\/shop.bantam.ch\/de\/wp-json\/wp\/v2\/product"}],"about":[{"href":"https:\/\/shop.bantam.ch\/de\/wp-json\/wp\/v2\/types\/product"}],"wp:featuredmedia":[{"embeddable":true,"href":"https:\/\/shop.bantam.ch\/de\/wp-json\/wp\/v2\/media\/51843"}],"wp:attachment":[{"href":"https:\/\/shop.bantam.ch\/de\/wp-json\/wp\/v2\/media?parent=51861"}],"wp:term":[{"taxonomy":"product_featured_cat","embeddable":true,"href":"https:\/\/shop.bantam.ch\/de\/wp-json\/wp\/v2\/product_featured_cat?post=51861"},{"taxonomy":"product_brand","embeddable":true,"href":"https:\/\/shop.bantam.ch\/de\/wp-json\/wp\/v2\/product_brand?post=51861"},{"taxonomy":"product_cat","embeddable":true,"href":"https:\/\/shop.bantam.ch\/de\/wp-json\/wp\/v2\/product_cat?post=51861"},{"taxonomy":"product_tag","embeddable":true,"href":"https:\/\/shop.bantam.ch\/de\/wp-json\/wp\/v2\/product_tag?post=51861"}],"curies":[{"name":"wp","href":"https:\/\/api.w.org\/{rel}","templated":true}]}}