{"id":51632,"date":"2023-02-23T14:07:16","date_gmt":"2023-02-23T13:07:16","guid":{"rendered":"http:\/\/preprod-dev.sh1.hidora.com\/webshop\/produit\/sonnendach-leine\/"},"modified":"2026-04-17T21:20:08","modified_gmt":"2026-04-17T19:20:08","slug":"sonnendach-leine","status":"publish","type":"product","link":"https:\/\/shop.bantam.ch\/de\/produkt\/sonnendach-leine\/","title":{"rendered":"Sonnendach Leine"},"content":{"rendered":"<p>Weiterhin ist es auch in der bew\u00e4hrten Farbe grau mit einseitigem Einzug erh\u00e4ltlich. Durch seine vielen Verwendungsm\u00f6glichkeiten kann man unser Leine als Sonnendach, Garage, Deichselabdeckung und Heckdach nutzen.<\/p>\n<p>Verwendung und Funktion:<br \/>Extrem rei\u00dffest und verrottungsfest, abwaschbar, leicht, licht- und wetterecht, wasserdicht.<br \/>Als Sonnendach, wie es die Einzugsschiene erlaubt und es Ihren Bed\u00fcrfnissen entspricht.<br \/>An der Heckseite des Fahrzeuges, auch bei angebautem Vorzelt, als Unterstellzelt.<br \/>An der Bugseite des Wohnwagens \u00fcberspannt es den Gakasten und die Deichsel und dient z. B. als Schutz f\u00fcr Grill und Fahrrad.<br \/>An den Hymer-Touring Modellen verwendebar.<br \/>An allen Reisemobilen, mit Einzugsschiene.<\/p>\n<p>\u00a0<\/p>\n<p>Material:<br \/>100 % Polyester<\/p>\n<p>\u00a0<\/p>\n<p>Lieferumfang:<br \/>Sonnendach<br \/>2 Aufstellstangen*<br \/>Abspannmaterial<br \/>Zubeh\u00f6rbeutel<br \/>Abspannmaterial<br \/>Zubeh\u00f6rbeutel<\/p>\n<p>* bis 300 cm Zeltbreite sind 2 Stangen enthalten ab 350 cm Zeltbreite sind 3 Stangen enthalten.<\/p>\n","protected":false},"excerpt":{"rendered":"<p>Weiterhin ist es auch in der bew\u00e4hrten Farbe grau mit einseitigem Einzug erh\u00e4ltlich. Durch seine vielen Verwendungsm\u00f6glichkeiten kann man unser Leine als Sonnendach, Garage, Deichselabdeckung und Heckdach nutzen. Verwendung und Funktion:Extrem rei\u00dffest und verrottungsfest, abwaschbar, leicht, licht- und wetterecht, wasserdicht.Als Sonnendach, wie es die Einzugsschiene erlaubt und es Ihren Bed\u00fcrfnissen entspricht.An der Heckseite des Fahrzeuges, [&hellip;]<\/p>\n","protected":false},"featured_media":51597,"template":"","meta":{"_acf_changed":false},"product_featured_cat":[],"product_brand":[3043],"product_cat":[4252],"product_tag":[],"class_list":{"0":"post-51632","1":"product","2":"type-product","3":"status-publish","4":"has-post-thumbnail","6":"product_brand-wigo-de","7":"product_cat-sonnensegel-fuer-campingfahrzeuge","9":"first","10":"instock","11":"taxable","12":"shipping-taxable","13":"purchasable","14":"product-type-variable"},"acf":[],"yoast_head":"<!-- This site is optimized with the Yoast SEO plugin v27.4 - https:\/\/yoast.com\/product\/yoast-seo-wordpress\/ -->\n<title>Sonnendach Leine - Bantam Camping AG<\/title>\n<meta name=\"robots\" content=\"index, follow, max-snippet:-1, max-image-preview:large, max-video-preview:-1\" \/>\n<link rel=\"canonical\" href=\"https:\/\/shop.bantam.ch\/de\/produkt\/sonnendach-leine\/\" \/>\n<meta property=\"og:locale\" content=\"de_DE\" \/>\n<meta property=\"og:type\" content=\"article\" \/>\n<meta property=\"og:title\" content=\"Sonnendach Leine - Bantam Camping AG\" \/>\n<meta property=\"og:description\" content=\"Weiterhin ist es auch in der bew\u00e4hrten Farbe grau mit einseitigem Einzug erh\u00e4ltlich. Durch seine vielen Verwendungsm\u00f6glichkeiten kann man unser Leine als Sonnendach, Garage, Deichselabdeckung und Heckdach nutzen. Verwendung und Funktion:Extrem rei\u00dffest und verrottungsfest, abwaschbar, leicht, licht- und wetterecht, wasserdicht.Als Sonnendach, wie es die Einzugsschiene erlaubt und es Ihren Bed\u00fcrfnissen entspricht.An der Heckseite des Fahrzeuges, [&hellip;]\" \/>\n<meta property=\"og:url\" content=\"https:\/\/shop.bantam.ch\/de\/produkt\/sonnendach-leine\/\" \/>\n<meta property=\"og:site_name\" content=\"Bantam Camping AG\" \/>\n<meta property=\"article:modified_time\" content=\"2026-04-17T19:20:08+00:00\" \/>\n<meta property=\"og:image\" content=\"https:\/\/shop.bantam.ch\/wp-content\/uploads\/2023\/02\/9903180-Sonnendach_LEINE_425_Fb_grau-Standard-01-10.jpg\" \/>\n\t<meta property=\"og:image:width\" content=\"1000\" \/>\n\t<meta property=\"og:image:height\" content=\"667\" \/>\n\t<meta property=\"og:image:type\" content=\"image\/jpeg\" \/>\n<meta name=\"twitter:card\" content=\"summary_large_image\" \/>\n<meta name=\"twitter:label1\" content=\"Gesch\u00e4tzte Lesezeit\" \/>\n\t<meta name=\"twitter:data1\" content=\"1\u00a0Minute\" \/>\n<script type=\"application\/ld+json\" class=\"yoast-schema-graph\">{\"@context\":\"https:\\\/\\\/schema.org\",\"@graph\":[{\"@type\":\"WebPage\",\"@id\":\"https:\\\/\\\/shop.bantam.ch\\\/de\\\/produkt\\\/sonnendach-leine\\\/\",\"url\":\"https:\\\/\\\/shop.bantam.ch\\\/de\\\/produkt\\\/sonnendach-leine\\\/\",\"name\":\"Sonnendach Leine - Bantam Camping AG\",\"isPartOf\":{\"@id\":\"https:\\\/\\\/shop.bantam.ch\\\/de\\\/#website\"},\"primaryImageOfPage\":{\"@id\":\"https:\\\/\\\/shop.bantam.ch\\\/de\\\/produkt\\\/sonnendach-leine\\\/#primaryimage\"},\"image\":{\"@id\":\"https:\\\/\\\/shop.bantam.ch\\\/de\\\/produkt\\\/sonnendach-leine\\\/#primaryimage\"},\"thumbnailUrl\":\"https:\\\/\\\/shop.bantam.ch\\\/wp-content\\\/uploads\\\/2023\\\/02\\\/9903180-Sonnendach_LEINE_425_Fb_grau-Standard-01-10.jpg\",\"datePublished\":\"2023-02-23T13:07:16+00:00\",\"dateModified\":\"2026-04-17T19:20:08+00:00\",\"breadcrumb\":{\"@id\":\"https:\\\/\\\/shop.bantam.ch\\\/de\\\/produkt\\\/sonnendach-leine\\\/#breadcrumb\"},\"inLanguage\":\"de\",\"potentialAction\":[{\"@type\":\"ReadAction\",\"target\":[\"https:\\\/\\\/shop.bantam.ch\\\/de\\\/produkt\\\/sonnendach-leine\\\/\"]}]},{\"@type\":\"ImageObject\",\"inLanguage\":\"de\",\"@id\":\"https:\\\/\\\/shop.bantam.ch\\\/de\\\/produkt\\\/sonnendach-leine\\\/#primaryimage\",\"url\":\"https:\\\/\\\/shop.bantam.ch\\\/wp-content\\\/uploads\\\/2023\\\/02\\\/9903180-Sonnendach_LEINE_425_Fb_grau-Standard-01-10.jpg\",\"contentUrl\":\"https:\\\/\\\/shop.bantam.ch\\\/wp-content\\\/uploads\\\/2023\\\/02\\\/9903180-Sonnendach_LEINE_425_Fb_grau-Standard-01-10.jpg\",\"width\":1000,\"height\":667},{\"@type\":\"BreadcrumbList\",\"@id\":\"https:\\\/\\\/shop.bantam.ch\\\/de\\\/produkt\\\/sonnendach-leine\\\/#breadcrumb\",\"itemListElement\":[{\"@type\":\"ListItem\",\"position\":1,\"name\":\"Accueil\",\"item\":\"https:\\\/\\\/shop.bantam.ch\\\/de\\\/\"},{\"@type\":\"ListItem\",\"position\":2,\"name\":\"Shop\",\"item\":\"https:\\\/\\\/shop.bantam.ch\\\/de\\\/shop\\\/\"},{\"@type\":\"ListItem\",\"position\":3,\"name\":\"Sonnendach Leine\"}]},{\"@type\":\"WebSite\",\"@id\":\"https:\\\/\\\/shop.bantam.ch\\\/de\\\/#website\",\"url\":\"https:\\\/\\\/shop.bantam.ch\\\/de\\\/\",\"name\":\"Bantam Camping AG\",\"description\":\"\",\"publisher\":{\"@id\":\"https:\\\/\\\/shop.bantam.ch\\\/de\\\/#organization\"},\"inLanguage\":\"de\"},{\"@type\":\"Organization\",\"@id\":\"https:\\\/\\\/shop.bantam.ch\\\/de\\\/#organization\",\"name\":\"Bantam Camping AG\",\"url\":\"https:\\\/\\\/shop.bantam.ch\\\/de\\\/\",\"logo\":{\"@type\":\"ImageObject\",\"inLanguage\":\"de\",\"@id\":\"https:\\\/\\\/shop.bantam.ch\\\/de\\\/#\\\/schema\\\/logo\\\/image\\\/\",\"url\":\"https:\\\/\\\/shop.bantam.ch\\\/wp-content\\\/uploads\\\/2022\\\/12\\\/bantam-logo.png\",\"contentUrl\":\"https:\\\/\\\/shop.bantam.ch\\\/wp-content\\\/uploads\\\/2022\\\/12\\\/bantam-logo.png\",\"width\":320,\"height\":71,\"caption\":\"Bantam Camping AG\"},\"image\":{\"@id\":\"https:\\\/\\\/shop.bantam.ch\\\/de\\\/#\\\/schema\\\/logo\\\/image\\\/\"}}]}<\/script>\n<!-- \/ Yoast SEO plugin. -->","yoast_head_json":{"title":"Sonnendach Leine - Bantam Camping AG","robots":{"index":"index","follow":"follow","max-snippet":"max-snippet:-1","max-image-preview":"max-image-preview:large","max-video-preview":"max-video-preview:-1"},"canonical":"https:\/\/shop.bantam.ch\/de\/produkt\/sonnendach-leine\/","og_locale":"de_DE","og_type":"article","og_title":"Sonnendach Leine - Bantam Camping AG","og_description":"Weiterhin ist es auch in der bew\u00e4hrten Farbe grau mit einseitigem Einzug erh\u00e4ltlich. Durch seine vielen Verwendungsm\u00f6glichkeiten kann man unser Leine als Sonnendach, Garage, Deichselabdeckung und Heckdach nutzen. Verwendung und Funktion:Extrem rei\u00dffest und verrottungsfest, abwaschbar, leicht, licht- und wetterecht, wasserdicht.Als Sonnendach, wie es die Einzugsschiene erlaubt und es Ihren Bed\u00fcrfnissen entspricht.An der Heckseite des Fahrzeuges, [&hellip;]","og_url":"https:\/\/shop.bantam.ch\/de\/produkt\/sonnendach-leine\/","og_site_name":"Bantam Camping AG","article_modified_time":"2026-04-17T19:20:08+00:00","og_image":[{"width":1000,"height":667,"url":"https:\/\/shop.bantam.ch\/wp-content\/uploads\/2023\/02\/9903180-Sonnendach_LEINE_425_Fb_grau-Standard-01-10.jpg","type":"image\/jpeg"}],"twitter_card":"summary_large_image","twitter_misc":{"Gesch\u00e4tzte Lesezeit":"1\u00a0Minute"},"schema":{"@context":"https:\/\/schema.org","@graph":[{"@type":"WebPage","@id":"https:\/\/shop.bantam.ch\/de\/produkt\/sonnendach-leine\/","url":"https:\/\/shop.bantam.ch\/de\/produkt\/sonnendach-leine\/","name":"Sonnendach Leine - Bantam Camping AG","isPartOf":{"@id":"https:\/\/shop.bantam.ch\/de\/#website"},"primaryImageOfPage":{"@id":"https:\/\/shop.bantam.ch\/de\/produkt\/sonnendach-leine\/#primaryimage"},"image":{"@id":"https:\/\/shop.bantam.ch\/de\/produkt\/sonnendach-leine\/#primaryimage"},"thumbnailUrl":"https:\/\/shop.bantam.ch\/wp-content\/uploads\/2023\/02\/9903180-Sonnendach_LEINE_425_Fb_grau-Standard-01-10.jpg","datePublished":"2023-02-23T13:07:16+00:00","dateModified":"2026-04-17T19:20:08+00:00","breadcrumb":{"@id":"https:\/\/shop.bantam.ch\/de\/produkt\/sonnendach-leine\/#breadcrumb"},"inLanguage":"de","potentialAction":[{"@type":"ReadAction","target":["https:\/\/shop.bantam.ch\/de\/produkt\/sonnendach-leine\/"]}]},{"@type":"ImageObject","inLanguage":"de","@id":"https:\/\/shop.bantam.ch\/de\/produkt\/sonnendach-leine\/#primaryimage","url":"https:\/\/shop.bantam.ch\/wp-content\/uploads\/2023\/02\/9903180-Sonnendach_LEINE_425_Fb_grau-Standard-01-10.jpg","contentUrl":"https:\/\/shop.bantam.ch\/wp-content\/uploads\/2023\/02\/9903180-Sonnendach_LEINE_425_Fb_grau-Standard-01-10.jpg","width":1000,"height":667},{"@type":"BreadcrumbList","@id":"https:\/\/shop.bantam.ch\/de\/produkt\/sonnendach-leine\/#breadcrumb","itemListElement":[{"@type":"ListItem","position":1,"name":"Accueil","item":"https:\/\/shop.bantam.ch\/de\/"},{"@type":"ListItem","position":2,"name":"Shop","item":"https:\/\/shop.bantam.ch\/de\/shop\/"},{"@type":"ListItem","position":3,"name":"Sonnendach Leine"}]},{"@type":"WebSite","@id":"https:\/\/shop.bantam.ch\/de\/#website","url":"https:\/\/shop.bantam.ch\/de\/","name":"Bantam Camping AG","description":"","publisher":{"@id":"https:\/\/shop.bantam.ch\/de\/#organization"},"inLanguage":"de"},{"@type":"Organization","@id":"https:\/\/shop.bantam.ch\/de\/#organization","name":"Bantam Camping AG","url":"https:\/\/shop.bantam.ch\/de\/","logo":{"@type":"ImageObject","inLanguage":"de","@id":"https:\/\/shop.bantam.ch\/de\/#\/schema\/logo\/image\/","url":"https:\/\/shop.bantam.ch\/wp-content\/uploads\/2022\/12\/bantam-logo.png","contentUrl":"https:\/\/shop.bantam.ch\/wp-content\/uploads\/2022\/12\/bantam-logo.png","width":320,"height":71,"caption":"Bantam Camping AG"},"image":{"@id":"https:\/\/shop.bantam.ch\/de\/#\/schema\/logo\/image\/"}}]}},"_links":{"self":[{"href":"https:\/\/shop.bantam.ch\/de\/wp-json\/wp\/v2\/product\/51632","targetHints":{"allow":["GET"]}}],"collection":[{"href":"https:\/\/shop.bantam.ch\/de\/wp-json\/wp\/v2\/product"}],"about":[{"href":"https:\/\/shop.bantam.ch\/de\/wp-json\/wp\/v2\/types\/product"}],"wp:featuredmedia":[{"embeddable":true,"href":"https:\/\/shop.bantam.ch\/de\/wp-json\/wp\/v2\/media\/51597"}],"wp:attachment":[{"href":"https:\/\/shop.bantam.ch\/de\/wp-json\/wp\/v2\/media?parent=51632"}],"wp:term":[{"taxonomy":"product_featured_cat","embeddable":true,"href":"https:\/\/shop.bantam.ch\/de\/wp-json\/wp\/v2\/product_featured_cat?post=51632"},{"taxonomy":"product_brand","embeddable":true,"href":"https:\/\/shop.bantam.ch\/de\/wp-json\/wp\/v2\/product_brand?post=51632"},{"taxonomy":"product_cat","embeddable":true,"href":"https:\/\/shop.bantam.ch\/de\/wp-json\/wp\/v2\/product_cat?post=51632"},{"taxonomy":"product_tag","embeddable":true,"href":"https:\/\/shop.bantam.ch\/de\/wp-json\/wp\/v2\/product_tag?post=51632"}],"curies":[{"name":"wp","href":"https:\/\/api.w.org\/{rel}","templated":true}]}}