{"id":50538,"date":"2023-02-23T13:49:54","date_gmt":"2023-02-23T12:49:54","guid":{"rendered":"http:\/\/preprod-dev.sh1.hidora.com\/webshop\/produit\/spiegelprotektorsatz\/"},"modified":"2026-04-19T21:16:28","modified_gmt":"2026-04-19T19:16:28","slug":"spiegelprotektorsatz","status":"publish","type":"product","link":"https:\/\/shop.bantam.ch\/de\/produkt\/spiegelprotektorsatz\/","title":{"rendered":"Spiegelprotektorsatz"},"content":{"rendered":"<p>Spiegelprotektorsatz zur einfachen Montage am linken und rechten Au\u00dfenspielgel bei teilentegrierten Reisemobilen und Alkovenfahrzeugen auf Basis Fiat Ducato X250. Die Protektoren sch\u00fctzen die Spiegel vor Besch\u00e4digung durch Kontakt mit Gegenverkehr, \u00e0\u201esten oder Verkehrsschildern. Einfache und sichere Montage durch perfekte Passform und verschraubtem Halter. Keine Bohrungen oder Verschraubungen im Originalspielgel notwendig.<\/p>\n<p>Lieferumfang:<br \/>je 1 St\u00fcck Protektor links und rechts<br \/>mit Klebepad, Sicherungsleiste und 2 Schrauben<\/p>\n","protected":false},"excerpt":{"rendered":"<p>Spiegelprotektorsatz zur einfachen Montage am linken und rechten Au\u00dfenspielgel bei teilentegrierten Reisemobilen und Alkovenfahrzeugen auf Basis Fiat Ducato X250. Die Protektoren sch\u00fctzen die Spiegel vor Besch\u00e4digung durch Kontakt mit Gegenverkehr, \u00e0\u201esten oder Verkehrsschildern. Einfache und sichere Montage durch perfekte Passform und verschraubtem Halter. Keine Bohrungen oder Verschraubungen im Originalspielgel notwendig. Lieferumfang:je 1 St\u00fcck Protektor links [&hellip;]<\/p>\n","protected":false},"featured_media":50516,"template":"","meta":{"_acf_changed":false},"product_featured_cat":[],"product_brand":[3143],"product_cat":[4834],"product_tag":[],"class_list":{"0":"post-50538","1":"product","2":"type-product","3":"status-publish","4":"has-post-thumbnail","6":"product_brand-milenco-de","7":"product_cat-zubehoer-fuer-wohnwagenspiegel","9":"first","10":"instock","11":"taxable","12":"shipping-taxable","13":"purchasable","14":"product-type-variable"},"acf":[],"yoast_head":"<!-- This site is optimized with the Yoast SEO plugin v27.4 - https:\/\/yoast.com\/product\/yoast-seo-wordpress\/ -->\n<title>Spiegelprotektorsatz - Bantam Camping AG<\/title>\n<meta name=\"robots\" content=\"index, follow, max-snippet:-1, max-image-preview:large, max-video-preview:-1\" \/>\n<link rel=\"canonical\" href=\"https:\/\/shop.bantam.ch\/de\/produkt\/spiegelprotektorsatz\/\" \/>\n<meta property=\"og:locale\" content=\"de_DE\" \/>\n<meta property=\"og:type\" content=\"article\" \/>\n<meta property=\"og:title\" content=\"Spiegelprotektorsatz - Bantam Camping AG\" \/>\n<meta property=\"og:description\" content=\"Spiegelprotektorsatz zur einfachen Montage am linken und rechten Au\u00dfenspielgel bei teilentegrierten Reisemobilen und Alkovenfahrzeugen auf Basis Fiat Ducato X250. Die Protektoren sch\u00fctzen die Spiegel vor Besch\u00e4digung durch Kontakt mit Gegenverkehr, \u00e0\u201esten oder Verkehrsschildern. Einfache und sichere Montage durch perfekte Passform und verschraubtem Halter. Keine Bohrungen oder Verschraubungen im Originalspielgel notwendig. Lieferumfang:je 1 St\u00fcck Protektor links [&hellip;]\" \/>\n<meta property=\"og:url\" content=\"https:\/\/shop.bantam.ch\/de\/produkt\/spiegelprotektorsatz\/\" \/>\n<meta property=\"og:site_name\" content=\"Bantam Camping AG\" \/>\n<meta property=\"article:modified_time\" content=\"2026-04-19T19:16:28+00:00\" \/>\n<meta property=\"og:image\" content=\"https:\/\/shop.bantam.ch\/wp-content\/uploads\/2023\/02\/9918372-Spiegelprotectorsatz_Milenco-Standard-01-2.jpg\" \/>\n\t<meta property=\"og:image:width\" content=\"750\" \/>\n\t<meta property=\"og:image:height\" content=\"1000\" \/>\n\t<meta property=\"og:image:type\" content=\"image\/jpeg\" \/>\n<meta name=\"twitter:card\" content=\"summary_large_image\" \/>\n<script type=\"application\/ld+json\" class=\"yoast-schema-graph\">{\"@context\":\"https:\\\/\\\/schema.org\",\"@graph\":[{\"@type\":\"WebPage\",\"@id\":\"https:\\\/\\\/shop.bantam.ch\\\/de\\\/produkt\\\/spiegelprotektorsatz\\\/\",\"url\":\"https:\\\/\\\/shop.bantam.ch\\\/de\\\/produkt\\\/spiegelprotektorsatz\\\/\",\"name\":\"Spiegelprotektorsatz - Bantam Camping AG\",\"isPartOf\":{\"@id\":\"https:\\\/\\\/shop.bantam.ch\\\/de\\\/#website\"},\"primaryImageOfPage\":{\"@id\":\"https:\\\/\\\/shop.bantam.ch\\\/de\\\/produkt\\\/spiegelprotektorsatz\\\/#primaryimage\"},\"image\":{\"@id\":\"https:\\\/\\\/shop.bantam.ch\\\/de\\\/produkt\\\/spiegelprotektorsatz\\\/#primaryimage\"},\"thumbnailUrl\":\"https:\\\/\\\/shop.bantam.ch\\\/wp-content\\\/uploads\\\/2023\\\/02\\\/9918372-Spiegelprotectorsatz_Milenco-Standard-01-2.jpg\",\"datePublished\":\"2023-02-23T12:49:54+00:00\",\"dateModified\":\"2026-04-19T19:16:28+00:00\",\"breadcrumb\":{\"@id\":\"https:\\\/\\\/shop.bantam.ch\\\/de\\\/produkt\\\/spiegelprotektorsatz\\\/#breadcrumb\"},\"inLanguage\":\"de\",\"potentialAction\":[{\"@type\":\"ReadAction\",\"target\":[\"https:\\\/\\\/shop.bantam.ch\\\/de\\\/produkt\\\/spiegelprotektorsatz\\\/\"]}]},{\"@type\":\"ImageObject\",\"inLanguage\":\"de\",\"@id\":\"https:\\\/\\\/shop.bantam.ch\\\/de\\\/produkt\\\/spiegelprotektorsatz\\\/#primaryimage\",\"url\":\"https:\\\/\\\/shop.bantam.ch\\\/wp-content\\\/uploads\\\/2023\\\/02\\\/9918372-Spiegelprotectorsatz_Milenco-Standard-01-2.jpg\",\"contentUrl\":\"https:\\\/\\\/shop.bantam.ch\\\/wp-content\\\/uploads\\\/2023\\\/02\\\/9918372-Spiegelprotectorsatz_Milenco-Standard-01-2.jpg\",\"width\":750,\"height\":1000},{\"@type\":\"BreadcrumbList\",\"@id\":\"https:\\\/\\\/shop.bantam.ch\\\/de\\\/produkt\\\/spiegelprotektorsatz\\\/#breadcrumb\",\"itemListElement\":[{\"@type\":\"ListItem\",\"position\":1,\"name\":\"Accueil\",\"item\":\"https:\\\/\\\/shop.bantam.ch\\\/de\\\/\"},{\"@type\":\"ListItem\",\"position\":2,\"name\":\"Shop\",\"item\":\"https:\\\/\\\/shop.bantam.ch\\\/de\\\/shop\\\/\"},{\"@type\":\"ListItem\",\"position\":3,\"name\":\"Spiegelprotektorsatz\"}]},{\"@type\":\"WebSite\",\"@id\":\"https:\\\/\\\/shop.bantam.ch\\\/de\\\/#website\",\"url\":\"https:\\\/\\\/shop.bantam.ch\\\/de\\\/\",\"name\":\"Bantam Camping AG\",\"description\":\"\",\"publisher\":{\"@id\":\"https:\\\/\\\/shop.bantam.ch\\\/de\\\/#organization\"},\"inLanguage\":\"de\"},{\"@type\":\"Organization\",\"@id\":\"https:\\\/\\\/shop.bantam.ch\\\/de\\\/#organization\",\"name\":\"Bantam Camping AG\",\"url\":\"https:\\\/\\\/shop.bantam.ch\\\/de\\\/\",\"logo\":{\"@type\":\"ImageObject\",\"inLanguage\":\"de\",\"@id\":\"https:\\\/\\\/shop.bantam.ch\\\/de\\\/#\\\/schema\\\/logo\\\/image\\\/\",\"url\":\"https:\\\/\\\/shop.bantam.ch\\\/wp-content\\\/uploads\\\/2022\\\/12\\\/bantam-logo.png\",\"contentUrl\":\"https:\\\/\\\/shop.bantam.ch\\\/wp-content\\\/uploads\\\/2022\\\/12\\\/bantam-logo.png\",\"width\":320,\"height\":71,\"caption\":\"Bantam Camping AG\"},\"image\":{\"@id\":\"https:\\\/\\\/shop.bantam.ch\\\/de\\\/#\\\/schema\\\/logo\\\/image\\\/\"}}]}<\/script>\n<!-- \/ Yoast SEO plugin. -->","yoast_head_json":{"title":"Spiegelprotektorsatz - Bantam Camping AG","robots":{"index":"index","follow":"follow","max-snippet":"max-snippet:-1","max-image-preview":"max-image-preview:large","max-video-preview":"max-video-preview:-1"},"canonical":"https:\/\/shop.bantam.ch\/de\/produkt\/spiegelprotektorsatz\/","og_locale":"de_DE","og_type":"article","og_title":"Spiegelprotektorsatz - Bantam Camping AG","og_description":"Spiegelprotektorsatz zur einfachen Montage am linken und rechten Au\u00dfenspielgel bei teilentegrierten Reisemobilen und Alkovenfahrzeugen auf Basis Fiat Ducato X250. Die Protektoren sch\u00fctzen die Spiegel vor Besch\u00e4digung durch Kontakt mit Gegenverkehr, \u00e0\u201esten oder Verkehrsschildern. Einfache und sichere Montage durch perfekte Passform und verschraubtem Halter. Keine Bohrungen oder Verschraubungen im Originalspielgel notwendig. Lieferumfang:je 1 St\u00fcck Protektor links [&hellip;]","og_url":"https:\/\/shop.bantam.ch\/de\/produkt\/spiegelprotektorsatz\/","og_site_name":"Bantam Camping AG","article_modified_time":"2026-04-19T19:16:28+00:00","og_image":[{"width":750,"height":1000,"url":"https:\/\/shop.bantam.ch\/wp-content\/uploads\/2023\/02\/9918372-Spiegelprotectorsatz_Milenco-Standard-01-2.jpg","type":"image\/jpeg"}],"twitter_card":"summary_large_image","schema":{"@context":"https:\/\/schema.org","@graph":[{"@type":"WebPage","@id":"https:\/\/shop.bantam.ch\/de\/produkt\/spiegelprotektorsatz\/","url":"https:\/\/shop.bantam.ch\/de\/produkt\/spiegelprotektorsatz\/","name":"Spiegelprotektorsatz - Bantam Camping AG","isPartOf":{"@id":"https:\/\/shop.bantam.ch\/de\/#website"},"primaryImageOfPage":{"@id":"https:\/\/shop.bantam.ch\/de\/produkt\/spiegelprotektorsatz\/#primaryimage"},"image":{"@id":"https:\/\/shop.bantam.ch\/de\/produkt\/spiegelprotektorsatz\/#primaryimage"},"thumbnailUrl":"https:\/\/shop.bantam.ch\/wp-content\/uploads\/2023\/02\/9918372-Spiegelprotectorsatz_Milenco-Standard-01-2.jpg","datePublished":"2023-02-23T12:49:54+00:00","dateModified":"2026-04-19T19:16:28+00:00","breadcrumb":{"@id":"https:\/\/shop.bantam.ch\/de\/produkt\/spiegelprotektorsatz\/#breadcrumb"},"inLanguage":"de","potentialAction":[{"@type":"ReadAction","target":["https:\/\/shop.bantam.ch\/de\/produkt\/spiegelprotektorsatz\/"]}]},{"@type":"ImageObject","inLanguage":"de","@id":"https:\/\/shop.bantam.ch\/de\/produkt\/spiegelprotektorsatz\/#primaryimage","url":"https:\/\/shop.bantam.ch\/wp-content\/uploads\/2023\/02\/9918372-Spiegelprotectorsatz_Milenco-Standard-01-2.jpg","contentUrl":"https:\/\/shop.bantam.ch\/wp-content\/uploads\/2023\/02\/9918372-Spiegelprotectorsatz_Milenco-Standard-01-2.jpg","width":750,"height":1000},{"@type":"BreadcrumbList","@id":"https:\/\/shop.bantam.ch\/de\/produkt\/spiegelprotektorsatz\/#breadcrumb","itemListElement":[{"@type":"ListItem","position":1,"name":"Accueil","item":"https:\/\/shop.bantam.ch\/de\/"},{"@type":"ListItem","position":2,"name":"Shop","item":"https:\/\/shop.bantam.ch\/de\/shop\/"},{"@type":"ListItem","position":3,"name":"Spiegelprotektorsatz"}]},{"@type":"WebSite","@id":"https:\/\/shop.bantam.ch\/de\/#website","url":"https:\/\/shop.bantam.ch\/de\/","name":"Bantam Camping AG","description":"","publisher":{"@id":"https:\/\/shop.bantam.ch\/de\/#organization"},"inLanguage":"de"},{"@type":"Organization","@id":"https:\/\/shop.bantam.ch\/de\/#organization","name":"Bantam Camping AG","url":"https:\/\/shop.bantam.ch\/de\/","logo":{"@type":"ImageObject","inLanguage":"de","@id":"https:\/\/shop.bantam.ch\/de\/#\/schema\/logo\/image\/","url":"https:\/\/shop.bantam.ch\/wp-content\/uploads\/2022\/12\/bantam-logo.png","contentUrl":"https:\/\/shop.bantam.ch\/wp-content\/uploads\/2022\/12\/bantam-logo.png","width":320,"height":71,"caption":"Bantam Camping AG"},"image":{"@id":"https:\/\/shop.bantam.ch\/de\/#\/schema\/logo\/image\/"}}]}},"_links":{"self":[{"href":"https:\/\/shop.bantam.ch\/de\/wp-json\/wp\/v2\/product\/50538","targetHints":{"allow":["GET"]}}],"collection":[{"href":"https:\/\/shop.bantam.ch\/de\/wp-json\/wp\/v2\/product"}],"about":[{"href":"https:\/\/shop.bantam.ch\/de\/wp-json\/wp\/v2\/types\/product"}],"wp:featuredmedia":[{"embeddable":true,"href":"https:\/\/shop.bantam.ch\/de\/wp-json\/wp\/v2\/media\/50516"}],"wp:attachment":[{"href":"https:\/\/shop.bantam.ch\/de\/wp-json\/wp\/v2\/media?parent=50538"}],"wp:term":[{"taxonomy":"product_featured_cat","embeddable":true,"href":"https:\/\/shop.bantam.ch\/de\/wp-json\/wp\/v2\/product_featured_cat?post=50538"},{"taxonomy":"product_brand","embeddable":true,"href":"https:\/\/shop.bantam.ch\/de\/wp-json\/wp\/v2\/product_brand?post=50538"},{"taxonomy":"product_cat","embeddable":true,"href":"https:\/\/shop.bantam.ch\/de\/wp-json\/wp\/v2\/product_cat?post=50538"},{"taxonomy":"product_tag","embeddable":true,"href":"https:\/\/shop.bantam.ch\/de\/wp-json\/wp\/v2\/product_tag?post=50538"}],"curies":[{"name":"wp","href":"https:\/\/api.w.org\/{rel}","templated":true}]}}