{"id":50256,"date":"2023-02-23T13:44:39","date_gmt":"2023-02-23T12:44:39","guid":{"rendered":"http:\/\/preprod-dev.sh1.hidora.com\/webshop\/produit\/beinauflage-multifiber\/"},"modified":"2026-04-17T21:14:11","modified_gmt":"2026-04-17T19:14:11","slug":"beinauflage-multifiber","status":"publish","type":"product","link":"https:\/\/shop.bantam.ch\/de\/produkt\/beinauflage-multifiber\/","title":{"rendered":"Beinauflage Multifiber"},"content":{"rendered":"<p>Unabh\u00e4ngige Beinauflage, leichte Reinigung, kleines Klappma\u00df, ergonomisches Design f\u00fcr einen besseren Komfort beim Auflegen der F\u00fc\u00dfe, ihr freistehendes Design erm\u00f6glicht einen einfacheren Gebrauch, wenn man sitzt, ausserdem kann sie auch als Hocker benutzt werden.<\/p>\n<p>Material:<br \/>Bezug: 100 % Polyester, Gestell: Aluminium<\/p>\n","protected":false},"excerpt":{"rendered":"<p>Unabh\u00e4ngige Beinauflage, leichte Reinigung, kleines Klappma\u00df, ergonomisches Design f\u00fcr einen besseren Komfort beim Auflegen der F\u00fc\u00dfe, ihr freistehendes Design erm\u00f6glicht einen einfacheren Gebrauch, wenn man sitzt, ausserdem kann sie auch als Hocker benutzt werden. Material:Bezug: 100 % Polyester, Gestell: Aluminium<\/p>\n","protected":false},"featured_media":50237,"template":"","meta":{"_acf_changed":false},"product_featured_cat":[],"product_brand":[3085],"product_cat":[4974],"product_tag":[],"class_list":{"0":"post-50256","1":"product","2":"type-product","3":"status-publish","4":"has-post-thumbnail","6":"product_brand-crespo-de","7":"product_cat-beinauflagen","9":"first","10":"instock","11":"taxable","12":"shipping-taxable","13":"purchasable","14":"product-type-variable"},"acf":[],"yoast_head":"<!-- This site is optimized with the Yoast SEO plugin v27.4 - https:\/\/yoast.com\/product\/yoast-seo-wordpress\/ -->\n<title>Beinauflage Multifiber - Bantam Camping AG<\/title>\n<meta name=\"robots\" content=\"index, follow, max-snippet:-1, max-image-preview:large, max-video-preview:-1\" \/>\n<link rel=\"canonical\" href=\"https:\/\/shop.bantam.ch\/de\/produkt\/beinauflage-multifiber\/\" \/>\n<meta property=\"og:locale\" content=\"de_DE\" \/>\n<meta property=\"og:type\" content=\"article\" \/>\n<meta property=\"og:title\" content=\"Beinauflage Multifiber - Bantam Camping AG\" \/>\n<meta property=\"og:description\" content=\"Unabh\u00e4ngige Beinauflage, leichte Reinigung, kleines Klappma\u00df, ergonomisches Design f\u00fcr einen besseren Komfort beim Auflegen der F\u00fc\u00dfe, ihr freistehendes Design erm\u00f6glicht einen einfacheren Gebrauch, wenn man sitzt, ausserdem kann sie auch als Hocker benutzt werden. Material:Bezug: 100 % Polyester, Gestell: Aluminium\" \/>\n<meta property=\"og:url\" content=\"https:\/\/shop.bantam.ch\/de\/produkt\/beinauflage-multifiber\/\" \/>\n<meta property=\"og:site_name\" content=\"Bantam Camping AG\" \/>\n<meta property=\"article:modified_time\" content=\"2026-04-17T19:14:11+00:00\" \/>\n<meta property=\"og:image\" content=\"https:\/\/shop.bantam.ch\/wp-content\/uploads\/2023\/02\/9919685-Beinauflage_Crespo_Multifiber_anthrazit_-Standard-01-2.jpg\" \/>\n\t<meta property=\"og:image:width\" content=\"1000\" \/>\n\t<meta property=\"og:image:height\" content=\"909\" \/>\n\t<meta property=\"og:image:type\" content=\"image\/jpeg\" \/>\n<meta name=\"twitter:card\" content=\"summary_large_image\" \/>\n<script type=\"application\/ld+json\" class=\"yoast-schema-graph\">{\"@context\":\"https:\\\/\\\/schema.org\",\"@graph\":[{\"@type\":\"WebPage\",\"@id\":\"https:\\\/\\\/shop.bantam.ch\\\/de\\\/produkt\\\/beinauflage-multifiber\\\/\",\"url\":\"https:\\\/\\\/shop.bantam.ch\\\/de\\\/produkt\\\/beinauflage-multifiber\\\/\",\"name\":\"Beinauflage Multifiber - Bantam Camping AG\",\"isPartOf\":{\"@id\":\"https:\\\/\\\/shop.bantam.ch\\\/de\\\/#website\"},\"primaryImageOfPage\":{\"@id\":\"https:\\\/\\\/shop.bantam.ch\\\/de\\\/produkt\\\/beinauflage-multifiber\\\/#primaryimage\"},\"image\":{\"@id\":\"https:\\\/\\\/shop.bantam.ch\\\/de\\\/produkt\\\/beinauflage-multifiber\\\/#primaryimage\"},\"thumbnailUrl\":\"https:\\\/\\\/shop.bantam.ch\\\/wp-content\\\/uploads\\\/2023\\\/02\\\/9919685-Beinauflage_Crespo_Multifiber_anthrazit_-Standard-01-2.jpg\",\"datePublished\":\"2023-02-23T12:44:39+00:00\",\"dateModified\":\"2026-04-17T19:14:11+00:00\",\"breadcrumb\":{\"@id\":\"https:\\\/\\\/shop.bantam.ch\\\/de\\\/produkt\\\/beinauflage-multifiber\\\/#breadcrumb\"},\"inLanguage\":\"de\",\"potentialAction\":[{\"@type\":\"ReadAction\",\"target\":[\"https:\\\/\\\/shop.bantam.ch\\\/de\\\/produkt\\\/beinauflage-multifiber\\\/\"]}]},{\"@type\":\"ImageObject\",\"inLanguage\":\"de\",\"@id\":\"https:\\\/\\\/shop.bantam.ch\\\/de\\\/produkt\\\/beinauflage-multifiber\\\/#primaryimage\",\"url\":\"https:\\\/\\\/shop.bantam.ch\\\/wp-content\\\/uploads\\\/2023\\\/02\\\/9919685-Beinauflage_Crespo_Multifiber_anthrazit_-Standard-01-2.jpg\",\"contentUrl\":\"https:\\\/\\\/shop.bantam.ch\\\/wp-content\\\/uploads\\\/2023\\\/02\\\/9919685-Beinauflage_Crespo_Multifiber_anthrazit_-Standard-01-2.jpg\",\"width\":1000,\"height\":909},{\"@type\":\"BreadcrumbList\",\"@id\":\"https:\\\/\\\/shop.bantam.ch\\\/de\\\/produkt\\\/beinauflage-multifiber\\\/#breadcrumb\",\"itemListElement\":[{\"@type\":\"ListItem\",\"position\":1,\"name\":\"Accueil\",\"item\":\"https:\\\/\\\/shop.bantam.ch\\\/de\\\/\"},{\"@type\":\"ListItem\",\"position\":2,\"name\":\"Shop\",\"item\":\"https:\\\/\\\/shop.bantam.ch\\\/de\\\/shop\\\/\"},{\"@type\":\"ListItem\",\"position\":3,\"name\":\"Beinauflage Multifiber\"}]},{\"@type\":\"WebSite\",\"@id\":\"https:\\\/\\\/shop.bantam.ch\\\/de\\\/#website\",\"url\":\"https:\\\/\\\/shop.bantam.ch\\\/de\\\/\",\"name\":\"Bantam Camping AG\",\"description\":\"\",\"publisher\":{\"@id\":\"https:\\\/\\\/shop.bantam.ch\\\/de\\\/#organization\"},\"inLanguage\":\"de\"},{\"@type\":\"Organization\",\"@id\":\"https:\\\/\\\/shop.bantam.ch\\\/de\\\/#organization\",\"name\":\"Bantam Camping AG\",\"url\":\"https:\\\/\\\/shop.bantam.ch\\\/de\\\/\",\"logo\":{\"@type\":\"ImageObject\",\"inLanguage\":\"de\",\"@id\":\"https:\\\/\\\/shop.bantam.ch\\\/de\\\/#\\\/schema\\\/logo\\\/image\\\/\",\"url\":\"https:\\\/\\\/shop.bantam.ch\\\/wp-content\\\/uploads\\\/2022\\\/12\\\/bantam-logo.png\",\"contentUrl\":\"https:\\\/\\\/shop.bantam.ch\\\/wp-content\\\/uploads\\\/2022\\\/12\\\/bantam-logo.png\",\"width\":320,\"height\":71,\"caption\":\"Bantam Camping AG\"},\"image\":{\"@id\":\"https:\\\/\\\/shop.bantam.ch\\\/de\\\/#\\\/schema\\\/logo\\\/image\\\/\"}}]}<\/script>\n<!-- \/ Yoast SEO plugin. -->","yoast_head_json":{"title":"Beinauflage Multifiber - Bantam Camping AG","robots":{"index":"index","follow":"follow","max-snippet":"max-snippet:-1","max-image-preview":"max-image-preview:large","max-video-preview":"max-video-preview:-1"},"canonical":"https:\/\/shop.bantam.ch\/de\/produkt\/beinauflage-multifiber\/","og_locale":"de_DE","og_type":"article","og_title":"Beinauflage Multifiber - Bantam Camping AG","og_description":"Unabh\u00e4ngige Beinauflage, leichte Reinigung, kleines Klappma\u00df, ergonomisches Design f\u00fcr einen besseren Komfort beim Auflegen der F\u00fc\u00dfe, ihr freistehendes Design erm\u00f6glicht einen einfacheren Gebrauch, wenn man sitzt, ausserdem kann sie auch als Hocker benutzt werden. Material:Bezug: 100 % Polyester, Gestell: Aluminium","og_url":"https:\/\/shop.bantam.ch\/de\/produkt\/beinauflage-multifiber\/","og_site_name":"Bantam Camping AG","article_modified_time":"2026-04-17T19:14:11+00:00","og_image":[{"width":1000,"height":909,"url":"https:\/\/shop.bantam.ch\/wp-content\/uploads\/2023\/02\/9919685-Beinauflage_Crespo_Multifiber_anthrazit_-Standard-01-2.jpg","type":"image\/jpeg"}],"twitter_card":"summary_large_image","schema":{"@context":"https:\/\/schema.org","@graph":[{"@type":"WebPage","@id":"https:\/\/shop.bantam.ch\/de\/produkt\/beinauflage-multifiber\/","url":"https:\/\/shop.bantam.ch\/de\/produkt\/beinauflage-multifiber\/","name":"Beinauflage Multifiber - Bantam Camping AG","isPartOf":{"@id":"https:\/\/shop.bantam.ch\/de\/#website"},"primaryImageOfPage":{"@id":"https:\/\/shop.bantam.ch\/de\/produkt\/beinauflage-multifiber\/#primaryimage"},"image":{"@id":"https:\/\/shop.bantam.ch\/de\/produkt\/beinauflage-multifiber\/#primaryimage"},"thumbnailUrl":"https:\/\/shop.bantam.ch\/wp-content\/uploads\/2023\/02\/9919685-Beinauflage_Crespo_Multifiber_anthrazit_-Standard-01-2.jpg","datePublished":"2023-02-23T12:44:39+00:00","dateModified":"2026-04-17T19:14:11+00:00","breadcrumb":{"@id":"https:\/\/shop.bantam.ch\/de\/produkt\/beinauflage-multifiber\/#breadcrumb"},"inLanguage":"de","potentialAction":[{"@type":"ReadAction","target":["https:\/\/shop.bantam.ch\/de\/produkt\/beinauflage-multifiber\/"]}]},{"@type":"ImageObject","inLanguage":"de","@id":"https:\/\/shop.bantam.ch\/de\/produkt\/beinauflage-multifiber\/#primaryimage","url":"https:\/\/shop.bantam.ch\/wp-content\/uploads\/2023\/02\/9919685-Beinauflage_Crespo_Multifiber_anthrazit_-Standard-01-2.jpg","contentUrl":"https:\/\/shop.bantam.ch\/wp-content\/uploads\/2023\/02\/9919685-Beinauflage_Crespo_Multifiber_anthrazit_-Standard-01-2.jpg","width":1000,"height":909},{"@type":"BreadcrumbList","@id":"https:\/\/shop.bantam.ch\/de\/produkt\/beinauflage-multifiber\/#breadcrumb","itemListElement":[{"@type":"ListItem","position":1,"name":"Accueil","item":"https:\/\/shop.bantam.ch\/de\/"},{"@type":"ListItem","position":2,"name":"Shop","item":"https:\/\/shop.bantam.ch\/de\/shop\/"},{"@type":"ListItem","position":3,"name":"Beinauflage Multifiber"}]},{"@type":"WebSite","@id":"https:\/\/shop.bantam.ch\/de\/#website","url":"https:\/\/shop.bantam.ch\/de\/","name":"Bantam Camping AG","description":"","publisher":{"@id":"https:\/\/shop.bantam.ch\/de\/#organization"},"inLanguage":"de"},{"@type":"Organization","@id":"https:\/\/shop.bantam.ch\/de\/#organization","name":"Bantam Camping AG","url":"https:\/\/shop.bantam.ch\/de\/","logo":{"@type":"ImageObject","inLanguage":"de","@id":"https:\/\/shop.bantam.ch\/de\/#\/schema\/logo\/image\/","url":"https:\/\/shop.bantam.ch\/wp-content\/uploads\/2022\/12\/bantam-logo.png","contentUrl":"https:\/\/shop.bantam.ch\/wp-content\/uploads\/2022\/12\/bantam-logo.png","width":320,"height":71,"caption":"Bantam Camping AG"},"image":{"@id":"https:\/\/shop.bantam.ch\/de\/#\/schema\/logo\/image\/"}}]}},"_links":{"self":[{"href":"https:\/\/shop.bantam.ch\/de\/wp-json\/wp\/v2\/product\/50256","targetHints":{"allow":["GET"]}}],"collection":[{"href":"https:\/\/shop.bantam.ch\/de\/wp-json\/wp\/v2\/product"}],"about":[{"href":"https:\/\/shop.bantam.ch\/de\/wp-json\/wp\/v2\/types\/product"}],"wp:featuredmedia":[{"embeddable":true,"href":"https:\/\/shop.bantam.ch\/de\/wp-json\/wp\/v2\/media\/50237"}],"wp:attachment":[{"href":"https:\/\/shop.bantam.ch\/de\/wp-json\/wp\/v2\/media?parent=50256"}],"wp:term":[{"taxonomy":"product_featured_cat","embeddable":true,"href":"https:\/\/shop.bantam.ch\/de\/wp-json\/wp\/v2\/product_featured_cat?post=50256"},{"taxonomy":"product_brand","embeddable":true,"href":"https:\/\/shop.bantam.ch\/de\/wp-json\/wp\/v2\/product_brand?post=50256"},{"taxonomy":"product_cat","embeddable":true,"href":"https:\/\/shop.bantam.ch\/de\/wp-json\/wp\/v2\/product_cat?post=50256"},{"taxonomy":"product_tag","embeddable":true,"href":"https:\/\/shop.bantam.ch\/de\/wp-json\/wp\/v2\/product_tag?post=50256"}],"curies":[{"name":"wp","href":"https:\/\/api.w.org\/{rel}","templated":true}]}}