{"id":50041,"date":"2023-02-23T13:40:44","date_gmt":"2023-02-23T12:40:44","guid":{"rendered":"http:\/\/preprod-dev.sh1.hidora.com\/webshop\/produit\/wasserkonservierung-silbernetz\/"},"modified":"2026-04-19T21:14:52","modified_gmt":"2026-04-19T19:14:52","slug":"wasserkonservierung-silbernetz","status":"publish","type":"product","link":"https:\/\/shop.bantam.ch\/de\/produkt\/wasserkonservierung-silbernetz\/","title":{"rendered":"Wasserkonservierung SilberNetz"},"content":{"rendered":"<p>Das Silbernetz sorgt bei jeder neuen Tankf\u00fcllung f\u00fcr die automatische Konservierung des Frischwassers. Reine Silberionen sch\u00fctzen das Wasser und das Frischwassersystem effektiv vor einer Verkeimung. Das Produkt ist f\u00fcr alle Beh\u00e4lter-u. Tankgr\u00f6\u00dfen geeignet und muss nur 1x j\u00e4hrlich gewechselt werden.<\/p>\n<p>Das Silbernetz beruht auf einer biozid wirkenden Konservierungstechnologie, die aus einem textilen 3D-Gewirk besteht, das aus strukturgebenden Fasern und nasschemisch besilberten F\u00e4den hergestellt ist. Das im Wassertank installierte Silbernetz garantiert eine kontrollierte Abgabe biozid wirkender Silberionen an das umgebende Wasser. Diese innovative Technologie sorgt bereits im Lagertank des Rohwassers f\u00fcr eine Abt\u00f6tung \/ Inaktivierung von Bakterien, Viren und Pilzen. Die damit erreichte Lagerf\u00e4higkeit des Wassers erstreckt sich \u00fcber das gesamte Wasser f\u00fchrende System, so dass es zu einem effektiven Schutz vor einer Verkeimung bzw. einer Biofilmbildung kommt.<\/p>\n<p>Das Silbernetz f\u00fcr den mobilen Einsatz wurde speziell f\u00fcr die Frischwasserkonservierung in Wohnmobilen, Wohnwagen, Bussen, Offroad-Fahrzeugen und Booten entwickelt. Es sorgt f\u00fcr die automatische Dosierung von Silberionen &#8211; bei jeder neuen Tankf\u00fcllung. Ebenfalls Anwendung findet es in Luftw\u00e4schern, Luftbefeuchtern, Pools sowie in kreislauff\u00fchrenden Fluidsystemen in der Industrie.<\/p>\n<p>\u00a0<\/p>\n<ul>\n<li>Automatische Dosierung von Silberionen- bei jeder neuen Tankf\u00fcllung<\/li>\n<li>Effektiver Schutz vor Verkeimung des Wassers und des gesamten Frischwassersystems<\/li>\n<li>H\u00e4lt Wasser im Tank bis zu 6 Monaten frisch<\/li>\n<li>Produktwechsel 1x j\u00e4hrlich empfohlen<\/li>\n<li>Reine Silberionen ohne Zus\u00e4tze wie z.B. Chlor, Mineralien etc.<\/li>\n<li>In Kooperation mit dem Institut f\u00fcr medizinische Mikrobiologie und Hygiene (TU Dresden) entwickelt und gepr\u00fcft<\/li>\n<\/ul>\n<p>\u00a0<\/p>\n","protected":false},"excerpt":{"rendered":"<p>Das Silbernetz sorgt bei jeder neuen Tankf\u00fcllung f\u00fcr die automatische Konservierung des Frischwassers. Reine Silberionen sch\u00fctzen das Wasser und das Frischwassersystem effektiv vor einer Verkeimung. Das Produkt ist f\u00fcr alle Beh\u00e4lter-u. Tankgr\u00f6\u00dfen geeignet und muss nur 1x j\u00e4hrlich gewechselt werden. Das Silbernetz beruht auf einer biozid wirkenden Konservierungstechnologie, die aus einem textilen 3D-Gewirk besteht, das [&hellip;]<\/p>\n","protected":false},"featured_media":49977,"template":"","meta":{"_acf_changed":false},"product_featured_cat":[],"product_brand":[3275],"product_cat":[4614],"product_tag":[],"class_list":{"0":"post-50041","1":"product","2":"type-product","3":"status-publish","4":"has-post-thumbnail","6":"product_brand-wm-aquatec-de","7":"product_cat-wasserentkeimung","9":"first","10":"instock","11":"taxable","12":"shipping-taxable","13":"purchasable","14":"product-type-variable"},"acf":[],"yoast_head":"<!-- This site is optimized with the Yoast SEO plugin v27.4 - https:\/\/yoast.com\/product\/yoast-seo-wordpress\/ -->\n<title>Wasserkonservierung SilberNetz - Bantam Camping AG<\/title>\n<meta name=\"robots\" content=\"index, follow, max-snippet:-1, max-image-preview:large, max-video-preview:-1\" \/>\n<link rel=\"canonical\" href=\"https:\/\/shop.bantam.ch\/de\/produkt\/wasserkonservierung-silbernetz\/\" \/>\n<meta property=\"og:locale\" content=\"de_DE\" \/>\n<meta property=\"og:type\" content=\"article\" \/>\n<meta property=\"og:title\" content=\"Wasserkonservierung SilberNetz - Bantam Camping AG\" \/>\n<meta property=\"og:description\" content=\"Das Silbernetz sorgt bei jeder neuen Tankf\u00fcllung f\u00fcr die automatische Konservierung des Frischwassers. Reine Silberionen sch\u00fctzen das Wasser und das Frischwassersystem effektiv vor einer Verkeimung. Das Produkt ist f\u00fcr alle Beh\u00e4lter-u. Tankgr\u00f6\u00dfen geeignet und muss nur 1x j\u00e4hrlich gewechselt werden. Das Silbernetz beruht auf einer biozid wirkenden Konservierungstechnologie, die aus einem textilen 3D-Gewirk besteht, das [&hellip;]\" \/>\n<meta property=\"og:url\" content=\"https:\/\/shop.bantam.ch\/de\/produkt\/wasserkonservierung-silbernetz\/\" \/>\n<meta property=\"og:site_name\" content=\"Bantam Camping AG\" \/>\n<meta property=\"article:modified_time\" content=\"2026-04-19T19:14:52+00:00\" \/>\n<meta property=\"og:image\" content=\"https:\/\/shop.bantam.ch\/wp-content\/uploads\/2023\/02\/995400811-2.jpg\" \/>\n\t<meta property=\"og:image:width\" content=\"719\" \/>\n\t<meta property=\"og:image:height\" content=\"1000\" \/>\n\t<meta property=\"og:image:type\" content=\"image\/jpeg\" \/>\n<meta name=\"twitter:card\" content=\"summary_large_image\" \/>\n<meta name=\"twitter:label1\" content=\"Gesch\u00e4tzte Lesezeit\" \/>\n\t<meta name=\"twitter:data1\" content=\"1\u00a0Minute\" \/>\n<script type=\"application\/ld+json\" class=\"yoast-schema-graph\">{\"@context\":\"https:\\\/\\\/schema.org\",\"@graph\":[{\"@type\":\"WebPage\",\"@id\":\"https:\\\/\\\/shop.bantam.ch\\\/de\\\/produkt\\\/wasserkonservierung-silbernetz\\\/\",\"url\":\"https:\\\/\\\/shop.bantam.ch\\\/de\\\/produkt\\\/wasserkonservierung-silbernetz\\\/\",\"name\":\"Wasserkonservierung SilberNetz - Bantam Camping AG\",\"isPartOf\":{\"@id\":\"https:\\\/\\\/shop.bantam.ch\\\/de\\\/#website\"},\"primaryImageOfPage\":{\"@id\":\"https:\\\/\\\/shop.bantam.ch\\\/de\\\/produkt\\\/wasserkonservierung-silbernetz\\\/#primaryimage\"},\"image\":{\"@id\":\"https:\\\/\\\/shop.bantam.ch\\\/de\\\/produkt\\\/wasserkonservierung-silbernetz\\\/#primaryimage\"},\"thumbnailUrl\":\"https:\\\/\\\/shop.bantam.ch\\\/wp-content\\\/uploads\\\/2023\\\/02\\\/995400811-2.jpg\",\"datePublished\":\"2023-02-23T12:40:44+00:00\",\"dateModified\":\"2026-04-19T19:14:52+00:00\",\"breadcrumb\":{\"@id\":\"https:\\\/\\\/shop.bantam.ch\\\/de\\\/produkt\\\/wasserkonservierung-silbernetz\\\/#breadcrumb\"},\"inLanguage\":\"de\",\"potentialAction\":[{\"@type\":\"ReadAction\",\"target\":[\"https:\\\/\\\/shop.bantam.ch\\\/de\\\/produkt\\\/wasserkonservierung-silbernetz\\\/\"]}]},{\"@type\":\"ImageObject\",\"inLanguage\":\"de\",\"@id\":\"https:\\\/\\\/shop.bantam.ch\\\/de\\\/produkt\\\/wasserkonservierung-silbernetz\\\/#primaryimage\",\"url\":\"https:\\\/\\\/shop.bantam.ch\\\/wp-content\\\/uploads\\\/2023\\\/02\\\/995400811-2.jpg\",\"contentUrl\":\"https:\\\/\\\/shop.bantam.ch\\\/wp-content\\\/uploads\\\/2023\\\/02\\\/995400811-2.jpg\",\"width\":719,\"height\":1000},{\"@type\":\"BreadcrumbList\",\"@id\":\"https:\\\/\\\/shop.bantam.ch\\\/de\\\/produkt\\\/wasserkonservierung-silbernetz\\\/#breadcrumb\",\"itemListElement\":[{\"@type\":\"ListItem\",\"position\":1,\"name\":\"Accueil\",\"item\":\"https:\\\/\\\/shop.bantam.ch\\\/de\\\/\"},{\"@type\":\"ListItem\",\"position\":2,\"name\":\"Shop\",\"item\":\"https:\\\/\\\/shop.bantam.ch\\\/de\\\/shop\\\/\"},{\"@type\":\"ListItem\",\"position\":3,\"name\":\"Wasserkonservierung SilberNetz\"}]},{\"@type\":\"WebSite\",\"@id\":\"https:\\\/\\\/shop.bantam.ch\\\/de\\\/#website\",\"url\":\"https:\\\/\\\/shop.bantam.ch\\\/de\\\/\",\"name\":\"Bantam Camping AG\",\"description\":\"\",\"publisher\":{\"@id\":\"https:\\\/\\\/shop.bantam.ch\\\/de\\\/#organization\"},\"inLanguage\":\"de\"},{\"@type\":\"Organization\",\"@id\":\"https:\\\/\\\/shop.bantam.ch\\\/de\\\/#organization\",\"name\":\"Bantam Camping AG\",\"url\":\"https:\\\/\\\/shop.bantam.ch\\\/de\\\/\",\"logo\":{\"@type\":\"ImageObject\",\"inLanguage\":\"de\",\"@id\":\"https:\\\/\\\/shop.bantam.ch\\\/de\\\/#\\\/schema\\\/logo\\\/image\\\/\",\"url\":\"https:\\\/\\\/shop.bantam.ch\\\/wp-content\\\/uploads\\\/2022\\\/12\\\/bantam-logo.png\",\"contentUrl\":\"https:\\\/\\\/shop.bantam.ch\\\/wp-content\\\/uploads\\\/2022\\\/12\\\/bantam-logo.png\",\"width\":320,\"height\":71,\"caption\":\"Bantam Camping AG\"},\"image\":{\"@id\":\"https:\\\/\\\/shop.bantam.ch\\\/de\\\/#\\\/schema\\\/logo\\\/image\\\/\"}}]}<\/script>\n<!-- \/ Yoast SEO plugin. -->","yoast_head_json":{"title":"Wasserkonservierung SilberNetz - Bantam Camping AG","robots":{"index":"index","follow":"follow","max-snippet":"max-snippet:-1","max-image-preview":"max-image-preview:large","max-video-preview":"max-video-preview:-1"},"canonical":"https:\/\/shop.bantam.ch\/de\/produkt\/wasserkonservierung-silbernetz\/","og_locale":"de_DE","og_type":"article","og_title":"Wasserkonservierung SilberNetz - Bantam Camping AG","og_description":"Das Silbernetz sorgt bei jeder neuen Tankf\u00fcllung f\u00fcr die automatische Konservierung des Frischwassers. Reine Silberionen sch\u00fctzen das Wasser und das Frischwassersystem effektiv vor einer Verkeimung. Das Produkt ist f\u00fcr alle Beh\u00e4lter-u. Tankgr\u00f6\u00dfen geeignet und muss nur 1x j\u00e4hrlich gewechselt werden. Das Silbernetz beruht auf einer biozid wirkenden Konservierungstechnologie, die aus einem textilen 3D-Gewirk besteht, das [&hellip;]","og_url":"https:\/\/shop.bantam.ch\/de\/produkt\/wasserkonservierung-silbernetz\/","og_site_name":"Bantam Camping AG","article_modified_time":"2026-04-19T19:14:52+00:00","og_image":[{"width":719,"height":1000,"url":"https:\/\/shop.bantam.ch\/wp-content\/uploads\/2023\/02\/995400811-2.jpg","type":"image\/jpeg"}],"twitter_card":"summary_large_image","twitter_misc":{"Gesch\u00e4tzte Lesezeit":"1\u00a0Minute"},"schema":{"@context":"https:\/\/schema.org","@graph":[{"@type":"WebPage","@id":"https:\/\/shop.bantam.ch\/de\/produkt\/wasserkonservierung-silbernetz\/","url":"https:\/\/shop.bantam.ch\/de\/produkt\/wasserkonservierung-silbernetz\/","name":"Wasserkonservierung SilberNetz - Bantam Camping AG","isPartOf":{"@id":"https:\/\/shop.bantam.ch\/de\/#website"},"primaryImageOfPage":{"@id":"https:\/\/shop.bantam.ch\/de\/produkt\/wasserkonservierung-silbernetz\/#primaryimage"},"image":{"@id":"https:\/\/shop.bantam.ch\/de\/produkt\/wasserkonservierung-silbernetz\/#primaryimage"},"thumbnailUrl":"https:\/\/shop.bantam.ch\/wp-content\/uploads\/2023\/02\/995400811-2.jpg","datePublished":"2023-02-23T12:40:44+00:00","dateModified":"2026-04-19T19:14:52+00:00","breadcrumb":{"@id":"https:\/\/shop.bantam.ch\/de\/produkt\/wasserkonservierung-silbernetz\/#breadcrumb"},"inLanguage":"de","potentialAction":[{"@type":"ReadAction","target":["https:\/\/shop.bantam.ch\/de\/produkt\/wasserkonservierung-silbernetz\/"]}]},{"@type":"ImageObject","inLanguage":"de","@id":"https:\/\/shop.bantam.ch\/de\/produkt\/wasserkonservierung-silbernetz\/#primaryimage","url":"https:\/\/shop.bantam.ch\/wp-content\/uploads\/2023\/02\/995400811-2.jpg","contentUrl":"https:\/\/shop.bantam.ch\/wp-content\/uploads\/2023\/02\/995400811-2.jpg","width":719,"height":1000},{"@type":"BreadcrumbList","@id":"https:\/\/shop.bantam.ch\/de\/produkt\/wasserkonservierung-silbernetz\/#breadcrumb","itemListElement":[{"@type":"ListItem","position":1,"name":"Accueil","item":"https:\/\/shop.bantam.ch\/de\/"},{"@type":"ListItem","position":2,"name":"Shop","item":"https:\/\/shop.bantam.ch\/de\/shop\/"},{"@type":"ListItem","position":3,"name":"Wasserkonservierung SilberNetz"}]},{"@type":"WebSite","@id":"https:\/\/shop.bantam.ch\/de\/#website","url":"https:\/\/shop.bantam.ch\/de\/","name":"Bantam Camping AG","description":"","publisher":{"@id":"https:\/\/shop.bantam.ch\/de\/#organization"},"inLanguage":"de"},{"@type":"Organization","@id":"https:\/\/shop.bantam.ch\/de\/#organization","name":"Bantam Camping AG","url":"https:\/\/shop.bantam.ch\/de\/","logo":{"@type":"ImageObject","inLanguage":"de","@id":"https:\/\/shop.bantam.ch\/de\/#\/schema\/logo\/image\/","url":"https:\/\/shop.bantam.ch\/wp-content\/uploads\/2022\/12\/bantam-logo.png","contentUrl":"https:\/\/shop.bantam.ch\/wp-content\/uploads\/2022\/12\/bantam-logo.png","width":320,"height":71,"caption":"Bantam Camping AG"},"image":{"@id":"https:\/\/shop.bantam.ch\/de\/#\/schema\/logo\/image\/"}}]}},"_links":{"self":[{"href":"https:\/\/shop.bantam.ch\/de\/wp-json\/wp\/v2\/product\/50041","targetHints":{"allow":["GET"]}}],"collection":[{"href":"https:\/\/shop.bantam.ch\/de\/wp-json\/wp\/v2\/product"}],"about":[{"href":"https:\/\/shop.bantam.ch\/de\/wp-json\/wp\/v2\/types\/product"}],"wp:featuredmedia":[{"embeddable":true,"href":"https:\/\/shop.bantam.ch\/de\/wp-json\/wp\/v2\/media\/49977"}],"wp:attachment":[{"href":"https:\/\/shop.bantam.ch\/de\/wp-json\/wp\/v2\/media?parent=50041"}],"wp:term":[{"taxonomy":"product_featured_cat","embeddable":true,"href":"https:\/\/shop.bantam.ch\/de\/wp-json\/wp\/v2\/product_featured_cat?post=50041"},{"taxonomy":"product_brand","embeddable":true,"href":"https:\/\/shop.bantam.ch\/de\/wp-json\/wp\/v2\/product_brand?post=50041"},{"taxonomy":"product_cat","embeddable":true,"href":"https:\/\/shop.bantam.ch\/de\/wp-json\/wp\/v2\/product_cat?post=50041"},{"taxonomy":"product_tag","embeddable":true,"href":"https:\/\/shop.bantam.ch\/de\/wp-json\/wp\/v2\/product_tag?post=50041"}],"curies":[{"name":"wp","href":"https:\/\/api.w.org\/{rel}","templated":true}]}}