{"id":48199,"date":"2023-02-23T13:09:05","date_gmt":"2023-02-23T12:09:05","guid":{"rendered":"http:\/\/preprod-dev.sh1.hidora.com\/webshop\/produit\/absorberkuehlschrank-combicool-rf-60\/"},"modified":"2026-04-17T21:06:14","modified_gmt":"2026-04-17T19:06:14","slug":"absorberkuehlschrank-combicool-rf-60","status":"publish","type":"product","link":"https:\/\/shop.bantam.ch\/de\/produkt\/absorberkuehlschrank-combicool-rf-60\/","title":{"rendered":"Absorberk\u00fchlschrank CombiCool RF 60"},"content":{"rendered":"<p>Der mobile Absorberk\u00fchlschrank Dometic CombiCool RF 60 ist der komfortable und vielseitige K\u00fchlschrank f\u00fcr Camper und Caravaner. Seine besondere St\u00e4rke: Er kann gleich drei Energiequellen (12 Volt, 230 Volt oder Gas) in kraftvolle K\u00fchlleistung umsetzen. <br \/>Rund 61 Liter Volumen stellt er zur Verf\u00fcgung und eine Innenaufteilung mit verstellbaren Tragrosten und T\u00fcreins\u00e4tzen, ganz wie von zu Hause gewohnt.<br \/>Die Absorbertechnik l\u00e4uft absolut lautlos. So kann der RF 60 selbst in N\u00e4he eines Schlafplatzes niemanden st\u00f6ren. Tr\u00e4umen Sie also in aller Ruhe von einem frischen Fr\u00fchst\u00fcck!<\/p>\n","protected":false},"excerpt":{"rendered":"<p>Der mobile Absorberk\u00fchlschrank Dometic CombiCool RF 60 ist der komfortable und vielseitige K\u00fchlschrank f\u00fcr Camper und Caravaner. Seine besondere St\u00e4rke: Er kann gleich drei Energiequellen (12 Volt, 230 Volt oder Gas) in kraftvolle K\u00fchlleistung umsetzen. Rund 61 Liter Volumen stellt er zur Verf\u00fcgung und eine Innenaufteilung mit verstellbaren Tragrosten und T\u00fcreins\u00e4tzen, ganz wie von zu [&hellip;]<\/p>\n","protected":false},"featured_media":48185,"template":"","meta":{"_acf_changed":false},"product_featured_cat":[],"product_brand":[3029],"product_cat":[4552],"product_tag":[],"class_list":{"0":"post-48199","1":"product","2":"type-product","3":"status-publish","4":"has-post-thumbnail","6":"product_brand-dometic-de","7":"product_cat-absorber-kuehlschraenke","9":"first","10":"instock","11":"taxable","12":"shipping-taxable","13":"purchasable","14":"product-type-variable"},"acf":[],"yoast_head":"<!-- This site is optimized with the Yoast SEO plugin v27.4 - https:\/\/yoast.com\/product\/yoast-seo-wordpress\/ -->\n<title>Absorberk\u00fchlschrank CombiCool RF 60 - Bantam Camping AG<\/title>\n<meta name=\"robots\" content=\"index, follow, max-snippet:-1, max-image-preview:large, max-video-preview:-1\" \/>\n<link rel=\"canonical\" href=\"https:\/\/shop.bantam.ch\/de\/produkt\/absorberkuehlschrank-combicool-rf-60\/\" \/>\n<meta property=\"og:locale\" content=\"de_DE\" \/>\n<meta property=\"og:type\" content=\"article\" \/>\n<meta property=\"og:title\" content=\"Absorberk\u00fchlschrank CombiCool RF 60 - Bantam Camping AG\" \/>\n<meta property=\"og:description\" content=\"Der mobile Absorberk\u00fchlschrank Dometic CombiCool RF 60 ist der komfortable und vielseitige K\u00fchlschrank f\u00fcr Camper und Caravaner. Seine besondere St\u00e4rke: Er kann gleich drei Energiequellen (12 Volt, 230 Volt oder Gas) in kraftvolle K\u00fchlleistung umsetzen. Rund 61 Liter Volumen stellt er zur Verf\u00fcgung und eine Innenaufteilung mit verstellbaren Tragrosten und T\u00fcreins\u00e4tzen, ganz wie von zu [&hellip;]\" \/>\n<meta property=\"og:url\" content=\"https:\/\/shop.bantam.ch\/de\/produkt\/absorberkuehlschrank-combicool-rf-60\/\" \/>\n<meta property=\"og:site_name\" content=\"Bantam Camping AG\" \/>\n<meta property=\"article:modified_time\" content=\"2026-04-17T19:06:14+00:00\" \/>\n<meta property=\"og:image\" content=\"https:\/\/shop.bantam.ch\/wp-content\/uploads\/2023\/02\/9900365-Kuehlbox_Combi_Cool_RF_60_12_V_230_V_Gas_30_mbar-Standard-01-4.jpg\" \/>\n\t<meta property=\"og:image:width\" content=\"829\" \/>\n\t<meta property=\"og:image:height\" content=\"1000\" \/>\n\t<meta property=\"og:image:type\" content=\"image\/jpeg\" \/>\n<meta name=\"twitter:card\" content=\"summary_large_image\" \/>\n<script type=\"application\/ld+json\" class=\"yoast-schema-graph\">{\"@context\":\"https:\\\/\\\/schema.org\",\"@graph\":[{\"@type\":\"WebPage\",\"@id\":\"https:\\\/\\\/shop.bantam.ch\\\/de\\\/produkt\\\/absorberkuehlschrank-combicool-rf-60\\\/\",\"url\":\"https:\\\/\\\/shop.bantam.ch\\\/de\\\/produkt\\\/absorberkuehlschrank-combicool-rf-60\\\/\",\"name\":\"Absorberk\u00fchlschrank CombiCool RF 60 - Bantam Camping AG\",\"isPartOf\":{\"@id\":\"https:\\\/\\\/shop.bantam.ch\\\/de\\\/#website\"},\"primaryImageOfPage\":{\"@id\":\"https:\\\/\\\/shop.bantam.ch\\\/de\\\/produkt\\\/absorberkuehlschrank-combicool-rf-60\\\/#primaryimage\"},\"image\":{\"@id\":\"https:\\\/\\\/shop.bantam.ch\\\/de\\\/produkt\\\/absorberkuehlschrank-combicool-rf-60\\\/#primaryimage\"},\"thumbnailUrl\":\"https:\\\/\\\/shop.bantam.ch\\\/wp-content\\\/uploads\\\/2023\\\/02\\\/9900365-Kuehlbox_Combi_Cool_RF_60_12_V_230_V_Gas_30_mbar-Standard-01-4.jpg\",\"datePublished\":\"2023-02-23T12:09:05+00:00\",\"dateModified\":\"2026-04-17T19:06:14+00:00\",\"breadcrumb\":{\"@id\":\"https:\\\/\\\/shop.bantam.ch\\\/de\\\/produkt\\\/absorberkuehlschrank-combicool-rf-60\\\/#breadcrumb\"},\"inLanguage\":\"de\",\"potentialAction\":[{\"@type\":\"ReadAction\",\"target\":[\"https:\\\/\\\/shop.bantam.ch\\\/de\\\/produkt\\\/absorberkuehlschrank-combicool-rf-60\\\/\"]}]},{\"@type\":\"ImageObject\",\"inLanguage\":\"de\",\"@id\":\"https:\\\/\\\/shop.bantam.ch\\\/de\\\/produkt\\\/absorberkuehlschrank-combicool-rf-60\\\/#primaryimage\",\"url\":\"https:\\\/\\\/shop.bantam.ch\\\/wp-content\\\/uploads\\\/2023\\\/02\\\/9900365-Kuehlbox_Combi_Cool_RF_60_12_V_230_V_Gas_30_mbar-Standard-01-4.jpg\",\"contentUrl\":\"https:\\\/\\\/shop.bantam.ch\\\/wp-content\\\/uploads\\\/2023\\\/02\\\/9900365-Kuehlbox_Combi_Cool_RF_60_12_V_230_V_Gas_30_mbar-Standard-01-4.jpg\",\"width\":829,\"height\":1000},{\"@type\":\"BreadcrumbList\",\"@id\":\"https:\\\/\\\/shop.bantam.ch\\\/de\\\/produkt\\\/absorberkuehlschrank-combicool-rf-60\\\/#breadcrumb\",\"itemListElement\":[{\"@type\":\"ListItem\",\"position\":1,\"name\":\"Accueil\",\"item\":\"https:\\\/\\\/shop.bantam.ch\\\/de\\\/\"},{\"@type\":\"ListItem\",\"position\":2,\"name\":\"Shop\",\"item\":\"https:\\\/\\\/shop.bantam.ch\\\/de\\\/shop\\\/\"},{\"@type\":\"ListItem\",\"position\":3,\"name\":\"Absorberk\u00fchlschrank CombiCool RF 60\"}]},{\"@type\":\"WebSite\",\"@id\":\"https:\\\/\\\/shop.bantam.ch\\\/de\\\/#website\",\"url\":\"https:\\\/\\\/shop.bantam.ch\\\/de\\\/\",\"name\":\"Bantam Camping AG\",\"description\":\"\",\"publisher\":{\"@id\":\"https:\\\/\\\/shop.bantam.ch\\\/de\\\/#organization\"},\"inLanguage\":\"de\"},{\"@type\":\"Organization\",\"@id\":\"https:\\\/\\\/shop.bantam.ch\\\/de\\\/#organization\",\"name\":\"Bantam Camping AG\",\"url\":\"https:\\\/\\\/shop.bantam.ch\\\/de\\\/\",\"logo\":{\"@type\":\"ImageObject\",\"inLanguage\":\"de\",\"@id\":\"https:\\\/\\\/shop.bantam.ch\\\/de\\\/#\\\/schema\\\/logo\\\/image\\\/\",\"url\":\"https:\\\/\\\/shop.bantam.ch\\\/wp-content\\\/uploads\\\/2022\\\/12\\\/bantam-logo.png\",\"contentUrl\":\"https:\\\/\\\/shop.bantam.ch\\\/wp-content\\\/uploads\\\/2022\\\/12\\\/bantam-logo.png\",\"width\":320,\"height\":71,\"caption\":\"Bantam Camping AG\"},\"image\":{\"@id\":\"https:\\\/\\\/shop.bantam.ch\\\/de\\\/#\\\/schema\\\/logo\\\/image\\\/\"}}]}<\/script>\n<!-- \/ Yoast SEO plugin. -->","yoast_head_json":{"title":"Absorberk\u00fchlschrank CombiCool RF 60 - Bantam Camping AG","robots":{"index":"index","follow":"follow","max-snippet":"max-snippet:-1","max-image-preview":"max-image-preview:large","max-video-preview":"max-video-preview:-1"},"canonical":"https:\/\/shop.bantam.ch\/de\/produkt\/absorberkuehlschrank-combicool-rf-60\/","og_locale":"de_DE","og_type":"article","og_title":"Absorberk\u00fchlschrank CombiCool RF 60 - Bantam Camping AG","og_description":"Der mobile Absorberk\u00fchlschrank Dometic CombiCool RF 60 ist der komfortable und vielseitige K\u00fchlschrank f\u00fcr Camper und Caravaner. Seine besondere St\u00e4rke: Er kann gleich drei Energiequellen (12 Volt, 230 Volt oder Gas) in kraftvolle K\u00fchlleistung umsetzen. Rund 61 Liter Volumen stellt er zur Verf\u00fcgung und eine Innenaufteilung mit verstellbaren Tragrosten und T\u00fcreins\u00e4tzen, ganz wie von zu [&hellip;]","og_url":"https:\/\/shop.bantam.ch\/de\/produkt\/absorberkuehlschrank-combicool-rf-60\/","og_site_name":"Bantam Camping AG","article_modified_time":"2026-04-17T19:06:14+00:00","og_image":[{"width":829,"height":1000,"url":"https:\/\/shop.bantam.ch\/wp-content\/uploads\/2023\/02\/9900365-Kuehlbox_Combi_Cool_RF_60_12_V_230_V_Gas_30_mbar-Standard-01-4.jpg","type":"image\/jpeg"}],"twitter_card":"summary_large_image","schema":{"@context":"https:\/\/schema.org","@graph":[{"@type":"WebPage","@id":"https:\/\/shop.bantam.ch\/de\/produkt\/absorberkuehlschrank-combicool-rf-60\/","url":"https:\/\/shop.bantam.ch\/de\/produkt\/absorberkuehlschrank-combicool-rf-60\/","name":"Absorberk\u00fchlschrank CombiCool RF 60 - Bantam Camping AG","isPartOf":{"@id":"https:\/\/shop.bantam.ch\/de\/#website"},"primaryImageOfPage":{"@id":"https:\/\/shop.bantam.ch\/de\/produkt\/absorberkuehlschrank-combicool-rf-60\/#primaryimage"},"image":{"@id":"https:\/\/shop.bantam.ch\/de\/produkt\/absorberkuehlschrank-combicool-rf-60\/#primaryimage"},"thumbnailUrl":"https:\/\/shop.bantam.ch\/wp-content\/uploads\/2023\/02\/9900365-Kuehlbox_Combi_Cool_RF_60_12_V_230_V_Gas_30_mbar-Standard-01-4.jpg","datePublished":"2023-02-23T12:09:05+00:00","dateModified":"2026-04-17T19:06:14+00:00","breadcrumb":{"@id":"https:\/\/shop.bantam.ch\/de\/produkt\/absorberkuehlschrank-combicool-rf-60\/#breadcrumb"},"inLanguage":"de","potentialAction":[{"@type":"ReadAction","target":["https:\/\/shop.bantam.ch\/de\/produkt\/absorberkuehlschrank-combicool-rf-60\/"]}]},{"@type":"ImageObject","inLanguage":"de","@id":"https:\/\/shop.bantam.ch\/de\/produkt\/absorberkuehlschrank-combicool-rf-60\/#primaryimage","url":"https:\/\/shop.bantam.ch\/wp-content\/uploads\/2023\/02\/9900365-Kuehlbox_Combi_Cool_RF_60_12_V_230_V_Gas_30_mbar-Standard-01-4.jpg","contentUrl":"https:\/\/shop.bantam.ch\/wp-content\/uploads\/2023\/02\/9900365-Kuehlbox_Combi_Cool_RF_60_12_V_230_V_Gas_30_mbar-Standard-01-4.jpg","width":829,"height":1000},{"@type":"BreadcrumbList","@id":"https:\/\/shop.bantam.ch\/de\/produkt\/absorberkuehlschrank-combicool-rf-60\/#breadcrumb","itemListElement":[{"@type":"ListItem","position":1,"name":"Accueil","item":"https:\/\/shop.bantam.ch\/de\/"},{"@type":"ListItem","position":2,"name":"Shop","item":"https:\/\/shop.bantam.ch\/de\/shop\/"},{"@type":"ListItem","position":3,"name":"Absorberk\u00fchlschrank CombiCool RF 60"}]},{"@type":"WebSite","@id":"https:\/\/shop.bantam.ch\/de\/#website","url":"https:\/\/shop.bantam.ch\/de\/","name":"Bantam Camping AG","description":"","publisher":{"@id":"https:\/\/shop.bantam.ch\/de\/#organization"},"inLanguage":"de"},{"@type":"Organization","@id":"https:\/\/shop.bantam.ch\/de\/#organization","name":"Bantam Camping AG","url":"https:\/\/shop.bantam.ch\/de\/","logo":{"@type":"ImageObject","inLanguage":"de","@id":"https:\/\/shop.bantam.ch\/de\/#\/schema\/logo\/image\/","url":"https:\/\/shop.bantam.ch\/wp-content\/uploads\/2022\/12\/bantam-logo.png","contentUrl":"https:\/\/shop.bantam.ch\/wp-content\/uploads\/2022\/12\/bantam-logo.png","width":320,"height":71,"caption":"Bantam Camping AG"},"image":{"@id":"https:\/\/shop.bantam.ch\/de\/#\/schema\/logo\/image\/"}}]}},"_links":{"self":[{"href":"https:\/\/shop.bantam.ch\/de\/wp-json\/wp\/v2\/product\/48199","targetHints":{"allow":["GET"]}}],"collection":[{"href":"https:\/\/shop.bantam.ch\/de\/wp-json\/wp\/v2\/product"}],"about":[{"href":"https:\/\/shop.bantam.ch\/de\/wp-json\/wp\/v2\/types\/product"}],"wp:featuredmedia":[{"embeddable":true,"href":"https:\/\/shop.bantam.ch\/de\/wp-json\/wp\/v2\/media\/48185"}],"wp:attachment":[{"href":"https:\/\/shop.bantam.ch\/de\/wp-json\/wp\/v2\/media?parent=48199"}],"wp:term":[{"taxonomy":"product_featured_cat","embeddable":true,"href":"https:\/\/shop.bantam.ch\/de\/wp-json\/wp\/v2\/product_featured_cat?post=48199"},{"taxonomy":"product_brand","embeddable":true,"href":"https:\/\/shop.bantam.ch\/de\/wp-json\/wp\/v2\/product_brand?post=48199"},{"taxonomy":"product_cat","embeddable":true,"href":"https:\/\/shop.bantam.ch\/de\/wp-json\/wp\/v2\/product_cat?post=48199"},{"taxonomy":"product_tag","embeddable":true,"href":"https:\/\/shop.bantam.ch\/de\/wp-json\/wp\/v2\/product_tag?post=48199"}],"curies":[{"name":"wp","href":"https:\/\/api.w.org\/{rel}","templated":true}]}}