{"id":46698,"date":"2023-02-23T12:44:34","date_gmt":"2023-02-23T11:44:34","guid":{"rendered":"http:\/\/preprod-dev.sh1.hidora.com\/webshop\/produit\/fahrradtraeger-bike-lift-12-v-2-raeder\/"},"modified":"2026-04-17T21:01:37","modified_gmt":"2026-04-17T19:01:37","slug":"fahrradtraeger-bike-lift-12-v-2-raeder","status":"publish","type":"product","link":"https:\/\/shop.bantam.ch\/de\/produkt\/fahrradtraeger-bike-lift-12-v-2-raeder\/","title":{"rendered":"Fahrradtr\u00e4ger Bike Lift 12 V 2 R\u00e4der"},"content":{"rendered":"<p>Geniessen Sie maximale Mobilit\u00e4t und Freiheit mit dem Elektrischen Fahrradlift. Der patentierte &#8218;Bike Lift&#8216; ist der modernste und innovativste Fahrradtra\u00cc\u02c6ger auf dem Markt. Mit diesem Tra\u00cc\u02c6ger ko\u00cc\u02c6nnen Sie Ihre Fahrra\u00cc\u02c6der \u00fcberall mit hinnehmen, wenn Sie mit dem Wohnmobil unterwegs sind!<\/p>\n<p>&nbsp;<\/p>\n<ul>\n<li>Dank eines eingebauten 12-Volt-Motors mit Schalter kann die Platform des Bike Lift eine H\u00f6he von 110 cm \u00fcberbr\u00fccken<\/li>\n<li>Bei der Montage an den meisten Fahrzeugen kann die Plattform bis zum Boden abgesenkt werden<\/li>\n<li>Ein m\u00fchsames Hochheben der Fahrr\u00e4der ist dadurch nicht mehr erforderlich. Au\u00dferdem haben Sie so auf bequeme Weise den perfekten St\u00e4nder f\u00fcr Ihre Fahrr\u00e4der direkt zur Hand<\/li>\n<\/ul>\n<ul>\n<li>Beladung: 2 R\u00e4der, auf 3 erweiterbar<\/li>\n<li>eloxiert<\/li>\n<\/ul>\n<p><strong>Endpositionen des 12 V-Motors einstellbar<\/strong><\/p>\n<ul>\n<li>Passen Sie den Bike Lift an Ihr Wohnmobil an: Sie k\u00f6nnen die Endposition des Motors ganz einfach an die Montageh\u00f6he des Bike Lifts anpassen<\/li>\n<\/ul>\n<p><strong>Bedienung im Notfal<\/strong>l<\/p>\n<ul>\n<li>Dank der mitgelieferten Kurbel ist der Bike Lift auch bei einem Stromausfall uneingeschr\u00e4nkt bedienbar<\/li>\n<\/ul>\n<p><strong>Doppelter Schutz vor unbeabsichtigtem Absenken w\u00e4hrend der Fahrt<\/strong><\/p>\n<ul>\n<li>Der Bike Lift ist standardm\u00e4\u00dfig mit einem manuellen Schutzschalter ausgestattet. Au\u00dferdem gibt es eine Welle f\u00fcr die mechanische Sicherung<\/li>\n<\/ul>\n<p><strong>Stabile und einfache Plattformverriegelung<\/strong><\/p>\n<ul>\n<li>Das neue und ausgekl\u00fcgelte Sicherungssystem verhindert, dass die Plattform w\u00e4hrend der Fahrt hochklappen kann<\/li>\n<\/ul>\n<p><strong>Zus\u00e4tzliche Sicherheit w\u00e4hrend der Fahrt<\/strong><\/p>\n<ul>\n<li>Wenn sich keine Fahrr\u00e4der auf dem Bike Lift befinden, kann die Plattform einfach und sicher hochgeklappt werden, um den Fahrkomfort zu verbessern<\/li>\n<\/ul>\n<p><strong>Verstellbare Radhalter<\/strong><\/p>\n<ul>\n<li><strong>Die Position der verstellbaren Radhalter ist ganz leicht einzustellen. Anschliessend verriegeln Sie die Fahrr\u00e4der mithilfe der benutzerfreundlichen Felgenhalteb\u00e4nder<\/strong><\/li>\n<\/ul>\n<p><strong>Bewegliche Fahrradrahmenhalter<\/strong><\/p>\n<ul>\n<li>Die Fahrradhalter k\u00f6nnen schnell von links nach rechts und von oben nach unten verstellt werden. Au\u00dferdem sind sie abschlie\u00dfbar (serienm\u00e4\u00dfig beim l\u00e4ngsten Halter, optional beim anderen Halter<\/li>\n<\/ul>\n<p>&nbsp;<\/p>\n<ul>\n<li>H\u00f6here Befestigung an der Fahrzeugwand m\u00f6glich<\/li>\n<\/ul>\n<ul>\n<li>Bei manchen Fahrzeugen ist eine hohe Installation des Fahrradtr\u00e4gers n\u00f6tig, wodurch das Auf- und Abladen erschwert wird. Da die Plattform vollautomatisch abgesenkt werden kann, bietet der Fahrradlift hier die perfekte L\u00f6sung<\/li>\n<\/ul>\n","protected":false},"excerpt":{"rendered":"<p>Geniessen Sie maximale Mobilit\u00e4t und Freiheit mit dem Elektrischen Fahrradlift. Der patentierte &#8218;Bike Lift&#8216; ist der modernste und innovativste Fahrradtra\u00cc\u02c6ger auf dem Markt. Mit diesem Tra\u00cc\u02c6ger ko\u00cc\u02c6nnen Sie Ihre Fahrra\u00cc\u02c6der \u00fcberall mit hinnehmen, wenn Sie mit dem Wohnmobil unterwegs sind! &nbsp; Dank eines eingebauten 12-Volt-Motors mit Schalter kann die Platform des Bike Lift eine H\u00f6he [&hellip;]<\/p>\n","protected":false},"featured_media":46652,"template":"","meta":{"_acf_changed":false},"product_featured_cat":[],"product_brand":[3369],"product_cat":[5138],"product_tag":[],"class_list":{"0":"post-46698","1":"product","2":"type-product","3":"status-publish","4":"has-post-thumbnail","6":"product_brand-br-systems-de","7":"product_cat-heck-fahrradtraeger","9":"first","10":"instock","11":"taxable","12":"shipping-taxable","13":"purchasable","14":"product-type-variable"},"acf":[],"yoast_head":"<!-- This site is optimized with the Yoast SEO plugin v27.4 - https:\/\/yoast.com\/product\/yoast-seo-wordpress\/ -->\n<title>Fahrradtr\u00e4ger Bike Lift 12 V 2 R\u00e4der - Bantam Camping AG<\/title>\n<meta name=\"robots\" content=\"index, follow, max-snippet:-1, max-image-preview:large, max-video-preview:-1\" \/>\n<link rel=\"canonical\" href=\"https:\/\/shop.bantam.ch\/de\/produkt\/fahrradtraeger-bike-lift-12-v-2-raeder\/\" \/>\n<meta property=\"og:locale\" content=\"de_DE\" \/>\n<meta property=\"og:type\" content=\"article\" \/>\n<meta property=\"og:title\" content=\"Fahrradtr\u00e4ger Bike Lift 12 V 2 R\u00e4der - Bantam Camping AG\" \/>\n<meta property=\"og:description\" content=\"Geniessen Sie maximale Mobilit\u00e4t und Freiheit mit dem Elektrischen Fahrradlift. Der patentierte &#8218;Bike Lift&#8216; ist der modernste und innovativste Fahrradtra\u00cc\u02c6ger auf dem Markt. Mit diesem Tra\u00cc\u02c6ger ko\u00cc\u02c6nnen Sie Ihre Fahrra\u00cc\u02c6der \u00fcberall mit hinnehmen, wenn Sie mit dem Wohnmobil unterwegs sind! &nbsp; Dank eines eingebauten 12-Volt-Motors mit Schalter kann die Platform des Bike Lift eine H\u00f6he [&hellip;]\" \/>\n<meta property=\"og:url\" content=\"https:\/\/shop.bantam.ch\/de\/produkt\/fahrradtraeger-bike-lift-12-v-2-raeder\/\" \/>\n<meta property=\"og:site_name\" content=\"Bantam Camping AG\" \/>\n<meta property=\"article:modified_time\" content=\"2026-04-17T19:01:37+00:00\" \/>\n<meta property=\"og:image\" content=\"https:\/\/shop.bantam.ch\/wp-content\/uploads\/2023\/02\/9940645100-2.jpg\" \/>\n\t<meta property=\"og:image:width\" content=\"950\" \/>\n\t<meta property=\"og:image:height\" content=\"1000\" \/>\n\t<meta property=\"og:image:type\" content=\"image\/jpeg\" \/>\n<meta name=\"twitter:card\" content=\"summary_large_image\" \/>\n<meta name=\"twitter:label1\" content=\"Gesch\u00e4tzte Lesezeit\" \/>\n\t<meta name=\"twitter:data1\" content=\"2\u00a0Minuten\" \/>\n<script type=\"application\/ld+json\" class=\"yoast-schema-graph\">{\"@context\":\"https:\\\/\\\/schema.org\",\"@graph\":[{\"@type\":\"WebPage\",\"@id\":\"https:\\\/\\\/shop.bantam.ch\\\/de\\\/produkt\\\/fahrradtraeger-bike-lift-12-v-2-raeder\\\/\",\"url\":\"https:\\\/\\\/shop.bantam.ch\\\/de\\\/produkt\\\/fahrradtraeger-bike-lift-12-v-2-raeder\\\/\",\"name\":\"Fahrradtr\u00e4ger Bike Lift 12 V 2 R\u00e4der - Bantam Camping AG\",\"isPartOf\":{\"@id\":\"https:\\\/\\\/shop.bantam.ch\\\/de\\\/#website\"},\"primaryImageOfPage\":{\"@id\":\"https:\\\/\\\/shop.bantam.ch\\\/de\\\/produkt\\\/fahrradtraeger-bike-lift-12-v-2-raeder\\\/#primaryimage\"},\"image\":{\"@id\":\"https:\\\/\\\/shop.bantam.ch\\\/de\\\/produkt\\\/fahrradtraeger-bike-lift-12-v-2-raeder\\\/#primaryimage\"},\"thumbnailUrl\":\"https:\\\/\\\/shop.bantam.ch\\\/wp-content\\\/uploads\\\/2023\\\/02\\\/9940645100-2.jpg\",\"datePublished\":\"2023-02-23T11:44:34+00:00\",\"dateModified\":\"2026-04-17T19:01:37+00:00\",\"breadcrumb\":{\"@id\":\"https:\\\/\\\/shop.bantam.ch\\\/de\\\/produkt\\\/fahrradtraeger-bike-lift-12-v-2-raeder\\\/#breadcrumb\"},\"inLanguage\":\"de\",\"potentialAction\":[{\"@type\":\"ReadAction\",\"target\":[\"https:\\\/\\\/shop.bantam.ch\\\/de\\\/produkt\\\/fahrradtraeger-bike-lift-12-v-2-raeder\\\/\"]}]},{\"@type\":\"ImageObject\",\"inLanguage\":\"de\",\"@id\":\"https:\\\/\\\/shop.bantam.ch\\\/de\\\/produkt\\\/fahrradtraeger-bike-lift-12-v-2-raeder\\\/#primaryimage\",\"url\":\"https:\\\/\\\/shop.bantam.ch\\\/wp-content\\\/uploads\\\/2023\\\/02\\\/9940645100-2.jpg\",\"contentUrl\":\"https:\\\/\\\/shop.bantam.ch\\\/wp-content\\\/uploads\\\/2023\\\/02\\\/9940645100-2.jpg\",\"width\":950,\"height\":1000},{\"@type\":\"BreadcrumbList\",\"@id\":\"https:\\\/\\\/shop.bantam.ch\\\/de\\\/produkt\\\/fahrradtraeger-bike-lift-12-v-2-raeder\\\/#breadcrumb\",\"itemListElement\":[{\"@type\":\"ListItem\",\"position\":1,\"name\":\"Accueil\",\"item\":\"https:\\\/\\\/shop.bantam.ch\\\/de\\\/\"},{\"@type\":\"ListItem\",\"position\":2,\"name\":\"Shop\",\"item\":\"https:\\\/\\\/shop.bantam.ch\\\/de\\\/shop\\\/\"},{\"@type\":\"ListItem\",\"position\":3,\"name\":\"Fahrradtr\u00e4ger Bike Lift 12 V 2 R\u00e4der\"}]},{\"@type\":\"WebSite\",\"@id\":\"https:\\\/\\\/shop.bantam.ch\\\/de\\\/#website\",\"url\":\"https:\\\/\\\/shop.bantam.ch\\\/de\\\/\",\"name\":\"Bantam Camping AG\",\"description\":\"\",\"publisher\":{\"@id\":\"https:\\\/\\\/shop.bantam.ch\\\/de\\\/#organization\"},\"inLanguage\":\"de\"},{\"@type\":\"Organization\",\"@id\":\"https:\\\/\\\/shop.bantam.ch\\\/de\\\/#organization\",\"name\":\"Bantam Camping AG\",\"url\":\"https:\\\/\\\/shop.bantam.ch\\\/de\\\/\",\"logo\":{\"@type\":\"ImageObject\",\"inLanguage\":\"de\",\"@id\":\"https:\\\/\\\/shop.bantam.ch\\\/de\\\/#\\\/schema\\\/logo\\\/image\\\/\",\"url\":\"https:\\\/\\\/shop.bantam.ch\\\/wp-content\\\/uploads\\\/2022\\\/12\\\/bantam-logo.png\",\"contentUrl\":\"https:\\\/\\\/shop.bantam.ch\\\/wp-content\\\/uploads\\\/2022\\\/12\\\/bantam-logo.png\",\"width\":320,\"height\":71,\"caption\":\"Bantam Camping AG\"},\"image\":{\"@id\":\"https:\\\/\\\/shop.bantam.ch\\\/de\\\/#\\\/schema\\\/logo\\\/image\\\/\"}}]}<\/script>\n<!-- \/ Yoast SEO plugin. -->","yoast_head_json":{"title":"Fahrradtr\u00e4ger Bike Lift 12 V 2 R\u00e4der - Bantam Camping AG","robots":{"index":"index","follow":"follow","max-snippet":"max-snippet:-1","max-image-preview":"max-image-preview:large","max-video-preview":"max-video-preview:-1"},"canonical":"https:\/\/shop.bantam.ch\/de\/produkt\/fahrradtraeger-bike-lift-12-v-2-raeder\/","og_locale":"de_DE","og_type":"article","og_title":"Fahrradtr\u00e4ger Bike Lift 12 V 2 R\u00e4der - Bantam Camping AG","og_description":"Geniessen Sie maximale Mobilit\u00e4t und Freiheit mit dem Elektrischen Fahrradlift. Der patentierte &#8218;Bike Lift&#8216; ist der modernste und innovativste Fahrradtra\u00cc\u02c6ger auf dem Markt. Mit diesem Tra\u00cc\u02c6ger ko\u00cc\u02c6nnen Sie Ihre Fahrra\u00cc\u02c6der \u00fcberall mit hinnehmen, wenn Sie mit dem Wohnmobil unterwegs sind! &nbsp; Dank eines eingebauten 12-Volt-Motors mit Schalter kann die Platform des Bike Lift eine H\u00f6he [&hellip;]","og_url":"https:\/\/shop.bantam.ch\/de\/produkt\/fahrradtraeger-bike-lift-12-v-2-raeder\/","og_site_name":"Bantam Camping AG","article_modified_time":"2026-04-17T19:01:37+00:00","og_image":[{"width":950,"height":1000,"url":"https:\/\/shop.bantam.ch\/wp-content\/uploads\/2023\/02\/9940645100-2.jpg","type":"image\/jpeg"}],"twitter_card":"summary_large_image","twitter_misc":{"Gesch\u00e4tzte Lesezeit":"2\u00a0Minuten"},"schema":{"@context":"https:\/\/schema.org","@graph":[{"@type":"WebPage","@id":"https:\/\/shop.bantam.ch\/de\/produkt\/fahrradtraeger-bike-lift-12-v-2-raeder\/","url":"https:\/\/shop.bantam.ch\/de\/produkt\/fahrradtraeger-bike-lift-12-v-2-raeder\/","name":"Fahrradtr\u00e4ger Bike Lift 12 V 2 R\u00e4der - Bantam Camping AG","isPartOf":{"@id":"https:\/\/shop.bantam.ch\/de\/#website"},"primaryImageOfPage":{"@id":"https:\/\/shop.bantam.ch\/de\/produkt\/fahrradtraeger-bike-lift-12-v-2-raeder\/#primaryimage"},"image":{"@id":"https:\/\/shop.bantam.ch\/de\/produkt\/fahrradtraeger-bike-lift-12-v-2-raeder\/#primaryimage"},"thumbnailUrl":"https:\/\/shop.bantam.ch\/wp-content\/uploads\/2023\/02\/9940645100-2.jpg","datePublished":"2023-02-23T11:44:34+00:00","dateModified":"2026-04-17T19:01:37+00:00","breadcrumb":{"@id":"https:\/\/shop.bantam.ch\/de\/produkt\/fahrradtraeger-bike-lift-12-v-2-raeder\/#breadcrumb"},"inLanguage":"de","potentialAction":[{"@type":"ReadAction","target":["https:\/\/shop.bantam.ch\/de\/produkt\/fahrradtraeger-bike-lift-12-v-2-raeder\/"]}]},{"@type":"ImageObject","inLanguage":"de","@id":"https:\/\/shop.bantam.ch\/de\/produkt\/fahrradtraeger-bike-lift-12-v-2-raeder\/#primaryimage","url":"https:\/\/shop.bantam.ch\/wp-content\/uploads\/2023\/02\/9940645100-2.jpg","contentUrl":"https:\/\/shop.bantam.ch\/wp-content\/uploads\/2023\/02\/9940645100-2.jpg","width":950,"height":1000},{"@type":"BreadcrumbList","@id":"https:\/\/shop.bantam.ch\/de\/produkt\/fahrradtraeger-bike-lift-12-v-2-raeder\/#breadcrumb","itemListElement":[{"@type":"ListItem","position":1,"name":"Accueil","item":"https:\/\/shop.bantam.ch\/de\/"},{"@type":"ListItem","position":2,"name":"Shop","item":"https:\/\/shop.bantam.ch\/de\/shop\/"},{"@type":"ListItem","position":3,"name":"Fahrradtr\u00e4ger Bike Lift 12 V 2 R\u00e4der"}]},{"@type":"WebSite","@id":"https:\/\/shop.bantam.ch\/de\/#website","url":"https:\/\/shop.bantam.ch\/de\/","name":"Bantam Camping AG","description":"","publisher":{"@id":"https:\/\/shop.bantam.ch\/de\/#organization"},"inLanguage":"de"},{"@type":"Organization","@id":"https:\/\/shop.bantam.ch\/de\/#organization","name":"Bantam Camping AG","url":"https:\/\/shop.bantam.ch\/de\/","logo":{"@type":"ImageObject","inLanguage":"de","@id":"https:\/\/shop.bantam.ch\/de\/#\/schema\/logo\/image\/","url":"https:\/\/shop.bantam.ch\/wp-content\/uploads\/2022\/12\/bantam-logo.png","contentUrl":"https:\/\/shop.bantam.ch\/wp-content\/uploads\/2022\/12\/bantam-logo.png","width":320,"height":71,"caption":"Bantam Camping AG"},"image":{"@id":"https:\/\/shop.bantam.ch\/de\/#\/schema\/logo\/image\/"}}]}},"_links":{"self":[{"href":"https:\/\/shop.bantam.ch\/de\/wp-json\/wp\/v2\/product\/46698","targetHints":{"allow":["GET"]}}],"collection":[{"href":"https:\/\/shop.bantam.ch\/de\/wp-json\/wp\/v2\/product"}],"about":[{"href":"https:\/\/shop.bantam.ch\/de\/wp-json\/wp\/v2\/types\/product"}],"wp:featuredmedia":[{"embeddable":true,"href":"https:\/\/shop.bantam.ch\/de\/wp-json\/wp\/v2\/media\/46652"}],"wp:attachment":[{"href":"https:\/\/shop.bantam.ch\/de\/wp-json\/wp\/v2\/media?parent=46698"}],"wp:term":[{"taxonomy":"product_featured_cat","embeddable":true,"href":"https:\/\/shop.bantam.ch\/de\/wp-json\/wp\/v2\/product_featured_cat?post=46698"},{"taxonomy":"product_brand","embeddable":true,"href":"https:\/\/shop.bantam.ch\/de\/wp-json\/wp\/v2\/product_brand?post=46698"},{"taxonomy":"product_cat","embeddable":true,"href":"https:\/\/shop.bantam.ch\/de\/wp-json\/wp\/v2\/product_cat?post=46698"},{"taxonomy":"product_tag","embeddable":true,"href":"https:\/\/shop.bantam.ch\/de\/wp-json\/wp\/v2\/product_tag?post=46698"}],"curies":[{"name":"wp","href":"https:\/\/api.w.org\/{rel}","templated":true}]}}