{"id":45333,"date":"2023-02-23T12:20:19","date_gmt":"2023-02-23T11:20:19","guid":{"rendered":"http:\/\/preprod-dev.sh1.hidora.com\/webshop\/produit\/zusatzmarkisenfuss-fuer-markisen-ab-35-m\/"},"modified":"2026-04-17T21:06:48","modified_gmt":"2026-04-17T19:06:48","slug":"zusatzmarkisenfuss-fuer-markisen-ab-35-m","status":"publish","type":"product","link":"https:\/\/shop.bantam.ch\/de\/produkt\/zusatzmarkisenfuss-fuer-markisen-ab-35-m\/","title":{"rendered":"Zusatzmarkisenfu\u00df f\u00fcr Markisen ab 3,50 m"},"content":{"rendered":"<p>Alle Markisenl\u00e4ngen der Thule Omnistor Markisen verf\u00fcgen \u00fcber eine integrierte Befestigung f\u00fcr einen optionalen dritten St\u00fctzfu\u00df, damit ist es m\u00f6glich eine h\u00f6here Stabilit\u00e4t zu bekommen. <br \/>Es wird empfholen, den dritten St\u00fctzfu\u00df f\u00fcr Markisenl\u00e4ngen ab 3,50 m, in Kombination mit einem Thule-Zelt zu verwenden, um die Stabilit\u00e4t der Markise zu erh\u00f6hen.<br \/>Dank des Thule Quick-Lock-Systems, k\u00f6nnen die St\u00fctzfu\u00dfe auf die richtige H\u00f6he justiert werden.<\/p>\n","protected":false},"excerpt":{"rendered":"<p>Alle Markisenl\u00e4ngen der Thule Omnistor Markisen verf\u00fcgen \u00fcber eine integrierte Befestigung f\u00fcr einen optionalen dritten St\u00fctzfu\u00df, damit ist es m\u00f6glich eine h\u00f6here Stabilit\u00e4t zu bekommen. Es wird empfholen, den dritten St\u00fctzfu\u00df f\u00fcr Markisenl\u00e4ngen ab 3,50 m, in Kombination mit einem Thule-Zelt zu verwenden, um die Stabilit\u00e4t der Markise zu erh\u00f6hen.Dank des Thule Quick-Lock-Systems, k\u00f6nnen die [&hellip;]<\/p>\n","protected":false},"featured_media":45331,"template":"","meta":{"_acf_changed":false},"product_featured_cat":[],"product_brand":[3047],"product_cat":[4228],"product_tag":[],"class_list":{"0":"post-45333","1":"product","2":"type-product","3":"status-publish","4":"has-post-thumbnail","6":"product_brand-thule-de","7":"product_cat-markisen-befestigung","9":"first","10":"instock","11":"taxable","12":"shipping-taxable","13":"purchasable","14":"product-type-simple"},"acf":[],"yoast_head":"<!-- This site is optimized with the Yoast SEO plugin v27.4 - https:\/\/yoast.com\/product\/yoast-seo-wordpress\/ -->\n<title>Zusatzmarkisenfu\u00df f\u00fcr Markisen ab 3,50 m - Bantam Camping AG<\/title>\n<meta name=\"robots\" content=\"index, follow, max-snippet:-1, max-image-preview:large, max-video-preview:-1\" \/>\n<link rel=\"canonical\" href=\"https:\/\/shop.bantam.ch\/de\/produkt\/zusatzmarkisenfuss-fuer-markisen-ab-35-m\/\" \/>\n<meta property=\"og:locale\" content=\"de_DE\" \/>\n<meta property=\"og:type\" content=\"article\" \/>\n<meta property=\"og:title\" content=\"Zusatzmarkisenfu\u00df f\u00fcr Markisen ab 3,50 m - Bantam Camping AG\" \/>\n<meta property=\"og:description\" content=\"Alle Markisenl\u00e4ngen der Thule Omnistor Markisen verf\u00fcgen \u00fcber eine integrierte Befestigung f\u00fcr einen optionalen dritten St\u00fctzfu\u00df, damit ist es m\u00f6glich eine h\u00f6here Stabilit\u00e4t zu bekommen. Es wird empfholen, den dritten St\u00fctzfu\u00df f\u00fcr Markisenl\u00e4ngen ab 3,50 m, in Kombination mit einem Thule-Zelt zu verwenden, um die Stabilit\u00e4t der Markise zu erh\u00f6hen.Dank des Thule Quick-Lock-Systems, k\u00f6nnen die [&hellip;]\" \/>\n<meta property=\"og:url\" content=\"https:\/\/shop.bantam.ch\/de\/produkt\/zusatzmarkisenfuss-fuer-markisen-ab-35-m\/\" \/>\n<meta property=\"og:site_name\" content=\"Bantam Camping AG\" \/>\n<meta property=\"article:modified_time\" content=\"2026-04-17T19:06:48+00:00\" \/>\n<meta property=\"og:image\" content=\"https:\/\/shop.bantam.ch\/wp-content\/uploads\/2023\/02\/9909625-100-1-3-1-scaled.jpg\" \/>\n\t<meta property=\"og:image:width\" content=\"4367\" \/>\n\t<meta property=\"og:image:height\" content=\"3272\" \/>\n\t<meta property=\"og:image:type\" content=\"image\/jpeg\" \/>\n<meta name=\"twitter:card\" content=\"summary_large_image\" \/>\n<script type=\"application\/ld+json\" class=\"yoast-schema-graph\">{\"@context\":\"https:\\\/\\\/schema.org\",\"@graph\":[{\"@type\":\"WebPage\",\"@id\":\"https:\\\/\\\/shop.bantam.ch\\\/de\\\/produkt\\\/zusatzmarkisenfuss-fuer-markisen-ab-35-m\\\/\",\"url\":\"https:\\\/\\\/shop.bantam.ch\\\/de\\\/produkt\\\/zusatzmarkisenfuss-fuer-markisen-ab-35-m\\\/\",\"name\":\"Zusatzmarkisenfu\u00df f\u00fcr Markisen ab 3,50 m - Bantam Camping AG\",\"isPartOf\":{\"@id\":\"https:\\\/\\\/shop.bantam.ch\\\/de\\\/#website\"},\"primaryImageOfPage\":{\"@id\":\"https:\\\/\\\/shop.bantam.ch\\\/de\\\/produkt\\\/zusatzmarkisenfuss-fuer-markisen-ab-35-m\\\/#primaryimage\"},\"image\":{\"@id\":\"https:\\\/\\\/shop.bantam.ch\\\/de\\\/produkt\\\/zusatzmarkisenfuss-fuer-markisen-ab-35-m\\\/#primaryimage\"},\"thumbnailUrl\":\"https:\\\/\\\/shop.bantam.ch\\\/wp-content\\\/uploads\\\/2023\\\/02\\\/9909625-100-1-3-1-scaled.jpg\",\"datePublished\":\"2023-02-23T11:20:19+00:00\",\"dateModified\":\"2026-04-17T19:06:48+00:00\",\"breadcrumb\":{\"@id\":\"https:\\\/\\\/shop.bantam.ch\\\/de\\\/produkt\\\/zusatzmarkisenfuss-fuer-markisen-ab-35-m\\\/#breadcrumb\"},\"inLanguage\":\"de\",\"potentialAction\":[{\"@type\":\"ReadAction\",\"target\":[\"https:\\\/\\\/shop.bantam.ch\\\/de\\\/produkt\\\/zusatzmarkisenfuss-fuer-markisen-ab-35-m\\\/\"]}]},{\"@type\":\"ImageObject\",\"inLanguage\":\"de\",\"@id\":\"https:\\\/\\\/shop.bantam.ch\\\/de\\\/produkt\\\/zusatzmarkisenfuss-fuer-markisen-ab-35-m\\\/#primaryimage\",\"url\":\"https:\\\/\\\/shop.bantam.ch\\\/wp-content\\\/uploads\\\/2023\\\/02\\\/9909625-100-1-3-1-scaled.jpg\",\"contentUrl\":\"https:\\\/\\\/shop.bantam.ch\\\/wp-content\\\/uploads\\\/2023\\\/02\\\/9909625-100-1-3-1-scaled.jpg\",\"width\":2048,\"height\":1534},{\"@type\":\"BreadcrumbList\",\"@id\":\"https:\\\/\\\/shop.bantam.ch\\\/de\\\/produkt\\\/zusatzmarkisenfuss-fuer-markisen-ab-35-m\\\/#breadcrumb\",\"itemListElement\":[{\"@type\":\"ListItem\",\"position\":1,\"name\":\"Accueil\",\"item\":\"https:\\\/\\\/shop.bantam.ch\\\/de\\\/\"},{\"@type\":\"ListItem\",\"position\":2,\"name\":\"Shop\",\"item\":\"https:\\\/\\\/shop.bantam.ch\\\/de\\\/shop\\\/\"},{\"@type\":\"ListItem\",\"position\":3,\"name\":\"Zusatzmarkisenfu\u00df f\u00fcr Markisen ab 3,50 m\"}]},{\"@type\":\"WebSite\",\"@id\":\"https:\\\/\\\/shop.bantam.ch\\\/de\\\/#website\",\"url\":\"https:\\\/\\\/shop.bantam.ch\\\/de\\\/\",\"name\":\"Bantam Camping AG\",\"description\":\"\",\"publisher\":{\"@id\":\"https:\\\/\\\/shop.bantam.ch\\\/de\\\/#organization\"},\"inLanguage\":\"de\"},{\"@type\":\"Organization\",\"@id\":\"https:\\\/\\\/shop.bantam.ch\\\/de\\\/#organization\",\"name\":\"Bantam Camping AG\",\"url\":\"https:\\\/\\\/shop.bantam.ch\\\/de\\\/\",\"logo\":{\"@type\":\"ImageObject\",\"inLanguage\":\"de\",\"@id\":\"https:\\\/\\\/shop.bantam.ch\\\/de\\\/#\\\/schema\\\/logo\\\/image\\\/\",\"url\":\"https:\\\/\\\/shop.bantam.ch\\\/wp-content\\\/uploads\\\/2022\\\/12\\\/bantam-logo.png\",\"contentUrl\":\"https:\\\/\\\/shop.bantam.ch\\\/wp-content\\\/uploads\\\/2022\\\/12\\\/bantam-logo.png\",\"width\":320,\"height\":71,\"caption\":\"Bantam Camping AG\"},\"image\":{\"@id\":\"https:\\\/\\\/shop.bantam.ch\\\/de\\\/#\\\/schema\\\/logo\\\/image\\\/\"}}]}<\/script>\n<!-- \/ Yoast SEO plugin. -->","yoast_head_json":{"title":"Zusatzmarkisenfu\u00df f\u00fcr Markisen ab 3,50 m - Bantam Camping AG","robots":{"index":"index","follow":"follow","max-snippet":"max-snippet:-1","max-image-preview":"max-image-preview:large","max-video-preview":"max-video-preview:-1"},"canonical":"https:\/\/shop.bantam.ch\/de\/produkt\/zusatzmarkisenfuss-fuer-markisen-ab-35-m\/","og_locale":"de_DE","og_type":"article","og_title":"Zusatzmarkisenfu\u00df f\u00fcr Markisen ab 3,50 m - Bantam Camping AG","og_description":"Alle Markisenl\u00e4ngen der Thule Omnistor Markisen verf\u00fcgen \u00fcber eine integrierte Befestigung f\u00fcr einen optionalen dritten St\u00fctzfu\u00df, damit ist es m\u00f6glich eine h\u00f6here Stabilit\u00e4t zu bekommen. Es wird empfholen, den dritten St\u00fctzfu\u00df f\u00fcr Markisenl\u00e4ngen ab 3,50 m, in Kombination mit einem Thule-Zelt zu verwenden, um die Stabilit\u00e4t der Markise zu erh\u00f6hen.Dank des Thule Quick-Lock-Systems, k\u00f6nnen die [&hellip;]","og_url":"https:\/\/shop.bantam.ch\/de\/produkt\/zusatzmarkisenfuss-fuer-markisen-ab-35-m\/","og_site_name":"Bantam Camping AG","article_modified_time":"2026-04-17T19:06:48+00:00","og_image":[{"width":4367,"height":3272,"url":"https:\/\/shop.bantam.ch\/wp-content\/uploads\/2023\/02\/9909625-100-1-3-1-scaled.jpg","type":"image\/jpeg"}],"twitter_card":"summary_large_image","schema":{"@context":"https:\/\/schema.org","@graph":[{"@type":"WebPage","@id":"https:\/\/shop.bantam.ch\/de\/produkt\/zusatzmarkisenfuss-fuer-markisen-ab-35-m\/","url":"https:\/\/shop.bantam.ch\/de\/produkt\/zusatzmarkisenfuss-fuer-markisen-ab-35-m\/","name":"Zusatzmarkisenfu\u00df f\u00fcr Markisen ab 3,50 m - Bantam Camping AG","isPartOf":{"@id":"https:\/\/shop.bantam.ch\/de\/#website"},"primaryImageOfPage":{"@id":"https:\/\/shop.bantam.ch\/de\/produkt\/zusatzmarkisenfuss-fuer-markisen-ab-35-m\/#primaryimage"},"image":{"@id":"https:\/\/shop.bantam.ch\/de\/produkt\/zusatzmarkisenfuss-fuer-markisen-ab-35-m\/#primaryimage"},"thumbnailUrl":"https:\/\/shop.bantam.ch\/wp-content\/uploads\/2023\/02\/9909625-100-1-3-1-scaled.jpg","datePublished":"2023-02-23T11:20:19+00:00","dateModified":"2026-04-17T19:06:48+00:00","breadcrumb":{"@id":"https:\/\/shop.bantam.ch\/de\/produkt\/zusatzmarkisenfuss-fuer-markisen-ab-35-m\/#breadcrumb"},"inLanguage":"de","potentialAction":[{"@type":"ReadAction","target":["https:\/\/shop.bantam.ch\/de\/produkt\/zusatzmarkisenfuss-fuer-markisen-ab-35-m\/"]}]},{"@type":"ImageObject","inLanguage":"de","@id":"https:\/\/shop.bantam.ch\/de\/produkt\/zusatzmarkisenfuss-fuer-markisen-ab-35-m\/#primaryimage","url":"https:\/\/shop.bantam.ch\/wp-content\/uploads\/2023\/02\/9909625-100-1-3-1-scaled.jpg","contentUrl":"https:\/\/shop.bantam.ch\/wp-content\/uploads\/2023\/02\/9909625-100-1-3-1-scaled.jpg","width":2048,"height":1534},{"@type":"BreadcrumbList","@id":"https:\/\/shop.bantam.ch\/de\/produkt\/zusatzmarkisenfuss-fuer-markisen-ab-35-m\/#breadcrumb","itemListElement":[{"@type":"ListItem","position":1,"name":"Accueil","item":"https:\/\/shop.bantam.ch\/de\/"},{"@type":"ListItem","position":2,"name":"Shop","item":"https:\/\/shop.bantam.ch\/de\/shop\/"},{"@type":"ListItem","position":3,"name":"Zusatzmarkisenfu\u00df f\u00fcr Markisen ab 3,50 m"}]},{"@type":"WebSite","@id":"https:\/\/shop.bantam.ch\/de\/#website","url":"https:\/\/shop.bantam.ch\/de\/","name":"Bantam Camping AG","description":"","publisher":{"@id":"https:\/\/shop.bantam.ch\/de\/#organization"},"inLanguage":"de"},{"@type":"Organization","@id":"https:\/\/shop.bantam.ch\/de\/#organization","name":"Bantam Camping AG","url":"https:\/\/shop.bantam.ch\/de\/","logo":{"@type":"ImageObject","inLanguage":"de","@id":"https:\/\/shop.bantam.ch\/de\/#\/schema\/logo\/image\/","url":"https:\/\/shop.bantam.ch\/wp-content\/uploads\/2022\/12\/bantam-logo.png","contentUrl":"https:\/\/shop.bantam.ch\/wp-content\/uploads\/2022\/12\/bantam-logo.png","width":320,"height":71,"caption":"Bantam Camping AG"},"image":{"@id":"https:\/\/shop.bantam.ch\/de\/#\/schema\/logo\/image\/"}}]}},"_links":{"self":[{"href":"https:\/\/shop.bantam.ch\/de\/wp-json\/wp\/v2\/product\/45333","targetHints":{"allow":["GET"]}}],"collection":[{"href":"https:\/\/shop.bantam.ch\/de\/wp-json\/wp\/v2\/product"}],"about":[{"href":"https:\/\/shop.bantam.ch\/de\/wp-json\/wp\/v2\/types\/product"}],"wp:featuredmedia":[{"embeddable":true,"href":"https:\/\/shop.bantam.ch\/de\/wp-json\/wp\/v2\/media\/45331"}],"wp:attachment":[{"href":"https:\/\/shop.bantam.ch\/de\/wp-json\/wp\/v2\/media?parent=45333"}],"wp:term":[{"taxonomy":"product_featured_cat","embeddable":true,"href":"https:\/\/shop.bantam.ch\/de\/wp-json\/wp\/v2\/product_featured_cat?post=45333"},{"taxonomy":"product_brand","embeddable":true,"href":"https:\/\/shop.bantam.ch\/de\/wp-json\/wp\/v2\/product_brand?post=45333"},{"taxonomy":"product_cat","embeddable":true,"href":"https:\/\/shop.bantam.ch\/de\/wp-json\/wp\/v2\/product_cat?post=45333"},{"taxonomy":"product_tag","embeddable":true,"href":"https:\/\/shop.bantam.ch\/de\/wp-json\/wp\/v2\/product_tag?post=45333"}],"curies":[{"name":"wp","href":"https:\/\/api.w.org\/{rel}","templated":true}]}}