{"id":45317,"date":"2023-02-23T12:19:56","date_gmt":"2023-02-23T11:19:56","guid":{"rendered":"http:\/\/preprod-dev.sh1.hidora.com\/webshop\/produit\/gummimatte-fuer-fiat-ducato-citroen-jumper-peugot-boxer-chassis-x250-ab-07-2006-05-2014\/"},"modified":"2026-04-20T21:06:54","modified_gmt":"2026-04-20T19:06:54","slug":"gummimatte-fuer-fiat-ducato-citroen-jumper-peugot-boxer-chassis-x250-ab-07-2006-05-2014","status":"publish","type":"product","link":"https:\/\/shop.bantam.ch\/de\/produkt\/gummimatte-fuer-fiat-ducato-citroen-jumper-peugot-boxer-chassis-x250-ab-07-2006-05-2014\/","title":{"rendered":"Fu\u00dfmatte Gummi Ducato X250 versch. Typen ab 07 \/ 2006 &#8211; 05 \/ 2014 und Universal  ab 06\/2014"},"content":{"rendered":"<p>Autoteppiche f\u00fcr das Fahrerhaus verhindern Verschmutzungen und<br \/>Verschlei\u00df der Originalb\u00f6den aus PVC oder wertvollen Veloursteppichen.<br \/>Die Autoteppiche sind leicht herausnehmbar, lassen sich aussch\u00fctteln, absaugen und sogar mit dem Hochdruckreiniger s\u00e4ubern. Bei textilen Fu\u00dfraummatten h\u00e4lt eine rutschfeste, wasserundurchl\u00e4ssige R\u00fcckenbeschichtung Feuchtigkeit und N\u00e4sse fern vom Originalbelag.<\/p>\n<ul>\n<li>Universal Zuschnitt<\/li>\n<\/ul>\n","protected":false},"excerpt":{"rendered":"<p>Autoteppiche f\u00fcr das Fahrerhaus verhindern Verschmutzungen undVerschlei\u00df der Originalb\u00f6den aus PVC oder wertvollen Veloursteppichen.Die Autoteppiche sind leicht herausnehmbar, lassen sich aussch\u00fctteln, absaugen und sogar mit dem Hochdruckreiniger s\u00e4ubern. Bei textilen Fu\u00dfraummatten h\u00e4lt eine rutschfeste, wasserundurchl\u00e4ssige R\u00fcckenbeschichtung Feuchtigkeit und N\u00e4sse fern vom Originalbelag. Universal Zuschnitt<\/p>\n","protected":false},"featured_media":45311,"template":"","meta":{"_acf_changed":false},"product_featured_cat":[],"product_brand":[3317],"product_cat":[4686],"product_tag":[],"class_list":{"0":"post-45317","1":"product","2":"type-product","3":"status-publish","4":"has-post-thumbnail","6":"product_brand-art-de","7":"product_cat-fahrerhausteppiche","9":"first","10":"instock","11":"taxable","12":"shipping-taxable","13":"purchasable","14":"product-type-simple"},"acf":[],"yoast_head":"<!-- This site is optimized with the Yoast SEO plugin v27.4 - https:\/\/yoast.com\/product\/yoast-seo-wordpress\/ -->\n<title>Fu\u00dfmatte Gummi Ducato X250 versch. Typen ab 07 \/ 2006 - 05 \/ 2014 und Universal ab 06\/2014 - Bantam Camping AG<\/title>\n<meta name=\"robots\" content=\"index, follow, max-snippet:-1, max-image-preview:large, max-video-preview:-1\" \/>\n<link rel=\"canonical\" href=\"https:\/\/shop.bantam.ch\/de\/produkt\/gummimatte-fuer-fiat-ducato-citroen-jumper-peugot-boxer-chassis-x250-ab-07-2006-05-2014\/\" \/>\n<meta property=\"og:locale\" content=\"de_DE\" \/>\n<meta property=\"og:type\" content=\"article\" \/>\n<meta property=\"og:title\" content=\"Fu\u00dfmatte Gummi Ducato X250 versch. Typen ab 07 \/ 2006 - 05 \/ 2014 und Universal ab 06\/2014 - Bantam Camping AG\" \/>\n<meta property=\"og:description\" content=\"Autoteppiche f\u00fcr das Fahrerhaus verhindern Verschmutzungen undVerschlei\u00df der Originalb\u00f6den aus PVC oder wertvollen Veloursteppichen.Die Autoteppiche sind leicht herausnehmbar, lassen sich aussch\u00fctteln, absaugen und sogar mit dem Hochdruckreiniger s\u00e4ubern. Bei textilen Fu\u00dfraummatten h\u00e4lt eine rutschfeste, wasserundurchl\u00e4ssige R\u00fcckenbeschichtung Feuchtigkeit und N\u00e4sse fern vom Originalbelag. Universal Zuschnitt\" \/>\n<meta property=\"og:url\" content=\"https:\/\/shop.bantam.ch\/de\/produkt\/gummimatte-fuer-fiat-ducato-citroen-jumper-peugot-boxer-chassis-x250-ab-07-2006-05-2014\/\" \/>\n<meta property=\"og:site_name\" content=\"Bantam Camping AG\" \/>\n<meta property=\"article:modified_time\" content=\"2026-04-20T19:06:54+00:00\" \/>\n<meta property=\"og:image\" content=\"https:\/\/shop.bantam.ch\/wp-content\/uploads\/2023\/02\/991729611-1.jpg\" \/>\n\t<meta property=\"og:image:width\" content=\"1480\" \/>\n\t<meta property=\"og:image:height\" content=\"935\" \/>\n\t<meta property=\"og:image:type\" content=\"image\/jpeg\" \/>\n<meta name=\"twitter:card\" content=\"summary_large_image\" \/>\n<script type=\"application\/ld+json\" class=\"yoast-schema-graph\">{\"@context\":\"https:\\\/\\\/schema.org\",\"@graph\":[{\"@type\":\"WebPage\",\"@id\":\"https:\\\/\\\/shop.bantam.ch\\\/de\\\/produkt\\\/gummimatte-fuer-fiat-ducato-citroen-jumper-peugot-boxer-chassis-x250-ab-07-2006-05-2014\\\/\",\"url\":\"https:\\\/\\\/shop.bantam.ch\\\/de\\\/produkt\\\/gummimatte-fuer-fiat-ducato-citroen-jumper-peugot-boxer-chassis-x250-ab-07-2006-05-2014\\\/\",\"name\":\"Fu\u00dfmatte Gummi Ducato X250 versch. Typen ab 07 \\\/ 2006 - 05 \\\/ 2014 und Universal ab 06\\\/2014 - Bantam Camping AG\",\"isPartOf\":{\"@id\":\"https:\\\/\\\/shop.bantam.ch\\\/de\\\/#website\"},\"primaryImageOfPage\":{\"@id\":\"https:\\\/\\\/shop.bantam.ch\\\/de\\\/produkt\\\/gummimatte-fuer-fiat-ducato-citroen-jumper-peugot-boxer-chassis-x250-ab-07-2006-05-2014\\\/#primaryimage\"},\"image\":{\"@id\":\"https:\\\/\\\/shop.bantam.ch\\\/de\\\/produkt\\\/gummimatte-fuer-fiat-ducato-citroen-jumper-peugot-boxer-chassis-x250-ab-07-2006-05-2014\\\/#primaryimage\"},\"thumbnailUrl\":\"https:\\\/\\\/shop.bantam.ch\\\/wp-content\\\/uploads\\\/2023\\\/02\\\/991729611-1.jpg\",\"datePublished\":\"2023-02-23T11:19:56+00:00\",\"dateModified\":\"2026-04-20T19:06:54+00:00\",\"breadcrumb\":{\"@id\":\"https:\\\/\\\/shop.bantam.ch\\\/de\\\/produkt\\\/gummimatte-fuer-fiat-ducato-citroen-jumper-peugot-boxer-chassis-x250-ab-07-2006-05-2014\\\/#breadcrumb\"},\"inLanguage\":\"de\",\"potentialAction\":[{\"@type\":\"ReadAction\",\"target\":[\"https:\\\/\\\/shop.bantam.ch\\\/de\\\/produkt\\\/gummimatte-fuer-fiat-ducato-citroen-jumper-peugot-boxer-chassis-x250-ab-07-2006-05-2014\\\/\"]}]},{\"@type\":\"ImageObject\",\"inLanguage\":\"de\",\"@id\":\"https:\\\/\\\/shop.bantam.ch\\\/de\\\/produkt\\\/gummimatte-fuer-fiat-ducato-citroen-jumper-peugot-boxer-chassis-x250-ab-07-2006-05-2014\\\/#primaryimage\",\"url\":\"https:\\\/\\\/shop.bantam.ch\\\/wp-content\\\/uploads\\\/2023\\\/02\\\/991729611-1.jpg\",\"contentUrl\":\"https:\\\/\\\/shop.bantam.ch\\\/wp-content\\\/uploads\\\/2023\\\/02\\\/991729611-1.jpg\",\"width\":1480,\"height\":935},{\"@type\":\"BreadcrumbList\",\"@id\":\"https:\\\/\\\/shop.bantam.ch\\\/de\\\/produkt\\\/gummimatte-fuer-fiat-ducato-citroen-jumper-peugot-boxer-chassis-x250-ab-07-2006-05-2014\\\/#breadcrumb\",\"itemListElement\":[{\"@type\":\"ListItem\",\"position\":1,\"name\":\"Accueil\",\"item\":\"https:\\\/\\\/shop.bantam.ch\\\/de\\\/\"},{\"@type\":\"ListItem\",\"position\":2,\"name\":\"Shop\",\"item\":\"https:\\\/\\\/shop.bantam.ch\\\/de\\\/shop\\\/\"},{\"@type\":\"ListItem\",\"position\":3,\"name\":\"Fu\u00dfmatte Gummi Ducato X250 versch. Typen ab 07 \\\/ 2006 &#8211; 05 \\\/ 2014 und Universal ab 06\\\/2014\"}]},{\"@type\":\"WebSite\",\"@id\":\"https:\\\/\\\/shop.bantam.ch\\\/de\\\/#website\",\"url\":\"https:\\\/\\\/shop.bantam.ch\\\/de\\\/\",\"name\":\"Bantam Camping AG\",\"description\":\"\",\"publisher\":{\"@id\":\"https:\\\/\\\/shop.bantam.ch\\\/de\\\/#organization\"},\"inLanguage\":\"de\"},{\"@type\":\"Organization\",\"@id\":\"https:\\\/\\\/shop.bantam.ch\\\/de\\\/#organization\",\"name\":\"Bantam Camping AG\",\"url\":\"https:\\\/\\\/shop.bantam.ch\\\/de\\\/\",\"logo\":{\"@type\":\"ImageObject\",\"inLanguage\":\"de\",\"@id\":\"https:\\\/\\\/shop.bantam.ch\\\/de\\\/#\\\/schema\\\/logo\\\/image\\\/\",\"url\":\"https:\\\/\\\/shop.bantam.ch\\\/wp-content\\\/uploads\\\/2022\\\/12\\\/bantam-logo.png\",\"contentUrl\":\"https:\\\/\\\/shop.bantam.ch\\\/wp-content\\\/uploads\\\/2022\\\/12\\\/bantam-logo.png\",\"width\":320,\"height\":71,\"caption\":\"Bantam Camping AG\"},\"image\":{\"@id\":\"https:\\\/\\\/shop.bantam.ch\\\/de\\\/#\\\/schema\\\/logo\\\/image\\\/\"}}]}<\/script>\n<!-- \/ Yoast SEO plugin. -->","yoast_head_json":{"title":"Fu\u00dfmatte Gummi Ducato X250 versch. Typen ab 07 \/ 2006 - 05 \/ 2014 und Universal ab 06\/2014 - Bantam Camping AG","robots":{"index":"index","follow":"follow","max-snippet":"max-snippet:-1","max-image-preview":"max-image-preview:large","max-video-preview":"max-video-preview:-1"},"canonical":"https:\/\/shop.bantam.ch\/de\/produkt\/gummimatte-fuer-fiat-ducato-citroen-jumper-peugot-boxer-chassis-x250-ab-07-2006-05-2014\/","og_locale":"de_DE","og_type":"article","og_title":"Fu\u00dfmatte Gummi Ducato X250 versch. Typen ab 07 \/ 2006 - 05 \/ 2014 und Universal ab 06\/2014 - Bantam Camping AG","og_description":"Autoteppiche f\u00fcr das Fahrerhaus verhindern Verschmutzungen undVerschlei\u00df der Originalb\u00f6den aus PVC oder wertvollen Veloursteppichen.Die Autoteppiche sind leicht herausnehmbar, lassen sich aussch\u00fctteln, absaugen und sogar mit dem Hochdruckreiniger s\u00e4ubern. Bei textilen Fu\u00dfraummatten h\u00e4lt eine rutschfeste, wasserundurchl\u00e4ssige R\u00fcckenbeschichtung Feuchtigkeit und N\u00e4sse fern vom Originalbelag. Universal Zuschnitt","og_url":"https:\/\/shop.bantam.ch\/de\/produkt\/gummimatte-fuer-fiat-ducato-citroen-jumper-peugot-boxer-chassis-x250-ab-07-2006-05-2014\/","og_site_name":"Bantam Camping AG","article_modified_time":"2026-04-20T19:06:54+00:00","og_image":[{"width":1480,"height":935,"url":"https:\/\/shop.bantam.ch\/wp-content\/uploads\/2023\/02\/991729611-1.jpg","type":"image\/jpeg"}],"twitter_card":"summary_large_image","schema":{"@context":"https:\/\/schema.org","@graph":[{"@type":"WebPage","@id":"https:\/\/shop.bantam.ch\/de\/produkt\/gummimatte-fuer-fiat-ducato-citroen-jumper-peugot-boxer-chassis-x250-ab-07-2006-05-2014\/","url":"https:\/\/shop.bantam.ch\/de\/produkt\/gummimatte-fuer-fiat-ducato-citroen-jumper-peugot-boxer-chassis-x250-ab-07-2006-05-2014\/","name":"Fu\u00dfmatte Gummi Ducato X250 versch. Typen ab 07 \/ 2006 - 05 \/ 2014 und Universal ab 06\/2014 - Bantam Camping AG","isPartOf":{"@id":"https:\/\/shop.bantam.ch\/de\/#website"},"primaryImageOfPage":{"@id":"https:\/\/shop.bantam.ch\/de\/produkt\/gummimatte-fuer-fiat-ducato-citroen-jumper-peugot-boxer-chassis-x250-ab-07-2006-05-2014\/#primaryimage"},"image":{"@id":"https:\/\/shop.bantam.ch\/de\/produkt\/gummimatte-fuer-fiat-ducato-citroen-jumper-peugot-boxer-chassis-x250-ab-07-2006-05-2014\/#primaryimage"},"thumbnailUrl":"https:\/\/shop.bantam.ch\/wp-content\/uploads\/2023\/02\/991729611-1.jpg","datePublished":"2023-02-23T11:19:56+00:00","dateModified":"2026-04-20T19:06:54+00:00","breadcrumb":{"@id":"https:\/\/shop.bantam.ch\/de\/produkt\/gummimatte-fuer-fiat-ducato-citroen-jumper-peugot-boxer-chassis-x250-ab-07-2006-05-2014\/#breadcrumb"},"inLanguage":"de","potentialAction":[{"@type":"ReadAction","target":["https:\/\/shop.bantam.ch\/de\/produkt\/gummimatte-fuer-fiat-ducato-citroen-jumper-peugot-boxer-chassis-x250-ab-07-2006-05-2014\/"]}]},{"@type":"ImageObject","inLanguage":"de","@id":"https:\/\/shop.bantam.ch\/de\/produkt\/gummimatte-fuer-fiat-ducato-citroen-jumper-peugot-boxer-chassis-x250-ab-07-2006-05-2014\/#primaryimage","url":"https:\/\/shop.bantam.ch\/wp-content\/uploads\/2023\/02\/991729611-1.jpg","contentUrl":"https:\/\/shop.bantam.ch\/wp-content\/uploads\/2023\/02\/991729611-1.jpg","width":1480,"height":935},{"@type":"BreadcrumbList","@id":"https:\/\/shop.bantam.ch\/de\/produkt\/gummimatte-fuer-fiat-ducato-citroen-jumper-peugot-boxer-chassis-x250-ab-07-2006-05-2014\/#breadcrumb","itemListElement":[{"@type":"ListItem","position":1,"name":"Accueil","item":"https:\/\/shop.bantam.ch\/de\/"},{"@type":"ListItem","position":2,"name":"Shop","item":"https:\/\/shop.bantam.ch\/de\/shop\/"},{"@type":"ListItem","position":3,"name":"Fu\u00dfmatte Gummi Ducato X250 versch. Typen ab 07 \/ 2006 &#8211; 05 \/ 2014 und Universal ab 06\/2014"}]},{"@type":"WebSite","@id":"https:\/\/shop.bantam.ch\/de\/#website","url":"https:\/\/shop.bantam.ch\/de\/","name":"Bantam Camping AG","description":"","publisher":{"@id":"https:\/\/shop.bantam.ch\/de\/#organization"},"inLanguage":"de"},{"@type":"Organization","@id":"https:\/\/shop.bantam.ch\/de\/#organization","name":"Bantam Camping AG","url":"https:\/\/shop.bantam.ch\/de\/","logo":{"@type":"ImageObject","inLanguage":"de","@id":"https:\/\/shop.bantam.ch\/de\/#\/schema\/logo\/image\/","url":"https:\/\/shop.bantam.ch\/wp-content\/uploads\/2022\/12\/bantam-logo.png","contentUrl":"https:\/\/shop.bantam.ch\/wp-content\/uploads\/2022\/12\/bantam-logo.png","width":320,"height":71,"caption":"Bantam Camping AG"},"image":{"@id":"https:\/\/shop.bantam.ch\/de\/#\/schema\/logo\/image\/"}}]}},"_links":{"self":[{"href":"https:\/\/shop.bantam.ch\/de\/wp-json\/wp\/v2\/product\/45317","targetHints":{"allow":["GET"]}}],"collection":[{"href":"https:\/\/shop.bantam.ch\/de\/wp-json\/wp\/v2\/product"}],"about":[{"href":"https:\/\/shop.bantam.ch\/de\/wp-json\/wp\/v2\/types\/product"}],"wp:featuredmedia":[{"embeddable":true,"href":"https:\/\/shop.bantam.ch\/de\/wp-json\/wp\/v2\/media\/45311"}],"wp:attachment":[{"href":"https:\/\/shop.bantam.ch\/de\/wp-json\/wp\/v2\/media?parent=45317"}],"wp:term":[{"taxonomy":"product_featured_cat","embeddable":true,"href":"https:\/\/shop.bantam.ch\/de\/wp-json\/wp\/v2\/product_featured_cat?post=45317"},{"taxonomy":"product_brand","embeddable":true,"href":"https:\/\/shop.bantam.ch\/de\/wp-json\/wp\/v2\/product_brand?post=45317"},{"taxonomy":"product_cat","embeddable":true,"href":"https:\/\/shop.bantam.ch\/de\/wp-json\/wp\/v2\/product_cat?post=45317"},{"taxonomy":"product_tag","embeddable":true,"href":"https:\/\/shop.bantam.ch\/de\/wp-json\/wp\/v2\/product_tag?post=45317"}],"curies":[{"name":"wp","href":"https:\/\/api.w.org\/{rel}","templated":true}]}}