{"id":45293,"date":"2023-02-23T12:19:21","date_gmt":"2023-02-23T11:19:21","guid":{"rendered":"http:\/\/preprod-dev.sh1.hidora.com\/webshop\/produit\/adapterplatte-vesa-zu-tft-wandhalterungen\/"},"modified":"2026-04-17T21:06:40","modified_gmt":"2026-04-17T19:06:40","slug":"adapterplatte-vesa-zu-tft-wandhalterungen","status":"publish","type":"product","link":"https:\/\/shop.bantam.ch\/de\/produkt\/adapterplatte-vesa-zu-tft-wandhalterungen\/","title":{"rendered":"Adapterplatte Vesa zu TFT-Wandhaltungen SKY f\u00fcr Monitore mit 32 Zoll"},"content":{"rendered":"<p>Vesa Adapterplatte f\u00fcr TFT-Wandhalterungen SKY N Modelle, f\u00fcr Vesa-Formate: <\/p>\n<ul>\n<li>200 x 100 mm <\/li>\n<li>200 x 200 mm <\/li>\n<li>300 x 170 mm <\/li>\n<li>300 x 200 mm<\/li>\n<\/ul>\n<p>Gewicht:<br \/>1,0 kg<\/p>\n<p>Material:<br \/>Stahl, pulverbeschichtet<\/p>\n<p>Lieferumfang: <br \/>Inklusive Montageschrauben<\/p>\n","protected":false},"excerpt":{"rendered":"<p>Vesa Adapterplatte f\u00fcr TFT-Wandhalterungen SKY N Modelle, f\u00fcr Vesa-Formate: 200 x 100 mm 200 x 200 mm 300 x 170 mm 300 x 200 mm Gewicht:1,0 kg Material:Stahl, pulverbeschichtet Lieferumfang: Inklusive Montageschrauben<\/p>\n","protected":false},"featured_media":45291,"template":"","meta":{"_acf_changed":false},"product_featured_cat":[],"product_brand":[3057],"product_cat":[4986],"product_tag":[],"class_list":{"0":"post-45293","1":"product","2":"type-product","3":"status-publish","4":"has-post-thumbnail","6":"product_brand-fawo-de","7":"product_cat-tv-halterungen","9":"first","10":"instock","11":"taxable","12":"shipping-taxable","13":"purchasable","14":"product-type-simple"},"acf":[],"yoast_head":"<!-- This site is optimized with the Yoast SEO plugin v27.4 - https:\/\/yoast.com\/product\/yoast-seo-wordpress\/ -->\n<title>Adapterplatte Vesa zu TFT-Wandhaltungen SKY f\u00fcr Monitore mit 32 Zoll - Bantam Camping AG<\/title>\n<meta name=\"robots\" content=\"index, follow, max-snippet:-1, max-image-preview:large, max-video-preview:-1\" \/>\n<link rel=\"canonical\" href=\"https:\/\/shop.bantam.ch\/de\/produkt\/adapterplatte-vesa-zu-tft-wandhalterungen\/\" \/>\n<meta property=\"og:locale\" content=\"de_DE\" \/>\n<meta property=\"og:type\" content=\"article\" \/>\n<meta property=\"og:title\" content=\"Adapterplatte Vesa zu TFT-Wandhaltungen SKY f\u00fcr Monitore mit 32 Zoll - Bantam Camping AG\" \/>\n<meta property=\"og:description\" content=\"Vesa Adapterplatte f\u00fcr TFT-Wandhalterungen SKY N Modelle, f\u00fcr Vesa-Formate: 200 x 100 mm 200 x 200 mm 300 x 170 mm 300 x 200 mm Gewicht:1,0 kg Material:Stahl, pulverbeschichtet Lieferumfang: Inklusive Montageschrauben\" \/>\n<meta property=\"og:url\" content=\"https:\/\/shop.bantam.ch\/de\/produkt\/adapterplatte-vesa-zu-tft-wandhalterungen\/\" \/>\n<meta property=\"og:site_name\" content=\"Bantam Camping AG\" \/>\n<meta property=\"article:modified_time\" content=\"2026-04-17T19:06:40+00:00\" \/>\n<meta property=\"og:image\" content=\"https:\/\/shop.bantam.ch\/wp-content\/uploads\/2023\/02\/9951111-1.jpg\" \/>\n\t<meta property=\"og:image:width\" content=\"1654\" \/>\n\t<meta property=\"og:image:height\" content=\"1447\" \/>\n\t<meta property=\"og:image:type\" content=\"image\/jpeg\" \/>\n<meta name=\"twitter:card\" content=\"summary_large_image\" \/>\n<script type=\"application\/ld+json\" class=\"yoast-schema-graph\">{\"@context\":\"https:\\\/\\\/schema.org\",\"@graph\":[{\"@type\":\"WebPage\",\"@id\":\"https:\\\/\\\/shop.bantam.ch\\\/de\\\/produkt\\\/adapterplatte-vesa-zu-tft-wandhalterungen\\\/\",\"url\":\"https:\\\/\\\/shop.bantam.ch\\\/de\\\/produkt\\\/adapterplatte-vesa-zu-tft-wandhalterungen\\\/\",\"name\":\"Adapterplatte Vesa zu TFT-Wandhaltungen SKY f\u00fcr Monitore mit 32 Zoll - Bantam Camping AG\",\"isPartOf\":{\"@id\":\"https:\\\/\\\/shop.bantam.ch\\\/de\\\/#website\"},\"primaryImageOfPage\":{\"@id\":\"https:\\\/\\\/shop.bantam.ch\\\/de\\\/produkt\\\/adapterplatte-vesa-zu-tft-wandhalterungen\\\/#primaryimage\"},\"image\":{\"@id\":\"https:\\\/\\\/shop.bantam.ch\\\/de\\\/produkt\\\/adapterplatte-vesa-zu-tft-wandhalterungen\\\/#primaryimage\"},\"thumbnailUrl\":\"https:\\\/\\\/shop.bantam.ch\\\/wp-content\\\/uploads\\\/2023\\\/02\\\/9951111-1.jpg\",\"datePublished\":\"2023-02-23T11:19:21+00:00\",\"dateModified\":\"2026-04-17T19:06:40+00:00\",\"breadcrumb\":{\"@id\":\"https:\\\/\\\/shop.bantam.ch\\\/de\\\/produkt\\\/adapterplatte-vesa-zu-tft-wandhalterungen\\\/#breadcrumb\"},\"inLanguage\":\"de\",\"potentialAction\":[{\"@type\":\"ReadAction\",\"target\":[\"https:\\\/\\\/shop.bantam.ch\\\/de\\\/produkt\\\/adapterplatte-vesa-zu-tft-wandhalterungen\\\/\"]}]},{\"@type\":\"ImageObject\",\"inLanguage\":\"de\",\"@id\":\"https:\\\/\\\/shop.bantam.ch\\\/de\\\/produkt\\\/adapterplatte-vesa-zu-tft-wandhalterungen\\\/#primaryimage\",\"url\":\"https:\\\/\\\/shop.bantam.ch\\\/wp-content\\\/uploads\\\/2023\\\/02\\\/9951111-1.jpg\",\"contentUrl\":\"https:\\\/\\\/shop.bantam.ch\\\/wp-content\\\/uploads\\\/2023\\\/02\\\/9951111-1.jpg\",\"width\":1654,\"height\":1447},{\"@type\":\"BreadcrumbList\",\"@id\":\"https:\\\/\\\/shop.bantam.ch\\\/de\\\/produkt\\\/adapterplatte-vesa-zu-tft-wandhalterungen\\\/#breadcrumb\",\"itemListElement\":[{\"@type\":\"ListItem\",\"position\":1,\"name\":\"Accueil\",\"item\":\"https:\\\/\\\/shop.bantam.ch\\\/de\\\/\"},{\"@type\":\"ListItem\",\"position\":2,\"name\":\"Shop\",\"item\":\"https:\\\/\\\/shop.bantam.ch\\\/de\\\/shop\\\/\"},{\"@type\":\"ListItem\",\"position\":3,\"name\":\"Adapterplatte Vesa zu TFT-Wandhaltungen SKY f\u00fcr Monitore mit 32 Zoll\"}]},{\"@type\":\"WebSite\",\"@id\":\"https:\\\/\\\/shop.bantam.ch\\\/de\\\/#website\",\"url\":\"https:\\\/\\\/shop.bantam.ch\\\/de\\\/\",\"name\":\"Bantam Camping AG\",\"description\":\"\",\"publisher\":{\"@id\":\"https:\\\/\\\/shop.bantam.ch\\\/de\\\/#organization\"},\"inLanguage\":\"de\"},{\"@type\":\"Organization\",\"@id\":\"https:\\\/\\\/shop.bantam.ch\\\/de\\\/#organization\",\"name\":\"Bantam Camping AG\",\"url\":\"https:\\\/\\\/shop.bantam.ch\\\/de\\\/\",\"logo\":{\"@type\":\"ImageObject\",\"inLanguage\":\"de\",\"@id\":\"https:\\\/\\\/shop.bantam.ch\\\/de\\\/#\\\/schema\\\/logo\\\/image\\\/\",\"url\":\"https:\\\/\\\/shop.bantam.ch\\\/wp-content\\\/uploads\\\/2022\\\/12\\\/bantam-logo.png\",\"contentUrl\":\"https:\\\/\\\/shop.bantam.ch\\\/wp-content\\\/uploads\\\/2022\\\/12\\\/bantam-logo.png\",\"width\":320,\"height\":71,\"caption\":\"Bantam Camping AG\"},\"image\":{\"@id\":\"https:\\\/\\\/shop.bantam.ch\\\/de\\\/#\\\/schema\\\/logo\\\/image\\\/\"}}]}<\/script>\n<!-- \/ Yoast SEO plugin. -->","yoast_head_json":{"title":"Adapterplatte Vesa zu TFT-Wandhaltungen SKY f\u00fcr Monitore mit 32 Zoll - Bantam Camping AG","robots":{"index":"index","follow":"follow","max-snippet":"max-snippet:-1","max-image-preview":"max-image-preview:large","max-video-preview":"max-video-preview:-1"},"canonical":"https:\/\/shop.bantam.ch\/de\/produkt\/adapterplatte-vesa-zu-tft-wandhalterungen\/","og_locale":"de_DE","og_type":"article","og_title":"Adapterplatte Vesa zu TFT-Wandhaltungen SKY f\u00fcr Monitore mit 32 Zoll - Bantam Camping AG","og_description":"Vesa Adapterplatte f\u00fcr TFT-Wandhalterungen SKY N Modelle, f\u00fcr Vesa-Formate: 200 x 100 mm 200 x 200 mm 300 x 170 mm 300 x 200 mm Gewicht:1,0 kg Material:Stahl, pulverbeschichtet Lieferumfang: Inklusive Montageschrauben","og_url":"https:\/\/shop.bantam.ch\/de\/produkt\/adapterplatte-vesa-zu-tft-wandhalterungen\/","og_site_name":"Bantam Camping AG","article_modified_time":"2026-04-17T19:06:40+00:00","og_image":[{"width":1654,"height":1447,"url":"https:\/\/shop.bantam.ch\/wp-content\/uploads\/2023\/02\/9951111-1.jpg","type":"image\/jpeg"}],"twitter_card":"summary_large_image","schema":{"@context":"https:\/\/schema.org","@graph":[{"@type":"WebPage","@id":"https:\/\/shop.bantam.ch\/de\/produkt\/adapterplatte-vesa-zu-tft-wandhalterungen\/","url":"https:\/\/shop.bantam.ch\/de\/produkt\/adapterplatte-vesa-zu-tft-wandhalterungen\/","name":"Adapterplatte Vesa zu TFT-Wandhaltungen SKY f\u00fcr Monitore mit 32 Zoll - Bantam Camping AG","isPartOf":{"@id":"https:\/\/shop.bantam.ch\/de\/#website"},"primaryImageOfPage":{"@id":"https:\/\/shop.bantam.ch\/de\/produkt\/adapterplatte-vesa-zu-tft-wandhalterungen\/#primaryimage"},"image":{"@id":"https:\/\/shop.bantam.ch\/de\/produkt\/adapterplatte-vesa-zu-tft-wandhalterungen\/#primaryimage"},"thumbnailUrl":"https:\/\/shop.bantam.ch\/wp-content\/uploads\/2023\/02\/9951111-1.jpg","datePublished":"2023-02-23T11:19:21+00:00","dateModified":"2026-04-17T19:06:40+00:00","breadcrumb":{"@id":"https:\/\/shop.bantam.ch\/de\/produkt\/adapterplatte-vesa-zu-tft-wandhalterungen\/#breadcrumb"},"inLanguage":"de","potentialAction":[{"@type":"ReadAction","target":["https:\/\/shop.bantam.ch\/de\/produkt\/adapterplatte-vesa-zu-tft-wandhalterungen\/"]}]},{"@type":"ImageObject","inLanguage":"de","@id":"https:\/\/shop.bantam.ch\/de\/produkt\/adapterplatte-vesa-zu-tft-wandhalterungen\/#primaryimage","url":"https:\/\/shop.bantam.ch\/wp-content\/uploads\/2023\/02\/9951111-1.jpg","contentUrl":"https:\/\/shop.bantam.ch\/wp-content\/uploads\/2023\/02\/9951111-1.jpg","width":1654,"height":1447},{"@type":"BreadcrumbList","@id":"https:\/\/shop.bantam.ch\/de\/produkt\/adapterplatte-vesa-zu-tft-wandhalterungen\/#breadcrumb","itemListElement":[{"@type":"ListItem","position":1,"name":"Accueil","item":"https:\/\/shop.bantam.ch\/de\/"},{"@type":"ListItem","position":2,"name":"Shop","item":"https:\/\/shop.bantam.ch\/de\/shop\/"},{"@type":"ListItem","position":3,"name":"Adapterplatte Vesa zu TFT-Wandhaltungen SKY f\u00fcr Monitore mit 32 Zoll"}]},{"@type":"WebSite","@id":"https:\/\/shop.bantam.ch\/de\/#website","url":"https:\/\/shop.bantam.ch\/de\/","name":"Bantam Camping AG","description":"","publisher":{"@id":"https:\/\/shop.bantam.ch\/de\/#organization"},"inLanguage":"de"},{"@type":"Organization","@id":"https:\/\/shop.bantam.ch\/de\/#organization","name":"Bantam Camping AG","url":"https:\/\/shop.bantam.ch\/de\/","logo":{"@type":"ImageObject","inLanguage":"de","@id":"https:\/\/shop.bantam.ch\/de\/#\/schema\/logo\/image\/","url":"https:\/\/shop.bantam.ch\/wp-content\/uploads\/2022\/12\/bantam-logo.png","contentUrl":"https:\/\/shop.bantam.ch\/wp-content\/uploads\/2022\/12\/bantam-logo.png","width":320,"height":71,"caption":"Bantam Camping AG"},"image":{"@id":"https:\/\/shop.bantam.ch\/de\/#\/schema\/logo\/image\/"}}]}},"_links":{"self":[{"href":"https:\/\/shop.bantam.ch\/de\/wp-json\/wp\/v2\/product\/45293","targetHints":{"allow":["GET"]}}],"collection":[{"href":"https:\/\/shop.bantam.ch\/de\/wp-json\/wp\/v2\/product"}],"about":[{"href":"https:\/\/shop.bantam.ch\/de\/wp-json\/wp\/v2\/types\/product"}],"wp:featuredmedia":[{"embeddable":true,"href":"https:\/\/shop.bantam.ch\/de\/wp-json\/wp\/v2\/media\/45291"}],"wp:attachment":[{"href":"https:\/\/shop.bantam.ch\/de\/wp-json\/wp\/v2\/media?parent=45293"}],"wp:term":[{"taxonomy":"product_featured_cat","embeddable":true,"href":"https:\/\/shop.bantam.ch\/de\/wp-json\/wp\/v2\/product_featured_cat?post=45293"},{"taxonomy":"product_brand","embeddable":true,"href":"https:\/\/shop.bantam.ch\/de\/wp-json\/wp\/v2\/product_brand?post=45293"},{"taxonomy":"product_cat","embeddable":true,"href":"https:\/\/shop.bantam.ch\/de\/wp-json\/wp\/v2\/product_cat?post=45293"},{"taxonomy":"product_tag","embeddable":true,"href":"https:\/\/shop.bantam.ch\/de\/wp-json\/wp\/v2\/product_tag?post=45293"}],"curies":[{"name":"wp","href":"https:\/\/api.w.org\/{rel}","templated":true}]}}