{"id":44927,"date":"2023-02-23T12:11:13","date_gmt":"2023-02-23T11:11:13","guid":{"rendered":"http:\/\/preprod-dev.sh1.hidora.com\/webshop\/produit\/generator-energy-8012-gas-mit-bedienpanel-asp\/"},"modified":"2026-04-18T21:06:19","modified_gmt":"2026-04-18T19:06:19","slug":"generator-energy-8012-gas-mit-bedienpanel-asp","status":"publish","type":"product","link":"https:\/\/shop.bantam.ch\/de\/produkt\/generator-energy-8012-gas-mit-bedienpanel-asp\/","title":{"rendered":"Generator Telair Energy 8012 Gas mit ASP"},"content":{"rendered":"<p>Dieser mit Fl\u00fcssiggas (LPG) betriebene Generator kann bei einer Spannung von ca. 13,5 Volt bis zu 70 Ampere Strom erzeugen. Er kann sowohl als Leistungsquelle &#8211; zum Beispiel zur Versorgung eines 12-Vdc-Klimager\u00e4ts &#8211; wie auch als Batterieladeger\u00e4t mit automatischer Einschaltung (bei entladener Batterie) und automatischer Ausschaltung (bei aufgeladener Batterie) verwendet werden. Dabei wurde besonders Wert auf geringstm\u00f6gliche Ger\u00e4uschentwicklung gelegt. Dies wird durch ein besonderes Schalld\u00e4mmsystem erzielt. Das mitgelieferte Panel ASP erm\u00f6glicht das automatische Ein- und Abschalten f\u00fcr den Fall, dass der Generator an ein Batterieladeger\u00e4t ( 230 \/ 12 V ) mit entsprechender Batterie angeschlossen ist.<\/p>\n<ul>\n<li>Motor: Yamaha MZ175 Gas<\/li>\n<li>Maximale Leistung: 70 A A \/ 13,5 V DC<\/li>\n<li>Startsystem: Electric<\/li>\n<li>Ger\u00e4uschpegel: 56 dBA (7m)<\/li>\n<li>Maximaler Verbrauch: 0,8 kg \/ h Gas<\/li>\n<\/ul>\n","protected":false},"excerpt":{"rendered":"<p>Dieser mit Fl\u00fcssiggas (LPG) betriebene Generator kann bei einer Spannung von ca. 13,5 Volt bis zu 70 Ampere Strom erzeugen. Er kann sowohl als Leistungsquelle &#8211; zum Beispiel zur Versorgung eines 12-Vdc-Klimager\u00e4ts &#8211; wie auch als Batterieladeger\u00e4t mit automatischer Einschaltung (bei entladener Batterie) und automatischer Ausschaltung (bei aufgeladener Batterie) verwendet werden. Dabei wurde besonders Wert [&hellip;]<\/p>\n","protected":false},"featured_media":44925,"template":"","meta":{"_acf_changed":false},"product_featured_cat":[],"product_brand":[3229],"product_cat":[4860],"product_tag":[],"class_list":{"0":"post-44927","1":"product","2":"type-product","3":"status-publish","4":"has-post-thumbnail","6":"product_brand-telair-de","7":"product_cat-gas-generatoren","9":"first","10":"instock","11":"taxable","12":"shipping-taxable","13":"purchasable","14":"product-type-simple"},"acf":[],"yoast_head":"<!-- This site is optimized with the Yoast SEO plugin v27.4 - https:\/\/yoast.com\/product\/yoast-seo-wordpress\/ -->\n<title>Generator Telair Energy 8012 Gas mit ASP - Bantam Camping AG<\/title>\n<meta name=\"robots\" content=\"index, follow, max-snippet:-1, max-image-preview:large, max-video-preview:-1\" \/>\n<link rel=\"canonical\" href=\"https:\/\/shop.bantam.ch\/de\/produkt\/generator-energy-8012-gas-mit-bedienpanel-asp\/\" \/>\n<meta property=\"og:locale\" content=\"de_DE\" \/>\n<meta property=\"og:type\" content=\"article\" \/>\n<meta property=\"og:title\" content=\"Generator Telair Energy 8012 Gas mit ASP - Bantam Camping AG\" \/>\n<meta property=\"og:description\" content=\"Dieser mit Fl\u00fcssiggas (LPG) betriebene Generator kann bei einer Spannung von ca. 13,5 Volt bis zu 70 Ampere Strom erzeugen. Er kann sowohl als Leistungsquelle &#8211; zum Beispiel zur Versorgung eines 12-Vdc-Klimager\u00e4ts &#8211; wie auch als Batterieladeger\u00e4t mit automatischer Einschaltung (bei entladener Batterie) und automatischer Ausschaltung (bei aufgeladener Batterie) verwendet werden. Dabei wurde besonders Wert [&hellip;]\" \/>\n<meta property=\"og:url\" content=\"https:\/\/shop.bantam.ch\/de\/produkt\/generator-energy-8012-gas-mit-bedienpanel-asp\/\" \/>\n<meta property=\"og:site_name\" content=\"Bantam Camping AG\" \/>\n<meta property=\"article:modified_time\" content=\"2026-04-18T19:06:19+00:00\" \/>\n<meta property=\"og:image\" content=\"https:\/\/shop.bantam.ch\/wp-content\/uploads\/2023\/02\/9952257-Generator_ENERGY_8012_ASP-Standard-01-1.jpg\" \/>\n\t<meta property=\"og:image:width\" content=\"1000\" \/>\n\t<meta property=\"og:image:height\" content=\"455\" \/>\n\t<meta property=\"og:image:type\" content=\"image\/jpeg\" \/>\n<meta name=\"twitter:card\" content=\"summary_large_image\" \/>\n<meta name=\"twitter:label1\" content=\"Gesch\u00e4tzte Lesezeit\" \/>\n\t<meta name=\"twitter:data1\" content=\"1\u00a0Minute\" \/>\n<script type=\"application\/ld+json\" class=\"yoast-schema-graph\">{\"@context\":\"https:\\\/\\\/schema.org\",\"@graph\":[{\"@type\":\"WebPage\",\"@id\":\"https:\\\/\\\/shop.bantam.ch\\\/de\\\/produkt\\\/generator-energy-8012-gas-mit-bedienpanel-asp\\\/\",\"url\":\"https:\\\/\\\/shop.bantam.ch\\\/de\\\/produkt\\\/generator-energy-8012-gas-mit-bedienpanel-asp\\\/\",\"name\":\"Generator Telair Energy 8012 Gas mit ASP - Bantam Camping AG\",\"isPartOf\":{\"@id\":\"https:\\\/\\\/shop.bantam.ch\\\/de\\\/#website\"},\"primaryImageOfPage\":{\"@id\":\"https:\\\/\\\/shop.bantam.ch\\\/de\\\/produkt\\\/generator-energy-8012-gas-mit-bedienpanel-asp\\\/#primaryimage\"},\"image\":{\"@id\":\"https:\\\/\\\/shop.bantam.ch\\\/de\\\/produkt\\\/generator-energy-8012-gas-mit-bedienpanel-asp\\\/#primaryimage\"},\"thumbnailUrl\":\"https:\\\/\\\/shop.bantam.ch\\\/wp-content\\\/uploads\\\/2023\\\/02\\\/9952257-Generator_ENERGY_8012_ASP-Standard-01-1.jpg\",\"datePublished\":\"2023-02-23T11:11:13+00:00\",\"dateModified\":\"2026-04-18T19:06:19+00:00\",\"breadcrumb\":{\"@id\":\"https:\\\/\\\/shop.bantam.ch\\\/de\\\/produkt\\\/generator-energy-8012-gas-mit-bedienpanel-asp\\\/#breadcrumb\"},\"inLanguage\":\"de\",\"potentialAction\":[{\"@type\":\"ReadAction\",\"target\":[\"https:\\\/\\\/shop.bantam.ch\\\/de\\\/produkt\\\/generator-energy-8012-gas-mit-bedienpanel-asp\\\/\"]}]},{\"@type\":\"ImageObject\",\"inLanguage\":\"de\",\"@id\":\"https:\\\/\\\/shop.bantam.ch\\\/de\\\/produkt\\\/generator-energy-8012-gas-mit-bedienpanel-asp\\\/#primaryimage\",\"url\":\"https:\\\/\\\/shop.bantam.ch\\\/wp-content\\\/uploads\\\/2023\\\/02\\\/9952257-Generator_ENERGY_8012_ASP-Standard-01-1.jpg\",\"contentUrl\":\"https:\\\/\\\/shop.bantam.ch\\\/wp-content\\\/uploads\\\/2023\\\/02\\\/9952257-Generator_ENERGY_8012_ASP-Standard-01-1.jpg\",\"width\":1000,\"height\":455},{\"@type\":\"BreadcrumbList\",\"@id\":\"https:\\\/\\\/shop.bantam.ch\\\/de\\\/produkt\\\/generator-energy-8012-gas-mit-bedienpanel-asp\\\/#breadcrumb\",\"itemListElement\":[{\"@type\":\"ListItem\",\"position\":1,\"name\":\"Accueil\",\"item\":\"https:\\\/\\\/shop.bantam.ch\\\/de\\\/\"},{\"@type\":\"ListItem\",\"position\":2,\"name\":\"Shop\",\"item\":\"https:\\\/\\\/shop.bantam.ch\\\/de\\\/shop\\\/\"},{\"@type\":\"ListItem\",\"position\":3,\"name\":\"Generator Telair Energy 8012 Gas mit ASP\"}]},{\"@type\":\"WebSite\",\"@id\":\"https:\\\/\\\/shop.bantam.ch\\\/de\\\/#website\",\"url\":\"https:\\\/\\\/shop.bantam.ch\\\/de\\\/\",\"name\":\"Bantam Camping AG\",\"description\":\"\",\"publisher\":{\"@id\":\"https:\\\/\\\/shop.bantam.ch\\\/de\\\/#organization\"},\"inLanguage\":\"de\"},{\"@type\":\"Organization\",\"@id\":\"https:\\\/\\\/shop.bantam.ch\\\/de\\\/#organization\",\"name\":\"Bantam Camping AG\",\"url\":\"https:\\\/\\\/shop.bantam.ch\\\/de\\\/\",\"logo\":{\"@type\":\"ImageObject\",\"inLanguage\":\"de\",\"@id\":\"https:\\\/\\\/shop.bantam.ch\\\/de\\\/#\\\/schema\\\/logo\\\/image\\\/\",\"url\":\"https:\\\/\\\/shop.bantam.ch\\\/wp-content\\\/uploads\\\/2022\\\/12\\\/bantam-logo.png\",\"contentUrl\":\"https:\\\/\\\/shop.bantam.ch\\\/wp-content\\\/uploads\\\/2022\\\/12\\\/bantam-logo.png\",\"width\":320,\"height\":71,\"caption\":\"Bantam Camping AG\"},\"image\":{\"@id\":\"https:\\\/\\\/shop.bantam.ch\\\/de\\\/#\\\/schema\\\/logo\\\/image\\\/\"}}]}<\/script>\n<!-- \/ Yoast SEO plugin. -->","yoast_head_json":{"title":"Generator Telair Energy 8012 Gas mit ASP - Bantam Camping AG","robots":{"index":"index","follow":"follow","max-snippet":"max-snippet:-1","max-image-preview":"max-image-preview:large","max-video-preview":"max-video-preview:-1"},"canonical":"https:\/\/shop.bantam.ch\/de\/produkt\/generator-energy-8012-gas-mit-bedienpanel-asp\/","og_locale":"de_DE","og_type":"article","og_title":"Generator Telair Energy 8012 Gas mit ASP - Bantam Camping AG","og_description":"Dieser mit Fl\u00fcssiggas (LPG) betriebene Generator kann bei einer Spannung von ca. 13,5 Volt bis zu 70 Ampere Strom erzeugen. Er kann sowohl als Leistungsquelle &#8211; zum Beispiel zur Versorgung eines 12-Vdc-Klimager\u00e4ts &#8211; wie auch als Batterieladeger\u00e4t mit automatischer Einschaltung (bei entladener Batterie) und automatischer Ausschaltung (bei aufgeladener Batterie) verwendet werden. Dabei wurde besonders Wert [&hellip;]","og_url":"https:\/\/shop.bantam.ch\/de\/produkt\/generator-energy-8012-gas-mit-bedienpanel-asp\/","og_site_name":"Bantam Camping AG","article_modified_time":"2026-04-18T19:06:19+00:00","og_image":[{"width":1000,"height":455,"url":"https:\/\/shop.bantam.ch\/wp-content\/uploads\/2023\/02\/9952257-Generator_ENERGY_8012_ASP-Standard-01-1.jpg","type":"image\/jpeg"}],"twitter_card":"summary_large_image","twitter_misc":{"Gesch\u00e4tzte Lesezeit":"1\u00a0Minute"},"schema":{"@context":"https:\/\/schema.org","@graph":[{"@type":"WebPage","@id":"https:\/\/shop.bantam.ch\/de\/produkt\/generator-energy-8012-gas-mit-bedienpanel-asp\/","url":"https:\/\/shop.bantam.ch\/de\/produkt\/generator-energy-8012-gas-mit-bedienpanel-asp\/","name":"Generator Telair Energy 8012 Gas mit ASP - Bantam Camping AG","isPartOf":{"@id":"https:\/\/shop.bantam.ch\/de\/#website"},"primaryImageOfPage":{"@id":"https:\/\/shop.bantam.ch\/de\/produkt\/generator-energy-8012-gas-mit-bedienpanel-asp\/#primaryimage"},"image":{"@id":"https:\/\/shop.bantam.ch\/de\/produkt\/generator-energy-8012-gas-mit-bedienpanel-asp\/#primaryimage"},"thumbnailUrl":"https:\/\/shop.bantam.ch\/wp-content\/uploads\/2023\/02\/9952257-Generator_ENERGY_8012_ASP-Standard-01-1.jpg","datePublished":"2023-02-23T11:11:13+00:00","dateModified":"2026-04-18T19:06:19+00:00","breadcrumb":{"@id":"https:\/\/shop.bantam.ch\/de\/produkt\/generator-energy-8012-gas-mit-bedienpanel-asp\/#breadcrumb"},"inLanguage":"de","potentialAction":[{"@type":"ReadAction","target":["https:\/\/shop.bantam.ch\/de\/produkt\/generator-energy-8012-gas-mit-bedienpanel-asp\/"]}]},{"@type":"ImageObject","inLanguage":"de","@id":"https:\/\/shop.bantam.ch\/de\/produkt\/generator-energy-8012-gas-mit-bedienpanel-asp\/#primaryimage","url":"https:\/\/shop.bantam.ch\/wp-content\/uploads\/2023\/02\/9952257-Generator_ENERGY_8012_ASP-Standard-01-1.jpg","contentUrl":"https:\/\/shop.bantam.ch\/wp-content\/uploads\/2023\/02\/9952257-Generator_ENERGY_8012_ASP-Standard-01-1.jpg","width":1000,"height":455},{"@type":"BreadcrumbList","@id":"https:\/\/shop.bantam.ch\/de\/produkt\/generator-energy-8012-gas-mit-bedienpanel-asp\/#breadcrumb","itemListElement":[{"@type":"ListItem","position":1,"name":"Accueil","item":"https:\/\/shop.bantam.ch\/de\/"},{"@type":"ListItem","position":2,"name":"Shop","item":"https:\/\/shop.bantam.ch\/de\/shop\/"},{"@type":"ListItem","position":3,"name":"Generator Telair Energy 8012 Gas mit ASP"}]},{"@type":"WebSite","@id":"https:\/\/shop.bantam.ch\/de\/#website","url":"https:\/\/shop.bantam.ch\/de\/","name":"Bantam Camping AG","description":"","publisher":{"@id":"https:\/\/shop.bantam.ch\/de\/#organization"},"inLanguage":"de"},{"@type":"Organization","@id":"https:\/\/shop.bantam.ch\/de\/#organization","name":"Bantam Camping AG","url":"https:\/\/shop.bantam.ch\/de\/","logo":{"@type":"ImageObject","inLanguage":"de","@id":"https:\/\/shop.bantam.ch\/de\/#\/schema\/logo\/image\/","url":"https:\/\/shop.bantam.ch\/wp-content\/uploads\/2022\/12\/bantam-logo.png","contentUrl":"https:\/\/shop.bantam.ch\/wp-content\/uploads\/2022\/12\/bantam-logo.png","width":320,"height":71,"caption":"Bantam Camping AG"},"image":{"@id":"https:\/\/shop.bantam.ch\/de\/#\/schema\/logo\/image\/"}}]}},"_links":{"self":[{"href":"https:\/\/shop.bantam.ch\/de\/wp-json\/wp\/v2\/product\/44927","targetHints":{"allow":["GET"]}}],"collection":[{"href":"https:\/\/shop.bantam.ch\/de\/wp-json\/wp\/v2\/product"}],"about":[{"href":"https:\/\/shop.bantam.ch\/de\/wp-json\/wp\/v2\/types\/product"}],"wp:featuredmedia":[{"embeddable":true,"href":"https:\/\/shop.bantam.ch\/de\/wp-json\/wp\/v2\/media\/44925"}],"wp:attachment":[{"href":"https:\/\/shop.bantam.ch\/de\/wp-json\/wp\/v2\/media?parent=44927"}],"wp:term":[{"taxonomy":"product_featured_cat","embeddable":true,"href":"https:\/\/shop.bantam.ch\/de\/wp-json\/wp\/v2\/product_featured_cat?post=44927"},{"taxonomy":"product_brand","embeddable":true,"href":"https:\/\/shop.bantam.ch\/de\/wp-json\/wp\/v2\/product_brand?post=44927"},{"taxonomy":"product_cat","embeddable":true,"href":"https:\/\/shop.bantam.ch\/de\/wp-json\/wp\/v2\/product_cat?post=44927"},{"taxonomy":"product_tag","embeddable":true,"href":"https:\/\/shop.bantam.ch\/de\/wp-json\/wp\/v2\/product_tag?post=44927"}],"curies":[{"name":"wp","href":"https:\/\/api.w.org\/{rel}","templated":true}]}}