{"id":44759,"date":"2023-02-23T12:07:08","date_gmt":"2023-02-23T11:07:08","guid":{"rendered":"http:\/\/preprod-dev.sh1.hidora.com\/webshop\/produit\/airmix-komfortpaket-axk2\/"},"modified":"2026-04-18T21:05:44","modified_gmt":"2026-04-18T19:05:44","slug":"airmix-komfortpaket-axk2","status":"publish","type":"product","link":"https:\/\/shop.bantam.ch\/de\/produkt\/airmix-komfortpaket-axk2\/","title":{"rendered":"Airmix Komfortpaket truma AXK2 f\u00fcr Gebl\u00e4se"},"content":{"rendered":"<p>F\u00fcr alle Truma und Trumaventgebl\u00e4se B 05\/96 (au\u00dfer Mulitvent). Nicht geeignet f\u00fcr Reisemobile oder Heizungen mit Abgasf\u00fchrung unter dem Fahrzeugboden.<\/p>\n<ul>\n<li>Verbessert das Raumklima im Caravan<\/li>\n<li>Frischluftanreicherung bei geschlossenem Fenster auch im Sommer<\/li>\n<li>Entfeuchtung des Fahrzeuginneren<\/li>\n<li>Frischluftanreicherung der Heizungsluft im Winter<\/li>\n<\/ul>\n","protected":false},"excerpt":{"rendered":"<p>F\u00fcr alle Truma und Trumaventgebl\u00e4se B 05\/96 (au\u00dfer Mulitvent). Nicht geeignet f\u00fcr Reisemobile oder Heizungen mit Abgasf\u00fchrung unter dem Fahrzeugboden. Verbessert das Raumklima im Caravan Frischluftanreicherung bei geschlossenem Fenster auch im Sommer Entfeuchtung des Fahrzeuginneren Frischluftanreicherung der Heizungsluft im Winter<\/p>\n","protected":false},"featured_media":44757,"template":"","meta":{"_acf_changed":false},"product_featured_cat":[],"product_brand":[3027],"product_cat":[5166],"product_tag":[],"class_list":{"0":"post-44759","1":"product","2":"type-product","3":"status-publish","4":"has-post-thumbnail","6":"product_brand-truma-de","7":"product_cat-zubehoer-heizungen","9":"first","10":"instock","11":"taxable","12":"shipping-taxable","13":"purchasable","14":"product-type-simple"},"acf":[],"yoast_head":"<!-- This site is optimized with the Yoast SEO plugin v27.4 - https:\/\/yoast.com\/product\/yoast-seo-wordpress\/ -->\n<title>Airmix Komfortpaket truma AXK2 f\u00fcr Gebl\u00e4se - Bantam Camping AG<\/title>\n<meta name=\"robots\" content=\"index, follow, max-snippet:-1, max-image-preview:large, max-video-preview:-1\" \/>\n<link rel=\"canonical\" href=\"https:\/\/shop.bantam.ch\/de\/produkt\/airmix-komfortpaket-axk2\/\" \/>\n<meta property=\"og:locale\" content=\"de_DE\" \/>\n<meta property=\"og:type\" content=\"article\" \/>\n<meta property=\"og:title\" content=\"Airmix Komfortpaket truma AXK2 f\u00fcr Gebl\u00e4se - Bantam Camping AG\" \/>\n<meta property=\"og:description\" content=\"F\u00fcr alle Truma und Trumaventgebl\u00e4se B 05\/96 (au\u00dfer Mulitvent). Nicht geeignet f\u00fcr Reisemobile oder Heizungen mit Abgasf\u00fchrung unter dem Fahrzeugboden. Verbessert das Raumklima im Caravan Frischluftanreicherung bei geschlossenem Fenster auch im Sommer Entfeuchtung des Fahrzeuginneren Frischluftanreicherung der Heizungsluft im Winter\" \/>\n<meta property=\"og:url\" content=\"https:\/\/shop.bantam.ch\/de\/produkt\/airmix-komfortpaket-axk2\/\" \/>\n<meta property=\"og:site_name\" content=\"Bantam Camping AG\" \/>\n<meta property=\"article:modified_time\" content=\"2026-04-18T19:05:44+00:00\" \/>\n<meta property=\"og:image\" content=\"https:\/\/shop.bantam.ch\/wp-content\/uploads\/2023\/02\/9955001-Airmix_Komfortpaket_AXK2-Standard-01-1.jpg\" \/>\n\t<meta property=\"og:image:width\" content=\"1000\" \/>\n\t<meta property=\"og:image:height\" content=\"1000\" \/>\n\t<meta property=\"og:image:type\" content=\"image\/jpeg\" \/>\n<meta name=\"twitter:card\" content=\"summary_large_image\" \/>\n<script type=\"application\/ld+json\" class=\"yoast-schema-graph\">{\"@context\":\"https:\\\/\\\/schema.org\",\"@graph\":[{\"@type\":\"WebPage\",\"@id\":\"https:\\\/\\\/shop.bantam.ch\\\/de\\\/produkt\\\/airmix-komfortpaket-axk2\\\/\",\"url\":\"https:\\\/\\\/shop.bantam.ch\\\/de\\\/produkt\\\/airmix-komfortpaket-axk2\\\/\",\"name\":\"Airmix Komfortpaket truma AXK2 f\u00fcr Gebl\u00e4se - Bantam Camping AG\",\"isPartOf\":{\"@id\":\"https:\\\/\\\/shop.bantam.ch\\\/de\\\/#website\"},\"primaryImageOfPage\":{\"@id\":\"https:\\\/\\\/shop.bantam.ch\\\/de\\\/produkt\\\/airmix-komfortpaket-axk2\\\/#primaryimage\"},\"image\":{\"@id\":\"https:\\\/\\\/shop.bantam.ch\\\/de\\\/produkt\\\/airmix-komfortpaket-axk2\\\/#primaryimage\"},\"thumbnailUrl\":\"https:\\\/\\\/shop.bantam.ch\\\/wp-content\\\/uploads\\\/2023\\\/02\\\/9955001-Airmix_Komfortpaket_AXK2-Standard-01-1.jpg\",\"datePublished\":\"2023-02-23T11:07:08+00:00\",\"dateModified\":\"2026-04-18T19:05:44+00:00\",\"breadcrumb\":{\"@id\":\"https:\\\/\\\/shop.bantam.ch\\\/de\\\/produkt\\\/airmix-komfortpaket-axk2\\\/#breadcrumb\"},\"inLanguage\":\"de\",\"potentialAction\":[{\"@type\":\"ReadAction\",\"target\":[\"https:\\\/\\\/shop.bantam.ch\\\/de\\\/produkt\\\/airmix-komfortpaket-axk2\\\/\"]}]},{\"@type\":\"ImageObject\",\"inLanguage\":\"de\",\"@id\":\"https:\\\/\\\/shop.bantam.ch\\\/de\\\/produkt\\\/airmix-komfortpaket-axk2\\\/#primaryimage\",\"url\":\"https:\\\/\\\/shop.bantam.ch\\\/wp-content\\\/uploads\\\/2023\\\/02\\\/9955001-Airmix_Komfortpaket_AXK2-Standard-01-1.jpg\",\"contentUrl\":\"https:\\\/\\\/shop.bantam.ch\\\/wp-content\\\/uploads\\\/2023\\\/02\\\/9955001-Airmix_Komfortpaket_AXK2-Standard-01-1.jpg\",\"width\":1000,\"height\":1000},{\"@type\":\"BreadcrumbList\",\"@id\":\"https:\\\/\\\/shop.bantam.ch\\\/de\\\/produkt\\\/airmix-komfortpaket-axk2\\\/#breadcrumb\",\"itemListElement\":[{\"@type\":\"ListItem\",\"position\":1,\"name\":\"Accueil\",\"item\":\"https:\\\/\\\/shop.bantam.ch\\\/de\\\/\"},{\"@type\":\"ListItem\",\"position\":2,\"name\":\"Shop\",\"item\":\"https:\\\/\\\/shop.bantam.ch\\\/de\\\/shop\\\/\"},{\"@type\":\"ListItem\",\"position\":3,\"name\":\"Airmix Komfortpaket truma AXK2 f\u00fcr Gebl\u00e4se\"}]},{\"@type\":\"WebSite\",\"@id\":\"https:\\\/\\\/shop.bantam.ch\\\/de\\\/#website\",\"url\":\"https:\\\/\\\/shop.bantam.ch\\\/de\\\/\",\"name\":\"Bantam Camping AG\",\"description\":\"\",\"publisher\":{\"@id\":\"https:\\\/\\\/shop.bantam.ch\\\/de\\\/#organization\"},\"inLanguage\":\"de\"},{\"@type\":\"Organization\",\"@id\":\"https:\\\/\\\/shop.bantam.ch\\\/de\\\/#organization\",\"name\":\"Bantam Camping AG\",\"url\":\"https:\\\/\\\/shop.bantam.ch\\\/de\\\/\",\"logo\":{\"@type\":\"ImageObject\",\"inLanguage\":\"de\",\"@id\":\"https:\\\/\\\/shop.bantam.ch\\\/de\\\/#\\\/schema\\\/logo\\\/image\\\/\",\"url\":\"https:\\\/\\\/shop.bantam.ch\\\/wp-content\\\/uploads\\\/2022\\\/12\\\/bantam-logo.png\",\"contentUrl\":\"https:\\\/\\\/shop.bantam.ch\\\/wp-content\\\/uploads\\\/2022\\\/12\\\/bantam-logo.png\",\"width\":320,\"height\":71,\"caption\":\"Bantam Camping AG\"},\"image\":{\"@id\":\"https:\\\/\\\/shop.bantam.ch\\\/de\\\/#\\\/schema\\\/logo\\\/image\\\/\"}}]}<\/script>\n<!-- \/ Yoast SEO plugin. -->","yoast_head_json":{"title":"Airmix Komfortpaket truma AXK2 f\u00fcr Gebl\u00e4se - Bantam Camping AG","robots":{"index":"index","follow":"follow","max-snippet":"max-snippet:-1","max-image-preview":"max-image-preview:large","max-video-preview":"max-video-preview:-1"},"canonical":"https:\/\/shop.bantam.ch\/de\/produkt\/airmix-komfortpaket-axk2\/","og_locale":"de_DE","og_type":"article","og_title":"Airmix Komfortpaket truma AXK2 f\u00fcr Gebl\u00e4se - Bantam Camping AG","og_description":"F\u00fcr alle Truma und Trumaventgebl\u00e4se B 05\/96 (au\u00dfer Mulitvent). Nicht geeignet f\u00fcr Reisemobile oder Heizungen mit Abgasf\u00fchrung unter dem Fahrzeugboden. Verbessert das Raumklima im Caravan Frischluftanreicherung bei geschlossenem Fenster auch im Sommer Entfeuchtung des Fahrzeuginneren Frischluftanreicherung der Heizungsluft im Winter","og_url":"https:\/\/shop.bantam.ch\/de\/produkt\/airmix-komfortpaket-axk2\/","og_site_name":"Bantam Camping AG","article_modified_time":"2026-04-18T19:05:44+00:00","og_image":[{"width":1000,"height":1000,"url":"https:\/\/shop.bantam.ch\/wp-content\/uploads\/2023\/02\/9955001-Airmix_Komfortpaket_AXK2-Standard-01-1.jpg","type":"image\/jpeg"}],"twitter_card":"summary_large_image","schema":{"@context":"https:\/\/schema.org","@graph":[{"@type":"WebPage","@id":"https:\/\/shop.bantam.ch\/de\/produkt\/airmix-komfortpaket-axk2\/","url":"https:\/\/shop.bantam.ch\/de\/produkt\/airmix-komfortpaket-axk2\/","name":"Airmix Komfortpaket truma AXK2 f\u00fcr Gebl\u00e4se - Bantam Camping AG","isPartOf":{"@id":"https:\/\/shop.bantam.ch\/de\/#website"},"primaryImageOfPage":{"@id":"https:\/\/shop.bantam.ch\/de\/produkt\/airmix-komfortpaket-axk2\/#primaryimage"},"image":{"@id":"https:\/\/shop.bantam.ch\/de\/produkt\/airmix-komfortpaket-axk2\/#primaryimage"},"thumbnailUrl":"https:\/\/shop.bantam.ch\/wp-content\/uploads\/2023\/02\/9955001-Airmix_Komfortpaket_AXK2-Standard-01-1.jpg","datePublished":"2023-02-23T11:07:08+00:00","dateModified":"2026-04-18T19:05:44+00:00","breadcrumb":{"@id":"https:\/\/shop.bantam.ch\/de\/produkt\/airmix-komfortpaket-axk2\/#breadcrumb"},"inLanguage":"de","potentialAction":[{"@type":"ReadAction","target":["https:\/\/shop.bantam.ch\/de\/produkt\/airmix-komfortpaket-axk2\/"]}]},{"@type":"ImageObject","inLanguage":"de","@id":"https:\/\/shop.bantam.ch\/de\/produkt\/airmix-komfortpaket-axk2\/#primaryimage","url":"https:\/\/shop.bantam.ch\/wp-content\/uploads\/2023\/02\/9955001-Airmix_Komfortpaket_AXK2-Standard-01-1.jpg","contentUrl":"https:\/\/shop.bantam.ch\/wp-content\/uploads\/2023\/02\/9955001-Airmix_Komfortpaket_AXK2-Standard-01-1.jpg","width":1000,"height":1000},{"@type":"BreadcrumbList","@id":"https:\/\/shop.bantam.ch\/de\/produkt\/airmix-komfortpaket-axk2\/#breadcrumb","itemListElement":[{"@type":"ListItem","position":1,"name":"Accueil","item":"https:\/\/shop.bantam.ch\/de\/"},{"@type":"ListItem","position":2,"name":"Shop","item":"https:\/\/shop.bantam.ch\/de\/shop\/"},{"@type":"ListItem","position":3,"name":"Airmix Komfortpaket truma AXK2 f\u00fcr Gebl\u00e4se"}]},{"@type":"WebSite","@id":"https:\/\/shop.bantam.ch\/de\/#website","url":"https:\/\/shop.bantam.ch\/de\/","name":"Bantam Camping AG","description":"","publisher":{"@id":"https:\/\/shop.bantam.ch\/de\/#organization"},"inLanguage":"de"},{"@type":"Organization","@id":"https:\/\/shop.bantam.ch\/de\/#organization","name":"Bantam Camping AG","url":"https:\/\/shop.bantam.ch\/de\/","logo":{"@type":"ImageObject","inLanguage":"de","@id":"https:\/\/shop.bantam.ch\/de\/#\/schema\/logo\/image\/","url":"https:\/\/shop.bantam.ch\/wp-content\/uploads\/2022\/12\/bantam-logo.png","contentUrl":"https:\/\/shop.bantam.ch\/wp-content\/uploads\/2022\/12\/bantam-logo.png","width":320,"height":71,"caption":"Bantam Camping AG"},"image":{"@id":"https:\/\/shop.bantam.ch\/de\/#\/schema\/logo\/image\/"}}]}},"_links":{"self":[{"href":"https:\/\/shop.bantam.ch\/de\/wp-json\/wp\/v2\/product\/44759","targetHints":{"allow":["GET"]}}],"collection":[{"href":"https:\/\/shop.bantam.ch\/de\/wp-json\/wp\/v2\/product"}],"about":[{"href":"https:\/\/shop.bantam.ch\/de\/wp-json\/wp\/v2\/types\/product"}],"wp:featuredmedia":[{"embeddable":true,"href":"https:\/\/shop.bantam.ch\/de\/wp-json\/wp\/v2\/media\/44757"}],"wp:attachment":[{"href":"https:\/\/shop.bantam.ch\/de\/wp-json\/wp\/v2\/media?parent=44759"}],"wp:term":[{"taxonomy":"product_featured_cat","embeddable":true,"href":"https:\/\/shop.bantam.ch\/de\/wp-json\/wp\/v2\/product_featured_cat?post=44759"},{"taxonomy":"product_brand","embeddable":true,"href":"https:\/\/shop.bantam.ch\/de\/wp-json\/wp\/v2\/product_brand?post=44759"},{"taxonomy":"product_cat","embeddable":true,"href":"https:\/\/shop.bantam.ch\/de\/wp-json\/wp\/v2\/product_cat?post=44759"},{"taxonomy":"product_tag","embeddable":true,"href":"https:\/\/shop.bantam.ch\/de\/wp-json\/wp\/v2\/product_tag?post=44759"}],"curies":[{"name":"wp","href":"https:\/\/api.w.org\/{rel}","templated":true}]}}