{"id":44221,"date":"2023-02-23T11:55:55","date_gmt":"2023-02-23T10:55:55","guid":{"rendered":"http:\/\/preprod-dev.sh1.hidora.com\/webshop\/produit\/abdeckprofil-zu-zurrschiene\/"},"modified":"2026-04-18T21:04:39","modified_gmt":"2026-04-18T19:04:39","slug":"abdeckprofil-zu-zurrschiene","status":"publish","type":"product","link":"https:\/\/shop.bantam.ch\/de\/produkt\/abdeckprofil-zu-zurrschiene\/","title":{"rendered":"Abdeckprofil AJ zu Zurrschiene L\u00e4nge 3.000 mm"},"content":{"rendered":"<p>Das Zurrschienen-System ist nach dem Baukastenprinzip aufgebaut und w\u00e4chst mit Ihren Anforderungen. Eine einzige Schiene er\u00f6ffnet Ihnen den Weg zu einem komfortablen und intelligenten Stausystem. Einfache Montage der Grundschienen durch kleben, schrauben oder nieten. Alle Zurrschienen haben einen Raster von 25 mm. Die Zurr\u00f6sen (Fittinge) k\u00f6nnen mit einer Hand an jeden beliebigen Punkt der Schiene eingef\u00fchrt werden. Durch Verschieben um ein halbes Rasterma\u00df verriegelt der Bolzen selbstst\u00e4ndig in der Schiene.<\/p>\n<p>Abdeckprofil passend zu Zurrschiene.<\/p>\n<p>\u00a0<\/p>\n","protected":false},"excerpt":{"rendered":"<p>Das Zurrschienen-System ist nach dem Baukastenprinzip aufgebaut und w\u00e4chst mit Ihren Anforderungen. Eine einzige Schiene er\u00f6ffnet Ihnen den Weg zu einem komfortablen und intelligenten Stausystem. Einfache Montage der Grundschienen durch kleben, schrauben oder nieten. Alle Zurrschienen haben einen Raster von 25 mm. Die Zurr\u00f6sen (Fittinge) k\u00f6nnen mit einer Hand an jeden beliebigen Punkt der Schiene [&hellip;]<\/p>\n","protected":false},"featured_media":44219,"template":"","meta":{"_acf_changed":false},"product_featured_cat":[],"product_brand":[3149],"product_cat":[5142],"product_tag":[],"class_list":{"0":"post-44221","1":"product","2":"type-product","3":"status-publish","4":"has-post-thumbnail","6":"product_brand-allsafe-de","7":"product_cat-heckgaragen-befestigung","9":"first","10":"instock","11":"taxable","12":"shipping-taxable","13":"purchasable","14":"product-type-simple"},"acf":[],"yoast_head":"<!-- This site is optimized with the Yoast SEO plugin v27.4 - https:\/\/yoast.com\/product\/yoast-seo-wordpress\/ -->\n<title>Abdeckprofil AJ zu Zurrschiene L\u00e4nge 3.000 mm - Bantam Camping AG<\/title>\n<meta name=\"robots\" content=\"index, follow, max-snippet:-1, max-image-preview:large, max-video-preview:-1\" \/>\n<link rel=\"canonical\" href=\"https:\/\/shop.bantam.ch\/de\/produkt\/abdeckprofil-zu-zurrschiene\/\" \/>\n<meta property=\"og:locale\" content=\"de_DE\" \/>\n<meta property=\"og:type\" content=\"article\" \/>\n<meta property=\"og:title\" content=\"Abdeckprofil AJ zu Zurrschiene L\u00e4nge 3.000 mm - Bantam Camping AG\" \/>\n<meta property=\"og:description\" content=\"Das Zurrschienen-System ist nach dem Baukastenprinzip aufgebaut und w\u00e4chst mit Ihren Anforderungen. Eine einzige Schiene er\u00f6ffnet Ihnen den Weg zu einem komfortablen und intelligenten Stausystem. Einfache Montage der Grundschienen durch kleben, schrauben oder nieten. Alle Zurrschienen haben einen Raster von 25 mm. Die Zurr\u00f6sen (Fittinge) k\u00f6nnen mit einer Hand an jeden beliebigen Punkt der Schiene [&hellip;]\" \/>\n<meta property=\"og:url\" content=\"https:\/\/shop.bantam.ch\/de\/produkt\/abdeckprofil-zu-zurrschiene\/\" \/>\n<meta property=\"og:site_name\" content=\"Bantam Camping AG\" \/>\n<meta property=\"article:modified_time\" content=\"2026-04-18T19:04:39+00:00\" \/>\n<meta property=\"og:image\" content=\"https:\/\/shop.bantam.ch\/wp-content\/uploads\/2023\/02\/9939018-Abdeckprofil_zu_Zurrschiene-Standard-01-1.jpg\" \/>\n\t<meta property=\"og:image:width\" content=\"1000\" \/>\n\t<meta property=\"og:image:height\" content=\"630\" \/>\n\t<meta property=\"og:image:type\" content=\"image\/jpeg\" \/>\n<meta name=\"twitter:card\" content=\"summary_large_image\" \/>\n<script type=\"application\/ld+json\" class=\"yoast-schema-graph\">{\"@context\":\"https:\\\/\\\/schema.org\",\"@graph\":[{\"@type\":\"WebPage\",\"@id\":\"https:\\\/\\\/shop.bantam.ch\\\/de\\\/produkt\\\/abdeckprofil-zu-zurrschiene\\\/\",\"url\":\"https:\\\/\\\/shop.bantam.ch\\\/de\\\/produkt\\\/abdeckprofil-zu-zurrschiene\\\/\",\"name\":\"Abdeckprofil AJ zu Zurrschiene L\u00e4nge 3.000 mm - Bantam Camping AG\",\"isPartOf\":{\"@id\":\"https:\\\/\\\/shop.bantam.ch\\\/de\\\/#website\"},\"primaryImageOfPage\":{\"@id\":\"https:\\\/\\\/shop.bantam.ch\\\/de\\\/produkt\\\/abdeckprofil-zu-zurrschiene\\\/#primaryimage\"},\"image\":{\"@id\":\"https:\\\/\\\/shop.bantam.ch\\\/de\\\/produkt\\\/abdeckprofil-zu-zurrschiene\\\/#primaryimage\"},\"thumbnailUrl\":\"https:\\\/\\\/shop.bantam.ch\\\/wp-content\\\/uploads\\\/2023\\\/02\\\/9939018-Abdeckprofil_zu_Zurrschiene-Standard-01-1.jpg\",\"datePublished\":\"2023-02-23T10:55:55+00:00\",\"dateModified\":\"2026-04-18T19:04:39+00:00\",\"breadcrumb\":{\"@id\":\"https:\\\/\\\/shop.bantam.ch\\\/de\\\/produkt\\\/abdeckprofil-zu-zurrschiene\\\/#breadcrumb\"},\"inLanguage\":\"de\",\"potentialAction\":[{\"@type\":\"ReadAction\",\"target\":[\"https:\\\/\\\/shop.bantam.ch\\\/de\\\/produkt\\\/abdeckprofil-zu-zurrschiene\\\/\"]}]},{\"@type\":\"ImageObject\",\"inLanguage\":\"de\",\"@id\":\"https:\\\/\\\/shop.bantam.ch\\\/de\\\/produkt\\\/abdeckprofil-zu-zurrschiene\\\/#primaryimage\",\"url\":\"https:\\\/\\\/shop.bantam.ch\\\/wp-content\\\/uploads\\\/2023\\\/02\\\/9939018-Abdeckprofil_zu_Zurrschiene-Standard-01-1.jpg\",\"contentUrl\":\"https:\\\/\\\/shop.bantam.ch\\\/wp-content\\\/uploads\\\/2023\\\/02\\\/9939018-Abdeckprofil_zu_Zurrschiene-Standard-01-1.jpg\",\"width\":1000,\"height\":630},{\"@type\":\"BreadcrumbList\",\"@id\":\"https:\\\/\\\/shop.bantam.ch\\\/de\\\/produkt\\\/abdeckprofil-zu-zurrschiene\\\/#breadcrumb\",\"itemListElement\":[{\"@type\":\"ListItem\",\"position\":1,\"name\":\"Accueil\",\"item\":\"https:\\\/\\\/shop.bantam.ch\\\/de\\\/\"},{\"@type\":\"ListItem\",\"position\":2,\"name\":\"Shop\",\"item\":\"https:\\\/\\\/shop.bantam.ch\\\/de\\\/shop\\\/\"},{\"@type\":\"ListItem\",\"position\":3,\"name\":\"Abdeckprofil AJ zu Zurrschiene L\u00e4nge 3.000 mm\"}]},{\"@type\":\"WebSite\",\"@id\":\"https:\\\/\\\/shop.bantam.ch\\\/de\\\/#website\",\"url\":\"https:\\\/\\\/shop.bantam.ch\\\/de\\\/\",\"name\":\"Bantam Camping AG\",\"description\":\"\",\"publisher\":{\"@id\":\"https:\\\/\\\/shop.bantam.ch\\\/de\\\/#organization\"},\"inLanguage\":\"de\"},{\"@type\":\"Organization\",\"@id\":\"https:\\\/\\\/shop.bantam.ch\\\/de\\\/#organization\",\"name\":\"Bantam Camping AG\",\"url\":\"https:\\\/\\\/shop.bantam.ch\\\/de\\\/\",\"logo\":{\"@type\":\"ImageObject\",\"inLanguage\":\"de\",\"@id\":\"https:\\\/\\\/shop.bantam.ch\\\/de\\\/#\\\/schema\\\/logo\\\/image\\\/\",\"url\":\"https:\\\/\\\/shop.bantam.ch\\\/wp-content\\\/uploads\\\/2022\\\/12\\\/bantam-logo.png\",\"contentUrl\":\"https:\\\/\\\/shop.bantam.ch\\\/wp-content\\\/uploads\\\/2022\\\/12\\\/bantam-logo.png\",\"width\":320,\"height\":71,\"caption\":\"Bantam Camping AG\"},\"image\":{\"@id\":\"https:\\\/\\\/shop.bantam.ch\\\/de\\\/#\\\/schema\\\/logo\\\/image\\\/\"}}]}<\/script>\n<!-- \/ Yoast SEO plugin. -->","yoast_head_json":{"title":"Abdeckprofil AJ zu Zurrschiene L\u00e4nge 3.000 mm - Bantam Camping AG","robots":{"index":"index","follow":"follow","max-snippet":"max-snippet:-1","max-image-preview":"max-image-preview:large","max-video-preview":"max-video-preview:-1"},"canonical":"https:\/\/shop.bantam.ch\/de\/produkt\/abdeckprofil-zu-zurrschiene\/","og_locale":"de_DE","og_type":"article","og_title":"Abdeckprofil AJ zu Zurrschiene L\u00e4nge 3.000 mm - Bantam Camping AG","og_description":"Das Zurrschienen-System ist nach dem Baukastenprinzip aufgebaut und w\u00e4chst mit Ihren Anforderungen. Eine einzige Schiene er\u00f6ffnet Ihnen den Weg zu einem komfortablen und intelligenten Stausystem. Einfache Montage der Grundschienen durch kleben, schrauben oder nieten. Alle Zurrschienen haben einen Raster von 25 mm. Die Zurr\u00f6sen (Fittinge) k\u00f6nnen mit einer Hand an jeden beliebigen Punkt der Schiene [&hellip;]","og_url":"https:\/\/shop.bantam.ch\/de\/produkt\/abdeckprofil-zu-zurrschiene\/","og_site_name":"Bantam Camping AG","article_modified_time":"2026-04-18T19:04:39+00:00","og_image":[{"width":1000,"height":630,"url":"https:\/\/shop.bantam.ch\/wp-content\/uploads\/2023\/02\/9939018-Abdeckprofil_zu_Zurrschiene-Standard-01-1.jpg","type":"image\/jpeg"}],"twitter_card":"summary_large_image","schema":{"@context":"https:\/\/schema.org","@graph":[{"@type":"WebPage","@id":"https:\/\/shop.bantam.ch\/de\/produkt\/abdeckprofil-zu-zurrschiene\/","url":"https:\/\/shop.bantam.ch\/de\/produkt\/abdeckprofil-zu-zurrschiene\/","name":"Abdeckprofil AJ zu Zurrschiene L\u00e4nge 3.000 mm - Bantam Camping AG","isPartOf":{"@id":"https:\/\/shop.bantam.ch\/de\/#website"},"primaryImageOfPage":{"@id":"https:\/\/shop.bantam.ch\/de\/produkt\/abdeckprofil-zu-zurrschiene\/#primaryimage"},"image":{"@id":"https:\/\/shop.bantam.ch\/de\/produkt\/abdeckprofil-zu-zurrschiene\/#primaryimage"},"thumbnailUrl":"https:\/\/shop.bantam.ch\/wp-content\/uploads\/2023\/02\/9939018-Abdeckprofil_zu_Zurrschiene-Standard-01-1.jpg","datePublished":"2023-02-23T10:55:55+00:00","dateModified":"2026-04-18T19:04:39+00:00","breadcrumb":{"@id":"https:\/\/shop.bantam.ch\/de\/produkt\/abdeckprofil-zu-zurrschiene\/#breadcrumb"},"inLanguage":"de","potentialAction":[{"@type":"ReadAction","target":["https:\/\/shop.bantam.ch\/de\/produkt\/abdeckprofil-zu-zurrschiene\/"]}]},{"@type":"ImageObject","inLanguage":"de","@id":"https:\/\/shop.bantam.ch\/de\/produkt\/abdeckprofil-zu-zurrschiene\/#primaryimage","url":"https:\/\/shop.bantam.ch\/wp-content\/uploads\/2023\/02\/9939018-Abdeckprofil_zu_Zurrschiene-Standard-01-1.jpg","contentUrl":"https:\/\/shop.bantam.ch\/wp-content\/uploads\/2023\/02\/9939018-Abdeckprofil_zu_Zurrschiene-Standard-01-1.jpg","width":1000,"height":630},{"@type":"BreadcrumbList","@id":"https:\/\/shop.bantam.ch\/de\/produkt\/abdeckprofil-zu-zurrschiene\/#breadcrumb","itemListElement":[{"@type":"ListItem","position":1,"name":"Accueil","item":"https:\/\/shop.bantam.ch\/de\/"},{"@type":"ListItem","position":2,"name":"Shop","item":"https:\/\/shop.bantam.ch\/de\/shop\/"},{"@type":"ListItem","position":3,"name":"Abdeckprofil AJ zu Zurrschiene L\u00e4nge 3.000 mm"}]},{"@type":"WebSite","@id":"https:\/\/shop.bantam.ch\/de\/#website","url":"https:\/\/shop.bantam.ch\/de\/","name":"Bantam Camping AG","description":"","publisher":{"@id":"https:\/\/shop.bantam.ch\/de\/#organization"},"inLanguage":"de"},{"@type":"Organization","@id":"https:\/\/shop.bantam.ch\/de\/#organization","name":"Bantam Camping AG","url":"https:\/\/shop.bantam.ch\/de\/","logo":{"@type":"ImageObject","inLanguage":"de","@id":"https:\/\/shop.bantam.ch\/de\/#\/schema\/logo\/image\/","url":"https:\/\/shop.bantam.ch\/wp-content\/uploads\/2022\/12\/bantam-logo.png","contentUrl":"https:\/\/shop.bantam.ch\/wp-content\/uploads\/2022\/12\/bantam-logo.png","width":320,"height":71,"caption":"Bantam Camping AG"},"image":{"@id":"https:\/\/shop.bantam.ch\/de\/#\/schema\/logo\/image\/"}}]}},"_links":{"self":[{"href":"https:\/\/shop.bantam.ch\/de\/wp-json\/wp\/v2\/product\/44221","targetHints":{"allow":["GET"]}}],"collection":[{"href":"https:\/\/shop.bantam.ch\/de\/wp-json\/wp\/v2\/product"}],"about":[{"href":"https:\/\/shop.bantam.ch\/de\/wp-json\/wp\/v2\/types\/product"}],"wp:featuredmedia":[{"embeddable":true,"href":"https:\/\/shop.bantam.ch\/de\/wp-json\/wp\/v2\/media\/44219"}],"wp:attachment":[{"href":"https:\/\/shop.bantam.ch\/de\/wp-json\/wp\/v2\/media?parent=44221"}],"wp:term":[{"taxonomy":"product_featured_cat","embeddable":true,"href":"https:\/\/shop.bantam.ch\/de\/wp-json\/wp\/v2\/product_featured_cat?post=44221"},{"taxonomy":"product_brand","embeddable":true,"href":"https:\/\/shop.bantam.ch\/de\/wp-json\/wp\/v2\/product_brand?post=44221"},{"taxonomy":"product_cat","embeddable":true,"href":"https:\/\/shop.bantam.ch\/de\/wp-json\/wp\/v2\/product_cat?post=44221"},{"taxonomy":"product_tag","embeddable":true,"href":"https:\/\/shop.bantam.ch\/de\/wp-json\/wp\/v2\/product_tag?post=44221"}],"curies":[{"name":"wp","href":"https:\/\/api.w.org\/{rel}","templated":true}]}}