{"id":44213,"date":"2023-02-23T11:55:44","date_gmt":"2023-02-23T10:55:44","guid":{"rendered":"http:\/\/preprod-dev.sh1.hidora.com\/webshop\/produit\/rechargeable-quickpump-12-230-v-mit-akku\/"},"modified":"2026-05-10T21:04:45","modified_gmt":"2026-05-10T19:04:45","slug":"rechargeable-quickpump-12-230-v-mit-akku","status":"publish","type":"product","link":"https:\/\/shop.bantam.ch\/de\/produkt\/rechargeable-quickpump-12-230-v-mit-akku\/","title":{"rendered":"Rechargeable QuickPump"},"content":{"rendered":"<p>Leistungsstarke wiederaufladbare Pumpe in technischem Design, zum Aufblasen und Entl\u00fcften. Farbe rot. 12 \/ 230 Volt Pumpe mit Akku. Abnehmbarer Schlauch, Adapter f\u00fcr die g\u00e4ngigsten Ventile. Ladeger\u00e4te f\u00fcr 230 sowie 12 Volt. Betriebsdruck 39 mbar, 0,6 psi, Luftstrom 679 Liter pro Minute, Betriebsdauer 20 Minuten.<\/p>\n<p>\u00a0<\/p>\n<ul>\n<li>Abnehmbarer Schlauch<\/li>\n<li>Adapter f\u00fcr die g\u00e4ngigsten Ventile<\/li>\n<li>Betriebsdruck 37 mbar, Luftstrom 679 Liter pro Minute<\/li>\n<li>Lieferumfang: Inklusive Transporttasche<\/li>\n<\/ul>\n","protected":false},"excerpt":{"rendered":"<p>Leistungsstarke wiederaufladbare Pumpe in technischem Design, zum Aufblasen und Entl\u00fcften. Farbe rot. 12 \/ 230 Volt Pumpe mit Akku. Abnehmbarer Schlauch, Adapter f\u00fcr die g\u00e4ngigsten Ventile. Ladeger\u00e4te f\u00fcr 230 sowie 12 Volt. Betriebsdruck 39 mbar, 0,6 psi, Luftstrom 679 Liter pro Minute, Betriebsdauer 20 Minuten. \u00a0 Abnehmbarer Schlauch Adapter f\u00fcr die g\u00e4ngigsten Ventile Betriebsdruck 37 [&hellip;]<\/p>\n","protected":false},"featured_media":44211,"template":"","meta":{"_acf_changed":false},"product_featured_cat":[],"product_brand":[3353],"product_cat":[4030],"product_tag":[],"class_list":{"0":"post-44213","1":"product","2":"type-product","3":"status-publish","4":"has-post-thumbnail","6":"product_brand-coleman-de","7":"product_cat-luftpumpen","9":"first","10":"instock","11":"taxable","12":"shipping-taxable","13":"purchasable","14":"product-type-simple"},"acf":[],"yoast_head":"<!-- This site is optimized with the Yoast SEO plugin v27.5 - https:\/\/yoast.com\/product\/yoast-seo-wordpress\/ -->\n<title>Rechargeable QuickPump - Bantam<\/title>\n<meta name=\"robots\" content=\"index, follow, max-snippet:-1, max-image-preview:large, max-video-preview:-1\" \/>\n<link rel=\"canonical\" href=\"https:\/\/shop.bantam.ch\/de\/produkt\/rechargeable-quickpump-12-230-v-mit-akku\/\" \/>\n<meta property=\"og:locale\" content=\"de_DE\" \/>\n<meta property=\"og:type\" content=\"article\" \/>\n<meta property=\"og:title\" content=\"Rechargeable QuickPump - Bantam\" \/>\n<meta property=\"og:description\" content=\"Leistungsstarke wiederaufladbare Pumpe in technischem Design, zum Aufblasen und Entl\u00fcften. Farbe rot. 12 \/ 230 Volt Pumpe mit Akku. Abnehmbarer Schlauch, Adapter f\u00fcr die g\u00e4ngigsten Ventile. Ladeger\u00e4te f\u00fcr 230 sowie 12 Volt. Betriebsdruck 39 mbar, 0,6 psi, Luftstrom 679 Liter pro Minute, Betriebsdauer 20 Minuten. \u00a0 Abnehmbarer Schlauch Adapter f\u00fcr die g\u00e4ngigsten Ventile Betriebsdruck 37 [&hellip;]\" \/>\n<meta property=\"og:url\" content=\"https:\/\/shop.bantam.ch\/de\/produkt\/rechargeable-quickpump-12-230-v-mit-akku\/\" \/>\n<meta property=\"og:site_name\" content=\"Bantam\" \/>\n<meta property=\"article:modified_time\" content=\"2026-05-10T19:04:45+00:00\" \/>\n<meta property=\"og:image\" content=\"https:\/\/shop.bantam.ch\/wp-content\/uploads\/2023\/02\/9920567-Pumpe_Quickpump_12_V_wiederaufladbar_rot-Standard-01-1.jpg\" \/>\n\t<meta property=\"og:image:width\" content=\"1000\" \/>\n\t<meta property=\"og:image:height\" content=\"719\" \/>\n\t<meta property=\"og:image:type\" content=\"image\/jpeg\" \/>\n<meta name=\"twitter:card\" content=\"summary_large_image\" \/>\n<script type=\"application\/ld+json\" class=\"yoast-schema-graph\">{\"@context\":\"https:\\\/\\\/schema.org\",\"@graph\":[{\"@type\":\"WebPage\",\"@id\":\"https:\\\/\\\/shop.bantam.ch\\\/de\\\/produkt\\\/rechargeable-quickpump-12-230-v-mit-akku\\\/\",\"url\":\"https:\\\/\\\/shop.bantam.ch\\\/de\\\/produkt\\\/rechargeable-quickpump-12-230-v-mit-akku\\\/\",\"name\":\"Rechargeable QuickPump - Bantam\",\"isPartOf\":{\"@id\":\"https:\\\/\\\/shop.bantam.ch\\\/de\\\/#website\"},\"primaryImageOfPage\":{\"@id\":\"https:\\\/\\\/shop.bantam.ch\\\/de\\\/produkt\\\/rechargeable-quickpump-12-230-v-mit-akku\\\/#primaryimage\"},\"image\":{\"@id\":\"https:\\\/\\\/shop.bantam.ch\\\/de\\\/produkt\\\/rechargeable-quickpump-12-230-v-mit-akku\\\/#primaryimage\"},\"thumbnailUrl\":\"https:\\\/\\\/shop.bantam.ch\\\/wp-content\\\/uploads\\\/2023\\\/02\\\/9920567-Pumpe_Quickpump_12_V_wiederaufladbar_rot-Standard-01-1.jpg\",\"datePublished\":\"2023-02-23T10:55:44+00:00\",\"dateModified\":\"2026-05-10T19:04:45+00:00\",\"breadcrumb\":{\"@id\":\"https:\\\/\\\/shop.bantam.ch\\\/de\\\/produkt\\\/rechargeable-quickpump-12-230-v-mit-akku\\\/#breadcrumb\"},\"inLanguage\":\"de\",\"potentialAction\":[{\"@type\":\"ReadAction\",\"target\":[\"https:\\\/\\\/shop.bantam.ch\\\/de\\\/produkt\\\/rechargeable-quickpump-12-230-v-mit-akku\\\/\"]}]},{\"@type\":\"ImageObject\",\"inLanguage\":\"de\",\"@id\":\"https:\\\/\\\/shop.bantam.ch\\\/de\\\/produkt\\\/rechargeable-quickpump-12-230-v-mit-akku\\\/#primaryimage\",\"url\":\"https:\\\/\\\/shop.bantam.ch\\\/wp-content\\\/uploads\\\/2023\\\/02\\\/9920567-Pumpe_Quickpump_12_V_wiederaufladbar_rot-Standard-01-1.jpg\",\"contentUrl\":\"https:\\\/\\\/shop.bantam.ch\\\/wp-content\\\/uploads\\\/2023\\\/02\\\/9920567-Pumpe_Quickpump_12_V_wiederaufladbar_rot-Standard-01-1.jpg\",\"width\":1000,\"height\":719},{\"@type\":\"BreadcrumbList\",\"@id\":\"https:\\\/\\\/shop.bantam.ch\\\/de\\\/produkt\\\/rechargeable-quickpump-12-230-v-mit-akku\\\/#breadcrumb\",\"itemListElement\":[{\"@type\":\"ListItem\",\"position\":1,\"name\":\"Accueil\",\"item\":\"https:\\\/\\\/shop.bantam.ch\\\/de\\\/\"},{\"@type\":\"ListItem\",\"position\":2,\"name\":\"Shop\",\"item\":\"https:\\\/\\\/shop.bantam.ch\\\/de\\\/shop\\\/\"},{\"@type\":\"ListItem\",\"position\":3,\"name\":\"Rechargeable QuickPump\"}]},{\"@type\":\"WebSite\",\"@id\":\"https:\\\/\\\/shop.bantam.ch\\\/de\\\/#website\",\"url\":\"https:\\\/\\\/shop.bantam.ch\\\/de\\\/\",\"name\":\"Bantam\",\"description\":\"\",\"publisher\":{\"@id\":\"https:\\\/\\\/shop.bantam.ch\\\/de\\\/#organization\"},\"inLanguage\":\"de\"},{\"@type\":\"Organization\",\"@id\":\"https:\\\/\\\/shop.bantam.ch\\\/de\\\/#organization\",\"name\":\"Bantam\",\"url\":\"https:\\\/\\\/shop.bantam.ch\\\/de\\\/\",\"logo\":{\"@type\":\"ImageObject\",\"inLanguage\":\"de\",\"@id\":\"https:\\\/\\\/shop.bantam.ch\\\/de\\\/#\\\/schema\\\/logo\\\/image\\\/\",\"url\":\"https:\\\/\\\/shop.bantam.ch\\\/wp-content\\\/uploads\\\/2022\\\/12\\\/bantam-logo.png\",\"contentUrl\":\"https:\\\/\\\/shop.bantam.ch\\\/wp-content\\\/uploads\\\/2022\\\/12\\\/bantam-logo.png\",\"width\":320,\"height\":71,\"caption\":\"Bantam\"},\"image\":{\"@id\":\"https:\\\/\\\/shop.bantam.ch\\\/de\\\/#\\\/schema\\\/logo\\\/image\\\/\"}}]}<\/script>\n<!-- \/ Yoast SEO plugin. -->","yoast_head_json":{"title":"Rechargeable QuickPump - Bantam","robots":{"index":"index","follow":"follow","max-snippet":"max-snippet:-1","max-image-preview":"max-image-preview:large","max-video-preview":"max-video-preview:-1"},"canonical":"https:\/\/shop.bantam.ch\/de\/produkt\/rechargeable-quickpump-12-230-v-mit-akku\/","og_locale":"de_DE","og_type":"article","og_title":"Rechargeable QuickPump - Bantam","og_description":"Leistungsstarke wiederaufladbare Pumpe in technischem Design, zum Aufblasen und Entl\u00fcften. Farbe rot. 12 \/ 230 Volt Pumpe mit Akku. Abnehmbarer Schlauch, Adapter f\u00fcr die g\u00e4ngigsten Ventile. Ladeger\u00e4te f\u00fcr 230 sowie 12 Volt. Betriebsdruck 39 mbar, 0,6 psi, Luftstrom 679 Liter pro Minute, Betriebsdauer 20 Minuten. \u00a0 Abnehmbarer Schlauch Adapter f\u00fcr die g\u00e4ngigsten Ventile Betriebsdruck 37 [&hellip;]","og_url":"https:\/\/shop.bantam.ch\/de\/produkt\/rechargeable-quickpump-12-230-v-mit-akku\/","og_site_name":"Bantam","article_modified_time":"2026-05-10T19:04:45+00:00","og_image":[{"width":1000,"height":719,"url":"https:\/\/shop.bantam.ch\/wp-content\/uploads\/2023\/02\/9920567-Pumpe_Quickpump_12_V_wiederaufladbar_rot-Standard-01-1.jpg","type":"image\/jpeg"}],"twitter_card":"summary_large_image","schema":{"@context":"https:\/\/schema.org","@graph":[{"@type":"WebPage","@id":"https:\/\/shop.bantam.ch\/de\/produkt\/rechargeable-quickpump-12-230-v-mit-akku\/","url":"https:\/\/shop.bantam.ch\/de\/produkt\/rechargeable-quickpump-12-230-v-mit-akku\/","name":"Rechargeable QuickPump - Bantam","isPartOf":{"@id":"https:\/\/shop.bantam.ch\/de\/#website"},"primaryImageOfPage":{"@id":"https:\/\/shop.bantam.ch\/de\/produkt\/rechargeable-quickpump-12-230-v-mit-akku\/#primaryimage"},"image":{"@id":"https:\/\/shop.bantam.ch\/de\/produkt\/rechargeable-quickpump-12-230-v-mit-akku\/#primaryimage"},"thumbnailUrl":"https:\/\/shop.bantam.ch\/wp-content\/uploads\/2023\/02\/9920567-Pumpe_Quickpump_12_V_wiederaufladbar_rot-Standard-01-1.jpg","datePublished":"2023-02-23T10:55:44+00:00","dateModified":"2026-05-10T19:04:45+00:00","breadcrumb":{"@id":"https:\/\/shop.bantam.ch\/de\/produkt\/rechargeable-quickpump-12-230-v-mit-akku\/#breadcrumb"},"inLanguage":"de","potentialAction":[{"@type":"ReadAction","target":["https:\/\/shop.bantam.ch\/de\/produkt\/rechargeable-quickpump-12-230-v-mit-akku\/"]}]},{"@type":"ImageObject","inLanguage":"de","@id":"https:\/\/shop.bantam.ch\/de\/produkt\/rechargeable-quickpump-12-230-v-mit-akku\/#primaryimage","url":"https:\/\/shop.bantam.ch\/wp-content\/uploads\/2023\/02\/9920567-Pumpe_Quickpump_12_V_wiederaufladbar_rot-Standard-01-1.jpg","contentUrl":"https:\/\/shop.bantam.ch\/wp-content\/uploads\/2023\/02\/9920567-Pumpe_Quickpump_12_V_wiederaufladbar_rot-Standard-01-1.jpg","width":1000,"height":719},{"@type":"BreadcrumbList","@id":"https:\/\/shop.bantam.ch\/de\/produkt\/rechargeable-quickpump-12-230-v-mit-akku\/#breadcrumb","itemListElement":[{"@type":"ListItem","position":1,"name":"Accueil","item":"https:\/\/shop.bantam.ch\/de\/"},{"@type":"ListItem","position":2,"name":"Shop","item":"https:\/\/shop.bantam.ch\/de\/shop\/"},{"@type":"ListItem","position":3,"name":"Rechargeable QuickPump"}]},{"@type":"WebSite","@id":"https:\/\/shop.bantam.ch\/de\/#website","url":"https:\/\/shop.bantam.ch\/de\/","name":"Bantam","description":"","publisher":{"@id":"https:\/\/shop.bantam.ch\/de\/#organization"},"inLanguage":"de"},{"@type":"Organization","@id":"https:\/\/shop.bantam.ch\/de\/#organization","name":"Bantam","url":"https:\/\/shop.bantam.ch\/de\/","logo":{"@type":"ImageObject","inLanguage":"de","@id":"https:\/\/shop.bantam.ch\/de\/#\/schema\/logo\/image\/","url":"https:\/\/shop.bantam.ch\/wp-content\/uploads\/2022\/12\/bantam-logo.png","contentUrl":"https:\/\/shop.bantam.ch\/wp-content\/uploads\/2022\/12\/bantam-logo.png","width":320,"height":71,"caption":"Bantam"},"image":{"@id":"https:\/\/shop.bantam.ch\/de\/#\/schema\/logo\/image\/"}}]}},"_links":{"self":[{"href":"https:\/\/shop.bantam.ch\/de\/wp-json\/wp\/v2\/product\/44213","targetHints":{"allow":["GET"]}}],"collection":[{"href":"https:\/\/shop.bantam.ch\/de\/wp-json\/wp\/v2\/product"}],"about":[{"href":"https:\/\/shop.bantam.ch\/de\/wp-json\/wp\/v2\/types\/product"}],"wp:featuredmedia":[{"embeddable":true,"href":"https:\/\/shop.bantam.ch\/de\/wp-json\/wp\/v2\/media\/44211"}],"wp:attachment":[{"href":"https:\/\/shop.bantam.ch\/de\/wp-json\/wp\/v2\/media?parent=44213"}],"wp:term":[{"taxonomy":"product_featured_cat","embeddable":true,"href":"https:\/\/shop.bantam.ch\/de\/wp-json\/wp\/v2\/product_featured_cat?post=44213"},{"taxonomy":"product_brand","embeddable":true,"href":"https:\/\/shop.bantam.ch\/de\/wp-json\/wp\/v2\/product_brand?post=44213"},{"taxonomy":"product_cat","embeddable":true,"href":"https:\/\/shop.bantam.ch\/de\/wp-json\/wp\/v2\/product_cat?post=44213"},{"taxonomy":"product_tag","embeddable":true,"href":"https:\/\/shop.bantam.ch\/de\/wp-json\/wp\/v2\/product_tag?post=44213"}],"curies":[{"name":"wp","href":"https:\/\/api.w.org\/{rel}","templated":true}]}}