{"id":44201,"date":"2023-02-23T11:55:28","date_gmt":"2023-02-23T10:55:28","guid":{"rendered":"http:\/\/preprod-dev.sh1.hidora.com\/webshop\/produit\/luftbett-comfort-bed-single\/"},"modified":"2026-05-11T21:04:18","modified_gmt":"2026-05-11T19:04:18","slug":"luftbett-comfort-bed-single","status":"publish","type":"product","link":"https:\/\/shop.bantam.ch\/de\/produkt\/luftbett-comfort-bed-single\/","title":{"rendered":"Luftbett Coleman Comfort Bed Single Farbe gr\u00fcn"},"content":{"rendered":"<p>Das kennt man ja: man ist den ganzen Tag unterwegs und abends nach dem Essen todm\u00fcde. Der gr\u00f6\u00dfte Wunsch ist das Bett &#8211; allerdings ist die Matratze noch nicht aufgepumpt. Immer mit der Ruhe! Das Comfort Bed Single von Coleman\u00ae ist ein Luftbett, das dank des Doppelverschlussventils in weniger als einer Minute aufgepumpt ist. Ist die Luft erst einmal drin, wird sie von dem Doppelverschlussventil fest in der Luftkammer gehalten. Aufgrund des extra dicken und strapazierf\u00e4higen PVC ist das Luftbett unempfindlich gegen Besch\u00e4digung durch spitze Gegenst\u00e4nde, wie z. B. Steinchen oder Dornen. Die robuste Stegestruktur und die gro\u00dfz\u00fcgigen Ma\u00dfe des Bettes garantieren immer und \u00fcberall Schlafkomfort pur.<\/p>\n<p>Material:<br \/>PVC mit reduziertem Phthalatanteil<\/p>\n","protected":false},"excerpt":{"rendered":"<p>Das kennt man ja: man ist den ganzen Tag unterwegs und abends nach dem Essen todm\u00fcde. Der gr\u00f6\u00dfte Wunsch ist das Bett &#8211; allerdings ist die Matratze noch nicht aufgepumpt. Immer mit der Ruhe! Das Comfort Bed Single von Coleman\u00ae ist ein Luftbett, das dank des Doppelverschlussventils in weniger als einer Minute aufgepumpt ist. Ist [&hellip;]<\/p>\n","protected":false},"featured_media":44197,"template":"","meta":{"_acf_changed":false},"product_featured_cat":[],"product_brand":[3353],"product_cat":[4354],"product_tag":[],"class_list":{"0":"post-44201","1":"product","2":"type-product","3":"status-publish","4":"has-post-thumbnail","6":"product_brand-coleman-de","7":"product_cat-luftbetten-matratzen","9":"first","10":"instock","11":"taxable","12":"shipping-taxable","13":"purchasable","14":"product-type-simple"},"acf":[],"yoast_head":"<!-- This site is optimized with the Yoast SEO plugin v27.5 - https:\/\/yoast.com\/product\/yoast-seo-wordpress\/ -->\n<title>Luftbett Coleman Comfort Bed Single Farbe gr\u00fcn - Bantam<\/title>\n<meta name=\"robots\" content=\"index, follow, max-snippet:-1, max-image-preview:large, max-video-preview:-1\" \/>\n<link rel=\"canonical\" href=\"https:\/\/shop.bantam.ch\/de\/produkt\/luftbett-comfort-bed-single\/\" \/>\n<meta property=\"og:locale\" content=\"de_DE\" \/>\n<meta property=\"og:type\" content=\"article\" \/>\n<meta property=\"og:title\" content=\"Luftbett Coleman Comfort Bed Single Farbe gr\u00fcn - Bantam\" \/>\n<meta property=\"og:description\" content=\"Das kennt man ja: man ist den ganzen Tag unterwegs und abends nach dem Essen todm\u00fcde. Der gr\u00f6\u00dfte Wunsch ist das Bett &#8211; allerdings ist die Matratze noch nicht aufgepumpt. Immer mit der Ruhe! Das Comfort Bed Single von Coleman\u00ae ist ein Luftbett, das dank des Doppelverschlussventils in weniger als einer Minute aufgepumpt ist. Ist [&hellip;]\" \/>\n<meta property=\"og:url\" content=\"https:\/\/shop.bantam.ch\/de\/produkt\/luftbett-comfort-bed-single\/\" \/>\n<meta property=\"og:site_name\" content=\"Bantam\" \/>\n<meta property=\"article:modified_time\" content=\"2026-05-11T19:04:18+00:00\" \/>\n<meta property=\"og:image\" content=\"https:\/\/shop.bantam.ch\/wp-content\/uploads\/2023\/02\/9923785-Comfort_Bed_Single_lindgruen-Standard-01-1.jpg\" \/>\n\t<meta property=\"og:image:width\" content=\"1000\" \/>\n\t<meta property=\"og:image:height\" content=\"423\" \/>\n\t<meta property=\"og:image:type\" content=\"image\/jpeg\" \/>\n<meta name=\"twitter:card\" content=\"summary_large_image\" \/>\n<meta name=\"twitter:label1\" content=\"Gesch\u00e4tzte Lesezeit\" \/>\n\t<meta name=\"twitter:data1\" content=\"1\u00a0Minute\" \/>\n<script type=\"application\/ld+json\" class=\"yoast-schema-graph\">{\"@context\":\"https:\\\/\\\/schema.org\",\"@graph\":[{\"@type\":\"WebPage\",\"@id\":\"https:\\\/\\\/shop.bantam.ch\\\/de\\\/produkt\\\/luftbett-comfort-bed-single\\\/\",\"url\":\"https:\\\/\\\/shop.bantam.ch\\\/de\\\/produkt\\\/luftbett-comfort-bed-single\\\/\",\"name\":\"Luftbett Coleman Comfort Bed Single Farbe gr\u00fcn - Bantam\",\"isPartOf\":{\"@id\":\"https:\\\/\\\/shop.bantam.ch\\\/de\\\/#website\"},\"primaryImageOfPage\":{\"@id\":\"https:\\\/\\\/shop.bantam.ch\\\/de\\\/produkt\\\/luftbett-comfort-bed-single\\\/#primaryimage\"},\"image\":{\"@id\":\"https:\\\/\\\/shop.bantam.ch\\\/de\\\/produkt\\\/luftbett-comfort-bed-single\\\/#primaryimage\"},\"thumbnailUrl\":\"https:\\\/\\\/shop.bantam.ch\\\/wp-content\\\/uploads\\\/2023\\\/02\\\/9923785-Comfort_Bed_Single_lindgruen-Standard-01-1.jpg\",\"datePublished\":\"2023-02-23T10:55:28+00:00\",\"dateModified\":\"2026-05-11T19:04:18+00:00\",\"breadcrumb\":{\"@id\":\"https:\\\/\\\/shop.bantam.ch\\\/de\\\/produkt\\\/luftbett-comfort-bed-single\\\/#breadcrumb\"},\"inLanguage\":\"de\",\"potentialAction\":[{\"@type\":\"ReadAction\",\"target\":[\"https:\\\/\\\/shop.bantam.ch\\\/de\\\/produkt\\\/luftbett-comfort-bed-single\\\/\"]}]},{\"@type\":\"ImageObject\",\"inLanguage\":\"de\",\"@id\":\"https:\\\/\\\/shop.bantam.ch\\\/de\\\/produkt\\\/luftbett-comfort-bed-single\\\/#primaryimage\",\"url\":\"https:\\\/\\\/shop.bantam.ch\\\/wp-content\\\/uploads\\\/2023\\\/02\\\/9923785-Comfort_Bed_Single_lindgruen-Standard-01-1.jpg\",\"contentUrl\":\"https:\\\/\\\/shop.bantam.ch\\\/wp-content\\\/uploads\\\/2023\\\/02\\\/9923785-Comfort_Bed_Single_lindgruen-Standard-01-1.jpg\",\"width\":1000,\"height\":423},{\"@type\":\"BreadcrumbList\",\"@id\":\"https:\\\/\\\/shop.bantam.ch\\\/de\\\/produkt\\\/luftbett-comfort-bed-single\\\/#breadcrumb\",\"itemListElement\":[{\"@type\":\"ListItem\",\"position\":1,\"name\":\"Accueil\",\"item\":\"https:\\\/\\\/shop.bantam.ch\\\/de\\\/\"},{\"@type\":\"ListItem\",\"position\":2,\"name\":\"Shop\",\"item\":\"https:\\\/\\\/shop.bantam.ch\\\/de\\\/shop\\\/\"},{\"@type\":\"ListItem\",\"position\":3,\"name\":\"Luftbett Coleman Comfort Bed Single Farbe gr\u00fcn\"}]},{\"@type\":\"WebSite\",\"@id\":\"https:\\\/\\\/shop.bantam.ch\\\/de\\\/#website\",\"url\":\"https:\\\/\\\/shop.bantam.ch\\\/de\\\/\",\"name\":\"Bantam\",\"description\":\"\",\"publisher\":{\"@id\":\"https:\\\/\\\/shop.bantam.ch\\\/de\\\/#organization\"},\"inLanguage\":\"de\"},{\"@type\":\"Organization\",\"@id\":\"https:\\\/\\\/shop.bantam.ch\\\/de\\\/#organization\",\"name\":\"Bantam\",\"url\":\"https:\\\/\\\/shop.bantam.ch\\\/de\\\/\",\"logo\":{\"@type\":\"ImageObject\",\"inLanguage\":\"de\",\"@id\":\"https:\\\/\\\/shop.bantam.ch\\\/de\\\/#\\\/schema\\\/logo\\\/image\\\/\",\"url\":\"https:\\\/\\\/shop.bantam.ch\\\/wp-content\\\/uploads\\\/2022\\\/12\\\/bantam-logo.png\",\"contentUrl\":\"https:\\\/\\\/shop.bantam.ch\\\/wp-content\\\/uploads\\\/2022\\\/12\\\/bantam-logo.png\",\"width\":320,\"height\":71,\"caption\":\"Bantam\"},\"image\":{\"@id\":\"https:\\\/\\\/shop.bantam.ch\\\/de\\\/#\\\/schema\\\/logo\\\/image\\\/\"}}]}<\/script>\n<!-- \/ Yoast SEO plugin. -->","yoast_head_json":{"title":"Luftbett Coleman Comfort Bed Single Farbe gr\u00fcn - Bantam","robots":{"index":"index","follow":"follow","max-snippet":"max-snippet:-1","max-image-preview":"max-image-preview:large","max-video-preview":"max-video-preview:-1"},"canonical":"https:\/\/shop.bantam.ch\/de\/produkt\/luftbett-comfort-bed-single\/","og_locale":"de_DE","og_type":"article","og_title":"Luftbett Coleman Comfort Bed Single Farbe gr\u00fcn - Bantam","og_description":"Das kennt man ja: man ist den ganzen Tag unterwegs und abends nach dem Essen todm\u00fcde. Der gr\u00f6\u00dfte Wunsch ist das Bett &#8211; allerdings ist die Matratze noch nicht aufgepumpt. Immer mit der Ruhe! Das Comfort Bed Single von Coleman\u00ae ist ein Luftbett, das dank des Doppelverschlussventils in weniger als einer Minute aufgepumpt ist. Ist [&hellip;]","og_url":"https:\/\/shop.bantam.ch\/de\/produkt\/luftbett-comfort-bed-single\/","og_site_name":"Bantam","article_modified_time":"2026-05-11T19:04:18+00:00","og_image":[{"width":1000,"height":423,"url":"https:\/\/shop.bantam.ch\/wp-content\/uploads\/2023\/02\/9923785-Comfort_Bed_Single_lindgruen-Standard-01-1.jpg","type":"image\/jpeg"}],"twitter_card":"summary_large_image","twitter_misc":{"Gesch\u00e4tzte Lesezeit":"1\u00a0Minute"},"schema":{"@context":"https:\/\/schema.org","@graph":[{"@type":"WebPage","@id":"https:\/\/shop.bantam.ch\/de\/produkt\/luftbett-comfort-bed-single\/","url":"https:\/\/shop.bantam.ch\/de\/produkt\/luftbett-comfort-bed-single\/","name":"Luftbett Coleman Comfort Bed Single Farbe gr\u00fcn - Bantam","isPartOf":{"@id":"https:\/\/shop.bantam.ch\/de\/#website"},"primaryImageOfPage":{"@id":"https:\/\/shop.bantam.ch\/de\/produkt\/luftbett-comfort-bed-single\/#primaryimage"},"image":{"@id":"https:\/\/shop.bantam.ch\/de\/produkt\/luftbett-comfort-bed-single\/#primaryimage"},"thumbnailUrl":"https:\/\/shop.bantam.ch\/wp-content\/uploads\/2023\/02\/9923785-Comfort_Bed_Single_lindgruen-Standard-01-1.jpg","datePublished":"2023-02-23T10:55:28+00:00","dateModified":"2026-05-11T19:04:18+00:00","breadcrumb":{"@id":"https:\/\/shop.bantam.ch\/de\/produkt\/luftbett-comfort-bed-single\/#breadcrumb"},"inLanguage":"de","potentialAction":[{"@type":"ReadAction","target":["https:\/\/shop.bantam.ch\/de\/produkt\/luftbett-comfort-bed-single\/"]}]},{"@type":"ImageObject","inLanguage":"de","@id":"https:\/\/shop.bantam.ch\/de\/produkt\/luftbett-comfort-bed-single\/#primaryimage","url":"https:\/\/shop.bantam.ch\/wp-content\/uploads\/2023\/02\/9923785-Comfort_Bed_Single_lindgruen-Standard-01-1.jpg","contentUrl":"https:\/\/shop.bantam.ch\/wp-content\/uploads\/2023\/02\/9923785-Comfort_Bed_Single_lindgruen-Standard-01-1.jpg","width":1000,"height":423},{"@type":"BreadcrumbList","@id":"https:\/\/shop.bantam.ch\/de\/produkt\/luftbett-comfort-bed-single\/#breadcrumb","itemListElement":[{"@type":"ListItem","position":1,"name":"Accueil","item":"https:\/\/shop.bantam.ch\/de\/"},{"@type":"ListItem","position":2,"name":"Shop","item":"https:\/\/shop.bantam.ch\/de\/shop\/"},{"@type":"ListItem","position":3,"name":"Luftbett Coleman Comfort Bed Single Farbe gr\u00fcn"}]},{"@type":"WebSite","@id":"https:\/\/shop.bantam.ch\/de\/#website","url":"https:\/\/shop.bantam.ch\/de\/","name":"Bantam","description":"","publisher":{"@id":"https:\/\/shop.bantam.ch\/de\/#organization"},"inLanguage":"de"},{"@type":"Organization","@id":"https:\/\/shop.bantam.ch\/de\/#organization","name":"Bantam","url":"https:\/\/shop.bantam.ch\/de\/","logo":{"@type":"ImageObject","inLanguage":"de","@id":"https:\/\/shop.bantam.ch\/de\/#\/schema\/logo\/image\/","url":"https:\/\/shop.bantam.ch\/wp-content\/uploads\/2022\/12\/bantam-logo.png","contentUrl":"https:\/\/shop.bantam.ch\/wp-content\/uploads\/2022\/12\/bantam-logo.png","width":320,"height":71,"caption":"Bantam"},"image":{"@id":"https:\/\/shop.bantam.ch\/de\/#\/schema\/logo\/image\/"}}]}},"_links":{"self":[{"href":"https:\/\/shop.bantam.ch\/de\/wp-json\/wp\/v2\/product\/44201","targetHints":{"allow":["GET"]}}],"collection":[{"href":"https:\/\/shop.bantam.ch\/de\/wp-json\/wp\/v2\/product"}],"about":[{"href":"https:\/\/shop.bantam.ch\/de\/wp-json\/wp\/v2\/types\/product"}],"wp:featuredmedia":[{"embeddable":true,"href":"https:\/\/shop.bantam.ch\/de\/wp-json\/wp\/v2\/media\/44197"}],"wp:attachment":[{"href":"https:\/\/shop.bantam.ch\/de\/wp-json\/wp\/v2\/media?parent=44201"}],"wp:term":[{"taxonomy":"product_featured_cat","embeddable":true,"href":"https:\/\/shop.bantam.ch\/de\/wp-json\/wp\/v2\/product_featured_cat?post=44201"},{"taxonomy":"product_brand","embeddable":true,"href":"https:\/\/shop.bantam.ch\/de\/wp-json\/wp\/v2\/product_brand?post=44201"},{"taxonomy":"product_cat","embeddable":true,"href":"https:\/\/shop.bantam.ch\/de\/wp-json\/wp\/v2\/product_cat?post=44201"},{"taxonomy":"product_tag","embeddable":true,"href":"https:\/\/shop.bantam.ch\/de\/wp-json\/wp\/v2\/product_tag?post=44201"}],"curies":[{"name":"wp","href":"https:\/\/api.w.org\/{rel}","templated":true}]}}