{"id":44187,"date":"2023-02-23T11:55:11","date_gmt":"2023-02-23T10:55:11","guid":{"rendered":"http:\/\/preprod-dev.sh1.hidora.com\/webshop\/produit\/kabeltrommel-tasche-hellgrau-dunkelgrau\/"},"modified":"2026-04-18T21:04:38","modified_gmt":"2026-04-18T19:04:38","slug":"kabeltrommel-tasche-hellgrau-dunkelgrau","status":"publish","type":"product","link":"https:\/\/shop.bantam.ch\/de\/produkt\/kabeltrommel-tasche-hellgrau-dunkelgrau\/","title":{"rendered":"Tasche Hindermann f\u00fcr 25 m Camper-Kabeltrommel"},"content":{"rendered":"<p>Ein praktischer Aufbewahrungsort, der die Kabeltrommel vor N\u00e4sse, Schmutz und Sand sch\u00fctzt. Die Kabeltrommel wird einfach in die Tasche gestellt. Durch den 4-Wege Rei\u00dfverschluss besteht Zugang zum Tragegriff und die Kabel k\u00f6nnen zugef\u00fchrt werden. Eine zus\u00e4tzliche seitliche \u00d6ffnung mit Abdecklasche erm\u00f6glicht den Netzanschluss. So bleibt die Kabeltrommel auch bei der Anwendung im Freien gesch\u00fctzt und griffbereit.<\/p>\n<p>Material:<br \/>100 % PVC-Leichtplane<\/p>\n","protected":false},"excerpt":{"rendered":"<p>Ein praktischer Aufbewahrungsort, der die Kabeltrommel vor N\u00e4sse, Schmutz und Sand sch\u00fctzt. Die Kabeltrommel wird einfach in die Tasche gestellt. Durch den 4-Wege Rei\u00dfverschluss besteht Zugang zum Tragegriff und die Kabel k\u00f6nnen zugef\u00fchrt werden. Eine zus\u00e4tzliche seitliche \u00d6ffnung mit Abdecklasche erm\u00f6glicht den Netzanschluss. So bleibt die Kabeltrommel auch bei der Anwendung im Freien gesch\u00fctzt und [&hellip;]<\/p>\n","protected":false},"featured_media":44185,"template":"","meta":{"_acf_changed":false},"product_featured_cat":[],"product_brand":[3041],"product_cat":[4872],"product_tag":[],"class_list":{"0":"post-44187","1":"product","2":"type-product","3":"status-publish","4":"has-post-thumbnail","6":"product_brand-hindermann-de","7":"product_cat-kabeltrommeln","9":"first","10":"instock","11":"taxable","12":"shipping-taxable","13":"purchasable","14":"product-type-simple"},"acf":[],"yoast_head":"<!-- This site is optimized with the Yoast SEO plugin v27.4 - https:\/\/yoast.com\/product\/yoast-seo-wordpress\/ -->\n<title>Tasche Hindermann f\u00fcr 25 m Camper-Kabeltrommel - Bantam Camping AG<\/title>\n<meta name=\"robots\" content=\"index, follow, max-snippet:-1, max-image-preview:large, max-video-preview:-1\" \/>\n<link rel=\"canonical\" href=\"https:\/\/shop.bantam.ch\/de\/produkt\/kabeltrommel-tasche-hellgrau-dunkelgrau\/\" \/>\n<meta property=\"og:locale\" content=\"de_DE\" \/>\n<meta property=\"og:type\" content=\"article\" \/>\n<meta property=\"og:title\" content=\"Tasche Hindermann f\u00fcr 25 m Camper-Kabeltrommel - Bantam Camping AG\" \/>\n<meta property=\"og:description\" content=\"Ein praktischer Aufbewahrungsort, der die Kabeltrommel vor N\u00e4sse, Schmutz und Sand sch\u00fctzt. Die Kabeltrommel wird einfach in die Tasche gestellt. Durch den 4-Wege Rei\u00dfverschluss besteht Zugang zum Tragegriff und die Kabel k\u00f6nnen zugef\u00fchrt werden. Eine zus\u00e4tzliche seitliche \u00d6ffnung mit Abdecklasche erm\u00f6glicht den Netzanschluss. So bleibt die Kabeltrommel auch bei der Anwendung im Freien gesch\u00fctzt und [&hellip;]\" \/>\n<meta property=\"og:url\" content=\"https:\/\/shop.bantam.ch\/de\/produkt\/kabeltrommel-tasche-hellgrau-dunkelgrau\/\" \/>\n<meta property=\"og:site_name\" content=\"Bantam Camping AG\" \/>\n<meta property=\"article:modified_time\" content=\"2026-04-18T19:04:38+00:00\" \/>\n<meta property=\"og:image\" content=\"https:\/\/shop.bantam.ch\/wp-content\/uploads\/2023\/02\/9920289-Kabeltrommel-Tasche_fuer_25_m_Camper-Kabeltrommel-Standard-01-1.jpg\" \/>\n\t<meta property=\"og:image:width\" content=\"774\" \/>\n\t<meta property=\"og:image:height\" content=\"1000\" \/>\n\t<meta property=\"og:image:type\" content=\"image\/jpeg\" \/>\n<meta name=\"twitter:card\" content=\"summary_large_image\" \/>\n<script type=\"application\/ld+json\" class=\"yoast-schema-graph\">{\"@context\":\"https:\\\/\\\/schema.org\",\"@graph\":[{\"@type\":\"WebPage\",\"@id\":\"https:\\\/\\\/shop.bantam.ch\\\/de\\\/produkt\\\/kabeltrommel-tasche-hellgrau-dunkelgrau\\\/\",\"url\":\"https:\\\/\\\/shop.bantam.ch\\\/de\\\/produkt\\\/kabeltrommel-tasche-hellgrau-dunkelgrau\\\/\",\"name\":\"Tasche Hindermann f\u00fcr 25 m Camper-Kabeltrommel - Bantam Camping AG\",\"isPartOf\":{\"@id\":\"https:\\\/\\\/shop.bantam.ch\\\/de\\\/#website\"},\"primaryImageOfPage\":{\"@id\":\"https:\\\/\\\/shop.bantam.ch\\\/de\\\/produkt\\\/kabeltrommel-tasche-hellgrau-dunkelgrau\\\/#primaryimage\"},\"image\":{\"@id\":\"https:\\\/\\\/shop.bantam.ch\\\/de\\\/produkt\\\/kabeltrommel-tasche-hellgrau-dunkelgrau\\\/#primaryimage\"},\"thumbnailUrl\":\"https:\\\/\\\/shop.bantam.ch\\\/wp-content\\\/uploads\\\/2023\\\/02\\\/9920289-Kabeltrommel-Tasche_fuer_25_m_Camper-Kabeltrommel-Standard-01-1.jpg\",\"datePublished\":\"2023-02-23T10:55:11+00:00\",\"dateModified\":\"2026-04-18T19:04:38+00:00\",\"breadcrumb\":{\"@id\":\"https:\\\/\\\/shop.bantam.ch\\\/de\\\/produkt\\\/kabeltrommel-tasche-hellgrau-dunkelgrau\\\/#breadcrumb\"},\"inLanguage\":\"de\",\"potentialAction\":[{\"@type\":\"ReadAction\",\"target\":[\"https:\\\/\\\/shop.bantam.ch\\\/de\\\/produkt\\\/kabeltrommel-tasche-hellgrau-dunkelgrau\\\/\"]}]},{\"@type\":\"ImageObject\",\"inLanguage\":\"de\",\"@id\":\"https:\\\/\\\/shop.bantam.ch\\\/de\\\/produkt\\\/kabeltrommel-tasche-hellgrau-dunkelgrau\\\/#primaryimage\",\"url\":\"https:\\\/\\\/shop.bantam.ch\\\/wp-content\\\/uploads\\\/2023\\\/02\\\/9920289-Kabeltrommel-Tasche_fuer_25_m_Camper-Kabeltrommel-Standard-01-1.jpg\",\"contentUrl\":\"https:\\\/\\\/shop.bantam.ch\\\/wp-content\\\/uploads\\\/2023\\\/02\\\/9920289-Kabeltrommel-Tasche_fuer_25_m_Camper-Kabeltrommel-Standard-01-1.jpg\",\"width\":774,\"height\":1000},{\"@type\":\"BreadcrumbList\",\"@id\":\"https:\\\/\\\/shop.bantam.ch\\\/de\\\/produkt\\\/kabeltrommel-tasche-hellgrau-dunkelgrau\\\/#breadcrumb\",\"itemListElement\":[{\"@type\":\"ListItem\",\"position\":1,\"name\":\"Accueil\",\"item\":\"https:\\\/\\\/shop.bantam.ch\\\/de\\\/\"},{\"@type\":\"ListItem\",\"position\":2,\"name\":\"Shop\",\"item\":\"https:\\\/\\\/shop.bantam.ch\\\/de\\\/shop\\\/\"},{\"@type\":\"ListItem\",\"position\":3,\"name\":\"Tasche Hindermann f\u00fcr 25 m Camper-Kabeltrommel\"}]},{\"@type\":\"WebSite\",\"@id\":\"https:\\\/\\\/shop.bantam.ch\\\/de\\\/#website\",\"url\":\"https:\\\/\\\/shop.bantam.ch\\\/de\\\/\",\"name\":\"Bantam Camping AG\",\"description\":\"\",\"publisher\":{\"@id\":\"https:\\\/\\\/shop.bantam.ch\\\/de\\\/#organization\"},\"inLanguage\":\"de\"},{\"@type\":\"Organization\",\"@id\":\"https:\\\/\\\/shop.bantam.ch\\\/de\\\/#organization\",\"name\":\"Bantam Camping AG\",\"url\":\"https:\\\/\\\/shop.bantam.ch\\\/de\\\/\",\"logo\":{\"@type\":\"ImageObject\",\"inLanguage\":\"de\",\"@id\":\"https:\\\/\\\/shop.bantam.ch\\\/de\\\/#\\\/schema\\\/logo\\\/image\\\/\",\"url\":\"https:\\\/\\\/shop.bantam.ch\\\/wp-content\\\/uploads\\\/2022\\\/12\\\/bantam-logo.png\",\"contentUrl\":\"https:\\\/\\\/shop.bantam.ch\\\/wp-content\\\/uploads\\\/2022\\\/12\\\/bantam-logo.png\",\"width\":320,\"height\":71,\"caption\":\"Bantam Camping AG\"},\"image\":{\"@id\":\"https:\\\/\\\/shop.bantam.ch\\\/de\\\/#\\\/schema\\\/logo\\\/image\\\/\"}}]}<\/script>\n<!-- \/ Yoast SEO plugin. -->","yoast_head_json":{"title":"Tasche Hindermann f\u00fcr 25 m Camper-Kabeltrommel - Bantam Camping AG","robots":{"index":"index","follow":"follow","max-snippet":"max-snippet:-1","max-image-preview":"max-image-preview:large","max-video-preview":"max-video-preview:-1"},"canonical":"https:\/\/shop.bantam.ch\/de\/produkt\/kabeltrommel-tasche-hellgrau-dunkelgrau\/","og_locale":"de_DE","og_type":"article","og_title":"Tasche Hindermann f\u00fcr 25 m Camper-Kabeltrommel - Bantam Camping AG","og_description":"Ein praktischer Aufbewahrungsort, der die Kabeltrommel vor N\u00e4sse, Schmutz und Sand sch\u00fctzt. Die Kabeltrommel wird einfach in die Tasche gestellt. Durch den 4-Wege Rei\u00dfverschluss besteht Zugang zum Tragegriff und die Kabel k\u00f6nnen zugef\u00fchrt werden. Eine zus\u00e4tzliche seitliche \u00d6ffnung mit Abdecklasche erm\u00f6glicht den Netzanschluss. So bleibt die Kabeltrommel auch bei der Anwendung im Freien gesch\u00fctzt und [&hellip;]","og_url":"https:\/\/shop.bantam.ch\/de\/produkt\/kabeltrommel-tasche-hellgrau-dunkelgrau\/","og_site_name":"Bantam Camping AG","article_modified_time":"2026-04-18T19:04:38+00:00","og_image":[{"width":774,"height":1000,"url":"https:\/\/shop.bantam.ch\/wp-content\/uploads\/2023\/02\/9920289-Kabeltrommel-Tasche_fuer_25_m_Camper-Kabeltrommel-Standard-01-1.jpg","type":"image\/jpeg"}],"twitter_card":"summary_large_image","schema":{"@context":"https:\/\/schema.org","@graph":[{"@type":"WebPage","@id":"https:\/\/shop.bantam.ch\/de\/produkt\/kabeltrommel-tasche-hellgrau-dunkelgrau\/","url":"https:\/\/shop.bantam.ch\/de\/produkt\/kabeltrommel-tasche-hellgrau-dunkelgrau\/","name":"Tasche Hindermann f\u00fcr 25 m Camper-Kabeltrommel - Bantam Camping AG","isPartOf":{"@id":"https:\/\/shop.bantam.ch\/de\/#website"},"primaryImageOfPage":{"@id":"https:\/\/shop.bantam.ch\/de\/produkt\/kabeltrommel-tasche-hellgrau-dunkelgrau\/#primaryimage"},"image":{"@id":"https:\/\/shop.bantam.ch\/de\/produkt\/kabeltrommel-tasche-hellgrau-dunkelgrau\/#primaryimage"},"thumbnailUrl":"https:\/\/shop.bantam.ch\/wp-content\/uploads\/2023\/02\/9920289-Kabeltrommel-Tasche_fuer_25_m_Camper-Kabeltrommel-Standard-01-1.jpg","datePublished":"2023-02-23T10:55:11+00:00","dateModified":"2026-04-18T19:04:38+00:00","breadcrumb":{"@id":"https:\/\/shop.bantam.ch\/de\/produkt\/kabeltrommel-tasche-hellgrau-dunkelgrau\/#breadcrumb"},"inLanguage":"de","potentialAction":[{"@type":"ReadAction","target":["https:\/\/shop.bantam.ch\/de\/produkt\/kabeltrommel-tasche-hellgrau-dunkelgrau\/"]}]},{"@type":"ImageObject","inLanguage":"de","@id":"https:\/\/shop.bantam.ch\/de\/produkt\/kabeltrommel-tasche-hellgrau-dunkelgrau\/#primaryimage","url":"https:\/\/shop.bantam.ch\/wp-content\/uploads\/2023\/02\/9920289-Kabeltrommel-Tasche_fuer_25_m_Camper-Kabeltrommel-Standard-01-1.jpg","contentUrl":"https:\/\/shop.bantam.ch\/wp-content\/uploads\/2023\/02\/9920289-Kabeltrommel-Tasche_fuer_25_m_Camper-Kabeltrommel-Standard-01-1.jpg","width":774,"height":1000},{"@type":"BreadcrumbList","@id":"https:\/\/shop.bantam.ch\/de\/produkt\/kabeltrommel-tasche-hellgrau-dunkelgrau\/#breadcrumb","itemListElement":[{"@type":"ListItem","position":1,"name":"Accueil","item":"https:\/\/shop.bantam.ch\/de\/"},{"@type":"ListItem","position":2,"name":"Shop","item":"https:\/\/shop.bantam.ch\/de\/shop\/"},{"@type":"ListItem","position":3,"name":"Tasche Hindermann f\u00fcr 25 m Camper-Kabeltrommel"}]},{"@type":"WebSite","@id":"https:\/\/shop.bantam.ch\/de\/#website","url":"https:\/\/shop.bantam.ch\/de\/","name":"Bantam Camping AG","description":"","publisher":{"@id":"https:\/\/shop.bantam.ch\/de\/#organization"},"inLanguage":"de"},{"@type":"Organization","@id":"https:\/\/shop.bantam.ch\/de\/#organization","name":"Bantam Camping AG","url":"https:\/\/shop.bantam.ch\/de\/","logo":{"@type":"ImageObject","inLanguage":"de","@id":"https:\/\/shop.bantam.ch\/de\/#\/schema\/logo\/image\/","url":"https:\/\/shop.bantam.ch\/wp-content\/uploads\/2022\/12\/bantam-logo.png","contentUrl":"https:\/\/shop.bantam.ch\/wp-content\/uploads\/2022\/12\/bantam-logo.png","width":320,"height":71,"caption":"Bantam Camping AG"},"image":{"@id":"https:\/\/shop.bantam.ch\/de\/#\/schema\/logo\/image\/"}}]}},"_links":{"self":[{"href":"https:\/\/shop.bantam.ch\/de\/wp-json\/wp\/v2\/product\/44187","targetHints":{"allow":["GET"]}}],"collection":[{"href":"https:\/\/shop.bantam.ch\/de\/wp-json\/wp\/v2\/product"}],"about":[{"href":"https:\/\/shop.bantam.ch\/de\/wp-json\/wp\/v2\/types\/product"}],"wp:featuredmedia":[{"embeddable":true,"href":"https:\/\/shop.bantam.ch\/de\/wp-json\/wp\/v2\/media\/44185"}],"wp:attachment":[{"href":"https:\/\/shop.bantam.ch\/de\/wp-json\/wp\/v2\/media?parent=44187"}],"wp:term":[{"taxonomy":"product_featured_cat","embeddable":true,"href":"https:\/\/shop.bantam.ch\/de\/wp-json\/wp\/v2\/product_featured_cat?post=44187"},{"taxonomy":"product_brand","embeddable":true,"href":"https:\/\/shop.bantam.ch\/de\/wp-json\/wp\/v2\/product_brand?post=44187"},{"taxonomy":"product_cat","embeddable":true,"href":"https:\/\/shop.bantam.ch\/de\/wp-json\/wp\/v2\/product_cat?post=44187"},{"taxonomy":"product_tag","embeddable":true,"href":"https:\/\/shop.bantam.ch\/de\/wp-json\/wp\/v2\/product_tag?post=44187"}],"curies":[{"name":"wp","href":"https:\/\/api.w.org\/{rel}","templated":true}]}}