{"id":44103,"date":"2023-02-23T11:53:22","date_gmt":"2023-02-23T10:53:22","guid":{"rendered":"http:\/\/preprod-dev.sh1.hidora.com\/webshop\/produit\/mehrfachverbinder-uniquick-12-mm\/"},"modified":"2026-04-17T21:03:49","modified_gmt":"2026-04-17T19:03:49","slug":"mehrfachverbinder-uniquick-12-mm","status":"publish","type":"product","link":"https:\/\/shop.bantam.ch\/de\/produkt\/mehrfachverbinder-uniquick-12-mm\/","title":{"rendered":"Mehrfachverbinder UniQuick \u00d8 12 mm"},"content":{"rendered":"<p>Das steckbare UniQuick-Rohrsystem in der Dimension 12 mm hat viele Vorteile gegen\u00fcber herk\u00f6mmlichen Schlauchsystemen.<\/p>\n<p>Das einzigartige UniQuick-Rohr besteht aus einem besonderen Material, das selbst die neuesten und strengsten Trinkwasser- und Lebensmittelrichtlinien in Deutschland und Europa erf\u00fcllt und dies nicht nur bei Temperaturen bis 60 \u00b0C sondern sogar bis 90 \u00b0C.<\/p>\n<p>Die Montage erfolgt durch einfaches Einstecken des Rohres in die UniQuick-Fittings, ohne Schrauben, Kleben oder Schwei\u00dfen. Die Steckverbindung ist bei Bedarf jederzeit l\u00f6sbar und wiederverwendbar.<\/p>\n<p>Das UniQuick-Rohr garantiert 100-prozentige Dichtheit bis zu einem Druck von 6 bar bei 80\u00b0C. Au\u00dferdem ist es frostunempfindlich.<\/p>\n<p>Aufgrund seines speziellen Materials ist es enorm unempfindlich gegen mechanische Besch\u00e4digungen.<\/p>\n<p>Mit dem UniQuick-Rohr lassen sich Radien ohne Einknicken des Rohres verlegen. Damit bleibt immer der volle Durchfluss des Rohres erhalten. Selbst im Bereich der Fittings bleibt der volle Durchfluss erhalten, da keine herk\u00f6mmlichen und querschnittsverengenden T\u00fcllen verwendet werden. Durch die Stabilit\u00e4t des Rohres ist eine exakte Verlegung, ohne die Bildung von &#8222;Wassers\u00e4cken&#8220;\u009d m\u00f6glich, dies reduziert das Risiko einer nicht vollst\u00e4ndigen Entleerung und verhindert so auch die Verkeimung.<\/p>\n<ul>\n<li>Innendurchmesser: 12 mm<\/li>\n<\/ul>\n","protected":false},"excerpt":{"rendered":"<p>Das steckbare UniQuick-Rohrsystem in der Dimension 12 mm hat viele Vorteile gegen\u00fcber herk\u00f6mmlichen Schlauchsystemen. Das einzigartige UniQuick-Rohr besteht aus einem besonderen Material, das selbst die neuesten und strengsten Trinkwasser- und Lebensmittelrichtlinien in Deutschland und Europa erf\u00fcllt und dies nicht nur bei Temperaturen bis 60 \u00b0C sondern sogar bis 90 \u00b0C. Die Montage erfolgt durch einfaches [&hellip;]<\/p>\n","protected":false},"featured_media":44101,"template":"","meta":{"_acf_changed":false},"product_featured_cat":[],"product_brand":[3113],"product_cat":[4620],"product_tag":[],"class_list":{"0":"post-44103","1":"product","2":"type-product","3":"status-publish","4":"has-post-thumbnail","6":"product_brand-reich-de","7":"product_cat-rohrsysteme","9":"first","10":"instock","11":"taxable","12":"shipping-taxable","13":"purchasable","14":"product-type-simple"},"acf":[],"yoast_head":"<!-- This site is optimized with the Yoast SEO plugin v27.4 - https:\/\/yoast.com\/product\/yoast-seo-wordpress\/ -->\n<title>Mehrfachverbinder UniQuick \u00d8 12 mm - Bantam Camping AG<\/title>\n<meta name=\"robots\" content=\"index, follow, max-snippet:-1, max-image-preview:large, max-video-preview:-1\" \/>\n<link rel=\"canonical\" href=\"https:\/\/shop.bantam.ch\/de\/produkt\/mehrfachverbinder-uniquick-12-mm\/\" \/>\n<meta property=\"og:locale\" content=\"de_DE\" \/>\n<meta property=\"og:type\" content=\"article\" \/>\n<meta property=\"og:title\" content=\"Mehrfachverbinder UniQuick \u00d8 12 mm - Bantam Camping AG\" \/>\n<meta property=\"og:description\" content=\"Das steckbare UniQuick-Rohrsystem in der Dimension 12 mm hat viele Vorteile gegen\u00fcber herk\u00f6mmlichen Schlauchsystemen. Das einzigartige UniQuick-Rohr besteht aus einem besonderen Material, das selbst die neuesten und strengsten Trinkwasser- und Lebensmittelrichtlinien in Deutschland und Europa erf\u00fcllt und dies nicht nur bei Temperaturen bis 60 \u00b0C sondern sogar bis 90 \u00b0C. Die Montage erfolgt durch einfaches [&hellip;]\" \/>\n<meta property=\"og:url\" content=\"https:\/\/shop.bantam.ch\/de\/produkt\/mehrfachverbinder-uniquick-12-mm\/\" \/>\n<meta property=\"og:site_name\" content=\"Bantam Camping AG\" \/>\n<meta property=\"article:modified_time\" content=\"2026-04-17T19:03:49+00:00\" \/>\n<meta property=\"og:image\" content=\"https:\/\/shop.bantam.ch\/wp-content\/uploads\/2023\/02\/9981494-UniQuick_Mehrfachverbinder_12mm-Standard-01-1.jpg\" \/>\n\t<meta property=\"og:image:width\" content=\"1000\" \/>\n\t<meta property=\"og:image:height\" content=\"733\" \/>\n\t<meta property=\"og:image:type\" content=\"image\/jpeg\" \/>\n<meta name=\"twitter:card\" content=\"summary_large_image\" \/>\n<meta name=\"twitter:label1\" content=\"Gesch\u00e4tzte Lesezeit\" \/>\n\t<meta name=\"twitter:data1\" content=\"1\u00a0Minute\" \/>\n<script type=\"application\/ld+json\" class=\"yoast-schema-graph\">{\"@context\":\"https:\\\/\\\/schema.org\",\"@graph\":[{\"@type\":\"WebPage\",\"@id\":\"https:\\\/\\\/shop.bantam.ch\\\/de\\\/produkt\\\/mehrfachverbinder-uniquick-12-mm\\\/\",\"url\":\"https:\\\/\\\/shop.bantam.ch\\\/de\\\/produkt\\\/mehrfachverbinder-uniquick-12-mm\\\/\",\"name\":\"Mehrfachverbinder UniQuick \u00d8 12 mm - Bantam Camping AG\",\"isPartOf\":{\"@id\":\"https:\\\/\\\/shop.bantam.ch\\\/de\\\/#website\"},\"primaryImageOfPage\":{\"@id\":\"https:\\\/\\\/shop.bantam.ch\\\/de\\\/produkt\\\/mehrfachverbinder-uniquick-12-mm\\\/#primaryimage\"},\"image\":{\"@id\":\"https:\\\/\\\/shop.bantam.ch\\\/de\\\/produkt\\\/mehrfachverbinder-uniquick-12-mm\\\/#primaryimage\"},\"thumbnailUrl\":\"https:\\\/\\\/shop.bantam.ch\\\/wp-content\\\/uploads\\\/2023\\\/02\\\/9981494-UniQuick_Mehrfachverbinder_12mm-Standard-01-1.jpg\",\"datePublished\":\"2023-02-23T10:53:22+00:00\",\"dateModified\":\"2026-04-17T19:03:49+00:00\",\"breadcrumb\":{\"@id\":\"https:\\\/\\\/shop.bantam.ch\\\/de\\\/produkt\\\/mehrfachverbinder-uniquick-12-mm\\\/#breadcrumb\"},\"inLanguage\":\"de\",\"potentialAction\":[{\"@type\":\"ReadAction\",\"target\":[\"https:\\\/\\\/shop.bantam.ch\\\/de\\\/produkt\\\/mehrfachverbinder-uniquick-12-mm\\\/\"]}]},{\"@type\":\"ImageObject\",\"inLanguage\":\"de\",\"@id\":\"https:\\\/\\\/shop.bantam.ch\\\/de\\\/produkt\\\/mehrfachverbinder-uniquick-12-mm\\\/#primaryimage\",\"url\":\"https:\\\/\\\/shop.bantam.ch\\\/wp-content\\\/uploads\\\/2023\\\/02\\\/9981494-UniQuick_Mehrfachverbinder_12mm-Standard-01-1.jpg\",\"contentUrl\":\"https:\\\/\\\/shop.bantam.ch\\\/wp-content\\\/uploads\\\/2023\\\/02\\\/9981494-UniQuick_Mehrfachverbinder_12mm-Standard-01-1.jpg\",\"width\":1000,\"height\":733},{\"@type\":\"BreadcrumbList\",\"@id\":\"https:\\\/\\\/shop.bantam.ch\\\/de\\\/produkt\\\/mehrfachverbinder-uniquick-12-mm\\\/#breadcrumb\",\"itemListElement\":[{\"@type\":\"ListItem\",\"position\":1,\"name\":\"Accueil\",\"item\":\"https:\\\/\\\/shop.bantam.ch\\\/de\\\/\"},{\"@type\":\"ListItem\",\"position\":2,\"name\":\"Shop\",\"item\":\"https:\\\/\\\/shop.bantam.ch\\\/de\\\/shop\\\/\"},{\"@type\":\"ListItem\",\"position\":3,\"name\":\"Mehrfachverbinder UniQuick \u00d8 12 mm\"}]},{\"@type\":\"WebSite\",\"@id\":\"https:\\\/\\\/shop.bantam.ch\\\/de\\\/#website\",\"url\":\"https:\\\/\\\/shop.bantam.ch\\\/de\\\/\",\"name\":\"Bantam Camping AG\",\"description\":\"\",\"publisher\":{\"@id\":\"https:\\\/\\\/shop.bantam.ch\\\/de\\\/#organization\"},\"inLanguage\":\"de\"},{\"@type\":\"Organization\",\"@id\":\"https:\\\/\\\/shop.bantam.ch\\\/de\\\/#organization\",\"name\":\"Bantam Camping AG\",\"url\":\"https:\\\/\\\/shop.bantam.ch\\\/de\\\/\",\"logo\":{\"@type\":\"ImageObject\",\"inLanguage\":\"de\",\"@id\":\"https:\\\/\\\/shop.bantam.ch\\\/de\\\/#\\\/schema\\\/logo\\\/image\\\/\",\"url\":\"https:\\\/\\\/shop.bantam.ch\\\/wp-content\\\/uploads\\\/2022\\\/12\\\/bantam-logo.png\",\"contentUrl\":\"https:\\\/\\\/shop.bantam.ch\\\/wp-content\\\/uploads\\\/2022\\\/12\\\/bantam-logo.png\",\"width\":320,\"height\":71,\"caption\":\"Bantam Camping AG\"},\"image\":{\"@id\":\"https:\\\/\\\/shop.bantam.ch\\\/de\\\/#\\\/schema\\\/logo\\\/image\\\/\"}}]}<\/script>\n<!-- \/ Yoast SEO plugin. -->","yoast_head_json":{"title":"Mehrfachverbinder UniQuick \u00d8 12 mm - Bantam Camping AG","robots":{"index":"index","follow":"follow","max-snippet":"max-snippet:-1","max-image-preview":"max-image-preview:large","max-video-preview":"max-video-preview:-1"},"canonical":"https:\/\/shop.bantam.ch\/de\/produkt\/mehrfachverbinder-uniquick-12-mm\/","og_locale":"de_DE","og_type":"article","og_title":"Mehrfachverbinder UniQuick \u00d8 12 mm - Bantam Camping AG","og_description":"Das steckbare UniQuick-Rohrsystem in der Dimension 12 mm hat viele Vorteile gegen\u00fcber herk\u00f6mmlichen Schlauchsystemen. Das einzigartige UniQuick-Rohr besteht aus einem besonderen Material, das selbst die neuesten und strengsten Trinkwasser- und Lebensmittelrichtlinien in Deutschland und Europa erf\u00fcllt und dies nicht nur bei Temperaturen bis 60 \u00b0C sondern sogar bis 90 \u00b0C. Die Montage erfolgt durch einfaches [&hellip;]","og_url":"https:\/\/shop.bantam.ch\/de\/produkt\/mehrfachverbinder-uniquick-12-mm\/","og_site_name":"Bantam Camping AG","article_modified_time":"2026-04-17T19:03:49+00:00","og_image":[{"width":1000,"height":733,"url":"https:\/\/shop.bantam.ch\/wp-content\/uploads\/2023\/02\/9981494-UniQuick_Mehrfachverbinder_12mm-Standard-01-1.jpg","type":"image\/jpeg"}],"twitter_card":"summary_large_image","twitter_misc":{"Gesch\u00e4tzte Lesezeit":"1\u00a0Minute"},"schema":{"@context":"https:\/\/schema.org","@graph":[{"@type":"WebPage","@id":"https:\/\/shop.bantam.ch\/de\/produkt\/mehrfachverbinder-uniquick-12-mm\/","url":"https:\/\/shop.bantam.ch\/de\/produkt\/mehrfachverbinder-uniquick-12-mm\/","name":"Mehrfachverbinder UniQuick \u00d8 12 mm - Bantam Camping AG","isPartOf":{"@id":"https:\/\/shop.bantam.ch\/de\/#website"},"primaryImageOfPage":{"@id":"https:\/\/shop.bantam.ch\/de\/produkt\/mehrfachverbinder-uniquick-12-mm\/#primaryimage"},"image":{"@id":"https:\/\/shop.bantam.ch\/de\/produkt\/mehrfachverbinder-uniquick-12-mm\/#primaryimage"},"thumbnailUrl":"https:\/\/shop.bantam.ch\/wp-content\/uploads\/2023\/02\/9981494-UniQuick_Mehrfachverbinder_12mm-Standard-01-1.jpg","datePublished":"2023-02-23T10:53:22+00:00","dateModified":"2026-04-17T19:03:49+00:00","breadcrumb":{"@id":"https:\/\/shop.bantam.ch\/de\/produkt\/mehrfachverbinder-uniquick-12-mm\/#breadcrumb"},"inLanguage":"de","potentialAction":[{"@type":"ReadAction","target":["https:\/\/shop.bantam.ch\/de\/produkt\/mehrfachverbinder-uniquick-12-mm\/"]}]},{"@type":"ImageObject","inLanguage":"de","@id":"https:\/\/shop.bantam.ch\/de\/produkt\/mehrfachverbinder-uniquick-12-mm\/#primaryimage","url":"https:\/\/shop.bantam.ch\/wp-content\/uploads\/2023\/02\/9981494-UniQuick_Mehrfachverbinder_12mm-Standard-01-1.jpg","contentUrl":"https:\/\/shop.bantam.ch\/wp-content\/uploads\/2023\/02\/9981494-UniQuick_Mehrfachverbinder_12mm-Standard-01-1.jpg","width":1000,"height":733},{"@type":"BreadcrumbList","@id":"https:\/\/shop.bantam.ch\/de\/produkt\/mehrfachverbinder-uniquick-12-mm\/#breadcrumb","itemListElement":[{"@type":"ListItem","position":1,"name":"Accueil","item":"https:\/\/shop.bantam.ch\/de\/"},{"@type":"ListItem","position":2,"name":"Shop","item":"https:\/\/shop.bantam.ch\/de\/shop\/"},{"@type":"ListItem","position":3,"name":"Mehrfachverbinder UniQuick \u00d8 12 mm"}]},{"@type":"WebSite","@id":"https:\/\/shop.bantam.ch\/de\/#website","url":"https:\/\/shop.bantam.ch\/de\/","name":"Bantam Camping AG","description":"","publisher":{"@id":"https:\/\/shop.bantam.ch\/de\/#organization"},"inLanguage":"de"},{"@type":"Organization","@id":"https:\/\/shop.bantam.ch\/de\/#organization","name":"Bantam Camping AG","url":"https:\/\/shop.bantam.ch\/de\/","logo":{"@type":"ImageObject","inLanguage":"de","@id":"https:\/\/shop.bantam.ch\/de\/#\/schema\/logo\/image\/","url":"https:\/\/shop.bantam.ch\/wp-content\/uploads\/2022\/12\/bantam-logo.png","contentUrl":"https:\/\/shop.bantam.ch\/wp-content\/uploads\/2022\/12\/bantam-logo.png","width":320,"height":71,"caption":"Bantam Camping AG"},"image":{"@id":"https:\/\/shop.bantam.ch\/de\/#\/schema\/logo\/image\/"}}]}},"_links":{"self":[{"href":"https:\/\/shop.bantam.ch\/de\/wp-json\/wp\/v2\/product\/44103","targetHints":{"allow":["GET"]}}],"collection":[{"href":"https:\/\/shop.bantam.ch\/de\/wp-json\/wp\/v2\/product"}],"about":[{"href":"https:\/\/shop.bantam.ch\/de\/wp-json\/wp\/v2\/types\/product"}],"wp:featuredmedia":[{"embeddable":true,"href":"https:\/\/shop.bantam.ch\/de\/wp-json\/wp\/v2\/media\/44101"}],"wp:attachment":[{"href":"https:\/\/shop.bantam.ch\/de\/wp-json\/wp\/v2\/media?parent=44103"}],"wp:term":[{"taxonomy":"product_featured_cat","embeddable":true,"href":"https:\/\/shop.bantam.ch\/de\/wp-json\/wp\/v2\/product_featured_cat?post=44103"},{"taxonomy":"product_brand","embeddable":true,"href":"https:\/\/shop.bantam.ch\/de\/wp-json\/wp\/v2\/product_brand?post=44103"},{"taxonomy":"product_cat","embeddable":true,"href":"https:\/\/shop.bantam.ch\/de\/wp-json\/wp\/v2\/product_cat?post=44103"},{"taxonomy":"product_tag","embeddable":true,"href":"https:\/\/shop.bantam.ch\/de\/wp-json\/wp\/v2\/product_tag?post=44103"}],"curies":[{"name":"wp","href":"https:\/\/api.w.org\/{rel}","templated":true}]}}