{"id":43743,"date":"2023-02-23T11:46:26","date_gmt":"2023-02-23T10:46:26","guid":{"rendered":"http:\/\/preprod-dev.sh1.hidora.com\/webshop\/produit\/beach-rolly-blau\/"},"modified":"2026-05-11T21:03:04","modified_gmt":"2026-05-11T19:03:04","slug":"beach-rolly-blau","status":"publish","type":"product","link":"https:\/\/shop.bantam.ch\/de\/produkt\/beach-rolly-blau\/","title":{"rendered":"Beach Rolly Eckla Sitz- und Transportwagen mit Luftr\u00e4der Farbe blau"},"content":{"rendered":"<p>Ideale Transporthilfe f\u00fcr Badesachen, Getr\u00e4nke, K\u00fchltaschen, Tauch- und Angelausr\u00fcstung und vieles mehr. Selbst Surfbretter, Kajaks oder kleinere Boote k\u00f6nnen mit dem Beach-Rolly tranportiert werden. Leer ist er auch ein idealer Sitz. Er besteht aus einer stabilen, nichtrostenden Aluminium-Konstuktion. Die breiten luftbef\u00fcllten R\u00e4der verhindern ein Einsinken in den Sand und erm\u00f6glichen so einen bequemen Transport. Zusammengeklappt ben\u00f6tigt der Beach-Rolly nur wenig Platz im Kofferraum.<\/p>\n<p>Material:<br \/>95 % Polyester<br \/>5 % PVC<\/p>\n<ul>\n<li>Traglast: 100 kg<\/li>\n<li>Rad-\u00d8: 26 cm<\/li>\n<\/ul>\n","protected":false},"excerpt":{"rendered":"<p>Ideale Transporthilfe f\u00fcr Badesachen, Getr\u00e4nke, K\u00fchltaschen, Tauch- und Angelausr\u00fcstung und vieles mehr. Selbst Surfbretter, Kajaks oder kleinere Boote k\u00f6nnen mit dem Beach-Rolly tranportiert werden. Leer ist er auch ein idealer Sitz. Er besteht aus einer stabilen, nichtrostenden Aluminium-Konstuktion. Die breiten luftbef\u00fcllten R\u00e4der verhindern ein Einsinken in den Sand und erm\u00f6glichen so einen bequemen Transport. Zusammengeklappt [&hellip;]<\/p>\n","protected":false},"featured_media":43741,"template":"","meta":{"_acf_changed":false},"product_featured_cat":[],"product_brand":[3349],"product_cat":[4470],"product_tag":[],"class_list":{"0":"post-43743","1":"product","2":"type-product","3":"status-publish","4":"has-post-thumbnail","6":"product_brand-eckla-de","7":"product_cat-strandwagen","9":"first","10":"instock","11":"taxable","12":"shipping-taxable","13":"purchasable","14":"product-type-simple"},"acf":[],"yoast_head":"<!-- This site is optimized with the Yoast SEO plugin v27.5 - https:\/\/yoast.com\/product\/yoast-seo-wordpress\/ -->\n<title>Beach Rolly Eckla Sitz- und Transportwagen mit Luftr\u00e4der Farbe blau - Bantam<\/title>\n<meta name=\"robots\" content=\"index, follow, max-snippet:-1, max-image-preview:large, max-video-preview:-1\" \/>\n<link rel=\"canonical\" href=\"https:\/\/shop.bantam.ch\/de\/produkt\/beach-rolly-blau\/\" \/>\n<meta property=\"og:locale\" content=\"de_DE\" \/>\n<meta property=\"og:type\" content=\"article\" \/>\n<meta property=\"og:title\" content=\"Beach Rolly Eckla Sitz- und Transportwagen mit Luftr\u00e4der Farbe blau - Bantam\" \/>\n<meta property=\"og:description\" content=\"Ideale Transporthilfe f\u00fcr Badesachen, Getr\u00e4nke, K\u00fchltaschen, Tauch- und Angelausr\u00fcstung und vieles mehr. Selbst Surfbretter, Kajaks oder kleinere Boote k\u00f6nnen mit dem Beach-Rolly tranportiert werden. Leer ist er auch ein idealer Sitz. Er besteht aus einer stabilen, nichtrostenden Aluminium-Konstuktion. Die breiten luftbef\u00fcllten R\u00e4der verhindern ein Einsinken in den Sand und erm\u00f6glichen so einen bequemen Transport. Zusammengeklappt [&hellip;]\" \/>\n<meta property=\"og:url\" content=\"https:\/\/shop.bantam.ch\/de\/produkt\/beach-rolly-blau\/\" \/>\n<meta property=\"og:site_name\" content=\"Bantam\" \/>\n<meta property=\"article:modified_time\" content=\"2026-05-11T19:03:04+00:00\" \/>\n<meta property=\"og:image\" content=\"https:\/\/shop.bantam.ch\/wp-content\/uploads\/2023\/02\/9980840-Beach_Rolly_Eckla_blau-Standard-01-1.jpg\" \/>\n\t<meta property=\"og:image:width\" content=\"665\" \/>\n\t<meta property=\"og:image:height\" content=\"1000\" \/>\n\t<meta property=\"og:image:type\" content=\"image\/jpeg\" \/>\n<meta name=\"twitter:card\" content=\"summary_large_image\" \/>\n<script type=\"application\/ld+json\" class=\"yoast-schema-graph\">{\"@context\":\"https:\\\/\\\/schema.org\",\"@graph\":[{\"@type\":\"WebPage\",\"@id\":\"https:\\\/\\\/shop.bantam.ch\\\/de\\\/produkt\\\/beach-rolly-blau\\\/\",\"url\":\"https:\\\/\\\/shop.bantam.ch\\\/de\\\/produkt\\\/beach-rolly-blau\\\/\",\"name\":\"Beach Rolly Eckla Sitz- und Transportwagen mit Luftr\u00e4der Farbe blau - Bantam\",\"isPartOf\":{\"@id\":\"https:\\\/\\\/shop.bantam.ch\\\/de\\\/#website\"},\"primaryImageOfPage\":{\"@id\":\"https:\\\/\\\/shop.bantam.ch\\\/de\\\/produkt\\\/beach-rolly-blau\\\/#primaryimage\"},\"image\":{\"@id\":\"https:\\\/\\\/shop.bantam.ch\\\/de\\\/produkt\\\/beach-rolly-blau\\\/#primaryimage\"},\"thumbnailUrl\":\"https:\\\/\\\/shop.bantam.ch\\\/wp-content\\\/uploads\\\/2023\\\/02\\\/9980840-Beach_Rolly_Eckla_blau-Standard-01-1.jpg\",\"datePublished\":\"2023-02-23T10:46:26+00:00\",\"dateModified\":\"2026-05-11T19:03:04+00:00\",\"breadcrumb\":{\"@id\":\"https:\\\/\\\/shop.bantam.ch\\\/de\\\/produkt\\\/beach-rolly-blau\\\/#breadcrumb\"},\"inLanguage\":\"de\",\"potentialAction\":[{\"@type\":\"ReadAction\",\"target\":[\"https:\\\/\\\/shop.bantam.ch\\\/de\\\/produkt\\\/beach-rolly-blau\\\/\"]}]},{\"@type\":\"ImageObject\",\"inLanguage\":\"de\",\"@id\":\"https:\\\/\\\/shop.bantam.ch\\\/de\\\/produkt\\\/beach-rolly-blau\\\/#primaryimage\",\"url\":\"https:\\\/\\\/shop.bantam.ch\\\/wp-content\\\/uploads\\\/2023\\\/02\\\/9980840-Beach_Rolly_Eckla_blau-Standard-01-1.jpg\",\"contentUrl\":\"https:\\\/\\\/shop.bantam.ch\\\/wp-content\\\/uploads\\\/2023\\\/02\\\/9980840-Beach_Rolly_Eckla_blau-Standard-01-1.jpg\",\"width\":665,\"height\":1000},{\"@type\":\"BreadcrumbList\",\"@id\":\"https:\\\/\\\/shop.bantam.ch\\\/de\\\/produkt\\\/beach-rolly-blau\\\/#breadcrumb\",\"itemListElement\":[{\"@type\":\"ListItem\",\"position\":1,\"name\":\"Accueil\",\"item\":\"https:\\\/\\\/shop.bantam.ch\\\/de\\\/\"},{\"@type\":\"ListItem\",\"position\":2,\"name\":\"Shop\",\"item\":\"https:\\\/\\\/shop.bantam.ch\\\/de\\\/shop\\\/\"},{\"@type\":\"ListItem\",\"position\":3,\"name\":\"Beach Rolly Eckla Sitz- und Transportwagen mit Luftr\u00e4der Farbe blau\"}]},{\"@type\":\"WebSite\",\"@id\":\"https:\\\/\\\/shop.bantam.ch\\\/de\\\/#website\",\"url\":\"https:\\\/\\\/shop.bantam.ch\\\/de\\\/\",\"name\":\"Bantam\",\"description\":\"\",\"publisher\":{\"@id\":\"https:\\\/\\\/shop.bantam.ch\\\/de\\\/#organization\"},\"inLanguage\":\"de\"},{\"@type\":\"Organization\",\"@id\":\"https:\\\/\\\/shop.bantam.ch\\\/de\\\/#organization\",\"name\":\"Bantam\",\"url\":\"https:\\\/\\\/shop.bantam.ch\\\/de\\\/\",\"logo\":{\"@type\":\"ImageObject\",\"inLanguage\":\"de\",\"@id\":\"https:\\\/\\\/shop.bantam.ch\\\/de\\\/#\\\/schema\\\/logo\\\/image\\\/\",\"url\":\"https:\\\/\\\/shop.bantam.ch\\\/wp-content\\\/uploads\\\/2022\\\/12\\\/bantam-logo.png\",\"contentUrl\":\"https:\\\/\\\/shop.bantam.ch\\\/wp-content\\\/uploads\\\/2022\\\/12\\\/bantam-logo.png\",\"width\":320,\"height\":71,\"caption\":\"Bantam\"},\"image\":{\"@id\":\"https:\\\/\\\/shop.bantam.ch\\\/de\\\/#\\\/schema\\\/logo\\\/image\\\/\"}}]}<\/script>\n<!-- \/ Yoast SEO plugin. -->","yoast_head_json":{"title":"Beach Rolly Eckla Sitz- und Transportwagen mit Luftr\u00e4der Farbe blau - Bantam","robots":{"index":"index","follow":"follow","max-snippet":"max-snippet:-1","max-image-preview":"max-image-preview:large","max-video-preview":"max-video-preview:-1"},"canonical":"https:\/\/shop.bantam.ch\/de\/produkt\/beach-rolly-blau\/","og_locale":"de_DE","og_type":"article","og_title":"Beach Rolly Eckla Sitz- und Transportwagen mit Luftr\u00e4der Farbe blau - Bantam","og_description":"Ideale Transporthilfe f\u00fcr Badesachen, Getr\u00e4nke, K\u00fchltaschen, Tauch- und Angelausr\u00fcstung und vieles mehr. Selbst Surfbretter, Kajaks oder kleinere Boote k\u00f6nnen mit dem Beach-Rolly tranportiert werden. Leer ist er auch ein idealer Sitz. Er besteht aus einer stabilen, nichtrostenden Aluminium-Konstuktion. Die breiten luftbef\u00fcllten R\u00e4der verhindern ein Einsinken in den Sand und erm\u00f6glichen so einen bequemen Transport. Zusammengeklappt [&hellip;]","og_url":"https:\/\/shop.bantam.ch\/de\/produkt\/beach-rolly-blau\/","og_site_name":"Bantam","article_modified_time":"2026-05-11T19:03:04+00:00","og_image":[{"width":665,"height":1000,"url":"https:\/\/shop.bantam.ch\/wp-content\/uploads\/2023\/02\/9980840-Beach_Rolly_Eckla_blau-Standard-01-1.jpg","type":"image\/jpeg"}],"twitter_card":"summary_large_image","schema":{"@context":"https:\/\/schema.org","@graph":[{"@type":"WebPage","@id":"https:\/\/shop.bantam.ch\/de\/produkt\/beach-rolly-blau\/","url":"https:\/\/shop.bantam.ch\/de\/produkt\/beach-rolly-blau\/","name":"Beach Rolly Eckla Sitz- und Transportwagen mit Luftr\u00e4der Farbe blau - Bantam","isPartOf":{"@id":"https:\/\/shop.bantam.ch\/de\/#website"},"primaryImageOfPage":{"@id":"https:\/\/shop.bantam.ch\/de\/produkt\/beach-rolly-blau\/#primaryimage"},"image":{"@id":"https:\/\/shop.bantam.ch\/de\/produkt\/beach-rolly-blau\/#primaryimage"},"thumbnailUrl":"https:\/\/shop.bantam.ch\/wp-content\/uploads\/2023\/02\/9980840-Beach_Rolly_Eckla_blau-Standard-01-1.jpg","datePublished":"2023-02-23T10:46:26+00:00","dateModified":"2026-05-11T19:03:04+00:00","breadcrumb":{"@id":"https:\/\/shop.bantam.ch\/de\/produkt\/beach-rolly-blau\/#breadcrumb"},"inLanguage":"de","potentialAction":[{"@type":"ReadAction","target":["https:\/\/shop.bantam.ch\/de\/produkt\/beach-rolly-blau\/"]}]},{"@type":"ImageObject","inLanguage":"de","@id":"https:\/\/shop.bantam.ch\/de\/produkt\/beach-rolly-blau\/#primaryimage","url":"https:\/\/shop.bantam.ch\/wp-content\/uploads\/2023\/02\/9980840-Beach_Rolly_Eckla_blau-Standard-01-1.jpg","contentUrl":"https:\/\/shop.bantam.ch\/wp-content\/uploads\/2023\/02\/9980840-Beach_Rolly_Eckla_blau-Standard-01-1.jpg","width":665,"height":1000},{"@type":"BreadcrumbList","@id":"https:\/\/shop.bantam.ch\/de\/produkt\/beach-rolly-blau\/#breadcrumb","itemListElement":[{"@type":"ListItem","position":1,"name":"Accueil","item":"https:\/\/shop.bantam.ch\/de\/"},{"@type":"ListItem","position":2,"name":"Shop","item":"https:\/\/shop.bantam.ch\/de\/shop\/"},{"@type":"ListItem","position":3,"name":"Beach Rolly Eckla Sitz- und Transportwagen mit Luftr\u00e4der Farbe blau"}]},{"@type":"WebSite","@id":"https:\/\/shop.bantam.ch\/de\/#website","url":"https:\/\/shop.bantam.ch\/de\/","name":"Bantam","description":"","publisher":{"@id":"https:\/\/shop.bantam.ch\/de\/#organization"},"inLanguage":"de"},{"@type":"Organization","@id":"https:\/\/shop.bantam.ch\/de\/#organization","name":"Bantam","url":"https:\/\/shop.bantam.ch\/de\/","logo":{"@type":"ImageObject","inLanguage":"de","@id":"https:\/\/shop.bantam.ch\/de\/#\/schema\/logo\/image\/","url":"https:\/\/shop.bantam.ch\/wp-content\/uploads\/2022\/12\/bantam-logo.png","contentUrl":"https:\/\/shop.bantam.ch\/wp-content\/uploads\/2022\/12\/bantam-logo.png","width":320,"height":71,"caption":"Bantam"},"image":{"@id":"https:\/\/shop.bantam.ch\/de\/#\/schema\/logo\/image\/"}}]}},"_links":{"self":[{"href":"https:\/\/shop.bantam.ch\/de\/wp-json\/wp\/v2\/product\/43743","targetHints":{"allow":["GET"]}}],"collection":[{"href":"https:\/\/shop.bantam.ch\/de\/wp-json\/wp\/v2\/product"}],"about":[{"href":"https:\/\/shop.bantam.ch\/de\/wp-json\/wp\/v2\/types\/product"}],"wp:featuredmedia":[{"embeddable":true,"href":"https:\/\/shop.bantam.ch\/de\/wp-json\/wp\/v2\/media\/43741"}],"wp:attachment":[{"href":"https:\/\/shop.bantam.ch\/de\/wp-json\/wp\/v2\/media?parent=43743"}],"wp:term":[{"taxonomy":"product_featured_cat","embeddable":true,"href":"https:\/\/shop.bantam.ch\/de\/wp-json\/wp\/v2\/product_featured_cat?post=43743"},{"taxonomy":"product_brand","embeddable":true,"href":"https:\/\/shop.bantam.ch\/de\/wp-json\/wp\/v2\/product_brand?post=43743"},{"taxonomy":"product_cat","embeddable":true,"href":"https:\/\/shop.bantam.ch\/de\/wp-json\/wp\/v2\/product_cat?post=43743"},{"taxonomy":"product_tag","embeddable":true,"href":"https:\/\/shop.bantam.ch\/de\/wp-json\/wp\/v2\/product_tag?post=43743"}],"curies":[{"name":"wp","href":"https:\/\/api.w.org\/{rel}","templated":true}]}}