{"id":43715,"date":"2023-02-23T11:45:49","date_gmt":"2023-02-23T10:45:49","guid":{"rendered":"http:\/\/preprod-dev.sh1.hidora.com\/webshop\/produit\/luftkissen-camper\/"},"modified":"2026-04-18T21:03:14","modified_gmt":"2026-04-18T19:03:14","slug":"luftkissen-camper","status":"publish","type":"product","link":"https:\/\/shop.bantam.ch\/de\/produkt\/luftkissen-camper\/","title":{"rendered":"Luftkissen flat-jack Camper"},"content":{"rendered":"<p>Das Reifenluftkissen zur Vermeidung von Standplatten ist doppelwandig strukturiert. Die inneren Membranen dienen der maximalen Dichtheit. Die \u00e4u\u00dfere H\u00fclle ist f\u00fcr die Langlebigkeit und Formstabilit\u00e4t verantwortlich.\u00a0 Das Reifenluftkissen erm\u00f6glicht durch unterschiedlich dimensionierte Kammern eine optimale Anpassung an jede Reifenkontur. Die Auflagefl\u00e4che wird vergr\u00f6\u00dfert, der Auflagedruck wirksam verringert und gleichm\u00e4\u00dfig verteilt. Seitliche Kr\u00e4fte werden wirkungsvoll reduziert und Verspannungen im Fahrzeug kompensiert. Die Camper-Edition besitzt eine speziell f\u00fcr schwere Fahrzeuge (Campervan, Wohnwagen) ausgelegte Innenkonstruktion. Campingmobile k\u00f6nnen daher problemlos mit untergelegten Reifenkissen betreten und auf dem Campingplatz als Niveauausgleich verwendet werden.<\/p>\n<ul>\n<li>Einzigartig: Hohe Aufstandsfl\u00e4che mit gleichm\u00e4\u00dfiger<\/li>\n<li>Druckverteilung \u00fcber die gesamte Auflagefl\u00e4che<\/li>\n<li>Optimale thermische Isolation: Schutz des Reifenmaterials\u00a0 vor K\u00e4lte<\/li>\n<li>Vollst\u00e4ndige Entkopplung vom Boden. Seitlich wirkende Kr\u00e4fte k\u00f6nnen sich auf dem flexiblen Polster aufl\u00f6sen<\/li>\n<li>Entlastung von Aufh\u00e4ngung und Lager<\/li>\n<li>Hochwertiges Material und Verarbeitung<\/li>\n<li>Hohe Belastbarkeit und Tragkraft \u2013 geeignet f\u00fcr Fahrzeuge bis 7,5t<\/li>\n<li>Einfache Handhabung<\/li>\n<li>Produktaufdruck als Zentrierhilfe.<\/li>\n<li>Geringer Platzbedarf<\/li>\n<li>H\u00f6henausgleich in unebenem Gel\u00e4nde bis 6 cm<\/li>\n<\/ul>\n","protected":false},"excerpt":{"rendered":"<p>Das Reifenluftkissen zur Vermeidung von Standplatten ist doppelwandig strukturiert. Die inneren Membranen dienen der maximalen Dichtheit. Die \u00e4u\u00dfere H\u00fclle ist f\u00fcr die Langlebigkeit und Formstabilit\u00e4t verantwortlich.\u00a0 Das Reifenluftkissen erm\u00f6glicht durch unterschiedlich dimensionierte Kammern eine optimale Anpassung an jede Reifenkontur. Die Auflagefl\u00e4che wird vergr\u00f6\u00dfert, der Auflagedruck wirksam verringert und gleichm\u00e4\u00dfig verteilt. Seitliche Kr\u00e4fte werden wirkungsvoll reduziert [&hellip;]<\/p>\n","protected":false},"featured_media":43711,"template":"","meta":{"_acf_changed":false},"product_featured_cat":[],"product_brand":[3101],"product_cat":[4770],"product_tag":[],"class_list":{"0":"post-43715","1":"product","2":"type-product","3":"status-publish","4":"has-post-thumbnail","6":"product_brand-flat-jack-de","7":"product_cat-auffahrkeile","9":"first","10":"instock","11":"taxable","12":"shipping-taxable","13":"purchasable","14":"product-type-simple"},"acf":[],"yoast_head":"<!-- This site is optimized with the Yoast SEO plugin v27.4 - https:\/\/yoast.com\/product\/yoast-seo-wordpress\/ -->\n<title>Luftkissen flat-jack Camper - Bantam Camping AG<\/title>\n<meta name=\"robots\" content=\"index, follow, max-snippet:-1, max-image-preview:large, max-video-preview:-1\" \/>\n<link rel=\"canonical\" href=\"https:\/\/shop.bantam.ch\/de\/produkt\/luftkissen-camper\/\" \/>\n<meta property=\"og:locale\" content=\"de_DE\" \/>\n<meta property=\"og:type\" content=\"article\" \/>\n<meta property=\"og:title\" content=\"Luftkissen flat-jack Camper - Bantam Camping AG\" \/>\n<meta property=\"og:description\" content=\"Das Reifenluftkissen zur Vermeidung von Standplatten ist doppelwandig strukturiert. Die inneren Membranen dienen der maximalen Dichtheit. Die \u00e4u\u00dfere H\u00fclle ist f\u00fcr die Langlebigkeit und Formstabilit\u00e4t verantwortlich.\u00a0 Das Reifenluftkissen erm\u00f6glicht durch unterschiedlich dimensionierte Kammern eine optimale Anpassung an jede Reifenkontur. Die Auflagefl\u00e4che wird vergr\u00f6\u00dfert, der Auflagedruck wirksam verringert und gleichm\u00e4\u00dfig verteilt. Seitliche Kr\u00e4fte werden wirkungsvoll reduziert [&hellip;]\" \/>\n<meta property=\"og:url\" content=\"https:\/\/shop.bantam.ch\/de\/produkt\/luftkissen-camper\/\" \/>\n<meta property=\"og:site_name\" content=\"Bantam Camping AG\" \/>\n<meta property=\"article:modified_time\" content=\"2026-04-18T19:03:14+00:00\" \/>\n<meta property=\"og:image\" content=\"https:\/\/shop.bantam.ch\/wp-content\/uploads\/2023\/02\/9960068-flat-jack_Luftkissen_Camper-Edition-Standard-01-1.jpg\" \/>\n\t<meta property=\"og:image:width\" content=\"1000\" \/>\n\t<meta property=\"og:image:height\" content=\"669\" \/>\n\t<meta property=\"og:image:type\" content=\"image\/jpeg\" \/>\n<meta name=\"twitter:card\" content=\"summary_large_image\" \/>\n<meta name=\"twitter:label1\" content=\"Gesch\u00e4tzte Lesezeit\" \/>\n\t<meta name=\"twitter:data1\" content=\"1\u00a0Minute\" \/>\n<script type=\"application\/ld+json\" class=\"yoast-schema-graph\">{\"@context\":\"https:\\\/\\\/schema.org\",\"@graph\":[{\"@type\":\"WebPage\",\"@id\":\"https:\\\/\\\/shop.bantam.ch\\\/de\\\/produkt\\\/luftkissen-camper\\\/\",\"url\":\"https:\\\/\\\/shop.bantam.ch\\\/de\\\/produkt\\\/luftkissen-camper\\\/\",\"name\":\"Luftkissen flat-jack Camper - Bantam Camping AG\",\"isPartOf\":{\"@id\":\"https:\\\/\\\/shop.bantam.ch\\\/de\\\/#website\"},\"primaryImageOfPage\":{\"@id\":\"https:\\\/\\\/shop.bantam.ch\\\/de\\\/produkt\\\/luftkissen-camper\\\/#primaryimage\"},\"image\":{\"@id\":\"https:\\\/\\\/shop.bantam.ch\\\/de\\\/produkt\\\/luftkissen-camper\\\/#primaryimage\"},\"thumbnailUrl\":\"https:\\\/\\\/shop.bantam.ch\\\/wp-content\\\/uploads\\\/2023\\\/02\\\/9960068-flat-jack_Luftkissen_Camper-Edition-Standard-01-1.jpg\",\"datePublished\":\"2023-02-23T10:45:49+00:00\",\"dateModified\":\"2026-04-18T19:03:14+00:00\",\"breadcrumb\":{\"@id\":\"https:\\\/\\\/shop.bantam.ch\\\/de\\\/produkt\\\/luftkissen-camper\\\/#breadcrumb\"},\"inLanguage\":\"de\",\"potentialAction\":[{\"@type\":\"ReadAction\",\"target\":[\"https:\\\/\\\/shop.bantam.ch\\\/de\\\/produkt\\\/luftkissen-camper\\\/\"]}]},{\"@type\":\"ImageObject\",\"inLanguage\":\"de\",\"@id\":\"https:\\\/\\\/shop.bantam.ch\\\/de\\\/produkt\\\/luftkissen-camper\\\/#primaryimage\",\"url\":\"https:\\\/\\\/shop.bantam.ch\\\/wp-content\\\/uploads\\\/2023\\\/02\\\/9960068-flat-jack_Luftkissen_Camper-Edition-Standard-01-1.jpg\",\"contentUrl\":\"https:\\\/\\\/shop.bantam.ch\\\/wp-content\\\/uploads\\\/2023\\\/02\\\/9960068-flat-jack_Luftkissen_Camper-Edition-Standard-01-1.jpg\",\"width\":1000,\"height\":669},{\"@type\":\"BreadcrumbList\",\"@id\":\"https:\\\/\\\/shop.bantam.ch\\\/de\\\/produkt\\\/luftkissen-camper\\\/#breadcrumb\",\"itemListElement\":[{\"@type\":\"ListItem\",\"position\":1,\"name\":\"Accueil\",\"item\":\"https:\\\/\\\/shop.bantam.ch\\\/de\\\/\"},{\"@type\":\"ListItem\",\"position\":2,\"name\":\"Shop\",\"item\":\"https:\\\/\\\/shop.bantam.ch\\\/de\\\/shop\\\/\"},{\"@type\":\"ListItem\",\"position\":3,\"name\":\"Luftkissen flat-jack Camper\"}]},{\"@type\":\"WebSite\",\"@id\":\"https:\\\/\\\/shop.bantam.ch\\\/de\\\/#website\",\"url\":\"https:\\\/\\\/shop.bantam.ch\\\/de\\\/\",\"name\":\"Bantam Camping AG\",\"description\":\"\",\"publisher\":{\"@id\":\"https:\\\/\\\/shop.bantam.ch\\\/de\\\/#organization\"},\"inLanguage\":\"de\"},{\"@type\":\"Organization\",\"@id\":\"https:\\\/\\\/shop.bantam.ch\\\/de\\\/#organization\",\"name\":\"Bantam Camping AG\",\"url\":\"https:\\\/\\\/shop.bantam.ch\\\/de\\\/\",\"logo\":{\"@type\":\"ImageObject\",\"inLanguage\":\"de\",\"@id\":\"https:\\\/\\\/shop.bantam.ch\\\/de\\\/#\\\/schema\\\/logo\\\/image\\\/\",\"url\":\"https:\\\/\\\/shop.bantam.ch\\\/wp-content\\\/uploads\\\/2022\\\/12\\\/bantam-logo.png\",\"contentUrl\":\"https:\\\/\\\/shop.bantam.ch\\\/wp-content\\\/uploads\\\/2022\\\/12\\\/bantam-logo.png\",\"width\":320,\"height\":71,\"caption\":\"Bantam Camping AG\"},\"image\":{\"@id\":\"https:\\\/\\\/shop.bantam.ch\\\/de\\\/#\\\/schema\\\/logo\\\/image\\\/\"}}]}<\/script>\n<!-- \/ Yoast SEO plugin. -->","yoast_head_json":{"title":"Luftkissen flat-jack Camper - Bantam Camping AG","robots":{"index":"index","follow":"follow","max-snippet":"max-snippet:-1","max-image-preview":"max-image-preview:large","max-video-preview":"max-video-preview:-1"},"canonical":"https:\/\/shop.bantam.ch\/de\/produkt\/luftkissen-camper\/","og_locale":"de_DE","og_type":"article","og_title":"Luftkissen flat-jack Camper - Bantam Camping AG","og_description":"Das Reifenluftkissen zur Vermeidung von Standplatten ist doppelwandig strukturiert. Die inneren Membranen dienen der maximalen Dichtheit. Die \u00e4u\u00dfere H\u00fclle ist f\u00fcr die Langlebigkeit und Formstabilit\u00e4t verantwortlich.\u00a0 Das Reifenluftkissen erm\u00f6glicht durch unterschiedlich dimensionierte Kammern eine optimale Anpassung an jede Reifenkontur. Die Auflagefl\u00e4che wird vergr\u00f6\u00dfert, der Auflagedruck wirksam verringert und gleichm\u00e4\u00dfig verteilt. Seitliche Kr\u00e4fte werden wirkungsvoll reduziert [&hellip;]","og_url":"https:\/\/shop.bantam.ch\/de\/produkt\/luftkissen-camper\/","og_site_name":"Bantam Camping AG","article_modified_time":"2026-04-18T19:03:14+00:00","og_image":[{"width":1000,"height":669,"url":"https:\/\/shop.bantam.ch\/wp-content\/uploads\/2023\/02\/9960068-flat-jack_Luftkissen_Camper-Edition-Standard-01-1.jpg","type":"image\/jpeg"}],"twitter_card":"summary_large_image","twitter_misc":{"Gesch\u00e4tzte Lesezeit":"1\u00a0Minute"},"schema":{"@context":"https:\/\/schema.org","@graph":[{"@type":"WebPage","@id":"https:\/\/shop.bantam.ch\/de\/produkt\/luftkissen-camper\/","url":"https:\/\/shop.bantam.ch\/de\/produkt\/luftkissen-camper\/","name":"Luftkissen flat-jack Camper - Bantam Camping AG","isPartOf":{"@id":"https:\/\/shop.bantam.ch\/de\/#website"},"primaryImageOfPage":{"@id":"https:\/\/shop.bantam.ch\/de\/produkt\/luftkissen-camper\/#primaryimage"},"image":{"@id":"https:\/\/shop.bantam.ch\/de\/produkt\/luftkissen-camper\/#primaryimage"},"thumbnailUrl":"https:\/\/shop.bantam.ch\/wp-content\/uploads\/2023\/02\/9960068-flat-jack_Luftkissen_Camper-Edition-Standard-01-1.jpg","datePublished":"2023-02-23T10:45:49+00:00","dateModified":"2026-04-18T19:03:14+00:00","breadcrumb":{"@id":"https:\/\/shop.bantam.ch\/de\/produkt\/luftkissen-camper\/#breadcrumb"},"inLanguage":"de","potentialAction":[{"@type":"ReadAction","target":["https:\/\/shop.bantam.ch\/de\/produkt\/luftkissen-camper\/"]}]},{"@type":"ImageObject","inLanguage":"de","@id":"https:\/\/shop.bantam.ch\/de\/produkt\/luftkissen-camper\/#primaryimage","url":"https:\/\/shop.bantam.ch\/wp-content\/uploads\/2023\/02\/9960068-flat-jack_Luftkissen_Camper-Edition-Standard-01-1.jpg","contentUrl":"https:\/\/shop.bantam.ch\/wp-content\/uploads\/2023\/02\/9960068-flat-jack_Luftkissen_Camper-Edition-Standard-01-1.jpg","width":1000,"height":669},{"@type":"BreadcrumbList","@id":"https:\/\/shop.bantam.ch\/de\/produkt\/luftkissen-camper\/#breadcrumb","itemListElement":[{"@type":"ListItem","position":1,"name":"Accueil","item":"https:\/\/shop.bantam.ch\/de\/"},{"@type":"ListItem","position":2,"name":"Shop","item":"https:\/\/shop.bantam.ch\/de\/shop\/"},{"@type":"ListItem","position":3,"name":"Luftkissen flat-jack Camper"}]},{"@type":"WebSite","@id":"https:\/\/shop.bantam.ch\/de\/#website","url":"https:\/\/shop.bantam.ch\/de\/","name":"Bantam Camping AG","description":"","publisher":{"@id":"https:\/\/shop.bantam.ch\/de\/#organization"},"inLanguage":"de"},{"@type":"Organization","@id":"https:\/\/shop.bantam.ch\/de\/#organization","name":"Bantam Camping AG","url":"https:\/\/shop.bantam.ch\/de\/","logo":{"@type":"ImageObject","inLanguage":"de","@id":"https:\/\/shop.bantam.ch\/de\/#\/schema\/logo\/image\/","url":"https:\/\/shop.bantam.ch\/wp-content\/uploads\/2022\/12\/bantam-logo.png","contentUrl":"https:\/\/shop.bantam.ch\/wp-content\/uploads\/2022\/12\/bantam-logo.png","width":320,"height":71,"caption":"Bantam Camping AG"},"image":{"@id":"https:\/\/shop.bantam.ch\/de\/#\/schema\/logo\/image\/"}}]}},"_links":{"self":[{"href":"https:\/\/shop.bantam.ch\/de\/wp-json\/wp\/v2\/product\/43715","targetHints":{"allow":["GET"]}}],"collection":[{"href":"https:\/\/shop.bantam.ch\/de\/wp-json\/wp\/v2\/product"}],"about":[{"href":"https:\/\/shop.bantam.ch\/de\/wp-json\/wp\/v2\/types\/product"}],"wp:featuredmedia":[{"embeddable":true,"href":"https:\/\/shop.bantam.ch\/de\/wp-json\/wp\/v2\/media\/43711"}],"wp:attachment":[{"href":"https:\/\/shop.bantam.ch\/de\/wp-json\/wp\/v2\/media?parent=43715"}],"wp:term":[{"taxonomy":"product_featured_cat","embeddable":true,"href":"https:\/\/shop.bantam.ch\/de\/wp-json\/wp\/v2\/product_featured_cat?post=43715"},{"taxonomy":"product_brand","embeddable":true,"href":"https:\/\/shop.bantam.ch\/de\/wp-json\/wp\/v2\/product_brand?post=43715"},{"taxonomy":"product_cat","embeddable":true,"href":"https:\/\/shop.bantam.ch\/de\/wp-json\/wp\/v2\/product_cat?post=43715"},{"taxonomy":"product_tag","embeddable":true,"href":"https:\/\/shop.bantam.ch\/de\/wp-json\/wp\/v2\/product_tag?post=43715"}],"curies":[{"name":"wp","href":"https:\/\/api.w.org\/{rel}","templated":true}]}}