{"id":43359,"date":"2023-02-23T11:38:57","date_gmt":"2023-02-23T10:38:57","guid":{"rendered":"http:\/\/preprod-dev.sh1.hidora.com\/webshop\/produit\/dachreling-style-fuer-h2-dach-fiat-ducato-ab-2006\/"},"modified":"2026-04-19T20:53:12","modified_gmt":"2026-04-19T18:53:12","slug":"dachreling-style-fuer-h2-dach-fiat-ducato-ab-2006","status":"publish","type":"product","link":"https:\/\/shop.bantam.ch\/de\/produkt\/dachreling-style-fuer-h2-dach-fiat-ducato-ab-2006\/","title":{"rendered":"Dachreling Style f\u00fcr H2 Dach, Fiat Ducato ab 2006"},"content":{"rendered":"<p>Aerodynamische Reling zur einfachen Montage an den Aufnahmepunkten des H2 Fahrzeugdaches. Lediglich die Endst\u00fccke werden am Dach mit Sikaflex verklebt. <br \/>Passend f\u00fcr Fiat Ducato ab 2006. Quertr\u00e4gerprofile optional.<br \/>Traglast max. 200 kg <\/p>\n","protected":false},"excerpt":{"rendered":"<p>Aerodynamische Reling zur einfachen Montage an den Aufnahmepunkten des H2 Fahrzeugdaches. Lediglich die Endst\u00fccke werden am Dach mit Sikaflex verklebt. Passend f\u00fcr Fiat Ducato ab 2006. Quertr\u00e4gerprofile optional.Traglast max. 200 kg<\/p>\n","protected":false},"featured_media":43334,"template":"","meta":{"_acf_changed":false},"product_featured_cat":[],"product_brand":[3033],"product_cat":[4798],"product_tag":[],"class_list":{"0":"post-43359","1":"product","2":"type-product","3":"status-publish","4":"has-post-thumbnail","6":"product_brand-standard-de","7":"product_cat-dachrelinge-traeger","9":"first","10":"instock","11":"taxable","12":"shipping-taxable","13":"purchasable","14":"product-type-variable"},"acf":[],"yoast_head":"<!-- This site is optimized with the Yoast SEO plugin v27.4 - https:\/\/yoast.com\/product\/yoast-seo-wordpress\/ -->\n<title>Dachreling Style f\u00fcr H2 Dach, Fiat Ducato ab 2006 - Bantam Camping AG<\/title>\n<meta name=\"robots\" content=\"index, follow, max-snippet:-1, max-image-preview:large, max-video-preview:-1\" \/>\n<link rel=\"canonical\" href=\"https:\/\/shop.bantam.ch\/de\/produkt\/dachreling-style-fuer-h2-dach-fiat-ducato-ab-2006\/\" \/>\n<meta property=\"og:locale\" content=\"de_DE\" \/>\n<meta property=\"og:type\" content=\"article\" \/>\n<meta property=\"og:title\" content=\"Dachreling Style f\u00fcr H2 Dach, Fiat Ducato ab 2006 - Bantam Camping AG\" \/>\n<meta property=\"og:description\" content=\"Aerodynamische Reling zur einfachen Montage an den Aufnahmepunkten des H2 Fahrzeugdaches. Lediglich die Endst\u00fccke werden am Dach mit Sikaflex verklebt. Passend f\u00fcr Fiat Ducato ab 2006. Quertr\u00e4gerprofile optional.Traglast max. 200 kg\" \/>\n<meta property=\"og:url\" content=\"https:\/\/shop.bantam.ch\/de\/produkt\/dachreling-style-fuer-h2-dach-fiat-ducato-ab-2006\/\" \/>\n<meta property=\"og:site_name\" content=\"Bantam Camping AG\" \/>\n<meta property=\"article:modified_time\" content=\"2026-04-19T18:53:12+00:00\" \/>\n<meta property=\"og:image\" content=\"https:\/\/shop.bantam.ch\/wp-content\/uploads\/2023\/02\/9900556-Dachreeling_Style-Standard-01-2.jpg\" \/>\n\t<meta property=\"og:image:width\" content=\"1000\" \/>\n\t<meta property=\"og:image:height\" content=\"562\" \/>\n\t<meta property=\"og:image:type\" content=\"image\/jpeg\" \/>\n<meta name=\"twitter:card\" content=\"summary_large_image\" \/>\n<script type=\"application\/ld+json\" class=\"yoast-schema-graph\">{\"@context\":\"https:\\\/\\\/schema.org\",\"@graph\":[{\"@type\":\"WebPage\",\"@id\":\"https:\\\/\\\/shop.bantam.ch\\\/de\\\/produkt\\\/dachreling-style-fuer-h2-dach-fiat-ducato-ab-2006\\\/\",\"url\":\"https:\\\/\\\/shop.bantam.ch\\\/de\\\/produkt\\\/dachreling-style-fuer-h2-dach-fiat-ducato-ab-2006\\\/\",\"name\":\"Dachreling Style f\u00fcr H2 Dach, Fiat Ducato ab 2006 - Bantam Camping AG\",\"isPartOf\":{\"@id\":\"https:\\\/\\\/shop.bantam.ch\\\/de\\\/#website\"},\"primaryImageOfPage\":{\"@id\":\"https:\\\/\\\/shop.bantam.ch\\\/de\\\/produkt\\\/dachreling-style-fuer-h2-dach-fiat-ducato-ab-2006\\\/#primaryimage\"},\"image\":{\"@id\":\"https:\\\/\\\/shop.bantam.ch\\\/de\\\/produkt\\\/dachreling-style-fuer-h2-dach-fiat-ducato-ab-2006\\\/#primaryimage\"},\"thumbnailUrl\":\"https:\\\/\\\/shop.bantam.ch\\\/wp-content\\\/uploads\\\/2023\\\/02\\\/9900556-Dachreeling_Style-Standard-01-2.jpg\",\"datePublished\":\"2023-02-23T10:38:57+00:00\",\"dateModified\":\"2026-04-19T18:53:12+00:00\",\"breadcrumb\":{\"@id\":\"https:\\\/\\\/shop.bantam.ch\\\/de\\\/produkt\\\/dachreling-style-fuer-h2-dach-fiat-ducato-ab-2006\\\/#breadcrumb\"},\"inLanguage\":\"de\",\"potentialAction\":[{\"@type\":\"ReadAction\",\"target\":[\"https:\\\/\\\/shop.bantam.ch\\\/de\\\/produkt\\\/dachreling-style-fuer-h2-dach-fiat-ducato-ab-2006\\\/\"]}]},{\"@type\":\"ImageObject\",\"inLanguage\":\"de\",\"@id\":\"https:\\\/\\\/shop.bantam.ch\\\/de\\\/produkt\\\/dachreling-style-fuer-h2-dach-fiat-ducato-ab-2006\\\/#primaryimage\",\"url\":\"https:\\\/\\\/shop.bantam.ch\\\/wp-content\\\/uploads\\\/2023\\\/02\\\/9900556-Dachreeling_Style-Standard-01-2.jpg\",\"contentUrl\":\"https:\\\/\\\/shop.bantam.ch\\\/wp-content\\\/uploads\\\/2023\\\/02\\\/9900556-Dachreeling_Style-Standard-01-2.jpg\",\"width\":1000,\"height\":562},{\"@type\":\"BreadcrumbList\",\"@id\":\"https:\\\/\\\/shop.bantam.ch\\\/de\\\/produkt\\\/dachreling-style-fuer-h2-dach-fiat-ducato-ab-2006\\\/#breadcrumb\",\"itemListElement\":[{\"@type\":\"ListItem\",\"position\":1,\"name\":\"Accueil\",\"item\":\"https:\\\/\\\/shop.bantam.ch\\\/de\\\/\"},{\"@type\":\"ListItem\",\"position\":2,\"name\":\"Shop\",\"item\":\"https:\\\/\\\/shop.bantam.ch\\\/de\\\/shop\\\/\"},{\"@type\":\"ListItem\",\"position\":3,\"name\":\"Dachreling Style f\u00fcr H2 Dach, Fiat Ducato ab 2006\"}]},{\"@type\":\"WebSite\",\"@id\":\"https:\\\/\\\/shop.bantam.ch\\\/de\\\/#website\",\"url\":\"https:\\\/\\\/shop.bantam.ch\\\/de\\\/\",\"name\":\"Bantam Camping AG\",\"description\":\"\",\"publisher\":{\"@id\":\"https:\\\/\\\/shop.bantam.ch\\\/de\\\/#organization\"},\"inLanguage\":\"de\"},{\"@type\":\"Organization\",\"@id\":\"https:\\\/\\\/shop.bantam.ch\\\/de\\\/#organization\",\"name\":\"Bantam Camping AG\",\"url\":\"https:\\\/\\\/shop.bantam.ch\\\/de\\\/\",\"logo\":{\"@type\":\"ImageObject\",\"inLanguage\":\"de\",\"@id\":\"https:\\\/\\\/shop.bantam.ch\\\/de\\\/#\\\/schema\\\/logo\\\/image\\\/\",\"url\":\"https:\\\/\\\/shop.bantam.ch\\\/wp-content\\\/uploads\\\/2022\\\/12\\\/bantam-logo.png\",\"contentUrl\":\"https:\\\/\\\/shop.bantam.ch\\\/wp-content\\\/uploads\\\/2022\\\/12\\\/bantam-logo.png\",\"width\":320,\"height\":71,\"caption\":\"Bantam Camping AG\"},\"image\":{\"@id\":\"https:\\\/\\\/shop.bantam.ch\\\/de\\\/#\\\/schema\\\/logo\\\/image\\\/\"}}]}<\/script>\n<!-- \/ Yoast SEO plugin. -->","yoast_head_json":{"title":"Dachreling Style f\u00fcr H2 Dach, Fiat Ducato ab 2006 - Bantam Camping AG","robots":{"index":"index","follow":"follow","max-snippet":"max-snippet:-1","max-image-preview":"max-image-preview:large","max-video-preview":"max-video-preview:-1"},"canonical":"https:\/\/shop.bantam.ch\/de\/produkt\/dachreling-style-fuer-h2-dach-fiat-ducato-ab-2006\/","og_locale":"de_DE","og_type":"article","og_title":"Dachreling Style f\u00fcr H2 Dach, Fiat Ducato ab 2006 - Bantam Camping AG","og_description":"Aerodynamische Reling zur einfachen Montage an den Aufnahmepunkten des H2 Fahrzeugdaches. Lediglich die Endst\u00fccke werden am Dach mit Sikaflex verklebt. Passend f\u00fcr Fiat Ducato ab 2006. Quertr\u00e4gerprofile optional.Traglast max. 200 kg","og_url":"https:\/\/shop.bantam.ch\/de\/produkt\/dachreling-style-fuer-h2-dach-fiat-ducato-ab-2006\/","og_site_name":"Bantam Camping AG","article_modified_time":"2026-04-19T18:53:12+00:00","og_image":[{"width":1000,"height":562,"url":"https:\/\/shop.bantam.ch\/wp-content\/uploads\/2023\/02\/9900556-Dachreeling_Style-Standard-01-2.jpg","type":"image\/jpeg"}],"twitter_card":"summary_large_image","schema":{"@context":"https:\/\/schema.org","@graph":[{"@type":"WebPage","@id":"https:\/\/shop.bantam.ch\/de\/produkt\/dachreling-style-fuer-h2-dach-fiat-ducato-ab-2006\/","url":"https:\/\/shop.bantam.ch\/de\/produkt\/dachreling-style-fuer-h2-dach-fiat-ducato-ab-2006\/","name":"Dachreling Style f\u00fcr H2 Dach, Fiat Ducato ab 2006 - Bantam Camping AG","isPartOf":{"@id":"https:\/\/shop.bantam.ch\/de\/#website"},"primaryImageOfPage":{"@id":"https:\/\/shop.bantam.ch\/de\/produkt\/dachreling-style-fuer-h2-dach-fiat-ducato-ab-2006\/#primaryimage"},"image":{"@id":"https:\/\/shop.bantam.ch\/de\/produkt\/dachreling-style-fuer-h2-dach-fiat-ducato-ab-2006\/#primaryimage"},"thumbnailUrl":"https:\/\/shop.bantam.ch\/wp-content\/uploads\/2023\/02\/9900556-Dachreeling_Style-Standard-01-2.jpg","datePublished":"2023-02-23T10:38:57+00:00","dateModified":"2026-04-19T18:53:12+00:00","breadcrumb":{"@id":"https:\/\/shop.bantam.ch\/de\/produkt\/dachreling-style-fuer-h2-dach-fiat-ducato-ab-2006\/#breadcrumb"},"inLanguage":"de","potentialAction":[{"@type":"ReadAction","target":["https:\/\/shop.bantam.ch\/de\/produkt\/dachreling-style-fuer-h2-dach-fiat-ducato-ab-2006\/"]}]},{"@type":"ImageObject","inLanguage":"de","@id":"https:\/\/shop.bantam.ch\/de\/produkt\/dachreling-style-fuer-h2-dach-fiat-ducato-ab-2006\/#primaryimage","url":"https:\/\/shop.bantam.ch\/wp-content\/uploads\/2023\/02\/9900556-Dachreeling_Style-Standard-01-2.jpg","contentUrl":"https:\/\/shop.bantam.ch\/wp-content\/uploads\/2023\/02\/9900556-Dachreeling_Style-Standard-01-2.jpg","width":1000,"height":562},{"@type":"BreadcrumbList","@id":"https:\/\/shop.bantam.ch\/de\/produkt\/dachreling-style-fuer-h2-dach-fiat-ducato-ab-2006\/#breadcrumb","itemListElement":[{"@type":"ListItem","position":1,"name":"Accueil","item":"https:\/\/shop.bantam.ch\/de\/"},{"@type":"ListItem","position":2,"name":"Shop","item":"https:\/\/shop.bantam.ch\/de\/shop\/"},{"@type":"ListItem","position":3,"name":"Dachreling Style f\u00fcr H2 Dach, Fiat Ducato ab 2006"}]},{"@type":"WebSite","@id":"https:\/\/shop.bantam.ch\/de\/#website","url":"https:\/\/shop.bantam.ch\/de\/","name":"Bantam Camping AG","description":"","publisher":{"@id":"https:\/\/shop.bantam.ch\/de\/#organization"},"inLanguage":"de"},{"@type":"Organization","@id":"https:\/\/shop.bantam.ch\/de\/#organization","name":"Bantam Camping AG","url":"https:\/\/shop.bantam.ch\/de\/","logo":{"@type":"ImageObject","inLanguage":"de","@id":"https:\/\/shop.bantam.ch\/de\/#\/schema\/logo\/image\/","url":"https:\/\/shop.bantam.ch\/wp-content\/uploads\/2022\/12\/bantam-logo.png","contentUrl":"https:\/\/shop.bantam.ch\/wp-content\/uploads\/2022\/12\/bantam-logo.png","width":320,"height":71,"caption":"Bantam Camping AG"},"image":{"@id":"https:\/\/shop.bantam.ch\/de\/#\/schema\/logo\/image\/"}}]}},"_links":{"self":[{"href":"https:\/\/shop.bantam.ch\/de\/wp-json\/wp\/v2\/product\/43359","targetHints":{"allow":["GET"]}}],"collection":[{"href":"https:\/\/shop.bantam.ch\/de\/wp-json\/wp\/v2\/product"}],"about":[{"href":"https:\/\/shop.bantam.ch\/de\/wp-json\/wp\/v2\/types\/product"}],"wp:featuredmedia":[{"embeddable":true,"href":"https:\/\/shop.bantam.ch\/de\/wp-json\/wp\/v2\/media\/43334"}],"wp:attachment":[{"href":"https:\/\/shop.bantam.ch\/de\/wp-json\/wp\/v2\/media?parent=43359"}],"wp:term":[{"taxonomy":"product_featured_cat","embeddable":true,"href":"https:\/\/shop.bantam.ch\/de\/wp-json\/wp\/v2\/product_featured_cat?post=43359"},{"taxonomy":"product_brand","embeddable":true,"href":"https:\/\/shop.bantam.ch\/de\/wp-json\/wp\/v2\/product_brand?post=43359"},{"taxonomy":"product_cat","embeddable":true,"href":"https:\/\/shop.bantam.ch\/de\/wp-json\/wp\/v2\/product_cat?post=43359"},{"taxonomy":"product_tag","embeddable":true,"href":"https:\/\/shop.bantam.ch\/de\/wp-json\/wp\/v2\/product_tag?post=43359"}],"curies":[{"name":"wp","href":"https:\/\/api.w.org\/{rel}","templated":true}]}}