{"id":43226,"date":"2023-02-23T11:36:36","date_gmt":"2023-02-23T10:36:36","guid":{"rendered":"http:\/\/preprod-dev.sh1.hidora.com\/webshop\/produit\/standard-safe-fuer-poessel-globecar-ab-2010\/"},"modified":"2026-04-18T21:02:09","modified_gmt":"2026-04-18T19:02:09","slug":"standard-safe-fuer-poessel-globecar-ab-2010","status":"publish","type":"product","link":"https:\/\/shop.bantam.ch\/de\/produkt\/standard-safe-fuer-poessel-globecar-ab-2010\/","title":{"rendered":"Safe Mobil-Safe f\u00fcr P\u00f6ssl\/Globecar ab 2010"},"content":{"rendered":"<p>Speziell f\u00fcr Fahrzeuge der Marken P\u00f6ssl und Globecar wurden von Mobil Safe Tresore entwickelt, welche im Fahrzeugboden eingelassen werden. <br \/>Alle Tresore sind im Boden mit 4 Bohrungen versehen, durch die der Safe sicher mit dem Fahrzeugboden verschraubt werden kann. Durch die passgenaue Fertigung des Safes besteht aber ebenfalls die M\u00f6glichkeit, den Safe mit einem geeignetem Kleber einzukleben.<br \/>Der Korpus der Tresore besteht aus 3 mm SM-Stahl. Die nach dem \u00d6ffnen herausnehmbare T\u00fcr der Safes hat eine Materialst\u00e4rke von 6 mm. Der Schlie\u00dfmechanismus besteht aus einem Doppelbart Sicherheitsschloss mit 7 Zuhaltungen und einer 3 Bolzen Verriegelung.<\/p>\n","protected":false},"excerpt":{"rendered":"<p>Speziell f\u00fcr Fahrzeuge der Marken P\u00f6ssl und Globecar wurden von Mobil Safe Tresore entwickelt, welche im Fahrzeugboden eingelassen werden. Alle Tresore sind im Boden mit 4 Bohrungen versehen, durch die der Safe sicher mit dem Fahrzeugboden verschraubt werden kann. Durch die passgenaue Fertigung des Safes besteht aber ebenfalls die M\u00f6glichkeit, den Safe mit einem geeignetem [&hellip;]<\/p>\n","protected":false},"featured_media":43224,"template":"","meta":{"_acf_changed":false},"product_featured_cat":[],"product_brand":[3137],"product_cat":[4670],"product_tag":[],"class_list":{"0":"post-43226","1":"product","2":"type-product","3":"status-publish","4":"has-post-thumbnail","6":"product_brand-mobil-safe-de","7":"product_cat-tresore-safes","9":"first","10":"instock","11":"taxable","12":"shipping-taxable","13":"purchasable","14":"product-type-simple"},"acf":[],"yoast_head":"<!-- This site is optimized with the Yoast SEO plugin v27.4 - https:\/\/yoast.com\/product\/yoast-seo-wordpress\/ -->\n<title>Safe Mobil-Safe f\u00fcr P\u00f6ssl\/Globecar ab 2010 - Bantam Camping AG<\/title>\n<meta name=\"robots\" content=\"index, follow, max-snippet:-1, max-image-preview:large, max-video-preview:-1\" \/>\n<link rel=\"canonical\" href=\"https:\/\/shop.bantam.ch\/de\/produkt\/standard-safe-fuer-poessel-globecar-ab-2010\/\" \/>\n<meta property=\"og:locale\" content=\"de_DE\" \/>\n<meta property=\"og:type\" content=\"article\" \/>\n<meta property=\"og:title\" content=\"Safe Mobil-Safe f\u00fcr P\u00f6ssl\/Globecar ab 2010 - Bantam Camping AG\" \/>\n<meta property=\"og:description\" content=\"Speziell f\u00fcr Fahrzeuge der Marken P\u00f6ssl und Globecar wurden von Mobil Safe Tresore entwickelt, welche im Fahrzeugboden eingelassen werden. Alle Tresore sind im Boden mit 4 Bohrungen versehen, durch die der Safe sicher mit dem Fahrzeugboden verschraubt werden kann. Durch die passgenaue Fertigung des Safes besteht aber ebenfalls die M\u00f6glichkeit, den Safe mit einem geeignetem [&hellip;]\" \/>\n<meta property=\"og:url\" content=\"https:\/\/shop.bantam.ch\/de\/produkt\/standard-safe-fuer-poessel-globecar-ab-2010\/\" \/>\n<meta property=\"og:site_name\" content=\"Bantam Camping AG\" \/>\n<meta property=\"article:modified_time\" content=\"2026-04-18T19:02:09+00:00\" \/>\n<meta property=\"og:image\" content=\"https:\/\/shop.bantam.ch\/wp-content\/uploads\/2023\/02\/9901399100-1.jpg\" \/>\n\t<meta property=\"og:image:width\" content=\"787\" \/>\n\t<meta property=\"og:image:height\" content=\"635\" \/>\n\t<meta property=\"og:image:type\" content=\"image\/jpeg\" \/>\n<meta name=\"twitter:card\" content=\"summary_large_image\" \/>\n<script type=\"application\/ld+json\" class=\"yoast-schema-graph\">{\"@context\":\"https:\\\/\\\/schema.org\",\"@graph\":[{\"@type\":\"WebPage\",\"@id\":\"https:\\\/\\\/shop.bantam.ch\\\/de\\\/produkt\\\/standard-safe-fuer-poessel-globecar-ab-2010\\\/\",\"url\":\"https:\\\/\\\/shop.bantam.ch\\\/de\\\/produkt\\\/standard-safe-fuer-poessel-globecar-ab-2010\\\/\",\"name\":\"Safe Mobil-Safe f\u00fcr P\u00f6ssl\\\/Globecar ab 2010 - Bantam Camping AG\",\"isPartOf\":{\"@id\":\"https:\\\/\\\/shop.bantam.ch\\\/de\\\/#website\"},\"primaryImageOfPage\":{\"@id\":\"https:\\\/\\\/shop.bantam.ch\\\/de\\\/produkt\\\/standard-safe-fuer-poessel-globecar-ab-2010\\\/#primaryimage\"},\"image\":{\"@id\":\"https:\\\/\\\/shop.bantam.ch\\\/de\\\/produkt\\\/standard-safe-fuer-poessel-globecar-ab-2010\\\/#primaryimage\"},\"thumbnailUrl\":\"https:\\\/\\\/shop.bantam.ch\\\/wp-content\\\/uploads\\\/2023\\\/02\\\/9901399100-1.jpg\",\"datePublished\":\"2023-02-23T10:36:36+00:00\",\"dateModified\":\"2026-04-18T19:02:09+00:00\",\"breadcrumb\":{\"@id\":\"https:\\\/\\\/shop.bantam.ch\\\/de\\\/produkt\\\/standard-safe-fuer-poessel-globecar-ab-2010\\\/#breadcrumb\"},\"inLanguage\":\"de\",\"potentialAction\":[{\"@type\":\"ReadAction\",\"target\":[\"https:\\\/\\\/shop.bantam.ch\\\/de\\\/produkt\\\/standard-safe-fuer-poessel-globecar-ab-2010\\\/\"]}]},{\"@type\":\"ImageObject\",\"inLanguage\":\"de\",\"@id\":\"https:\\\/\\\/shop.bantam.ch\\\/de\\\/produkt\\\/standard-safe-fuer-poessel-globecar-ab-2010\\\/#primaryimage\",\"url\":\"https:\\\/\\\/shop.bantam.ch\\\/wp-content\\\/uploads\\\/2023\\\/02\\\/9901399100-1.jpg\",\"contentUrl\":\"https:\\\/\\\/shop.bantam.ch\\\/wp-content\\\/uploads\\\/2023\\\/02\\\/9901399100-1.jpg\",\"width\":787,\"height\":635},{\"@type\":\"BreadcrumbList\",\"@id\":\"https:\\\/\\\/shop.bantam.ch\\\/de\\\/produkt\\\/standard-safe-fuer-poessel-globecar-ab-2010\\\/#breadcrumb\",\"itemListElement\":[{\"@type\":\"ListItem\",\"position\":1,\"name\":\"Accueil\",\"item\":\"https:\\\/\\\/shop.bantam.ch\\\/de\\\/\"},{\"@type\":\"ListItem\",\"position\":2,\"name\":\"Shop\",\"item\":\"https:\\\/\\\/shop.bantam.ch\\\/de\\\/shop\\\/\"},{\"@type\":\"ListItem\",\"position\":3,\"name\":\"Safe Mobil-Safe f\u00fcr P\u00f6ssl\\\/Globecar ab 2010\"}]},{\"@type\":\"WebSite\",\"@id\":\"https:\\\/\\\/shop.bantam.ch\\\/de\\\/#website\",\"url\":\"https:\\\/\\\/shop.bantam.ch\\\/de\\\/\",\"name\":\"Bantam Camping AG\",\"description\":\"\",\"publisher\":{\"@id\":\"https:\\\/\\\/shop.bantam.ch\\\/de\\\/#organization\"},\"inLanguage\":\"de\"},{\"@type\":\"Organization\",\"@id\":\"https:\\\/\\\/shop.bantam.ch\\\/de\\\/#organization\",\"name\":\"Bantam Camping AG\",\"url\":\"https:\\\/\\\/shop.bantam.ch\\\/de\\\/\",\"logo\":{\"@type\":\"ImageObject\",\"inLanguage\":\"de\",\"@id\":\"https:\\\/\\\/shop.bantam.ch\\\/de\\\/#\\\/schema\\\/logo\\\/image\\\/\",\"url\":\"https:\\\/\\\/shop.bantam.ch\\\/wp-content\\\/uploads\\\/2022\\\/12\\\/bantam-logo.png\",\"contentUrl\":\"https:\\\/\\\/shop.bantam.ch\\\/wp-content\\\/uploads\\\/2022\\\/12\\\/bantam-logo.png\",\"width\":320,\"height\":71,\"caption\":\"Bantam Camping AG\"},\"image\":{\"@id\":\"https:\\\/\\\/shop.bantam.ch\\\/de\\\/#\\\/schema\\\/logo\\\/image\\\/\"}}]}<\/script>\n<!-- \/ Yoast SEO plugin. -->","yoast_head_json":{"title":"Safe Mobil-Safe f\u00fcr P\u00f6ssl\/Globecar ab 2010 - Bantam Camping AG","robots":{"index":"index","follow":"follow","max-snippet":"max-snippet:-1","max-image-preview":"max-image-preview:large","max-video-preview":"max-video-preview:-1"},"canonical":"https:\/\/shop.bantam.ch\/de\/produkt\/standard-safe-fuer-poessel-globecar-ab-2010\/","og_locale":"de_DE","og_type":"article","og_title":"Safe Mobil-Safe f\u00fcr P\u00f6ssl\/Globecar ab 2010 - Bantam Camping AG","og_description":"Speziell f\u00fcr Fahrzeuge der Marken P\u00f6ssl und Globecar wurden von Mobil Safe Tresore entwickelt, welche im Fahrzeugboden eingelassen werden. Alle Tresore sind im Boden mit 4 Bohrungen versehen, durch die der Safe sicher mit dem Fahrzeugboden verschraubt werden kann. Durch die passgenaue Fertigung des Safes besteht aber ebenfalls die M\u00f6glichkeit, den Safe mit einem geeignetem [&hellip;]","og_url":"https:\/\/shop.bantam.ch\/de\/produkt\/standard-safe-fuer-poessel-globecar-ab-2010\/","og_site_name":"Bantam Camping AG","article_modified_time":"2026-04-18T19:02:09+00:00","og_image":[{"width":787,"height":635,"url":"https:\/\/shop.bantam.ch\/wp-content\/uploads\/2023\/02\/9901399100-1.jpg","type":"image\/jpeg"}],"twitter_card":"summary_large_image","schema":{"@context":"https:\/\/schema.org","@graph":[{"@type":"WebPage","@id":"https:\/\/shop.bantam.ch\/de\/produkt\/standard-safe-fuer-poessel-globecar-ab-2010\/","url":"https:\/\/shop.bantam.ch\/de\/produkt\/standard-safe-fuer-poessel-globecar-ab-2010\/","name":"Safe Mobil-Safe f\u00fcr P\u00f6ssl\/Globecar ab 2010 - Bantam Camping AG","isPartOf":{"@id":"https:\/\/shop.bantam.ch\/de\/#website"},"primaryImageOfPage":{"@id":"https:\/\/shop.bantam.ch\/de\/produkt\/standard-safe-fuer-poessel-globecar-ab-2010\/#primaryimage"},"image":{"@id":"https:\/\/shop.bantam.ch\/de\/produkt\/standard-safe-fuer-poessel-globecar-ab-2010\/#primaryimage"},"thumbnailUrl":"https:\/\/shop.bantam.ch\/wp-content\/uploads\/2023\/02\/9901399100-1.jpg","datePublished":"2023-02-23T10:36:36+00:00","dateModified":"2026-04-18T19:02:09+00:00","breadcrumb":{"@id":"https:\/\/shop.bantam.ch\/de\/produkt\/standard-safe-fuer-poessel-globecar-ab-2010\/#breadcrumb"},"inLanguage":"de","potentialAction":[{"@type":"ReadAction","target":["https:\/\/shop.bantam.ch\/de\/produkt\/standard-safe-fuer-poessel-globecar-ab-2010\/"]}]},{"@type":"ImageObject","inLanguage":"de","@id":"https:\/\/shop.bantam.ch\/de\/produkt\/standard-safe-fuer-poessel-globecar-ab-2010\/#primaryimage","url":"https:\/\/shop.bantam.ch\/wp-content\/uploads\/2023\/02\/9901399100-1.jpg","contentUrl":"https:\/\/shop.bantam.ch\/wp-content\/uploads\/2023\/02\/9901399100-1.jpg","width":787,"height":635},{"@type":"BreadcrumbList","@id":"https:\/\/shop.bantam.ch\/de\/produkt\/standard-safe-fuer-poessel-globecar-ab-2010\/#breadcrumb","itemListElement":[{"@type":"ListItem","position":1,"name":"Accueil","item":"https:\/\/shop.bantam.ch\/de\/"},{"@type":"ListItem","position":2,"name":"Shop","item":"https:\/\/shop.bantam.ch\/de\/shop\/"},{"@type":"ListItem","position":3,"name":"Safe Mobil-Safe f\u00fcr P\u00f6ssl\/Globecar ab 2010"}]},{"@type":"WebSite","@id":"https:\/\/shop.bantam.ch\/de\/#website","url":"https:\/\/shop.bantam.ch\/de\/","name":"Bantam Camping AG","description":"","publisher":{"@id":"https:\/\/shop.bantam.ch\/de\/#organization"},"inLanguage":"de"},{"@type":"Organization","@id":"https:\/\/shop.bantam.ch\/de\/#organization","name":"Bantam Camping AG","url":"https:\/\/shop.bantam.ch\/de\/","logo":{"@type":"ImageObject","inLanguage":"de","@id":"https:\/\/shop.bantam.ch\/de\/#\/schema\/logo\/image\/","url":"https:\/\/shop.bantam.ch\/wp-content\/uploads\/2022\/12\/bantam-logo.png","contentUrl":"https:\/\/shop.bantam.ch\/wp-content\/uploads\/2022\/12\/bantam-logo.png","width":320,"height":71,"caption":"Bantam Camping AG"},"image":{"@id":"https:\/\/shop.bantam.ch\/de\/#\/schema\/logo\/image\/"}}]}},"_links":{"self":[{"href":"https:\/\/shop.bantam.ch\/de\/wp-json\/wp\/v2\/product\/43226","targetHints":{"allow":["GET"]}}],"collection":[{"href":"https:\/\/shop.bantam.ch\/de\/wp-json\/wp\/v2\/product"}],"about":[{"href":"https:\/\/shop.bantam.ch\/de\/wp-json\/wp\/v2\/types\/product"}],"wp:featuredmedia":[{"embeddable":true,"href":"https:\/\/shop.bantam.ch\/de\/wp-json\/wp\/v2\/media\/43224"}],"wp:attachment":[{"href":"https:\/\/shop.bantam.ch\/de\/wp-json\/wp\/v2\/media?parent=43226"}],"wp:term":[{"taxonomy":"product_featured_cat","embeddable":true,"href":"https:\/\/shop.bantam.ch\/de\/wp-json\/wp\/v2\/product_featured_cat?post=43226"},{"taxonomy":"product_brand","embeddable":true,"href":"https:\/\/shop.bantam.ch\/de\/wp-json\/wp\/v2\/product_brand?post=43226"},{"taxonomy":"product_cat","embeddable":true,"href":"https:\/\/shop.bantam.ch\/de\/wp-json\/wp\/v2\/product_cat?post=43226"},{"taxonomy":"product_tag","embeddable":true,"href":"https:\/\/shop.bantam.ch\/de\/wp-json\/wp\/v2\/product_tag?post=43226"}],"curies":[{"name":"wp","href":"https:\/\/api.w.org\/{rel}","templated":true}]}}