{"id":43212,"date":"2023-02-23T11:36:19","date_gmt":"2023-02-23T10:36:19","guid":{"rendered":"http:\/\/preprod-dev.sh1.hidora.com\/webshop\/produit\/stuetzrad-pinstop-vollgummi-kunststofffelge\/"},"modified":"2026-04-18T21:02:03","modified_gmt":"2026-04-18T19:02:03","slug":"stuetzrad-pinstop-vollgummi-kunststofffelge","status":"publish","type":"product","link":"https:\/\/shop.bantam.ch\/de\/produkt\/stuetzrad-pinstop-vollgummi-kunststofffelge\/","title":{"rendered":"St\u00fctzrad Al-Ko Pinstop Vollgummi \/ Kunststofffelge"},"content":{"rendered":"<p>Abstellhilfe f\u00fcr kleine Anh\u00e4nger auf ebenem Gel\u00e4nde. ACHTUNG &#8211; Der PIN-STOP ersetzt keine Feststellbremse oder Unterlegkeile.<\/p>\n<p>Ihr Plus:<\/p>\n<ul>\n<li>Hochwertiger Korrosionsschutz Feuerverzinkung in hoher Schichtdicke. Der Abrieb der Zinkschicht, bei H\u00f6henverstellung \u00fcber die Klemmschelle, ist somit unkritisch<\/li>\n<li>Verl\u00e4ngerte Ausf\u00fchrung<\/li>\n<li>Kurbel leichtg\u00e4ngig, das eingebaute Drucklager unter der Kurbel erleichtert die Bedienung<\/li>\n<li>Tragf\u00e4higkeit max. statisch: 150 kg<\/li>\n<li>Tragf\u00e4higkeit max. dynamisch: 90 kg<\/li>\n<li>F\u00fcr Au\u00dfenrohr \u00e0\u00b8 (mm): 48<\/li>\n<li>Felge: Kunststoff<\/li>\n<li>Rad (mm): 200 x 50 Vollgummi<\/li>\n<\/ul>\n","protected":false},"excerpt":{"rendered":"<p>Abstellhilfe f\u00fcr kleine Anh\u00e4nger auf ebenem Gel\u00e4nde. ACHTUNG &#8211; Der PIN-STOP ersetzt keine Feststellbremse oder Unterlegkeile. Ihr Plus: Hochwertiger Korrosionsschutz Feuerverzinkung in hoher Schichtdicke. Der Abrieb der Zinkschicht, bei H\u00f6henverstellung \u00fcber die Klemmschelle, ist somit unkritisch Verl\u00e4ngerte Ausf\u00fchrung Kurbel leichtg\u00e4ngig, das eingebaute Drucklager unter der Kurbel erleichtert die Bedienung Tragf\u00e4higkeit max. statisch: 150 kg Tragf\u00e4higkeit [&hellip;]<\/p>\n","protected":false},"featured_media":43204,"template":"","meta":{"_acf_changed":false},"product_featured_cat":[],"product_brand":[3135],"product_cat":[4826],"product_tag":[],"class_list":{"0":"post-43212","1":"product","2":"type-product","3":"status-publish","4":"has-post-thumbnail","6":"product_brand-al-ko-de","7":"product_cat-stuetzraeder","9":"first","10":"instock","11":"taxable","12":"shipping-taxable","13":"purchasable","14":"product-type-simple"},"acf":[],"yoast_head":"<!-- This site is optimized with the Yoast SEO plugin v27.4 - https:\/\/yoast.com\/product\/yoast-seo-wordpress\/ -->\n<title>St\u00fctzrad Al-Ko Pinstop Vollgummi \/ Kunststofffelge - Bantam Camping AG<\/title>\n<meta name=\"robots\" content=\"index, follow, max-snippet:-1, max-image-preview:large, max-video-preview:-1\" \/>\n<link rel=\"canonical\" href=\"https:\/\/shop.bantam.ch\/de\/produkt\/stuetzrad-pinstop-vollgummi-kunststofffelge\/\" \/>\n<meta property=\"og:locale\" content=\"de_DE\" \/>\n<meta property=\"og:type\" content=\"article\" \/>\n<meta property=\"og:title\" content=\"St\u00fctzrad Al-Ko Pinstop Vollgummi \/ Kunststofffelge - Bantam Camping AG\" \/>\n<meta property=\"og:description\" content=\"Abstellhilfe f\u00fcr kleine Anh\u00e4nger auf ebenem Gel\u00e4nde. ACHTUNG &#8211; Der PIN-STOP ersetzt keine Feststellbremse oder Unterlegkeile. Ihr Plus: Hochwertiger Korrosionsschutz Feuerverzinkung in hoher Schichtdicke. Der Abrieb der Zinkschicht, bei H\u00f6henverstellung \u00fcber die Klemmschelle, ist somit unkritisch Verl\u00e4ngerte Ausf\u00fchrung Kurbel leichtg\u00e4ngig, das eingebaute Drucklager unter der Kurbel erleichtert die Bedienung Tragf\u00e4higkeit max. statisch: 150 kg Tragf\u00e4higkeit [&hellip;]\" \/>\n<meta property=\"og:url\" content=\"https:\/\/shop.bantam.ch\/de\/produkt\/stuetzrad-pinstop-vollgummi-kunststofffelge\/\" \/>\n<meta property=\"og:site_name\" content=\"Bantam Camping AG\" \/>\n<meta property=\"article:modified_time\" content=\"2026-04-18T19:02:03+00:00\" \/>\n<meta property=\"og:image\" content=\"https:\/\/shop.bantam.ch\/wp-content\/uploads\/2023\/02\/9903628-Stuetzrad_mit_Pinstop_verzinkt_-Standard-01-1.jpg\" \/>\n\t<meta property=\"og:image:width\" content=\"1000\" \/>\n\t<meta property=\"og:image:height\" content=\"667\" \/>\n\t<meta property=\"og:image:type\" content=\"image\/jpeg\" \/>\n<meta name=\"twitter:card\" content=\"summary_large_image\" \/>\n<script type=\"application\/ld+json\" class=\"yoast-schema-graph\">{\"@context\":\"https:\\\/\\\/schema.org\",\"@graph\":[{\"@type\":\"WebPage\",\"@id\":\"https:\\\/\\\/shop.bantam.ch\\\/de\\\/produkt\\\/stuetzrad-pinstop-vollgummi-kunststofffelge\\\/\",\"url\":\"https:\\\/\\\/shop.bantam.ch\\\/de\\\/produkt\\\/stuetzrad-pinstop-vollgummi-kunststofffelge\\\/\",\"name\":\"St\u00fctzrad Al-Ko Pinstop Vollgummi \\\/ Kunststofffelge - Bantam Camping AG\",\"isPartOf\":{\"@id\":\"https:\\\/\\\/shop.bantam.ch\\\/de\\\/#website\"},\"primaryImageOfPage\":{\"@id\":\"https:\\\/\\\/shop.bantam.ch\\\/de\\\/produkt\\\/stuetzrad-pinstop-vollgummi-kunststofffelge\\\/#primaryimage\"},\"image\":{\"@id\":\"https:\\\/\\\/shop.bantam.ch\\\/de\\\/produkt\\\/stuetzrad-pinstop-vollgummi-kunststofffelge\\\/#primaryimage\"},\"thumbnailUrl\":\"https:\\\/\\\/shop.bantam.ch\\\/wp-content\\\/uploads\\\/2023\\\/02\\\/9903628-Stuetzrad_mit_Pinstop_verzinkt_-Standard-01-1.jpg\",\"datePublished\":\"2023-02-23T10:36:19+00:00\",\"dateModified\":\"2026-04-18T19:02:03+00:00\",\"breadcrumb\":{\"@id\":\"https:\\\/\\\/shop.bantam.ch\\\/de\\\/produkt\\\/stuetzrad-pinstop-vollgummi-kunststofffelge\\\/#breadcrumb\"},\"inLanguage\":\"de\",\"potentialAction\":[{\"@type\":\"ReadAction\",\"target\":[\"https:\\\/\\\/shop.bantam.ch\\\/de\\\/produkt\\\/stuetzrad-pinstop-vollgummi-kunststofffelge\\\/\"]}]},{\"@type\":\"ImageObject\",\"inLanguage\":\"de\",\"@id\":\"https:\\\/\\\/shop.bantam.ch\\\/de\\\/produkt\\\/stuetzrad-pinstop-vollgummi-kunststofffelge\\\/#primaryimage\",\"url\":\"https:\\\/\\\/shop.bantam.ch\\\/wp-content\\\/uploads\\\/2023\\\/02\\\/9903628-Stuetzrad_mit_Pinstop_verzinkt_-Standard-01-1.jpg\",\"contentUrl\":\"https:\\\/\\\/shop.bantam.ch\\\/wp-content\\\/uploads\\\/2023\\\/02\\\/9903628-Stuetzrad_mit_Pinstop_verzinkt_-Standard-01-1.jpg\",\"width\":1000,\"height\":667},{\"@type\":\"BreadcrumbList\",\"@id\":\"https:\\\/\\\/shop.bantam.ch\\\/de\\\/produkt\\\/stuetzrad-pinstop-vollgummi-kunststofffelge\\\/#breadcrumb\",\"itemListElement\":[{\"@type\":\"ListItem\",\"position\":1,\"name\":\"Accueil\",\"item\":\"https:\\\/\\\/shop.bantam.ch\\\/de\\\/\"},{\"@type\":\"ListItem\",\"position\":2,\"name\":\"Shop\",\"item\":\"https:\\\/\\\/shop.bantam.ch\\\/de\\\/shop\\\/\"},{\"@type\":\"ListItem\",\"position\":3,\"name\":\"St\u00fctzrad Al-Ko Pinstop Vollgummi \\\/ Kunststofffelge\"}]},{\"@type\":\"WebSite\",\"@id\":\"https:\\\/\\\/shop.bantam.ch\\\/de\\\/#website\",\"url\":\"https:\\\/\\\/shop.bantam.ch\\\/de\\\/\",\"name\":\"Bantam Camping AG\",\"description\":\"\",\"publisher\":{\"@id\":\"https:\\\/\\\/shop.bantam.ch\\\/de\\\/#organization\"},\"inLanguage\":\"de\"},{\"@type\":\"Organization\",\"@id\":\"https:\\\/\\\/shop.bantam.ch\\\/de\\\/#organization\",\"name\":\"Bantam Camping AG\",\"url\":\"https:\\\/\\\/shop.bantam.ch\\\/de\\\/\",\"logo\":{\"@type\":\"ImageObject\",\"inLanguage\":\"de\",\"@id\":\"https:\\\/\\\/shop.bantam.ch\\\/de\\\/#\\\/schema\\\/logo\\\/image\\\/\",\"url\":\"https:\\\/\\\/shop.bantam.ch\\\/wp-content\\\/uploads\\\/2022\\\/12\\\/bantam-logo.png\",\"contentUrl\":\"https:\\\/\\\/shop.bantam.ch\\\/wp-content\\\/uploads\\\/2022\\\/12\\\/bantam-logo.png\",\"width\":320,\"height\":71,\"caption\":\"Bantam Camping AG\"},\"image\":{\"@id\":\"https:\\\/\\\/shop.bantam.ch\\\/de\\\/#\\\/schema\\\/logo\\\/image\\\/\"}}]}<\/script>\n<!-- \/ Yoast SEO plugin. -->","yoast_head_json":{"title":"St\u00fctzrad Al-Ko Pinstop Vollgummi \/ Kunststofffelge - Bantam Camping AG","robots":{"index":"index","follow":"follow","max-snippet":"max-snippet:-1","max-image-preview":"max-image-preview:large","max-video-preview":"max-video-preview:-1"},"canonical":"https:\/\/shop.bantam.ch\/de\/produkt\/stuetzrad-pinstop-vollgummi-kunststofffelge\/","og_locale":"de_DE","og_type":"article","og_title":"St\u00fctzrad Al-Ko Pinstop Vollgummi \/ Kunststofffelge - Bantam Camping AG","og_description":"Abstellhilfe f\u00fcr kleine Anh\u00e4nger auf ebenem Gel\u00e4nde. ACHTUNG &#8211; Der PIN-STOP ersetzt keine Feststellbremse oder Unterlegkeile. Ihr Plus: Hochwertiger Korrosionsschutz Feuerverzinkung in hoher Schichtdicke. Der Abrieb der Zinkschicht, bei H\u00f6henverstellung \u00fcber die Klemmschelle, ist somit unkritisch Verl\u00e4ngerte Ausf\u00fchrung Kurbel leichtg\u00e4ngig, das eingebaute Drucklager unter der Kurbel erleichtert die Bedienung Tragf\u00e4higkeit max. statisch: 150 kg Tragf\u00e4higkeit [&hellip;]","og_url":"https:\/\/shop.bantam.ch\/de\/produkt\/stuetzrad-pinstop-vollgummi-kunststofffelge\/","og_site_name":"Bantam Camping AG","article_modified_time":"2026-04-18T19:02:03+00:00","og_image":[{"width":1000,"height":667,"url":"https:\/\/shop.bantam.ch\/wp-content\/uploads\/2023\/02\/9903628-Stuetzrad_mit_Pinstop_verzinkt_-Standard-01-1.jpg","type":"image\/jpeg"}],"twitter_card":"summary_large_image","schema":{"@context":"https:\/\/schema.org","@graph":[{"@type":"WebPage","@id":"https:\/\/shop.bantam.ch\/de\/produkt\/stuetzrad-pinstop-vollgummi-kunststofffelge\/","url":"https:\/\/shop.bantam.ch\/de\/produkt\/stuetzrad-pinstop-vollgummi-kunststofffelge\/","name":"St\u00fctzrad Al-Ko Pinstop Vollgummi \/ Kunststofffelge - Bantam Camping AG","isPartOf":{"@id":"https:\/\/shop.bantam.ch\/de\/#website"},"primaryImageOfPage":{"@id":"https:\/\/shop.bantam.ch\/de\/produkt\/stuetzrad-pinstop-vollgummi-kunststofffelge\/#primaryimage"},"image":{"@id":"https:\/\/shop.bantam.ch\/de\/produkt\/stuetzrad-pinstop-vollgummi-kunststofffelge\/#primaryimage"},"thumbnailUrl":"https:\/\/shop.bantam.ch\/wp-content\/uploads\/2023\/02\/9903628-Stuetzrad_mit_Pinstop_verzinkt_-Standard-01-1.jpg","datePublished":"2023-02-23T10:36:19+00:00","dateModified":"2026-04-18T19:02:03+00:00","breadcrumb":{"@id":"https:\/\/shop.bantam.ch\/de\/produkt\/stuetzrad-pinstop-vollgummi-kunststofffelge\/#breadcrumb"},"inLanguage":"de","potentialAction":[{"@type":"ReadAction","target":["https:\/\/shop.bantam.ch\/de\/produkt\/stuetzrad-pinstop-vollgummi-kunststofffelge\/"]}]},{"@type":"ImageObject","inLanguage":"de","@id":"https:\/\/shop.bantam.ch\/de\/produkt\/stuetzrad-pinstop-vollgummi-kunststofffelge\/#primaryimage","url":"https:\/\/shop.bantam.ch\/wp-content\/uploads\/2023\/02\/9903628-Stuetzrad_mit_Pinstop_verzinkt_-Standard-01-1.jpg","contentUrl":"https:\/\/shop.bantam.ch\/wp-content\/uploads\/2023\/02\/9903628-Stuetzrad_mit_Pinstop_verzinkt_-Standard-01-1.jpg","width":1000,"height":667},{"@type":"BreadcrumbList","@id":"https:\/\/shop.bantam.ch\/de\/produkt\/stuetzrad-pinstop-vollgummi-kunststofffelge\/#breadcrumb","itemListElement":[{"@type":"ListItem","position":1,"name":"Accueil","item":"https:\/\/shop.bantam.ch\/de\/"},{"@type":"ListItem","position":2,"name":"Shop","item":"https:\/\/shop.bantam.ch\/de\/shop\/"},{"@type":"ListItem","position":3,"name":"St\u00fctzrad Al-Ko Pinstop Vollgummi \/ Kunststofffelge"}]},{"@type":"WebSite","@id":"https:\/\/shop.bantam.ch\/de\/#website","url":"https:\/\/shop.bantam.ch\/de\/","name":"Bantam Camping AG","description":"","publisher":{"@id":"https:\/\/shop.bantam.ch\/de\/#organization"},"inLanguage":"de"},{"@type":"Organization","@id":"https:\/\/shop.bantam.ch\/de\/#organization","name":"Bantam Camping AG","url":"https:\/\/shop.bantam.ch\/de\/","logo":{"@type":"ImageObject","inLanguage":"de","@id":"https:\/\/shop.bantam.ch\/de\/#\/schema\/logo\/image\/","url":"https:\/\/shop.bantam.ch\/wp-content\/uploads\/2022\/12\/bantam-logo.png","contentUrl":"https:\/\/shop.bantam.ch\/wp-content\/uploads\/2022\/12\/bantam-logo.png","width":320,"height":71,"caption":"Bantam Camping AG"},"image":{"@id":"https:\/\/shop.bantam.ch\/de\/#\/schema\/logo\/image\/"}}]}},"_links":{"self":[{"href":"https:\/\/shop.bantam.ch\/de\/wp-json\/wp\/v2\/product\/43212","targetHints":{"allow":["GET"]}}],"collection":[{"href":"https:\/\/shop.bantam.ch\/de\/wp-json\/wp\/v2\/product"}],"about":[{"href":"https:\/\/shop.bantam.ch\/de\/wp-json\/wp\/v2\/types\/product"}],"wp:featuredmedia":[{"embeddable":true,"href":"https:\/\/shop.bantam.ch\/de\/wp-json\/wp\/v2\/media\/43204"}],"wp:attachment":[{"href":"https:\/\/shop.bantam.ch\/de\/wp-json\/wp\/v2\/media?parent=43212"}],"wp:term":[{"taxonomy":"product_featured_cat","embeddable":true,"href":"https:\/\/shop.bantam.ch\/de\/wp-json\/wp\/v2\/product_featured_cat?post=43212"},{"taxonomy":"product_brand","embeddable":true,"href":"https:\/\/shop.bantam.ch\/de\/wp-json\/wp\/v2\/product_brand?post=43212"},{"taxonomy":"product_cat","embeddable":true,"href":"https:\/\/shop.bantam.ch\/de\/wp-json\/wp\/v2\/product_cat?post=43212"},{"taxonomy":"product_tag","embeddable":true,"href":"https:\/\/shop.bantam.ch\/de\/wp-json\/wp\/v2\/product_tag?post=43212"}],"curies":[{"name":"wp","href":"https:\/\/api.w.org\/{rel}","templated":true}]}}