{"id":43202,"date":"2023-02-23T11:36:13","date_gmt":"2023-02-23T10:36:13","guid":{"rendered":"http:\/\/preprod-dev.sh1.hidora.com\/webshop\/produit\/distanzsatz-30-mm-fuer-rangiersystem-mover-xt-xt2-xt4-sx-smart\/"},"modified":"2026-05-02T21:01:19","modified_gmt":"2026-05-02T19:01:19","slug":"distanzsatz-30-mm-fuer-rangiersystem-mover-xt-xt2-xt4-sx-smart","status":"publish","type":"product","link":"https:\/\/shop.bantam.ch\/de\/produkt\/distanzsatz-30-mm-fuer-rangiersystem-mover-xt-xt2-xt4-sx-smart\/","title":{"rendered":"Distanzsatz Truma 30 mm f\u00fcr Rangiersystem Mover XT, XT2, XT4 _ 14 &#8211; 11 cm, SX, smart _ 17 &#8211; 14 cm Rahmenh\u00f6he"},"content":{"rendered":"<p>Zum Ausgleich der H\u00f6he von 3 cm bei einer <br \/>Mover XT Rahmenh\u00f6he von &lt; 14 cm bis 11 cm<br \/>Mover SX Rahmenh\u00f6he von &lt; 17 cm bis 14 cm<\/p>\n","protected":false},"excerpt":{"rendered":"<p>Zum Ausgleich der H\u00f6he von 3 cm bei einer Mover XT Rahmenh\u00f6he von &lt; 14 cm bis 11 cmMover SX Rahmenh\u00f6he von &lt; 17 cm bis 14 cm<\/p>\n","protected":false},"featured_media":43198,"template":"","meta":{"_acf_changed":false},"product_featured_cat":[],"product_brand":[3027],"product_cat":[5106],"product_tag":[],"class_list":{"0":"post-43202","1":"product","2":"type-product","3":"status-publish","4":"has-post-thumbnail","6":"product_brand-truma-de","7":"product_cat-weiteres-zubehoer-fuer-wohnwagentechnik","9":"first","10":"instock","11":"taxable","12":"shipping-taxable","13":"purchasable","14":"product-type-simple"},"acf":[],"yoast_head":"<!-- This site is optimized with the Yoast SEO plugin v27.5 - https:\/\/yoast.com\/product\/yoast-seo-wordpress\/ -->\n<title>Distanzsatz Truma 30 mm f\u00fcr Rangiersystem Mover XT, XT2, XT4 _ 14 - 11 cm, SX, smart _ 17 - 14 cm Rahmenh\u00f6he - Bantam<\/title>\n<meta name=\"robots\" content=\"index, follow, max-snippet:-1, max-image-preview:large, max-video-preview:-1\" \/>\n<link rel=\"canonical\" href=\"https:\/\/shop.bantam.ch\/de\/produkt\/distanzsatz-30-mm-fuer-rangiersystem-mover-xt-xt2-xt4-sx-smart\/\" \/>\n<meta property=\"og:locale\" content=\"de_DE\" \/>\n<meta property=\"og:type\" content=\"article\" \/>\n<meta property=\"og:title\" content=\"Distanzsatz Truma 30 mm f\u00fcr Rangiersystem Mover XT, XT2, XT4 _ 14 - 11 cm, SX, smart _ 17 - 14 cm Rahmenh\u00f6he - Bantam\" \/>\n<meta property=\"og:description\" content=\"Zum Ausgleich der H\u00f6he von 3 cm bei einer Mover XT Rahmenh\u00f6he von &lt; 14 cm bis 11 cmMover SX Rahmenh\u00f6he von &lt; 17 cm bis 14 cm\" \/>\n<meta property=\"og:url\" content=\"https:\/\/shop.bantam.ch\/de\/produkt\/distanzsatz-30-mm-fuer-rangiersystem-mover-xt-xt2-xt4-sx-smart\/\" \/>\n<meta property=\"og:site_name\" content=\"Bantam\" \/>\n<meta property=\"article:modified_time\" content=\"2026-05-02T19:01:19+00:00\" \/>\n<meta property=\"og:image\" content=\"https:\/\/shop.bantam.ch\/wp-content\/uploads\/2023\/02\/990763811-1.jpg\" \/>\n\t<meta property=\"og:image:width\" content=\"1000\" \/>\n\t<meta property=\"og:image:height\" content=\"749\" \/>\n\t<meta property=\"og:image:type\" content=\"image\/jpeg\" \/>\n<meta name=\"twitter:card\" content=\"summary_large_image\" \/>\n<script type=\"application\/ld+json\" class=\"yoast-schema-graph\">{\"@context\":\"https:\\\/\\\/schema.org\",\"@graph\":[{\"@type\":\"WebPage\",\"@id\":\"https:\\\/\\\/shop.bantam.ch\\\/de\\\/produkt\\\/distanzsatz-30-mm-fuer-rangiersystem-mover-xt-xt2-xt4-sx-smart\\\/\",\"url\":\"https:\\\/\\\/shop.bantam.ch\\\/de\\\/produkt\\\/distanzsatz-30-mm-fuer-rangiersystem-mover-xt-xt2-xt4-sx-smart\\\/\",\"name\":\"Distanzsatz Truma 30 mm f\u00fcr Rangiersystem Mover XT, XT2, XT4 _ 14 - 11 cm, SX, smart _ 17 - 14 cm Rahmenh\u00f6he - Bantam\",\"isPartOf\":{\"@id\":\"https:\\\/\\\/shop.bantam.ch\\\/de\\\/#website\"},\"primaryImageOfPage\":{\"@id\":\"https:\\\/\\\/shop.bantam.ch\\\/de\\\/produkt\\\/distanzsatz-30-mm-fuer-rangiersystem-mover-xt-xt2-xt4-sx-smart\\\/#primaryimage\"},\"image\":{\"@id\":\"https:\\\/\\\/shop.bantam.ch\\\/de\\\/produkt\\\/distanzsatz-30-mm-fuer-rangiersystem-mover-xt-xt2-xt4-sx-smart\\\/#primaryimage\"},\"thumbnailUrl\":\"https:\\\/\\\/shop.bantam.ch\\\/wp-content\\\/uploads\\\/2023\\\/02\\\/990763811-1.jpg\",\"datePublished\":\"2023-02-23T10:36:13+00:00\",\"dateModified\":\"2026-05-02T19:01:19+00:00\",\"breadcrumb\":{\"@id\":\"https:\\\/\\\/shop.bantam.ch\\\/de\\\/produkt\\\/distanzsatz-30-mm-fuer-rangiersystem-mover-xt-xt2-xt4-sx-smart\\\/#breadcrumb\"},\"inLanguage\":\"de\",\"potentialAction\":[{\"@type\":\"ReadAction\",\"target\":[\"https:\\\/\\\/shop.bantam.ch\\\/de\\\/produkt\\\/distanzsatz-30-mm-fuer-rangiersystem-mover-xt-xt2-xt4-sx-smart\\\/\"]}]},{\"@type\":\"ImageObject\",\"inLanguage\":\"de\",\"@id\":\"https:\\\/\\\/shop.bantam.ch\\\/de\\\/produkt\\\/distanzsatz-30-mm-fuer-rangiersystem-mover-xt-xt2-xt4-sx-smart\\\/#primaryimage\",\"url\":\"https:\\\/\\\/shop.bantam.ch\\\/wp-content\\\/uploads\\\/2023\\\/02\\\/990763811-1.jpg\",\"contentUrl\":\"https:\\\/\\\/shop.bantam.ch\\\/wp-content\\\/uploads\\\/2023\\\/02\\\/990763811-1.jpg\",\"width\":1000,\"height\":749},{\"@type\":\"BreadcrumbList\",\"@id\":\"https:\\\/\\\/shop.bantam.ch\\\/de\\\/produkt\\\/distanzsatz-30-mm-fuer-rangiersystem-mover-xt-xt2-xt4-sx-smart\\\/#breadcrumb\",\"itemListElement\":[{\"@type\":\"ListItem\",\"position\":1,\"name\":\"Accueil\",\"item\":\"https:\\\/\\\/shop.bantam.ch\\\/de\\\/\"},{\"@type\":\"ListItem\",\"position\":2,\"name\":\"Shop\",\"item\":\"https:\\\/\\\/shop.bantam.ch\\\/de\\\/shop\\\/\"},{\"@type\":\"ListItem\",\"position\":3,\"name\":\"Distanzsatz Truma 30 mm f\u00fcr Rangiersystem Mover XT, XT2, XT4 _ 14 &#8211; 11 cm, SX, smart _ 17 &#8211; 14 cm Rahmenh\u00f6he\"}]},{\"@type\":\"WebSite\",\"@id\":\"https:\\\/\\\/shop.bantam.ch\\\/de\\\/#website\",\"url\":\"https:\\\/\\\/shop.bantam.ch\\\/de\\\/\",\"name\":\"Bantam\",\"description\":\"\",\"publisher\":{\"@id\":\"https:\\\/\\\/shop.bantam.ch\\\/de\\\/#organization\"},\"inLanguage\":\"de\"},{\"@type\":\"Organization\",\"@id\":\"https:\\\/\\\/shop.bantam.ch\\\/de\\\/#organization\",\"name\":\"Bantam\",\"url\":\"https:\\\/\\\/shop.bantam.ch\\\/de\\\/\",\"logo\":{\"@type\":\"ImageObject\",\"inLanguage\":\"de\",\"@id\":\"https:\\\/\\\/shop.bantam.ch\\\/de\\\/#\\\/schema\\\/logo\\\/image\\\/\",\"url\":\"https:\\\/\\\/shop.bantam.ch\\\/wp-content\\\/uploads\\\/2022\\\/12\\\/bantam-logo.png\",\"contentUrl\":\"https:\\\/\\\/shop.bantam.ch\\\/wp-content\\\/uploads\\\/2022\\\/12\\\/bantam-logo.png\",\"width\":320,\"height\":71,\"caption\":\"Bantam\"},\"image\":{\"@id\":\"https:\\\/\\\/shop.bantam.ch\\\/de\\\/#\\\/schema\\\/logo\\\/image\\\/\"}}]}<\/script>\n<!-- \/ Yoast SEO plugin. -->","yoast_head_json":{"title":"Distanzsatz Truma 30 mm f\u00fcr Rangiersystem Mover XT, XT2, XT4 _ 14 - 11 cm, SX, smart _ 17 - 14 cm Rahmenh\u00f6he - Bantam","robots":{"index":"index","follow":"follow","max-snippet":"max-snippet:-1","max-image-preview":"max-image-preview:large","max-video-preview":"max-video-preview:-1"},"canonical":"https:\/\/shop.bantam.ch\/de\/produkt\/distanzsatz-30-mm-fuer-rangiersystem-mover-xt-xt2-xt4-sx-smart\/","og_locale":"de_DE","og_type":"article","og_title":"Distanzsatz Truma 30 mm f\u00fcr Rangiersystem Mover XT, XT2, XT4 _ 14 - 11 cm, SX, smart _ 17 - 14 cm Rahmenh\u00f6he - Bantam","og_description":"Zum Ausgleich der H\u00f6he von 3 cm bei einer Mover XT Rahmenh\u00f6he von &lt; 14 cm bis 11 cmMover SX Rahmenh\u00f6he von &lt; 17 cm bis 14 cm","og_url":"https:\/\/shop.bantam.ch\/de\/produkt\/distanzsatz-30-mm-fuer-rangiersystem-mover-xt-xt2-xt4-sx-smart\/","og_site_name":"Bantam","article_modified_time":"2026-05-02T19:01:19+00:00","og_image":[{"width":1000,"height":749,"url":"https:\/\/shop.bantam.ch\/wp-content\/uploads\/2023\/02\/990763811-1.jpg","type":"image\/jpeg"}],"twitter_card":"summary_large_image","schema":{"@context":"https:\/\/schema.org","@graph":[{"@type":"WebPage","@id":"https:\/\/shop.bantam.ch\/de\/produkt\/distanzsatz-30-mm-fuer-rangiersystem-mover-xt-xt2-xt4-sx-smart\/","url":"https:\/\/shop.bantam.ch\/de\/produkt\/distanzsatz-30-mm-fuer-rangiersystem-mover-xt-xt2-xt4-sx-smart\/","name":"Distanzsatz Truma 30 mm f\u00fcr Rangiersystem Mover XT, XT2, XT4 _ 14 - 11 cm, SX, smart _ 17 - 14 cm Rahmenh\u00f6he - Bantam","isPartOf":{"@id":"https:\/\/shop.bantam.ch\/de\/#website"},"primaryImageOfPage":{"@id":"https:\/\/shop.bantam.ch\/de\/produkt\/distanzsatz-30-mm-fuer-rangiersystem-mover-xt-xt2-xt4-sx-smart\/#primaryimage"},"image":{"@id":"https:\/\/shop.bantam.ch\/de\/produkt\/distanzsatz-30-mm-fuer-rangiersystem-mover-xt-xt2-xt4-sx-smart\/#primaryimage"},"thumbnailUrl":"https:\/\/shop.bantam.ch\/wp-content\/uploads\/2023\/02\/990763811-1.jpg","datePublished":"2023-02-23T10:36:13+00:00","dateModified":"2026-05-02T19:01:19+00:00","breadcrumb":{"@id":"https:\/\/shop.bantam.ch\/de\/produkt\/distanzsatz-30-mm-fuer-rangiersystem-mover-xt-xt2-xt4-sx-smart\/#breadcrumb"},"inLanguage":"de","potentialAction":[{"@type":"ReadAction","target":["https:\/\/shop.bantam.ch\/de\/produkt\/distanzsatz-30-mm-fuer-rangiersystem-mover-xt-xt2-xt4-sx-smart\/"]}]},{"@type":"ImageObject","inLanguage":"de","@id":"https:\/\/shop.bantam.ch\/de\/produkt\/distanzsatz-30-mm-fuer-rangiersystem-mover-xt-xt2-xt4-sx-smart\/#primaryimage","url":"https:\/\/shop.bantam.ch\/wp-content\/uploads\/2023\/02\/990763811-1.jpg","contentUrl":"https:\/\/shop.bantam.ch\/wp-content\/uploads\/2023\/02\/990763811-1.jpg","width":1000,"height":749},{"@type":"BreadcrumbList","@id":"https:\/\/shop.bantam.ch\/de\/produkt\/distanzsatz-30-mm-fuer-rangiersystem-mover-xt-xt2-xt4-sx-smart\/#breadcrumb","itemListElement":[{"@type":"ListItem","position":1,"name":"Accueil","item":"https:\/\/shop.bantam.ch\/de\/"},{"@type":"ListItem","position":2,"name":"Shop","item":"https:\/\/shop.bantam.ch\/de\/shop\/"},{"@type":"ListItem","position":3,"name":"Distanzsatz Truma 30 mm f\u00fcr Rangiersystem Mover XT, XT2, XT4 _ 14 &#8211; 11 cm, SX, smart _ 17 &#8211; 14 cm Rahmenh\u00f6he"}]},{"@type":"WebSite","@id":"https:\/\/shop.bantam.ch\/de\/#website","url":"https:\/\/shop.bantam.ch\/de\/","name":"Bantam","description":"","publisher":{"@id":"https:\/\/shop.bantam.ch\/de\/#organization"},"inLanguage":"de"},{"@type":"Organization","@id":"https:\/\/shop.bantam.ch\/de\/#organization","name":"Bantam","url":"https:\/\/shop.bantam.ch\/de\/","logo":{"@type":"ImageObject","inLanguage":"de","@id":"https:\/\/shop.bantam.ch\/de\/#\/schema\/logo\/image\/","url":"https:\/\/shop.bantam.ch\/wp-content\/uploads\/2022\/12\/bantam-logo.png","contentUrl":"https:\/\/shop.bantam.ch\/wp-content\/uploads\/2022\/12\/bantam-logo.png","width":320,"height":71,"caption":"Bantam"},"image":{"@id":"https:\/\/shop.bantam.ch\/de\/#\/schema\/logo\/image\/"}}]}},"_links":{"self":[{"href":"https:\/\/shop.bantam.ch\/de\/wp-json\/wp\/v2\/product\/43202","targetHints":{"allow":["GET"]}}],"collection":[{"href":"https:\/\/shop.bantam.ch\/de\/wp-json\/wp\/v2\/product"}],"about":[{"href":"https:\/\/shop.bantam.ch\/de\/wp-json\/wp\/v2\/types\/product"}],"wp:featuredmedia":[{"embeddable":true,"href":"https:\/\/shop.bantam.ch\/de\/wp-json\/wp\/v2\/media\/43198"}],"wp:attachment":[{"href":"https:\/\/shop.bantam.ch\/de\/wp-json\/wp\/v2\/media?parent=43202"}],"wp:term":[{"taxonomy":"product_featured_cat","embeddable":true,"href":"https:\/\/shop.bantam.ch\/de\/wp-json\/wp\/v2\/product_featured_cat?post=43202"},{"taxonomy":"product_brand","embeddable":true,"href":"https:\/\/shop.bantam.ch\/de\/wp-json\/wp\/v2\/product_brand?post=43202"},{"taxonomy":"product_cat","embeddable":true,"href":"https:\/\/shop.bantam.ch\/de\/wp-json\/wp\/v2\/product_cat?post=43202"},{"taxonomy":"product_tag","embeddable":true,"href":"https:\/\/shop.bantam.ch\/de\/wp-json\/wp\/v2\/product_tag?post=43202"}],"curies":[{"name":"wp","href":"https:\/\/api.w.org\/{rel}","templated":true}]}}