{"id":42662,"date":"2023-02-23T11:23:49","date_gmt":"2023-02-23T10:23:49","guid":{"rendered":"http:\/\/preprod-dev.sh1.hidora.com\/webshop\/produit\/spiralschneider-spirelli\/"},"modified":"2026-04-18T21:00:55","modified_gmt":"2026-04-18T19:00:55","slug":"spiralschneider-spirelli","status":"publish","type":"product","link":"https:\/\/shop.bantam.ch\/de\/produkt\/spiralschneider-spirelli\/","title":{"rendered":"Spiralschneider Edelstahl \/ Kunststoff Gefu Spirelli"},"content":{"rendered":"<p>Das Prinzip des Anspitzers nutzend, verwandelt der Spiralschneider Spirelli M\u00f6hren, Rettich, Gurken und sonstige feste Gem\u00fcsesorten im Handumdrehen in appetitliche Endlos-Spiralen &#8211; f\u00fcr vegetarische Gem\u00fcsepfannen, f\u00fcr gesunde Rohkostsalate und als appetitliche Dekoration zum Sofort-Verzehr. Zwei unterschiedlich breite Spiralen liefern die japanischen Spezialmesser aus Edelstahl, der Restehalter sorgt f\u00fcr wenig Abfall und sichere Anwendung. Und nach dem Gebrauch, ab in die Sp\u00fclmaschine. Ein K\u00fcchenassistent, ideal als Geschenk f\u00fcr Gem\u00fcse-Freaks.<\/p>\n<p>Material:<br \/>Edelstahlklingen \/-halterungen<br \/>Kunststoff<\/p>\n","protected":false},"excerpt":{"rendered":"<p>Das Prinzip des Anspitzers nutzend, verwandelt der Spiralschneider Spirelli M\u00f6hren, Rettich, Gurken und sonstige feste Gem\u00fcsesorten im Handumdrehen in appetitliche Endlos-Spiralen &#8211; f\u00fcr vegetarische Gem\u00fcsepfannen, f\u00fcr gesunde Rohkostsalate und als appetitliche Dekoration zum Sofort-Verzehr. Zwei unterschiedlich breite Spiralen liefern die japanischen Spezialmesser aus Edelstahl, der Restehalter sorgt f\u00fcr wenig Abfall und sichere Anwendung. Und nach [&hellip;]<\/p>\n","protected":false},"featured_media":42658,"template":"","meta":{"_acf_changed":false},"product_featured_cat":[],"product_brand":[3343],"product_cat":[4286],"product_tag":[],"class_list":{"0":"post-42662","1":"product","2":"type-product","3":"status-publish","4":"has-post-thumbnail","6":"product_brand-gefu-de","7":"product_cat-kuechenhelfer","9":"first","10":"instock","11":"taxable","12":"shipping-taxable","13":"purchasable","14":"product-type-simple"},"acf":[],"yoast_head":"<!-- This site is optimized with the Yoast SEO plugin v27.4 - https:\/\/yoast.com\/product\/yoast-seo-wordpress\/ -->\n<title>Spiralschneider Edelstahl \/ Kunststoff Gefu Spirelli - Bantam Camping AG<\/title>\n<meta name=\"robots\" content=\"index, follow, max-snippet:-1, max-image-preview:large, max-video-preview:-1\" \/>\n<link rel=\"canonical\" href=\"https:\/\/shop.bantam.ch\/de\/produkt\/spiralschneider-spirelli\/\" \/>\n<meta property=\"og:locale\" content=\"de_DE\" \/>\n<meta property=\"og:type\" content=\"article\" \/>\n<meta property=\"og:title\" content=\"Spiralschneider Edelstahl \/ Kunststoff Gefu Spirelli - Bantam Camping AG\" \/>\n<meta property=\"og:description\" content=\"Das Prinzip des Anspitzers nutzend, verwandelt der Spiralschneider Spirelli M\u00f6hren, Rettich, Gurken und sonstige feste Gem\u00fcsesorten im Handumdrehen in appetitliche Endlos-Spiralen &#8211; f\u00fcr vegetarische Gem\u00fcsepfannen, f\u00fcr gesunde Rohkostsalate und als appetitliche Dekoration zum Sofort-Verzehr. Zwei unterschiedlich breite Spiralen liefern die japanischen Spezialmesser aus Edelstahl, der Restehalter sorgt f\u00fcr wenig Abfall und sichere Anwendung. Und nach [&hellip;]\" \/>\n<meta property=\"og:url\" content=\"https:\/\/shop.bantam.ch\/de\/produkt\/spiralschneider-spirelli\/\" \/>\n<meta property=\"og:site_name\" content=\"Bantam Camping AG\" \/>\n<meta property=\"article:modified_time\" content=\"2026-04-18T19:00:55+00:00\" \/>\n<meta property=\"og:image\" content=\"https:\/\/shop.bantam.ch\/wp-content\/uploads\/2023\/02\/9950439-Spiralschneider_Gefu_Spirelli-Standard-01-1.jpg\" \/>\n\t<meta property=\"og:image:width\" content=\"1000\" \/>\n\t<meta property=\"og:image:height\" content=\"782\" \/>\n\t<meta property=\"og:image:type\" content=\"image\/jpeg\" \/>\n<meta name=\"twitter:card\" content=\"summary_large_image\" \/>\n<script type=\"application\/ld+json\" class=\"yoast-schema-graph\">{\"@context\":\"https:\\\/\\\/schema.org\",\"@graph\":[{\"@type\":\"WebPage\",\"@id\":\"https:\\\/\\\/shop.bantam.ch\\\/de\\\/produkt\\\/spiralschneider-spirelli\\\/\",\"url\":\"https:\\\/\\\/shop.bantam.ch\\\/de\\\/produkt\\\/spiralschneider-spirelli\\\/\",\"name\":\"Spiralschneider Edelstahl \\\/ Kunststoff Gefu Spirelli - Bantam Camping AG\",\"isPartOf\":{\"@id\":\"https:\\\/\\\/shop.bantam.ch\\\/de\\\/#website\"},\"primaryImageOfPage\":{\"@id\":\"https:\\\/\\\/shop.bantam.ch\\\/de\\\/produkt\\\/spiralschneider-spirelli\\\/#primaryimage\"},\"image\":{\"@id\":\"https:\\\/\\\/shop.bantam.ch\\\/de\\\/produkt\\\/spiralschneider-spirelli\\\/#primaryimage\"},\"thumbnailUrl\":\"https:\\\/\\\/shop.bantam.ch\\\/wp-content\\\/uploads\\\/2023\\\/02\\\/9950439-Spiralschneider_Gefu_Spirelli-Standard-01-1.jpg\",\"datePublished\":\"2023-02-23T10:23:49+00:00\",\"dateModified\":\"2026-04-18T19:00:55+00:00\",\"breadcrumb\":{\"@id\":\"https:\\\/\\\/shop.bantam.ch\\\/de\\\/produkt\\\/spiralschneider-spirelli\\\/#breadcrumb\"},\"inLanguage\":\"de\",\"potentialAction\":[{\"@type\":\"ReadAction\",\"target\":[\"https:\\\/\\\/shop.bantam.ch\\\/de\\\/produkt\\\/spiralschneider-spirelli\\\/\"]}]},{\"@type\":\"ImageObject\",\"inLanguage\":\"de\",\"@id\":\"https:\\\/\\\/shop.bantam.ch\\\/de\\\/produkt\\\/spiralschneider-spirelli\\\/#primaryimage\",\"url\":\"https:\\\/\\\/shop.bantam.ch\\\/wp-content\\\/uploads\\\/2023\\\/02\\\/9950439-Spiralschneider_Gefu_Spirelli-Standard-01-1.jpg\",\"contentUrl\":\"https:\\\/\\\/shop.bantam.ch\\\/wp-content\\\/uploads\\\/2023\\\/02\\\/9950439-Spiralschneider_Gefu_Spirelli-Standard-01-1.jpg\",\"width\":1000,\"height\":782},{\"@type\":\"BreadcrumbList\",\"@id\":\"https:\\\/\\\/shop.bantam.ch\\\/de\\\/produkt\\\/spiralschneider-spirelli\\\/#breadcrumb\",\"itemListElement\":[{\"@type\":\"ListItem\",\"position\":1,\"name\":\"Accueil\",\"item\":\"https:\\\/\\\/shop.bantam.ch\\\/de\\\/\"},{\"@type\":\"ListItem\",\"position\":2,\"name\":\"Shop\",\"item\":\"https:\\\/\\\/shop.bantam.ch\\\/de\\\/shop\\\/\"},{\"@type\":\"ListItem\",\"position\":3,\"name\":\"Spiralschneider Edelstahl \\\/ Kunststoff Gefu Spirelli\"}]},{\"@type\":\"WebSite\",\"@id\":\"https:\\\/\\\/shop.bantam.ch\\\/de\\\/#website\",\"url\":\"https:\\\/\\\/shop.bantam.ch\\\/de\\\/\",\"name\":\"Bantam Camping AG\",\"description\":\"\",\"publisher\":{\"@id\":\"https:\\\/\\\/shop.bantam.ch\\\/de\\\/#organization\"},\"inLanguage\":\"de\"},{\"@type\":\"Organization\",\"@id\":\"https:\\\/\\\/shop.bantam.ch\\\/de\\\/#organization\",\"name\":\"Bantam Camping AG\",\"url\":\"https:\\\/\\\/shop.bantam.ch\\\/de\\\/\",\"logo\":{\"@type\":\"ImageObject\",\"inLanguage\":\"de\",\"@id\":\"https:\\\/\\\/shop.bantam.ch\\\/de\\\/#\\\/schema\\\/logo\\\/image\\\/\",\"url\":\"https:\\\/\\\/shop.bantam.ch\\\/wp-content\\\/uploads\\\/2022\\\/12\\\/bantam-logo.png\",\"contentUrl\":\"https:\\\/\\\/shop.bantam.ch\\\/wp-content\\\/uploads\\\/2022\\\/12\\\/bantam-logo.png\",\"width\":320,\"height\":71,\"caption\":\"Bantam Camping AG\"},\"image\":{\"@id\":\"https:\\\/\\\/shop.bantam.ch\\\/de\\\/#\\\/schema\\\/logo\\\/image\\\/\"}}]}<\/script>\n<!-- \/ Yoast SEO plugin. -->","yoast_head_json":{"title":"Spiralschneider Edelstahl \/ Kunststoff Gefu Spirelli - Bantam Camping AG","robots":{"index":"index","follow":"follow","max-snippet":"max-snippet:-1","max-image-preview":"max-image-preview:large","max-video-preview":"max-video-preview:-1"},"canonical":"https:\/\/shop.bantam.ch\/de\/produkt\/spiralschneider-spirelli\/","og_locale":"de_DE","og_type":"article","og_title":"Spiralschneider Edelstahl \/ Kunststoff Gefu Spirelli - Bantam Camping AG","og_description":"Das Prinzip des Anspitzers nutzend, verwandelt der Spiralschneider Spirelli M\u00f6hren, Rettich, Gurken und sonstige feste Gem\u00fcsesorten im Handumdrehen in appetitliche Endlos-Spiralen &#8211; f\u00fcr vegetarische Gem\u00fcsepfannen, f\u00fcr gesunde Rohkostsalate und als appetitliche Dekoration zum Sofort-Verzehr. Zwei unterschiedlich breite Spiralen liefern die japanischen Spezialmesser aus Edelstahl, der Restehalter sorgt f\u00fcr wenig Abfall und sichere Anwendung. Und nach [&hellip;]","og_url":"https:\/\/shop.bantam.ch\/de\/produkt\/spiralschneider-spirelli\/","og_site_name":"Bantam Camping AG","article_modified_time":"2026-04-18T19:00:55+00:00","og_image":[{"width":1000,"height":782,"url":"https:\/\/shop.bantam.ch\/wp-content\/uploads\/2023\/02\/9950439-Spiralschneider_Gefu_Spirelli-Standard-01-1.jpg","type":"image\/jpeg"}],"twitter_card":"summary_large_image","schema":{"@context":"https:\/\/schema.org","@graph":[{"@type":"WebPage","@id":"https:\/\/shop.bantam.ch\/de\/produkt\/spiralschneider-spirelli\/","url":"https:\/\/shop.bantam.ch\/de\/produkt\/spiralschneider-spirelli\/","name":"Spiralschneider Edelstahl \/ Kunststoff Gefu Spirelli - Bantam Camping AG","isPartOf":{"@id":"https:\/\/shop.bantam.ch\/de\/#website"},"primaryImageOfPage":{"@id":"https:\/\/shop.bantam.ch\/de\/produkt\/spiralschneider-spirelli\/#primaryimage"},"image":{"@id":"https:\/\/shop.bantam.ch\/de\/produkt\/spiralschneider-spirelli\/#primaryimage"},"thumbnailUrl":"https:\/\/shop.bantam.ch\/wp-content\/uploads\/2023\/02\/9950439-Spiralschneider_Gefu_Spirelli-Standard-01-1.jpg","datePublished":"2023-02-23T10:23:49+00:00","dateModified":"2026-04-18T19:00:55+00:00","breadcrumb":{"@id":"https:\/\/shop.bantam.ch\/de\/produkt\/spiralschneider-spirelli\/#breadcrumb"},"inLanguage":"de","potentialAction":[{"@type":"ReadAction","target":["https:\/\/shop.bantam.ch\/de\/produkt\/spiralschneider-spirelli\/"]}]},{"@type":"ImageObject","inLanguage":"de","@id":"https:\/\/shop.bantam.ch\/de\/produkt\/spiralschneider-spirelli\/#primaryimage","url":"https:\/\/shop.bantam.ch\/wp-content\/uploads\/2023\/02\/9950439-Spiralschneider_Gefu_Spirelli-Standard-01-1.jpg","contentUrl":"https:\/\/shop.bantam.ch\/wp-content\/uploads\/2023\/02\/9950439-Spiralschneider_Gefu_Spirelli-Standard-01-1.jpg","width":1000,"height":782},{"@type":"BreadcrumbList","@id":"https:\/\/shop.bantam.ch\/de\/produkt\/spiralschneider-spirelli\/#breadcrumb","itemListElement":[{"@type":"ListItem","position":1,"name":"Accueil","item":"https:\/\/shop.bantam.ch\/de\/"},{"@type":"ListItem","position":2,"name":"Shop","item":"https:\/\/shop.bantam.ch\/de\/shop\/"},{"@type":"ListItem","position":3,"name":"Spiralschneider Edelstahl \/ Kunststoff Gefu Spirelli"}]},{"@type":"WebSite","@id":"https:\/\/shop.bantam.ch\/de\/#website","url":"https:\/\/shop.bantam.ch\/de\/","name":"Bantam Camping AG","description":"","publisher":{"@id":"https:\/\/shop.bantam.ch\/de\/#organization"},"inLanguage":"de"},{"@type":"Organization","@id":"https:\/\/shop.bantam.ch\/de\/#organization","name":"Bantam Camping AG","url":"https:\/\/shop.bantam.ch\/de\/","logo":{"@type":"ImageObject","inLanguage":"de","@id":"https:\/\/shop.bantam.ch\/de\/#\/schema\/logo\/image\/","url":"https:\/\/shop.bantam.ch\/wp-content\/uploads\/2022\/12\/bantam-logo.png","contentUrl":"https:\/\/shop.bantam.ch\/wp-content\/uploads\/2022\/12\/bantam-logo.png","width":320,"height":71,"caption":"Bantam Camping AG"},"image":{"@id":"https:\/\/shop.bantam.ch\/de\/#\/schema\/logo\/image\/"}}]}},"_links":{"self":[{"href":"https:\/\/shop.bantam.ch\/de\/wp-json\/wp\/v2\/product\/42662","targetHints":{"allow":["GET"]}}],"collection":[{"href":"https:\/\/shop.bantam.ch\/de\/wp-json\/wp\/v2\/product"}],"about":[{"href":"https:\/\/shop.bantam.ch\/de\/wp-json\/wp\/v2\/types\/product"}],"wp:featuredmedia":[{"embeddable":true,"href":"https:\/\/shop.bantam.ch\/de\/wp-json\/wp\/v2\/media\/42658"}],"wp:attachment":[{"href":"https:\/\/shop.bantam.ch\/de\/wp-json\/wp\/v2\/media?parent=42662"}],"wp:term":[{"taxonomy":"product_featured_cat","embeddable":true,"href":"https:\/\/shop.bantam.ch\/de\/wp-json\/wp\/v2\/product_featured_cat?post=42662"},{"taxonomy":"product_brand","embeddable":true,"href":"https:\/\/shop.bantam.ch\/de\/wp-json\/wp\/v2\/product_brand?post=42662"},{"taxonomy":"product_cat","embeddable":true,"href":"https:\/\/shop.bantam.ch\/de\/wp-json\/wp\/v2\/product_cat?post=42662"},{"taxonomy":"product_tag","embeddable":true,"href":"https:\/\/shop.bantam.ch\/de\/wp-json\/wp\/v2\/product_tag?post=42662"}],"curies":[{"name":"wp","href":"https:\/\/api.w.org\/{rel}","templated":true}]}}