{"id":42624,"date":"2023-02-23T11:23:07","date_gmt":"2023-02-23T10:23:07","guid":{"rendered":"http:\/\/preprod-dev.sh1.hidora.com\/webshop\/produit\/deckel-fuer-magnet-trinkbecher-mit-trinkhalmoeffnung-farbe-anthrazit\/"},"modified":"2026-05-11T21:00:25","modified_gmt":"2026-05-11T19:00:25","slug":"deckel-fuer-magnet-trinkbecher-mit-trinkhalmoeffnung-farbe-anthrazit","status":"publish","type":"product","link":"https:\/\/shop.bantam.ch\/de\/produkt\/deckel-fuer-magnet-trinkbecher-mit-trinkhalmoeffnung-farbe-anthrazit\/","title":{"rendered":"Deckel silwy 2er-Set f\u00fcr Magnet-Trinkbecher mit Trinkhalm\u00f6ffnung Fb. anthrazit"},"content":{"rendered":"<p>Deckel f\u00fcr Magnet-Trinkbecher mit integrierter, speziell abdichtender \u00d6ffnung f\u00fcr Trinkhalme. Die Fl\u00fcssigkeit bleibt dank Vakuumeffekt auch kopf\u00fcber im Trinkbecher. Leicht zu reinigen.<br \/>Geeignet f\u00fcr alkoholfreie und alkoholische Getr\u00e4nke und f\u00fcr Hei\u00dfgetr\u00e4nke bis zu einer Temperatur von 100 \u00b0C geeignet.<\/p>\n<p>Inhalt:<br \/>2 St\u00fcck<\/p>\n","protected":false},"excerpt":{"rendered":"<p>Deckel f\u00fcr Magnet-Trinkbecher mit integrierter, speziell abdichtender \u00d6ffnung f\u00fcr Trinkhalme. Die Fl\u00fcssigkeit bleibt dank Vakuumeffekt auch kopf\u00fcber im Trinkbecher. Leicht zu reinigen.Geeignet f\u00fcr alkoholfreie und alkoholische Getr\u00e4nke und f\u00fcr Hei\u00dfgetr\u00e4nke bis zu einer Temperatur von 100 \u00b0C geeignet. Inhalt:2 St\u00fcck<\/p>\n","protected":false},"featured_media":42616,"template":"","meta":{"_acf_changed":false},"product_featured_cat":[],"product_brand":[3073],"product_cat":[4270],"product_tag":[],"class_list":{"0":"post-42624","1":"product","2":"type-product","3":"status-publish","4":"has-post-thumbnail","6":"product_brand-silwy-de","7":"product_cat-becher-tassen-glaeser","9":"first","10":"instock","11":"taxable","12":"shipping-taxable","13":"purchasable","14":"product-type-simple"},"acf":[],"yoast_head":"<!-- This site is optimized with the Yoast SEO plugin v27.5 - https:\/\/yoast.com\/product\/yoast-seo-wordpress\/ -->\n<title>Deckel silwy 2er-Set f\u00fcr Magnet-Trinkbecher mit Trinkhalm\u00f6ffnung Fb. anthrazit - Bantam<\/title>\n<meta name=\"robots\" content=\"index, follow, max-snippet:-1, max-image-preview:large, max-video-preview:-1\" \/>\n<link rel=\"canonical\" href=\"https:\/\/shop.bantam.ch\/de\/produkt\/deckel-fuer-magnet-trinkbecher-mit-trinkhalmoeffnung-farbe-anthrazit\/\" \/>\n<meta property=\"og:locale\" content=\"de_DE\" \/>\n<meta property=\"og:type\" content=\"article\" \/>\n<meta property=\"og:title\" content=\"Deckel silwy 2er-Set f\u00fcr Magnet-Trinkbecher mit Trinkhalm\u00f6ffnung Fb. anthrazit - Bantam\" \/>\n<meta property=\"og:description\" content=\"Deckel f\u00fcr Magnet-Trinkbecher mit integrierter, speziell abdichtender \u00d6ffnung f\u00fcr Trinkhalme. Die Fl\u00fcssigkeit bleibt dank Vakuumeffekt auch kopf\u00fcber im Trinkbecher. Leicht zu reinigen.Geeignet f\u00fcr alkoholfreie und alkoholische Getr\u00e4nke und f\u00fcr Hei\u00dfgetr\u00e4nke bis zu einer Temperatur von 100 \u00b0C geeignet. Inhalt:2 St\u00fcck\" \/>\n<meta property=\"og:url\" content=\"https:\/\/shop.bantam.ch\/de\/produkt\/deckel-fuer-magnet-trinkbecher-mit-trinkhalmoeffnung-farbe-anthrazit\/\" \/>\n<meta property=\"og:site_name\" content=\"Bantam\" \/>\n<meta property=\"article:modified_time\" content=\"2026-05-11T19:00:25+00:00\" \/>\n<meta property=\"og:image\" content=\"https:\/\/shop.bantam.ch\/wp-content\/uploads\/2023\/02\/9950668-Deckelset_2er_silwy_Grace_Grey-Standard-01-1.jpg\" \/>\n\t<meta property=\"og:image:width\" content=\"1000\" \/>\n\t<meta property=\"og:image:height\" content=\"343\" \/>\n\t<meta property=\"og:image:type\" content=\"image\/jpeg\" \/>\n<meta name=\"twitter:card\" content=\"summary_large_image\" \/>\n<script type=\"application\/ld+json\" class=\"yoast-schema-graph\">{\"@context\":\"https:\\\/\\\/schema.org\",\"@graph\":[{\"@type\":\"WebPage\",\"@id\":\"https:\\\/\\\/shop.bantam.ch\\\/de\\\/produkt\\\/deckel-fuer-magnet-trinkbecher-mit-trinkhalmoeffnung-farbe-anthrazit\\\/\",\"url\":\"https:\\\/\\\/shop.bantam.ch\\\/de\\\/produkt\\\/deckel-fuer-magnet-trinkbecher-mit-trinkhalmoeffnung-farbe-anthrazit\\\/\",\"name\":\"Deckel silwy 2er-Set f\u00fcr Magnet-Trinkbecher mit Trinkhalm\u00f6ffnung Fb. anthrazit - Bantam\",\"isPartOf\":{\"@id\":\"https:\\\/\\\/shop.bantam.ch\\\/de\\\/#website\"},\"primaryImageOfPage\":{\"@id\":\"https:\\\/\\\/shop.bantam.ch\\\/de\\\/produkt\\\/deckel-fuer-magnet-trinkbecher-mit-trinkhalmoeffnung-farbe-anthrazit\\\/#primaryimage\"},\"image\":{\"@id\":\"https:\\\/\\\/shop.bantam.ch\\\/de\\\/produkt\\\/deckel-fuer-magnet-trinkbecher-mit-trinkhalmoeffnung-farbe-anthrazit\\\/#primaryimage\"},\"thumbnailUrl\":\"https:\\\/\\\/shop.bantam.ch\\\/wp-content\\\/uploads\\\/2023\\\/02\\\/9950668-Deckelset_2er_silwy_Grace_Grey-Standard-01-1.jpg\",\"datePublished\":\"2023-02-23T10:23:07+00:00\",\"dateModified\":\"2026-05-11T19:00:25+00:00\",\"breadcrumb\":{\"@id\":\"https:\\\/\\\/shop.bantam.ch\\\/de\\\/produkt\\\/deckel-fuer-magnet-trinkbecher-mit-trinkhalmoeffnung-farbe-anthrazit\\\/#breadcrumb\"},\"inLanguage\":\"de\",\"potentialAction\":[{\"@type\":\"ReadAction\",\"target\":[\"https:\\\/\\\/shop.bantam.ch\\\/de\\\/produkt\\\/deckel-fuer-magnet-trinkbecher-mit-trinkhalmoeffnung-farbe-anthrazit\\\/\"]}]},{\"@type\":\"ImageObject\",\"inLanguage\":\"de\",\"@id\":\"https:\\\/\\\/shop.bantam.ch\\\/de\\\/produkt\\\/deckel-fuer-magnet-trinkbecher-mit-trinkhalmoeffnung-farbe-anthrazit\\\/#primaryimage\",\"url\":\"https:\\\/\\\/shop.bantam.ch\\\/wp-content\\\/uploads\\\/2023\\\/02\\\/9950668-Deckelset_2er_silwy_Grace_Grey-Standard-01-1.jpg\",\"contentUrl\":\"https:\\\/\\\/shop.bantam.ch\\\/wp-content\\\/uploads\\\/2023\\\/02\\\/9950668-Deckelset_2er_silwy_Grace_Grey-Standard-01-1.jpg\",\"width\":1000,\"height\":343},{\"@type\":\"BreadcrumbList\",\"@id\":\"https:\\\/\\\/shop.bantam.ch\\\/de\\\/produkt\\\/deckel-fuer-magnet-trinkbecher-mit-trinkhalmoeffnung-farbe-anthrazit\\\/#breadcrumb\",\"itemListElement\":[{\"@type\":\"ListItem\",\"position\":1,\"name\":\"Accueil\",\"item\":\"https:\\\/\\\/shop.bantam.ch\\\/de\\\/\"},{\"@type\":\"ListItem\",\"position\":2,\"name\":\"Shop\",\"item\":\"https:\\\/\\\/shop.bantam.ch\\\/de\\\/shop\\\/\"},{\"@type\":\"ListItem\",\"position\":3,\"name\":\"Deckel silwy 2er-Set f\u00fcr Magnet-Trinkbecher mit Trinkhalm\u00f6ffnung Fb. anthrazit\"}]},{\"@type\":\"WebSite\",\"@id\":\"https:\\\/\\\/shop.bantam.ch\\\/de\\\/#website\",\"url\":\"https:\\\/\\\/shop.bantam.ch\\\/de\\\/\",\"name\":\"Bantam\",\"description\":\"\",\"publisher\":{\"@id\":\"https:\\\/\\\/shop.bantam.ch\\\/de\\\/#organization\"},\"inLanguage\":\"de\"},{\"@type\":\"Organization\",\"@id\":\"https:\\\/\\\/shop.bantam.ch\\\/de\\\/#organization\",\"name\":\"Bantam\",\"url\":\"https:\\\/\\\/shop.bantam.ch\\\/de\\\/\",\"logo\":{\"@type\":\"ImageObject\",\"inLanguage\":\"de\",\"@id\":\"https:\\\/\\\/shop.bantam.ch\\\/de\\\/#\\\/schema\\\/logo\\\/image\\\/\",\"url\":\"https:\\\/\\\/shop.bantam.ch\\\/wp-content\\\/uploads\\\/2022\\\/12\\\/bantam-logo.png\",\"contentUrl\":\"https:\\\/\\\/shop.bantam.ch\\\/wp-content\\\/uploads\\\/2022\\\/12\\\/bantam-logo.png\",\"width\":320,\"height\":71,\"caption\":\"Bantam\"},\"image\":{\"@id\":\"https:\\\/\\\/shop.bantam.ch\\\/de\\\/#\\\/schema\\\/logo\\\/image\\\/\"}}]}<\/script>\n<!-- \/ Yoast SEO plugin. -->","yoast_head_json":{"title":"Deckel silwy 2er-Set f\u00fcr Magnet-Trinkbecher mit Trinkhalm\u00f6ffnung Fb. anthrazit - Bantam","robots":{"index":"index","follow":"follow","max-snippet":"max-snippet:-1","max-image-preview":"max-image-preview:large","max-video-preview":"max-video-preview:-1"},"canonical":"https:\/\/shop.bantam.ch\/de\/produkt\/deckel-fuer-magnet-trinkbecher-mit-trinkhalmoeffnung-farbe-anthrazit\/","og_locale":"de_DE","og_type":"article","og_title":"Deckel silwy 2er-Set f\u00fcr Magnet-Trinkbecher mit Trinkhalm\u00f6ffnung Fb. anthrazit - Bantam","og_description":"Deckel f\u00fcr Magnet-Trinkbecher mit integrierter, speziell abdichtender \u00d6ffnung f\u00fcr Trinkhalme. Die Fl\u00fcssigkeit bleibt dank Vakuumeffekt auch kopf\u00fcber im Trinkbecher. Leicht zu reinigen.Geeignet f\u00fcr alkoholfreie und alkoholische Getr\u00e4nke und f\u00fcr Hei\u00dfgetr\u00e4nke bis zu einer Temperatur von 100 \u00b0C geeignet. Inhalt:2 St\u00fcck","og_url":"https:\/\/shop.bantam.ch\/de\/produkt\/deckel-fuer-magnet-trinkbecher-mit-trinkhalmoeffnung-farbe-anthrazit\/","og_site_name":"Bantam","article_modified_time":"2026-05-11T19:00:25+00:00","og_image":[{"width":1000,"height":343,"url":"https:\/\/shop.bantam.ch\/wp-content\/uploads\/2023\/02\/9950668-Deckelset_2er_silwy_Grace_Grey-Standard-01-1.jpg","type":"image\/jpeg"}],"twitter_card":"summary_large_image","schema":{"@context":"https:\/\/schema.org","@graph":[{"@type":"WebPage","@id":"https:\/\/shop.bantam.ch\/de\/produkt\/deckel-fuer-magnet-trinkbecher-mit-trinkhalmoeffnung-farbe-anthrazit\/","url":"https:\/\/shop.bantam.ch\/de\/produkt\/deckel-fuer-magnet-trinkbecher-mit-trinkhalmoeffnung-farbe-anthrazit\/","name":"Deckel silwy 2er-Set f\u00fcr Magnet-Trinkbecher mit Trinkhalm\u00f6ffnung Fb. anthrazit - Bantam","isPartOf":{"@id":"https:\/\/shop.bantam.ch\/de\/#website"},"primaryImageOfPage":{"@id":"https:\/\/shop.bantam.ch\/de\/produkt\/deckel-fuer-magnet-trinkbecher-mit-trinkhalmoeffnung-farbe-anthrazit\/#primaryimage"},"image":{"@id":"https:\/\/shop.bantam.ch\/de\/produkt\/deckel-fuer-magnet-trinkbecher-mit-trinkhalmoeffnung-farbe-anthrazit\/#primaryimage"},"thumbnailUrl":"https:\/\/shop.bantam.ch\/wp-content\/uploads\/2023\/02\/9950668-Deckelset_2er_silwy_Grace_Grey-Standard-01-1.jpg","datePublished":"2023-02-23T10:23:07+00:00","dateModified":"2026-05-11T19:00:25+00:00","breadcrumb":{"@id":"https:\/\/shop.bantam.ch\/de\/produkt\/deckel-fuer-magnet-trinkbecher-mit-trinkhalmoeffnung-farbe-anthrazit\/#breadcrumb"},"inLanguage":"de","potentialAction":[{"@type":"ReadAction","target":["https:\/\/shop.bantam.ch\/de\/produkt\/deckel-fuer-magnet-trinkbecher-mit-trinkhalmoeffnung-farbe-anthrazit\/"]}]},{"@type":"ImageObject","inLanguage":"de","@id":"https:\/\/shop.bantam.ch\/de\/produkt\/deckel-fuer-magnet-trinkbecher-mit-trinkhalmoeffnung-farbe-anthrazit\/#primaryimage","url":"https:\/\/shop.bantam.ch\/wp-content\/uploads\/2023\/02\/9950668-Deckelset_2er_silwy_Grace_Grey-Standard-01-1.jpg","contentUrl":"https:\/\/shop.bantam.ch\/wp-content\/uploads\/2023\/02\/9950668-Deckelset_2er_silwy_Grace_Grey-Standard-01-1.jpg","width":1000,"height":343},{"@type":"BreadcrumbList","@id":"https:\/\/shop.bantam.ch\/de\/produkt\/deckel-fuer-magnet-trinkbecher-mit-trinkhalmoeffnung-farbe-anthrazit\/#breadcrumb","itemListElement":[{"@type":"ListItem","position":1,"name":"Accueil","item":"https:\/\/shop.bantam.ch\/de\/"},{"@type":"ListItem","position":2,"name":"Shop","item":"https:\/\/shop.bantam.ch\/de\/shop\/"},{"@type":"ListItem","position":3,"name":"Deckel silwy 2er-Set f\u00fcr Magnet-Trinkbecher mit Trinkhalm\u00f6ffnung Fb. anthrazit"}]},{"@type":"WebSite","@id":"https:\/\/shop.bantam.ch\/de\/#website","url":"https:\/\/shop.bantam.ch\/de\/","name":"Bantam","description":"","publisher":{"@id":"https:\/\/shop.bantam.ch\/de\/#organization"},"inLanguage":"de"},{"@type":"Organization","@id":"https:\/\/shop.bantam.ch\/de\/#organization","name":"Bantam","url":"https:\/\/shop.bantam.ch\/de\/","logo":{"@type":"ImageObject","inLanguage":"de","@id":"https:\/\/shop.bantam.ch\/de\/#\/schema\/logo\/image\/","url":"https:\/\/shop.bantam.ch\/wp-content\/uploads\/2022\/12\/bantam-logo.png","contentUrl":"https:\/\/shop.bantam.ch\/wp-content\/uploads\/2022\/12\/bantam-logo.png","width":320,"height":71,"caption":"Bantam"},"image":{"@id":"https:\/\/shop.bantam.ch\/de\/#\/schema\/logo\/image\/"}}]}},"_links":{"self":[{"href":"https:\/\/shop.bantam.ch\/de\/wp-json\/wp\/v2\/product\/42624","targetHints":{"allow":["GET"]}}],"collection":[{"href":"https:\/\/shop.bantam.ch\/de\/wp-json\/wp\/v2\/product"}],"about":[{"href":"https:\/\/shop.bantam.ch\/de\/wp-json\/wp\/v2\/types\/product"}],"wp:featuredmedia":[{"embeddable":true,"href":"https:\/\/shop.bantam.ch\/de\/wp-json\/wp\/v2\/media\/42616"}],"wp:attachment":[{"href":"https:\/\/shop.bantam.ch\/de\/wp-json\/wp\/v2\/media?parent=42624"}],"wp:term":[{"taxonomy":"product_featured_cat","embeddable":true,"href":"https:\/\/shop.bantam.ch\/de\/wp-json\/wp\/v2\/product_featured_cat?post=42624"},{"taxonomy":"product_brand","embeddable":true,"href":"https:\/\/shop.bantam.ch\/de\/wp-json\/wp\/v2\/product_brand?post=42624"},{"taxonomy":"product_cat","embeddable":true,"href":"https:\/\/shop.bantam.ch\/de\/wp-json\/wp\/v2\/product_cat?post=42624"},{"taxonomy":"product_tag","embeddable":true,"href":"https:\/\/shop.bantam.ch\/de\/wp-json\/wp\/v2\/product_tag?post=42624"}],"curies":[{"name":"wp","href":"https:\/\/api.w.org\/{rel}","templated":true}]}}