{"id":42538,"date":"2023-02-23T11:21:22","date_gmt":"2023-02-23T10:21:22","guid":{"rendered":"http:\/\/preprod-dev.sh1.hidora.com\/webshop\/produit\/dessertteller-cosmic\/"},"modified":"2026-04-19T21:01:17","modified_gmt":"2026-04-19T19:01:17","slug":"dessertteller-cosmic","status":"publish","type":"product","link":"https:\/\/shop.bantam.ch\/de\/produkt\/dessertteller-cosmic\/","title":{"rendered":"Dessertteller Melamin Brunner Cosmic Durchm. 20 cm Fb. wei\u00df \/ rot"},"content":{"rendered":"<p>Melamingeschirr mit Anti-Slip &#8211; Dank der Verwendung einer in den Tellerboden integrierten Antirutsch-Dichtung wird ein Verrutschen und eventuelles Fallen der Geschirrteile deutlich erschwert. Zudem vermindert sich das st\u00f6rende Klapperger\u00e4usch w\u00e4hrend der Fahrt deutlich.<br \/>Eine wahre Explosion von rot in d\u00fcnnen Dr\u00e4hten, die das Design wertvoll machen. Spiel mit optischen Effekten.<\/p>\n","protected":false},"excerpt":{"rendered":"<p>Melamingeschirr mit Anti-Slip &#8211; Dank der Verwendung einer in den Tellerboden integrierten Antirutsch-Dichtung wird ein Verrutschen und eventuelles Fallen der Geschirrteile deutlich erschwert. Zudem vermindert sich das st\u00f6rende Klapperger\u00e4usch w\u00e4hrend der Fahrt deutlich.Eine wahre Explosion von rot in d\u00fcnnen Dr\u00e4hten, die das Design wertvoll machen. Spiel mit optischen Effekten.<\/p>\n","protected":false},"featured_media":42536,"template":"","meta":{"_acf_changed":false},"product_featured_cat":[],"product_brand":[3081],"product_cat":[4272],"product_tag":[],"class_list":{"0":"post-42538","1":"product","2":"type-product","3":"status-publish","4":"has-post-thumbnail","6":"product_brand-brunner-de","7":"product_cat-teller-eierbecher","9":"first","10":"instock","11":"taxable","12":"shipping-taxable","13":"purchasable","14":"product-type-simple"},"acf":[],"yoast_head":"<!-- This site is optimized with the Yoast SEO plugin v27.4 - https:\/\/yoast.com\/product\/yoast-seo-wordpress\/ -->\n<title>Dessertteller Melamin Brunner Cosmic Durchm. 20 cm Fb. wei\u00df \/ rot - Bantam Camping AG<\/title>\n<meta name=\"robots\" content=\"index, follow, max-snippet:-1, max-image-preview:large, max-video-preview:-1\" \/>\n<link rel=\"canonical\" href=\"https:\/\/shop.bantam.ch\/de\/produkt\/dessertteller-cosmic\/\" \/>\n<meta property=\"og:locale\" content=\"de_DE\" \/>\n<meta property=\"og:type\" content=\"article\" \/>\n<meta property=\"og:title\" content=\"Dessertteller Melamin Brunner Cosmic Durchm. 20 cm Fb. wei\u00df \/ rot - Bantam Camping AG\" \/>\n<meta property=\"og:description\" content=\"Melamingeschirr mit Anti-Slip &#8211; Dank der Verwendung einer in den Tellerboden integrierten Antirutsch-Dichtung wird ein Verrutschen und eventuelles Fallen der Geschirrteile deutlich erschwert. Zudem vermindert sich das st\u00f6rende Klapperger\u00e4usch w\u00e4hrend der Fahrt deutlich.Eine wahre Explosion von rot in d\u00fcnnen Dr\u00e4hten, die das Design wertvoll machen. Spiel mit optischen Effekten.\" \/>\n<meta property=\"og:url\" content=\"https:\/\/shop.bantam.ch\/de\/produkt\/dessertteller-cosmic\/\" \/>\n<meta property=\"og:site_name\" content=\"Bantam Camping AG\" \/>\n<meta property=\"article:modified_time\" content=\"2026-04-19T19:01:17+00:00\" \/>\n<meta property=\"og:image\" content=\"https:\/\/shop.bantam.ch\/wp-content\/uploads\/2023\/02\/9950638-Dessertteller_Brunner_Cosmic-Standard-01-1-scaled.jpg\" \/>\n\t<meta property=\"og:image:width\" content=\"2139\" \/>\n\t<meta property=\"og:image:height\" content=\"2134\" \/>\n\t<meta property=\"og:image:type\" content=\"image\/jpeg\" \/>\n<meta name=\"twitter:card\" content=\"summary_large_image\" \/>\n<script type=\"application\/ld+json\" class=\"yoast-schema-graph\">{\"@context\":\"https:\\\/\\\/schema.org\",\"@graph\":[{\"@type\":\"WebPage\",\"@id\":\"https:\\\/\\\/shop.bantam.ch\\\/de\\\/produkt\\\/dessertteller-cosmic\\\/\",\"url\":\"https:\\\/\\\/shop.bantam.ch\\\/de\\\/produkt\\\/dessertteller-cosmic\\\/\",\"name\":\"Dessertteller Melamin Brunner Cosmic Durchm. 20 cm Fb. wei\u00df \\\/ rot - Bantam Camping AG\",\"isPartOf\":{\"@id\":\"https:\\\/\\\/shop.bantam.ch\\\/de\\\/#website\"},\"primaryImageOfPage\":{\"@id\":\"https:\\\/\\\/shop.bantam.ch\\\/de\\\/produkt\\\/dessertteller-cosmic\\\/#primaryimage\"},\"image\":{\"@id\":\"https:\\\/\\\/shop.bantam.ch\\\/de\\\/produkt\\\/dessertteller-cosmic\\\/#primaryimage\"},\"thumbnailUrl\":\"https:\\\/\\\/shop.bantam.ch\\\/wp-content\\\/uploads\\\/2023\\\/02\\\/9950638-Dessertteller_Brunner_Cosmic-Standard-01-1-scaled.jpg\",\"datePublished\":\"2023-02-23T10:21:22+00:00\",\"dateModified\":\"2026-04-19T19:01:17+00:00\",\"breadcrumb\":{\"@id\":\"https:\\\/\\\/shop.bantam.ch\\\/de\\\/produkt\\\/dessertteller-cosmic\\\/#breadcrumb\"},\"inLanguage\":\"de\",\"potentialAction\":[{\"@type\":\"ReadAction\",\"target\":[\"https:\\\/\\\/shop.bantam.ch\\\/de\\\/produkt\\\/dessertteller-cosmic\\\/\"]}]},{\"@type\":\"ImageObject\",\"inLanguage\":\"de\",\"@id\":\"https:\\\/\\\/shop.bantam.ch\\\/de\\\/produkt\\\/dessertteller-cosmic\\\/#primaryimage\",\"url\":\"https:\\\/\\\/shop.bantam.ch\\\/wp-content\\\/uploads\\\/2023\\\/02\\\/9950638-Dessertteller_Brunner_Cosmic-Standard-01-1-scaled.jpg\",\"contentUrl\":\"https:\\\/\\\/shop.bantam.ch\\\/wp-content\\\/uploads\\\/2023\\\/02\\\/9950638-Dessertteller_Brunner_Cosmic-Standard-01-1-scaled.jpg\",\"width\":2048,\"height\":2043},{\"@type\":\"BreadcrumbList\",\"@id\":\"https:\\\/\\\/shop.bantam.ch\\\/de\\\/produkt\\\/dessertteller-cosmic\\\/#breadcrumb\",\"itemListElement\":[{\"@type\":\"ListItem\",\"position\":1,\"name\":\"Accueil\",\"item\":\"https:\\\/\\\/shop.bantam.ch\\\/de\\\/\"},{\"@type\":\"ListItem\",\"position\":2,\"name\":\"Shop\",\"item\":\"https:\\\/\\\/shop.bantam.ch\\\/de\\\/shop\\\/\"},{\"@type\":\"ListItem\",\"position\":3,\"name\":\"Dessertteller Melamin Brunner Cosmic Durchm. 20 cm Fb. wei\u00df \\\/ rot\"}]},{\"@type\":\"WebSite\",\"@id\":\"https:\\\/\\\/shop.bantam.ch\\\/de\\\/#website\",\"url\":\"https:\\\/\\\/shop.bantam.ch\\\/de\\\/\",\"name\":\"Bantam Camping AG\",\"description\":\"\",\"publisher\":{\"@id\":\"https:\\\/\\\/shop.bantam.ch\\\/de\\\/#organization\"},\"inLanguage\":\"de\"},{\"@type\":\"Organization\",\"@id\":\"https:\\\/\\\/shop.bantam.ch\\\/de\\\/#organization\",\"name\":\"Bantam Camping AG\",\"url\":\"https:\\\/\\\/shop.bantam.ch\\\/de\\\/\",\"logo\":{\"@type\":\"ImageObject\",\"inLanguage\":\"de\",\"@id\":\"https:\\\/\\\/shop.bantam.ch\\\/de\\\/#\\\/schema\\\/logo\\\/image\\\/\",\"url\":\"https:\\\/\\\/shop.bantam.ch\\\/wp-content\\\/uploads\\\/2022\\\/12\\\/bantam-logo.png\",\"contentUrl\":\"https:\\\/\\\/shop.bantam.ch\\\/wp-content\\\/uploads\\\/2022\\\/12\\\/bantam-logo.png\",\"width\":320,\"height\":71,\"caption\":\"Bantam Camping AG\"},\"image\":{\"@id\":\"https:\\\/\\\/shop.bantam.ch\\\/de\\\/#\\\/schema\\\/logo\\\/image\\\/\"}}]}<\/script>\n<!-- \/ Yoast SEO plugin. -->","yoast_head_json":{"title":"Dessertteller Melamin Brunner Cosmic Durchm. 20 cm Fb. wei\u00df \/ rot - Bantam Camping AG","robots":{"index":"index","follow":"follow","max-snippet":"max-snippet:-1","max-image-preview":"max-image-preview:large","max-video-preview":"max-video-preview:-1"},"canonical":"https:\/\/shop.bantam.ch\/de\/produkt\/dessertteller-cosmic\/","og_locale":"de_DE","og_type":"article","og_title":"Dessertteller Melamin Brunner Cosmic Durchm. 20 cm Fb. wei\u00df \/ rot - Bantam Camping AG","og_description":"Melamingeschirr mit Anti-Slip &#8211; Dank der Verwendung einer in den Tellerboden integrierten Antirutsch-Dichtung wird ein Verrutschen und eventuelles Fallen der Geschirrteile deutlich erschwert. Zudem vermindert sich das st\u00f6rende Klapperger\u00e4usch w\u00e4hrend der Fahrt deutlich.Eine wahre Explosion von rot in d\u00fcnnen Dr\u00e4hten, die das Design wertvoll machen. Spiel mit optischen Effekten.","og_url":"https:\/\/shop.bantam.ch\/de\/produkt\/dessertteller-cosmic\/","og_site_name":"Bantam Camping AG","article_modified_time":"2026-04-19T19:01:17+00:00","og_image":[{"width":2139,"height":2134,"url":"https:\/\/shop.bantam.ch\/wp-content\/uploads\/2023\/02\/9950638-Dessertteller_Brunner_Cosmic-Standard-01-1-scaled.jpg","type":"image\/jpeg"}],"twitter_card":"summary_large_image","schema":{"@context":"https:\/\/schema.org","@graph":[{"@type":"WebPage","@id":"https:\/\/shop.bantam.ch\/de\/produkt\/dessertteller-cosmic\/","url":"https:\/\/shop.bantam.ch\/de\/produkt\/dessertteller-cosmic\/","name":"Dessertteller Melamin Brunner Cosmic Durchm. 20 cm Fb. wei\u00df \/ rot - Bantam Camping AG","isPartOf":{"@id":"https:\/\/shop.bantam.ch\/de\/#website"},"primaryImageOfPage":{"@id":"https:\/\/shop.bantam.ch\/de\/produkt\/dessertteller-cosmic\/#primaryimage"},"image":{"@id":"https:\/\/shop.bantam.ch\/de\/produkt\/dessertteller-cosmic\/#primaryimage"},"thumbnailUrl":"https:\/\/shop.bantam.ch\/wp-content\/uploads\/2023\/02\/9950638-Dessertteller_Brunner_Cosmic-Standard-01-1-scaled.jpg","datePublished":"2023-02-23T10:21:22+00:00","dateModified":"2026-04-19T19:01:17+00:00","breadcrumb":{"@id":"https:\/\/shop.bantam.ch\/de\/produkt\/dessertteller-cosmic\/#breadcrumb"},"inLanguage":"de","potentialAction":[{"@type":"ReadAction","target":["https:\/\/shop.bantam.ch\/de\/produkt\/dessertteller-cosmic\/"]}]},{"@type":"ImageObject","inLanguage":"de","@id":"https:\/\/shop.bantam.ch\/de\/produkt\/dessertteller-cosmic\/#primaryimage","url":"https:\/\/shop.bantam.ch\/wp-content\/uploads\/2023\/02\/9950638-Dessertteller_Brunner_Cosmic-Standard-01-1-scaled.jpg","contentUrl":"https:\/\/shop.bantam.ch\/wp-content\/uploads\/2023\/02\/9950638-Dessertteller_Brunner_Cosmic-Standard-01-1-scaled.jpg","width":2048,"height":2043},{"@type":"BreadcrumbList","@id":"https:\/\/shop.bantam.ch\/de\/produkt\/dessertteller-cosmic\/#breadcrumb","itemListElement":[{"@type":"ListItem","position":1,"name":"Accueil","item":"https:\/\/shop.bantam.ch\/de\/"},{"@type":"ListItem","position":2,"name":"Shop","item":"https:\/\/shop.bantam.ch\/de\/shop\/"},{"@type":"ListItem","position":3,"name":"Dessertteller Melamin Brunner Cosmic Durchm. 20 cm Fb. wei\u00df \/ rot"}]},{"@type":"WebSite","@id":"https:\/\/shop.bantam.ch\/de\/#website","url":"https:\/\/shop.bantam.ch\/de\/","name":"Bantam Camping AG","description":"","publisher":{"@id":"https:\/\/shop.bantam.ch\/de\/#organization"},"inLanguage":"de"},{"@type":"Organization","@id":"https:\/\/shop.bantam.ch\/de\/#organization","name":"Bantam Camping AG","url":"https:\/\/shop.bantam.ch\/de\/","logo":{"@type":"ImageObject","inLanguage":"de","@id":"https:\/\/shop.bantam.ch\/de\/#\/schema\/logo\/image\/","url":"https:\/\/shop.bantam.ch\/wp-content\/uploads\/2022\/12\/bantam-logo.png","contentUrl":"https:\/\/shop.bantam.ch\/wp-content\/uploads\/2022\/12\/bantam-logo.png","width":320,"height":71,"caption":"Bantam Camping AG"},"image":{"@id":"https:\/\/shop.bantam.ch\/de\/#\/schema\/logo\/image\/"}}]}},"_links":{"self":[{"href":"https:\/\/shop.bantam.ch\/de\/wp-json\/wp\/v2\/product\/42538","targetHints":{"allow":["GET"]}}],"collection":[{"href":"https:\/\/shop.bantam.ch\/de\/wp-json\/wp\/v2\/product"}],"about":[{"href":"https:\/\/shop.bantam.ch\/de\/wp-json\/wp\/v2\/types\/product"}],"wp:featuredmedia":[{"embeddable":true,"href":"https:\/\/shop.bantam.ch\/de\/wp-json\/wp\/v2\/media\/42536"}],"wp:attachment":[{"href":"https:\/\/shop.bantam.ch\/de\/wp-json\/wp\/v2\/media?parent=42538"}],"wp:term":[{"taxonomy":"product_featured_cat","embeddable":true,"href":"https:\/\/shop.bantam.ch\/de\/wp-json\/wp\/v2\/product_featured_cat?post=42538"},{"taxonomy":"product_brand","embeddable":true,"href":"https:\/\/shop.bantam.ch\/de\/wp-json\/wp\/v2\/product_brand?post=42538"},{"taxonomy":"product_cat","embeddable":true,"href":"https:\/\/shop.bantam.ch\/de\/wp-json\/wp\/v2\/product_cat?post=42538"},{"taxonomy":"product_tag","embeddable":true,"href":"https:\/\/shop.bantam.ch\/de\/wp-json\/wp\/v2\/product_tag?post=42538"}],"curies":[{"name":"wp","href":"https:\/\/api.w.org\/{rel}","templated":true}]}}