{"id":42028,"date":"2023-02-22T21:37:25","date_gmt":"2023-02-22T20:37:25","guid":{"rendered":"http:\/\/preprod-dev.sh1.hidora.com\/webshop\/produit\/batterie-control-booster-mt-bcb-iuou-10-a\/"},"modified":"2026-04-17T20:59:14","modified_gmt":"2026-04-17T18:59:14","slug":"batterie-control-booster-mt-bcb-iuou-10-a","status":"publish","type":"product","link":"https:\/\/shop.bantam.ch\/de\/produkt\/batterie-control-booster-mt-bcb-iuou-10-a\/","title":{"rendered":"Batterie Control Booster MT BCB IUoU 10 A"},"content":{"rendered":"<p>Der Batterie-Control-Booster ist die optimale Ladekombination f\u00fcr kleinere Reisefahrzeuge mit \u00fcberschaubarer Batteriekapazit\u00e4t und die optimale Ladeerg\u00e4nzung f\u00fcr gr\u00f6\u00dfere Fahrzeuge, bei denen der eingebaute Lader nicht \u00fcber die M\u00f6glichkeit verf\u00fcgt, anspruchsvolle AGM oder Gelbatterien aufzuladen. Das Ger\u00e4t verf\u00fcgt \u00fcber ein Langzeit-Ladeprogramm und kann st\u00e4ndig mit dem 230 V Netz verbunden sein. Ein integrierter Pulser verhindert das Sulfatieren der Batterie. W\u00e4hrend der Fahrt wird die Wohnwagenbatterie im Caravan mit der optimalen Ladespannung versorgt, Spannungsverluste durch lange Leitungswege vom Zugfahrzeug werden ausgeglichen. Der Ladestrom im Fahrbetrieb ist auf 8 A begrenzt. Im Standbetrieb an 230 V, wird die Bordbatterie dann ebenfalls mit der richtigen Ladekennlinie mit einem Ladestrom von 10 A versorgt.<\/p>\n<p>Lieferumfang:<br \/>Inklusive Temperaturf\u00fchler und Kabelverl\u00e4ngerung mit 5 m f\u00fcr das Bedienteil<\/p>\n","protected":false},"excerpt":{"rendered":"<p>Der Batterie-Control-Booster ist die optimale Ladekombination f\u00fcr kleinere Reisefahrzeuge mit \u00fcberschaubarer Batteriekapazit\u00e4t und die optimale Ladeerg\u00e4nzung f\u00fcr gr\u00f6\u00dfere Fahrzeuge, bei denen der eingebaute Lader nicht \u00fcber die M\u00f6glichkeit verf\u00fcgt, anspruchsvolle AGM oder Gelbatterien aufzuladen. Das Ger\u00e4t verf\u00fcgt \u00fcber ein Langzeit-Ladeprogramm und kann st\u00e4ndig mit dem 230 V Netz verbunden sein. Ein integrierter Pulser verhindert das [&hellip;]<\/p>\n","protected":false},"featured_media":42026,"template":"","meta":{"_acf_changed":false},"product_featured_cat":[],"product_brand":[3069],"product_cat":[4910],"product_tag":[],"class_list":{"0":"post-42028","1":"product","2":"type-product","3":"status-publish","4":"has-post-thumbnail","6":"product_brand-buttner-elektronik-de","7":"product_cat-ladebooster","9":"first","10":"instock","11":"taxable","12":"shipping-taxable","13":"purchasable","14":"product-type-simple"},"acf":[],"yoast_head":"<!-- This site is optimized with the Yoast SEO plugin v27.4 - https:\/\/yoast.com\/product\/yoast-seo-wordpress\/ -->\n<title>Batterie Control Booster MT BCB IUoU 10 A - Bantam Camping AG<\/title>\n<meta name=\"robots\" content=\"index, follow, max-snippet:-1, max-image-preview:large, max-video-preview:-1\" \/>\n<link rel=\"canonical\" href=\"https:\/\/shop.bantam.ch\/de\/produkt\/batterie-control-booster-mt-bcb-iuou-10-a\/\" \/>\n<meta property=\"og:locale\" content=\"de_DE\" \/>\n<meta property=\"og:type\" content=\"article\" \/>\n<meta property=\"og:title\" content=\"Batterie Control Booster MT BCB IUoU 10 A - Bantam Camping AG\" \/>\n<meta property=\"og:description\" content=\"Der Batterie-Control-Booster ist die optimale Ladekombination f\u00fcr kleinere Reisefahrzeuge mit \u00fcberschaubarer Batteriekapazit\u00e4t und die optimale Ladeerg\u00e4nzung f\u00fcr gr\u00f6\u00dfere Fahrzeuge, bei denen der eingebaute Lader nicht \u00fcber die M\u00f6glichkeit verf\u00fcgt, anspruchsvolle AGM oder Gelbatterien aufzuladen. Das Ger\u00e4t verf\u00fcgt \u00fcber ein Langzeit-Ladeprogramm und kann st\u00e4ndig mit dem 230 V Netz verbunden sein. Ein integrierter Pulser verhindert das [&hellip;]\" \/>\n<meta property=\"og:url\" content=\"https:\/\/shop.bantam.ch\/de\/produkt\/batterie-control-booster-mt-bcb-iuou-10-a\/\" \/>\n<meta property=\"og:site_name\" content=\"Bantam Camping AG\" \/>\n<meta property=\"article:modified_time\" content=\"2026-04-17T18:59:14+00:00\" \/>\n<meta property=\"og:image\" content=\"https:\/\/shop.bantam.ch\/wp-content\/uploads\/2023\/02\/9952307-MT_Batterie-Control-Booster_12_V_810_A-Standard-01-1.jpg\" \/>\n\t<meta property=\"og:image:width\" content=\"757\" \/>\n\t<meta property=\"og:image:height\" content=\"1000\" \/>\n\t<meta property=\"og:image:type\" content=\"image\/jpeg\" \/>\n<meta name=\"twitter:card\" content=\"summary_large_image\" \/>\n<meta name=\"twitter:label1\" content=\"Gesch\u00e4tzte Lesezeit\" \/>\n\t<meta name=\"twitter:data1\" content=\"1\u00a0Minute\" \/>\n<script type=\"application\/ld+json\" class=\"yoast-schema-graph\">{\"@context\":\"https:\\\/\\\/schema.org\",\"@graph\":[{\"@type\":\"WebPage\",\"@id\":\"https:\\\/\\\/shop.bantam.ch\\\/de\\\/produkt\\\/batterie-control-booster-mt-bcb-iuou-10-a\\\/\",\"url\":\"https:\\\/\\\/shop.bantam.ch\\\/de\\\/produkt\\\/batterie-control-booster-mt-bcb-iuou-10-a\\\/\",\"name\":\"Batterie Control Booster MT BCB IUoU 10 A - Bantam Camping AG\",\"isPartOf\":{\"@id\":\"https:\\\/\\\/shop.bantam.ch\\\/de\\\/#website\"},\"primaryImageOfPage\":{\"@id\":\"https:\\\/\\\/shop.bantam.ch\\\/de\\\/produkt\\\/batterie-control-booster-mt-bcb-iuou-10-a\\\/#primaryimage\"},\"image\":{\"@id\":\"https:\\\/\\\/shop.bantam.ch\\\/de\\\/produkt\\\/batterie-control-booster-mt-bcb-iuou-10-a\\\/#primaryimage\"},\"thumbnailUrl\":\"https:\\\/\\\/shop.bantam.ch\\\/wp-content\\\/uploads\\\/2023\\\/02\\\/9952307-MT_Batterie-Control-Booster_12_V_810_A-Standard-01-1.jpg\",\"datePublished\":\"2023-02-22T20:37:25+00:00\",\"dateModified\":\"2026-04-17T18:59:14+00:00\",\"breadcrumb\":{\"@id\":\"https:\\\/\\\/shop.bantam.ch\\\/de\\\/produkt\\\/batterie-control-booster-mt-bcb-iuou-10-a\\\/#breadcrumb\"},\"inLanguage\":\"de\",\"potentialAction\":[{\"@type\":\"ReadAction\",\"target\":[\"https:\\\/\\\/shop.bantam.ch\\\/de\\\/produkt\\\/batterie-control-booster-mt-bcb-iuou-10-a\\\/\"]}]},{\"@type\":\"ImageObject\",\"inLanguage\":\"de\",\"@id\":\"https:\\\/\\\/shop.bantam.ch\\\/de\\\/produkt\\\/batterie-control-booster-mt-bcb-iuou-10-a\\\/#primaryimage\",\"url\":\"https:\\\/\\\/shop.bantam.ch\\\/wp-content\\\/uploads\\\/2023\\\/02\\\/9952307-MT_Batterie-Control-Booster_12_V_810_A-Standard-01-1.jpg\",\"contentUrl\":\"https:\\\/\\\/shop.bantam.ch\\\/wp-content\\\/uploads\\\/2023\\\/02\\\/9952307-MT_Batterie-Control-Booster_12_V_810_A-Standard-01-1.jpg\",\"width\":757,\"height\":1000},{\"@type\":\"BreadcrumbList\",\"@id\":\"https:\\\/\\\/shop.bantam.ch\\\/de\\\/produkt\\\/batterie-control-booster-mt-bcb-iuou-10-a\\\/#breadcrumb\",\"itemListElement\":[{\"@type\":\"ListItem\",\"position\":1,\"name\":\"Accueil\",\"item\":\"https:\\\/\\\/shop.bantam.ch\\\/de\\\/\"},{\"@type\":\"ListItem\",\"position\":2,\"name\":\"Shop\",\"item\":\"https:\\\/\\\/shop.bantam.ch\\\/de\\\/shop\\\/\"},{\"@type\":\"ListItem\",\"position\":3,\"name\":\"Batterie Control Booster MT BCB IUoU 10 A\"}]},{\"@type\":\"WebSite\",\"@id\":\"https:\\\/\\\/shop.bantam.ch\\\/de\\\/#website\",\"url\":\"https:\\\/\\\/shop.bantam.ch\\\/de\\\/\",\"name\":\"Bantam Camping AG\",\"description\":\"\",\"publisher\":{\"@id\":\"https:\\\/\\\/shop.bantam.ch\\\/de\\\/#organization\"},\"inLanguage\":\"de\"},{\"@type\":\"Organization\",\"@id\":\"https:\\\/\\\/shop.bantam.ch\\\/de\\\/#organization\",\"name\":\"Bantam Camping AG\",\"url\":\"https:\\\/\\\/shop.bantam.ch\\\/de\\\/\",\"logo\":{\"@type\":\"ImageObject\",\"inLanguage\":\"de\",\"@id\":\"https:\\\/\\\/shop.bantam.ch\\\/de\\\/#\\\/schema\\\/logo\\\/image\\\/\",\"url\":\"https:\\\/\\\/shop.bantam.ch\\\/wp-content\\\/uploads\\\/2022\\\/12\\\/bantam-logo.png\",\"contentUrl\":\"https:\\\/\\\/shop.bantam.ch\\\/wp-content\\\/uploads\\\/2022\\\/12\\\/bantam-logo.png\",\"width\":320,\"height\":71,\"caption\":\"Bantam Camping AG\"},\"image\":{\"@id\":\"https:\\\/\\\/shop.bantam.ch\\\/de\\\/#\\\/schema\\\/logo\\\/image\\\/\"}}]}<\/script>\n<!-- \/ Yoast SEO plugin. -->","yoast_head_json":{"title":"Batterie Control Booster MT BCB IUoU 10 A - Bantam Camping AG","robots":{"index":"index","follow":"follow","max-snippet":"max-snippet:-1","max-image-preview":"max-image-preview:large","max-video-preview":"max-video-preview:-1"},"canonical":"https:\/\/shop.bantam.ch\/de\/produkt\/batterie-control-booster-mt-bcb-iuou-10-a\/","og_locale":"de_DE","og_type":"article","og_title":"Batterie Control Booster MT BCB IUoU 10 A - Bantam Camping AG","og_description":"Der Batterie-Control-Booster ist die optimale Ladekombination f\u00fcr kleinere Reisefahrzeuge mit \u00fcberschaubarer Batteriekapazit\u00e4t und die optimale Ladeerg\u00e4nzung f\u00fcr gr\u00f6\u00dfere Fahrzeuge, bei denen der eingebaute Lader nicht \u00fcber die M\u00f6glichkeit verf\u00fcgt, anspruchsvolle AGM oder Gelbatterien aufzuladen. Das Ger\u00e4t verf\u00fcgt \u00fcber ein Langzeit-Ladeprogramm und kann st\u00e4ndig mit dem 230 V Netz verbunden sein. Ein integrierter Pulser verhindert das [&hellip;]","og_url":"https:\/\/shop.bantam.ch\/de\/produkt\/batterie-control-booster-mt-bcb-iuou-10-a\/","og_site_name":"Bantam Camping AG","article_modified_time":"2026-04-17T18:59:14+00:00","og_image":[{"width":757,"height":1000,"url":"https:\/\/shop.bantam.ch\/wp-content\/uploads\/2023\/02\/9952307-MT_Batterie-Control-Booster_12_V_810_A-Standard-01-1.jpg","type":"image\/jpeg"}],"twitter_card":"summary_large_image","twitter_misc":{"Gesch\u00e4tzte Lesezeit":"1\u00a0Minute"},"schema":{"@context":"https:\/\/schema.org","@graph":[{"@type":"WebPage","@id":"https:\/\/shop.bantam.ch\/de\/produkt\/batterie-control-booster-mt-bcb-iuou-10-a\/","url":"https:\/\/shop.bantam.ch\/de\/produkt\/batterie-control-booster-mt-bcb-iuou-10-a\/","name":"Batterie Control Booster MT BCB IUoU 10 A - Bantam Camping AG","isPartOf":{"@id":"https:\/\/shop.bantam.ch\/de\/#website"},"primaryImageOfPage":{"@id":"https:\/\/shop.bantam.ch\/de\/produkt\/batterie-control-booster-mt-bcb-iuou-10-a\/#primaryimage"},"image":{"@id":"https:\/\/shop.bantam.ch\/de\/produkt\/batterie-control-booster-mt-bcb-iuou-10-a\/#primaryimage"},"thumbnailUrl":"https:\/\/shop.bantam.ch\/wp-content\/uploads\/2023\/02\/9952307-MT_Batterie-Control-Booster_12_V_810_A-Standard-01-1.jpg","datePublished":"2023-02-22T20:37:25+00:00","dateModified":"2026-04-17T18:59:14+00:00","breadcrumb":{"@id":"https:\/\/shop.bantam.ch\/de\/produkt\/batterie-control-booster-mt-bcb-iuou-10-a\/#breadcrumb"},"inLanguage":"de","potentialAction":[{"@type":"ReadAction","target":["https:\/\/shop.bantam.ch\/de\/produkt\/batterie-control-booster-mt-bcb-iuou-10-a\/"]}]},{"@type":"ImageObject","inLanguage":"de","@id":"https:\/\/shop.bantam.ch\/de\/produkt\/batterie-control-booster-mt-bcb-iuou-10-a\/#primaryimage","url":"https:\/\/shop.bantam.ch\/wp-content\/uploads\/2023\/02\/9952307-MT_Batterie-Control-Booster_12_V_810_A-Standard-01-1.jpg","contentUrl":"https:\/\/shop.bantam.ch\/wp-content\/uploads\/2023\/02\/9952307-MT_Batterie-Control-Booster_12_V_810_A-Standard-01-1.jpg","width":757,"height":1000},{"@type":"BreadcrumbList","@id":"https:\/\/shop.bantam.ch\/de\/produkt\/batterie-control-booster-mt-bcb-iuou-10-a\/#breadcrumb","itemListElement":[{"@type":"ListItem","position":1,"name":"Accueil","item":"https:\/\/shop.bantam.ch\/de\/"},{"@type":"ListItem","position":2,"name":"Shop","item":"https:\/\/shop.bantam.ch\/de\/shop\/"},{"@type":"ListItem","position":3,"name":"Batterie Control Booster MT BCB IUoU 10 A"}]},{"@type":"WebSite","@id":"https:\/\/shop.bantam.ch\/de\/#website","url":"https:\/\/shop.bantam.ch\/de\/","name":"Bantam Camping AG","description":"","publisher":{"@id":"https:\/\/shop.bantam.ch\/de\/#organization"},"inLanguage":"de"},{"@type":"Organization","@id":"https:\/\/shop.bantam.ch\/de\/#organization","name":"Bantam Camping AG","url":"https:\/\/shop.bantam.ch\/de\/","logo":{"@type":"ImageObject","inLanguage":"de","@id":"https:\/\/shop.bantam.ch\/de\/#\/schema\/logo\/image\/","url":"https:\/\/shop.bantam.ch\/wp-content\/uploads\/2022\/12\/bantam-logo.png","contentUrl":"https:\/\/shop.bantam.ch\/wp-content\/uploads\/2022\/12\/bantam-logo.png","width":320,"height":71,"caption":"Bantam Camping AG"},"image":{"@id":"https:\/\/shop.bantam.ch\/de\/#\/schema\/logo\/image\/"}}]}},"_links":{"self":[{"href":"https:\/\/shop.bantam.ch\/de\/wp-json\/wp\/v2\/product\/42028","targetHints":{"allow":["GET"]}}],"collection":[{"href":"https:\/\/shop.bantam.ch\/de\/wp-json\/wp\/v2\/product"}],"about":[{"href":"https:\/\/shop.bantam.ch\/de\/wp-json\/wp\/v2\/types\/product"}],"wp:featuredmedia":[{"embeddable":true,"href":"https:\/\/shop.bantam.ch\/de\/wp-json\/wp\/v2\/media\/42026"}],"wp:attachment":[{"href":"https:\/\/shop.bantam.ch\/de\/wp-json\/wp\/v2\/media?parent=42028"}],"wp:term":[{"taxonomy":"product_featured_cat","embeddable":true,"href":"https:\/\/shop.bantam.ch\/de\/wp-json\/wp\/v2\/product_featured_cat?post=42028"},{"taxonomy":"product_brand","embeddable":true,"href":"https:\/\/shop.bantam.ch\/de\/wp-json\/wp\/v2\/product_brand?post=42028"},{"taxonomy":"product_cat","embeddable":true,"href":"https:\/\/shop.bantam.ch\/de\/wp-json\/wp\/v2\/product_cat?post=42028"},{"taxonomy":"product_tag","embeddable":true,"href":"https:\/\/shop.bantam.ch\/de\/wp-json\/wp\/v2\/product_tag?post=42028"}],"curies":[{"name":"wp","href":"https:\/\/api.w.org\/{rel}","templated":true}]}}