{"id":41990,"date":"2023-02-22T21:36:35","date_gmt":"2023-02-22T20:36:35","guid":{"rendered":"http:\/\/preprod-dev.sh1.hidora.com\/webshop\/produit\/generator-eu-10i\/"},"modified":"2026-04-19T21:00:16","modified_gmt":"2026-04-19T19:00:16","slug":"generator-eu-10i","status":"publish","type":"product","link":"https:\/\/shop.bantam.ch\/de\/produkt\/generator-eu-10i\/","title":{"rendered":"Generator Honda EU 10 i"},"content":{"rendered":"<p>Durch Integration des Generators in den Motor werden bis zu 50% Volumen und bis zu 50% Gewicht eingespart. Die Vollkapselung macht die Ger\u00e4te, die heute die weltweit strengste Abgasnorm aus Kalifornien CARB erf\u00fcllen, besonders leise.<br \/>Das intelligente Motormanagement spart Benzin (Normalbenzin bleifrei) und erm\u00f6glicht je nach Modell Laufzeiten zwischen 3,5 und 25 Stunden.<br \/>Die Inverterregelung bei den EU-Modellen garantiert perfekte Frequenz und Spannungsstabilit\u00e4t, d.h. idealen Strom selbst f\u00fcr sensible Anwendungen wie PC&#8217;s. Dank modernster Motortechnik starten die Stromerzeuger auch nach l\u00e4ngerer Standzeit besonders leicht. Fehlbedienung ist praktisch ausgeschlossen, denn alle Modelle sind mit einem \u00dcberlastschutz und \u00d6lmangelabschaltung ausgestattet.<br \/>Zus\u00e4tzliche Pluspunkte: Zwei gleiche Ger\u00e4te der EU-Serie lassen sich \u00fcber ein Verbindungskabel parallel schalten. Die Leistung wird so verdoppelt.<br \/>Zudem sind alle Modelle mit einem Gleichstromausgang zum Laden von Batterien ausgestattet.<\/p>\n<ul>\n<li>Maximale Leistung: 1,0 kVA<\/li>\n<li>Dauerleistung: 0,9 kVA<\/li>\n<li>Frequenz: 50 Hz<\/li>\n<li>Spannungsregelung: Inverter<\/li>\n<li>Motor: 4Takt GXH50<\/li>\n<li>Starter: Handstarter<\/li>\n<li>Ladestrom: 12 V \/ 8,3 A<\/li>\n<li>Tankinhalt: 2,1 l<\/li>\n<li>Laufzeit F\u00fcllung: 3,9 h &#8211; 8 h<\/li>\n<li>Schallleistung: 83 &#8211; 87 dBA<\/li>\n<li>Ger\u00e4uschpegel: in 7 m Abstand 52 &#8211; 57 dBA<\/li>\n<\/ul>\n","protected":false},"excerpt":{"rendered":"<p>Durch Integration des Generators in den Motor werden bis zu 50% Volumen und bis zu 50% Gewicht eingespart. Die Vollkapselung macht die Ger\u00e4te, die heute die weltweit strengste Abgasnorm aus Kalifornien CARB erf\u00fcllen, besonders leise.Das intelligente Motormanagement spart Benzin (Normalbenzin bleifrei) und erm\u00f6glicht je nach Modell Laufzeiten zwischen 3,5 und 25 Stunden.Die Inverterregelung bei den [&hellip;]<\/p>\n","protected":false},"featured_media":41988,"template":"","meta":{"_acf_changed":false},"product_featured_cat":[],"product_brand":[3341],"product_cat":[4856],"product_tag":[],"class_list":{"0":"post-41990","1":"product","2":"type-product","3":"status-publish","4":"has-post-thumbnail","6":"product_brand-honda-de","7":"product_cat-benzin-generatoren","9":"first","10":"instock","11":"featured","12":"taxable","13":"shipping-taxable","14":"purchasable","15":"product-type-simple"},"acf":[],"yoast_head":"<!-- This site is optimized with the Yoast SEO plugin v27.4 - https:\/\/yoast.com\/product\/yoast-seo-wordpress\/ -->\n<title>Generator Honda EU 10 i - Bantam Camping AG<\/title>\n<meta name=\"robots\" content=\"index, follow, max-snippet:-1, max-image-preview:large, max-video-preview:-1\" \/>\n<link rel=\"canonical\" href=\"https:\/\/shop.bantam.ch\/de\/produkt\/generator-eu-10i\/\" \/>\n<meta property=\"og:locale\" content=\"de_DE\" \/>\n<meta property=\"og:type\" content=\"article\" \/>\n<meta property=\"og:title\" content=\"Generator Honda EU 10 i - Bantam Camping AG\" \/>\n<meta property=\"og:description\" content=\"Durch Integration des Generators in den Motor werden bis zu 50% Volumen und bis zu 50% Gewicht eingespart. Die Vollkapselung macht die Ger\u00e4te, die heute die weltweit strengste Abgasnorm aus Kalifornien CARB erf\u00fcllen, besonders leise.Das intelligente Motormanagement spart Benzin (Normalbenzin bleifrei) und erm\u00f6glicht je nach Modell Laufzeiten zwischen 3,5 und 25 Stunden.Die Inverterregelung bei den [&hellip;]\" \/>\n<meta property=\"og:url\" content=\"https:\/\/shop.bantam.ch\/de\/produkt\/generator-eu-10i\/\" \/>\n<meta property=\"og:site_name\" content=\"Bantam Camping AG\" \/>\n<meta property=\"article:modified_time\" content=\"2026-04-19T19:00:16+00:00\" \/>\n<meta property=\"og:image\" content=\"https:\/\/shop.bantam.ch\/wp-content\/uploads\/2023\/02\/9952441-HONDA-Generator_EU_10_i-Standard-01-1.jpg\" \/>\n\t<meta property=\"og:image:width\" content=\"616\" \/>\n\t<meta property=\"og:image:height\" content=\"1000\" \/>\n\t<meta property=\"og:image:type\" content=\"image\/jpeg\" \/>\n<meta name=\"twitter:card\" content=\"summary_large_image\" \/>\n<meta name=\"twitter:label1\" content=\"Gesch\u00e4tzte Lesezeit\" \/>\n\t<meta name=\"twitter:data1\" content=\"1\u00a0Minute\" \/>\n<script type=\"application\/ld+json\" class=\"yoast-schema-graph\">{\"@context\":\"https:\\\/\\\/schema.org\",\"@graph\":[{\"@type\":\"WebPage\",\"@id\":\"https:\\\/\\\/shop.bantam.ch\\\/de\\\/produkt\\\/generator-eu-10i\\\/\",\"url\":\"https:\\\/\\\/shop.bantam.ch\\\/de\\\/produkt\\\/generator-eu-10i\\\/\",\"name\":\"Generator Honda EU 10 i - Bantam Camping AG\",\"isPartOf\":{\"@id\":\"https:\\\/\\\/shop.bantam.ch\\\/de\\\/#website\"},\"primaryImageOfPage\":{\"@id\":\"https:\\\/\\\/shop.bantam.ch\\\/de\\\/produkt\\\/generator-eu-10i\\\/#primaryimage\"},\"image\":{\"@id\":\"https:\\\/\\\/shop.bantam.ch\\\/de\\\/produkt\\\/generator-eu-10i\\\/#primaryimage\"},\"thumbnailUrl\":\"https:\\\/\\\/shop.bantam.ch\\\/wp-content\\\/uploads\\\/2023\\\/02\\\/9952441-HONDA-Generator_EU_10_i-Standard-01-1.jpg\",\"datePublished\":\"2023-02-22T20:36:35+00:00\",\"dateModified\":\"2026-04-19T19:00:16+00:00\",\"breadcrumb\":{\"@id\":\"https:\\\/\\\/shop.bantam.ch\\\/de\\\/produkt\\\/generator-eu-10i\\\/#breadcrumb\"},\"inLanguage\":\"de\",\"potentialAction\":[{\"@type\":\"ReadAction\",\"target\":[\"https:\\\/\\\/shop.bantam.ch\\\/de\\\/produkt\\\/generator-eu-10i\\\/\"]}]},{\"@type\":\"ImageObject\",\"inLanguage\":\"de\",\"@id\":\"https:\\\/\\\/shop.bantam.ch\\\/de\\\/produkt\\\/generator-eu-10i\\\/#primaryimage\",\"url\":\"https:\\\/\\\/shop.bantam.ch\\\/wp-content\\\/uploads\\\/2023\\\/02\\\/9952441-HONDA-Generator_EU_10_i-Standard-01-1.jpg\",\"contentUrl\":\"https:\\\/\\\/shop.bantam.ch\\\/wp-content\\\/uploads\\\/2023\\\/02\\\/9952441-HONDA-Generator_EU_10_i-Standard-01-1.jpg\",\"width\":616,\"height\":1000},{\"@type\":\"BreadcrumbList\",\"@id\":\"https:\\\/\\\/shop.bantam.ch\\\/de\\\/produkt\\\/generator-eu-10i\\\/#breadcrumb\",\"itemListElement\":[{\"@type\":\"ListItem\",\"position\":1,\"name\":\"Accueil\",\"item\":\"https:\\\/\\\/shop.bantam.ch\\\/de\\\/\"},{\"@type\":\"ListItem\",\"position\":2,\"name\":\"Shop\",\"item\":\"https:\\\/\\\/shop.bantam.ch\\\/de\\\/shop\\\/\"},{\"@type\":\"ListItem\",\"position\":3,\"name\":\"Generator Honda EU 10 i\"}]},{\"@type\":\"WebSite\",\"@id\":\"https:\\\/\\\/shop.bantam.ch\\\/de\\\/#website\",\"url\":\"https:\\\/\\\/shop.bantam.ch\\\/de\\\/\",\"name\":\"Bantam Camping AG\",\"description\":\"\",\"publisher\":{\"@id\":\"https:\\\/\\\/shop.bantam.ch\\\/de\\\/#organization\"},\"inLanguage\":\"de\"},{\"@type\":\"Organization\",\"@id\":\"https:\\\/\\\/shop.bantam.ch\\\/de\\\/#organization\",\"name\":\"Bantam Camping AG\",\"url\":\"https:\\\/\\\/shop.bantam.ch\\\/de\\\/\",\"logo\":{\"@type\":\"ImageObject\",\"inLanguage\":\"de\",\"@id\":\"https:\\\/\\\/shop.bantam.ch\\\/de\\\/#\\\/schema\\\/logo\\\/image\\\/\",\"url\":\"https:\\\/\\\/shop.bantam.ch\\\/wp-content\\\/uploads\\\/2022\\\/12\\\/bantam-logo.png\",\"contentUrl\":\"https:\\\/\\\/shop.bantam.ch\\\/wp-content\\\/uploads\\\/2022\\\/12\\\/bantam-logo.png\",\"width\":320,\"height\":71,\"caption\":\"Bantam Camping AG\"},\"image\":{\"@id\":\"https:\\\/\\\/shop.bantam.ch\\\/de\\\/#\\\/schema\\\/logo\\\/image\\\/\"}}]}<\/script>\n<!-- \/ Yoast SEO plugin. -->","yoast_head_json":{"title":"Generator Honda EU 10 i - Bantam Camping AG","robots":{"index":"index","follow":"follow","max-snippet":"max-snippet:-1","max-image-preview":"max-image-preview:large","max-video-preview":"max-video-preview:-1"},"canonical":"https:\/\/shop.bantam.ch\/de\/produkt\/generator-eu-10i\/","og_locale":"de_DE","og_type":"article","og_title":"Generator Honda EU 10 i - Bantam Camping AG","og_description":"Durch Integration des Generators in den Motor werden bis zu 50% Volumen und bis zu 50% Gewicht eingespart. Die Vollkapselung macht die Ger\u00e4te, die heute die weltweit strengste Abgasnorm aus Kalifornien CARB erf\u00fcllen, besonders leise.Das intelligente Motormanagement spart Benzin (Normalbenzin bleifrei) und erm\u00f6glicht je nach Modell Laufzeiten zwischen 3,5 und 25 Stunden.Die Inverterregelung bei den [&hellip;]","og_url":"https:\/\/shop.bantam.ch\/de\/produkt\/generator-eu-10i\/","og_site_name":"Bantam Camping AG","article_modified_time":"2026-04-19T19:00:16+00:00","og_image":[{"width":616,"height":1000,"url":"https:\/\/shop.bantam.ch\/wp-content\/uploads\/2023\/02\/9952441-HONDA-Generator_EU_10_i-Standard-01-1.jpg","type":"image\/jpeg"}],"twitter_card":"summary_large_image","twitter_misc":{"Gesch\u00e4tzte Lesezeit":"1\u00a0Minute"},"schema":{"@context":"https:\/\/schema.org","@graph":[{"@type":"WebPage","@id":"https:\/\/shop.bantam.ch\/de\/produkt\/generator-eu-10i\/","url":"https:\/\/shop.bantam.ch\/de\/produkt\/generator-eu-10i\/","name":"Generator Honda EU 10 i - Bantam Camping AG","isPartOf":{"@id":"https:\/\/shop.bantam.ch\/de\/#website"},"primaryImageOfPage":{"@id":"https:\/\/shop.bantam.ch\/de\/produkt\/generator-eu-10i\/#primaryimage"},"image":{"@id":"https:\/\/shop.bantam.ch\/de\/produkt\/generator-eu-10i\/#primaryimage"},"thumbnailUrl":"https:\/\/shop.bantam.ch\/wp-content\/uploads\/2023\/02\/9952441-HONDA-Generator_EU_10_i-Standard-01-1.jpg","datePublished":"2023-02-22T20:36:35+00:00","dateModified":"2026-04-19T19:00:16+00:00","breadcrumb":{"@id":"https:\/\/shop.bantam.ch\/de\/produkt\/generator-eu-10i\/#breadcrumb"},"inLanguage":"de","potentialAction":[{"@type":"ReadAction","target":["https:\/\/shop.bantam.ch\/de\/produkt\/generator-eu-10i\/"]}]},{"@type":"ImageObject","inLanguage":"de","@id":"https:\/\/shop.bantam.ch\/de\/produkt\/generator-eu-10i\/#primaryimage","url":"https:\/\/shop.bantam.ch\/wp-content\/uploads\/2023\/02\/9952441-HONDA-Generator_EU_10_i-Standard-01-1.jpg","contentUrl":"https:\/\/shop.bantam.ch\/wp-content\/uploads\/2023\/02\/9952441-HONDA-Generator_EU_10_i-Standard-01-1.jpg","width":616,"height":1000},{"@type":"BreadcrumbList","@id":"https:\/\/shop.bantam.ch\/de\/produkt\/generator-eu-10i\/#breadcrumb","itemListElement":[{"@type":"ListItem","position":1,"name":"Accueil","item":"https:\/\/shop.bantam.ch\/de\/"},{"@type":"ListItem","position":2,"name":"Shop","item":"https:\/\/shop.bantam.ch\/de\/shop\/"},{"@type":"ListItem","position":3,"name":"Generator Honda EU 10 i"}]},{"@type":"WebSite","@id":"https:\/\/shop.bantam.ch\/de\/#website","url":"https:\/\/shop.bantam.ch\/de\/","name":"Bantam Camping AG","description":"","publisher":{"@id":"https:\/\/shop.bantam.ch\/de\/#organization"},"inLanguage":"de"},{"@type":"Organization","@id":"https:\/\/shop.bantam.ch\/de\/#organization","name":"Bantam Camping AG","url":"https:\/\/shop.bantam.ch\/de\/","logo":{"@type":"ImageObject","inLanguage":"de","@id":"https:\/\/shop.bantam.ch\/de\/#\/schema\/logo\/image\/","url":"https:\/\/shop.bantam.ch\/wp-content\/uploads\/2022\/12\/bantam-logo.png","contentUrl":"https:\/\/shop.bantam.ch\/wp-content\/uploads\/2022\/12\/bantam-logo.png","width":320,"height":71,"caption":"Bantam Camping AG"},"image":{"@id":"https:\/\/shop.bantam.ch\/de\/#\/schema\/logo\/image\/"}}]}},"_links":{"self":[{"href":"https:\/\/shop.bantam.ch\/de\/wp-json\/wp\/v2\/product\/41990","targetHints":{"allow":["GET"]}}],"collection":[{"href":"https:\/\/shop.bantam.ch\/de\/wp-json\/wp\/v2\/product"}],"about":[{"href":"https:\/\/shop.bantam.ch\/de\/wp-json\/wp\/v2\/types\/product"}],"wp:featuredmedia":[{"embeddable":true,"href":"https:\/\/shop.bantam.ch\/de\/wp-json\/wp\/v2\/media\/41988"}],"wp:attachment":[{"href":"https:\/\/shop.bantam.ch\/de\/wp-json\/wp\/v2\/media?parent=41990"}],"wp:term":[{"taxonomy":"product_featured_cat","embeddable":true,"href":"https:\/\/shop.bantam.ch\/de\/wp-json\/wp\/v2\/product_featured_cat?post=41990"},{"taxonomy":"product_brand","embeddable":true,"href":"https:\/\/shop.bantam.ch\/de\/wp-json\/wp\/v2\/product_brand?post=41990"},{"taxonomy":"product_cat","embeddable":true,"href":"https:\/\/shop.bantam.ch\/de\/wp-json\/wp\/v2\/product_cat?post=41990"},{"taxonomy":"product_tag","embeddable":true,"href":"https:\/\/shop.bantam.ch\/de\/wp-json\/wp\/v2\/product_tag?post=41990"}],"curies":[{"name":"wp","href":"https:\/\/api.w.org\/{rel}","templated":true}]}}