{"id":41952,"date":"2023-02-22T21:35:44","date_gmt":"2023-02-22T20:35:44","guid":{"rendered":"http:\/\/preprod-dev.sh1.hidora.com\/webshop\/produit\/generator-t-2500-h-benzin\/"},"modified":"2026-04-20T20:59:13","modified_gmt":"2026-04-20T18:59:13","slug":"generator-t-2500-h-benzin","status":"publish","type":"product","link":"https:\/\/shop.bantam.ch\/de\/produkt\/generator-t-2500-h-benzin\/","title":{"rendered":"Generator Dometic T 2500 H"},"content":{"rendered":"<p>Kompakt, leise und \u00e4u\u00dferst effizient: Die Dometic-Generatoren liefern die volle Power, unterwegs und auf dem Campingplatz &#8211; ausreichend Energie zum gleichzeitigen Betrieb mehrerer elektrischer Ger\u00e4te. Wenn keine Steckdose verf\u00fcgbar ist, lassen sie sowohl die Klimaanlage als auch die Mikrowelle, den Toaster, elektrische Werkzeuge oder B\u00fcromaschinen arbeiten. Dometic-Generatoren sind unentbehrlich f\u00fcr alle Profis mit Strombedarf, ob im Einsatz- oder Messfahrzeug, Transporter oder Werkstattwagen &#8211; Top-Leistung f\u00fce einen Top-Job. <br \/>Gefertigt nach dem Qualit\u00e4tsstandard ISO 9001, sind Dometic-Generatoren perfekt in Verarbeitung, Leistung und Bedienkomfort. Alle Generatoren werden von einem Fernbedien-Panel im Innern des Fahrzeugs gesteuert und kontrolliert. Weiterhin werden sie serienm\u00e4\u00dfig mit Verl\u00e4ngerungskabel, Befestigungsmaterial und einem automatischen Umschaltrelais geliefert. Ausgestattet sind sie mit elektrischem Anlasser, elektronischer Z\u00fcndung sowie \u00d6lmangel-Abschaltautomatik. Weiterhin verf\u00fcgen die Ger\u00e4te \u00fcber autom. Drehzahlregelung, eine elektr. Z\u00fcndung und einen intergriertem 12 V Ausgang zum Batterieladen mit Laderegler. Dar\u00fcber hinaus ist ein reichhaltiges Angebot an Zubeh\u00f6r erh\u00e4ltlich (zum Beispiel Benzintanks, Auspuff-Verl\u00e4ngerungen und Schalld\u00e4mpfer).<\/p>\n<ul>\n<li>Kraftstoff: Benzin bleifrei<\/li>\n<li>Verbrauch: 1,2 l \/ h<\/li>\n<li>Dauerleistung (230 V): 2.000 W<\/li>\n<li>Maximalleistung (230 V): 2.500 W<\/li>\n<li>Frequenz: 50 Hz<\/li>\n<li>Motorisierung: Honda GX160<\/li>\n<li>Motoleistung: 5,5 PS<\/li>\n<li>Hubraum: 163,4 cm\u00b2<\/li>\n<li>Breite mit Aufh\u00e4ngung: 64 cm<\/li>\n<li>Lautst\u00e4rke: 60 dBA (7m)<\/li>\n<li>Batterie-Lade-Ausgang: 12 V \/ 10 A<\/li>\n<\/ul>\n","protected":false},"excerpt":{"rendered":"<p>Kompakt, leise und \u00e4u\u00dferst effizient: Die Dometic-Generatoren liefern die volle Power, unterwegs und auf dem Campingplatz &#8211; ausreichend Energie zum gleichzeitigen Betrieb mehrerer elektrischer Ger\u00e4te. Wenn keine Steckdose verf\u00fcgbar ist, lassen sie sowohl die Klimaanlage als auch die Mikrowelle, den Toaster, elektrische Werkzeuge oder B\u00fcromaschinen arbeiten. Dometic-Generatoren sind unentbehrlich f\u00fcr alle Profis mit Strombedarf, ob [&hellip;]<\/p>\n","protected":false},"featured_media":41946,"template":"","meta":{"_acf_changed":false},"product_featured_cat":[],"product_brand":[3029],"product_cat":[4856],"product_tag":[],"class_list":{"0":"post-41952","1":"product","2":"type-product","3":"status-publish","4":"has-post-thumbnail","6":"product_brand-dometic-de","7":"product_cat-benzin-generatoren","9":"first","10":"instock","11":"taxable","12":"shipping-taxable","13":"purchasable","14":"product-type-simple"},"acf":[],"yoast_head":"<!-- This site is optimized with the Yoast SEO plugin v27.4 - https:\/\/yoast.com\/product\/yoast-seo-wordpress\/ -->\n<title>Generator Dometic T 2500 H - Bantam Camping AG<\/title>\n<meta name=\"robots\" content=\"index, follow, max-snippet:-1, max-image-preview:large, max-video-preview:-1\" \/>\n<link rel=\"canonical\" href=\"https:\/\/shop.bantam.ch\/de\/produkt\/generator-t-2500-h-benzin\/\" \/>\n<meta property=\"og:locale\" content=\"de_DE\" \/>\n<meta property=\"og:type\" content=\"article\" \/>\n<meta property=\"og:title\" content=\"Generator Dometic T 2500 H - Bantam Camping AG\" \/>\n<meta property=\"og:description\" content=\"Kompakt, leise und \u00e4u\u00dferst effizient: Die Dometic-Generatoren liefern die volle Power, unterwegs und auf dem Campingplatz &#8211; ausreichend Energie zum gleichzeitigen Betrieb mehrerer elektrischer Ger\u00e4te. Wenn keine Steckdose verf\u00fcgbar ist, lassen sie sowohl die Klimaanlage als auch die Mikrowelle, den Toaster, elektrische Werkzeuge oder B\u00fcromaschinen arbeiten. Dometic-Generatoren sind unentbehrlich f\u00fcr alle Profis mit Strombedarf, ob [&hellip;]\" \/>\n<meta property=\"og:url\" content=\"https:\/\/shop.bantam.ch\/de\/produkt\/generator-t-2500-h-benzin\/\" \/>\n<meta property=\"og:site_name\" content=\"Bantam Camping AG\" \/>\n<meta property=\"article:modified_time\" content=\"2026-04-20T18:59:13+00:00\" \/>\n<meta property=\"og:image\" content=\"https:\/\/shop.bantam.ch\/wp-content\/uploads\/2023\/02\/9952410-Generator_TRAVELLER_2500_H-Standard-01-1.jpg\" \/>\n\t<meta property=\"og:image:width\" content=\"1000\" \/>\n\t<meta property=\"og:image:height\" content=\"999\" \/>\n\t<meta property=\"og:image:type\" content=\"image\/jpeg\" \/>\n<meta name=\"twitter:card\" content=\"summary_large_image\" \/>\n<meta name=\"twitter:label1\" content=\"Gesch\u00e4tzte Lesezeit\" \/>\n\t<meta name=\"twitter:data1\" content=\"1\u00a0Minute\" \/>\n<script type=\"application\/ld+json\" class=\"yoast-schema-graph\">{\"@context\":\"https:\\\/\\\/schema.org\",\"@graph\":[{\"@type\":\"WebPage\",\"@id\":\"https:\\\/\\\/shop.bantam.ch\\\/de\\\/produkt\\\/generator-t-2500-h-benzin\\\/\",\"url\":\"https:\\\/\\\/shop.bantam.ch\\\/de\\\/produkt\\\/generator-t-2500-h-benzin\\\/\",\"name\":\"Generator Dometic T 2500 H - Bantam Camping AG\",\"isPartOf\":{\"@id\":\"https:\\\/\\\/shop.bantam.ch\\\/de\\\/#website\"},\"primaryImageOfPage\":{\"@id\":\"https:\\\/\\\/shop.bantam.ch\\\/de\\\/produkt\\\/generator-t-2500-h-benzin\\\/#primaryimage\"},\"image\":{\"@id\":\"https:\\\/\\\/shop.bantam.ch\\\/de\\\/produkt\\\/generator-t-2500-h-benzin\\\/#primaryimage\"},\"thumbnailUrl\":\"https:\\\/\\\/shop.bantam.ch\\\/wp-content\\\/uploads\\\/2023\\\/02\\\/9952410-Generator_TRAVELLER_2500_H-Standard-01-1.jpg\",\"datePublished\":\"2023-02-22T20:35:44+00:00\",\"dateModified\":\"2026-04-20T18:59:13+00:00\",\"breadcrumb\":{\"@id\":\"https:\\\/\\\/shop.bantam.ch\\\/de\\\/produkt\\\/generator-t-2500-h-benzin\\\/#breadcrumb\"},\"inLanguage\":\"de\",\"potentialAction\":[{\"@type\":\"ReadAction\",\"target\":[\"https:\\\/\\\/shop.bantam.ch\\\/de\\\/produkt\\\/generator-t-2500-h-benzin\\\/\"]}]},{\"@type\":\"ImageObject\",\"inLanguage\":\"de\",\"@id\":\"https:\\\/\\\/shop.bantam.ch\\\/de\\\/produkt\\\/generator-t-2500-h-benzin\\\/#primaryimage\",\"url\":\"https:\\\/\\\/shop.bantam.ch\\\/wp-content\\\/uploads\\\/2023\\\/02\\\/9952410-Generator_TRAVELLER_2500_H-Standard-01-1.jpg\",\"contentUrl\":\"https:\\\/\\\/shop.bantam.ch\\\/wp-content\\\/uploads\\\/2023\\\/02\\\/9952410-Generator_TRAVELLER_2500_H-Standard-01-1.jpg\",\"width\":1000,\"height\":999},{\"@type\":\"BreadcrumbList\",\"@id\":\"https:\\\/\\\/shop.bantam.ch\\\/de\\\/produkt\\\/generator-t-2500-h-benzin\\\/#breadcrumb\",\"itemListElement\":[{\"@type\":\"ListItem\",\"position\":1,\"name\":\"Accueil\",\"item\":\"https:\\\/\\\/shop.bantam.ch\\\/de\\\/\"},{\"@type\":\"ListItem\",\"position\":2,\"name\":\"Shop\",\"item\":\"https:\\\/\\\/shop.bantam.ch\\\/de\\\/shop\\\/\"},{\"@type\":\"ListItem\",\"position\":3,\"name\":\"Generator Dometic T 2500 H\"}]},{\"@type\":\"WebSite\",\"@id\":\"https:\\\/\\\/shop.bantam.ch\\\/de\\\/#website\",\"url\":\"https:\\\/\\\/shop.bantam.ch\\\/de\\\/\",\"name\":\"Bantam Camping AG\",\"description\":\"\",\"publisher\":{\"@id\":\"https:\\\/\\\/shop.bantam.ch\\\/de\\\/#organization\"},\"inLanguage\":\"de\"},{\"@type\":\"Organization\",\"@id\":\"https:\\\/\\\/shop.bantam.ch\\\/de\\\/#organization\",\"name\":\"Bantam Camping AG\",\"url\":\"https:\\\/\\\/shop.bantam.ch\\\/de\\\/\",\"logo\":{\"@type\":\"ImageObject\",\"inLanguage\":\"de\",\"@id\":\"https:\\\/\\\/shop.bantam.ch\\\/de\\\/#\\\/schema\\\/logo\\\/image\\\/\",\"url\":\"https:\\\/\\\/shop.bantam.ch\\\/wp-content\\\/uploads\\\/2022\\\/12\\\/bantam-logo.png\",\"contentUrl\":\"https:\\\/\\\/shop.bantam.ch\\\/wp-content\\\/uploads\\\/2022\\\/12\\\/bantam-logo.png\",\"width\":320,\"height\":71,\"caption\":\"Bantam Camping AG\"},\"image\":{\"@id\":\"https:\\\/\\\/shop.bantam.ch\\\/de\\\/#\\\/schema\\\/logo\\\/image\\\/\"}}]}<\/script>\n<!-- \/ Yoast SEO plugin. -->","yoast_head_json":{"title":"Generator Dometic T 2500 H - Bantam Camping AG","robots":{"index":"index","follow":"follow","max-snippet":"max-snippet:-1","max-image-preview":"max-image-preview:large","max-video-preview":"max-video-preview:-1"},"canonical":"https:\/\/shop.bantam.ch\/de\/produkt\/generator-t-2500-h-benzin\/","og_locale":"de_DE","og_type":"article","og_title":"Generator Dometic T 2500 H - Bantam Camping AG","og_description":"Kompakt, leise und \u00e4u\u00dferst effizient: Die Dometic-Generatoren liefern die volle Power, unterwegs und auf dem Campingplatz &#8211; ausreichend Energie zum gleichzeitigen Betrieb mehrerer elektrischer Ger\u00e4te. Wenn keine Steckdose verf\u00fcgbar ist, lassen sie sowohl die Klimaanlage als auch die Mikrowelle, den Toaster, elektrische Werkzeuge oder B\u00fcromaschinen arbeiten. Dometic-Generatoren sind unentbehrlich f\u00fcr alle Profis mit Strombedarf, ob [&hellip;]","og_url":"https:\/\/shop.bantam.ch\/de\/produkt\/generator-t-2500-h-benzin\/","og_site_name":"Bantam Camping AG","article_modified_time":"2026-04-20T18:59:13+00:00","og_image":[{"width":1000,"height":999,"url":"https:\/\/shop.bantam.ch\/wp-content\/uploads\/2023\/02\/9952410-Generator_TRAVELLER_2500_H-Standard-01-1.jpg","type":"image\/jpeg"}],"twitter_card":"summary_large_image","twitter_misc":{"Gesch\u00e4tzte Lesezeit":"1\u00a0Minute"},"schema":{"@context":"https:\/\/schema.org","@graph":[{"@type":"WebPage","@id":"https:\/\/shop.bantam.ch\/de\/produkt\/generator-t-2500-h-benzin\/","url":"https:\/\/shop.bantam.ch\/de\/produkt\/generator-t-2500-h-benzin\/","name":"Generator Dometic T 2500 H - Bantam Camping AG","isPartOf":{"@id":"https:\/\/shop.bantam.ch\/de\/#website"},"primaryImageOfPage":{"@id":"https:\/\/shop.bantam.ch\/de\/produkt\/generator-t-2500-h-benzin\/#primaryimage"},"image":{"@id":"https:\/\/shop.bantam.ch\/de\/produkt\/generator-t-2500-h-benzin\/#primaryimage"},"thumbnailUrl":"https:\/\/shop.bantam.ch\/wp-content\/uploads\/2023\/02\/9952410-Generator_TRAVELLER_2500_H-Standard-01-1.jpg","datePublished":"2023-02-22T20:35:44+00:00","dateModified":"2026-04-20T18:59:13+00:00","breadcrumb":{"@id":"https:\/\/shop.bantam.ch\/de\/produkt\/generator-t-2500-h-benzin\/#breadcrumb"},"inLanguage":"de","potentialAction":[{"@type":"ReadAction","target":["https:\/\/shop.bantam.ch\/de\/produkt\/generator-t-2500-h-benzin\/"]}]},{"@type":"ImageObject","inLanguage":"de","@id":"https:\/\/shop.bantam.ch\/de\/produkt\/generator-t-2500-h-benzin\/#primaryimage","url":"https:\/\/shop.bantam.ch\/wp-content\/uploads\/2023\/02\/9952410-Generator_TRAVELLER_2500_H-Standard-01-1.jpg","contentUrl":"https:\/\/shop.bantam.ch\/wp-content\/uploads\/2023\/02\/9952410-Generator_TRAVELLER_2500_H-Standard-01-1.jpg","width":1000,"height":999},{"@type":"BreadcrumbList","@id":"https:\/\/shop.bantam.ch\/de\/produkt\/generator-t-2500-h-benzin\/#breadcrumb","itemListElement":[{"@type":"ListItem","position":1,"name":"Accueil","item":"https:\/\/shop.bantam.ch\/de\/"},{"@type":"ListItem","position":2,"name":"Shop","item":"https:\/\/shop.bantam.ch\/de\/shop\/"},{"@type":"ListItem","position":3,"name":"Generator Dometic T 2500 H"}]},{"@type":"WebSite","@id":"https:\/\/shop.bantam.ch\/de\/#website","url":"https:\/\/shop.bantam.ch\/de\/","name":"Bantam Camping AG","description":"","publisher":{"@id":"https:\/\/shop.bantam.ch\/de\/#organization"},"inLanguage":"de"},{"@type":"Organization","@id":"https:\/\/shop.bantam.ch\/de\/#organization","name":"Bantam Camping AG","url":"https:\/\/shop.bantam.ch\/de\/","logo":{"@type":"ImageObject","inLanguage":"de","@id":"https:\/\/shop.bantam.ch\/de\/#\/schema\/logo\/image\/","url":"https:\/\/shop.bantam.ch\/wp-content\/uploads\/2022\/12\/bantam-logo.png","contentUrl":"https:\/\/shop.bantam.ch\/wp-content\/uploads\/2022\/12\/bantam-logo.png","width":320,"height":71,"caption":"Bantam Camping AG"},"image":{"@id":"https:\/\/shop.bantam.ch\/de\/#\/schema\/logo\/image\/"}}]}},"_links":{"self":[{"href":"https:\/\/shop.bantam.ch\/de\/wp-json\/wp\/v2\/product\/41952","targetHints":{"allow":["GET"]}}],"collection":[{"href":"https:\/\/shop.bantam.ch\/de\/wp-json\/wp\/v2\/product"}],"about":[{"href":"https:\/\/shop.bantam.ch\/de\/wp-json\/wp\/v2\/types\/product"}],"wp:featuredmedia":[{"embeddable":true,"href":"https:\/\/shop.bantam.ch\/de\/wp-json\/wp\/v2\/media\/41946"}],"wp:attachment":[{"href":"https:\/\/shop.bantam.ch\/de\/wp-json\/wp\/v2\/media?parent=41952"}],"wp:term":[{"taxonomy":"product_featured_cat","embeddable":true,"href":"https:\/\/shop.bantam.ch\/de\/wp-json\/wp\/v2\/product_featured_cat?post=41952"},{"taxonomy":"product_brand","embeddable":true,"href":"https:\/\/shop.bantam.ch\/de\/wp-json\/wp\/v2\/product_brand?post=41952"},{"taxonomy":"product_cat","embeddable":true,"href":"https:\/\/shop.bantam.ch\/de\/wp-json\/wp\/v2\/product_cat?post=41952"},{"taxonomy":"product_tag","embeddable":true,"href":"https:\/\/shop.bantam.ch\/de\/wp-json\/wp\/v2\/product_tag?post=41952"}],"curies":[{"name":"wp","href":"https:\/\/api.w.org\/{rel}","templated":true}]}}