{"id":41936,"date":"2023-02-22T21:35:28","date_gmt":"2023-02-22T20:35:28","guid":{"rendered":"http:\/\/preprod-dev.sh1.hidora.com\/webshop\/produit\/generator-tig-30000d-compact\/"},"modified":"2026-05-02T20:58:48","modified_gmt":"2026-05-02T18:58:48","slug":"generator-tig-30000d-compact","status":"publish","type":"product","link":"https:\/\/shop.bantam.ch\/de\/produkt\/generator-tig-30000d-compact\/","title":{"rendered":"Generator Telair TIG 30000 D Compact"},"content":{"rendered":"<p>Der TIG 3000D ist ein 230 V AC liefernder Generator der j\u00fcngsten Generation, der mit Umrichtertechnik und Dieselmotorversorgung ausgestattet ist. Einer hochmodernen elektronischen Steuerung mit variabler Drehzahl ist ein extrem niedriger Ger\u00e4uschpegel und gleichzeitig dazu ein durchschnittlich \u00e4u\u00dferst geringer Dieselverbrauch zu verdanken. Die Umrichtertechnik erm\u00f6glicht die Erzeugung einer \u00e4u\u00dferst stabilen Spannung mit einer reinen Sinuswelle und macht dar\u00fcber hinaus die Parallelschaltung zweier Generatoren m\u00f6glich. Das ferngesteuerte Bedienpanel, das sich durch ein modernes Design auszeichnet und \u00fcber ein Grafikdisplay verf\u00fcgt, versorgt den Anwender mit allen auf den Generatorbetrieb bezogenen Informationen &#8211; \u00d6lstandkontrolle, Betriebstemperatur und Stromverbrauch mit automatischer Motorabschaltung im Fall von Abweichungen von den Standardwerten. Es kann zwischen dem manuellen und dem automatischen Generatorbetrieb gew\u00e4hlt werden (falls auch als Batterieladeger\u00e4t eingesetzt). Au\u00dferdem ist der Generator mit einer Boost-Taste ausgestattet, die verwendet werden kann, wenn eine vor\u00fcbergehende Leistungssteigerung f\u00fcr eine sehr hohe elektrische Belastung gefragt ist. Dar\u00fcber hinaus verf\u00fcgt der Generator \u00fcber eine spezielle Schnittstelle, die in Zukunft der Nutzung der neuen Teleco-Hub-App zur Einschaltung, Ausschaltung und Fern\u00fcberwachung des Generators mittels eines iOS oder Android-Smartphones vorbehalten ist.<\/p>\n<ul>\n<li>Ladeausgang: 10 A &#8211; 13,3 V<\/li>\n<\/ul>\n","protected":false},"excerpt":{"rendered":"<p>Der TIG 3000D ist ein 230 V AC liefernder Generator der j\u00fcngsten Generation, der mit Umrichtertechnik und Dieselmotorversorgung ausgestattet ist. Einer hochmodernen elektronischen Steuerung mit variabler Drehzahl ist ein extrem niedriger Ger\u00e4uschpegel und gleichzeitig dazu ein durchschnittlich \u00e4u\u00dferst geringer Dieselverbrauch zu verdanken. Die Umrichtertechnik erm\u00f6glicht die Erzeugung einer \u00e4u\u00dferst stabilen Spannung mit einer reinen Sinuswelle [&hellip;]<\/p>\n","protected":false},"featured_media":41930,"template":"","meta":{"_acf_changed":false},"product_featured_cat":[],"product_brand":[3229],"product_cat":[4858],"product_tag":[],"class_list":{"0":"post-41936","1":"product","2":"type-product","3":"status-publish","4":"has-post-thumbnail","6":"product_brand-telair-de","7":"product_cat-diesel-generatoren","9":"first","10":"instock","11":"taxable","12":"shipping-taxable","13":"purchasable","14":"product-type-simple"},"acf":[],"yoast_head":"<!-- This site is optimized with the Yoast SEO plugin v27.5 - https:\/\/yoast.com\/product\/yoast-seo-wordpress\/ -->\n<title>Generator Telair TIG 30000 D Compact - Bantam<\/title>\n<meta name=\"robots\" content=\"index, follow, max-snippet:-1, max-image-preview:large, max-video-preview:-1\" \/>\n<link rel=\"canonical\" href=\"https:\/\/shop.bantam.ch\/de\/produkt\/generator-tig-30000d-compact\/\" \/>\n<meta property=\"og:locale\" content=\"de_DE\" \/>\n<meta property=\"og:type\" content=\"article\" \/>\n<meta property=\"og:title\" content=\"Generator Telair TIG 30000 D Compact - Bantam\" \/>\n<meta property=\"og:description\" content=\"Der TIG 3000D ist ein 230 V AC liefernder Generator der j\u00fcngsten Generation, der mit Umrichtertechnik und Dieselmotorversorgung ausgestattet ist. Einer hochmodernen elektronischen Steuerung mit variabler Drehzahl ist ein extrem niedriger Ger\u00e4uschpegel und gleichzeitig dazu ein durchschnittlich \u00e4u\u00dferst geringer Dieselverbrauch zu verdanken. Die Umrichtertechnik erm\u00f6glicht die Erzeugung einer \u00e4u\u00dferst stabilen Spannung mit einer reinen Sinuswelle [&hellip;]\" \/>\n<meta property=\"og:url\" content=\"https:\/\/shop.bantam.ch\/de\/produkt\/generator-tig-30000d-compact\/\" \/>\n<meta property=\"og:site_name\" content=\"Bantam\" \/>\n<meta property=\"article:modified_time\" content=\"2026-05-02T18:58:48+00:00\" \/>\n<meta property=\"og:image\" content=\"https:\/\/shop.bantam.ch\/wp-content\/uploads\/2023\/02\/9950737-Generator_Telair_TIG_3000_D-Standard-01-1.jpg\" \/>\n\t<meta property=\"og:image:width\" content=\"1000\" \/>\n\t<meta property=\"og:image:height\" content=\"713\" \/>\n\t<meta property=\"og:image:type\" content=\"image\/jpeg\" \/>\n<meta name=\"twitter:card\" content=\"summary_large_image\" \/>\n<meta name=\"twitter:label1\" content=\"Gesch\u00e4tzte Lesezeit\" \/>\n\t<meta name=\"twitter:data1\" content=\"1\u00a0Minute\" \/>\n<script type=\"application\/ld+json\" class=\"yoast-schema-graph\">{\"@context\":\"https:\\\/\\\/schema.org\",\"@graph\":[{\"@type\":\"WebPage\",\"@id\":\"https:\\\/\\\/shop.bantam.ch\\\/de\\\/produkt\\\/generator-tig-30000d-compact\\\/\",\"url\":\"https:\\\/\\\/shop.bantam.ch\\\/de\\\/produkt\\\/generator-tig-30000d-compact\\\/\",\"name\":\"Generator Telair TIG 30000 D Compact - Bantam\",\"isPartOf\":{\"@id\":\"https:\\\/\\\/shop.bantam.ch\\\/de\\\/#website\"},\"primaryImageOfPage\":{\"@id\":\"https:\\\/\\\/shop.bantam.ch\\\/de\\\/produkt\\\/generator-tig-30000d-compact\\\/#primaryimage\"},\"image\":{\"@id\":\"https:\\\/\\\/shop.bantam.ch\\\/de\\\/produkt\\\/generator-tig-30000d-compact\\\/#primaryimage\"},\"thumbnailUrl\":\"https:\\\/\\\/shop.bantam.ch\\\/wp-content\\\/uploads\\\/2023\\\/02\\\/9950737-Generator_Telair_TIG_3000_D-Standard-01-1.jpg\",\"datePublished\":\"2023-02-22T20:35:28+00:00\",\"dateModified\":\"2026-05-02T18:58:48+00:00\",\"breadcrumb\":{\"@id\":\"https:\\\/\\\/shop.bantam.ch\\\/de\\\/produkt\\\/generator-tig-30000d-compact\\\/#breadcrumb\"},\"inLanguage\":\"de\",\"potentialAction\":[{\"@type\":\"ReadAction\",\"target\":[\"https:\\\/\\\/shop.bantam.ch\\\/de\\\/produkt\\\/generator-tig-30000d-compact\\\/\"]}]},{\"@type\":\"ImageObject\",\"inLanguage\":\"de\",\"@id\":\"https:\\\/\\\/shop.bantam.ch\\\/de\\\/produkt\\\/generator-tig-30000d-compact\\\/#primaryimage\",\"url\":\"https:\\\/\\\/shop.bantam.ch\\\/wp-content\\\/uploads\\\/2023\\\/02\\\/9950737-Generator_Telair_TIG_3000_D-Standard-01-1.jpg\",\"contentUrl\":\"https:\\\/\\\/shop.bantam.ch\\\/wp-content\\\/uploads\\\/2023\\\/02\\\/9950737-Generator_Telair_TIG_3000_D-Standard-01-1.jpg\",\"width\":1000,\"height\":713},{\"@type\":\"BreadcrumbList\",\"@id\":\"https:\\\/\\\/shop.bantam.ch\\\/de\\\/produkt\\\/generator-tig-30000d-compact\\\/#breadcrumb\",\"itemListElement\":[{\"@type\":\"ListItem\",\"position\":1,\"name\":\"Accueil\",\"item\":\"https:\\\/\\\/shop.bantam.ch\\\/de\\\/\"},{\"@type\":\"ListItem\",\"position\":2,\"name\":\"Shop\",\"item\":\"https:\\\/\\\/shop.bantam.ch\\\/de\\\/shop\\\/\"},{\"@type\":\"ListItem\",\"position\":3,\"name\":\"Generator Telair TIG 30000 D Compact\"}]},{\"@type\":\"WebSite\",\"@id\":\"https:\\\/\\\/shop.bantam.ch\\\/de\\\/#website\",\"url\":\"https:\\\/\\\/shop.bantam.ch\\\/de\\\/\",\"name\":\"Bantam\",\"description\":\"\",\"publisher\":{\"@id\":\"https:\\\/\\\/shop.bantam.ch\\\/de\\\/#organization\"},\"inLanguage\":\"de\"},{\"@type\":\"Organization\",\"@id\":\"https:\\\/\\\/shop.bantam.ch\\\/de\\\/#organization\",\"name\":\"Bantam\",\"url\":\"https:\\\/\\\/shop.bantam.ch\\\/de\\\/\",\"logo\":{\"@type\":\"ImageObject\",\"inLanguage\":\"de\",\"@id\":\"https:\\\/\\\/shop.bantam.ch\\\/de\\\/#\\\/schema\\\/logo\\\/image\\\/\",\"url\":\"https:\\\/\\\/shop.bantam.ch\\\/wp-content\\\/uploads\\\/2022\\\/12\\\/bantam-logo.png\",\"contentUrl\":\"https:\\\/\\\/shop.bantam.ch\\\/wp-content\\\/uploads\\\/2022\\\/12\\\/bantam-logo.png\",\"width\":320,\"height\":71,\"caption\":\"Bantam\"},\"image\":{\"@id\":\"https:\\\/\\\/shop.bantam.ch\\\/de\\\/#\\\/schema\\\/logo\\\/image\\\/\"}}]}<\/script>\n<!-- \/ Yoast SEO plugin. -->","yoast_head_json":{"title":"Generator Telair TIG 30000 D Compact - Bantam","robots":{"index":"index","follow":"follow","max-snippet":"max-snippet:-1","max-image-preview":"max-image-preview:large","max-video-preview":"max-video-preview:-1"},"canonical":"https:\/\/shop.bantam.ch\/de\/produkt\/generator-tig-30000d-compact\/","og_locale":"de_DE","og_type":"article","og_title":"Generator Telair TIG 30000 D Compact - Bantam","og_description":"Der TIG 3000D ist ein 230 V AC liefernder Generator der j\u00fcngsten Generation, der mit Umrichtertechnik und Dieselmotorversorgung ausgestattet ist. Einer hochmodernen elektronischen Steuerung mit variabler Drehzahl ist ein extrem niedriger Ger\u00e4uschpegel und gleichzeitig dazu ein durchschnittlich \u00e4u\u00dferst geringer Dieselverbrauch zu verdanken. Die Umrichtertechnik erm\u00f6glicht die Erzeugung einer \u00e4u\u00dferst stabilen Spannung mit einer reinen Sinuswelle [&hellip;]","og_url":"https:\/\/shop.bantam.ch\/de\/produkt\/generator-tig-30000d-compact\/","og_site_name":"Bantam","article_modified_time":"2026-05-02T18:58:48+00:00","og_image":[{"width":1000,"height":713,"url":"https:\/\/shop.bantam.ch\/wp-content\/uploads\/2023\/02\/9950737-Generator_Telair_TIG_3000_D-Standard-01-1.jpg","type":"image\/jpeg"}],"twitter_card":"summary_large_image","twitter_misc":{"Gesch\u00e4tzte Lesezeit":"1\u00a0Minute"},"schema":{"@context":"https:\/\/schema.org","@graph":[{"@type":"WebPage","@id":"https:\/\/shop.bantam.ch\/de\/produkt\/generator-tig-30000d-compact\/","url":"https:\/\/shop.bantam.ch\/de\/produkt\/generator-tig-30000d-compact\/","name":"Generator Telair TIG 30000 D Compact - Bantam","isPartOf":{"@id":"https:\/\/shop.bantam.ch\/de\/#website"},"primaryImageOfPage":{"@id":"https:\/\/shop.bantam.ch\/de\/produkt\/generator-tig-30000d-compact\/#primaryimage"},"image":{"@id":"https:\/\/shop.bantam.ch\/de\/produkt\/generator-tig-30000d-compact\/#primaryimage"},"thumbnailUrl":"https:\/\/shop.bantam.ch\/wp-content\/uploads\/2023\/02\/9950737-Generator_Telair_TIG_3000_D-Standard-01-1.jpg","datePublished":"2023-02-22T20:35:28+00:00","dateModified":"2026-05-02T18:58:48+00:00","breadcrumb":{"@id":"https:\/\/shop.bantam.ch\/de\/produkt\/generator-tig-30000d-compact\/#breadcrumb"},"inLanguage":"de","potentialAction":[{"@type":"ReadAction","target":["https:\/\/shop.bantam.ch\/de\/produkt\/generator-tig-30000d-compact\/"]}]},{"@type":"ImageObject","inLanguage":"de","@id":"https:\/\/shop.bantam.ch\/de\/produkt\/generator-tig-30000d-compact\/#primaryimage","url":"https:\/\/shop.bantam.ch\/wp-content\/uploads\/2023\/02\/9950737-Generator_Telair_TIG_3000_D-Standard-01-1.jpg","contentUrl":"https:\/\/shop.bantam.ch\/wp-content\/uploads\/2023\/02\/9950737-Generator_Telair_TIG_3000_D-Standard-01-1.jpg","width":1000,"height":713},{"@type":"BreadcrumbList","@id":"https:\/\/shop.bantam.ch\/de\/produkt\/generator-tig-30000d-compact\/#breadcrumb","itemListElement":[{"@type":"ListItem","position":1,"name":"Accueil","item":"https:\/\/shop.bantam.ch\/de\/"},{"@type":"ListItem","position":2,"name":"Shop","item":"https:\/\/shop.bantam.ch\/de\/shop\/"},{"@type":"ListItem","position":3,"name":"Generator Telair TIG 30000 D Compact"}]},{"@type":"WebSite","@id":"https:\/\/shop.bantam.ch\/de\/#website","url":"https:\/\/shop.bantam.ch\/de\/","name":"Bantam","description":"","publisher":{"@id":"https:\/\/shop.bantam.ch\/de\/#organization"},"inLanguage":"de"},{"@type":"Organization","@id":"https:\/\/shop.bantam.ch\/de\/#organization","name":"Bantam","url":"https:\/\/shop.bantam.ch\/de\/","logo":{"@type":"ImageObject","inLanguage":"de","@id":"https:\/\/shop.bantam.ch\/de\/#\/schema\/logo\/image\/","url":"https:\/\/shop.bantam.ch\/wp-content\/uploads\/2022\/12\/bantam-logo.png","contentUrl":"https:\/\/shop.bantam.ch\/wp-content\/uploads\/2022\/12\/bantam-logo.png","width":320,"height":71,"caption":"Bantam"},"image":{"@id":"https:\/\/shop.bantam.ch\/de\/#\/schema\/logo\/image\/"}}]}},"_links":{"self":[{"href":"https:\/\/shop.bantam.ch\/de\/wp-json\/wp\/v2\/product\/41936","targetHints":{"allow":["GET"]}}],"collection":[{"href":"https:\/\/shop.bantam.ch\/de\/wp-json\/wp\/v2\/product"}],"about":[{"href":"https:\/\/shop.bantam.ch\/de\/wp-json\/wp\/v2\/types\/product"}],"wp:featuredmedia":[{"embeddable":true,"href":"https:\/\/shop.bantam.ch\/de\/wp-json\/wp\/v2\/media\/41930"}],"wp:attachment":[{"href":"https:\/\/shop.bantam.ch\/de\/wp-json\/wp\/v2\/media?parent=41936"}],"wp:term":[{"taxonomy":"product_featured_cat","embeddable":true,"href":"https:\/\/shop.bantam.ch\/de\/wp-json\/wp\/v2\/product_featured_cat?post=41936"},{"taxonomy":"product_brand","embeddable":true,"href":"https:\/\/shop.bantam.ch\/de\/wp-json\/wp\/v2\/product_brand?post=41936"},{"taxonomy":"product_cat","embeddable":true,"href":"https:\/\/shop.bantam.ch\/de\/wp-json\/wp\/v2\/product_cat?post=41936"},{"taxonomy":"product_tag","embeddable":true,"href":"https:\/\/shop.bantam.ch\/de\/wp-json\/wp\/v2\/product_tag?post=41936"}],"curies":[{"name":"wp","href":"https:\/\/api.w.org\/{rel}","templated":true}]}}