{"id":41858,"date":"2023-02-22T21:34:07","date_gmt":"2023-02-22T20:34:07","guid":{"rendered":"http:\/\/preprod-dev.sh1.hidora.com\/webshop\/produit\/batterie-computer-mt-iq-basic-pro\/"},"modified":"2026-04-20T20:59:06","modified_gmt":"2026-04-20T18:59:06","slug":"batterie-computer-mt-iq-basic-pro","status":"publish","type":"product","link":"https:\/\/shop.bantam.ch\/de\/produkt\/batterie-computer-mt-iq-basic-pro\/","title":{"rendered":"Batterie Computer MT iQ Basic Pro"},"content":{"rendered":"<p>Ganz neu auf dem Markt ist der MT iQ Basic von B\u00dcTTNER ELEKTRONIK. Das Basismodell mit Induktionsmessung informiert \u00fcber die Spannung, den gerade flie\u00dfenden Strom sowie die noch verf\u00fcgbare Batteriekapazit\u00e4t in Ah. Auf Tastendruck abrufbar werden alle Werte auf einem gro\u00dfen Display angezeigt. Verzichtet wurde auf die Hochrechnung der Restlaufanzeige sowie die Men\u00fcprogramme zum Einstellen von Schaltschwellen. Montage und Programmierung sind sehr unkompliziert: Einfach die vorhandenen Batteriekabel von der Batterie trennen, durch den Induktionsmesssensor f\u00fchren und wieder an die Batterie anschlie\u00dfen. Dann den Batterie-Computer auf die vorhandene Kapazit\u00e4t einstellen und eine Vollladung durchf\u00fchren. Auf Knopfdruck wird angezeigt, was an Kapazit\u00e4t noch in der Batterie vorhanden ist. Informiert \u00fcber die Spannung, den gerade fliessenden Strom sowie die noch verf\u00fcgbare Batteriekapazit\u00e4t in Ah.<\/p>\n<ul>\n<li>Einbautiefe: 2 cm<\/li>\n<\/ul>\n","protected":false},"excerpt":{"rendered":"<p>Ganz neu auf dem Markt ist der MT iQ Basic von B\u00dcTTNER ELEKTRONIK. Das Basismodell mit Induktionsmessung informiert \u00fcber die Spannung, den gerade flie\u00dfenden Strom sowie die noch verf\u00fcgbare Batteriekapazit\u00e4t in Ah. Auf Tastendruck abrufbar werden alle Werte auf einem gro\u00dfen Display angezeigt. Verzichtet wurde auf die Hochrechnung der Restlaufanzeige sowie die Men\u00fcprogramme zum Einstellen [&hellip;]<\/p>\n","protected":false},"featured_media":41856,"template":"","meta":{"_acf_changed":false},"product_featured_cat":[],"product_brand":[3069],"product_cat":[4192],"product_tag":[],"class_list":{"0":"post-41858","1":"product","2":"type-product","3":"status-publish","4":"has-post-thumbnail","6":"product_brand-buttner-elektronik-de","7":"product_cat-anzeigepanels","9":"first","10":"instock","11":"taxable","12":"shipping-taxable","13":"purchasable","14":"product-type-simple"},"acf":[],"yoast_head":"<!-- This site is optimized with the Yoast SEO plugin v27.4 - https:\/\/yoast.com\/product\/yoast-seo-wordpress\/ -->\n<title>Batterie Computer MT iQ Basic Pro - Bantam Camping AG<\/title>\n<meta name=\"robots\" content=\"index, follow, max-snippet:-1, max-image-preview:large, max-video-preview:-1\" \/>\n<link rel=\"canonical\" href=\"https:\/\/shop.bantam.ch\/de\/produkt\/batterie-computer-mt-iq-basic-pro\/\" \/>\n<meta property=\"og:locale\" content=\"de_DE\" \/>\n<meta property=\"og:type\" content=\"article\" \/>\n<meta property=\"og:title\" content=\"Batterie Computer MT iQ Basic Pro - Bantam Camping AG\" \/>\n<meta property=\"og:description\" content=\"Ganz neu auf dem Markt ist der MT iQ Basic von B\u00dcTTNER ELEKTRONIK. Das Basismodell mit Induktionsmessung informiert \u00fcber die Spannung, den gerade flie\u00dfenden Strom sowie die noch verf\u00fcgbare Batteriekapazit\u00e4t in Ah. Auf Tastendruck abrufbar werden alle Werte auf einem gro\u00dfen Display angezeigt. Verzichtet wurde auf die Hochrechnung der Restlaufanzeige sowie die Men\u00fcprogramme zum Einstellen [&hellip;]\" \/>\n<meta property=\"og:url\" content=\"https:\/\/shop.bantam.ch\/de\/produkt\/batterie-computer-mt-iq-basic-pro\/\" \/>\n<meta property=\"og:site_name\" content=\"Bantam Camping AG\" \/>\n<meta property=\"article:modified_time\" content=\"2026-04-20T18:59:06+00:00\" \/>\n<meta property=\"og:image\" content=\"https:\/\/shop.bantam.ch\/wp-content\/uploads\/2023\/02\/9952357-Basic_Batterie_Computer_BBC-MT_iQ-Standard-01-1.jpg\" \/>\n\t<meta property=\"og:image:width\" content=\"902\" \/>\n\t<meta property=\"og:image:height\" content=\"1000\" \/>\n\t<meta property=\"og:image:type\" content=\"image\/jpeg\" \/>\n<meta name=\"twitter:card\" content=\"summary_large_image\" \/>\n<meta name=\"twitter:label1\" content=\"Gesch\u00e4tzte Lesezeit\" \/>\n\t<meta name=\"twitter:data1\" content=\"1\u00a0Minute\" \/>\n<script type=\"application\/ld+json\" class=\"yoast-schema-graph\">{\"@context\":\"https:\\\/\\\/schema.org\",\"@graph\":[{\"@type\":\"WebPage\",\"@id\":\"https:\\\/\\\/shop.bantam.ch\\\/de\\\/produkt\\\/batterie-computer-mt-iq-basic-pro\\\/\",\"url\":\"https:\\\/\\\/shop.bantam.ch\\\/de\\\/produkt\\\/batterie-computer-mt-iq-basic-pro\\\/\",\"name\":\"Batterie Computer MT iQ Basic Pro - Bantam Camping AG\",\"isPartOf\":{\"@id\":\"https:\\\/\\\/shop.bantam.ch\\\/de\\\/#website\"},\"primaryImageOfPage\":{\"@id\":\"https:\\\/\\\/shop.bantam.ch\\\/de\\\/produkt\\\/batterie-computer-mt-iq-basic-pro\\\/#primaryimage\"},\"image\":{\"@id\":\"https:\\\/\\\/shop.bantam.ch\\\/de\\\/produkt\\\/batterie-computer-mt-iq-basic-pro\\\/#primaryimage\"},\"thumbnailUrl\":\"https:\\\/\\\/shop.bantam.ch\\\/wp-content\\\/uploads\\\/2023\\\/02\\\/9952357-Basic_Batterie_Computer_BBC-MT_iQ-Standard-01-1.jpg\",\"datePublished\":\"2023-02-22T20:34:07+00:00\",\"dateModified\":\"2026-04-20T18:59:06+00:00\",\"breadcrumb\":{\"@id\":\"https:\\\/\\\/shop.bantam.ch\\\/de\\\/produkt\\\/batterie-computer-mt-iq-basic-pro\\\/#breadcrumb\"},\"inLanguage\":\"de\",\"potentialAction\":[{\"@type\":\"ReadAction\",\"target\":[\"https:\\\/\\\/shop.bantam.ch\\\/de\\\/produkt\\\/batterie-computer-mt-iq-basic-pro\\\/\"]}]},{\"@type\":\"ImageObject\",\"inLanguage\":\"de\",\"@id\":\"https:\\\/\\\/shop.bantam.ch\\\/de\\\/produkt\\\/batterie-computer-mt-iq-basic-pro\\\/#primaryimage\",\"url\":\"https:\\\/\\\/shop.bantam.ch\\\/wp-content\\\/uploads\\\/2023\\\/02\\\/9952357-Basic_Batterie_Computer_BBC-MT_iQ-Standard-01-1.jpg\",\"contentUrl\":\"https:\\\/\\\/shop.bantam.ch\\\/wp-content\\\/uploads\\\/2023\\\/02\\\/9952357-Basic_Batterie_Computer_BBC-MT_iQ-Standard-01-1.jpg\",\"width\":902,\"height\":1000},{\"@type\":\"BreadcrumbList\",\"@id\":\"https:\\\/\\\/shop.bantam.ch\\\/de\\\/produkt\\\/batterie-computer-mt-iq-basic-pro\\\/#breadcrumb\",\"itemListElement\":[{\"@type\":\"ListItem\",\"position\":1,\"name\":\"Accueil\",\"item\":\"https:\\\/\\\/shop.bantam.ch\\\/de\\\/\"},{\"@type\":\"ListItem\",\"position\":2,\"name\":\"Shop\",\"item\":\"https:\\\/\\\/shop.bantam.ch\\\/de\\\/shop\\\/\"},{\"@type\":\"ListItem\",\"position\":3,\"name\":\"Batterie Computer MT iQ Basic Pro\"}]},{\"@type\":\"WebSite\",\"@id\":\"https:\\\/\\\/shop.bantam.ch\\\/de\\\/#website\",\"url\":\"https:\\\/\\\/shop.bantam.ch\\\/de\\\/\",\"name\":\"Bantam Camping AG\",\"description\":\"\",\"publisher\":{\"@id\":\"https:\\\/\\\/shop.bantam.ch\\\/de\\\/#organization\"},\"inLanguage\":\"de\"},{\"@type\":\"Organization\",\"@id\":\"https:\\\/\\\/shop.bantam.ch\\\/de\\\/#organization\",\"name\":\"Bantam Camping AG\",\"url\":\"https:\\\/\\\/shop.bantam.ch\\\/de\\\/\",\"logo\":{\"@type\":\"ImageObject\",\"inLanguage\":\"de\",\"@id\":\"https:\\\/\\\/shop.bantam.ch\\\/de\\\/#\\\/schema\\\/logo\\\/image\\\/\",\"url\":\"https:\\\/\\\/shop.bantam.ch\\\/wp-content\\\/uploads\\\/2022\\\/12\\\/bantam-logo.png\",\"contentUrl\":\"https:\\\/\\\/shop.bantam.ch\\\/wp-content\\\/uploads\\\/2022\\\/12\\\/bantam-logo.png\",\"width\":320,\"height\":71,\"caption\":\"Bantam Camping AG\"},\"image\":{\"@id\":\"https:\\\/\\\/shop.bantam.ch\\\/de\\\/#\\\/schema\\\/logo\\\/image\\\/\"}}]}<\/script>\n<!-- \/ Yoast SEO plugin. -->","yoast_head_json":{"title":"Batterie Computer MT iQ Basic Pro - Bantam Camping AG","robots":{"index":"index","follow":"follow","max-snippet":"max-snippet:-1","max-image-preview":"max-image-preview:large","max-video-preview":"max-video-preview:-1"},"canonical":"https:\/\/shop.bantam.ch\/de\/produkt\/batterie-computer-mt-iq-basic-pro\/","og_locale":"de_DE","og_type":"article","og_title":"Batterie Computer MT iQ Basic Pro - Bantam Camping AG","og_description":"Ganz neu auf dem Markt ist der MT iQ Basic von B\u00dcTTNER ELEKTRONIK. Das Basismodell mit Induktionsmessung informiert \u00fcber die Spannung, den gerade flie\u00dfenden Strom sowie die noch verf\u00fcgbare Batteriekapazit\u00e4t in Ah. Auf Tastendruck abrufbar werden alle Werte auf einem gro\u00dfen Display angezeigt. Verzichtet wurde auf die Hochrechnung der Restlaufanzeige sowie die Men\u00fcprogramme zum Einstellen [&hellip;]","og_url":"https:\/\/shop.bantam.ch\/de\/produkt\/batterie-computer-mt-iq-basic-pro\/","og_site_name":"Bantam Camping AG","article_modified_time":"2026-04-20T18:59:06+00:00","og_image":[{"width":902,"height":1000,"url":"https:\/\/shop.bantam.ch\/wp-content\/uploads\/2023\/02\/9952357-Basic_Batterie_Computer_BBC-MT_iQ-Standard-01-1.jpg","type":"image\/jpeg"}],"twitter_card":"summary_large_image","twitter_misc":{"Gesch\u00e4tzte Lesezeit":"1\u00a0Minute"},"schema":{"@context":"https:\/\/schema.org","@graph":[{"@type":"WebPage","@id":"https:\/\/shop.bantam.ch\/de\/produkt\/batterie-computer-mt-iq-basic-pro\/","url":"https:\/\/shop.bantam.ch\/de\/produkt\/batterie-computer-mt-iq-basic-pro\/","name":"Batterie Computer MT iQ Basic Pro - Bantam Camping AG","isPartOf":{"@id":"https:\/\/shop.bantam.ch\/de\/#website"},"primaryImageOfPage":{"@id":"https:\/\/shop.bantam.ch\/de\/produkt\/batterie-computer-mt-iq-basic-pro\/#primaryimage"},"image":{"@id":"https:\/\/shop.bantam.ch\/de\/produkt\/batterie-computer-mt-iq-basic-pro\/#primaryimage"},"thumbnailUrl":"https:\/\/shop.bantam.ch\/wp-content\/uploads\/2023\/02\/9952357-Basic_Batterie_Computer_BBC-MT_iQ-Standard-01-1.jpg","datePublished":"2023-02-22T20:34:07+00:00","dateModified":"2026-04-20T18:59:06+00:00","breadcrumb":{"@id":"https:\/\/shop.bantam.ch\/de\/produkt\/batterie-computer-mt-iq-basic-pro\/#breadcrumb"},"inLanguage":"de","potentialAction":[{"@type":"ReadAction","target":["https:\/\/shop.bantam.ch\/de\/produkt\/batterie-computer-mt-iq-basic-pro\/"]}]},{"@type":"ImageObject","inLanguage":"de","@id":"https:\/\/shop.bantam.ch\/de\/produkt\/batterie-computer-mt-iq-basic-pro\/#primaryimage","url":"https:\/\/shop.bantam.ch\/wp-content\/uploads\/2023\/02\/9952357-Basic_Batterie_Computer_BBC-MT_iQ-Standard-01-1.jpg","contentUrl":"https:\/\/shop.bantam.ch\/wp-content\/uploads\/2023\/02\/9952357-Basic_Batterie_Computer_BBC-MT_iQ-Standard-01-1.jpg","width":902,"height":1000},{"@type":"BreadcrumbList","@id":"https:\/\/shop.bantam.ch\/de\/produkt\/batterie-computer-mt-iq-basic-pro\/#breadcrumb","itemListElement":[{"@type":"ListItem","position":1,"name":"Accueil","item":"https:\/\/shop.bantam.ch\/de\/"},{"@type":"ListItem","position":2,"name":"Shop","item":"https:\/\/shop.bantam.ch\/de\/shop\/"},{"@type":"ListItem","position":3,"name":"Batterie Computer MT iQ Basic Pro"}]},{"@type":"WebSite","@id":"https:\/\/shop.bantam.ch\/de\/#website","url":"https:\/\/shop.bantam.ch\/de\/","name":"Bantam Camping AG","description":"","publisher":{"@id":"https:\/\/shop.bantam.ch\/de\/#organization"},"inLanguage":"de"},{"@type":"Organization","@id":"https:\/\/shop.bantam.ch\/de\/#organization","name":"Bantam Camping AG","url":"https:\/\/shop.bantam.ch\/de\/","logo":{"@type":"ImageObject","inLanguage":"de","@id":"https:\/\/shop.bantam.ch\/de\/#\/schema\/logo\/image\/","url":"https:\/\/shop.bantam.ch\/wp-content\/uploads\/2022\/12\/bantam-logo.png","contentUrl":"https:\/\/shop.bantam.ch\/wp-content\/uploads\/2022\/12\/bantam-logo.png","width":320,"height":71,"caption":"Bantam Camping AG"},"image":{"@id":"https:\/\/shop.bantam.ch\/de\/#\/schema\/logo\/image\/"}}]}},"_links":{"self":[{"href":"https:\/\/shop.bantam.ch\/de\/wp-json\/wp\/v2\/product\/41858","targetHints":{"allow":["GET"]}}],"collection":[{"href":"https:\/\/shop.bantam.ch\/de\/wp-json\/wp\/v2\/product"}],"about":[{"href":"https:\/\/shop.bantam.ch\/de\/wp-json\/wp\/v2\/types\/product"}],"wp:featuredmedia":[{"embeddable":true,"href":"https:\/\/shop.bantam.ch\/de\/wp-json\/wp\/v2\/media\/41856"}],"wp:attachment":[{"href":"https:\/\/shop.bantam.ch\/de\/wp-json\/wp\/v2\/media?parent=41858"}],"wp:term":[{"taxonomy":"product_featured_cat","embeddable":true,"href":"https:\/\/shop.bantam.ch\/de\/wp-json\/wp\/v2\/product_featured_cat?post=41858"},{"taxonomy":"product_brand","embeddable":true,"href":"https:\/\/shop.bantam.ch\/de\/wp-json\/wp\/v2\/product_brand?post=41858"},{"taxonomy":"product_cat","embeddable":true,"href":"https:\/\/shop.bantam.ch\/de\/wp-json\/wp\/v2\/product_cat?post=41858"},{"taxonomy":"product_tag","embeddable":true,"href":"https:\/\/shop.bantam.ch\/de\/wp-json\/wp\/v2\/product_tag?post=41858"}],"curies":[{"name":"wp","href":"https:\/\/api.w.org\/{rel}","templated":true}]}}