{"id":41793,"date":"2023-02-22T21:32:27","date_gmt":"2023-02-22T20:32:27","guid":{"rendered":"http:\/\/preprod-dev.sh1.hidora.com\/webshop\/produit\/dachhaube-fantastic-vent-2250-mit-thermostat\/"},"modified":"2026-04-17T20:51:09","modified_gmt":"2026-04-17T18:51:09","slug":"dachhaube-fantastic-vent-2250-mit-thermostat","status":"publish","type":"product","link":"https:\/\/shop.bantam.ch\/de\/produkt\/dachhaube-fantastic-vent-2250-mit-thermostat\/","title":{"rendered":"Dachhaube Fantastic Vent 2250 mit Thermostat"},"content":{"rendered":"<p>Das Herzst\u00fcck aller Modelle ist der Rotor mit zehn durchsichtigen Bl\u00e4ttern sowie der Motor mit drei verschiedenen Drehzahlen f\u00fcr Vor- und R\u00fcckw\u00e4rtslauf (Be- und Entl\u00fcftung). Alle Fan-Tastic Vent Dachventilatoren sind mit einem abnehmbaren Schutzgitter gegen Insekten ausgestattet.\u00a0<\/p>\n<p>Material:<br \/>Haube Makrolon<br \/>Rahmen ABS<\/p>\n","protected":false},"excerpt":{"rendered":"<p>Das Herzst\u00fcck aller Modelle ist der Rotor mit zehn durchsichtigen Bl\u00e4ttern sowie der Motor mit drei verschiedenen Drehzahlen f\u00fcr Vor- und R\u00fcckw\u00e4rtslauf (Be- und Entl\u00fcftung). Alle Fan-Tastic Vent Dachventilatoren sind mit einem abnehmbaren Schutzgitter gegen Insekten ausgestattet.\u00a0 Material:Haube MakrolonRahmen ABS<\/p>\n","protected":false},"featured_media":41778,"template":"","meta":{"_acf_changed":false},"product_featured_cat":[],"product_brand":[3029],"product_cat":[4648],"product_tag":[],"class_list":{"0":"post-41793","1":"product","2":"type-product","3":"status-publish","4":"has-post-thumbnail","6":"product_brand-dometic-de","7":"product_cat-dachfenster","9":"first","10":"instock","11":"taxable","12":"shipping-taxable","13":"purchasable","14":"product-type-variable"},"acf":[],"yoast_head":"<!-- This site is optimized with the Yoast SEO plugin v27.4 - https:\/\/yoast.com\/product\/yoast-seo-wordpress\/ -->\n<title>Dachhaube Fantastic Vent 2250 mit Thermostat - Bantam Camping AG<\/title>\n<meta name=\"robots\" content=\"index, follow, max-snippet:-1, max-image-preview:large, max-video-preview:-1\" \/>\n<link rel=\"canonical\" href=\"https:\/\/shop.bantam.ch\/de\/produkt\/dachhaube-fantastic-vent-2250-mit-thermostat\/\" \/>\n<meta property=\"og:locale\" content=\"de_DE\" \/>\n<meta property=\"og:type\" content=\"article\" \/>\n<meta property=\"og:title\" content=\"Dachhaube Fantastic Vent 2250 mit Thermostat - Bantam Camping AG\" \/>\n<meta property=\"og:description\" content=\"Das Herzst\u00fcck aller Modelle ist der Rotor mit zehn durchsichtigen Bl\u00e4ttern sowie der Motor mit drei verschiedenen Drehzahlen f\u00fcr Vor- und R\u00fcckw\u00e4rtslauf (Be- und Entl\u00fcftung). Alle Fan-Tastic Vent Dachventilatoren sind mit einem abnehmbaren Schutzgitter gegen Insekten ausgestattet.\u00a0 Material:Haube MakrolonRahmen ABS\" \/>\n<meta property=\"og:url\" content=\"https:\/\/shop.bantam.ch\/de\/produkt\/dachhaube-fantastic-vent-2250-mit-thermostat\/\" \/>\n<meta property=\"og:site_name\" content=\"Bantam Camping AG\" \/>\n<meta property=\"article:modified_time\" content=\"2026-04-17T18:51:09+00:00\" \/>\n<meta property=\"og:image\" content=\"https:\/\/shop.bantam.ch\/wp-content\/uploads\/2023\/02\/9955043-Dachhauben_Fantastic_Vent_2250_35_x_35_Fb_weiss-Standard-01-2.jpg\" \/>\n\t<meta property=\"og:image:width\" content=\"1000\" \/>\n\t<meta property=\"og:image:height\" content=\"753\" \/>\n\t<meta property=\"og:image:type\" content=\"image\/jpeg\" \/>\n<meta name=\"twitter:card\" content=\"summary_large_image\" \/>\n<script type=\"application\/ld+json\" class=\"yoast-schema-graph\">{\"@context\":\"https:\\\/\\\/schema.org\",\"@graph\":[{\"@type\":\"WebPage\",\"@id\":\"https:\\\/\\\/shop.bantam.ch\\\/de\\\/produkt\\\/dachhaube-fantastic-vent-2250-mit-thermostat\\\/\",\"url\":\"https:\\\/\\\/shop.bantam.ch\\\/de\\\/produkt\\\/dachhaube-fantastic-vent-2250-mit-thermostat\\\/\",\"name\":\"Dachhaube Fantastic Vent 2250 mit Thermostat - Bantam Camping AG\",\"isPartOf\":{\"@id\":\"https:\\\/\\\/shop.bantam.ch\\\/de\\\/#website\"},\"primaryImageOfPage\":{\"@id\":\"https:\\\/\\\/shop.bantam.ch\\\/de\\\/produkt\\\/dachhaube-fantastic-vent-2250-mit-thermostat\\\/#primaryimage\"},\"image\":{\"@id\":\"https:\\\/\\\/shop.bantam.ch\\\/de\\\/produkt\\\/dachhaube-fantastic-vent-2250-mit-thermostat\\\/#primaryimage\"},\"thumbnailUrl\":\"https:\\\/\\\/shop.bantam.ch\\\/wp-content\\\/uploads\\\/2023\\\/02\\\/9955043-Dachhauben_Fantastic_Vent_2250_35_x_35_Fb_weiss-Standard-01-2.jpg\",\"datePublished\":\"2023-02-22T20:32:27+00:00\",\"dateModified\":\"2026-04-17T18:51:09+00:00\",\"breadcrumb\":{\"@id\":\"https:\\\/\\\/shop.bantam.ch\\\/de\\\/produkt\\\/dachhaube-fantastic-vent-2250-mit-thermostat\\\/#breadcrumb\"},\"inLanguage\":\"de\",\"potentialAction\":[{\"@type\":\"ReadAction\",\"target\":[\"https:\\\/\\\/shop.bantam.ch\\\/de\\\/produkt\\\/dachhaube-fantastic-vent-2250-mit-thermostat\\\/\"]}]},{\"@type\":\"ImageObject\",\"inLanguage\":\"de\",\"@id\":\"https:\\\/\\\/shop.bantam.ch\\\/de\\\/produkt\\\/dachhaube-fantastic-vent-2250-mit-thermostat\\\/#primaryimage\",\"url\":\"https:\\\/\\\/shop.bantam.ch\\\/wp-content\\\/uploads\\\/2023\\\/02\\\/9955043-Dachhauben_Fantastic_Vent_2250_35_x_35_Fb_weiss-Standard-01-2.jpg\",\"contentUrl\":\"https:\\\/\\\/shop.bantam.ch\\\/wp-content\\\/uploads\\\/2023\\\/02\\\/9955043-Dachhauben_Fantastic_Vent_2250_35_x_35_Fb_weiss-Standard-01-2.jpg\",\"width\":1000,\"height\":753},{\"@type\":\"BreadcrumbList\",\"@id\":\"https:\\\/\\\/shop.bantam.ch\\\/de\\\/produkt\\\/dachhaube-fantastic-vent-2250-mit-thermostat\\\/#breadcrumb\",\"itemListElement\":[{\"@type\":\"ListItem\",\"position\":1,\"name\":\"Accueil\",\"item\":\"https:\\\/\\\/shop.bantam.ch\\\/de\\\/\"},{\"@type\":\"ListItem\",\"position\":2,\"name\":\"Shop\",\"item\":\"https:\\\/\\\/shop.bantam.ch\\\/de\\\/shop\\\/\"},{\"@type\":\"ListItem\",\"position\":3,\"name\":\"Dachhaube Fantastic Vent 2250 mit Thermostat\"}]},{\"@type\":\"WebSite\",\"@id\":\"https:\\\/\\\/shop.bantam.ch\\\/de\\\/#website\",\"url\":\"https:\\\/\\\/shop.bantam.ch\\\/de\\\/\",\"name\":\"Bantam Camping AG\",\"description\":\"\",\"publisher\":{\"@id\":\"https:\\\/\\\/shop.bantam.ch\\\/de\\\/#organization\"},\"inLanguage\":\"de\"},{\"@type\":\"Organization\",\"@id\":\"https:\\\/\\\/shop.bantam.ch\\\/de\\\/#organization\",\"name\":\"Bantam Camping AG\",\"url\":\"https:\\\/\\\/shop.bantam.ch\\\/de\\\/\",\"logo\":{\"@type\":\"ImageObject\",\"inLanguage\":\"de\",\"@id\":\"https:\\\/\\\/shop.bantam.ch\\\/de\\\/#\\\/schema\\\/logo\\\/image\\\/\",\"url\":\"https:\\\/\\\/shop.bantam.ch\\\/wp-content\\\/uploads\\\/2022\\\/12\\\/bantam-logo.png\",\"contentUrl\":\"https:\\\/\\\/shop.bantam.ch\\\/wp-content\\\/uploads\\\/2022\\\/12\\\/bantam-logo.png\",\"width\":320,\"height\":71,\"caption\":\"Bantam Camping AG\"},\"image\":{\"@id\":\"https:\\\/\\\/shop.bantam.ch\\\/de\\\/#\\\/schema\\\/logo\\\/image\\\/\"}}]}<\/script>\n<!-- \/ Yoast SEO plugin. -->","yoast_head_json":{"title":"Dachhaube Fantastic Vent 2250 mit Thermostat - Bantam Camping AG","robots":{"index":"index","follow":"follow","max-snippet":"max-snippet:-1","max-image-preview":"max-image-preview:large","max-video-preview":"max-video-preview:-1"},"canonical":"https:\/\/shop.bantam.ch\/de\/produkt\/dachhaube-fantastic-vent-2250-mit-thermostat\/","og_locale":"de_DE","og_type":"article","og_title":"Dachhaube Fantastic Vent 2250 mit Thermostat - Bantam Camping AG","og_description":"Das Herzst\u00fcck aller Modelle ist der Rotor mit zehn durchsichtigen Bl\u00e4ttern sowie der Motor mit drei verschiedenen Drehzahlen f\u00fcr Vor- und R\u00fcckw\u00e4rtslauf (Be- und Entl\u00fcftung). Alle Fan-Tastic Vent Dachventilatoren sind mit einem abnehmbaren Schutzgitter gegen Insekten ausgestattet.\u00a0 Material:Haube MakrolonRahmen ABS","og_url":"https:\/\/shop.bantam.ch\/de\/produkt\/dachhaube-fantastic-vent-2250-mit-thermostat\/","og_site_name":"Bantam Camping AG","article_modified_time":"2026-04-17T18:51:09+00:00","og_image":[{"width":1000,"height":753,"url":"https:\/\/shop.bantam.ch\/wp-content\/uploads\/2023\/02\/9955043-Dachhauben_Fantastic_Vent_2250_35_x_35_Fb_weiss-Standard-01-2.jpg","type":"image\/jpeg"}],"twitter_card":"summary_large_image","schema":{"@context":"https:\/\/schema.org","@graph":[{"@type":"WebPage","@id":"https:\/\/shop.bantam.ch\/de\/produkt\/dachhaube-fantastic-vent-2250-mit-thermostat\/","url":"https:\/\/shop.bantam.ch\/de\/produkt\/dachhaube-fantastic-vent-2250-mit-thermostat\/","name":"Dachhaube Fantastic Vent 2250 mit Thermostat - Bantam Camping AG","isPartOf":{"@id":"https:\/\/shop.bantam.ch\/de\/#website"},"primaryImageOfPage":{"@id":"https:\/\/shop.bantam.ch\/de\/produkt\/dachhaube-fantastic-vent-2250-mit-thermostat\/#primaryimage"},"image":{"@id":"https:\/\/shop.bantam.ch\/de\/produkt\/dachhaube-fantastic-vent-2250-mit-thermostat\/#primaryimage"},"thumbnailUrl":"https:\/\/shop.bantam.ch\/wp-content\/uploads\/2023\/02\/9955043-Dachhauben_Fantastic_Vent_2250_35_x_35_Fb_weiss-Standard-01-2.jpg","datePublished":"2023-02-22T20:32:27+00:00","dateModified":"2026-04-17T18:51:09+00:00","breadcrumb":{"@id":"https:\/\/shop.bantam.ch\/de\/produkt\/dachhaube-fantastic-vent-2250-mit-thermostat\/#breadcrumb"},"inLanguage":"de","potentialAction":[{"@type":"ReadAction","target":["https:\/\/shop.bantam.ch\/de\/produkt\/dachhaube-fantastic-vent-2250-mit-thermostat\/"]}]},{"@type":"ImageObject","inLanguage":"de","@id":"https:\/\/shop.bantam.ch\/de\/produkt\/dachhaube-fantastic-vent-2250-mit-thermostat\/#primaryimage","url":"https:\/\/shop.bantam.ch\/wp-content\/uploads\/2023\/02\/9955043-Dachhauben_Fantastic_Vent_2250_35_x_35_Fb_weiss-Standard-01-2.jpg","contentUrl":"https:\/\/shop.bantam.ch\/wp-content\/uploads\/2023\/02\/9955043-Dachhauben_Fantastic_Vent_2250_35_x_35_Fb_weiss-Standard-01-2.jpg","width":1000,"height":753},{"@type":"BreadcrumbList","@id":"https:\/\/shop.bantam.ch\/de\/produkt\/dachhaube-fantastic-vent-2250-mit-thermostat\/#breadcrumb","itemListElement":[{"@type":"ListItem","position":1,"name":"Accueil","item":"https:\/\/shop.bantam.ch\/de\/"},{"@type":"ListItem","position":2,"name":"Shop","item":"https:\/\/shop.bantam.ch\/de\/shop\/"},{"@type":"ListItem","position":3,"name":"Dachhaube Fantastic Vent 2250 mit Thermostat"}]},{"@type":"WebSite","@id":"https:\/\/shop.bantam.ch\/de\/#website","url":"https:\/\/shop.bantam.ch\/de\/","name":"Bantam Camping AG","description":"","publisher":{"@id":"https:\/\/shop.bantam.ch\/de\/#organization"},"inLanguage":"de"},{"@type":"Organization","@id":"https:\/\/shop.bantam.ch\/de\/#organization","name":"Bantam Camping AG","url":"https:\/\/shop.bantam.ch\/de\/","logo":{"@type":"ImageObject","inLanguage":"de","@id":"https:\/\/shop.bantam.ch\/de\/#\/schema\/logo\/image\/","url":"https:\/\/shop.bantam.ch\/wp-content\/uploads\/2022\/12\/bantam-logo.png","contentUrl":"https:\/\/shop.bantam.ch\/wp-content\/uploads\/2022\/12\/bantam-logo.png","width":320,"height":71,"caption":"Bantam Camping AG"},"image":{"@id":"https:\/\/shop.bantam.ch\/de\/#\/schema\/logo\/image\/"}}]}},"_links":{"self":[{"href":"https:\/\/shop.bantam.ch\/de\/wp-json\/wp\/v2\/product\/41793","targetHints":{"allow":["GET"]}}],"collection":[{"href":"https:\/\/shop.bantam.ch\/de\/wp-json\/wp\/v2\/product"}],"about":[{"href":"https:\/\/shop.bantam.ch\/de\/wp-json\/wp\/v2\/types\/product"}],"wp:featuredmedia":[{"embeddable":true,"href":"https:\/\/shop.bantam.ch\/de\/wp-json\/wp\/v2\/media\/41778"}],"wp:attachment":[{"href":"https:\/\/shop.bantam.ch\/de\/wp-json\/wp\/v2\/media?parent=41793"}],"wp:term":[{"taxonomy":"product_featured_cat","embeddable":true,"href":"https:\/\/shop.bantam.ch\/de\/wp-json\/wp\/v2\/product_featured_cat?post=41793"},{"taxonomy":"product_brand","embeddable":true,"href":"https:\/\/shop.bantam.ch\/de\/wp-json\/wp\/v2\/product_brand?post=41793"},{"taxonomy":"product_cat","embeddable":true,"href":"https:\/\/shop.bantam.ch\/de\/wp-json\/wp\/v2\/product_cat?post=41793"},{"taxonomy":"product_tag","embeddable":true,"href":"https:\/\/shop.bantam.ch\/de\/wp-json\/wp\/v2\/product_tag?post=41793"}],"curies":[{"name":"wp","href":"https:\/\/api.w.org\/{rel}","templated":true}]}}