{"id":41706,"date":"2023-02-22T21:31:16","date_gmt":"2023-02-22T20:31:16","guid":{"rendered":"http:\/\/preprod-dev.sh1.hidora.com\/webshop\/produit\/power-set-plus-fuer-mehr-autarkie\/"},"modified":"2026-04-19T20:59:46","modified_gmt":"2026-04-19T18:59:46","slug":"power-set-plus-fuer-mehr-autarkie","status":"publish","type":"product","link":"https:\/\/shop.bantam.ch\/de\/produkt\/power-set-plus-fuer-mehr-autarkie\/","title":{"rendered":"Power-Set plus f\u00fcr mehr Autarkie bestehend aus Power Set GV 9913952 + Batterie Optima Yellow Top 9952552"},"content":{"rendered":"<p>Das PowerSet aus Optima Batterie und Truma Ladeger\u00e4t BC 10 punketet bei Preis und Ausf\u00fchrung. Das BC 10 \u00fcberzeugt mit seinen kompakten Abmessunge , nur 800 g Gewicht, einer Ladeleistung von 10 A und einem &#8222;Plug-and-play&#8220;-Anschluss. Dieser erm\u00f6glicht Ihnen ,das Ladeger\u00e4t mit einem Handgriff zu entnehmen, um zum Beispiel im Winter Ihre Autobatterie nachzuladen.<\/p>\n<p>Den Batterietyp (Nass\/Gel, AGM oder Optima\/ w\u00e4hlen Sie \u00fcber den Auswahlschalter. Die entsprechende Ladekurve wird dann automatisch eingestellt. Speziell f\u00fcr die leistungsstarke Opitma Batterien haben wir eine Ladekurve entwickelt, die die Batterie perfekt l\u00e4dt und eine maximale Verf\u00fcgbarkeit garantiert. Zudem ist das BC 10 vollst\u00e4ndig gegen Staub uns Spritzwasser gesch\u00fctzt.<\/p>\n<p>Bestehend aus:<br \/>Optima YT S 5.5<br \/>Truma Ladeger\u00e4t BC 10 (10 A)<br \/>Trennschalter<br \/>Easy cklick Polklemmen (Festeinbau)<br \/>Zweites Ladekabel zum flexiblen Laden<br \/>Temperaturf\u00fchler<\/p>\n","protected":false},"excerpt":{"rendered":"<p>Das PowerSet aus Optima Batterie und Truma Ladeger\u00e4t BC 10 punketet bei Preis und Ausf\u00fchrung. Das BC 10 \u00fcberzeugt mit seinen kompakten Abmessunge , nur 800 g Gewicht, einer Ladeleistung von 10 A und einem &#8222;Plug-and-play&#8220;-Anschluss. Dieser erm\u00f6glicht Ihnen ,das Ladeger\u00e4t mit einem Handgriff zu entnehmen, um zum Beispiel im Winter Ihre Autobatterie nachzuladen. Den [&hellip;]<\/p>\n","protected":false},"featured_media":41698,"template":"","meta":{"_acf_changed":false},"product_featured_cat":[],"product_brand":[3033],"product_cat":[5104],"product_tag":[],"class_list":{"0":"post-41706","1":"product","2":"type-product","3":"status-publish","4":"has-post-thumbnail","6":"product_brand-standard-de","7":"product_cat-elektrik-fuer-anhaenger","9":"first","10":"instock","11":"taxable","12":"shipping-taxable","13":"purchasable","14":"product-type-simple"},"acf":[],"yoast_head":"<!-- This site is optimized with the Yoast SEO plugin v27.4 - https:\/\/yoast.com\/product\/yoast-seo-wordpress\/ -->\n<title>Power-Set plus f\u00fcr mehr Autarkie bestehend aus Power Set GV 9913952 + Batterie Optima Yellow Top 9952552 - Bantam Camping AG<\/title>\n<meta name=\"robots\" content=\"index, follow, max-snippet:-1, max-image-preview:large, max-video-preview:-1\" \/>\n<link rel=\"canonical\" href=\"https:\/\/shop.bantam.ch\/de\/produkt\/power-set-plus-fuer-mehr-autarkie\/\" \/>\n<meta property=\"og:locale\" content=\"de_DE\" \/>\n<meta property=\"og:type\" content=\"article\" \/>\n<meta property=\"og:title\" content=\"Power-Set plus f\u00fcr mehr Autarkie bestehend aus Power Set GV 9913952 + Batterie Optima Yellow Top 9952552 - Bantam Camping AG\" \/>\n<meta property=\"og:description\" content=\"Das PowerSet aus Optima Batterie und Truma Ladeger\u00e4t BC 10 punketet bei Preis und Ausf\u00fchrung. Das BC 10 \u00fcberzeugt mit seinen kompakten Abmessunge , nur 800 g Gewicht, einer Ladeleistung von 10 A und einem &#8222;Plug-and-play&#8220;-Anschluss. Dieser erm\u00f6glicht Ihnen ,das Ladeger\u00e4t mit einem Handgriff zu entnehmen, um zum Beispiel im Winter Ihre Autobatterie nachzuladen. Den [&hellip;]\" \/>\n<meta property=\"og:url\" content=\"https:\/\/shop.bantam.ch\/de\/produkt\/power-set-plus-fuer-mehr-autarkie\/\" \/>\n<meta property=\"og:site_name\" content=\"Bantam Camping AG\" \/>\n<meta property=\"article:modified_time\" content=\"2026-04-19T18:59:46+00:00\" \/>\n<meta property=\"og:image\" content=\"https:\/\/shop.bantam.ch\/wp-content\/uploads\/2023\/02\/995053711-1.jpg\" \/>\n\t<meta property=\"og:image:width\" content=\"500\" \/>\n\t<meta property=\"og:image:height\" content=\"415\" \/>\n\t<meta property=\"og:image:type\" content=\"image\/jpeg\" \/>\n<meta name=\"twitter:card\" content=\"summary_large_image\" \/>\n<meta name=\"twitter:label1\" content=\"Gesch\u00e4tzte Lesezeit\" \/>\n\t<meta name=\"twitter:data1\" content=\"1\u00a0Minute\" \/>\n<script type=\"application\/ld+json\" class=\"yoast-schema-graph\">{\"@context\":\"https:\\\/\\\/schema.org\",\"@graph\":[{\"@type\":\"WebPage\",\"@id\":\"https:\\\/\\\/shop.bantam.ch\\\/de\\\/produkt\\\/power-set-plus-fuer-mehr-autarkie\\\/\",\"url\":\"https:\\\/\\\/shop.bantam.ch\\\/de\\\/produkt\\\/power-set-plus-fuer-mehr-autarkie\\\/\",\"name\":\"Power-Set plus f\u00fcr mehr Autarkie bestehend aus Power Set GV 9913952 + Batterie Optima Yellow Top 9952552 - Bantam Camping AG\",\"isPartOf\":{\"@id\":\"https:\\\/\\\/shop.bantam.ch\\\/de\\\/#website\"},\"primaryImageOfPage\":{\"@id\":\"https:\\\/\\\/shop.bantam.ch\\\/de\\\/produkt\\\/power-set-plus-fuer-mehr-autarkie\\\/#primaryimage\"},\"image\":{\"@id\":\"https:\\\/\\\/shop.bantam.ch\\\/de\\\/produkt\\\/power-set-plus-fuer-mehr-autarkie\\\/#primaryimage\"},\"thumbnailUrl\":\"https:\\\/\\\/shop.bantam.ch\\\/wp-content\\\/uploads\\\/2023\\\/02\\\/995053711-1.jpg\",\"datePublished\":\"2023-02-22T20:31:16+00:00\",\"dateModified\":\"2026-04-19T18:59:46+00:00\",\"breadcrumb\":{\"@id\":\"https:\\\/\\\/shop.bantam.ch\\\/de\\\/produkt\\\/power-set-plus-fuer-mehr-autarkie\\\/#breadcrumb\"},\"inLanguage\":\"de\",\"potentialAction\":[{\"@type\":\"ReadAction\",\"target\":[\"https:\\\/\\\/shop.bantam.ch\\\/de\\\/produkt\\\/power-set-plus-fuer-mehr-autarkie\\\/\"]}]},{\"@type\":\"ImageObject\",\"inLanguage\":\"de\",\"@id\":\"https:\\\/\\\/shop.bantam.ch\\\/de\\\/produkt\\\/power-set-plus-fuer-mehr-autarkie\\\/#primaryimage\",\"url\":\"https:\\\/\\\/shop.bantam.ch\\\/wp-content\\\/uploads\\\/2023\\\/02\\\/995053711-1.jpg\",\"contentUrl\":\"https:\\\/\\\/shop.bantam.ch\\\/wp-content\\\/uploads\\\/2023\\\/02\\\/995053711-1.jpg\",\"width\":500,\"height\":415},{\"@type\":\"BreadcrumbList\",\"@id\":\"https:\\\/\\\/shop.bantam.ch\\\/de\\\/produkt\\\/power-set-plus-fuer-mehr-autarkie\\\/#breadcrumb\",\"itemListElement\":[{\"@type\":\"ListItem\",\"position\":1,\"name\":\"Accueil\",\"item\":\"https:\\\/\\\/shop.bantam.ch\\\/de\\\/\"},{\"@type\":\"ListItem\",\"position\":2,\"name\":\"Shop\",\"item\":\"https:\\\/\\\/shop.bantam.ch\\\/de\\\/shop\\\/\"},{\"@type\":\"ListItem\",\"position\":3,\"name\":\"Power-Set plus f\u00fcr mehr Autarkie bestehend aus Power Set GV 9913952 + Batterie Optima Yellow Top 9952552\"}]},{\"@type\":\"WebSite\",\"@id\":\"https:\\\/\\\/shop.bantam.ch\\\/de\\\/#website\",\"url\":\"https:\\\/\\\/shop.bantam.ch\\\/de\\\/\",\"name\":\"Bantam Camping AG\",\"description\":\"\",\"publisher\":{\"@id\":\"https:\\\/\\\/shop.bantam.ch\\\/de\\\/#organization\"},\"inLanguage\":\"de\"},{\"@type\":\"Organization\",\"@id\":\"https:\\\/\\\/shop.bantam.ch\\\/de\\\/#organization\",\"name\":\"Bantam Camping AG\",\"url\":\"https:\\\/\\\/shop.bantam.ch\\\/de\\\/\",\"logo\":{\"@type\":\"ImageObject\",\"inLanguage\":\"de\",\"@id\":\"https:\\\/\\\/shop.bantam.ch\\\/de\\\/#\\\/schema\\\/logo\\\/image\\\/\",\"url\":\"https:\\\/\\\/shop.bantam.ch\\\/wp-content\\\/uploads\\\/2022\\\/12\\\/bantam-logo.png\",\"contentUrl\":\"https:\\\/\\\/shop.bantam.ch\\\/wp-content\\\/uploads\\\/2022\\\/12\\\/bantam-logo.png\",\"width\":320,\"height\":71,\"caption\":\"Bantam Camping AG\"},\"image\":{\"@id\":\"https:\\\/\\\/shop.bantam.ch\\\/de\\\/#\\\/schema\\\/logo\\\/image\\\/\"}}]}<\/script>\n<!-- \/ Yoast SEO plugin. -->","yoast_head_json":{"title":"Power-Set plus f\u00fcr mehr Autarkie bestehend aus Power Set GV 9913952 + Batterie Optima Yellow Top 9952552 - Bantam Camping AG","robots":{"index":"index","follow":"follow","max-snippet":"max-snippet:-1","max-image-preview":"max-image-preview:large","max-video-preview":"max-video-preview:-1"},"canonical":"https:\/\/shop.bantam.ch\/de\/produkt\/power-set-plus-fuer-mehr-autarkie\/","og_locale":"de_DE","og_type":"article","og_title":"Power-Set plus f\u00fcr mehr Autarkie bestehend aus Power Set GV 9913952 + Batterie Optima Yellow Top 9952552 - Bantam Camping AG","og_description":"Das PowerSet aus Optima Batterie und Truma Ladeger\u00e4t BC 10 punketet bei Preis und Ausf\u00fchrung. Das BC 10 \u00fcberzeugt mit seinen kompakten Abmessunge , nur 800 g Gewicht, einer Ladeleistung von 10 A und einem &#8222;Plug-and-play&#8220;-Anschluss. Dieser erm\u00f6glicht Ihnen ,das Ladeger\u00e4t mit einem Handgriff zu entnehmen, um zum Beispiel im Winter Ihre Autobatterie nachzuladen. Den [&hellip;]","og_url":"https:\/\/shop.bantam.ch\/de\/produkt\/power-set-plus-fuer-mehr-autarkie\/","og_site_name":"Bantam Camping AG","article_modified_time":"2026-04-19T18:59:46+00:00","og_image":[{"width":500,"height":415,"url":"https:\/\/shop.bantam.ch\/wp-content\/uploads\/2023\/02\/995053711-1.jpg","type":"image\/jpeg"}],"twitter_card":"summary_large_image","twitter_misc":{"Gesch\u00e4tzte Lesezeit":"1\u00a0Minute"},"schema":{"@context":"https:\/\/schema.org","@graph":[{"@type":"WebPage","@id":"https:\/\/shop.bantam.ch\/de\/produkt\/power-set-plus-fuer-mehr-autarkie\/","url":"https:\/\/shop.bantam.ch\/de\/produkt\/power-set-plus-fuer-mehr-autarkie\/","name":"Power-Set plus f\u00fcr mehr Autarkie bestehend aus Power Set GV 9913952 + Batterie Optima Yellow Top 9952552 - Bantam Camping AG","isPartOf":{"@id":"https:\/\/shop.bantam.ch\/de\/#website"},"primaryImageOfPage":{"@id":"https:\/\/shop.bantam.ch\/de\/produkt\/power-set-plus-fuer-mehr-autarkie\/#primaryimage"},"image":{"@id":"https:\/\/shop.bantam.ch\/de\/produkt\/power-set-plus-fuer-mehr-autarkie\/#primaryimage"},"thumbnailUrl":"https:\/\/shop.bantam.ch\/wp-content\/uploads\/2023\/02\/995053711-1.jpg","datePublished":"2023-02-22T20:31:16+00:00","dateModified":"2026-04-19T18:59:46+00:00","breadcrumb":{"@id":"https:\/\/shop.bantam.ch\/de\/produkt\/power-set-plus-fuer-mehr-autarkie\/#breadcrumb"},"inLanguage":"de","potentialAction":[{"@type":"ReadAction","target":["https:\/\/shop.bantam.ch\/de\/produkt\/power-set-plus-fuer-mehr-autarkie\/"]}]},{"@type":"ImageObject","inLanguage":"de","@id":"https:\/\/shop.bantam.ch\/de\/produkt\/power-set-plus-fuer-mehr-autarkie\/#primaryimage","url":"https:\/\/shop.bantam.ch\/wp-content\/uploads\/2023\/02\/995053711-1.jpg","contentUrl":"https:\/\/shop.bantam.ch\/wp-content\/uploads\/2023\/02\/995053711-1.jpg","width":500,"height":415},{"@type":"BreadcrumbList","@id":"https:\/\/shop.bantam.ch\/de\/produkt\/power-set-plus-fuer-mehr-autarkie\/#breadcrumb","itemListElement":[{"@type":"ListItem","position":1,"name":"Accueil","item":"https:\/\/shop.bantam.ch\/de\/"},{"@type":"ListItem","position":2,"name":"Shop","item":"https:\/\/shop.bantam.ch\/de\/shop\/"},{"@type":"ListItem","position":3,"name":"Power-Set plus f\u00fcr mehr Autarkie bestehend aus Power Set GV 9913952 + Batterie Optima Yellow Top 9952552"}]},{"@type":"WebSite","@id":"https:\/\/shop.bantam.ch\/de\/#website","url":"https:\/\/shop.bantam.ch\/de\/","name":"Bantam Camping AG","description":"","publisher":{"@id":"https:\/\/shop.bantam.ch\/de\/#organization"},"inLanguage":"de"},{"@type":"Organization","@id":"https:\/\/shop.bantam.ch\/de\/#organization","name":"Bantam Camping AG","url":"https:\/\/shop.bantam.ch\/de\/","logo":{"@type":"ImageObject","inLanguage":"de","@id":"https:\/\/shop.bantam.ch\/de\/#\/schema\/logo\/image\/","url":"https:\/\/shop.bantam.ch\/wp-content\/uploads\/2022\/12\/bantam-logo.png","contentUrl":"https:\/\/shop.bantam.ch\/wp-content\/uploads\/2022\/12\/bantam-logo.png","width":320,"height":71,"caption":"Bantam Camping AG"},"image":{"@id":"https:\/\/shop.bantam.ch\/de\/#\/schema\/logo\/image\/"}}]}},"_links":{"self":[{"href":"https:\/\/shop.bantam.ch\/de\/wp-json\/wp\/v2\/product\/41706","targetHints":{"allow":["GET"]}}],"collection":[{"href":"https:\/\/shop.bantam.ch\/de\/wp-json\/wp\/v2\/product"}],"about":[{"href":"https:\/\/shop.bantam.ch\/de\/wp-json\/wp\/v2\/types\/product"}],"wp:featuredmedia":[{"embeddable":true,"href":"https:\/\/shop.bantam.ch\/de\/wp-json\/wp\/v2\/media\/41698"}],"wp:attachment":[{"href":"https:\/\/shop.bantam.ch\/de\/wp-json\/wp\/v2\/media?parent=41706"}],"wp:term":[{"taxonomy":"product_featured_cat","embeddable":true,"href":"https:\/\/shop.bantam.ch\/de\/wp-json\/wp\/v2\/product_featured_cat?post=41706"},{"taxonomy":"product_brand","embeddable":true,"href":"https:\/\/shop.bantam.ch\/de\/wp-json\/wp\/v2\/product_brand?post=41706"},{"taxonomy":"product_cat","embeddable":true,"href":"https:\/\/shop.bantam.ch\/de\/wp-json\/wp\/v2\/product_cat?post=41706"},{"taxonomy":"product_tag","embeddable":true,"href":"https:\/\/shop.bantam.ch\/de\/wp-json\/wp\/v2\/product_tag?post=41706"}],"curies":[{"name":"wp","href":"https:\/\/api.w.org\/{rel}","templated":true}]}}