{"id":41566,"date":"2023-02-22T21:28:27","date_gmt":"2023-02-22T20:28:27","guid":{"rendered":"http:\/\/preprod-dev.sh1.hidora.com\/webshop\/produit\/automatische-sat-anlage-vuqube-auto-2\/"},"modified":"2026-04-18T20:58:57","modified_gmt":"2026-04-18T18:58:57","slug":"automatische-sat-anlage-vuqube-auto-2","status":"publish","type":"product","link":"https:\/\/shop.bantam.ch\/de\/produkt\/automatische-sat-anlage-vuqube-auto-2\/","title":{"rendered":"Satanlage automatisch Maxview VuQube Auto 2"},"content":{"rendered":"<p>Ein Tastendruck gen\u00fcgt und die VuQube Auto II richtet ihren 35 cm Cassegrain Spiegel innerhalb von 60 &#8211; 90 Sekunden automatisch auf den gew\u00fcnschten Satelliten aus. Die leichte (3,5 kg), mobile VuQube Auto II wird vor, hinter, neben oder auf Ihrem Fahrzeug aufgestellt, so realisieren Sie den Fernsehempfang z.B. auch, wenn Ihr Fahrzeug im Schatten steht. Nur das Steuerger\u00e4t wird mit 12 V versorgt. Sie w\u00e4hlen bequem aus dem Fahrzeug Ihren Satelliten aus. Die Verbindung zwischen VuQube Auto II und Steuerger\u00e4? Antenne ist mit Twin-LNB ausgestattet.<\/p>\n<p>Lieferumfang:<br \/>Inklusive 10 m Koax-Kabel<br \/>0,7 m Koax-Kabel<br \/>Bedienteil<br \/>12 V Anschlusskabel mit Stecker<br \/>230 V Netzadapter<br \/>Steuerger\u00e4t mit eingebauter Alarmfunktion<\/p>\n","protected":false},"excerpt":{"rendered":"<p>Ein Tastendruck gen\u00fcgt und die VuQube Auto II richtet ihren 35 cm Cassegrain Spiegel innerhalb von 60 &#8211; 90 Sekunden automatisch auf den gew\u00fcnschten Satelliten aus. Die leichte (3,5 kg), mobile VuQube Auto II wird vor, hinter, neben oder auf Ihrem Fahrzeug aufgestellt, so realisieren Sie den Fernsehempfang z.B. auch, wenn Ihr Fahrzeug im Schatten [&hellip;]<\/p>\n","protected":false},"featured_media":41560,"template":"","meta":{"_acf_changed":false},"product_featured_cat":[],"product_brand":[3083],"product_cat":[4524],"product_tag":[],"class_list":{"0":"post-41566","1":"product","2":"type-product","3":"status-publish","4":"has-post-thumbnail","6":"product_brand-maxview-de","7":"product_cat-sat-anlagen","9":"first","10":"instock","11":"taxable","12":"shipping-taxable","13":"purchasable","14":"product-type-simple"},"acf":[],"yoast_head":"<!-- This site is optimized with the Yoast SEO plugin v27.4 - https:\/\/yoast.com\/product\/yoast-seo-wordpress\/ -->\n<title>Satanlage automatisch Maxview VuQube Auto 2 - Bantam Camping AG<\/title>\n<meta name=\"robots\" content=\"index, follow, max-snippet:-1, max-image-preview:large, max-video-preview:-1\" \/>\n<link rel=\"canonical\" href=\"https:\/\/shop.bantam.ch\/de\/produkt\/automatische-sat-anlage-vuqube-auto-2\/\" \/>\n<meta property=\"og:locale\" content=\"de_DE\" \/>\n<meta property=\"og:type\" content=\"article\" \/>\n<meta property=\"og:title\" content=\"Satanlage automatisch Maxview VuQube Auto 2 - Bantam Camping AG\" \/>\n<meta property=\"og:description\" content=\"Ein Tastendruck gen\u00fcgt und die VuQube Auto II richtet ihren 35 cm Cassegrain Spiegel innerhalb von 60 &#8211; 90 Sekunden automatisch auf den gew\u00fcnschten Satelliten aus. Die leichte (3,5 kg), mobile VuQube Auto II wird vor, hinter, neben oder auf Ihrem Fahrzeug aufgestellt, so realisieren Sie den Fernsehempfang z.B. auch, wenn Ihr Fahrzeug im Schatten [&hellip;]\" \/>\n<meta property=\"og:url\" content=\"https:\/\/shop.bantam.ch\/de\/produkt\/automatische-sat-anlage-vuqube-auto-2\/\" \/>\n<meta property=\"og:site_name\" content=\"Bantam Camping AG\" \/>\n<meta property=\"article:modified_time\" content=\"2026-04-18T18:58:57+00:00\" \/>\n<meta property=\"og:image\" content=\"https:\/\/shop.bantam.ch\/wp-content\/uploads\/2023\/02\/9950392-Satanlage_Maxview_VuQube-Auto_II-Standard-02-1.jpg\" \/>\n\t<meta property=\"og:image:width\" content=\"1000\" \/>\n\t<meta property=\"og:image:height\" content=\"987\" \/>\n\t<meta property=\"og:image:type\" content=\"image\/jpeg\" \/>\n<meta name=\"twitter:card\" content=\"summary_large_image\" \/>\n<meta name=\"twitter:label1\" content=\"Gesch\u00e4tzte Lesezeit\" \/>\n\t<meta name=\"twitter:data1\" content=\"1\u00a0Minute\" \/>\n<script type=\"application\/ld+json\" class=\"yoast-schema-graph\">{\"@context\":\"https:\\\/\\\/schema.org\",\"@graph\":[{\"@type\":\"WebPage\",\"@id\":\"https:\\\/\\\/shop.bantam.ch\\\/de\\\/produkt\\\/automatische-sat-anlage-vuqube-auto-2\\\/\",\"url\":\"https:\\\/\\\/shop.bantam.ch\\\/de\\\/produkt\\\/automatische-sat-anlage-vuqube-auto-2\\\/\",\"name\":\"Satanlage automatisch Maxview VuQube Auto 2 - Bantam Camping AG\",\"isPartOf\":{\"@id\":\"https:\\\/\\\/shop.bantam.ch\\\/de\\\/#website\"},\"primaryImageOfPage\":{\"@id\":\"https:\\\/\\\/shop.bantam.ch\\\/de\\\/produkt\\\/automatische-sat-anlage-vuqube-auto-2\\\/#primaryimage\"},\"image\":{\"@id\":\"https:\\\/\\\/shop.bantam.ch\\\/de\\\/produkt\\\/automatische-sat-anlage-vuqube-auto-2\\\/#primaryimage\"},\"thumbnailUrl\":\"https:\\\/\\\/shop.bantam.ch\\\/wp-content\\\/uploads\\\/2023\\\/02\\\/9950392-Satanlage_Maxview_VuQube-Auto_II-Standard-02-1.jpg\",\"datePublished\":\"2023-02-22T20:28:27+00:00\",\"dateModified\":\"2026-04-18T18:58:57+00:00\",\"breadcrumb\":{\"@id\":\"https:\\\/\\\/shop.bantam.ch\\\/de\\\/produkt\\\/automatische-sat-anlage-vuqube-auto-2\\\/#breadcrumb\"},\"inLanguage\":\"de\",\"potentialAction\":[{\"@type\":\"ReadAction\",\"target\":[\"https:\\\/\\\/shop.bantam.ch\\\/de\\\/produkt\\\/automatische-sat-anlage-vuqube-auto-2\\\/\"]}]},{\"@type\":\"ImageObject\",\"inLanguage\":\"de\",\"@id\":\"https:\\\/\\\/shop.bantam.ch\\\/de\\\/produkt\\\/automatische-sat-anlage-vuqube-auto-2\\\/#primaryimage\",\"url\":\"https:\\\/\\\/shop.bantam.ch\\\/wp-content\\\/uploads\\\/2023\\\/02\\\/9950392-Satanlage_Maxview_VuQube-Auto_II-Standard-02-1.jpg\",\"contentUrl\":\"https:\\\/\\\/shop.bantam.ch\\\/wp-content\\\/uploads\\\/2023\\\/02\\\/9950392-Satanlage_Maxview_VuQube-Auto_II-Standard-02-1.jpg\",\"width\":1000,\"height\":987},{\"@type\":\"BreadcrumbList\",\"@id\":\"https:\\\/\\\/shop.bantam.ch\\\/de\\\/produkt\\\/automatische-sat-anlage-vuqube-auto-2\\\/#breadcrumb\",\"itemListElement\":[{\"@type\":\"ListItem\",\"position\":1,\"name\":\"Accueil\",\"item\":\"https:\\\/\\\/shop.bantam.ch\\\/de\\\/\"},{\"@type\":\"ListItem\",\"position\":2,\"name\":\"Shop\",\"item\":\"https:\\\/\\\/shop.bantam.ch\\\/de\\\/shop\\\/\"},{\"@type\":\"ListItem\",\"position\":3,\"name\":\"Satanlage automatisch Maxview VuQube Auto 2\"}]},{\"@type\":\"WebSite\",\"@id\":\"https:\\\/\\\/shop.bantam.ch\\\/de\\\/#website\",\"url\":\"https:\\\/\\\/shop.bantam.ch\\\/de\\\/\",\"name\":\"Bantam Camping AG\",\"description\":\"\",\"publisher\":{\"@id\":\"https:\\\/\\\/shop.bantam.ch\\\/de\\\/#organization\"},\"inLanguage\":\"de\"},{\"@type\":\"Organization\",\"@id\":\"https:\\\/\\\/shop.bantam.ch\\\/de\\\/#organization\",\"name\":\"Bantam Camping AG\",\"url\":\"https:\\\/\\\/shop.bantam.ch\\\/de\\\/\",\"logo\":{\"@type\":\"ImageObject\",\"inLanguage\":\"de\",\"@id\":\"https:\\\/\\\/shop.bantam.ch\\\/de\\\/#\\\/schema\\\/logo\\\/image\\\/\",\"url\":\"https:\\\/\\\/shop.bantam.ch\\\/wp-content\\\/uploads\\\/2022\\\/12\\\/bantam-logo.png\",\"contentUrl\":\"https:\\\/\\\/shop.bantam.ch\\\/wp-content\\\/uploads\\\/2022\\\/12\\\/bantam-logo.png\",\"width\":320,\"height\":71,\"caption\":\"Bantam Camping AG\"},\"image\":{\"@id\":\"https:\\\/\\\/shop.bantam.ch\\\/de\\\/#\\\/schema\\\/logo\\\/image\\\/\"}}]}<\/script>\n<!-- \/ Yoast SEO plugin. -->","yoast_head_json":{"title":"Satanlage automatisch Maxview VuQube Auto 2 - Bantam Camping AG","robots":{"index":"index","follow":"follow","max-snippet":"max-snippet:-1","max-image-preview":"max-image-preview:large","max-video-preview":"max-video-preview:-1"},"canonical":"https:\/\/shop.bantam.ch\/de\/produkt\/automatische-sat-anlage-vuqube-auto-2\/","og_locale":"de_DE","og_type":"article","og_title":"Satanlage automatisch Maxview VuQube Auto 2 - Bantam Camping AG","og_description":"Ein Tastendruck gen\u00fcgt und die VuQube Auto II richtet ihren 35 cm Cassegrain Spiegel innerhalb von 60 &#8211; 90 Sekunden automatisch auf den gew\u00fcnschten Satelliten aus. Die leichte (3,5 kg), mobile VuQube Auto II wird vor, hinter, neben oder auf Ihrem Fahrzeug aufgestellt, so realisieren Sie den Fernsehempfang z.B. auch, wenn Ihr Fahrzeug im Schatten [&hellip;]","og_url":"https:\/\/shop.bantam.ch\/de\/produkt\/automatische-sat-anlage-vuqube-auto-2\/","og_site_name":"Bantam Camping AG","article_modified_time":"2026-04-18T18:58:57+00:00","og_image":[{"width":1000,"height":987,"url":"https:\/\/shop.bantam.ch\/wp-content\/uploads\/2023\/02\/9950392-Satanlage_Maxview_VuQube-Auto_II-Standard-02-1.jpg","type":"image\/jpeg"}],"twitter_card":"summary_large_image","twitter_misc":{"Gesch\u00e4tzte Lesezeit":"1\u00a0Minute"},"schema":{"@context":"https:\/\/schema.org","@graph":[{"@type":"WebPage","@id":"https:\/\/shop.bantam.ch\/de\/produkt\/automatische-sat-anlage-vuqube-auto-2\/","url":"https:\/\/shop.bantam.ch\/de\/produkt\/automatische-sat-anlage-vuqube-auto-2\/","name":"Satanlage automatisch Maxview VuQube Auto 2 - Bantam Camping AG","isPartOf":{"@id":"https:\/\/shop.bantam.ch\/de\/#website"},"primaryImageOfPage":{"@id":"https:\/\/shop.bantam.ch\/de\/produkt\/automatische-sat-anlage-vuqube-auto-2\/#primaryimage"},"image":{"@id":"https:\/\/shop.bantam.ch\/de\/produkt\/automatische-sat-anlage-vuqube-auto-2\/#primaryimage"},"thumbnailUrl":"https:\/\/shop.bantam.ch\/wp-content\/uploads\/2023\/02\/9950392-Satanlage_Maxview_VuQube-Auto_II-Standard-02-1.jpg","datePublished":"2023-02-22T20:28:27+00:00","dateModified":"2026-04-18T18:58:57+00:00","breadcrumb":{"@id":"https:\/\/shop.bantam.ch\/de\/produkt\/automatische-sat-anlage-vuqube-auto-2\/#breadcrumb"},"inLanguage":"de","potentialAction":[{"@type":"ReadAction","target":["https:\/\/shop.bantam.ch\/de\/produkt\/automatische-sat-anlage-vuqube-auto-2\/"]}]},{"@type":"ImageObject","inLanguage":"de","@id":"https:\/\/shop.bantam.ch\/de\/produkt\/automatische-sat-anlage-vuqube-auto-2\/#primaryimage","url":"https:\/\/shop.bantam.ch\/wp-content\/uploads\/2023\/02\/9950392-Satanlage_Maxview_VuQube-Auto_II-Standard-02-1.jpg","contentUrl":"https:\/\/shop.bantam.ch\/wp-content\/uploads\/2023\/02\/9950392-Satanlage_Maxview_VuQube-Auto_II-Standard-02-1.jpg","width":1000,"height":987},{"@type":"BreadcrumbList","@id":"https:\/\/shop.bantam.ch\/de\/produkt\/automatische-sat-anlage-vuqube-auto-2\/#breadcrumb","itemListElement":[{"@type":"ListItem","position":1,"name":"Accueil","item":"https:\/\/shop.bantam.ch\/de\/"},{"@type":"ListItem","position":2,"name":"Shop","item":"https:\/\/shop.bantam.ch\/de\/shop\/"},{"@type":"ListItem","position":3,"name":"Satanlage automatisch Maxview VuQube Auto 2"}]},{"@type":"WebSite","@id":"https:\/\/shop.bantam.ch\/de\/#website","url":"https:\/\/shop.bantam.ch\/de\/","name":"Bantam Camping AG","description":"","publisher":{"@id":"https:\/\/shop.bantam.ch\/de\/#organization"},"inLanguage":"de"},{"@type":"Organization","@id":"https:\/\/shop.bantam.ch\/de\/#organization","name":"Bantam Camping AG","url":"https:\/\/shop.bantam.ch\/de\/","logo":{"@type":"ImageObject","inLanguage":"de","@id":"https:\/\/shop.bantam.ch\/de\/#\/schema\/logo\/image\/","url":"https:\/\/shop.bantam.ch\/wp-content\/uploads\/2022\/12\/bantam-logo.png","contentUrl":"https:\/\/shop.bantam.ch\/wp-content\/uploads\/2022\/12\/bantam-logo.png","width":320,"height":71,"caption":"Bantam Camping AG"},"image":{"@id":"https:\/\/shop.bantam.ch\/de\/#\/schema\/logo\/image\/"}}]}},"_links":{"self":[{"href":"https:\/\/shop.bantam.ch\/de\/wp-json\/wp\/v2\/product\/41566","targetHints":{"allow":["GET"]}}],"collection":[{"href":"https:\/\/shop.bantam.ch\/de\/wp-json\/wp\/v2\/product"}],"about":[{"href":"https:\/\/shop.bantam.ch\/de\/wp-json\/wp\/v2\/types\/product"}],"wp:featuredmedia":[{"embeddable":true,"href":"https:\/\/shop.bantam.ch\/de\/wp-json\/wp\/v2\/media\/41560"}],"wp:attachment":[{"href":"https:\/\/shop.bantam.ch\/de\/wp-json\/wp\/v2\/media?parent=41566"}],"wp:term":[{"taxonomy":"product_featured_cat","embeddable":true,"href":"https:\/\/shop.bantam.ch\/de\/wp-json\/wp\/v2\/product_featured_cat?post=41566"},{"taxonomy":"product_brand","embeddable":true,"href":"https:\/\/shop.bantam.ch\/de\/wp-json\/wp\/v2\/product_brand?post=41566"},{"taxonomy":"product_cat","embeddable":true,"href":"https:\/\/shop.bantam.ch\/de\/wp-json\/wp\/v2\/product_cat?post=41566"},{"taxonomy":"product_tag","embeddable":true,"href":"https:\/\/shop.bantam.ch\/de\/wp-json\/wp\/v2\/product_tag?post=41566"}],"curies":[{"name":"wp","href":"https:\/\/api.w.org\/{rel}","templated":true}]}}