{"id":41192,"date":"2023-02-22T21:20:39","date_gmt":"2023-02-22T20:20:39","guid":{"rendered":"http:\/\/preprod-dev.sh1.hidora.com\/webshop\/produit\/purvario-system-modul-ii-6er-glas-tassen-und-flaschenhalter-hoch\/"},"modified":"2026-04-20T20:57:34","modified_gmt":"2026-04-20T18:57:34","slug":"purvario-system-modul-ii-6er-glas-tassen-und-flaschenhalter-hoch","status":"publish","type":"product","link":"https:\/\/shop.bantam.ch\/de\/produkt\/purvario-system-modul-ii-6er-glas-tassen-und-flaschenhalter-hoch\/","title":{"rendered":"Flaschenhalter purvario System Modul II 6er hoch PU-Schaum"},"content":{"rendered":"<p>Das innovatve Konzept von purvario by D\u00d6RR erm\u00f6glicht es Ihnen Ihr Geschirr und Haushaltsutensilien platzsparend und ger\u00e4uscharm zu transporteren. Das Vario System bietet 4 fexibel einsetzbare Fixiermodule f\u00fcr verschiedene Gr\u00f6\u00dfen und Varianten.<\/p>\n<p>Schubladen und Staur\u00e4ume k\u00f6nnen optmal genutzt werden.<\/p>\n<p>Hierzu ben\u00f6tgen Sie die Velour-Grundplate (individuell zuschneidbar) und die entsprechenden Fixiermodule, die durch das Klet-Velour-Prinzip individuell auf der Velour-Grundplate fxiert werden.<\/p>\n<p>Dadurch k\u00f6nnen die Vario System Module bei Bedarf jederzeit neu positoniert werden. Man erh\u00e4lt somit die M\u00f6glichkeit, die unterschiedlichsten L\u00f6sungen f\u00fcr sich zusammenzustellen und hat keine Vorgaben, wie z.B. Durchmesser, Gr\u00f6\u00dfe oder Form, an sein Geschirr. Die Module sind extrem leicht und erh\u00f6hen somit das Gesamtgewicht nicht wesentlich.<\/p>\n<p>Kein Klappern beim Transport. Sch\u00fctzt vor Bruchgefahr.<br \/>Leicht zu reinigen, von hoher Qualit\u00e4t, rutschfest und formstabil!<br \/>Geeignet f\u00fcr Gl\u00e4ser, Flaschen, Tassen, u.v.m.<br \/>Sicheres und formstabiles Transporteren von Glas und Porzellan, etc.<\/p>\n","protected":false},"excerpt":{"rendered":"<p>Das innovatve Konzept von purvario by D\u00d6RR erm\u00f6glicht es Ihnen Ihr Geschirr und Haushaltsutensilien platzsparend und ger\u00e4uscharm zu transporteren. Das Vario System bietet 4 fexibel einsetzbare Fixiermodule f\u00fcr verschiedene Gr\u00f6\u00dfen und Varianten. Schubladen und Staur\u00e4ume k\u00f6nnen optmal genutzt werden. Hierzu ben\u00f6tgen Sie die Velour-Grundplate (individuell zuschneidbar) und die entsprechenden Fixiermodule, die durch das Klet-Velour-Prinzip individuell [&hellip;]<\/p>\n","protected":false},"featured_media":41188,"template":"","meta":{"_acf_changed":false},"product_featured_cat":[],"product_brand":[3329],"product_cat":[5150],"product_tag":[],"class_list":{"0":"post-41192","1":"product","2":"type-product","3":"status-publish","4":"has-post-thumbnail","6":"product_brand-purvario-de","7":"product_cat-fixiermodule","9":"first","10":"instock","11":"taxable","12":"shipping-taxable","13":"purchasable","14":"product-type-simple"},"acf":[],"yoast_head":"<!-- This site is optimized with the Yoast SEO plugin v27.4 - https:\/\/yoast.com\/product\/yoast-seo-wordpress\/ -->\n<title>Flaschenhalter purvario System Modul II 6er hoch PU-Schaum - Bantam Camping AG<\/title>\n<meta name=\"robots\" content=\"index, follow, max-snippet:-1, max-image-preview:large, max-video-preview:-1\" \/>\n<link rel=\"canonical\" href=\"https:\/\/shop.bantam.ch\/de\/produkt\/purvario-system-modul-ii-6er-glas-tassen-und-flaschenhalter-hoch\/\" \/>\n<meta property=\"og:locale\" content=\"de_DE\" \/>\n<meta property=\"og:type\" content=\"article\" \/>\n<meta property=\"og:title\" content=\"Flaschenhalter purvario System Modul II 6er hoch PU-Schaum - Bantam Camping AG\" \/>\n<meta property=\"og:description\" content=\"Das innovatve Konzept von purvario by D\u00d6RR erm\u00f6glicht es Ihnen Ihr Geschirr und Haushaltsutensilien platzsparend und ger\u00e4uscharm zu transporteren. Das Vario System bietet 4 fexibel einsetzbare Fixiermodule f\u00fcr verschiedene Gr\u00f6\u00dfen und Varianten. Schubladen und Staur\u00e4ume k\u00f6nnen optmal genutzt werden. Hierzu ben\u00f6tgen Sie die Velour-Grundplate (individuell zuschneidbar) und die entsprechenden Fixiermodule, die durch das Klet-Velour-Prinzip individuell [&hellip;]\" \/>\n<meta property=\"og:url\" content=\"https:\/\/shop.bantam.ch\/de\/produkt\/purvario-system-modul-ii-6er-glas-tassen-und-flaschenhalter-hoch\/\" \/>\n<meta property=\"og:site_name\" content=\"Bantam Camping AG\" \/>\n<meta property=\"article:modified_time\" content=\"2026-04-20T18:57:34+00:00\" \/>\n<meta property=\"og:image\" content=\"https:\/\/shop.bantam.ch\/wp-content\/uploads\/2023\/02\/9917362-Vario_System_Modul_II_6er_Flaschenhalter_hoch-Standard-01-1.jpg\" \/>\n\t<meta property=\"og:image:width\" content=\"727\" \/>\n\t<meta property=\"og:image:height\" content=\"1000\" \/>\n\t<meta property=\"og:image:type\" content=\"image\/jpeg\" \/>\n<meta name=\"twitter:card\" content=\"summary_large_image\" \/>\n<meta name=\"twitter:label1\" content=\"Gesch\u00e4tzte Lesezeit\" \/>\n\t<meta name=\"twitter:data1\" content=\"1\u00a0Minute\" \/>\n<script type=\"application\/ld+json\" class=\"yoast-schema-graph\">{\"@context\":\"https:\\\/\\\/schema.org\",\"@graph\":[{\"@type\":\"WebPage\",\"@id\":\"https:\\\/\\\/shop.bantam.ch\\\/de\\\/produkt\\\/purvario-system-modul-ii-6er-glas-tassen-und-flaschenhalter-hoch\\\/\",\"url\":\"https:\\\/\\\/shop.bantam.ch\\\/de\\\/produkt\\\/purvario-system-modul-ii-6er-glas-tassen-und-flaschenhalter-hoch\\\/\",\"name\":\"Flaschenhalter purvario System Modul II 6er hoch PU-Schaum - Bantam Camping AG\",\"isPartOf\":{\"@id\":\"https:\\\/\\\/shop.bantam.ch\\\/de\\\/#website\"},\"primaryImageOfPage\":{\"@id\":\"https:\\\/\\\/shop.bantam.ch\\\/de\\\/produkt\\\/purvario-system-modul-ii-6er-glas-tassen-und-flaschenhalter-hoch\\\/#primaryimage\"},\"image\":{\"@id\":\"https:\\\/\\\/shop.bantam.ch\\\/de\\\/produkt\\\/purvario-system-modul-ii-6er-glas-tassen-und-flaschenhalter-hoch\\\/#primaryimage\"},\"thumbnailUrl\":\"https:\\\/\\\/shop.bantam.ch\\\/wp-content\\\/uploads\\\/2023\\\/02\\\/9917362-Vario_System_Modul_II_6er_Flaschenhalter_hoch-Standard-01-1.jpg\",\"datePublished\":\"2023-02-22T20:20:39+00:00\",\"dateModified\":\"2026-04-20T18:57:34+00:00\",\"breadcrumb\":{\"@id\":\"https:\\\/\\\/shop.bantam.ch\\\/de\\\/produkt\\\/purvario-system-modul-ii-6er-glas-tassen-und-flaschenhalter-hoch\\\/#breadcrumb\"},\"inLanguage\":\"de\",\"potentialAction\":[{\"@type\":\"ReadAction\",\"target\":[\"https:\\\/\\\/shop.bantam.ch\\\/de\\\/produkt\\\/purvario-system-modul-ii-6er-glas-tassen-und-flaschenhalter-hoch\\\/\"]}]},{\"@type\":\"ImageObject\",\"inLanguage\":\"de\",\"@id\":\"https:\\\/\\\/shop.bantam.ch\\\/de\\\/produkt\\\/purvario-system-modul-ii-6er-glas-tassen-und-flaschenhalter-hoch\\\/#primaryimage\",\"url\":\"https:\\\/\\\/shop.bantam.ch\\\/wp-content\\\/uploads\\\/2023\\\/02\\\/9917362-Vario_System_Modul_II_6er_Flaschenhalter_hoch-Standard-01-1.jpg\",\"contentUrl\":\"https:\\\/\\\/shop.bantam.ch\\\/wp-content\\\/uploads\\\/2023\\\/02\\\/9917362-Vario_System_Modul_II_6er_Flaschenhalter_hoch-Standard-01-1.jpg\",\"width\":727,\"height\":1000},{\"@type\":\"BreadcrumbList\",\"@id\":\"https:\\\/\\\/shop.bantam.ch\\\/de\\\/produkt\\\/purvario-system-modul-ii-6er-glas-tassen-und-flaschenhalter-hoch\\\/#breadcrumb\",\"itemListElement\":[{\"@type\":\"ListItem\",\"position\":1,\"name\":\"Accueil\",\"item\":\"https:\\\/\\\/shop.bantam.ch\\\/de\\\/\"},{\"@type\":\"ListItem\",\"position\":2,\"name\":\"Shop\",\"item\":\"https:\\\/\\\/shop.bantam.ch\\\/de\\\/shop\\\/\"},{\"@type\":\"ListItem\",\"position\":3,\"name\":\"Flaschenhalter purvario System Modul II 6er hoch PU-Schaum\"}]},{\"@type\":\"WebSite\",\"@id\":\"https:\\\/\\\/shop.bantam.ch\\\/de\\\/#website\",\"url\":\"https:\\\/\\\/shop.bantam.ch\\\/de\\\/\",\"name\":\"Bantam Camping AG\",\"description\":\"\",\"publisher\":{\"@id\":\"https:\\\/\\\/shop.bantam.ch\\\/de\\\/#organization\"},\"inLanguage\":\"de\"},{\"@type\":\"Organization\",\"@id\":\"https:\\\/\\\/shop.bantam.ch\\\/de\\\/#organization\",\"name\":\"Bantam Camping AG\",\"url\":\"https:\\\/\\\/shop.bantam.ch\\\/de\\\/\",\"logo\":{\"@type\":\"ImageObject\",\"inLanguage\":\"de\",\"@id\":\"https:\\\/\\\/shop.bantam.ch\\\/de\\\/#\\\/schema\\\/logo\\\/image\\\/\",\"url\":\"https:\\\/\\\/shop.bantam.ch\\\/wp-content\\\/uploads\\\/2022\\\/12\\\/bantam-logo.png\",\"contentUrl\":\"https:\\\/\\\/shop.bantam.ch\\\/wp-content\\\/uploads\\\/2022\\\/12\\\/bantam-logo.png\",\"width\":320,\"height\":71,\"caption\":\"Bantam Camping AG\"},\"image\":{\"@id\":\"https:\\\/\\\/shop.bantam.ch\\\/de\\\/#\\\/schema\\\/logo\\\/image\\\/\"}}]}<\/script>\n<!-- \/ Yoast SEO plugin. -->","yoast_head_json":{"title":"Flaschenhalter purvario System Modul II 6er hoch PU-Schaum - Bantam Camping AG","robots":{"index":"index","follow":"follow","max-snippet":"max-snippet:-1","max-image-preview":"max-image-preview:large","max-video-preview":"max-video-preview:-1"},"canonical":"https:\/\/shop.bantam.ch\/de\/produkt\/purvario-system-modul-ii-6er-glas-tassen-und-flaschenhalter-hoch\/","og_locale":"de_DE","og_type":"article","og_title":"Flaschenhalter purvario System Modul II 6er hoch PU-Schaum - Bantam Camping AG","og_description":"Das innovatve Konzept von purvario by D\u00d6RR erm\u00f6glicht es Ihnen Ihr Geschirr und Haushaltsutensilien platzsparend und ger\u00e4uscharm zu transporteren. Das Vario System bietet 4 fexibel einsetzbare Fixiermodule f\u00fcr verschiedene Gr\u00f6\u00dfen und Varianten. Schubladen und Staur\u00e4ume k\u00f6nnen optmal genutzt werden. Hierzu ben\u00f6tgen Sie die Velour-Grundplate (individuell zuschneidbar) und die entsprechenden Fixiermodule, die durch das Klet-Velour-Prinzip individuell [&hellip;]","og_url":"https:\/\/shop.bantam.ch\/de\/produkt\/purvario-system-modul-ii-6er-glas-tassen-und-flaschenhalter-hoch\/","og_site_name":"Bantam Camping AG","article_modified_time":"2026-04-20T18:57:34+00:00","og_image":[{"width":727,"height":1000,"url":"https:\/\/shop.bantam.ch\/wp-content\/uploads\/2023\/02\/9917362-Vario_System_Modul_II_6er_Flaschenhalter_hoch-Standard-01-1.jpg","type":"image\/jpeg"}],"twitter_card":"summary_large_image","twitter_misc":{"Gesch\u00e4tzte Lesezeit":"1\u00a0Minute"},"schema":{"@context":"https:\/\/schema.org","@graph":[{"@type":"WebPage","@id":"https:\/\/shop.bantam.ch\/de\/produkt\/purvario-system-modul-ii-6er-glas-tassen-und-flaschenhalter-hoch\/","url":"https:\/\/shop.bantam.ch\/de\/produkt\/purvario-system-modul-ii-6er-glas-tassen-und-flaschenhalter-hoch\/","name":"Flaschenhalter purvario System Modul II 6er hoch PU-Schaum - Bantam Camping AG","isPartOf":{"@id":"https:\/\/shop.bantam.ch\/de\/#website"},"primaryImageOfPage":{"@id":"https:\/\/shop.bantam.ch\/de\/produkt\/purvario-system-modul-ii-6er-glas-tassen-und-flaschenhalter-hoch\/#primaryimage"},"image":{"@id":"https:\/\/shop.bantam.ch\/de\/produkt\/purvario-system-modul-ii-6er-glas-tassen-und-flaschenhalter-hoch\/#primaryimage"},"thumbnailUrl":"https:\/\/shop.bantam.ch\/wp-content\/uploads\/2023\/02\/9917362-Vario_System_Modul_II_6er_Flaschenhalter_hoch-Standard-01-1.jpg","datePublished":"2023-02-22T20:20:39+00:00","dateModified":"2026-04-20T18:57:34+00:00","breadcrumb":{"@id":"https:\/\/shop.bantam.ch\/de\/produkt\/purvario-system-modul-ii-6er-glas-tassen-und-flaschenhalter-hoch\/#breadcrumb"},"inLanguage":"de","potentialAction":[{"@type":"ReadAction","target":["https:\/\/shop.bantam.ch\/de\/produkt\/purvario-system-modul-ii-6er-glas-tassen-und-flaschenhalter-hoch\/"]}]},{"@type":"ImageObject","inLanguage":"de","@id":"https:\/\/shop.bantam.ch\/de\/produkt\/purvario-system-modul-ii-6er-glas-tassen-und-flaschenhalter-hoch\/#primaryimage","url":"https:\/\/shop.bantam.ch\/wp-content\/uploads\/2023\/02\/9917362-Vario_System_Modul_II_6er_Flaschenhalter_hoch-Standard-01-1.jpg","contentUrl":"https:\/\/shop.bantam.ch\/wp-content\/uploads\/2023\/02\/9917362-Vario_System_Modul_II_6er_Flaschenhalter_hoch-Standard-01-1.jpg","width":727,"height":1000},{"@type":"BreadcrumbList","@id":"https:\/\/shop.bantam.ch\/de\/produkt\/purvario-system-modul-ii-6er-glas-tassen-und-flaschenhalter-hoch\/#breadcrumb","itemListElement":[{"@type":"ListItem","position":1,"name":"Accueil","item":"https:\/\/shop.bantam.ch\/de\/"},{"@type":"ListItem","position":2,"name":"Shop","item":"https:\/\/shop.bantam.ch\/de\/shop\/"},{"@type":"ListItem","position":3,"name":"Flaschenhalter purvario System Modul II 6er hoch PU-Schaum"}]},{"@type":"WebSite","@id":"https:\/\/shop.bantam.ch\/de\/#website","url":"https:\/\/shop.bantam.ch\/de\/","name":"Bantam Camping AG","description":"","publisher":{"@id":"https:\/\/shop.bantam.ch\/de\/#organization"},"inLanguage":"de"},{"@type":"Organization","@id":"https:\/\/shop.bantam.ch\/de\/#organization","name":"Bantam Camping AG","url":"https:\/\/shop.bantam.ch\/de\/","logo":{"@type":"ImageObject","inLanguage":"de","@id":"https:\/\/shop.bantam.ch\/de\/#\/schema\/logo\/image\/","url":"https:\/\/shop.bantam.ch\/wp-content\/uploads\/2022\/12\/bantam-logo.png","contentUrl":"https:\/\/shop.bantam.ch\/wp-content\/uploads\/2022\/12\/bantam-logo.png","width":320,"height":71,"caption":"Bantam Camping AG"},"image":{"@id":"https:\/\/shop.bantam.ch\/de\/#\/schema\/logo\/image\/"}}]}},"_links":{"self":[{"href":"https:\/\/shop.bantam.ch\/de\/wp-json\/wp\/v2\/product\/41192","targetHints":{"allow":["GET"]}}],"collection":[{"href":"https:\/\/shop.bantam.ch\/de\/wp-json\/wp\/v2\/product"}],"about":[{"href":"https:\/\/shop.bantam.ch\/de\/wp-json\/wp\/v2\/types\/product"}],"wp:featuredmedia":[{"embeddable":true,"href":"https:\/\/shop.bantam.ch\/de\/wp-json\/wp\/v2\/media\/41188"}],"wp:attachment":[{"href":"https:\/\/shop.bantam.ch\/de\/wp-json\/wp\/v2\/media?parent=41192"}],"wp:term":[{"taxonomy":"product_featured_cat","embeddable":true,"href":"https:\/\/shop.bantam.ch\/de\/wp-json\/wp\/v2\/product_featured_cat?post=41192"},{"taxonomy":"product_brand","embeddable":true,"href":"https:\/\/shop.bantam.ch\/de\/wp-json\/wp\/v2\/product_brand?post=41192"},{"taxonomy":"product_cat","embeddable":true,"href":"https:\/\/shop.bantam.ch\/de\/wp-json\/wp\/v2\/product_cat?post=41192"},{"taxonomy":"product_tag","embeddable":true,"href":"https:\/\/shop.bantam.ch\/de\/wp-json\/wp\/v2\/product_tag?post=41192"}],"curies":[{"name":"wp","href":"https:\/\/api.w.org\/{rel}","templated":true}]}}