{"id":41172,"date":"2023-02-22T21:20:22","date_gmt":"2023-02-22T20:20:22","guid":{"rendered":"http:\/\/preprod-dev.sh1.hidora.com\/webshop\/produit\/basisplatte-kunststoff-mit-velourstoff-schwarz-30-x-50-cm\/"},"modified":"2026-05-09T20:57:30","modified_gmt":"2026-05-09T18:57:30","slug":"basisplatte-kunststoff-mit-velourstoff-schwarz-30-x-50-cm","status":"publish","type":"product","link":"https:\/\/shop.bantam.ch\/de\/produkt\/basisplatte-kunststoff-mit-velourstoff-schwarz-30-x-50-cm\/","title":{"rendered":"Basisplatte Purvario Kunstsoff mit Velourstoff Fb. schwarz 30 x 50 cm"},"content":{"rendered":"<p>Das innovatve Konzept von purvario by D\u00d6RR erm\u00f6glicht es Ihnen Ihr Geschirr und Haushaltsutensilien platzsparend und ger\u00e4uscharm zu transporteren. Das Vario System bietet 4 fexibel einsetzbare Fixiermodule f\u00fcr verschiedene Gr\u00f6\u00dfen und Varianten.<\/p>\n<p>Schubladen und Staur\u00e4ume k\u00f6nnen optmal genutzt werden.<\/p>\n<p>Hierzu ben\u00f6tgen Sie die Velour-Grundplate (individuell zuschneidbar) und die entsprechenden Fixiermodule, die durch das Klet-Velour-Prinzip individuell auf der Velour-Grundplate fxiert werden.<\/p>\n<p>Dadurch k\u00f6nnen die Vario System Module bei Bedarf jederzeit neu positoniert werden. Man erh\u00e4lt somit die M\u00f6glichkeit, die unterschiedlichsten L\u00f6sungen f\u00fcr sich zusammenzustellen und hat keine Vorgaben, wie z.B. Durchmesser, Gr\u00f6\u00dfe oder Form, an sein Geschirr. Die Module sind extrem leicht und erh\u00f6hen somit das Gesamtgewicht nicht wesentlich.<\/p>\n<p>Kein Klappern beim Transport. Sch\u00fctzt vor Bruchgefahr.<br \/>Leicht zu reinigen, von hoher Qualit\u00e4t, rutschfest und formstabil!<br \/>Velourstof auf Kunststofstegplate zum Auskleiden von Schubladen und Stauf\u00e4cher.<\/p>\n","protected":false},"excerpt":{"rendered":"<p>Das innovatve Konzept von purvario by D\u00d6RR erm\u00f6glicht es Ihnen Ihr Geschirr und Haushaltsutensilien platzsparend und ger\u00e4uscharm zu transporteren. Das Vario System bietet 4 fexibel einsetzbare Fixiermodule f\u00fcr verschiedene Gr\u00f6\u00dfen und Varianten. Schubladen und Staur\u00e4ume k\u00f6nnen optmal genutzt werden. Hierzu ben\u00f6tgen Sie die Velour-Grundplate (individuell zuschneidbar) und die entsprechenden Fixiermodule, die durch das Klet-Velour-Prinzip individuell [&hellip;]<\/p>\n","protected":false},"featured_media":41166,"template":"","meta":{"_acf_changed":false},"product_featured_cat":[],"product_brand":[3329],"product_cat":[5150],"product_tag":[],"class_list":{"0":"post-41172","1":"product","2":"type-product","3":"status-publish","4":"has-post-thumbnail","6":"product_brand-purvario-de","7":"product_cat-fixiermodule","9":"first","10":"instock","11":"taxable","12":"shipping-taxable","13":"purchasable","14":"product-type-simple"},"acf":[],"yoast_head":"<!-- This site is optimized with the Yoast SEO plugin v27.5 - https:\/\/yoast.com\/product\/yoast-seo-wordpress\/ -->\n<title>Basisplatte Purvario Kunstsoff mit Velourstoff Fb. schwarz 30 x 50 cm - Bantam<\/title>\n<meta name=\"robots\" content=\"index, follow, max-snippet:-1, max-image-preview:large, max-video-preview:-1\" \/>\n<link rel=\"canonical\" href=\"https:\/\/shop.bantam.ch\/de\/produkt\/basisplatte-kunststoff-mit-velourstoff-schwarz-30-x-50-cm\/\" \/>\n<meta property=\"og:locale\" content=\"de_DE\" \/>\n<meta property=\"og:type\" content=\"article\" \/>\n<meta property=\"og:title\" content=\"Basisplatte Purvario Kunstsoff mit Velourstoff Fb. schwarz 30 x 50 cm - Bantam\" \/>\n<meta property=\"og:description\" content=\"Das innovatve Konzept von purvario by D\u00d6RR erm\u00f6glicht es Ihnen Ihr Geschirr und Haushaltsutensilien platzsparend und ger\u00e4uscharm zu transporteren. Das Vario System bietet 4 fexibel einsetzbare Fixiermodule f\u00fcr verschiedene Gr\u00f6\u00dfen und Varianten. Schubladen und Staur\u00e4ume k\u00f6nnen optmal genutzt werden. Hierzu ben\u00f6tgen Sie die Velour-Grundplate (individuell zuschneidbar) und die entsprechenden Fixiermodule, die durch das Klet-Velour-Prinzip individuell [&hellip;]\" \/>\n<meta property=\"og:url\" content=\"https:\/\/shop.bantam.ch\/de\/produkt\/basisplatte-kunststoff-mit-velourstoff-schwarz-30-x-50-cm\/\" \/>\n<meta property=\"og:site_name\" content=\"Bantam\" \/>\n<meta property=\"article:modified_time\" content=\"2026-05-09T18:57:30+00:00\" \/>\n<meta property=\"og:image\" content=\"https:\/\/shop.bantam.ch\/wp-content\/uploads\/2023\/02\/9917364-Vario_System_Basis_I-B_Velourstoff_schwarz_auf_Kunststoff-Stegplatte_Groesse_300_mm_x_500_mm-Standard-01-1.jpg\" \/>\n\t<meta property=\"og:image:width\" content=\"1000\" \/>\n\t<meta property=\"og:image:height\" content=\"711\" \/>\n\t<meta property=\"og:image:type\" content=\"image\/jpeg\" \/>\n<meta name=\"twitter:card\" content=\"summary_large_image\" \/>\n<meta name=\"twitter:label1\" content=\"Gesch\u00e4tzte Lesezeit\" \/>\n\t<meta name=\"twitter:data1\" content=\"1\u00a0Minute\" \/>\n<script type=\"application\/ld+json\" class=\"yoast-schema-graph\">{\"@context\":\"https:\\\/\\\/schema.org\",\"@graph\":[{\"@type\":\"WebPage\",\"@id\":\"https:\\\/\\\/shop.bantam.ch\\\/de\\\/produkt\\\/basisplatte-kunststoff-mit-velourstoff-schwarz-30-x-50-cm\\\/\",\"url\":\"https:\\\/\\\/shop.bantam.ch\\\/de\\\/produkt\\\/basisplatte-kunststoff-mit-velourstoff-schwarz-30-x-50-cm\\\/\",\"name\":\"Basisplatte Purvario Kunstsoff mit Velourstoff Fb. schwarz 30 x 50 cm - Bantam\",\"isPartOf\":{\"@id\":\"https:\\\/\\\/shop.bantam.ch\\\/de\\\/#website\"},\"primaryImageOfPage\":{\"@id\":\"https:\\\/\\\/shop.bantam.ch\\\/de\\\/produkt\\\/basisplatte-kunststoff-mit-velourstoff-schwarz-30-x-50-cm\\\/#primaryimage\"},\"image\":{\"@id\":\"https:\\\/\\\/shop.bantam.ch\\\/de\\\/produkt\\\/basisplatte-kunststoff-mit-velourstoff-schwarz-30-x-50-cm\\\/#primaryimage\"},\"thumbnailUrl\":\"https:\\\/\\\/shop.bantam.ch\\\/wp-content\\\/uploads\\\/2023\\\/02\\\/9917364-Vario_System_Basis_I-B_Velourstoff_schwarz_auf_Kunststoff-Stegplatte_Groesse_300_mm_x_500_mm-Standard-01-1.jpg\",\"datePublished\":\"2023-02-22T20:20:22+00:00\",\"dateModified\":\"2026-05-09T18:57:30+00:00\",\"breadcrumb\":{\"@id\":\"https:\\\/\\\/shop.bantam.ch\\\/de\\\/produkt\\\/basisplatte-kunststoff-mit-velourstoff-schwarz-30-x-50-cm\\\/#breadcrumb\"},\"inLanguage\":\"de\",\"potentialAction\":[{\"@type\":\"ReadAction\",\"target\":[\"https:\\\/\\\/shop.bantam.ch\\\/de\\\/produkt\\\/basisplatte-kunststoff-mit-velourstoff-schwarz-30-x-50-cm\\\/\"]}]},{\"@type\":\"ImageObject\",\"inLanguage\":\"de\",\"@id\":\"https:\\\/\\\/shop.bantam.ch\\\/de\\\/produkt\\\/basisplatte-kunststoff-mit-velourstoff-schwarz-30-x-50-cm\\\/#primaryimage\",\"url\":\"https:\\\/\\\/shop.bantam.ch\\\/wp-content\\\/uploads\\\/2023\\\/02\\\/9917364-Vario_System_Basis_I-B_Velourstoff_schwarz_auf_Kunststoff-Stegplatte_Groesse_300_mm_x_500_mm-Standard-01-1.jpg\",\"contentUrl\":\"https:\\\/\\\/shop.bantam.ch\\\/wp-content\\\/uploads\\\/2023\\\/02\\\/9917364-Vario_System_Basis_I-B_Velourstoff_schwarz_auf_Kunststoff-Stegplatte_Groesse_300_mm_x_500_mm-Standard-01-1.jpg\",\"width\":1000,\"height\":711},{\"@type\":\"BreadcrumbList\",\"@id\":\"https:\\\/\\\/shop.bantam.ch\\\/de\\\/produkt\\\/basisplatte-kunststoff-mit-velourstoff-schwarz-30-x-50-cm\\\/#breadcrumb\",\"itemListElement\":[{\"@type\":\"ListItem\",\"position\":1,\"name\":\"Accueil\",\"item\":\"https:\\\/\\\/shop.bantam.ch\\\/de\\\/\"},{\"@type\":\"ListItem\",\"position\":2,\"name\":\"Shop\",\"item\":\"https:\\\/\\\/shop.bantam.ch\\\/de\\\/shop\\\/\"},{\"@type\":\"ListItem\",\"position\":3,\"name\":\"Basisplatte Purvario Kunstsoff mit Velourstoff Fb. schwarz 30 x 50 cm\"}]},{\"@type\":\"WebSite\",\"@id\":\"https:\\\/\\\/shop.bantam.ch\\\/de\\\/#website\",\"url\":\"https:\\\/\\\/shop.bantam.ch\\\/de\\\/\",\"name\":\"Bantam\",\"description\":\"\",\"publisher\":{\"@id\":\"https:\\\/\\\/shop.bantam.ch\\\/de\\\/#organization\"},\"inLanguage\":\"de\"},{\"@type\":\"Organization\",\"@id\":\"https:\\\/\\\/shop.bantam.ch\\\/de\\\/#organization\",\"name\":\"Bantam\",\"url\":\"https:\\\/\\\/shop.bantam.ch\\\/de\\\/\",\"logo\":{\"@type\":\"ImageObject\",\"inLanguage\":\"de\",\"@id\":\"https:\\\/\\\/shop.bantam.ch\\\/de\\\/#\\\/schema\\\/logo\\\/image\\\/\",\"url\":\"https:\\\/\\\/shop.bantam.ch\\\/wp-content\\\/uploads\\\/2022\\\/12\\\/bantam-logo.png\",\"contentUrl\":\"https:\\\/\\\/shop.bantam.ch\\\/wp-content\\\/uploads\\\/2022\\\/12\\\/bantam-logo.png\",\"width\":320,\"height\":71,\"caption\":\"Bantam\"},\"image\":{\"@id\":\"https:\\\/\\\/shop.bantam.ch\\\/de\\\/#\\\/schema\\\/logo\\\/image\\\/\"}}]}<\/script>\n<!-- \/ Yoast SEO plugin. -->","yoast_head_json":{"title":"Basisplatte Purvario Kunstsoff mit Velourstoff Fb. schwarz 30 x 50 cm - Bantam","robots":{"index":"index","follow":"follow","max-snippet":"max-snippet:-1","max-image-preview":"max-image-preview:large","max-video-preview":"max-video-preview:-1"},"canonical":"https:\/\/shop.bantam.ch\/de\/produkt\/basisplatte-kunststoff-mit-velourstoff-schwarz-30-x-50-cm\/","og_locale":"de_DE","og_type":"article","og_title":"Basisplatte Purvario Kunstsoff mit Velourstoff Fb. schwarz 30 x 50 cm - Bantam","og_description":"Das innovatve Konzept von purvario by D\u00d6RR erm\u00f6glicht es Ihnen Ihr Geschirr und Haushaltsutensilien platzsparend und ger\u00e4uscharm zu transporteren. Das Vario System bietet 4 fexibel einsetzbare Fixiermodule f\u00fcr verschiedene Gr\u00f6\u00dfen und Varianten. Schubladen und Staur\u00e4ume k\u00f6nnen optmal genutzt werden. Hierzu ben\u00f6tgen Sie die Velour-Grundplate (individuell zuschneidbar) und die entsprechenden Fixiermodule, die durch das Klet-Velour-Prinzip individuell [&hellip;]","og_url":"https:\/\/shop.bantam.ch\/de\/produkt\/basisplatte-kunststoff-mit-velourstoff-schwarz-30-x-50-cm\/","og_site_name":"Bantam","article_modified_time":"2026-05-09T18:57:30+00:00","og_image":[{"width":1000,"height":711,"url":"https:\/\/shop.bantam.ch\/wp-content\/uploads\/2023\/02\/9917364-Vario_System_Basis_I-B_Velourstoff_schwarz_auf_Kunststoff-Stegplatte_Groesse_300_mm_x_500_mm-Standard-01-1.jpg","type":"image\/jpeg"}],"twitter_card":"summary_large_image","twitter_misc":{"Gesch\u00e4tzte Lesezeit":"1\u00a0Minute"},"schema":{"@context":"https:\/\/schema.org","@graph":[{"@type":"WebPage","@id":"https:\/\/shop.bantam.ch\/de\/produkt\/basisplatte-kunststoff-mit-velourstoff-schwarz-30-x-50-cm\/","url":"https:\/\/shop.bantam.ch\/de\/produkt\/basisplatte-kunststoff-mit-velourstoff-schwarz-30-x-50-cm\/","name":"Basisplatte Purvario Kunstsoff mit Velourstoff Fb. schwarz 30 x 50 cm - Bantam","isPartOf":{"@id":"https:\/\/shop.bantam.ch\/de\/#website"},"primaryImageOfPage":{"@id":"https:\/\/shop.bantam.ch\/de\/produkt\/basisplatte-kunststoff-mit-velourstoff-schwarz-30-x-50-cm\/#primaryimage"},"image":{"@id":"https:\/\/shop.bantam.ch\/de\/produkt\/basisplatte-kunststoff-mit-velourstoff-schwarz-30-x-50-cm\/#primaryimage"},"thumbnailUrl":"https:\/\/shop.bantam.ch\/wp-content\/uploads\/2023\/02\/9917364-Vario_System_Basis_I-B_Velourstoff_schwarz_auf_Kunststoff-Stegplatte_Groesse_300_mm_x_500_mm-Standard-01-1.jpg","datePublished":"2023-02-22T20:20:22+00:00","dateModified":"2026-05-09T18:57:30+00:00","breadcrumb":{"@id":"https:\/\/shop.bantam.ch\/de\/produkt\/basisplatte-kunststoff-mit-velourstoff-schwarz-30-x-50-cm\/#breadcrumb"},"inLanguage":"de","potentialAction":[{"@type":"ReadAction","target":["https:\/\/shop.bantam.ch\/de\/produkt\/basisplatte-kunststoff-mit-velourstoff-schwarz-30-x-50-cm\/"]}]},{"@type":"ImageObject","inLanguage":"de","@id":"https:\/\/shop.bantam.ch\/de\/produkt\/basisplatte-kunststoff-mit-velourstoff-schwarz-30-x-50-cm\/#primaryimage","url":"https:\/\/shop.bantam.ch\/wp-content\/uploads\/2023\/02\/9917364-Vario_System_Basis_I-B_Velourstoff_schwarz_auf_Kunststoff-Stegplatte_Groesse_300_mm_x_500_mm-Standard-01-1.jpg","contentUrl":"https:\/\/shop.bantam.ch\/wp-content\/uploads\/2023\/02\/9917364-Vario_System_Basis_I-B_Velourstoff_schwarz_auf_Kunststoff-Stegplatte_Groesse_300_mm_x_500_mm-Standard-01-1.jpg","width":1000,"height":711},{"@type":"BreadcrumbList","@id":"https:\/\/shop.bantam.ch\/de\/produkt\/basisplatte-kunststoff-mit-velourstoff-schwarz-30-x-50-cm\/#breadcrumb","itemListElement":[{"@type":"ListItem","position":1,"name":"Accueil","item":"https:\/\/shop.bantam.ch\/de\/"},{"@type":"ListItem","position":2,"name":"Shop","item":"https:\/\/shop.bantam.ch\/de\/shop\/"},{"@type":"ListItem","position":3,"name":"Basisplatte Purvario Kunstsoff mit Velourstoff Fb. schwarz 30 x 50 cm"}]},{"@type":"WebSite","@id":"https:\/\/shop.bantam.ch\/de\/#website","url":"https:\/\/shop.bantam.ch\/de\/","name":"Bantam","description":"","publisher":{"@id":"https:\/\/shop.bantam.ch\/de\/#organization"},"inLanguage":"de"},{"@type":"Organization","@id":"https:\/\/shop.bantam.ch\/de\/#organization","name":"Bantam","url":"https:\/\/shop.bantam.ch\/de\/","logo":{"@type":"ImageObject","inLanguage":"de","@id":"https:\/\/shop.bantam.ch\/de\/#\/schema\/logo\/image\/","url":"https:\/\/shop.bantam.ch\/wp-content\/uploads\/2022\/12\/bantam-logo.png","contentUrl":"https:\/\/shop.bantam.ch\/wp-content\/uploads\/2022\/12\/bantam-logo.png","width":320,"height":71,"caption":"Bantam"},"image":{"@id":"https:\/\/shop.bantam.ch\/de\/#\/schema\/logo\/image\/"}}]}},"_links":{"self":[{"href":"https:\/\/shop.bantam.ch\/de\/wp-json\/wp\/v2\/product\/41172","targetHints":{"allow":["GET"]}}],"collection":[{"href":"https:\/\/shop.bantam.ch\/de\/wp-json\/wp\/v2\/product"}],"about":[{"href":"https:\/\/shop.bantam.ch\/de\/wp-json\/wp\/v2\/types\/product"}],"wp:featuredmedia":[{"embeddable":true,"href":"https:\/\/shop.bantam.ch\/de\/wp-json\/wp\/v2\/media\/41166"}],"wp:attachment":[{"href":"https:\/\/shop.bantam.ch\/de\/wp-json\/wp\/v2\/media?parent=41172"}],"wp:term":[{"taxonomy":"product_featured_cat","embeddable":true,"href":"https:\/\/shop.bantam.ch\/de\/wp-json\/wp\/v2\/product_featured_cat?post=41172"},{"taxonomy":"product_brand","embeddable":true,"href":"https:\/\/shop.bantam.ch\/de\/wp-json\/wp\/v2\/product_brand?post=41172"},{"taxonomy":"product_cat","embeddable":true,"href":"https:\/\/shop.bantam.ch\/de\/wp-json\/wp\/v2\/product_cat?post=41172"},{"taxonomy":"product_tag","embeddable":true,"href":"https:\/\/shop.bantam.ch\/de\/wp-json\/wp\/v2\/product_tag?post=41172"}],"curies":[{"name":"wp","href":"https:\/\/api.w.org\/{rel}","templated":true}]}}