{"id":40868,"date":"2023-02-22T21:14:28","date_gmt":"2023-02-22T20:14:28","guid":{"rendered":"http:\/\/preprod-dev.sh1.hidora.com\/webshop\/produit\/windschutz-windscreen\/"},"modified":"2026-05-11T20:56:38","modified_gmt":"2026-05-11T18:56:38","slug":"windschutz-windscreen","status":"publish","type":"product","link":"https:\/\/shop.bantam.ch\/de\/produkt\/windschutz-windscreen\/","title":{"rendered":"Windschutz Thule Windscreen 300 x 140 cm"},"content":{"rendered":"<p>Dank seines automatischen Auf- und Abrollsystems einfach und schnell aufzubauen. Das luftdurchl\u00e4ssige Gittergewebe l\u00e4sst Licht und eine leichte Brise durch, sch\u00fctzt aber vor neugierigen Blicken. Die Montage erfolgt entweder zwischen Fahrzeug und Markisenst\u00fctzfu\u00df mittels Klettb\u00e4ndern, oder freistehend.<\/p>\n<p>Tuchh\u00f6he: <br \/>140 cm<\/p>\n<p>Material:<br \/>Tuch: 100 % PVC<\/p>\n<p>Lieferumfang:<br \/>Inklusive Windscreen<br \/>Abspannmaterial<br \/>Heringe<br \/>Transporttasche<\/p>\n<p>\u00a0<\/p>\n","protected":false},"excerpt":{"rendered":"<p>Dank seines automatischen Auf- und Abrollsystems einfach und schnell aufzubauen. Das luftdurchl\u00e4ssige Gittergewebe l\u00e4sst Licht und eine leichte Brise durch, sch\u00fctzt aber vor neugierigen Blicken. Die Montage erfolgt entweder zwischen Fahrzeug und Markisenst\u00fctzfu\u00df mittels Klettb\u00e4ndern, oder freistehend. Tuchh\u00f6he: 140 cm Material:Tuch: 100 % PVC Lieferumfang:Inklusive WindscreenAbspannmaterialHeringeTransporttasche \u00a0<\/p>\n","protected":false},"featured_media":40856,"template":"","meta":{"_acf_changed":false},"product_featured_cat":[],"product_brand":[3047],"product_cat":[4222],"product_tag":[],"class_list":{"0":"post-40868","1":"product","2":"type-product","3":"status-publish","4":"has-post-thumbnail","6":"product_brand-thule-de","7":"product_cat-markisen-seitenwaende","9":"first","10":"instock","11":"taxable","12":"shipping-taxable","13":"purchasable","14":"product-type-simple"},"acf":[],"yoast_head":"<!-- This site is optimized with the Yoast SEO plugin v27.5 - https:\/\/yoast.com\/product\/yoast-seo-wordpress\/ -->\n<title>Windschutz Thule Windscreen 300 x 140 cm - Bantam<\/title>\n<meta name=\"robots\" content=\"index, follow, max-snippet:-1, max-image-preview:large, max-video-preview:-1\" \/>\n<link rel=\"canonical\" href=\"https:\/\/shop.bantam.ch\/de\/produkt\/windschutz-windscreen\/\" \/>\n<meta property=\"og:locale\" content=\"de_DE\" \/>\n<meta property=\"og:type\" content=\"article\" \/>\n<meta property=\"og:title\" content=\"Windschutz Thule Windscreen 300 x 140 cm - Bantam\" \/>\n<meta property=\"og:description\" content=\"Dank seines automatischen Auf- und Abrollsystems einfach und schnell aufzubauen. Das luftdurchl\u00e4ssige Gittergewebe l\u00e4sst Licht und eine leichte Brise durch, sch\u00fctzt aber vor neugierigen Blicken. Die Montage erfolgt entweder zwischen Fahrzeug und Markisenst\u00fctzfu\u00df mittels Klettb\u00e4ndern, oder freistehend. Tuchh\u00f6he: 140 cm Material:Tuch: 100 % PVC Lieferumfang:Inklusive WindscreenAbspannmaterialHeringeTransporttasche \u00a0\" \/>\n<meta property=\"og:url\" content=\"https:\/\/shop.bantam.ch\/de\/produkt\/windschutz-windscreen\/\" \/>\n<meta property=\"og:site_name\" content=\"Bantam\" \/>\n<meta property=\"article:modified_time\" content=\"2026-05-11T18:56:38+00:00\" \/>\n<meta property=\"og:image\" content=\"https:\/\/shop.bantam.ch\/wp-content\/uploads\/2023\/02\/9911461-Thule_Windscreen_1_40_m_hoch_abrollbar-Standard-01-1.jpg\" \/>\n\t<meta property=\"og:image:width\" content=\"720\" \/>\n\t<meta property=\"og:image:height\" content=\"1000\" \/>\n\t<meta property=\"og:image:type\" content=\"image\/jpeg\" \/>\n<meta name=\"twitter:card\" content=\"summary_large_image\" \/>\n<script type=\"application\/ld+json\" class=\"yoast-schema-graph\">{\"@context\":\"https:\\\/\\\/schema.org\",\"@graph\":[{\"@type\":\"WebPage\",\"@id\":\"https:\\\/\\\/shop.bantam.ch\\\/de\\\/produkt\\\/windschutz-windscreen\\\/\",\"url\":\"https:\\\/\\\/shop.bantam.ch\\\/de\\\/produkt\\\/windschutz-windscreen\\\/\",\"name\":\"Windschutz Thule Windscreen 300 x 140 cm - Bantam\",\"isPartOf\":{\"@id\":\"https:\\\/\\\/shop.bantam.ch\\\/de\\\/#website\"},\"primaryImageOfPage\":{\"@id\":\"https:\\\/\\\/shop.bantam.ch\\\/de\\\/produkt\\\/windschutz-windscreen\\\/#primaryimage\"},\"image\":{\"@id\":\"https:\\\/\\\/shop.bantam.ch\\\/de\\\/produkt\\\/windschutz-windscreen\\\/#primaryimage\"},\"thumbnailUrl\":\"https:\\\/\\\/shop.bantam.ch\\\/wp-content\\\/uploads\\\/2023\\\/02\\\/9911461-Thule_Windscreen_1_40_m_hoch_abrollbar-Standard-01-1.jpg\",\"datePublished\":\"2023-02-22T20:14:28+00:00\",\"dateModified\":\"2026-05-11T18:56:38+00:00\",\"breadcrumb\":{\"@id\":\"https:\\\/\\\/shop.bantam.ch\\\/de\\\/produkt\\\/windschutz-windscreen\\\/#breadcrumb\"},\"inLanguage\":\"de\",\"potentialAction\":[{\"@type\":\"ReadAction\",\"target\":[\"https:\\\/\\\/shop.bantam.ch\\\/de\\\/produkt\\\/windschutz-windscreen\\\/\"]}]},{\"@type\":\"ImageObject\",\"inLanguage\":\"de\",\"@id\":\"https:\\\/\\\/shop.bantam.ch\\\/de\\\/produkt\\\/windschutz-windscreen\\\/#primaryimage\",\"url\":\"https:\\\/\\\/shop.bantam.ch\\\/wp-content\\\/uploads\\\/2023\\\/02\\\/9911461-Thule_Windscreen_1_40_m_hoch_abrollbar-Standard-01-1.jpg\",\"contentUrl\":\"https:\\\/\\\/shop.bantam.ch\\\/wp-content\\\/uploads\\\/2023\\\/02\\\/9911461-Thule_Windscreen_1_40_m_hoch_abrollbar-Standard-01-1.jpg\",\"width\":720,\"height\":1000},{\"@type\":\"BreadcrumbList\",\"@id\":\"https:\\\/\\\/shop.bantam.ch\\\/de\\\/produkt\\\/windschutz-windscreen\\\/#breadcrumb\",\"itemListElement\":[{\"@type\":\"ListItem\",\"position\":1,\"name\":\"Accueil\",\"item\":\"https:\\\/\\\/shop.bantam.ch\\\/de\\\/\"},{\"@type\":\"ListItem\",\"position\":2,\"name\":\"Shop\",\"item\":\"https:\\\/\\\/shop.bantam.ch\\\/de\\\/shop\\\/\"},{\"@type\":\"ListItem\",\"position\":3,\"name\":\"Windschutz Thule Windscreen 300 x 140 cm\"}]},{\"@type\":\"WebSite\",\"@id\":\"https:\\\/\\\/shop.bantam.ch\\\/de\\\/#website\",\"url\":\"https:\\\/\\\/shop.bantam.ch\\\/de\\\/\",\"name\":\"Bantam\",\"description\":\"\",\"publisher\":{\"@id\":\"https:\\\/\\\/shop.bantam.ch\\\/de\\\/#organization\"},\"inLanguage\":\"de\"},{\"@type\":\"Organization\",\"@id\":\"https:\\\/\\\/shop.bantam.ch\\\/de\\\/#organization\",\"name\":\"Bantam\",\"url\":\"https:\\\/\\\/shop.bantam.ch\\\/de\\\/\",\"logo\":{\"@type\":\"ImageObject\",\"inLanguage\":\"de\",\"@id\":\"https:\\\/\\\/shop.bantam.ch\\\/de\\\/#\\\/schema\\\/logo\\\/image\\\/\",\"url\":\"https:\\\/\\\/shop.bantam.ch\\\/wp-content\\\/uploads\\\/2022\\\/12\\\/bantam-logo.png\",\"contentUrl\":\"https:\\\/\\\/shop.bantam.ch\\\/wp-content\\\/uploads\\\/2022\\\/12\\\/bantam-logo.png\",\"width\":320,\"height\":71,\"caption\":\"Bantam\"},\"image\":{\"@id\":\"https:\\\/\\\/shop.bantam.ch\\\/de\\\/#\\\/schema\\\/logo\\\/image\\\/\"}}]}<\/script>\n<!-- \/ Yoast SEO plugin. -->","yoast_head_json":{"title":"Windschutz Thule Windscreen 300 x 140 cm - Bantam","robots":{"index":"index","follow":"follow","max-snippet":"max-snippet:-1","max-image-preview":"max-image-preview:large","max-video-preview":"max-video-preview:-1"},"canonical":"https:\/\/shop.bantam.ch\/de\/produkt\/windschutz-windscreen\/","og_locale":"de_DE","og_type":"article","og_title":"Windschutz Thule Windscreen 300 x 140 cm - Bantam","og_description":"Dank seines automatischen Auf- und Abrollsystems einfach und schnell aufzubauen. Das luftdurchl\u00e4ssige Gittergewebe l\u00e4sst Licht und eine leichte Brise durch, sch\u00fctzt aber vor neugierigen Blicken. Die Montage erfolgt entweder zwischen Fahrzeug und Markisenst\u00fctzfu\u00df mittels Klettb\u00e4ndern, oder freistehend. Tuchh\u00f6he: 140 cm Material:Tuch: 100 % PVC Lieferumfang:Inklusive WindscreenAbspannmaterialHeringeTransporttasche \u00a0","og_url":"https:\/\/shop.bantam.ch\/de\/produkt\/windschutz-windscreen\/","og_site_name":"Bantam","article_modified_time":"2026-05-11T18:56:38+00:00","og_image":[{"width":720,"height":1000,"url":"https:\/\/shop.bantam.ch\/wp-content\/uploads\/2023\/02\/9911461-Thule_Windscreen_1_40_m_hoch_abrollbar-Standard-01-1.jpg","type":"image\/jpeg"}],"twitter_card":"summary_large_image","schema":{"@context":"https:\/\/schema.org","@graph":[{"@type":"WebPage","@id":"https:\/\/shop.bantam.ch\/de\/produkt\/windschutz-windscreen\/","url":"https:\/\/shop.bantam.ch\/de\/produkt\/windschutz-windscreen\/","name":"Windschutz Thule Windscreen 300 x 140 cm - Bantam","isPartOf":{"@id":"https:\/\/shop.bantam.ch\/de\/#website"},"primaryImageOfPage":{"@id":"https:\/\/shop.bantam.ch\/de\/produkt\/windschutz-windscreen\/#primaryimage"},"image":{"@id":"https:\/\/shop.bantam.ch\/de\/produkt\/windschutz-windscreen\/#primaryimage"},"thumbnailUrl":"https:\/\/shop.bantam.ch\/wp-content\/uploads\/2023\/02\/9911461-Thule_Windscreen_1_40_m_hoch_abrollbar-Standard-01-1.jpg","datePublished":"2023-02-22T20:14:28+00:00","dateModified":"2026-05-11T18:56:38+00:00","breadcrumb":{"@id":"https:\/\/shop.bantam.ch\/de\/produkt\/windschutz-windscreen\/#breadcrumb"},"inLanguage":"de","potentialAction":[{"@type":"ReadAction","target":["https:\/\/shop.bantam.ch\/de\/produkt\/windschutz-windscreen\/"]}]},{"@type":"ImageObject","inLanguage":"de","@id":"https:\/\/shop.bantam.ch\/de\/produkt\/windschutz-windscreen\/#primaryimage","url":"https:\/\/shop.bantam.ch\/wp-content\/uploads\/2023\/02\/9911461-Thule_Windscreen_1_40_m_hoch_abrollbar-Standard-01-1.jpg","contentUrl":"https:\/\/shop.bantam.ch\/wp-content\/uploads\/2023\/02\/9911461-Thule_Windscreen_1_40_m_hoch_abrollbar-Standard-01-1.jpg","width":720,"height":1000},{"@type":"BreadcrumbList","@id":"https:\/\/shop.bantam.ch\/de\/produkt\/windschutz-windscreen\/#breadcrumb","itemListElement":[{"@type":"ListItem","position":1,"name":"Accueil","item":"https:\/\/shop.bantam.ch\/de\/"},{"@type":"ListItem","position":2,"name":"Shop","item":"https:\/\/shop.bantam.ch\/de\/shop\/"},{"@type":"ListItem","position":3,"name":"Windschutz Thule Windscreen 300 x 140 cm"}]},{"@type":"WebSite","@id":"https:\/\/shop.bantam.ch\/de\/#website","url":"https:\/\/shop.bantam.ch\/de\/","name":"Bantam","description":"","publisher":{"@id":"https:\/\/shop.bantam.ch\/de\/#organization"},"inLanguage":"de"},{"@type":"Organization","@id":"https:\/\/shop.bantam.ch\/de\/#organization","name":"Bantam","url":"https:\/\/shop.bantam.ch\/de\/","logo":{"@type":"ImageObject","inLanguage":"de","@id":"https:\/\/shop.bantam.ch\/de\/#\/schema\/logo\/image\/","url":"https:\/\/shop.bantam.ch\/wp-content\/uploads\/2022\/12\/bantam-logo.png","contentUrl":"https:\/\/shop.bantam.ch\/wp-content\/uploads\/2022\/12\/bantam-logo.png","width":320,"height":71,"caption":"Bantam"},"image":{"@id":"https:\/\/shop.bantam.ch\/de\/#\/schema\/logo\/image\/"}}]}},"_links":{"self":[{"href":"https:\/\/shop.bantam.ch\/de\/wp-json\/wp\/v2\/product\/40868","targetHints":{"allow":["GET"]}}],"collection":[{"href":"https:\/\/shop.bantam.ch\/de\/wp-json\/wp\/v2\/product"}],"about":[{"href":"https:\/\/shop.bantam.ch\/de\/wp-json\/wp\/v2\/types\/product"}],"wp:featuredmedia":[{"embeddable":true,"href":"https:\/\/shop.bantam.ch\/de\/wp-json\/wp\/v2\/media\/40856"}],"wp:attachment":[{"href":"https:\/\/shop.bantam.ch\/de\/wp-json\/wp\/v2\/media?parent=40868"}],"wp:term":[{"taxonomy":"product_featured_cat","embeddable":true,"href":"https:\/\/shop.bantam.ch\/de\/wp-json\/wp\/v2\/product_featured_cat?post=40868"},{"taxonomy":"product_brand","embeddable":true,"href":"https:\/\/shop.bantam.ch\/de\/wp-json\/wp\/v2\/product_brand?post=40868"},{"taxonomy":"product_cat","embeddable":true,"href":"https:\/\/shop.bantam.ch\/de\/wp-json\/wp\/v2\/product_cat?post=40868"},{"taxonomy":"product_tag","embeddable":true,"href":"https:\/\/shop.bantam.ch\/de\/wp-json\/wp\/v2\/product_tag?post=40868"}],"curies":[{"name":"wp","href":"https:\/\/api.w.org\/{rel}","templated":true}]}}