{"id":40760,"date":"2023-02-22T21:12:27","date_gmt":"2023-02-22T20:12:27","guid":{"rendered":"http:\/\/preprod-dev.sh1.hidora.com\/webshop\/produit\/frischwasser-tankanzeige-fta-5-12-v\/"},"modified":"2026-04-19T20:57:15","modified_gmt":"2026-04-19T18:57:15","slug":"frischwasser-tankanzeige-fta-5-12-v","status":"publish","type":"product","link":"https:\/\/shop.bantam.ch\/de\/produkt\/frischwasser-tankanzeige-fta-5-12-v\/","title":{"rendered":"Frischwasser-Tankanzeige FTA 5"},"content":{"rendered":"<p>Zeigt den Inhalt des Frischwassertanks an.<\/p>\n<ul>\n<li>Betriebsspannung: 12 V DC (9 V &#8211; 16 V)<\/li>\n<li>Stromaufnahme: Aus 0 mA \/ An 35 mA (12V)<\/li>\n<li>Einbauma\u00df: 6,2 x 2,9 cm<\/li>\n<li>Einbautiefe: 1,4 cm<\/li>\n<li>Tank\u00f6ffnung: 8 cm<\/li>\n<li>L\u00e4nge Wasserstandssensor: 37 cm (an Tankh\u00f6he anzupassen)<\/li>\n<\/ul>\n","protected":false},"excerpt":{"rendered":"<p>Zeigt den Inhalt des Frischwassertanks an. Betriebsspannung: 12 V DC (9 V &#8211; 16 V) Stromaufnahme: Aus 0 mA \/ An 35 mA (12V) Einbauma\u00df: 6,2 x 2,9 cm Einbautiefe: 1,4 cm Tank\u00f6ffnung: 8 cm L\u00e4nge Wasserstandssensor: 37 cm (an Tankh\u00f6he anzupassen)<\/p>\n","protected":false},"featured_media":40756,"template":"","meta":{"_acf_changed":false},"product_featured_cat":[],"product_brand":[3111],"product_cat":[4124,4116],"product_tag":[],"class_list":{"0":"post-40760","1":"product","2":"type-product","3":"status-publish","4":"has-post-thumbnail","6":"product_brand-comet-de","7":"product_cat-wasser-sanitaer-zubehoer","8":"product_cat-wasserkanister","10":"first","11":"instock","12":"taxable","13":"shipping-taxable","14":"purchasable","15":"product-type-simple"},"acf":[],"yoast_head":"<!-- This site is optimized with the Yoast SEO plugin v27.4 - https:\/\/yoast.com\/product\/yoast-seo-wordpress\/ -->\n<title>Frischwasser-Tankanzeige FTA 5 - Bantam Camping AG<\/title>\n<meta name=\"robots\" content=\"index, follow, max-snippet:-1, max-image-preview:large, max-video-preview:-1\" \/>\n<link rel=\"canonical\" href=\"https:\/\/shop.bantam.ch\/de\/produkt\/frischwasser-tankanzeige-fta-5-12-v\/\" \/>\n<meta property=\"og:locale\" content=\"de_DE\" \/>\n<meta property=\"og:type\" content=\"article\" \/>\n<meta property=\"og:title\" content=\"Frischwasser-Tankanzeige FTA 5 - Bantam Camping AG\" \/>\n<meta property=\"og:description\" content=\"Zeigt den Inhalt des Frischwassertanks an. Betriebsspannung: 12 V DC (9 V &#8211; 16 V) Stromaufnahme: Aus 0 mA \/ An 35 mA (12V) Einbauma\u00df: 6,2 x 2,9 cm Einbautiefe: 1,4 cm Tank\u00f6ffnung: 8 cm L\u00e4nge Wasserstandssensor: 37 cm (an Tankh\u00f6he anzupassen)\" \/>\n<meta property=\"og:url\" content=\"https:\/\/shop.bantam.ch\/de\/produkt\/frischwasser-tankanzeige-fta-5-12-v\/\" \/>\n<meta property=\"og:site_name\" content=\"Bantam Camping AG\" \/>\n<meta property=\"article:modified_time\" content=\"2026-04-19T18:57:15+00:00\" \/>\n<meta property=\"og:image\" content=\"https:\/\/shop.bantam.ch\/wp-content\/uploads\/2023\/02\/9917033-Frischwassser_Tankanzeige_FTA_5-Standard-01-1.jpg\" \/>\n\t<meta property=\"og:image:width\" content=\"1000\" \/>\n\t<meta property=\"og:image:height\" content=\"945\" \/>\n\t<meta property=\"og:image:type\" content=\"image\/jpeg\" \/>\n<meta name=\"twitter:card\" content=\"summary_large_image\" \/>\n<script type=\"application\/ld+json\" class=\"yoast-schema-graph\">{\"@context\":\"https:\\\/\\\/schema.org\",\"@graph\":[{\"@type\":\"WebPage\",\"@id\":\"https:\\\/\\\/shop.bantam.ch\\\/de\\\/produkt\\\/frischwasser-tankanzeige-fta-5-12-v\\\/\",\"url\":\"https:\\\/\\\/shop.bantam.ch\\\/de\\\/produkt\\\/frischwasser-tankanzeige-fta-5-12-v\\\/\",\"name\":\"Frischwasser-Tankanzeige FTA 5 - Bantam Camping AG\",\"isPartOf\":{\"@id\":\"https:\\\/\\\/shop.bantam.ch\\\/de\\\/#website\"},\"primaryImageOfPage\":{\"@id\":\"https:\\\/\\\/shop.bantam.ch\\\/de\\\/produkt\\\/frischwasser-tankanzeige-fta-5-12-v\\\/#primaryimage\"},\"image\":{\"@id\":\"https:\\\/\\\/shop.bantam.ch\\\/de\\\/produkt\\\/frischwasser-tankanzeige-fta-5-12-v\\\/#primaryimage\"},\"thumbnailUrl\":\"https:\\\/\\\/shop.bantam.ch\\\/wp-content\\\/uploads\\\/2023\\\/02\\\/9917033-Frischwassser_Tankanzeige_FTA_5-Standard-01-1.jpg\",\"datePublished\":\"2023-02-22T20:12:27+00:00\",\"dateModified\":\"2026-04-19T18:57:15+00:00\",\"breadcrumb\":{\"@id\":\"https:\\\/\\\/shop.bantam.ch\\\/de\\\/produkt\\\/frischwasser-tankanzeige-fta-5-12-v\\\/#breadcrumb\"},\"inLanguage\":\"de\",\"potentialAction\":[{\"@type\":\"ReadAction\",\"target\":[\"https:\\\/\\\/shop.bantam.ch\\\/de\\\/produkt\\\/frischwasser-tankanzeige-fta-5-12-v\\\/\"]}]},{\"@type\":\"ImageObject\",\"inLanguage\":\"de\",\"@id\":\"https:\\\/\\\/shop.bantam.ch\\\/de\\\/produkt\\\/frischwasser-tankanzeige-fta-5-12-v\\\/#primaryimage\",\"url\":\"https:\\\/\\\/shop.bantam.ch\\\/wp-content\\\/uploads\\\/2023\\\/02\\\/9917033-Frischwassser_Tankanzeige_FTA_5-Standard-01-1.jpg\",\"contentUrl\":\"https:\\\/\\\/shop.bantam.ch\\\/wp-content\\\/uploads\\\/2023\\\/02\\\/9917033-Frischwassser_Tankanzeige_FTA_5-Standard-01-1.jpg\",\"width\":1000,\"height\":945},{\"@type\":\"BreadcrumbList\",\"@id\":\"https:\\\/\\\/shop.bantam.ch\\\/de\\\/produkt\\\/frischwasser-tankanzeige-fta-5-12-v\\\/#breadcrumb\",\"itemListElement\":[{\"@type\":\"ListItem\",\"position\":1,\"name\":\"Accueil\",\"item\":\"https:\\\/\\\/shop.bantam.ch\\\/de\\\/\"},{\"@type\":\"ListItem\",\"position\":2,\"name\":\"Shop\",\"item\":\"https:\\\/\\\/shop.bantam.ch\\\/de\\\/shop\\\/\"},{\"@type\":\"ListItem\",\"position\":3,\"name\":\"Frischwasser-Tankanzeige FTA 5\"}]},{\"@type\":\"WebSite\",\"@id\":\"https:\\\/\\\/shop.bantam.ch\\\/de\\\/#website\",\"url\":\"https:\\\/\\\/shop.bantam.ch\\\/de\\\/\",\"name\":\"Bantam Camping AG\",\"description\":\"\",\"publisher\":{\"@id\":\"https:\\\/\\\/shop.bantam.ch\\\/de\\\/#organization\"},\"inLanguage\":\"de\"},{\"@type\":\"Organization\",\"@id\":\"https:\\\/\\\/shop.bantam.ch\\\/de\\\/#organization\",\"name\":\"Bantam Camping AG\",\"url\":\"https:\\\/\\\/shop.bantam.ch\\\/de\\\/\",\"logo\":{\"@type\":\"ImageObject\",\"inLanguage\":\"de\",\"@id\":\"https:\\\/\\\/shop.bantam.ch\\\/de\\\/#\\\/schema\\\/logo\\\/image\\\/\",\"url\":\"https:\\\/\\\/shop.bantam.ch\\\/wp-content\\\/uploads\\\/2022\\\/12\\\/bantam-logo.png\",\"contentUrl\":\"https:\\\/\\\/shop.bantam.ch\\\/wp-content\\\/uploads\\\/2022\\\/12\\\/bantam-logo.png\",\"width\":320,\"height\":71,\"caption\":\"Bantam Camping AG\"},\"image\":{\"@id\":\"https:\\\/\\\/shop.bantam.ch\\\/de\\\/#\\\/schema\\\/logo\\\/image\\\/\"}}]}<\/script>\n<!-- \/ Yoast SEO plugin. -->","yoast_head_json":{"title":"Frischwasser-Tankanzeige FTA 5 - Bantam Camping AG","robots":{"index":"index","follow":"follow","max-snippet":"max-snippet:-1","max-image-preview":"max-image-preview:large","max-video-preview":"max-video-preview:-1"},"canonical":"https:\/\/shop.bantam.ch\/de\/produkt\/frischwasser-tankanzeige-fta-5-12-v\/","og_locale":"de_DE","og_type":"article","og_title":"Frischwasser-Tankanzeige FTA 5 - Bantam Camping AG","og_description":"Zeigt den Inhalt des Frischwassertanks an. Betriebsspannung: 12 V DC (9 V &#8211; 16 V) Stromaufnahme: Aus 0 mA \/ An 35 mA (12V) Einbauma\u00df: 6,2 x 2,9 cm Einbautiefe: 1,4 cm Tank\u00f6ffnung: 8 cm L\u00e4nge Wasserstandssensor: 37 cm (an Tankh\u00f6he anzupassen)","og_url":"https:\/\/shop.bantam.ch\/de\/produkt\/frischwasser-tankanzeige-fta-5-12-v\/","og_site_name":"Bantam Camping AG","article_modified_time":"2026-04-19T18:57:15+00:00","og_image":[{"width":1000,"height":945,"url":"https:\/\/shop.bantam.ch\/wp-content\/uploads\/2023\/02\/9917033-Frischwassser_Tankanzeige_FTA_5-Standard-01-1.jpg","type":"image\/jpeg"}],"twitter_card":"summary_large_image","schema":{"@context":"https:\/\/schema.org","@graph":[{"@type":"WebPage","@id":"https:\/\/shop.bantam.ch\/de\/produkt\/frischwasser-tankanzeige-fta-5-12-v\/","url":"https:\/\/shop.bantam.ch\/de\/produkt\/frischwasser-tankanzeige-fta-5-12-v\/","name":"Frischwasser-Tankanzeige FTA 5 - Bantam Camping AG","isPartOf":{"@id":"https:\/\/shop.bantam.ch\/de\/#website"},"primaryImageOfPage":{"@id":"https:\/\/shop.bantam.ch\/de\/produkt\/frischwasser-tankanzeige-fta-5-12-v\/#primaryimage"},"image":{"@id":"https:\/\/shop.bantam.ch\/de\/produkt\/frischwasser-tankanzeige-fta-5-12-v\/#primaryimage"},"thumbnailUrl":"https:\/\/shop.bantam.ch\/wp-content\/uploads\/2023\/02\/9917033-Frischwassser_Tankanzeige_FTA_5-Standard-01-1.jpg","datePublished":"2023-02-22T20:12:27+00:00","dateModified":"2026-04-19T18:57:15+00:00","breadcrumb":{"@id":"https:\/\/shop.bantam.ch\/de\/produkt\/frischwasser-tankanzeige-fta-5-12-v\/#breadcrumb"},"inLanguage":"de","potentialAction":[{"@type":"ReadAction","target":["https:\/\/shop.bantam.ch\/de\/produkt\/frischwasser-tankanzeige-fta-5-12-v\/"]}]},{"@type":"ImageObject","inLanguage":"de","@id":"https:\/\/shop.bantam.ch\/de\/produkt\/frischwasser-tankanzeige-fta-5-12-v\/#primaryimage","url":"https:\/\/shop.bantam.ch\/wp-content\/uploads\/2023\/02\/9917033-Frischwassser_Tankanzeige_FTA_5-Standard-01-1.jpg","contentUrl":"https:\/\/shop.bantam.ch\/wp-content\/uploads\/2023\/02\/9917033-Frischwassser_Tankanzeige_FTA_5-Standard-01-1.jpg","width":1000,"height":945},{"@type":"BreadcrumbList","@id":"https:\/\/shop.bantam.ch\/de\/produkt\/frischwasser-tankanzeige-fta-5-12-v\/#breadcrumb","itemListElement":[{"@type":"ListItem","position":1,"name":"Accueil","item":"https:\/\/shop.bantam.ch\/de\/"},{"@type":"ListItem","position":2,"name":"Shop","item":"https:\/\/shop.bantam.ch\/de\/shop\/"},{"@type":"ListItem","position":3,"name":"Frischwasser-Tankanzeige FTA 5"}]},{"@type":"WebSite","@id":"https:\/\/shop.bantam.ch\/de\/#website","url":"https:\/\/shop.bantam.ch\/de\/","name":"Bantam Camping AG","description":"","publisher":{"@id":"https:\/\/shop.bantam.ch\/de\/#organization"},"inLanguage":"de"},{"@type":"Organization","@id":"https:\/\/shop.bantam.ch\/de\/#organization","name":"Bantam Camping AG","url":"https:\/\/shop.bantam.ch\/de\/","logo":{"@type":"ImageObject","inLanguage":"de","@id":"https:\/\/shop.bantam.ch\/de\/#\/schema\/logo\/image\/","url":"https:\/\/shop.bantam.ch\/wp-content\/uploads\/2022\/12\/bantam-logo.png","contentUrl":"https:\/\/shop.bantam.ch\/wp-content\/uploads\/2022\/12\/bantam-logo.png","width":320,"height":71,"caption":"Bantam Camping AG"},"image":{"@id":"https:\/\/shop.bantam.ch\/de\/#\/schema\/logo\/image\/"}}]}},"_links":{"self":[{"href":"https:\/\/shop.bantam.ch\/de\/wp-json\/wp\/v2\/product\/40760","targetHints":{"allow":["GET"]}}],"collection":[{"href":"https:\/\/shop.bantam.ch\/de\/wp-json\/wp\/v2\/product"}],"about":[{"href":"https:\/\/shop.bantam.ch\/de\/wp-json\/wp\/v2\/types\/product"}],"wp:featuredmedia":[{"embeddable":true,"href":"https:\/\/shop.bantam.ch\/de\/wp-json\/wp\/v2\/media\/40756"}],"wp:attachment":[{"href":"https:\/\/shop.bantam.ch\/de\/wp-json\/wp\/v2\/media?parent=40760"}],"wp:term":[{"taxonomy":"product_featured_cat","embeddable":true,"href":"https:\/\/shop.bantam.ch\/de\/wp-json\/wp\/v2\/product_featured_cat?post=40760"},{"taxonomy":"product_brand","embeddable":true,"href":"https:\/\/shop.bantam.ch\/de\/wp-json\/wp\/v2\/product_brand?post=40760"},{"taxonomy":"product_cat","embeddable":true,"href":"https:\/\/shop.bantam.ch\/de\/wp-json\/wp\/v2\/product_cat?post=40760"},{"taxonomy":"product_tag","embeddable":true,"href":"https:\/\/shop.bantam.ch\/de\/wp-json\/wp\/v2\/product_tag?post=40760"}],"curies":[{"name":"wp","href":"https:\/\/api.w.org\/{rel}","templated":true}]}}