{"id":40754,"date":"2023-02-22T21:12:21","date_gmt":"2023-02-22T20:12:21","guid":{"rendered":"http:\/\/preprod-dev.sh1.hidora.com\/webshop\/produit\/einfuellkanne-10-l\/"},"modified":"2026-04-19T20:57:15","modified_gmt":"2026-04-19T18:57:15","slug":"einfuellkanne-10-l","status":"publish","type":"product","link":"https:\/\/shop.bantam.ch\/de\/produkt\/einfuellkanne-10-l\/","title":{"rendered":"Einf\u00fcllkanne 10 l , Farbe natur 49 x 35 x 19 cm"},"content":{"rendered":"<p>Diese Einf\u00fcllkanne wird Ihnen wegen Ihrer gerade gezogenen Auslauft\u00fclle das Bef\u00fcllen Ihres Frischwassertanks wesentlich erleichtern. Da beide Verschl\u00fcsse fest aufgeschraubt werden k\u00f6nnen, ist es m\u00f6glich eine bereits gef\u00fcllte Einf\u00fcllkanne als Wasserreservoir mitzunehmen. Praktisch in der Handhabung durch zwei Griffe die das ausgie\u00dfen erleichtern und mit Entl\u00fcftungskanal.<\/p>\n","protected":false},"excerpt":{"rendered":"<p>Diese Einf\u00fcllkanne wird Ihnen wegen Ihrer gerade gezogenen Auslauft\u00fclle das Bef\u00fcllen Ihres Frischwassertanks wesentlich erleichtern. Da beide Verschl\u00fcsse fest aufgeschraubt werden k\u00f6nnen, ist es m\u00f6glich eine bereits gef\u00fcllte Einf\u00fcllkanne als Wasserreservoir mitzunehmen. Praktisch in der Handhabung durch zwei Griffe die das ausgie\u00dfen erleichtern und mit Entl\u00fcftungskanal.<\/p>\n","protected":false},"featured_media":40752,"template":"","meta":{"_acf_changed":false},"product_featured_cat":[],"product_brand":[3111],"product_cat":[4116],"product_tag":[],"class_list":{"0":"post-40754","1":"product","2":"type-product","3":"status-publish","4":"has-post-thumbnail","6":"product_brand-comet-de","7":"product_cat-wasserkanister","9":"first","10":"instock","11":"taxable","12":"shipping-taxable","13":"purchasable","14":"product-type-simple"},"acf":[],"yoast_head":"<!-- This site is optimized with the Yoast SEO plugin v27.4 - https:\/\/yoast.com\/product\/yoast-seo-wordpress\/ -->\n<title>Einf\u00fcllkanne 10 l , Farbe natur 49 x 35 x 19 cm - Bantam Camping AG<\/title>\n<meta name=\"robots\" content=\"index, follow, max-snippet:-1, max-image-preview:large, max-video-preview:-1\" \/>\n<link rel=\"canonical\" href=\"https:\/\/shop.bantam.ch\/de\/produkt\/einfuellkanne-10-l\/\" \/>\n<meta property=\"og:locale\" content=\"de_DE\" \/>\n<meta property=\"og:type\" content=\"article\" \/>\n<meta property=\"og:title\" content=\"Einf\u00fcllkanne 10 l , Farbe natur 49 x 35 x 19 cm - Bantam Camping AG\" \/>\n<meta property=\"og:description\" content=\"Diese Einf\u00fcllkanne wird Ihnen wegen Ihrer gerade gezogenen Auslauft\u00fclle das Bef\u00fcllen Ihres Frischwassertanks wesentlich erleichtern. Da beide Verschl\u00fcsse fest aufgeschraubt werden k\u00f6nnen, ist es m\u00f6glich eine bereits gef\u00fcllte Einf\u00fcllkanne als Wasserreservoir mitzunehmen. Praktisch in der Handhabung durch zwei Griffe die das ausgie\u00dfen erleichtern und mit Entl\u00fcftungskanal.\" \/>\n<meta property=\"og:url\" content=\"https:\/\/shop.bantam.ch\/de\/produkt\/einfuellkanne-10-l\/\" \/>\n<meta property=\"og:site_name\" content=\"Bantam Camping AG\" \/>\n<meta property=\"article:modified_time\" content=\"2026-04-19T18:57:15+00:00\" \/>\n<meta property=\"og:image\" content=\"https:\/\/shop.bantam.ch\/wp-content\/uploads\/2023\/02\/9917029-Einfuellkanne_10l_Farbe_natur-Standard-01-1.jpg\" \/>\n\t<meta property=\"og:image:width\" content=\"1000\" \/>\n\t<meta property=\"og:image:height\" content=\"750\" \/>\n\t<meta property=\"og:image:type\" content=\"image\/jpeg\" \/>\n<meta name=\"twitter:card\" content=\"summary_large_image\" \/>\n<script type=\"application\/ld+json\" class=\"yoast-schema-graph\">{\"@context\":\"https:\\\/\\\/schema.org\",\"@graph\":[{\"@type\":\"WebPage\",\"@id\":\"https:\\\/\\\/shop.bantam.ch\\\/de\\\/produkt\\\/einfuellkanne-10-l\\\/\",\"url\":\"https:\\\/\\\/shop.bantam.ch\\\/de\\\/produkt\\\/einfuellkanne-10-l\\\/\",\"name\":\"Einf\u00fcllkanne 10 l , Farbe natur 49 x 35 x 19 cm - Bantam Camping AG\",\"isPartOf\":{\"@id\":\"https:\\\/\\\/shop.bantam.ch\\\/de\\\/#website\"},\"primaryImageOfPage\":{\"@id\":\"https:\\\/\\\/shop.bantam.ch\\\/de\\\/produkt\\\/einfuellkanne-10-l\\\/#primaryimage\"},\"image\":{\"@id\":\"https:\\\/\\\/shop.bantam.ch\\\/de\\\/produkt\\\/einfuellkanne-10-l\\\/#primaryimage\"},\"thumbnailUrl\":\"https:\\\/\\\/shop.bantam.ch\\\/wp-content\\\/uploads\\\/2023\\\/02\\\/9917029-Einfuellkanne_10l_Farbe_natur-Standard-01-1.jpg\",\"datePublished\":\"2023-02-22T20:12:21+00:00\",\"dateModified\":\"2026-04-19T18:57:15+00:00\",\"breadcrumb\":{\"@id\":\"https:\\\/\\\/shop.bantam.ch\\\/de\\\/produkt\\\/einfuellkanne-10-l\\\/#breadcrumb\"},\"inLanguage\":\"de\",\"potentialAction\":[{\"@type\":\"ReadAction\",\"target\":[\"https:\\\/\\\/shop.bantam.ch\\\/de\\\/produkt\\\/einfuellkanne-10-l\\\/\"]}]},{\"@type\":\"ImageObject\",\"inLanguage\":\"de\",\"@id\":\"https:\\\/\\\/shop.bantam.ch\\\/de\\\/produkt\\\/einfuellkanne-10-l\\\/#primaryimage\",\"url\":\"https:\\\/\\\/shop.bantam.ch\\\/wp-content\\\/uploads\\\/2023\\\/02\\\/9917029-Einfuellkanne_10l_Farbe_natur-Standard-01-1.jpg\",\"contentUrl\":\"https:\\\/\\\/shop.bantam.ch\\\/wp-content\\\/uploads\\\/2023\\\/02\\\/9917029-Einfuellkanne_10l_Farbe_natur-Standard-01-1.jpg\",\"width\":1000,\"height\":750},{\"@type\":\"BreadcrumbList\",\"@id\":\"https:\\\/\\\/shop.bantam.ch\\\/de\\\/produkt\\\/einfuellkanne-10-l\\\/#breadcrumb\",\"itemListElement\":[{\"@type\":\"ListItem\",\"position\":1,\"name\":\"Accueil\",\"item\":\"https:\\\/\\\/shop.bantam.ch\\\/de\\\/\"},{\"@type\":\"ListItem\",\"position\":2,\"name\":\"Shop\",\"item\":\"https:\\\/\\\/shop.bantam.ch\\\/de\\\/shop\\\/\"},{\"@type\":\"ListItem\",\"position\":3,\"name\":\"Einf\u00fcllkanne 10 l , Farbe natur 49 x 35 x 19 cm\"}]},{\"@type\":\"WebSite\",\"@id\":\"https:\\\/\\\/shop.bantam.ch\\\/de\\\/#website\",\"url\":\"https:\\\/\\\/shop.bantam.ch\\\/de\\\/\",\"name\":\"Bantam Camping AG\",\"description\":\"\",\"publisher\":{\"@id\":\"https:\\\/\\\/shop.bantam.ch\\\/de\\\/#organization\"},\"inLanguage\":\"de\"},{\"@type\":\"Organization\",\"@id\":\"https:\\\/\\\/shop.bantam.ch\\\/de\\\/#organization\",\"name\":\"Bantam Camping AG\",\"url\":\"https:\\\/\\\/shop.bantam.ch\\\/de\\\/\",\"logo\":{\"@type\":\"ImageObject\",\"inLanguage\":\"de\",\"@id\":\"https:\\\/\\\/shop.bantam.ch\\\/de\\\/#\\\/schema\\\/logo\\\/image\\\/\",\"url\":\"https:\\\/\\\/shop.bantam.ch\\\/wp-content\\\/uploads\\\/2022\\\/12\\\/bantam-logo.png\",\"contentUrl\":\"https:\\\/\\\/shop.bantam.ch\\\/wp-content\\\/uploads\\\/2022\\\/12\\\/bantam-logo.png\",\"width\":320,\"height\":71,\"caption\":\"Bantam Camping AG\"},\"image\":{\"@id\":\"https:\\\/\\\/shop.bantam.ch\\\/de\\\/#\\\/schema\\\/logo\\\/image\\\/\"}}]}<\/script>\n<!-- \/ Yoast SEO plugin. -->","yoast_head_json":{"title":"Einf\u00fcllkanne 10 l , Farbe natur 49 x 35 x 19 cm - Bantam Camping AG","robots":{"index":"index","follow":"follow","max-snippet":"max-snippet:-1","max-image-preview":"max-image-preview:large","max-video-preview":"max-video-preview:-1"},"canonical":"https:\/\/shop.bantam.ch\/de\/produkt\/einfuellkanne-10-l\/","og_locale":"de_DE","og_type":"article","og_title":"Einf\u00fcllkanne 10 l , Farbe natur 49 x 35 x 19 cm - Bantam Camping AG","og_description":"Diese Einf\u00fcllkanne wird Ihnen wegen Ihrer gerade gezogenen Auslauft\u00fclle das Bef\u00fcllen Ihres Frischwassertanks wesentlich erleichtern. Da beide Verschl\u00fcsse fest aufgeschraubt werden k\u00f6nnen, ist es m\u00f6glich eine bereits gef\u00fcllte Einf\u00fcllkanne als Wasserreservoir mitzunehmen. Praktisch in der Handhabung durch zwei Griffe die das ausgie\u00dfen erleichtern und mit Entl\u00fcftungskanal.","og_url":"https:\/\/shop.bantam.ch\/de\/produkt\/einfuellkanne-10-l\/","og_site_name":"Bantam Camping AG","article_modified_time":"2026-04-19T18:57:15+00:00","og_image":[{"width":1000,"height":750,"url":"https:\/\/shop.bantam.ch\/wp-content\/uploads\/2023\/02\/9917029-Einfuellkanne_10l_Farbe_natur-Standard-01-1.jpg","type":"image\/jpeg"}],"twitter_card":"summary_large_image","schema":{"@context":"https:\/\/schema.org","@graph":[{"@type":"WebPage","@id":"https:\/\/shop.bantam.ch\/de\/produkt\/einfuellkanne-10-l\/","url":"https:\/\/shop.bantam.ch\/de\/produkt\/einfuellkanne-10-l\/","name":"Einf\u00fcllkanne 10 l , Farbe natur 49 x 35 x 19 cm - Bantam Camping AG","isPartOf":{"@id":"https:\/\/shop.bantam.ch\/de\/#website"},"primaryImageOfPage":{"@id":"https:\/\/shop.bantam.ch\/de\/produkt\/einfuellkanne-10-l\/#primaryimage"},"image":{"@id":"https:\/\/shop.bantam.ch\/de\/produkt\/einfuellkanne-10-l\/#primaryimage"},"thumbnailUrl":"https:\/\/shop.bantam.ch\/wp-content\/uploads\/2023\/02\/9917029-Einfuellkanne_10l_Farbe_natur-Standard-01-1.jpg","datePublished":"2023-02-22T20:12:21+00:00","dateModified":"2026-04-19T18:57:15+00:00","breadcrumb":{"@id":"https:\/\/shop.bantam.ch\/de\/produkt\/einfuellkanne-10-l\/#breadcrumb"},"inLanguage":"de","potentialAction":[{"@type":"ReadAction","target":["https:\/\/shop.bantam.ch\/de\/produkt\/einfuellkanne-10-l\/"]}]},{"@type":"ImageObject","inLanguage":"de","@id":"https:\/\/shop.bantam.ch\/de\/produkt\/einfuellkanne-10-l\/#primaryimage","url":"https:\/\/shop.bantam.ch\/wp-content\/uploads\/2023\/02\/9917029-Einfuellkanne_10l_Farbe_natur-Standard-01-1.jpg","contentUrl":"https:\/\/shop.bantam.ch\/wp-content\/uploads\/2023\/02\/9917029-Einfuellkanne_10l_Farbe_natur-Standard-01-1.jpg","width":1000,"height":750},{"@type":"BreadcrumbList","@id":"https:\/\/shop.bantam.ch\/de\/produkt\/einfuellkanne-10-l\/#breadcrumb","itemListElement":[{"@type":"ListItem","position":1,"name":"Accueil","item":"https:\/\/shop.bantam.ch\/de\/"},{"@type":"ListItem","position":2,"name":"Shop","item":"https:\/\/shop.bantam.ch\/de\/shop\/"},{"@type":"ListItem","position":3,"name":"Einf\u00fcllkanne 10 l , Farbe natur 49 x 35 x 19 cm"}]},{"@type":"WebSite","@id":"https:\/\/shop.bantam.ch\/de\/#website","url":"https:\/\/shop.bantam.ch\/de\/","name":"Bantam Camping AG","description":"","publisher":{"@id":"https:\/\/shop.bantam.ch\/de\/#organization"},"inLanguage":"de"},{"@type":"Organization","@id":"https:\/\/shop.bantam.ch\/de\/#organization","name":"Bantam Camping AG","url":"https:\/\/shop.bantam.ch\/de\/","logo":{"@type":"ImageObject","inLanguage":"de","@id":"https:\/\/shop.bantam.ch\/de\/#\/schema\/logo\/image\/","url":"https:\/\/shop.bantam.ch\/wp-content\/uploads\/2022\/12\/bantam-logo.png","contentUrl":"https:\/\/shop.bantam.ch\/wp-content\/uploads\/2022\/12\/bantam-logo.png","width":320,"height":71,"caption":"Bantam Camping AG"},"image":{"@id":"https:\/\/shop.bantam.ch\/de\/#\/schema\/logo\/image\/"}}]}},"_links":{"self":[{"href":"https:\/\/shop.bantam.ch\/de\/wp-json\/wp\/v2\/product\/40754","targetHints":{"allow":["GET"]}}],"collection":[{"href":"https:\/\/shop.bantam.ch\/de\/wp-json\/wp\/v2\/product"}],"about":[{"href":"https:\/\/shop.bantam.ch\/de\/wp-json\/wp\/v2\/types\/product"}],"wp:featuredmedia":[{"embeddable":true,"href":"https:\/\/shop.bantam.ch\/de\/wp-json\/wp\/v2\/media\/40752"}],"wp:attachment":[{"href":"https:\/\/shop.bantam.ch\/de\/wp-json\/wp\/v2\/media?parent=40754"}],"wp:term":[{"taxonomy":"product_featured_cat","embeddable":true,"href":"https:\/\/shop.bantam.ch\/de\/wp-json\/wp\/v2\/product_featured_cat?post=40754"},{"taxonomy":"product_brand","embeddable":true,"href":"https:\/\/shop.bantam.ch\/de\/wp-json\/wp\/v2\/product_brand?post=40754"},{"taxonomy":"product_cat","embeddable":true,"href":"https:\/\/shop.bantam.ch\/de\/wp-json\/wp\/v2\/product_cat?post=40754"},{"taxonomy":"product_tag","embeddable":true,"href":"https:\/\/shop.bantam.ch\/de\/wp-json\/wp\/v2\/product_tag?post=40754"}],"curies":[{"name":"wp","href":"https:\/\/api.w.org\/{rel}","templated":true}]}}