{"id":40750,"date":"2023-02-22T21:12:16","date_gmt":"2023-02-22T20:12:16","guid":{"rendered":"http:\/\/preprod-dev.sh1.hidora.com\/webshop\/produit\/druckwasserpumpe-smart-serie\/"},"modified":"2026-04-20T20:56:21","modified_gmt":"2026-04-20T18:56:21","slug":"druckwasserpumpe-smart-serie","status":"publish","type":"product","link":"https:\/\/shop.bantam.ch\/de\/produkt\/druckwasserpumpe-smart-serie\/","title":{"rendered":"Sensormembranpumpe LILIE Smart Serie 14.0 \/ 4.5 bar"},"content":{"rendered":"<p>Sensorpumpe mit 5-Kammer-Membran mit hoher Leistung und variabler F\u00f6rderleistung. Die Sensorpumpe f\u00f6rdert je nach Bedarf von 0 &#8211; 14 l \/ min bei einem variablen spritzfreien Druck von 0 &#8211; 4,5 bar. Der integrierte elektrische Drucksensor ersetzt den Druckschalter und damit verbundenes zyklisches Schalten sowie Temperaturschwankungen. Die Membran ist aus einem St\u00fcck gefertigt und hat eine sehr hohe Druckbest\u00e4ndigkeit mit integrierter R\u00fcckflusssicherung. Die Sensor-Druckmembranpumpe erm\u00f6glicht Ihnen unterwegs eine komfortable Frischwasserversorgung wie zu Hause.<\/p>\n","protected":false},"excerpt":{"rendered":"<p>Sensorpumpe mit 5-Kammer-Membran mit hoher Leistung und variabler F\u00f6rderleistung. Die Sensorpumpe f\u00f6rdert je nach Bedarf von 0 &#8211; 14 l \/ min bei einem variablen spritzfreien Druck von 0 &#8211; 4,5 bar. Der integrierte elektrische Drucksensor ersetzt den Druckschalter und damit verbundenes zyklisches Schalten sowie Temperaturschwankungen. Die Membran ist aus einem St\u00fcck gefertigt und hat [&hellip;]<\/p>\n","protected":false},"featured_media":40748,"template":"","meta":{"_acf_changed":false},"product_featured_cat":[],"product_brand":[3109],"product_cat":[4630],"product_tag":[],"class_list":{"0":"post-40750","1":"product","2":"type-product","3":"status-publish","4":"has-post-thumbnail","6":"product_brand-lilie-de","7":"product_cat-druckwasserpumpen","9":"first","10":"instock","11":"taxable","12":"shipping-taxable","13":"purchasable","14":"product-type-simple"},"acf":[],"yoast_head":"<!-- This site is optimized with the Yoast SEO plugin v27.4 - https:\/\/yoast.com\/product\/yoast-seo-wordpress\/ -->\n<title>Sensormembranpumpe LILIE Smart Serie 14.0 \/ 4.5 bar - Bantam Camping AG<\/title>\n<meta name=\"robots\" content=\"index, follow, max-snippet:-1, max-image-preview:large, max-video-preview:-1\" \/>\n<link rel=\"canonical\" href=\"https:\/\/shop.bantam.ch\/de\/produkt\/druckwasserpumpe-smart-serie\/\" \/>\n<meta property=\"og:locale\" content=\"de_DE\" \/>\n<meta property=\"og:type\" content=\"article\" \/>\n<meta property=\"og:title\" content=\"Sensormembranpumpe LILIE Smart Serie 14.0 \/ 4.5 bar - Bantam Camping AG\" \/>\n<meta property=\"og:description\" content=\"Sensorpumpe mit 5-Kammer-Membran mit hoher Leistung und variabler F\u00f6rderleistung. Die Sensorpumpe f\u00f6rdert je nach Bedarf von 0 &#8211; 14 l \/ min bei einem variablen spritzfreien Druck von 0 &#8211; 4,5 bar. Der integrierte elektrische Drucksensor ersetzt den Druckschalter und damit verbundenes zyklisches Schalten sowie Temperaturschwankungen. Die Membran ist aus einem St\u00fcck gefertigt und hat [&hellip;]\" \/>\n<meta property=\"og:url\" content=\"https:\/\/shop.bantam.ch\/de\/produkt\/druckwasserpumpe-smart-serie\/\" \/>\n<meta property=\"og:site_name\" content=\"Bantam Camping AG\" \/>\n<meta property=\"article:modified_time\" content=\"2026-04-20T18:56:21+00:00\" \/>\n<meta property=\"og:image\" content=\"https:\/\/shop.bantam.ch\/wp-content\/uploads\/2023\/02\/9912797-100-1-3-1-scaled.jpg\" \/>\n\t<meta property=\"og:image:width\" content=\"2620\" \/>\n\t<meta property=\"og:image:height\" content=\"1803\" \/>\n\t<meta property=\"og:image:type\" content=\"image\/jpeg\" \/>\n<meta name=\"twitter:card\" content=\"summary_large_image\" \/>\n<script type=\"application\/ld+json\" class=\"yoast-schema-graph\">{\"@context\":\"https:\\\/\\\/schema.org\",\"@graph\":[{\"@type\":\"WebPage\",\"@id\":\"https:\\\/\\\/shop.bantam.ch\\\/de\\\/produkt\\\/druckwasserpumpe-smart-serie\\\/\",\"url\":\"https:\\\/\\\/shop.bantam.ch\\\/de\\\/produkt\\\/druckwasserpumpe-smart-serie\\\/\",\"name\":\"Sensormembranpumpe LILIE Smart Serie 14.0 \\\/ 4.5 bar - Bantam Camping AG\",\"isPartOf\":{\"@id\":\"https:\\\/\\\/shop.bantam.ch\\\/de\\\/#website\"},\"primaryImageOfPage\":{\"@id\":\"https:\\\/\\\/shop.bantam.ch\\\/de\\\/produkt\\\/druckwasserpumpe-smart-serie\\\/#primaryimage\"},\"image\":{\"@id\":\"https:\\\/\\\/shop.bantam.ch\\\/de\\\/produkt\\\/druckwasserpumpe-smart-serie\\\/#primaryimage\"},\"thumbnailUrl\":\"https:\\\/\\\/shop.bantam.ch\\\/wp-content\\\/uploads\\\/2023\\\/02\\\/9912797-100-1-3-1-scaled.jpg\",\"datePublished\":\"2023-02-22T20:12:16+00:00\",\"dateModified\":\"2026-04-20T18:56:21+00:00\",\"breadcrumb\":{\"@id\":\"https:\\\/\\\/shop.bantam.ch\\\/de\\\/produkt\\\/druckwasserpumpe-smart-serie\\\/#breadcrumb\"},\"inLanguage\":\"de\",\"potentialAction\":[{\"@type\":\"ReadAction\",\"target\":[\"https:\\\/\\\/shop.bantam.ch\\\/de\\\/produkt\\\/druckwasserpumpe-smart-serie\\\/\"]}]},{\"@type\":\"ImageObject\",\"inLanguage\":\"de\",\"@id\":\"https:\\\/\\\/shop.bantam.ch\\\/de\\\/produkt\\\/druckwasserpumpe-smart-serie\\\/#primaryimage\",\"url\":\"https:\\\/\\\/shop.bantam.ch\\\/wp-content\\\/uploads\\\/2023\\\/02\\\/9912797-100-1-3-1-scaled.jpg\",\"contentUrl\":\"https:\\\/\\\/shop.bantam.ch\\\/wp-content\\\/uploads\\\/2023\\\/02\\\/9912797-100-1-3-1-scaled.jpg\",\"width\":2048,\"height\":1409},{\"@type\":\"BreadcrumbList\",\"@id\":\"https:\\\/\\\/shop.bantam.ch\\\/de\\\/produkt\\\/druckwasserpumpe-smart-serie\\\/#breadcrumb\",\"itemListElement\":[{\"@type\":\"ListItem\",\"position\":1,\"name\":\"Accueil\",\"item\":\"https:\\\/\\\/shop.bantam.ch\\\/de\\\/\"},{\"@type\":\"ListItem\",\"position\":2,\"name\":\"Shop\",\"item\":\"https:\\\/\\\/shop.bantam.ch\\\/de\\\/shop\\\/\"},{\"@type\":\"ListItem\",\"position\":3,\"name\":\"Sensormembranpumpe LILIE Smart Serie 14.0 \\\/ 4.5 bar\"}]},{\"@type\":\"WebSite\",\"@id\":\"https:\\\/\\\/shop.bantam.ch\\\/de\\\/#website\",\"url\":\"https:\\\/\\\/shop.bantam.ch\\\/de\\\/\",\"name\":\"Bantam Camping AG\",\"description\":\"\",\"publisher\":{\"@id\":\"https:\\\/\\\/shop.bantam.ch\\\/de\\\/#organization\"},\"inLanguage\":\"de\"},{\"@type\":\"Organization\",\"@id\":\"https:\\\/\\\/shop.bantam.ch\\\/de\\\/#organization\",\"name\":\"Bantam Camping AG\",\"url\":\"https:\\\/\\\/shop.bantam.ch\\\/de\\\/\",\"logo\":{\"@type\":\"ImageObject\",\"inLanguage\":\"de\",\"@id\":\"https:\\\/\\\/shop.bantam.ch\\\/de\\\/#\\\/schema\\\/logo\\\/image\\\/\",\"url\":\"https:\\\/\\\/shop.bantam.ch\\\/wp-content\\\/uploads\\\/2022\\\/12\\\/bantam-logo.png\",\"contentUrl\":\"https:\\\/\\\/shop.bantam.ch\\\/wp-content\\\/uploads\\\/2022\\\/12\\\/bantam-logo.png\",\"width\":320,\"height\":71,\"caption\":\"Bantam Camping AG\"},\"image\":{\"@id\":\"https:\\\/\\\/shop.bantam.ch\\\/de\\\/#\\\/schema\\\/logo\\\/image\\\/\"}}]}<\/script>\n<!-- \/ Yoast SEO plugin. -->","yoast_head_json":{"title":"Sensormembranpumpe LILIE Smart Serie 14.0 \/ 4.5 bar - Bantam Camping AG","robots":{"index":"index","follow":"follow","max-snippet":"max-snippet:-1","max-image-preview":"max-image-preview:large","max-video-preview":"max-video-preview:-1"},"canonical":"https:\/\/shop.bantam.ch\/de\/produkt\/druckwasserpumpe-smart-serie\/","og_locale":"de_DE","og_type":"article","og_title":"Sensormembranpumpe LILIE Smart Serie 14.0 \/ 4.5 bar - Bantam Camping AG","og_description":"Sensorpumpe mit 5-Kammer-Membran mit hoher Leistung und variabler F\u00f6rderleistung. Die Sensorpumpe f\u00f6rdert je nach Bedarf von 0 &#8211; 14 l \/ min bei einem variablen spritzfreien Druck von 0 &#8211; 4,5 bar. Der integrierte elektrische Drucksensor ersetzt den Druckschalter und damit verbundenes zyklisches Schalten sowie Temperaturschwankungen. Die Membran ist aus einem St\u00fcck gefertigt und hat [&hellip;]","og_url":"https:\/\/shop.bantam.ch\/de\/produkt\/druckwasserpumpe-smart-serie\/","og_site_name":"Bantam Camping AG","article_modified_time":"2026-04-20T18:56:21+00:00","og_image":[{"width":2620,"height":1803,"url":"https:\/\/shop.bantam.ch\/wp-content\/uploads\/2023\/02\/9912797-100-1-3-1-scaled.jpg","type":"image\/jpeg"}],"twitter_card":"summary_large_image","schema":{"@context":"https:\/\/schema.org","@graph":[{"@type":"WebPage","@id":"https:\/\/shop.bantam.ch\/de\/produkt\/druckwasserpumpe-smart-serie\/","url":"https:\/\/shop.bantam.ch\/de\/produkt\/druckwasserpumpe-smart-serie\/","name":"Sensormembranpumpe LILIE Smart Serie 14.0 \/ 4.5 bar - Bantam Camping AG","isPartOf":{"@id":"https:\/\/shop.bantam.ch\/de\/#website"},"primaryImageOfPage":{"@id":"https:\/\/shop.bantam.ch\/de\/produkt\/druckwasserpumpe-smart-serie\/#primaryimage"},"image":{"@id":"https:\/\/shop.bantam.ch\/de\/produkt\/druckwasserpumpe-smart-serie\/#primaryimage"},"thumbnailUrl":"https:\/\/shop.bantam.ch\/wp-content\/uploads\/2023\/02\/9912797-100-1-3-1-scaled.jpg","datePublished":"2023-02-22T20:12:16+00:00","dateModified":"2026-04-20T18:56:21+00:00","breadcrumb":{"@id":"https:\/\/shop.bantam.ch\/de\/produkt\/druckwasserpumpe-smart-serie\/#breadcrumb"},"inLanguage":"de","potentialAction":[{"@type":"ReadAction","target":["https:\/\/shop.bantam.ch\/de\/produkt\/druckwasserpumpe-smart-serie\/"]}]},{"@type":"ImageObject","inLanguage":"de","@id":"https:\/\/shop.bantam.ch\/de\/produkt\/druckwasserpumpe-smart-serie\/#primaryimage","url":"https:\/\/shop.bantam.ch\/wp-content\/uploads\/2023\/02\/9912797-100-1-3-1-scaled.jpg","contentUrl":"https:\/\/shop.bantam.ch\/wp-content\/uploads\/2023\/02\/9912797-100-1-3-1-scaled.jpg","width":2048,"height":1409},{"@type":"BreadcrumbList","@id":"https:\/\/shop.bantam.ch\/de\/produkt\/druckwasserpumpe-smart-serie\/#breadcrumb","itemListElement":[{"@type":"ListItem","position":1,"name":"Accueil","item":"https:\/\/shop.bantam.ch\/de\/"},{"@type":"ListItem","position":2,"name":"Shop","item":"https:\/\/shop.bantam.ch\/de\/shop\/"},{"@type":"ListItem","position":3,"name":"Sensormembranpumpe LILIE Smart Serie 14.0 \/ 4.5 bar"}]},{"@type":"WebSite","@id":"https:\/\/shop.bantam.ch\/de\/#website","url":"https:\/\/shop.bantam.ch\/de\/","name":"Bantam Camping AG","description":"","publisher":{"@id":"https:\/\/shop.bantam.ch\/de\/#organization"},"inLanguage":"de"},{"@type":"Organization","@id":"https:\/\/shop.bantam.ch\/de\/#organization","name":"Bantam Camping AG","url":"https:\/\/shop.bantam.ch\/de\/","logo":{"@type":"ImageObject","inLanguage":"de","@id":"https:\/\/shop.bantam.ch\/de\/#\/schema\/logo\/image\/","url":"https:\/\/shop.bantam.ch\/wp-content\/uploads\/2022\/12\/bantam-logo.png","contentUrl":"https:\/\/shop.bantam.ch\/wp-content\/uploads\/2022\/12\/bantam-logo.png","width":320,"height":71,"caption":"Bantam Camping AG"},"image":{"@id":"https:\/\/shop.bantam.ch\/de\/#\/schema\/logo\/image\/"}}]}},"_links":{"self":[{"href":"https:\/\/shop.bantam.ch\/de\/wp-json\/wp\/v2\/product\/40750","targetHints":{"allow":["GET"]}}],"collection":[{"href":"https:\/\/shop.bantam.ch\/de\/wp-json\/wp\/v2\/product"}],"about":[{"href":"https:\/\/shop.bantam.ch\/de\/wp-json\/wp\/v2\/types\/product"}],"wp:featuredmedia":[{"embeddable":true,"href":"https:\/\/shop.bantam.ch\/de\/wp-json\/wp\/v2\/media\/40748"}],"wp:attachment":[{"href":"https:\/\/shop.bantam.ch\/de\/wp-json\/wp\/v2\/media?parent=40750"}],"wp:term":[{"taxonomy":"product_featured_cat","embeddable":true,"href":"https:\/\/shop.bantam.ch\/de\/wp-json\/wp\/v2\/product_featured_cat?post=40750"},{"taxonomy":"product_brand","embeddable":true,"href":"https:\/\/shop.bantam.ch\/de\/wp-json\/wp\/v2\/product_brand?post=40750"},{"taxonomy":"product_cat","embeddable":true,"href":"https:\/\/shop.bantam.ch\/de\/wp-json\/wp\/v2\/product_cat?post=40750"},{"taxonomy":"product_tag","embeddable":true,"href":"https:\/\/shop.bantam.ch\/de\/wp-json\/wp\/v2\/product_tag?post=40750"}],"curies":[{"name":"wp","href":"https:\/\/api.w.org\/{rel}","templated":true}]}}